{"id":247312,"date":"2026-03-14T23:21:40","date_gmt":"2026-03-14T22:21:40","guid":{"rendered":"https:\/\/schweizversand.ch\/produkt\/rasehorn-lametta-munition-fuer-konfettipistole-4-patronen-a-6-schuss\/"},"modified":"2026-04-19T02:05:21","modified_gmt":"2026-04-19T00:05:21","slug":"rasehorn-lametta-munition-fuer-konfettipistole-4-patronen-a-6-schuss","status":"publish","type":"product","link":"https:\/\/schweizversand.ch\/fr\/produkt\/rasehorn-lametta-munition-fuer-konfettipistole-4-patronen-a-6-schuss\/","title":{"rendered":"Munitions Rasehorn pour canon \u00e0 confettis, 4 cartouches de 6 coups chacune"},"content":{"rendered":"<div>&nbsp;<\/div>\n<h1><strong>Recharges de confettis pour pistolet \u00e0 confettis (Lot de 4)<\/strong><\/h1>\n<div>Pr\u00e9parez-vous \u00e0 une explosion de joie\u00a0! Ces recharges de confettis de haute qualit\u00e9 sont l&rsquo;accessoire indispensable pour une f\u00eate r\u00e9ussie\u00a0: carnaval, Nouvel An, anniversaires ou toute autre c\u00e9l\u00e9bration festive. Cr\u00e9ez un moment inoubliable sous une pluie de confettis scintillants.<\/p>\n<\/div>\n<div><strong>Parfait pour toutes les occasions<\/strong><br \/>Avec ce lot de recharges de confettis, transformez n&rsquo;importe quel \u00e9v\u00e9nement en un spectacle inoubliable. Que ce soit pour le Carnaval, le Nouvel An ou votre prochaine soir\u00e9e \u00e0 th\u00e8me, leur facilit\u00e9 d&rsquo;utilisation et leur effet impressionnant feront de ces recharges de confettis un succ\u00e8s garanti. C&rsquo;est le summum du divertissement pour vos f\u00eates et carnavals\u00a0!<\/p>\n<\/div>\n<div><strong>D\u00e9tails du produit et contenu de la livraison<\/strong><br \/>Ce pack contient tout le n\u00e9cessaire pour recharger imm\u00e9diatement votre canon \u00e0 confettis. Les <strong>cartouches de confettis<\/strong> sont sp\u00e9cialement con\u00e7ues pour les canons \u00e0 confettis standard et garantissent un fonctionnement fiable.<br \/>&#8211; Quantit\u00e9\u00a0: 4 pi\u00e8ces<br \/>&#8211; Capacit\u00e9 par cartouche\u00a0: 6 tirs<br \/>&#8211; Type\u00a0: Munitions pour guirlandes\/confettis<br \/>&#8211; Remarque\u00a0: Il s&rsquo;agit d&rsquo;un <strong>pack de recharge uniquement, canon non inclus<\/br><\/strong><\/div>\n<div><strong>Facile \u00e0 utiliser<\/strong><br \/>Recharger votre canon est incroyablement simple et rapide, pour que la f\u00eate ne soit pas interrompue longtemps. Procurez-vous d\u00e8s maintenant vos <strong>munitions pour la d\u00e9coration du Nouvel An<\/strong> et cr\u00e9ez un effet scintillant qui ravira vos invit\u00e9s.<\/p>\n<\/div>\n<div><\/div>\n","protected":false},"excerpt":{"rendered":"<p>&nbsp; Recharges de confettis pour pistolet \u00e0 confettis (Lot de 4) Pr\u00e9parez-vous \u00e0 une explosion de joie\u00a0! Ces recharges de confettis de haute qualit\u00e9 sont l&rsquo;accessoire indispensable pour une f\u00eate r\u00e9ussie\u00a0: carnaval, Nouvel An, anniversaires ou toute autre c\u00e9l\u00e9bration festive. Cr\u00e9ez un moment inoubliable sous une pluie de confettis scintillants. Parfait pour toutes les occasionsAvec ce lot de recharges de confettis, transformez n&rsquo;importe quel \u00e9v\u00e9nement en un spectacle inoubliable. Que ce soit pour le Carnaval,&hellip;<\/p>\n","protected":false},"featured_media":257402,"comment_status":"open","ping_status":"closed","template":"","meta":[],"product_brand":[],"product_cat":[38116],"product_tag":[],"class_list":{"0":"post-247312","1":"product","2":"type-product","3":"status-publish","4":"has-post-thumbnail","6":"product_cat-diverses","7":"product_shipping_class-global_methods","9":"first","10":"instock","11":"taxable","12":"shipping-taxable","13":"purchasable","14":"product-type-simple"},"yoast_head":"<!-- This site is optimized with the Yoast SEO plugin v27.4 - https:\/\/yoast.com\/product\/yoast-seo-wordpress\/ -->\n<title>Rasehorn Lametta-Munition f\u00fcr Konfettipistole 4 Patronen \u00e0 6 Schuss | Jetzt kaufen | Schweizversand.ch<\/title>\n<meta name=\"description\" content=\"Rasehorn Lametta-Munition f\u00fcr Konfettipistole 4 Patronen \u00e0 6 Schuss g\u00fcnstig kaufen bei Schweizversand.ch. Schnelle Lieferung in der Schweiz. Gratisversand ab CHF 50.\" \/>\n<meta name=\"robots\" content=\"index, follow, max-snippet:-1, max-image-preview:large, max-video-preview:-1\" \/>\n<link rel=\"canonical\" href=\"https:\/\/schweizversand.ch\/fr\/produkt\/rasehorn-lametta-munition-fuer-konfettipistole-4-patronen-a-6-schuss\/\" \/>\n<meta property=\"og:locale\" content=\"fr_FR\" \/>\n<meta property=\"og:type\" content=\"article\" \/>\n<meta property=\"og:title\" content=\"Rasehorn Lametta-Munition f\u00fcr Konfettipistole 4 Patronen \u00e0 6 Schuss | Jetzt kaufen | Schweizversand.ch\" \/>\n<meta property=\"og:description\" content=\"Rasehorn Lametta-Munition f\u00fcr Konfettipistole 4 Patronen \u00e0 6 Schuss g\u00fcnstig kaufen bei Schweizversand.ch. Schnelle Lieferung in der Schweiz. Gratisversand ab CHF 50.\" \/>\n<meta property=\"og:url\" content=\"https:\/\/schweizversand.ch\/fr\/produkt\/rasehorn-lametta-munition-fuer-konfettipistole-4-patronen-a-6-schuss\/\" \/>\n<meta property=\"og:site_name\" content=\"Schweizer Shop f\u00fcr Sport, Spiel und Freizeit\" \/>\n<meta property=\"article:publisher\" content=\"https:\/\/www.facebook.com\/Schweizversand\" \/>\n<meta property=\"article:modified_time\" content=\"2026-04-19T00:05:21+00:00\" \/>\n<meta property=\"og:image\" content=\"https:\/\/schweizversand.ch\/wp-content\/uploads\/2026\/02\/5471887489.jpg\" \/>\n\t<meta property=\"og:image:width\" content=\"1024\" \/>\n\t<meta property=\"og:image:height\" content=\"919\" \/>\n\t<meta property=\"og:image:type\" content=\"image\/jpeg\" \/>\n<meta name=\"twitter:card\" content=\"summary_large_image\" \/>\n<meta name=\"twitter:label1\" content=\"Dur\u00e9e de lecture estim\u00e9e\" \/>\n\t<meta name=\"twitter:data1\" content=\"1 minute\" \/>\n<script type=\"application\/ld+json\" class=\"yoast-schema-graph\">{\"@context\":\"https:\\\/\\\/schema.org\",\"@graph\":[{\"@type\":\"WebPage\",\"@id\":\"https:\\\/\\\/schweizversand.ch\\\/fr\\\/produkt\\\/rasehorn-lametta-munition-fuer-konfettipistole-4-patronen-a-6-schuss\\\/\",\"url\":\"https:\\\/\\\/schweizversand.ch\\\/fr\\\/produkt\\\/rasehorn-lametta-munition-fuer-konfettipistole-4-patronen-a-6-schuss\\\/\",\"name\":\"Rasehorn Lametta-Munition f\u00fcr Konfettipistole 4 Patronen \u00e0 6 Schuss | Jetzt kaufen | Schweizversand.ch\",\"isPartOf\":{\"@id\":\"https:\\\/\\\/schweizversand.ch\\\/fr\\\/#website\"},\"primaryImageOfPage\":{\"@id\":\"https:\\\/\\\/schweizversand.ch\\\/fr\\\/produkt\\\/rasehorn-lametta-munition-fuer-konfettipistole-4-patronen-a-6-schuss\\\/#primaryimage\"},\"image\":{\"@id\":\"https:\\\/\\\/schweizversand.ch\\\/fr\\\/produkt\\\/rasehorn-lametta-munition-fuer-konfettipistole-4-patronen-a-6-schuss\\\/#primaryimage\"},\"thumbnailUrl\":\"https:\\\/\\\/schweizversand.ch\\\/wp-content\\\/uploads\\\/2026\\\/02\\\/5471887489.jpg\",\"datePublished\":\"2026-03-14T22:21:40+00:00\",\"dateModified\":\"2026-04-19T00:05:21+00:00\",\"description\":\"Rasehorn Lametta-Munition f\u00fcr Konfettipistole 4 Patronen \u00e0 6 Schuss g\u00fcnstig kaufen bei Schweizversand.ch. Schnelle Lieferung in der Schweiz. Gratisversand ab CHF 50.\",\"breadcrumb\":{\"@id\":\"https:\\\/\\\/schweizversand.ch\\\/fr\\\/produkt\\\/rasehorn-lametta-munition-fuer-konfettipistole-4-patronen-a-6-schuss\\\/#breadcrumb\"},\"inLanguage\":\"fr-FR\",\"potentialAction\":[{\"@type\":\"ReadAction\",\"target\":[\"https:\\\/\\\/schweizversand.ch\\\/fr\\\/produkt\\\/rasehorn-lametta-munition-fuer-konfettipistole-4-patronen-a-6-schuss\\\/\"]}]},{\"@type\":\"ImageObject\",\"inLanguage\":\"fr-FR\",\"@id\":\"https:\\\/\\\/schweizversand.ch\\\/fr\\\/produkt\\\/rasehorn-lametta-munition-fuer-konfettipistole-4-patronen-a-6-schuss\\\/#primaryimage\",\"url\":\"https:\\\/\\\/schweizversand.ch\\\/wp-content\\\/uploads\\\/2026\\\/02\\\/5471887489.jpg\",\"contentUrl\":\"https:\\\/\\\/schweizversand.ch\\\/wp-content\\\/uploads\\\/2026\\\/02\\\/5471887489.jpg\",\"width\":1024,\"height\":919},{\"@type\":\"BreadcrumbList\",\"@id\":\"https:\\\/\\\/schweizversand.ch\\\/fr\\\/produkt\\\/rasehorn-lametta-munition-fuer-konfettipistole-4-patronen-a-6-schuss\\\/#breadcrumb\",\"itemListElement\":[{\"@type\":\"ListItem\",\"position\":1,\"name\":\"Startseite\",\"item\":\"https:\\\/\\\/schweizversand.ch\\\/fr\\\/home\\\/\"},{\"@type\":\"ListItem\",\"position\":2,\"name\":\"Boutique\",\"item\":\"https:\\\/\\\/schweizversand.ch\\\/fr\\\/boutique\\\/\"},{\"@type\":\"ListItem\",\"position\":3,\"name\":\"Jouets et jeux\",\"item\":\"https:\\\/\\\/schweizversand.ch\\\/fr\\\/produkt-kategorie\\\/jouets-et-jeux\\\/\"},{\"@type\":\"ListItem\",\"position\":4,\"name\":\"F\u00eates et divertissements\",\"item\":\"https:\\\/\\\/schweizversand.ch\\\/fr\\\/produkt-kategorie\\\/jouets-et-jeux\\\/fetes-et-divertissements\\\/\"},{\"@type\":\"ListItem\",\"position\":5,\"name\":\"Divers\",\"item\":\"https:\\\/\\\/schweizversand.ch\\\/fr\\\/produkt-kategorie\\\/jouets-et-jeux\\\/fetes-et-divertissements\\\/diverses\\\/\"},{\"@type\":\"ListItem\",\"position\":6,\"name\":\"Munitions Rasehorn pour canon \u00e0 confettis, 4 cartouches de 6 coups chacune\"}]},{\"@type\":\"WebSite\",\"@id\":\"https:\\\/\\\/schweizversand.ch\\\/fr\\\/#website\",\"url\":\"https:\\\/\\\/schweizversand.ch\\\/fr\\\/\",\"name\":\"Schweizer Shop f\u00fcr Sport, Spiel und Freizeit\",\"description\":\"Gratisversand ab 50.- (netto), ab eigenem schweizer Lager, Lieferung innert 48h\",\"publisher\":{\"@id\":\"https:\\\/\\\/schweizversand.ch\\\/fr\\\/#organization\"},\"alternateName\":\"Schweizversand.ch\",\"potentialAction\":[{\"@type\":\"SearchAction\",\"target\":{\"@type\":\"EntryPoint\",\"urlTemplate\":\"https:\\\/\\\/schweizversand.ch\\\/fr\\\/?s={search_term_string}\"},\"query-input\":{\"@type\":\"PropertyValueSpecification\",\"valueRequired\":true,\"valueName\":\"search_term_string\"}}],\"inLanguage\":\"fr-FR\"},{\"@type\":\"Organization\",\"@id\":\"https:\\\/\\\/schweizversand.ch\\\/fr\\\/#organization\",\"name\":\"Schweizversand.ch\",\"url\":\"https:\\\/\\\/schweizversand.ch\\\/fr\\\/\",\"logo\":{\"@type\":\"ImageObject\",\"inLanguage\":\"fr-FR\",\"@id\":\"https:\\\/\\\/schweizversand.ch\\\/fr\\\/#\\\/schema\\\/logo\\\/image\\\/\",\"url\":\"https:\\\/\\\/schweizversand.ch\\\/wp-content\\\/uploads\\\/2026\\\/03\\\/Logo_Rund_Final-1.png\",\"contentUrl\":\"https:\\\/\\\/schweizversand.ch\\\/wp-content\\\/uploads\\\/2026\\\/03\\\/Logo_Rund_Final-1.png\",\"width\":404,\"height\":404,\"caption\":\"Schweizversand.ch\"},\"image\":{\"@id\":\"https:\\\/\\\/schweizversand.ch\\\/fr\\\/#\\\/schema\\\/logo\\\/image\\\/\"},\"sameAs\":[\"https:\\\/\\\/www.facebook.com\\\/Schweizversand\",\"https:\\\/\\\/www.instagram.com\\\/schweizversand.ch\\\/\"]}]}<\/script>\n<!-- \/ Yoast SEO plugin. -->","yoast_head_json":{"title":"Rasehorn Lametta-Munition f\u00fcr Konfettipistole 4 Patronen \u00e0 6 Schuss | Jetzt kaufen | Schweizversand.ch","description":"Rasehorn Lametta-Munition f\u00fcr Konfettipistole 4 Patronen \u00e0 6 Schuss g\u00fcnstig kaufen bei Schweizversand.ch. Schnelle Lieferung in der Schweiz. Gratisversand ab CHF 50.","robots":{"index":"index","follow":"follow","max-snippet":"max-snippet:-1","max-image-preview":"max-image-preview:large","max-video-preview":"max-video-preview:-1"},"canonical":"https:\/\/schweizversand.ch\/fr\/produkt\/rasehorn-lametta-munition-fuer-konfettipistole-4-patronen-a-6-schuss\/","og_locale":"fr_FR","og_type":"article","og_title":"Rasehorn Lametta-Munition f\u00fcr Konfettipistole 4 Patronen \u00e0 6 Schuss | Jetzt kaufen | Schweizversand.ch","og_description":"Rasehorn Lametta-Munition f\u00fcr Konfettipistole 4 Patronen \u00e0 6 Schuss g\u00fcnstig kaufen bei Schweizversand.ch. Schnelle Lieferung in der Schweiz. Gratisversand ab CHF 50.","og_url":"https:\/\/schweizversand.ch\/fr\/produkt\/rasehorn-lametta-munition-fuer-konfettipistole-4-patronen-a-6-schuss\/","og_site_name":"Schweizer Shop f\u00fcr Sport, Spiel und Freizeit","article_publisher":"https:\/\/www.facebook.com\/Schweizversand","article_modified_time":"2026-04-19T00:05:21+00:00","og_image":[{"width":1024,"height":919,"url":"https:\/\/schweizversand.ch\/wp-content\/uploads\/2026\/02\/5471887489.jpg","type":"image\/jpeg"}],"twitter_card":"summary_large_image","twitter_misc":{"Dur\u00e9e de lecture estim\u00e9e":"1 minute"},"schema":{"@context":"https:\/\/schema.org","@graph":[{"@type":"WebPage","@id":"https:\/\/schweizversand.ch\/fr\/produkt\/rasehorn-lametta-munition-fuer-konfettipistole-4-patronen-a-6-schuss\/","url":"https:\/\/schweizversand.ch\/fr\/produkt\/rasehorn-lametta-munition-fuer-konfettipistole-4-patronen-a-6-schuss\/","name":"Rasehorn Lametta-Munition f\u00fcr Konfettipistole 4 Patronen \u00e0 6 Schuss | Jetzt kaufen | Schweizversand.ch","isPartOf":{"@id":"https:\/\/schweizversand.ch\/fr\/#website"},"primaryImageOfPage":{"@id":"https:\/\/schweizversand.ch\/fr\/produkt\/rasehorn-lametta-munition-fuer-konfettipistole-4-patronen-a-6-schuss\/#primaryimage"},"image":{"@id":"https:\/\/schweizversand.ch\/fr\/produkt\/rasehorn-lametta-munition-fuer-konfettipistole-4-patronen-a-6-schuss\/#primaryimage"},"thumbnailUrl":"https:\/\/schweizversand.ch\/wp-content\/uploads\/2026\/02\/5471887489.jpg","datePublished":"2026-03-14T22:21:40+00:00","dateModified":"2026-04-19T00:05:21+00:00","description":"Rasehorn Lametta-Munition f\u00fcr Konfettipistole 4 Patronen \u00e0 6 Schuss g\u00fcnstig kaufen bei Schweizversand.ch. Schnelle Lieferung in der Schweiz. Gratisversand ab CHF 50.","breadcrumb":{"@id":"https:\/\/schweizversand.ch\/fr\/produkt\/rasehorn-lametta-munition-fuer-konfettipistole-4-patronen-a-6-schuss\/#breadcrumb"},"inLanguage":"fr-FR","potentialAction":[{"@type":"ReadAction","target":["https:\/\/schweizversand.ch\/fr\/produkt\/rasehorn-lametta-munition-fuer-konfettipistole-4-patronen-a-6-schuss\/"]}]},{"@type":"ImageObject","inLanguage":"fr-FR","@id":"https:\/\/schweizversand.ch\/fr\/produkt\/rasehorn-lametta-munition-fuer-konfettipistole-4-patronen-a-6-schuss\/#primaryimage","url":"https:\/\/schweizversand.ch\/wp-content\/uploads\/2026\/02\/5471887489.jpg","contentUrl":"https:\/\/schweizversand.ch\/wp-content\/uploads\/2026\/02\/5471887489.jpg","width":1024,"height":919},{"@type":"BreadcrumbList","@id":"https:\/\/schweizversand.ch\/fr\/produkt\/rasehorn-lametta-munition-fuer-konfettipistole-4-patronen-a-6-schuss\/#breadcrumb","itemListElement":[{"@type":"ListItem","position":1,"name":"Startseite","item":"https:\/\/schweizversand.ch\/fr\/home\/"},{"@type":"ListItem","position":2,"name":"Boutique","item":"https:\/\/schweizversand.ch\/fr\/boutique\/"},{"@type":"ListItem","position":3,"name":"Jouets et jeux","item":"https:\/\/schweizversand.ch\/fr\/produkt-kategorie\/jouets-et-jeux\/"},{"@type":"ListItem","position":4,"name":"F\u00eates et divertissements","item":"https:\/\/schweizversand.ch\/fr\/produkt-kategorie\/jouets-et-jeux\/fetes-et-divertissements\/"},{"@type":"ListItem","position":5,"name":"Divers","item":"https:\/\/schweizversand.ch\/fr\/produkt-kategorie\/jouets-et-jeux\/fetes-et-divertissements\/diverses\/"},{"@type":"ListItem","position":6,"name":"Munitions Rasehorn pour canon \u00e0 confettis, 4 cartouches de 6 coups chacune"}]},{"@type":"WebSite","@id":"https:\/\/schweizversand.ch\/fr\/#website","url":"https:\/\/schweizversand.ch\/fr\/","name":"Schweizer Shop f\u00fcr Sport, Spiel und Freizeit","description":"Gratisversand ab 50.- (netto), ab eigenem schweizer Lager, Lieferung innert 48h","publisher":{"@id":"https:\/\/schweizversand.ch\/fr\/#organization"},"alternateName":"Schweizversand.ch","potentialAction":[{"@type":"SearchAction","target":{"@type":"EntryPoint","urlTemplate":"https:\/\/schweizversand.ch\/fr\/?s={search_term_string}"},"query-input":{"@type":"PropertyValueSpecification","valueRequired":true,"valueName":"search_term_string"}}],"inLanguage":"fr-FR"},{"@type":"Organization","@id":"https:\/\/schweizversand.ch\/fr\/#organization","name":"Schweizversand.ch","url":"https:\/\/schweizversand.ch\/fr\/","logo":{"@type":"ImageObject","inLanguage":"fr-FR","@id":"https:\/\/schweizversand.ch\/fr\/#\/schema\/logo\/image\/","url":"https:\/\/schweizversand.ch\/wp-content\/uploads\/2026\/03\/Logo_Rund_Final-1.png","contentUrl":"https:\/\/schweizversand.ch\/wp-content\/uploads\/2026\/03\/Logo_Rund_Final-1.png","width":404,"height":404,"caption":"Schweizversand.ch"},"image":{"@id":"https:\/\/schweizversand.ch\/fr\/#\/schema\/logo\/image\/"},"sameAs":["https:\/\/www.facebook.com\/Schweizversand","https:\/\/www.instagram.com\/schweizversand.ch\/"]}]}},"jetpack_sharing_enabled":true,"_links":{"self":[{"href":"https:\/\/schweizversand.ch\/fr\/wp-json\/wp\/v2\/product\/247312","targetHints":{"allow":["GET"]}}],"collection":[{"href":"https:\/\/schweizversand.ch\/fr\/wp-json\/wp\/v2\/product"}],"about":[{"href":"https:\/\/schweizversand.ch\/fr\/wp-json\/wp\/v2\/types\/product"}],"replies":[{"embeddable":true,"href":"https:\/\/schweizversand.ch\/fr\/wp-json\/wp\/v2\/comments?post=247312"}],"wp:featuredmedia":[{"embeddable":true,"href":"https:\/\/schweizversand.ch\/fr\/wp-json\/wp\/v2\/media\/257402"}],"wp:attachment":[{"href":"https:\/\/schweizversand.ch\/fr\/wp-json\/wp\/v2\/media?parent=247312"}],"wp:term":[{"taxonomy":"product_brand","embeddable":true,"href":"https:\/\/schweizversand.ch\/fr\/wp-json\/wp\/v2\/product_brand?post=247312"},{"taxonomy":"product_cat","embeddable":true,"href":"https:\/\/schweizversand.ch\/fr\/wp-json\/wp\/v2\/product_cat?post=247312"},{"taxonomy":"product_tag","embeddable":true,"href":"https:\/\/schweizversand.ch\/fr\/wp-json\/wp\/v2\/product_tag?post=247312"}],"curies":[{"name":"wp","href":"https:\/\/api.w.org\/{rel}","templated":true}]}}