{"id":247313,"date":"2026-03-14T23:21:40","date_gmt":"2026-03-14T22:21:40","guid":{"rendered":"https:\/\/schweizversand.ch\/produkt\/barbie-maedchen-schirmmuetze-barbie\/"},"modified":"2026-04-21T15:35:02","modified_gmt":"2026-04-21T13:35:02","slug":"barbie-maedchen-schirmmuetze-barbie","status":"publish","type":"product","link":"https:\/\/schweizversand.ch\/fr\/produkt\/barbie-maedchen-schirmmuetze-barbie\/","title":{"rendered":"Casquette de baseball Barbie pour fille"},"content":{"rendered":"<h1><strong>Casquette Barbie pour filles \u2013 Chapeau Barbie turquoise<\/strong><\/h1>\n<div>Voici l&rsquo;accessoire indispensable pour toutes les jeunes fans de Barbie\u00a0! Ce chapeau Barbie turquoise est \u00e0 la fois un accessoire de mode et un gage de confort optimal. Avec son design joyeux turquoise et rose, cette casquette Barbie pour filles ne manquera pas d&rsquo;attirer les regards et sera l&rsquo;accessoire Barbie parfait au quotidien.<\/p>\n<\/div>\n<div><strong>Design et confort<\/strong><br \/>Cette casquette de baseball Barbie pour enfants allie style et fonctionnalit\u00e9. Ses couleurs vives et le design iconique de Barbie en font un v\u00e9ritable atout charme. Gr\u00e2ce \u00e0 sa fermeture Velcro int\u00e9gr\u00e9e, la taille s&rsquo;ajuste facilement, assurant un maintien s\u00fbr et confortable pour votre enfant.<\/p>\n<\/div>\n<div><strong>Mat\u00e9riaux de haute qualit\u00e9<\/strong><br \/>Nous privil\u00e9gions la qualit\u00e9 et le confort. Cette casquette est fabriqu\u00e9e \u00e0 partir de mat\u00e9riaux soigneusement s\u00e9lectionn\u00e9s qui garantissent respirabilit\u00e9 et durabilit\u00e9. Gr\u00e2ce \u00e0 la combinaison de tissus, votre enfant adorera porter cette casquette Barbie rose, m\u00eame par temps chaud.<\/p>\n<\/div>\n<div><strong>D\u00e9tails du produit<\/strong><br \/>&#8211; Tissu principal (casquette)\u00a0: 100\u00a0% coton (pour une respirabilit\u00e9 optimale)<br \/>&#8211; Tissu imprim\u00e9 (motif)\u00a0: 100\u00a0% polyester<br \/>&#8211; Fermeture\u00a0: Fermeture Velcro pratique pour ajuster la taille<br \/>&#8211; Couleurs\u00a0: Turquoise et rose avec motif Barbie<\/p>\n<\/div>\n<div>Offrez d\u00e8s aujourd\u2019hui cette \u00e9l\u00e9gante casquette Barbie pour filles et permettez \u00e0 votre enfant d\u2019afficher son amour pour Barbie avec style et confort.<\/p>\n","protected":false},"excerpt":{"rendered":"<p>Casquette Barbie pour filles \u2013 Chapeau Barbie turquoise Voici l&rsquo;accessoire indispensable pour toutes les jeunes fans de Barbie\u00a0! Ce chapeau Barbie turquoise est \u00e0 la fois un accessoire de mode et un gage de confort optimal. Avec son design joyeux turquoise et rose, cette casquette Barbie pour filles ne manquera pas d&rsquo;attirer les regards et sera l&rsquo;accessoire Barbie parfait au quotidien. Design et confortCette casquette de baseball Barbie pour enfants allie style et fonctionnalit\u00e9. Ses&hellip;<\/p>\n","protected":false},"featured_media":165112,"comment_status":"open","ping_status":"closed","template":"","meta":[],"product_brand":[],"product_cat":[38112,38115],"product_tag":[],"class_list":{"0":"post-247313","1":"product","2":"type-product","3":"status-publish","4":"has-post-thumbnail","6":"product_cat-kopfbedeckung","7":"product_cat-chapeaux","8":"product_shipping_class-global_methods","10":"first","11":"instock","12":"taxable","13":"shipping-taxable","14":"purchasable","15":"product-type-simple"},"yoast_head":"<!-- This site is optimized with the Yoast SEO plugin v27.4 - https:\/\/yoast.com\/product\/yoast-seo-wordpress\/ -->\n<title>Barbie M\u00e4dchen Schirmm\u00fctze Barbie | Jetzt kaufen | Schweizversand.ch<\/title>\n<meta name=\"description\" content=\"Barbie M\u00e4dchen Schirmm\u00fctze Barbie g\u00fcnstig kaufen bei Schweizversand.ch. Schnelle Lieferung in der Schweiz. Gratisversand ab CHF 50.\" \/>\n<meta name=\"robots\" content=\"index, follow, max-snippet:-1, max-image-preview:large, max-video-preview:-1\" \/>\n<link rel=\"canonical\" href=\"https:\/\/schweizversand.ch\/fr\/produkt\/barbie-maedchen-schirmmuetze-barbie\/\" \/>\n<meta property=\"og:locale\" content=\"fr_FR\" \/>\n<meta property=\"og:type\" content=\"article\" \/>\n<meta property=\"og:title\" content=\"Barbie M\u00e4dchen Schirmm\u00fctze Barbie | Jetzt kaufen | Schweizversand.ch\" \/>\n<meta property=\"og:description\" content=\"Barbie M\u00e4dchen Schirmm\u00fctze Barbie g\u00fcnstig kaufen bei Schweizversand.ch. Schnelle Lieferung in der Schweiz. Gratisversand ab CHF 50.\" \/>\n<meta property=\"og:url\" content=\"https:\/\/schweizversand.ch\/fr\/produkt\/barbie-maedchen-schirmmuetze-barbie\/\" \/>\n<meta property=\"og:site_name\" content=\"Schweizer Shop f\u00fcr Sport, Spiel und Freizeit\" \/>\n<meta property=\"article:publisher\" content=\"https:\/\/www.facebook.com\/Schweizversand\" \/>\n<meta property=\"article:modified_time\" content=\"2026-04-21T13:35:02+00:00\" \/>\n<meta property=\"og:image\" content=\"https:\/\/schweizversand.ch\/wp-content\/uploads\/2026\/02\/5471742090.jpg\" \/>\n\t<meta property=\"og:image:width\" content=\"1024\" \/>\n\t<meta property=\"og:image:height\" content=\"1024\" \/>\n\t<meta property=\"og:image:type\" content=\"image\/jpeg\" \/>\n<meta name=\"twitter:card\" content=\"summary_large_image\" \/>\n<meta name=\"twitter:label1\" content=\"Dur\u00e9e de lecture estim\u00e9e\" \/>\n\t<meta name=\"twitter:data1\" content=\"1 minute\" \/>\n<script type=\"application\/ld+json\" class=\"yoast-schema-graph\">{\"@context\":\"https:\\\/\\\/schema.org\",\"@graph\":[{\"@type\":\"WebPage\",\"@id\":\"https:\\\/\\\/schweizversand.ch\\\/fr\\\/produkt\\\/barbie-maedchen-schirmmuetze-barbie\\\/\",\"url\":\"https:\\\/\\\/schweizversand.ch\\\/fr\\\/produkt\\\/barbie-maedchen-schirmmuetze-barbie\\\/\",\"name\":\"Barbie M\u00e4dchen Schirmm\u00fctze Barbie | Jetzt kaufen | Schweizversand.ch\",\"isPartOf\":{\"@id\":\"https:\\\/\\\/schweizversand.ch\\\/fr\\\/#website\"},\"primaryImageOfPage\":{\"@id\":\"https:\\\/\\\/schweizversand.ch\\\/fr\\\/produkt\\\/barbie-maedchen-schirmmuetze-barbie\\\/#primaryimage\"},\"image\":{\"@id\":\"https:\\\/\\\/schweizversand.ch\\\/fr\\\/produkt\\\/barbie-maedchen-schirmmuetze-barbie\\\/#primaryimage\"},\"thumbnailUrl\":\"https:\\\/\\\/schweizversand.ch\\\/wp-content\\\/uploads\\\/2026\\\/02\\\/5471742090.jpg\",\"datePublished\":\"2026-03-14T22:21:40+00:00\",\"dateModified\":\"2026-04-21T13:35:02+00:00\",\"description\":\"Barbie M\u00e4dchen Schirmm\u00fctze Barbie g\u00fcnstig kaufen bei Schweizversand.ch. Schnelle Lieferung in der Schweiz. Gratisversand ab CHF 50.\",\"breadcrumb\":{\"@id\":\"https:\\\/\\\/schweizversand.ch\\\/fr\\\/produkt\\\/barbie-maedchen-schirmmuetze-barbie\\\/#breadcrumb\"},\"inLanguage\":\"fr-FR\",\"potentialAction\":[{\"@type\":\"ReadAction\",\"target\":[\"https:\\\/\\\/schweizversand.ch\\\/fr\\\/produkt\\\/barbie-maedchen-schirmmuetze-barbie\\\/\"]}]},{\"@type\":\"ImageObject\",\"inLanguage\":\"fr-FR\",\"@id\":\"https:\\\/\\\/schweizversand.ch\\\/fr\\\/produkt\\\/barbie-maedchen-schirmmuetze-barbie\\\/#primaryimage\",\"url\":\"https:\\\/\\\/schweizversand.ch\\\/wp-content\\\/uploads\\\/2026\\\/02\\\/5471742090.jpg\",\"contentUrl\":\"https:\\\/\\\/schweizversand.ch\\\/wp-content\\\/uploads\\\/2026\\\/02\\\/5471742090.jpg\",\"width\":1024,\"height\":1024},{\"@type\":\"BreadcrumbList\",\"@id\":\"https:\\\/\\\/schweizversand.ch\\\/fr\\\/produkt\\\/barbie-maedchen-schirmmuetze-barbie\\\/#breadcrumb\",\"itemListElement\":[{\"@type\":\"ListItem\",\"position\":1,\"name\":\"Startseite\",\"item\":\"https:\\\/\\\/schweizversand.ch\\\/fr\\\/home\\\/\"},{\"@type\":\"ListItem\",\"position\":2,\"name\":\"Boutique\",\"item\":\"https:\\\/\\\/schweizversand.ch\\\/fr\\\/boutique\\\/\"},{\"@type\":\"ListItem\",\"position\":3,\"name\":\"Mode\",\"item\":\"https:\\\/\\\/schweizversand.ch\\\/fr\\\/produkt-kategorie\\\/mode-fr\\\/\"},{\"@type\":\"ListItem\",\"position\":4,\"name\":\"Accessoires de mode\",\"item\":\"https:\\\/\\\/schweizversand.ch\\\/fr\\\/produkt-kategorie\\\/mode\\\/accessoires-de-mode\\\/\"},{\"@type\":\"ListItem\",\"position\":5,\"name\":\"Chapeaux\",\"item\":\"https:\\\/\\\/schweizversand.ch\\\/fr\\\/produkt-kategorie\\\/mode\\\/accessoires-de-mode\\\/chapeaux\\\/\"},{\"@type\":\"ListItem\",\"position\":6,\"name\":\"Casquette de baseball Barbie pour fille\"}]},{\"@type\":\"WebSite\",\"@id\":\"https:\\\/\\\/schweizversand.ch\\\/fr\\\/#website\",\"url\":\"https:\\\/\\\/schweizversand.ch\\\/fr\\\/\",\"name\":\"Schweizer Shop f\u00fcr Sport, Spiel und Freizeit\",\"description\":\"Gratisversand ab 50.- (netto), ab eigenem schweizer Lager, Lieferung innert 48h\",\"publisher\":{\"@id\":\"https:\\\/\\\/schweizversand.ch\\\/fr\\\/#organization\"},\"alternateName\":\"Schweizversand.ch\",\"potentialAction\":[{\"@type\":\"SearchAction\",\"target\":{\"@type\":\"EntryPoint\",\"urlTemplate\":\"https:\\\/\\\/schweizversand.ch\\\/fr\\\/?s={search_term_string}\"},\"query-input\":{\"@type\":\"PropertyValueSpecification\",\"valueRequired\":true,\"valueName\":\"search_term_string\"}}],\"inLanguage\":\"fr-FR\"},{\"@type\":\"Organization\",\"@id\":\"https:\\\/\\\/schweizversand.ch\\\/fr\\\/#organization\",\"name\":\"Schweizversand.ch\",\"url\":\"https:\\\/\\\/schweizversand.ch\\\/fr\\\/\",\"logo\":{\"@type\":\"ImageObject\",\"inLanguage\":\"fr-FR\",\"@id\":\"https:\\\/\\\/schweizversand.ch\\\/fr\\\/#\\\/schema\\\/logo\\\/image\\\/\",\"url\":\"https:\\\/\\\/schweizversand.ch\\\/wp-content\\\/uploads\\\/2026\\\/03\\\/Logo_Rund_Final-1.png\",\"contentUrl\":\"https:\\\/\\\/schweizversand.ch\\\/wp-content\\\/uploads\\\/2026\\\/03\\\/Logo_Rund_Final-1.png\",\"width\":404,\"height\":404,\"caption\":\"Schweizversand.ch\"},\"image\":{\"@id\":\"https:\\\/\\\/schweizversand.ch\\\/fr\\\/#\\\/schema\\\/logo\\\/image\\\/\"},\"sameAs\":[\"https:\\\/\\\/www.facebook.com\\\/Schweizversand\",\"https:\\\/\\\/www.instagram.com\\\/schweizversand.ch\\\/\"]}]}<\/script>\n<!-- \/ Yoast SEO plugin. -->","yoast_head_json":{"title":"Barbie M\u00e4dchen Schirmm\u00fctze Barbie | Jetzt kaufen | Schweizversand.ch","description":"Barbie M\u00e4dchen Schirmm\u00fctze Barbie g\u00fcnstig kaufen bei Schweizversand.ch. Schnelle Lieferung in der Schweiz. Gratisversand ab CHF 50.","robots":{"index":"index","follow":"follow","max-snippet":"max-snippet:-1","max-image-preview":"max-image-preview:large","max-video-preview":"max-video-preview:-1"},"canonical":"https:\/\/schweizversand.ch\/fr\/produkt\/barbie-maedchen-schirmmuetze-barbie\/","og_locale":"fr_FR","og_type":"article","og_title":"Barbie M\u00e4dchen Schirmm\u00fctze Barbie | Jetzt kaufen | Schweizversand.ch","og_description":"Barbie M\u00e4dchen Schirmm\u00fctze Barbie g\u00fcnstig kaufen bei Schweizversand.ch. Schnelle Lieferung in der Schweiz. Gratisversand ab CHF 50.","og_url":"https:\/\/schweizversand.ch\/fr\/produkt\/barbie-maedchen-schirmmuetze-barbie\/","og_site_name":"Schweizer Shop f\u00fcr Sport, Spiel und Freizeit","article_publisher":"https:\/\/www.facebook.com\/Schweizversand","article_modified_time":"2026-04-21T13:35:02+00:00","og_image":[{"width":1024,"height":1024,"url":"https:\/\/schweizversand.ch\/wp-content\/uploads\/2026\/02\/5471742090.jpg","type":"image\/jpeg"}],"twitter_card":"summary_large_image","twitter_misc":{"Dur\u00e9e de lecture estim\u00e9e":"1 minute"},"schema":{"@context":"https:\/\/schema.org","@graph":[{"@type":"WebPage","@id":"https:\/\/schweizversand.ch\/fr\/produkt\/barbie-maedchen-schirmmuetze-barbie\/","url":"https:\/\/schweizversand.ch\/fr\/produkt\/barbie-maedchen-schirmmuetze-barbie\/","name":"Barbie M\u00e4dchen Schirmm\u00fctze Barbie | Jetzt kaufen | Schweizversand.ch","isPartOf":{"@id":"https:\/\/schweizversand.ch\/fr\/#website"},"primaryImageOfPage":{"@id":"https:\/\/schweizversand.ch\/fr\/produkt\/barbie-maedchen-schirmmuetze-barbie\/#primaryimage"},"image":{"@id":"https:\/\/schweizversand.ch\/fr\/produkt\/barbie-maedchen-schirmmuetze-barbie\/#primaryimage"},"thumbnailUrl":"https:\/\/schweizversand.ch\/wp-content\/uploads\/2026\/02\/5471742090.jpg","datePublished":"2026-03-14T22:21:40+00:00","dateModified":"2026-04-21T13:35:02+00:00","description":"Barbie M\u00e4dchen Schirmm\u00fctze Barbie g\u00fcnstig kaufen bei Schweizversand.ch. Schnelle Lieferung in der Schweiz. Gratisversand ab CHF 50.","breadcrumb":{"@id":"https:\/\/schweizversand.ch\/fr\/produkt\/barbie-maedchen-schirmmuetze-barbie\/#breadcrumb"},"inLanguage":"fr-FR","potentialAction":[{"@type":"ReadAction","target":["https:\/\/schweizversand.ch\/fr\/produkt\/barbie-maedchen-schirmmuetze-barbie\/"]}]},{"@type":"ImageObject","inLanguage":"fr-FR","@id":"https:\/\/schweizversand.ch\/fr\/produkt\/barbie-maedchen-schirmmuetze-barbie\/#primaryimage","url":"https:\/\/schweizversand.ch\/wp-content\/uploads\/2026\/02\/5471742090.jpg","contentUrl":"https:\/\/schweizversand.ch\/wp-content\/uploads\/2026\/02\/5471742090.jpg","width":1024,"height":1024},{"@type":"BreadcrumbList","@id":"https:\/\/schweizversand.ch\/fr\/produkt\/barbie-maedchen-schirmmuetze-barbie\/#breadcrumb","itemListElement":[{"@type":"ListItem","position":1,"name":"Startseite","item":"https:\/\/schweizversand.ch\/fr\/home\/"},{"@type":"ListItem","position":2,"name":"Boutique","item":"https:\/\/schweizversand.ch\/fr\/boutique\/"},{"@type":"ListItem","position":3,"name":"Mode","item":"https:\/\/schweizversand.ch\/fr\/produkt-kategorie\/mode-fr\/"},{"@type":"ListItem","position":4,"name":"Accessoires de mode","item":"https:\/\/schweizversand.ch\/fr\/produkt-kategorie\/mode\/accessoires-de-mode\/"},{"@type":"ListItem","position":5,"name":"Chapeaux","item":"https:\/\/schweizversand.ch\/fr\/produkt-kategorie\/mode\/accessoires-de-mode\/chapeaux\/"},{"@type":"ListItem","position":6,"name":"Casquette de baseball Barbie pour fille"}]},{"@type":"WebSite","@id":"https:\/\/schweizversand.ch\/fr\/#website","url":"https:\/\/schweizversand.ch\/fr\/","name":"Schweizer Shop f\u00fcr Sport, Spiel und Freizeit","description":"Gratisversand ab 50.- (netto), ab eigenem schweizer Lager, Lieferung innert 48h","publisher":{"@id":"https:\/\/schweizversand.ch\/fr\/#organization"},"alternateName":"Schweizversand.ch","potentialAction":[{"@type":"SearchAction","target":{"@type":"EntryPoint","urlTemplate":"https:\/\/schweizversand.ch\/fr\/?s={search_term_string}"},"query-input":{"@type":"PropertyValueSpecification","valueRequired":true,"valueName":"search_term_string"}}],"inLanguage":"fr-FR"},{"@type":"Organization","@id":"https:\/\/schweizversand.ch\/fr\/#organization","name":"Schweizversand.ch","url":"https:\/\/schweizversand.ch\/fr\/","logo":{"@type":"ImageObject","inLanguage":"fr-FR","@id":"https:\/\/schweizversand.ch\/fr\/#\/schema\/logo\/image\/","url":"https:\/\/schweizversand.ch\/wp-content\/uploads\/2026\/03\/Logo_Rund_Final-1.png","contentUrl":"https:\/\/schweizversand.ch\/wp-content\/uploads\/2026\/03\/Logo_Rund_Final-1.png","width":404,"height":404,"caption":"Schweizversand.ch"},"image":{"@id":"https:\/\/schweizversand.ch\/fr\/#\/schema\/logo\/image\/"},"sameAs":["https:\/\/www.facebook.com\/Schweizversand","https:\/\/www.instagram.com\/schweizversand.ch\/"]}]}},"jetpack_sharing_enabled":true,"_links":{"self":[{"href":"https:\/\/schweizversand.ch\/fr\/wp-json\/wp\/v2\/product\/247313","targetHints":{"allow":["GET"]}}],"collection":[{"href":"https:\/\/schweizversand.ch\/fr\/wp-json\/wp\/v2\/product"}],"about":[{"href":"https:\/\/schweizversand.ch\/fr\/wp-json\/wp\/v2\/types\/product"}],"replies":[{"embeddable":true,"href":"https:\/\/schweizversand.ch\/fr\/wp-json\/wp\/v2\/comments?post=247313"}],"wp:featuredmedia":[{"embeddable":true,"href":"https:\/\/schweizversand.ch\/fr\/wp-json\/wp\/v2\/media\/165112"}],"wp:attachment":[{"href":"https:\/\/schweizversand.ch\/fr\/wp-json\/wp\/v2\/media?parent=247313"}],"wp:term":[{"taxonomy":"product_brand","embeddable":true,"href":"https:\/\/schweizversand.ch\/fr\/wp-json\/wp\/v2\/product_brand?post=247313"},{"taxonomy":"product_cat","embeddable":true,"href":"https:\/\/schweizversand.ch\/fr\/wp-json\/wp\/v2\/product_cat?post=247313"},{"taxonomy":"product_tag","embeddable":true,"href":"https:\/\/schweizversand.ch\/fr\/wp-json\/wp\/v2\/product_tag?post=247313"}],"curies":[{"name":"wp","href":"https:\/\/api.w.org\/{rel}","templated":true}]}}