{"id":247937,"date":"2026-03-14T23:20:48","date_gmt":"2026-03-14T22:20:48","guid":{"rendered":"https:\/\/schweizversand.ch\/produkt\/excellent-houseware-trinkbecher-mit-strohhalm\/"},"modified":"2026-04-19T02:02:55","modified_gmt":"2026-04-19T00:02:55","slug":"excellent-houseware-trinkbecher-mit-strohhalm","status":"publish","type":"product","link":"https:\/\/schweizversand.ch\/fr\/produkt\/excellent-houseware-trinkbecher-mit-strohhalm\/","title":{"rendered":"Gobelet \u00e0 paille Excellent Houseware"},"content":{"rendered":"<p>Cette \u00e9l\u00e9gante tasse de voyage allie design et fonctionnalit\u00e9\u00a0! Avec sa g\u00e9n\u00e9reuse capacit\u00e9 de 1200\u00a0ml, elle offre suffisamment d\u2019espace pour vos boissons pr\u00e9f\u00e9r\u00e9es \u2013 id\u00e9ale au bureau, \u00e0 la salle de sport ou en d\u00e9placement. Fabriqu\u00e9e en polypropyl\u00e8ne (PP) de haute qualit\u00e9, avec un couvercle robuste en polystyr\u00e8ne (PS) et un joint en silicone \u00e9tanche, elle garantit une d\u00e9gustation s\u00fbre et sans fuite. Sa double paroi maintient votre boisson froide ou chaude plus longtemps, tandis que la paille transparente en PP assure un confort optimal.<\/p>\n<p>Disponible en quatre couleurs \u00e9clatantes\u00a0:<\/p>\n<p>Rose<\/p>\n<p>Bleu<br \/>\nVert<br \/>\nViolet<\/p>\n<p>Dimensions\u00a0: 130\u00a0\u00d7\u00a0100\u00a0\u00d7\u00a0315\u00a0mm<\/p>\n<p>Poids\u00a0: seulement 305\u00a0g<\/p>\n<p>Un indispensable pour tous ceux qui appr\u00e9cient le style, le confort et le respect de l\u2019environnement\u00a0!<\/p>\n<p>La couleur ne peut \u00eatre choisie. Les couleurs exp\u00e9di\u00e9es sont assorties selon les disponibilit\u00e9s.<\/p>\n<p>Prix unitaire<\/p>\n","protected":false},"excerpt":{"rendered":"<p>Cette \u00e9l\u00e9gante tasse de voyage allie design et fonctionnalit\u00e9\u00a0! Avec sa g\u00e9n\u00e9reuse capacit\u00e9 de 1200\u00a0ml, elle offre suffisamment d\u2019espace pour vos boissons pr\u00e9f\u00e9r\u00e9es \u2013 id\u00e9ale au bureau, \u00e0 la salle de sport ou en d\u00e9placement. Fabriqu\u00e9e en polypropyl\u00e8ne (PP) de haute qualit\u00e9, avec un couvercle robuste en polystyr\u00e8ne (PS) et un joint en silicone \u00e9tanche, elle garantit une d\u00e9gustation s\u00fbre et sans fuite. Sa double paroi maintient votre boisson froide ou chaude plus longtemps, tandis&hellip;<\/p>\n","protected":false},"featured_media":156774,"comment_status":"open","ping_status":"closed","template":"","meta":[],"product_brand":[],"product_cat":[38332],"product_tag":[],"class_list":{"0":"post-247937","1":"product","2":"type-product","3":"status-publish","4":"has-post-thumbnail","6":"product_cat-outdoorausruestung","7":"product_shipping_class-global_methods","9":"first","10":"instock","11":"taxable","12":"shipping-taxable","13":"purchasable","14":"product-type-simple"},"yoast_head":"<!-- This site is optimized with the Yoast SEO plugin v27.4 - https:\/\/yoast.com\/product\/yoast-seo-wordpress\/ -->\n<title>Excellent Houseware Trinkbecher mit Strohhalm | Jetzt kaufen | Schweizversand.ch<\/title>\n<meta name=\"description\" content=\"Excellent Houseware Trinkbecher mit Strohhalm g\u00fcnstig kaufen bei Schweizversand.ch. Schnelle Lieferung in der Schweiz. Gratisversand ab CHF 50.\" \/>\n<meta name=\"robots\" content=\"index, follow, max-snippet:-1, max-image-preview:large, max-video-preview:-1\" \/>\n<link rel=\"canonical\" href=\"https:\/\/schweizversand.ch\/fr\/produkt\/excellent-houseware-trinkbecher-mit-strohhalm\/\" \/>\n<meta property=\"og:locale\" content=\"fr_FR\" \/>\n<meta property=\"og:type\" content=\"article\" \/>\n<meta property=\"og:title\" content=\"Excellent Houseware Trinkbecher mit Strohhalm | Jetzt kaufen | Schweizversand.ch\" \/>\n<meta property=\"og:description\" content=\"Excellent Houseware Trinkbecher mit Strohhalm g\u00fcnstig kaufen bei Schweizversand.ch. Schnelle Lieferung in der Schweiz. Gratisversand ab CHF 50.\" \/>\n<meta property=\"og:url\" content=\"https:\/\/schweizversand.ch\/fr\/produkt\/excellent-houseware-trinkbecher-mit-strohhalm\/\" \/>\n<meta property=\"og:site_name\" content=\"Schweizer Shop f\u00fcr Sport, Spiel und Freizeit\" \/>\n<meta property=\"article:publisher\" content=\"https:\/\/www.facebook.com\/Schweizversand\" \/>\n<meta property=\"article:modified_time\" content=\"2026-04-19T00:02:55+00:00\" \/>\n<meta property=\"og:image\" content=\"https:\/\/schweizversand.ch\/wp-content\/uploads\/2026\/02\/5471867970.jpg\" \/>\n\t<meta property=\"og:image:width\" content=\"572\" \/>\n\t<meta property=\"og:image:height\" content=\"1024\" \/>\n\t<meta property=\"og:image:type\" content=\"image\/jpeg\" \/>\n<meta name=\"twitter:card\" content=\"summary_large_image\" \/>\n<meta name=\"twitter:label1\" content=\"Dur\u00e9e de lecture estim\u00e9e\" \/>\n\t<meta name=\"twitter:data1\" content=\"1 minute\" \/>\n<script type=\"application\/ld+json\" class=\"yoast-schema-graph\">{\"@context\":\"https:\\\/\\\/schema.org\",\"@graph\":[{\"@type\":\"WebPage\",\"@id\":\"https:\\\/\\\/schweizversand.ch\\\/fr\\\/produkt\\\/excellent-houseware-trinkbecher-mit-strohhalm\\\/\",\"url\":\"https:\\\/\\\/schweizversand.ch\\\/fr\\\/produkt\\\/excellent-houseware-trinkbecher-mit-strohhalm\\\/\",\"name\":\"Excellent Houseware Trinkbecher mit Strohhalm | Jetzt kaufen | Schweizversand.ch\",\"isPartOf\":{\"@id\":\"https:\\\/\\\/schweizversand.ch\\\/fr\\\/#website\"},\"primaryImageOfPage\":{\"@id\":\"https:\\\/\\\/schweizversand.ch\\\/fr\\\/produkt\\\/excellent-houseware-trinkbecher-mit-strohhalm\\\/#primaryimage\"},\"image\":{\"@id\":\"https:\\\/\\\/schweizversand.ch\\\/fr\\\/produkt\\\/excellent-houseware-trinkbecher-mit-strohhalm\\\/#primaryimage\"},\"thumbnailUrl\":\"https:\\\/\\\/schweizversand.ch\\\/wp-content\\\/uploads\\\/2026\\\/02\\\/5471867970.jpg\",\"datePublished\":\"2026-03-14T22:20:48+00:00\",\"dateModified\":\"2026-04-19T00:02:55+00:00\",\"description\":\"Excellent Houseware Trinkbecher mit Strohhalm g\u00fcnstig kaufen bei Schweizversand.ch. Schnelle Lieferung in der Schweiz. Gratisversand ab CHF 50.\",\"breadcrumb\":{\"@id\":\"https:\\\/\\\/schweizversand.ch\\\/fr\\\/produkt\\\/excellent-houseware-trinkbecher-mit-strohhalm\\\/#breadcrumb\"},\"inLanguage\":\"fr-FR\",\"potentialAction\":[{\"@type\":\"ReadAction\",\"target\":[\"https:\\\/\\\/schweizversand.ch\\\/fr\\\/produkt\\\/excellent-houseware-trinkbecher-mit-strohhalm\\\/\"]}]},{\"@type\":\"ImageObject\",\"inLanguage\":\"fr-FR\",\"@id\":\"https:\\\/\\\/schweizversand.ch\\\/fr\\\/produkt\\\/excellent-houseware-trinkbecher-mit-strohhalm\\\/#primaryimage\",\"url\":\"https:\\\/\\\/schweizversand.ch\\\/wp-content\\\/uploads\\\/2026\\\/02\\\/5471867970.jpg\",\"contentUrl\":\"https:\\\/\\\/schweizversand.ch\\\/wp-content\\\/uploads\\\/2026\\\/02\\\/5471867970.jpg\",\"width\":572,\"height\":1024},{\"@type\":\"BreadcrumbList\",\"@id\":\"https:\\\/\\\/schweizversand.ch\\\/fr\\\/produkt\\\/excellent-houseware-trinkbecher-mit-strohhalm\\\/#breadcrumb\",\"itemListElement\":[{\"@type\":\"ListItem\",\"position\":1,\"name\":\"Startseite\",\"item\":\"https:\\\/\\\/schweizversand.ch\\\/fr\\\/home\\\/\"},{\"@type\":\"ListItem\",\"position\":2,\"name\":\"Boutique\",\"item\":\"https:\\\/\\\/schweizversand.ch\\\/fr\\\/boutique\\\/\"},{\"@type\":\"ListItem\",\"position\":3,\"name\":\"Sports\",\"item\":\"https:\\\/\\\/schweizversand.ch\\\/fr\\\/produkt-kategorie\\\/sports\\\/\"},{\"@type\":\"ListItem\",\"position\":4,\"name\":\"Plein air\",\"item\":\"https:\\\/\\\/schweizversand.ch\\\/fr\\\/produkt-kategorie\\\/sports\\\/plein-air\\\/\"},{\"@type\":\"ListItem\",\"position\":5,\"name\":\"\u00c9quipement de plein air\",\"item\":\"https:\\\/\\\/schweizversand.ch\\\/fr\\\/produkt-kategorie\\\/sports\\\/plein-air\\\/outdoorausruestung\\\/\"},{\"@type\":\"ListItem\",\"position\":6,\"name\":\"Gobelet \u00e0 paille Excellent Houseware\"}]},{\"@type\":\"WebSite\",\"@id\":\"https:\\\/\\\/schweizversand.ch\\\/fr\\\/#website\",\"url\":\"https:\\\/\\\/schweizversand.ch\\\/fr\\\/\",\"name\":\"Schweizer Shop f\u00fcr Sport, Spiel und Freizeit\",\"description\":\"Gratisversand ab 50.- (netto), ab eigenem schweizer Lager, Lieferung innert 48h\",\"publisher\":{\"@id\":\"https:\\\/\\\/schweizversand.ch\\\/fr\\\/#organization\"},\"alternateName\":\"Schweizversand.ch\",\"potentialAction\":[{\"@type\":\"SearchAction\",\"target\":{\"@type\":\"EntryPoint\",\"urlTemplate\":\"https:\\\/\\\/schweizversand.ch\\\/fr\\\/?s={search_term_string}\"},\"query-input\":{\"@type\":\"PropertyValueSpecification\",\"valueRequired\":true,\"valueName\":\"search_term_string\"}}],\"inLanguage\":\"fr-FR\"},{\"@type\":\"Organization\",\"@id\":\"https:\\\/\\\/schweizversand.ch\\\/fr\\\/#organization\",\"name\":\"Schweizversand.ch\",\"url\":\"https:\\\/\\\/schweizversand.ch\\\/fr\\\/\",\"logo\":{\"@type\":\"ImageObject\",\"inLanguage\":\"fr-FR\",\"@id\":\"https:\\\/\\\/schweizversand.ch\\\/fr\\\/#\\\/schema\\\/logo\\\/image\\\/\",\"url\":\"https:\\\/\\\/schweizversand.ch\\\/wp-content\\\/uploads\\\/2026\\\/03\\\/Logo_Rund_Final-1.png\",\"contentUrl\":\"https:\\\/\\\/schweizversand.ch\\\/wp-content\\\/uploads\\\/2026\\\/03\\\/Logo_Rund_Final-1.png\",\"width\":404,\"height\":404,\"caption\":\"Schweizversand.ch\"},\"image\":{\"@id\":\"https:\\\/\\\/schweizversand.ch\\\/fr\\\/#\\\/schema\\\/logo\\\/image\\\/\"},\"sameAs\":[\"https:\\\/\\\/www.facebook.com\\\/Schweizversand\",\"https:\\\/\\\/www.instagram.com\\\/schweizversand.ch\\\/\"]}]}<\/script>\n<!-- \/ Yoast SEO plugin. -->","yoast_head_json":{"title":"Excellent Houseware Trinkbecher mit Strohhalm | Jetzt kaufen | Schweizversand.ch","description":"Excellent Houseware Trinkbecher mit Strohhalm g\u00fcnstig kaufen bei Schweizversand.ch. Schnelle Lieferung in der Schweiz. Gratisversand ab CHF 50.","robots":{"index":"index","follow":"follow","max-snippet":"max-snippet:-1","max-image-preview":"max-image-preview:large","max-video-preview":"max-video-preview:-1"},"canonical":"https:\/\/schweizversand.ch\/fr\/produkt\/excellent-houseware-trinkbecher-mit-strohhalm\/","og_locale":"fr_FR","og_type":"article","og_title":"Excellent Houseware Trinkbecher mit Strohhalm | Jetzt kaufen | Schweizversand.ch","og_description":"Excellent Houseware Trinkbecher mit Strohhalm g\u00fcnstig kaufen bei Schweizversand.ch. Schnelle Lieferung in der Schweiz. Gratisversand ab CHF 50.","og_url":"https:\/\/schweizversand.ch\/fr\/produkt\/excellent-houseware-trinkbecher-mit-strohhalm\/","og_site_name":"Schweizer Shop f\u00fcr Sport, Spiel und Freizeit","article_publisher":"https:\/\/www.facebook.com\/Schweizversand","article_modified_time":"2026-04-19T00:02:55+00:00","og_image":[{"width":572,"height":1024,"url":"https:\/\/schweizversand.ch\/wp-content\/uploads\/2026\/02\/5471867970.jpg","type":"image\/jpeg"}],"twitter_card":"summary_large_image","twitter_misc":{"Dur\u00e9e de lecture estim\u00e9e":"1 minute"},"schema":{"@context":"https:\/\/schema.org","@graph":[{"@type":"WebPage","@id":"https:\/\/schweizversand.ch\/fr\/produkt\/excellent-houseware-trinkbecher-mit-strohhalm\/","url":"https:\/\/schweizversand.ch\/fr\/produkt\/excellent-houseware-trinkbecher-mit-strohhalm\/","name":"Excellent Houseware Trinkbecher mit Strohhalm | Jetzt kaufen | Schweizversand.ch","isPartOf":{"@id":"https:\/\/schweizversand.ch\/fr\/#website"},"primaryImageOfPage":{"@id":"https:\/\/schweizversand.ch\/fr\/produkt\/excellent-houseware-trinkbecher-mit-strohhalm\/#primaryimage"},"image":{"@id":"https:\/\/schweizversand.ch\/fr\/produkt\/excellent-houseware-trinkbecher-mit-strohhalm\/#primaryimage"},"thumbnailUrl":"https:\/\/schweizversand.ch\/wp-content\/uploads\/2026\/02\/5471867970.jpg","datePublished":"2026-03-14T22:20:48+00:00","dateModified":"2026-04-19T00:02:55+00:00","description":"Excellent Houseware Trinkbecher mit Strohhalm g\u00fcnstig kaufen bei Schweizversand.ch. Schnelle Lieferung in der Schweiz. Gratisversand ab CHF 50.","breadcrumb":{"@id":"https:\/\/schweizversand.ch\/fr\/produkt\/excellent-houseware-trinkbecher-mit-strohhalm\/#breadcrumb"},"inLanguage":"fr-FR","potentialAction":[{"@type":"ReadAction","target":["https:\/\/schweizversand.ch\/fr\/produkt\/excellent-houseware-trinkbecher-mit-strohhalm\/"]}]},{"@type":"ImageObject","inLanguage":"fr-FR","@id":"https:\/\/schweizversand.ch\/fr\/produkt\/excellent-houseware-trinkbecher-mit-strohhalm\/#primaryimage","url":"https:\/\/schweizversand.ch\/wp-content\/uploads\/2026\/02\/5471867970.jpg","contentUrl":"https:\/\/schweizversand.ch\/wp-content\/uploads\/2026\/02\/5471867970.jpg","width":572,"height":1024},{"@type":"BreadcrumbList","@id":"https:\/\/schweizversand.ch\/fr\/produkt\/excellent-houseware-trinkbecher-mit-strohhalm\/#breadcrumb","itemListElement":[{"@type":"ListItem","position":1,"name":"Startseite","item":"https:\/\/schweizversand.ch\/fr\/home\/"},{"@type":"ListItem","position":2,"name":"Boutique","item":"https:\/\/schweizversand.ch\/fr\/boutique\/"},{"@type":"ListItem","position":3,"name":"Sports","item":"https:\/\/schweizversand.ch\/fr\/produkt-kategorie\/sports\/"},{"@type":"ListItem","position":4,"name":"Plein air","item":"https:\/\/schweizversand.ch\/fr\/produkt-kategorie\/sports\/plein-air\/"},{"@type":"ListItem","position":5,"name":"\u00c9quipement de plein air","item":"https:\/\/schweizversand.ch\/fr\/produkt-kategorie\/sports\/plein-air\/outdoorausruestung\/"},{"@type":"ListItem","position":6,"name":"Gobelet \u00e0 paille Excellent Houseware"}]},{"@type":"WebSite","@id":"https:\/\/schweizversand.ch\/fr\/#website","url":"https:\/\/schweizversand.ch\/fr\/","name":"Schweizer Shop f\u00fcr Sport, Spiel und Freizeit","description":"Gratisversand ab 50.- (netto), ab eigenem schweizer Lager, Lieferung innert 48h","publisher":{"@id":"https:\/\/schweizversand.ch\/fr\/#organization"},"alternateName":"Schweizversand.ch","potentialAction":[{"@type":"SearchAction","target":{"@type":"EntryPoint","urlTemplate":"https:\/\/schweizversand.ch\/fr\/?s={search_term_string}"},"query-input":{"@type":"PropertyValueSpecification","valueRequired":true,"valueName":"search_term_string"}}],"inLanguage":"fr-FR"},{"@type":"Organization","@id":"https:\/\/schweizversand.ch\/fr\/#organization","name":"Schweizversand.ch","url":"https:\/\/schweizversand.ch\/fr\/","logo":{"@type":"ImageObject","inLanguage":"fr-FR","@id":"https:\/\/schweizversand.ch\/fr\/#\/schema\/logo\/image\/","url":"https:\/\/schweizversand.ch\/wp-content\/uploads\/2026\/03\/Logo_Rund_Final-1.png","contentUrl":"https:\/\/schweizversand.ch\/wp-content\/uploads\/2026\/03\/Logo_Rund_Final-1.png","width":404,"height":404,"caption":"Schweizversand.ch"},"image":{"@id":"https:\/\/schweizversand.ch\/fr\/#\/schema\/logo\/image\/"},"sameAs":["https:\/\/www.facebook.com\/Schweizversand","https:\/\/www.instagram.com\/schweizversand.ch\/"]}]}},"jetpack_sharing_enabled":true,"_links":{"self":[{"href":"https:\/\/schweizversand.ch\/fr\/wp-json\/wp\/v2\/product\/247937","targetHints":{"allow":["GET"]}}],"collection":[{"href":"https:\/\/schweizversand.ch\/fr\/wp-json\/wp\/v2\/product"}],"about":[{"href":"https:\/\/schweizversand.ch\/fr\/wp-json\/wp\/v2\/types\/product"}],"replies":[{"embeddable":true,"href":"https:\/\/schweizversand.ch\/fr\/wp-json\/wp\/v2\/comments?post=247937"}],"wp:featuredmedia":[{"embeddable":true,"href":"https:\/\/schweizversand.ch\/fr\/wp-json\/wp\/v2\/media\/156774"}],"wp:attachment":[{"href":"https:\/\/schweizversand.ch\/fr\/wp-json\/wp\/v2\/media?parent=247937"}],"wp:term":[{"taxonomy":"product_brand","embeddable":true,"href":"https:\/\/schweizversand.ch\/fr\/wp-json\/wp\/v2\/product_brand?post=247937"},{"taxonomy":"product_cat","embeddable":true,"href":"https:\/\/schweizversand.ch\/fr\/wp-json\/wp\/v2\/product_cat?post=247937"},{"taxonomy":"product_tag","embeddable":true,"href":"https:\/\/schweizversand.ch\/fr\/wp-json\/wp\/v2\/product_tag?post=247937"}],"curies":[{"name":"wp","href":"https:\/\/api.w.org\/{rel}","templated":true}]}}