{"id":247961,"date":"2026-03-14T23:20:54","date_gmt":"2026-03-14T22:20:54","guid":{"rendered":"https:\/\/schweizversand.ch\/produkt\/excellent-houseware-saftpresse\/"},"modified":"2026-04-19T02:02:57","modified_gmt":"2026-04-19T00:02:57","slug":"excellent-houseware-saftpresse","status":"publish","type":"product","link":"https:\/\/schweizversand.ch\/fr\/produkt\/excellent-houseware-saftpresse\/","title":{"rendered":"Excellent presse-agrumes m\u00e9nager"},"content":{"rendered":"<p>Presse-agrumes 480 ml \u2013 Fra\u00eechement press\u00e9. Facile. Rapide.<\/p>\n<p>Gr\u00e2ce \u00e0 ce presse-agrumes pratique en polypropyl\u00e8ne robuste, profitez pleinement des agrumes \u2013 directement, proprement et sans \u00e9lectricit\u00e9. Id\u00e9al pour un apport rapide en vitamines \u00e0 tout moment.<\/p>\n<p>Capacit\u00e9 pratique \u2013 480 ml (16,23 oz)<\/p>\n<p>L\u00e9ger et robuste \u2013 Fabriqu\u00e9 en polypropyl\u00e8ne durable, il ne p\u00e8se que 107 g.<\/p>\n<p>Design soign\u00e9 \u2013 Couvercle blanc, corps disponible en 3 couleurs assorties\u00a0: vert, vert fonc\u00e9 et gris.<\/p>\n<p>Remarque\u00a0: Les couleurs sont livr\u00e9es assorties. Le choix de la couleur n\u2019est pas possible.<\/p>\n<p>\u2022 Prix unitaire.<\/p>\n<p>Naturellement frais \u2013 Un petit alli\u00e9 en cuisine pour un grand impact.<\/p>\n","protected":false},"excerpt":{"rendered":"<p>Presse-agrumes 480 ml \u2013 Fra\u00eechement press\u00e9. Facile. Rapide. Gr\u00e2ce \u00e0 ce presse-agrumes pratique en polypropyl\u00e8ne robuste, profitez pleinement des agrumes \u2013 directement, proprement et sans \u00e9lectricit\u00e9. Id\u00e9al pour un apport rapide en vitamines \u00e0 tout moment. Capacit\u00e9 pratique \u2013 480 ml (16,23 oz) L\u00e9ger et robuste \u2013 Fabriqu\u00e9 en polypropyl\u00e8ne durable, il ne p\u00e8se que 107 g. Design soign\u00e9 \u2013 Couvercle blanc, corps disponible en 3 couleurs assorties\u00a0: vert, vert fonc\u00e9 et gris. Remarque\u00a0: Les&hellip;<\/p>\n","protected":false},"featured_media":156945,"comment_status":"open","ping_status":"closed","template":"","meta":[],"product_brand":[],"product_cat":[38339],"product_tag":[],"class_list":{"0":"post-247961","1":"product","2":"type-product","3":"status-publish","4":"has-post-thumbnail","6":"product_cat-kuechenhelfer","7":"product_shipping_class-global_methods","9":"first","10":"instock","11":"taxable","12":"shipping-taxable","13":"purchasable","14":"product-type-simple"},"yoast_head":"<!-- This site is optimized with the Yoast SEO plugin v27.4 - https:\/\/yoast.com\/product\/yoast-seo-wordpress\/ -->\n<title>Excellent Houseware Saftpresse | Jetzt kaufen | Schweizversand.ch<\/title>\n<meta name=\"description\" content=\"Excellent Houseware Saftpresse g\u00fcnstig kaufen bei Schweizversand.ch. Schnelle Lieferung in der Schweiz. Gratisversand ab CHF 50.\" \/>\n<meta name=\"robots\" content=\"index, follow, max-snippet:-1, max-image-preview:large, max-video-preview:-1\" \/>\n<link rel=\"canonical\" href=\"https:\/\/schweizversand.ch\/fr\/produkt\/excellent-houseware-saftpresse\/\" \/>\n<meta property=\"og:locale\" content=\"fr_FR\" \/>\n<meta property=\"og:type\" content=\"article\" \/>\n<meta property=\"og:title\" content=\"Excellent Houseware Saftpresse | Jetzt kaufen | Schweizversand.ch\" \/>\n<meta property=\"og:description\" content=\"Excellent Houseware Saftpresse g\u00fcnstig kaufen bei Schweizversand.ch. Schnelle Lieferung in der Schweiz. Gratisversand ab CHF 50.\" \/>\n<meta property=\"og:url\" content=\"https:\/\/schweizversand.ch\/fr\/produkt\/excellent-houseware-saftpresse\/\" \/>\n<meta property=\"og:site_name\" content=\"Schweizer Shop f\u00fcr Sport, Spiel und Freizeit\" \/>\n<meta property=\"article:publisher\" content=\"https:\/\/www.facebook.com\/Schweizversand\" \/>\n<meta property=\"article:modified_time\" content=\"2026-04-19T00:02:57+00:00\" \/>\n<meta property=\"og:image\" content=\"https:\/\/schweizversand.ch\/wp-content\/uploads\/2026\/02\/5471860143.jpg\" \/>\n\t<meta property=\"og:image:width\" content=\"1024\" \/>\n\t<meta property=\"og:image:height\" content=\"538\" \/>\n\t<meta property=\"og:image:type\" content=\"image\/jpeg\" \/>\n<meta name=\"twitter:card\" content=\"summary_large_image\" \/>\n<script type=\"application\/ld+json\" class=\"yoast-schema-graph\">{\"@context\":\"https:\\\/\\\/schema.org\",\"@graph\":[{\"@type\":\"WebPage\",\"@id\":\"https:\\\/\\\/schweizversand.ch\\\/fr\\\/produkt\\\/excellent-houseware-saftpresse\\\/\",\"url\":\"https:\\\/\\\/schweizversand.ch\\\/fr\\\/produkt\\\/excellent-houseware-saftpresse\\\/\",\"name\":\"Excellent Houseware Saftpresse | Jetzt kaufen | Schweizversand.ch\",\"isPartOf\":{\"@id\":\"https:\\\/\\\/schweizversand.ch\\\/fr\\\/#website\"},\"primaryImageOfPage\":{\"@id\":\"https:\\\/\\\/schweizversand.ch\\\/fr\\\/produkt\\\/excellent-houseware-saftpresse\\\/#primaryimage\"},\"image\":{\"@id\":\"https:\\\/\\\/schweizversand.ch\\\/fr\\\/produkt\\\/excellent-houseware-saftpresse\\\/#primaryimage\"},\"thumbnailUrl\":\"https:\\\/\\\/schweizversand.ch\\\/wp-content\\\/uploads\\\/2026\\\/02\\\/5471860143.jpg\",\"datePublished\":\"2026-03-14T22:20:54+00:00\",\"dateModified\":\"2026-04-19T00:02:57+00:00\",\"description\":\"Excellent Houseware Saftpresse g\u00fcnstig kaufen bei Schweizversand.ch. Schnelle Lieferung in der Schweiz. Gratisversand ab CHF 50.\",\"breadcrumb\":{\"@id\":\"https:\\\/\\\/schweizversand.ch\\\/fr\\\/produkt\\\/excellent-houseware-saftpresse\\\/#breadcrumb\"},\"inLanguage\":\"fr-FR\",\"potentialAction\":[{\"@type\":\"ReadAction\",\"target\":[\"https:\\\/\\\/schweizversand.ch\\\/fr\\\/produkt\\\/excellent-houseware-saftpresse\\\/\"]}]},{\"@type\":\"ImageObject\",\"inLanguage\":\"fr-FR\",\"@id\":\"https:\\\/\\\/schweizversand.ch\\\/fr\\\/produkt\\\/excellent-houseware-saftpresse\\\/#primaryimage\",\"url\":\"https:\\\/\\\/schweizversand.ch\\\/wp-content\\\/uploads\\\/2026\\\/02\\\/5471860143.jpg\",\"contentUrl\":\"https:\\\/\\\/schweizversand.ch\\\/wp-content\\\/uploads\\\/2026\\\/02\\\/5471860143.jpg\",\"width\":1024,\"height\":538},{\"@type\":\"BreadcrumbList\",\"@id\":\"https:\\\/\\\/schweizversand.ch\\\/fr\\\/produkt\\\/excellent-houseware-saftpresse\\\/#breadcrumb\",\"itemListElement\":[{\"@type\":\"ListItem\",\"position\":1,\"name\":\"Startseite\",\"item\":\"https:\\\/\\\/schweizversand.ch\\\/fr\\\/home\\\/\"},{\"@type\":\"ListItem\",\"position\":2,\"name\":\"Boutique\",\"item\":\"https:\\\/\\\/schweizversand.ch\\\/fr\\\/boutique\\\/\"},{\"@type\":\"ListItem\",\"position\":3,\"name\":\"M\u00e9nage\",\"item\":\"https:\\\/\\\/schweizversand.ch\\\/fr\\\/produkt-kategorie\\\/menage\\\/\"},{\"@type\":\"ListItem\",\"position\":4,\"name\":\"Cuisine\",\"item\":\"https:\\\/\\\/schweizversand.ch\\\/fr\\\/produkt-kategorie\\\/menage\\\/cuisine\\\/\"},{\"@type\":\"ListItem\",\"position\":5,\"name\":\"Aides de cuisine\",\"item\":\"https:\\\/\\\/schweizversand.ch\\\/fr\\\/produkt-kategorie\\\/menage\\\/cuisine\\\/kuechenhelfer\\\/\"},{\"@type\":\"ListItem\",\"position\":6,\"name\":\"Excellent presse-agrumes m\u00e9nager\"}]},{\"@type\":\"WebSite\",\"@id\":\"https:\\\/\\\/schweizversand.ch\\\/fr\\\/#website\",\"url\":\"https:\\\/\\\/schweizversand.ch\\\/fr\\\/\",\"name\":\"Schweizer Shop f\u00fcr Sport, Spiel und Freizeit\",\"description\":\"Gratisversand ab 50.- (netto), ab eigenem schweizer Lager, Lieferung innert 48h\",\"publisher\":{\"@id\":\"https:\\\/\\\/schweizversand.ch\\\/fr\\\/#organization\"},\"alternateName\":\"Schweizversand.ch\",\"potentialAction\":[{\"@type\":\"SearchAction\",\"target\":{\"@type\":\"EntryPoint\",\"urlTemplate\":\"https:\\\/\\\/schweizversand.ch\\\/fr\\\/?s={search_term_string}\"},\"query-input\":{\"@type\":\"PropertyValueSpecification\",\"valueRequired\":true,\"valueName\":\"search_term_string\"}}],\"inLanguage\":\"fr-FR\"},{\"@type\":\"Organization\",\"@id\":\"https:\\\/\\\/schweizversand.ch\\\/fr\\\/#organization\",\"name\":\"Schweizversand.ch\",\"url\":\"https:\\\/\\\/schweizversand.ch\\\/fr\\\/\",\"logo\":{\"@type\":\"ImageObject\",\"inLanguage\":\"fr-FR\",\"@id\":\"https:\\\/\\\/schweizversand.ch\\\/fr\\\/#\\\/schema\\\/logo\\\/image\\\/\",\"url\":\"https:\\\/\\\/schweizversand.ch\\\/wp-content\\\/uploads\\\/2026\\\/03\\\/Logo_Rund_Final-1.png\",\"contentUrl\":\"https:\\\/\\\/schweizversand.ch\\\/wp-content\\\/uploads\\\/2026\\\/03\\\/Logo_Rund_Final-1.png\",\"width\":404,\"height\":404,\"caption\":\"Schweizversand.ch\"},\"image\":{\"@id\":\"https:\\\/\\\/schweizversand.ch\\\/fr\\\/#\\\/schema\\\/logo\\\/image\\\/\"},\"sameAs\":[\"https:\\\/\\\/www.facebook.com\\\/Schweizversand\",\"https:\\\/\\\/www.instagram.com\\\/schweizversand.ch\\\/\"]}]}<\/script>\n<!-- \/ Yoast SEO plugin. -->","yoast_head_json":{"title":"Excellent Houseware Saftpresse | Jetzt kaufen | Schweizversand.ch","description":"Excellent Houseware Saftpresse g\u00fcnstig kaufen bei Schweizversand.ch. Schnelle Lieferung in der Schweiz. Gratisversand ab CHF 50.","robots":{"index":"index","follow":"follow","max-snippet":"max-snippet:-1","max-image-preview":"max-image-preview:large","max-video-preview":"max-video-preview:-1"},"canonical":"https:\/\/schweizversand.ch\/fr\/produkt\/excellent-houseware-saftpresse\/","og_locale":"fr_FR","og_type":"article","og_title":"Excellent Houseware Saftpresse | Jetzt kaufen | Schweizversand.ch","og_description":"Excellent Houseware Saftpresse g\u00fcnstig kaufen bei Schweizversand.ch. Schnelle Lieferung in der Schweiz. Gratisversand ab CHF 50.","og_url":"https:\/\/schweizversand.ch\/fr\/produkt\/excellent-houseware-saftpresse\/","og_site_name":"Schweizer Shop f\u00fcr Sport, Spiel und Freizeit","article_publisher":"https:\/\/www.facebook.com\/Schweizversand","article_modified_time":"2026-04-19T00:02:57+00:00","og_image":[{"width":1024,"height":538,"url":"https:\/\/schweizversand.ch\/wp-content\/uploads\/2026\/02\/5471860143.jpg","type":"image\/jpeg"}],"twitter_card":"summary_large_image","schema":{"@context":"https:\/\/schema.org","@graph":[{"@type":"WebPage","@id":"https:\/\/schweizversand.ch\/fr\/produkt\/excellent-houseware-saftpresse\/","url":"https:\/\/schweizversand.ch\/fr\/produkt\/excellent-houseware-saftpresse\/","name":"Excellent Houseware Saftpresse | Jetzt kaufen | Schweizversand.ch","isPartOf":{"@id":"https:\/\/schweizversand.ch\/fr\/#website"},"primaryImageOfPage":{"@id":"https:\/\/schweizversand.ch\/fr\/produkt\/excellent-houseware-saftpresse\/#primaryimage"},"image":{"@id":"https:\/\/schweizversand.ch\/fr\/produkt\/excellent-houseware-saftpresse\/#primaryimage"},"thumbnailUrl":"https:\/\/schweizversand.ch\/wp-content\/uploads\/2026\/02\/5471860143.jpg","datePublished":"2026-03-14T22:20:54+00:00","dateModified":"2026-04-19T00:02:57+00:00","description":"Excellent Houseware Saftpresse g\u00fcnstig kaufen bei Schweizversand.ch. Schnelle Lieferung in der Schweiz. Gratisversand ab CHF 50.","breadcrumb":{"@id":"https:\/\/schweizversand.ch\/fr\/produkt\/excellent-houseware-saftpresse\/#breadcrumb"},"inLanguage":"fr-FR","potentialAction":[{"@type":"ReadAction","target":["https:\/\/schweizversand.ch\/fr\/produkt\/excellent-houseware-saftpresse\/"]}]},{"@type":"ImageObject","inLanguage":"fr-FR","@id":"https:\/\/schweizversand.ch\/fr\/produkt\/excellent-houseware-saftpresse\/#primaryimage","url":"https:\/\/schweizversand.ch\/wp-content\/uploads\/2026\/02\/5471860143.jpg","contentUrl":"https:\/\/schweizversand.ch\/wp-content\/uploads\/2026\/02\/5471860143.jpg","width":1024,"height":538},{"@type":"BreadcrumbList","@id":"https:\/\/schweizversand.ch\/fr\/produkt\/excellent-houseware-saftpresse\/#breadcrumb","itemListElement":[{"@type":"ListItem","position":1,"name":"Startseite","item":"https:\/\/schweizversand.ch\/fr\/home\/"},{"@type":"ListItem","position":2,"name":"Boutique","item":"https:\/\/schweizversand.ch\/fr\/boutique\/"},{"@type":"ListItem","position":3,"name":"M\u00e9nage","item":"https:\/\/schweizversand.ch\/fr\/produkt-kategorie\/menage\/"},{"@type":"ListItem","position":4,"name":"Cuisine","item":"https:\/\/schweizversand.ch\/fr\/produkt-kategorie\/menage\/cuisine\/"},{"@type":"ListItem","position":5,"name":"Aides de cuisine","item":"https:\/\/schweizversand.ch\/fr\/produkt-kategorie\/menage\/cuisine\/kuechenhelfer\/"},{"@type":"ListItem","position":6,"name":"Excellent presse-agrumes m\u00e9nager"}]},{"@type":"WebSite","@id":"https:\/\/schweizversand.ch\/fr\/#website","url":"https:\/\/schweizversand.ch\/fr\/","name":"Schweizer Shop f\u00fcr Sport, Spiel und Freizeit","description":"Gratisversand ab 50.- (netto), ab eigenem schweizer Lager, Lieferung innert 48h","publisher":{"@id":"https:\/\/schweizversand.ch\/fr\/#organization"},"alternateName":"Schweizversand.ch","potentialAction":[{"@type":"SearchAction","target":{"@type":"EntryPoint","urlTemplate":"https:\/\/schweizversand.ch\/fr\/?s={search_term_string}"},"query-input":{"@type":"PropertyValueSpecification","valueRequired":true,"valueName":"search_term_string"}}],"inLanguage":"fr-FR"},{"@type":"Organization","@id":"https:\/\/schweizversand.ch\/fr\/#organization","name":"Schweizversand.ch","url":"https:\/\/schweizversand.ch\/fr\/","logo":{"@type":"ImageObject","inLanguage":"fr-FR","@id":"https:\/\/schweizversand.ch\/fr\/#\/schema\/logo\/image\/","url":"https:\/\/schweizversand.ch\/wp-content\/uploads\/2026\/03\/Logo_Rund_Final-1.png","contentUrl":"https:\/\/schweizversand.ch\/wp-content\/uploads\/2026\/03\/Logo_Rund_Final-1.png","width":404,"height":404,"caption":"Schweizversand.ch"},"image":{"@id":"https:\/\/schweizversand.ch\/fr\/#\/schema\/logo\/image\/"},"sameAs":["https:\/\/www.facebook.com\/Schweizversand","https:\/\/www.instagram.com\/schweizversand.ch\/"]}]}},"jetpack_sharing_enabled":true,"_links":{"self":[{"href":"https:\/\/schweizversand.ch\/fr\/wp-json\/wp\/v2\/product\/247961","targetHints":{"allow":["GET"]}}],"collection":[{"href":"https:\/\/schweizversand.ch\/fr\/wp-json\/wp\/v2\/product"}],"about":[{"href":"https:\/\/schweizversand.ch\/fr\/wp-json\/wp\/v2\/types\/product"}],"replies":[{"embeddable":true,"href":"https:\/\/schweizversand.ch\/fr\/wp-json\/wp\/v2\/comments?post=247961"}],"wp:featuredmedia":[{"embeddable":true,"href":"https:\/\/schweizversand.ch\/fr\/wp-json\/wp\/v2\/media\/156945"}],"wp:attachment":[{"href":"https:\/\/schweizversand.ch\/fr\/wp-json\/wp\/v2\/media?parent=247961"}],"wp:term":[{"taxonomy":"product_brand","embeddable":true,"href":"https:\/\/schweizversand.ch\/fr\/wp-json\/wp\/v2\/product_brand?post=247961"},{"taxonomy":"product_cat","embeddable":true,"href":"https:\/\/schweizversand.ch\/fr\/wp-json\/wp\/v2\/product_cat?post=247961"},{"taxonomy":"product_tag","embeddable":true,"href":"https:\/\/schweizversand.ch\/fr\/wp-json\/wp\/v2\/product_tag?post=247961"}],"curies":[{"name":"wp","href":"https:\/\/api.w.org\/{rel}","templated":true}]}}