{"id":247966,"date":"2026-03-14T23:20:55","date_gmt":"2026-03-14T22:20:55","guid":{"rendered":"https:\/\/schweizversand.ch\/produkt\/excellent-houseware-kuechenzange\/"},"modified":"2026-04-19T02:02:57","modified_gmt":"2026-04-19T00:02:57","slug":"excellent-houseware-kuechenzange","status":"publish","type":"product","link":"https:\/\/schweizversand.ch\/fr\/produkt\/excellent-houseware-kuechenzange\/","title":{"rendered":"Excellentes pinces de cuisine Houseware"},"content":{"rendered":"<p>Polyvalente. \u00c9l\u00e9gante. Toujours \u00e0 port\u00e9e de main \u2013 Pince de cuisine en acier inoxydable avec poign\u00e9e ergonomique. Cette pince de cuisine robuste (28 cm) est votre alli\u00e9e fiable pour griller, cuisiner et servir. Avec un noyau en acier inoxydable de haute qualit\u00e9, une poign\u00e9e antid\u00e9rapante en TPR et une t\u00eate en PBT r\u00e9sistant \u00e0 la chaleur, elle allie fonctionnalit\u00e9 et design moderne. D\u00e9tails du produit\u00a0: Mat\u00e9riau\u00a0: Acier inoxydable avec t\u00eate en PBT (r\u00e9sistant \u00e0 la chaleur) Poign\u00e9e ergonomique avec insert en TPR \u2013 prise en main s\u00fbre et confortable Longueur\u00a0: 28 cm Avantages en un coup d\u2019\u0153il\u00a0: Qualit\u00e9 robuste et r\u00e9sistance \u00e0 la chaleur Poign\u00e9e antid\u00e9rapante pour une utilisation pr\u00e9cise Facile \u00e0 nettoyer Durable<br \/>Disponible en 3 couleurs\u00a0: Vert, Vert fonc\u00e9, Gris.<\/p>\n<\/div>\n<div>Couleur non s\u00e9lectionnable.<br \/>Prix unitaire<\/p>\n","protected":false},"excerpt":{"rendered":"<p>Polyvalente. \u00c9l\u00e9gante. Toujours \u00e0 port\u00e9e de main \u2013 Pince de cuisine en acier inoxydable avec poign\u00e9e ergonomique. Cette pince de cuisine robuste (28 cm) est votre alli\u00e9e fiable pour griller, cuisiner et servir. Avec un noyau en acier inoxydable de haute qualit\u00e9, une poign\u00e9e antid\u00e9rapante en TPR et une t\u00eate en PBT r\u00e9sistant \u00e0 la chaleur, elle allie fonctionnalit\u00e9 et design moderne. D\u00e9tails du produit\u00a0: Mat\u00e9riau\u00a0: Acier inoxydable avec t\u00eate en PBT (r\u00e9sistant \u00e0 la&hellip;<\/p>\n","protected":false},"featured_media":156955,"comment_status":"open","ping_status":"closed","template":"","meta":[],"product_brand":[],"product_cat":[38339],"product_tag":[],"class_list":{"0":"post-247966","1":"product","2":"type-product","3":"status-publish","4":"has-post-thumbnail","6":"product_cat-kuechenhelfer","7":"product_shipping_class-global_methods","9":"first","10":"instock","11":"taxable","12":"shipping-taxable","13":"purchasable","14":"product-type-simple"},"yoast_head":"<!-- This site is optimized with the Yoast SEO plugin v27.4 - https:\/\/yoast.com\/product\/yoast-seo-wordpress\/ -->\n<title>Excellent Houseware K\u00fcchenzange | Jetzt kaufen | Schweizversand.ch<\/title>\n<meta name=\"description\" content=\"Excellent Houseware K\u00fcchenzange g\u00fcnstig kaufen bei Schweizversand.ch. Schnelle Lieferung in der Schweiz. Gratisversand ab CHF 50.\" \/>\n<meta name=\"robots\" content=\"index, follow, max-snippet:-1, max-image-preview:large, max-video-preview:-1\" \/>\n<link rel=\"canonical\" href=\"https:\/\/schweizversand.ch\/fr\/produkt\/excellent-houseware-kuechenzange\/\" \/>\n<meta property=\"og:locale\" content=\"fr_FR\" \/>\n<meta property=\"og:type\" content=\"article\" \/>\n<meta property=\"og:title\" content=\"Excellent Houseware K\u00fcchenzange | Jetzt kaufen | Schweizversand.ch\" \/>\n<meta property=\"og:description\" content=\"Excellent Houseware K\u00fcchenzange g\u00fcnstig kaufen bei Schweizversand.ch. Schnelle Lieferung in der Schweiz. Gratisversand ab CHF 50.\" \/>\n<meta property=\"og:url\" content=\"https:\/\/schweizversand.ch\/fr\/produkt\/excellent-houseware-kuechenzange\/\" \/>\n<meta property=\"og:site_name\" content=\"Schweizer Shop f\u00fcr Sport, Spiel und Freizeit\" \/>\n<meta property=\"article:publisher\" content=\"https:\/\/www.facebook.com\/Schweizversand\" \/>\n<meta property=\"article:modified_time\" content=\"2026-04-19T00:02:57+00:00\" \/>\n<meta property=\"og:image\" content=\"https:\/\/schweizversand.ch\/wp-content\/uploads\/2026\/02\/5471868138.jpg\" \/>\n\t<meta property=\"og:image:width\" content=\"652\" \/>\n\t<meta property=\"og:image:height\" content=\"1024\" \/>\n\t<meta property=\"og:image:type\" content=\"image\/jpeg\" \/>\n<meta name=\"twitter:card\" content=\"summary_large_image\" \/>\n<meta name=\"twitter:label1\" content=\"Dur\u00e9e de lecture estim\u00e9e\" \/>\n\t<meta name=\"twitter:data1\" content=\"1 minute\" \/>\n<script type=\"application\/ld+json\" class=\"yoast-schema-graph\">{\"@context\":\"https:\\\/\\\/schema.org\",\"@graph\":[{\"@type\":\"WebPage\",\"@id\":\"https:\\\/\\\/schweizversand.ch\\\/fr\\\/produkt\\\/excellent-houseware-kuechenzange\\\/\",\"url\":\"https:\\\/\\\/schweizversand.ch\\\/fr\\\/produkt\\\/excellent-houseware-kuechenzange\\\/\",\"name\":\"Excellent Houseware K\u00fcchenzange | Jetzt kaufen | Schweizversand.ch\",\"isPartOf\":{\"@id\":\"https:\\\/\\\/schweizversand.ch\\\/fr\\\/#website\"},\"primaryImageOfPage\":{\"@id\":\"https:\\\/\\\/schweizversand.ch\\\/fr\\\/produkt\\\/excellent-houseware-kuechenzange\\\/#primaryimage\"},\"image\":{\"@id\":\"https:\\\/\\\/schweizversand.ch\\\/fr\\\/produkt\\\/excellent-houseware-kuechenzange\\\/#primaryimage\"},\"thumbnailUrl\":\"https:\\\/\\\/schweizversand.ch\\\/wp-content\\\/uploads\\\/2026\\\/02\\\/5471868138.jpg\",\"datePublished\":\"2026-03-14T22:20:55+00:00\",\"dateModified\":\"2026-04-19T00:02:57+00:00\",\"description\":\"Excellent Houseware K\u00fcchenzange g\u00fcnstig kaufen bei Schweizversand.ch. Schnelle Lieferung in der Schweiz. Gratisversand ab CHF 50.\",\"breadcrumb\":{\"@id\":\"https:\\\/\\\/schweizversand.ch\\\/fr\\\/produkt\\\/excellent-houseware-kuechenzange\\\/#breadcrumb\"},\"inLanguage\":\"fr-FR\",\"potentialAction\":[{\"@type\":\"ReadAction\",\"target\":[\"https:\\\/\\\/schweizversand.ch\\\/fr\\\/produkt\\\/excellent-houseware-kuechenzange\\\/\"]}]},{\"@type\":\"ImageObject\",\"inLanguage\":\"fr-FR\",\"@id\":\"https:\\\/\\\/schweizversand.ch\\\/fr\\\/produkt\\\/excellent-houseware-kuechenzange\\\/#primaryimage\",\"url\":\"https:\\\/\\\/schweizversand.ch\\\/wp-content\\\/uploads\\\/2026\\\/02\\\/5471868138.jpg\",\"contentUrl\":\"https:\\\/\\\/schweizversand.ch\\\/wp-content\\\/uploads\\\/2026\\\/02\\\/5471868138.jpg\",\"width\":652,\"height\":1024},{\"@type\":\"BreadcrumbList\",\"@id\":\"https:\\\/\\\/schweizversand.ch\\\/fr\\\/produkt\\\/excellent-houseware-kuechenzange\\\/#breadcrumb\",\"itemListElement\":[{\"@type\":\"ListItem\",\"position\":1,\"name\":\"Startseite\",\"item\":\"https:\\\/\\\/schweizversand.ch\\\/fr\\\/home\\\/\"},{\"@type\":\"ListItem\",\"position\":2,\"name\":\"Boutique\",\"item\":\"https:\\\/\\\/schweizversand.ch\\\/fr\\\/boutique\\\/\"},{\"@type\":\"ListItem\",\"position\":3,\"name\":\"M\u00e9nage\",\"item\":\"https:\\\/\\\/schweizversand.ch\\\/fr\\\/produkt-kategorie\\\/menage\\\/\"},{\"@type\":\"ListItem\",\"position\":4,\"name\":\"Cuisine\",\"item\":\"https:\\\/\\\/schweizversand.ch\\\/fr\\\/produkt-kategorie\\\/menage\\\/cuisine\\\/\"},{\"@type\":\"ListItem\",\"position\":5,\"name\":\"Aides de cuisine\",\"item\":\"https:\\\/\\\/schweizversand.ch\\\/fr\\\/produkt-kategorie\\\/menage\\\/cuisine\\\/kuechenhelfer\\\/\"},{\"@type\":\"ListItem\",\"position\":6,\"name\":\"Excellentes pinces de cuisine Houseware\"}]},{\"@type\":\"WebSite\",\"@id\":\"https:\\\/\\\/schweizversand.ch\\\/fr\\\/#website\",\"url\":\"https:\\\/\\\/schweizversand.ch\\\/fr\\\/\",\"name\":\"Schweizer Shop f\u00fcr Sport, Spiel und Freizeit\",\"description\":\"Gratisversand ab 50.- (netto), ab eigenem schweizer Lager, Lieferung innert 48h\",\"publisher\":{\"@id\":\"https:\\\/\\\/schweizversand.ch\\\/fr\\\/#organization\"},\"alternateName\":\"Schweizversand.ch\",\"potentialAction\":[{\"@type\":\"SearchAction\",\"target\":{\"@type\":\"EntryPoint\",\"urlTemplate\":\"https:\\\/\\\/schweizversand.ch\\\/fr\\\/?s={search_term_string}\"},\"query-input\":{\"@type\":\"PropertyValueSpecification\",\"valueRequired\":true,\"valueName\":\"search_term_string\"}}],\"inLanguage\":\"fr-FR\"},{\"@type\":\"Organization\",\"@id\":\"https:\\\/\\\/schweizversand.ch\\\/fr\\\/#organization\",\"name\":\"Schweizversand.ch\",\"url\":\"https:\\\/\\\/schweizversand.ch\\\/fr\\\/\",\"logo\":{\"@type\":\"ImageObject\",\"inLanguage\":\"fr-FR\",\"@id\":\"https:\\\/\\\/schweizversand.ch\\\/fr\\\/#\\\/schema\\\/logo\\\/image\\\/\",\"url\":\"https:\\\/\\\/schweizversand.ch\\\/wp-content\\\/uploads\\\/2026\\\/03\\\/Logo_Rund_Final-1.png\",\"contentUrl\":\"https:\\\/\\\/schweizversand.ch\\\/wp-content\\\/uploads\\\/2026\\\/03\\\/Logo_Rund_Final-1.png\",\"width\":404,\"height\":404,\"caption\":\"Schweizversand.ch\"},\"image\":{\"@id\":\"https:\\\/\\\/schweizversand.ch\\\/fr\\\/#\\\/schema\\\/logo\\\/image\\\/\"},\"sameAs\":[\"https:\\\/\\\/www.facebook.com\\\/Schweizversand\",\"https:\\\/\\\/www.instagram.com\\\/schweizversand.ch\\\/\"]}]}<\/script>\n<!-- \/ Yoast SEO plugin. -->","yoast_head_json":{"title":"Excellent Houseware K\u00fcchenzange | Jetzt kaufen | Schweizversand.ch","description":"Excellent Houseware K\u00fcchenzange g\u00fcnstig kaufen bei Schweizversand.ch. Schnelle Lieferung in der Schweiz. Gratisversand ab CHF 50.","robots":{"index":"index","follow":"follow","max-snippet":"max-snippet:-1","max-image-preview":"max-image-preview:large","max-video-preview":"max-video-preview:-1"},"canonical":"https:\/\/schweizversand.ch\/fr\/produkt\/excellent-houseware-kuechenzange\/","og_locale":"fr_FR","og_type":"article","og_title":"Excellent Houseware K\u00fcchenzange | Jetzt kaufen | Schweizversand.ch","og_description":"Excellent Houseware K\u00fcchenzange g\u00fcnstig kaufen bei Schweizversand.ch. Schnelle Lieferung in der Schweiz. Gratisversand ab CHF 50.","og_url":"https:\/\/schweizversand.ch\/fr\/produkt\/excellent-houseware-kuechenzange\/","og_site_name":"Schweizer Shop f\u00fcr Sport, Spiel und Freizeit","article_publisher":"https:\/\/www.facebook.com\/Schweizversand","article_modified_time":"2026-04-19T00:02:57+00:00","og_image":[{"width":652,"height":1024,"url":"https:\/\/schweizversand.ch\/wp-content\/uploads\/2026\/02\/5471868138.jpg","type":"image\/jpeg"}],"twitter_card":"summary_large_image","twitter_misc":{"Dur\u00e9e de lecture estim\u00e9e":"1 minute"},"schema":{"@context":"https:\/\/schema.org","@graph":[{"@type":"WebPage","@id":"https:\/\/schweizversand.ch\/fr\/produkt\/excellent-houseware-kuechenzange\/","url":"https:\/\/schweizversand.ch\/fr\/produkt\/excellent-houseware-kuechenzange\/","name":"Excellent Houseware K\u00fcchenzange | Jetzt kaufen | Schweizversand.ch","isPartOf":{"@id":"https:\/\/schweizversand.ch\/fr\/#website"},"primaryImageOfPage":{"@id":"https:\/\/schweizversand.ch\/fr\/produkt\/excellent-houseware-kuechenzange\/#primaryimage"},"image":{"@id":"https:\/\/schweizversand.ch\/fr\/produkt\/excellent-houseware-kuechenzange\/#primaryimage"},"thumbnailUrl":"https:\/\/schweizversand.ch\/wp-content\/uploads\/2026\/02\/5471868138.jpg","datePublished":"2026-03-14T22:20:55+00:00","dateModified":"2026-04-19T00:02:57+00:00","description":"Excellent Houseware K\u00fcchenzange g\u00fcnstig kaufen bei Schweizversand.ch. Schnelle Lieferung in der Schweiz. Gratisversand ab CHF 50.","breadcrumb":{"@id":"https:\/\/schweizversand.ch\/fr\/produkt\/excellent-houseware-kuechenzange\/#breadcrumb"},"inLanguage":"fr-FR","potentialAction":[{"@type":"ReadAction","target":["https:\/\/schweizversand.ch\/fr\/produkt\/excellent-houseware-kuechenzange\/"]}]},{"@type":"ImageObject","inLanguage":"fr-FR","@id":"https:\/\/schweizversand.ch\/fr\/produkt\/excellent-houseware-kuechenzange\/#primaryimage","url":"https:\/\/schweizversand.ch\/wp-content\/uploads\/2026\/02\/5471868138.jpg","contentUrl":"https:\/\/schweizversand.ch\/wp-content\/uploads\/2026\/02\/5471868138.jpg","width":652,"height":1024},{"@type":"BreadcrumbList","@id":"https:\/\/schweizversand.ch\/fr\/produkt\/excellent-houseware-kuechenzange\/#breadcrumb","itemListElement":[{"@type":"ListItem","position":1,"name":"Startseite","item":"https:\/\/schweizversand.ch\/fr\/home\/"},{"@type":"ListItem","position":2,"name":"Boutique","item":"https:\/\/schweizversand.ch\/fr\/boutique\/"},{"@type":"ListItem","position":3,"name":"M\u00e9nage","item":"https:\/\/schweizversand.ch\/fr\/produkt-kategorie\/menage\/"},{"@type":"ListItem","position":4,"name":"Cuisine","item":"https:\/\/schweizversand.ch\/fr\/produkt-kategorie\/menage\/cuisine\/"},{"@type":"ListItem","position":5,"name":"Aides de cuisine","item":"https:\/\/schweizversand.ch\/fr\/produkt-kategorie\/menage\/cuisine\/kuechenhelfer\/"},{"@type":"ListItem","position":6,"name":"Excellentes pinces de cuisine Houseware"}]},{"@type":"WebSite","@id":"https:\/\/schweizversand.ch\/fr\/#website","url":"https:\/\/schweizversand.ch\/fr\/","name":"Schweizer Shop f\u00fcr Sport, Spiel und Freizeit","description":"Gratisversand ab 50.- (netto), ab eigenem schweizer Lager, Lieferung innert 48h","publisher":{"@id":"https:\/\/schweizversand.ch\/fr\/#organization"},"alternateName":"Schweizversand.ch","potentialAction":[{"@type":"SearchAction","target":{"@type":"EntryPoint","urlTemplate":"https:\/\/schweizversand.ch\/fr\/?s={search_term_string}"},"query-input":{"@type":"PropertyValueSpecification","valueRequired":true,"valueName":"search_term_string"}}],"inLanguage":"fr-FR"},{"@type":"Organization","@id":"https:\/\/schweizversand.ch\/fr\/#organization","name":"Schweizversand.ch","url":"https:\/\/schweizversand.ch\/fr\/","logo":{"@type":"ImageObject","inLanguage":"fr-FR","@id":"https:\/\/schweizversand.ch\/fr\/#\/schema\/logo\/image\/","url":"https:\/\/schweizversand.ch\/wp-content\/uploads\/2026\/03\/Logo_Rund_Final-1.png","contentUrl":"https:\/\/schweizversand.ch\/wp-content\/uploads\/2026\/03\/Logo_Rund_Final-1.png","width":404,"height":404,"caption":"Schweizversand.ch"},"image":{"@id":"https:\/\/schweizversand.ch\/fr\/#\/schema\/logo\/image\/"},"sameAs":["https:\/\/www.facebook.com\/Schweizversand","https:\/\/www.instagram.com\/schweizversand.ch\/"]}]}},"jetpack_sharing_enabled":true,"_links":{"self":[{"href":"https:\/\/schweizversand.ch\/fr\/wp-json\/wp\/v2\/product\/247966","targetHints":{"allow":["GET"]}}],"collection":[{"href":"https:\/\/schweizversand.ch\/fr\/wp-json\/wp\/v2\/product"}],"about":[{"href":"https:\/\/schweizversand.ch\/fr\/wp-json\/wp\/v2\/types\/product"}],"replies":[{"embeddable":true,"href":"https:\/\/schweizversand.ch\/fr\/wp-json\/wp\/v2\/comments?post=247966"}],"wp:featuredmedia":[{"embeddable":true,"href":"https:\/\/schweizversand.ch\/fr\/wp-json\/wp\/v2\/media\/156955"}],"wp:attachment":[{"href":"https:\/\/schweizversand.ch\/fr\/wp-json\/wp\/v2\/media?parent=247966"}],"wp:term":[{"taxonomy":"product_brand","embeddable":true,"href":"https:\/\/schweizversand.ch\/fr\/wp-json\/wp\/v2\/product_brand?post=247966"},{"taxonomy":"product_cat","embeddable":true,"href":"https:\/\/schweizversand.ch\/fr\/wp-json\/wp\/v2\/product_cat?post=247966"},{"taxonomy":"product_tag","embeddable":true,"href":"https:\/\/schweizversand.ch\/fr\/wp-json\/wp\/v2\/product_tag?post=247966"}],"curies":[{"name":"wp","href":"https:\/\/api.w.org\/{rel}","templated":true}]}}