{"id":247981,"date":"2026-03-14T23:20:58","date_gmt":"2026-03-14T22:20:58","guid":{"rendered":"https:\/\/schweizversand.ch\/produkt\/goliath-paint-sation-5-farben-im-topf\/"},"modified":"2026-04-19T02:02:57","modified_gmt":"2026-04-19T00:02:57","slug":"goliath-paint-sation-5-farben-im-topf","status":"publish","type":"product","link":"https:\/\/schweizversand.ch\/fr\/produkt\/goliath-paint-sation-5-farben-im-topf\/","title":{"rendered":"Goliath Paint-Station 5 Couleurs en Pot"},"content":{"rendered":"<h1><strong>Pots de peinture anti-d\u00e9versement \u2013 \u200b\u200bPeindre proprement<\/strong><\/h1>\n<div>R\u00e9volutionnez la peinture avec ces pots de peinture anti-d\u00e9versement innovants. Ce syst\u00e8me ing\u00e9nieux garantit que la peinture des enfants reste bien \u00e0 sa place\u00a0: dans le pot. Profitez d&rsquo;un moment de cr\u00e9ativit\u00e9 sans interruption, sans le stress des d\u00e9g\u00e2ts de peinture.<\/p>\n<\/div>\n<div><strong>L&rsquo;innovation au service d&rsquo;une cr\u00e9ativit\u00e9 propre<\/strong><br \/>Le secret de ces pots de peinture r\u00e9side dans leur syst\u00e8me anti-gravit\u00e9 unique. M\u00eame si le pot se renverse, la peinture reste parfaitement scell\u00e9e gr\u00e2ce \u00e0 sa conception \u00e9tanche. Id\u00e9al pour peindre sans se salir, ce pot est parfait pour les jeunes artistes qui souhaitent d\u00e9velopper leur motricit\u00e9 fine et leur cr\u00e9ativit\u00e9 de mani\u00e8re ludique. Parfait pour la cr\u00e8che et la maison\u00a0: ces pots de peinture au doigt sont l&rsquo;accessoire de loisirs cr\u00e9atifs id\u00e9al pour la cr\u00e8che et la maison. Leur conception bien pens\u00e9e permet aux enfants de travailler en toute autonomie, tandis que les parents et les \u00e9ducateurs n&rsquo;ont pas \u00e0 se soucier du nettoyage. Ces pots sont durables et \u00e9conomiques, et permettent de r\u00e9aliser d&rsquo;innombrables \u0153uvres color\u00e9es.<\/p>\n<\/div>\n<div><strong>Vos \u200b\u200bavantages en un coup d&rsquo;\u0153il<\/strong><br \/>&#8211; Syst\u00e8me anti-gravit\u00e9 innovant\u00a0: <strong>z\u00e9ro goutte ni \u00e9claboussure<\/strong><br \/>&#8211; Peinture propre\u00a0: Id\u00e9al pour les petites mains des enfants \u2013 sans danger et sans coulures<br \/>&#8211; Utilisation polyvalente\u00a0: Parfait pour la maison, la maternelle et l&rsquo;\u00e9cole<br \/>&#8211; Favorise la cr\u00e9ativit\u00e9 et la motricit\u00e9 fine\u00a0: Apprentissage ludique et propre<br \/>&#8211; S\u00fbr et adapt\u00e9 aux enfants\u00a0: Con\u00e7u pour les petits artistes \u00e0 partir de 3\u00a0ans<\/p>\n<\/div>\n<div>Investissez dans ces pots de peinture <strong>anti-\u00e9claboussures<\/strong> et offrez \u00e0 vos enfants la libert\u00e9 d&rsquo;exprimer leur cr\u00e9ativit\u00e9 tout en profitant d&rsquo;une maison propre.<\/p>\n<\/div>\n<div><\/div>\n","protected":false},"excerpt":{"rendered":"<p>Pots de peinture anti-d\u00e9versement \u2013 \u200b\u200bPeindre proprement R\u00e9volutionnez la peinture avec ces pots de peinture anti-d\u00e9versement innovants. Ce syst\u00e8me ing\u00e9nieux garantit que la peinture des enfants reste bien \u00e0 sa place\u00a0: dans le pot. Profitez d&rsquo;un moment de cr\u00e9ativit\u00e9 sans interruption, sans le stress des d\u00e9g\u00e2ts de peinture. L&rsquo;innovation au service d&rsquo;une cr\u00e9ativit\u00e9 propreLe secret de ces pots de peinture r\u00e9side dans leur syst\u00e8me anti-gravit\u00e9 unique. M\u00eame si le pot se renverse, la peinture reste&hellip;<\/p>\n","protected":false},"featured_media":157041,"comment_status":"open","ping_status":"closed","template":"","meta":[],"product_brand":[],"product_cat":[38357],"product_tag":[],"class_list":{"0":"post-247981","1":"product","2":"type-product","3":"status-publish","4":"has-post-thumbnail","6":"product_cat-malen","7":"product_shipping_class-global_methods","9":"first","10":"instock","11":"taxable","12":"shipping-taxable","13":"purchasable","14":"product-type-simple"},"yoast_head":"<!-- This site is optimized with the Yoast SEO plugin v27.4 - https:\/\/yoast.com\/product\/yoast-seo-wordpress\/ -->\n<title>Goliath Paint-Sation 5 Farben im Topf | Jetzt kaufen | Schweizversand.ch<\/title>\n<meta name=\"description\" content=\"Goliath Paint-Sation 5 Farben im Topf g\u00fcnstig kaufen bei Schweizversand.ch. Schnelle Lieferung in der Schweiz. Gratisversand ab CHF 50.\" \/>\n<meta name=\"robots\" content=\"index, follow, max-snippet:-1, max-image-preview:large, max-video-preview:-1\" \/>\n<link rel=\"canonical\" href=\"https:\/\/schweizversand.ch\/fr\/produkt\/goliath-paint-sation-5-farben-im-topf\/\" \/>\n<meta property=\"og:locale\" content=\"fr_FR\" \/>\n<meta property=\"og:type\" content=\"article\" \/>\n<meta property=\"og:title\" content=\"Goliath Paint-Sation 5 Farben im Topf | Jetzt kaufen | Schweizversand.ch\" \/>\n<meta property=\"og:description\" content=\"Goliath Paint-Sation 5 Farben im Topf g\u00fcnstig kaufen bei Schweizversand.ch. Schnelle Lieferung in der Schweiz. Gratisversand ab CHF 50.\" \/>\n<meta property=\"og:url\" content=\"https:\/\/schweizversand.ch\/fr\/produkt\/goliath-paint-sation-5-farben-im-topf\/\" \/>\n<meta property=\"og:site_name\" content=\"Schweizer Shop f\u00fcr Sport, Spiel und Freizeit\" \/>\n<meta property=\"article:publisher\" content=\"https:\/\/www.facebook.com\/Schweizversand\" \/>\n<meta property=\"article:modified_time\" content=\"2026-04-19T00:02:57+00:00\" \/>\n<meta property=\"og:image\" content=\"https:\/\/schweizversand.ch\/wp-content\/uploads\/2026\/02\/5471858665.jpg\" \/>\n\t<meta property=\"og:image:width\" content=\"1024\" \/>\n\t<meta property=\"og:image:height\" content=\"968\" \/>\n\t<meta property=\"og:image:type\" content=\"image\/jpeg\" \/>\n<meta name=\"twitter:card\" content=\"summary_large_image\" \/>\n<meta name=\"twitter:label1\" content=\"Dur\u00e9e de lecture estim\u00e9e\" \/>\n\t<meta name=\"twitter:data1\" content=\"1 minute\" \/>\n<script type=\"application\/ld+json\" class=\"yoast-schema-graph\">{\"@context\":\"https:\\\/\\\/schema.org\",\"@graph\":[{\"@type\":\"WebPage\",\"@id\":\"https:\\\/\\\/schweizversand.ch\\\/fr\\\/produkt\\\/goliath-paint-sation-5-farben-im-topf\\\/\",\"url\":\"https:\\\/\\\/schweizversand.ch\\\/fr\\\/produkt\\\/goliath-paint-sation-5-farben-im-topf\\\/\",\"name\":\"Goliath Paint-Sation 5 Farben im Topf | Jetzt kaufen | Schweizversand.ch\",\"isPartOf\":{\"@id\":\"https:\\\/\\\/schweizversand.ch\\\/fr\\\/#website\"},\"primaryImageOfPage\":{\"@id\":\"https:\\\/\\\/schweizversand.ch\\\/fr\\\/produkt\\\/goliath-paint-sation-5-farben-im-topf\\\/#primaryimage\"},\"image\":{\"@id\":\"https:\\\/\\\/schweizversand.ch\\\/fr\\\/produkt\\\/goliath-paint-sation-5-farben-im-topf\\\/#primaryimage\"},\"thumbnailUrl\":\"https:\\\/\\\/schweizversand.ch\\\/wp-content\\\/uploads\\\/2026\\\/02\\\/5471858665.jpg\",\"datePublished\":\"2026-03-14T22:20:58+00:00\",\"dateModified\":\"2026-04-19T00:02:57+00:00\",\"description\":\"Goliath Paint-Sation 5 Farben im Topf g\u00fcnstig kaufen bei Schweizversand.ch. Schnelle Lieferung in der Schweiz. Gratisversand ab CHF 50.\",\"breadcrumb\":{\"@id\":\"https:\\\/\\\/schweizversand.ch\\\/fr\\\/produkt\\\/goliath-paint-sation-5-farben-im-topf\\\/#breadcrumb\"},\"inLanguage\":\"fr-FR\",\"potentialAction\":[{\"@type\":\"ReadAction\",\"target\":[\"https:\\\/\\\/schweizversand.ch\\\/fr\\\/produkt\\\/goliath-paint-sation-5-farben-im-topf\\\/\"]}]},{\"@type\":\"ImageObject\",\"inLanguage\":\"fr-FR\",\"@id\":\"https:\\\/\\\/schweizversand.ch\\\/fr\\\/produkt\\\/goliath-paint-sation-5-farben-im-topf\\\/#primaryimage\",\"url\":\"https:\\\/\\\/schweizversand.ch\\\/wp-content\\\/uploads\\\/2026\\\/02\\\/5471858665.jpg\",\"contentUrl\":\"https:\\\/\\\/schweizversand.ch\\\/wp-content\\\/uploads\\\/2026\\\/02\\\/5471858665.jpg\",\"width\":1024,\"height\":968},{\"@type\":\"BreadcrumbList\",\"@id\":\"https:\\\/\\\/schweizversand.ch\\\/fr\\\/produkt\\\/goliath-paint-sation-5-farben-im-topf\\\/#breadcrumb\",\"itemListElement\":[{\"@type\":\"ListItem\",\"position\":1,\"name\":\"Startseite\",\"item\":\"https:\\\/\\\/schweizversand.ch\\\/fr\\\/home\\\/\"},{\"@type\":\"ListItem\",\"position\":2,\"name\":\"Boutique\",\"item\":\"https:\\\/\\\/schweizversand.ch\\\/fr\\\/boutique\\\/\"},{\"@type\":\"ListItem\",\"position\":3,\"name\":\"Peinture\",\"item\":\"https:\\\/\\\/schweizversand.ch\\\/fr\\\/produkt-kategorie\\\/malen\\\/\"},{\"@type\":\"ListItem\",\"position\":4,\"name\":\"Goliath Paint-Station 5 Couleurs en Pot\"}]},{\"@type\":\"WebSite\",\"@id\":\"https:\\\/\\\/schweizversand.ch\\\/fr\\\/#website\",\"url\":\"https:\\\/\\\/schweizversand.ch\\\/fr\\\/\",\"name\":\"Schweizer Shop f\u00fcr Sport, Spiel und Freizeit\",\"description\":\"Gratisversand ab 50.- (netto), ab eigenem schweizer Lager, Lieferung innert 48h\",\"publisher\":{\"@id\":\"https:\\\/\\\/schweizversand.ch\\\/fr\\\/#organization\"},\"alternateName\":\"Schweizversand.ch\",\"potentialAction\":[{\"@type\":\"SearchAction\",\"target\":{\"@type\":\"EntryPoint\",\"urlTemplate\":\"https:\\\/\\\/schweizversand.ch\\\/fr\\\/?s={search_term_string}\"},\"query-input\":{\"@type\":\"PropertyValueSpecification\",\"valueRequired\":true,\"valueName\":\"search_term_string\"}}],\"inLanguage\":\"fr-FR\"},{\"@type\":\"Organization\",\"@id\":\"https:\\\/\\\/schweizversand.ch\\\/fr\\\/#organization\",\"name\":\"Schweizversand.ch\",\"url\":\"https:\\\/\\\/schweizversand.ch\\\/fr\\\/\",\"logo\":{\"@type\":\"ImageObject\",\"inLanguage\":\"fr-FR\",\"@id\":\"https:\\\/\\\/schweizversand.ch\\\/fr\\\/#\\\/schema\\\/logo\\\/image\\\/\",\"url\":\"https:\\\/\\\/schweizversand.ch\\\/wp-content\\\/uploads\\\/2026\\\/03\\\/Logo_Rund_Final-1.png\",\"contentUrl\":\"https:\\\/\\\/schweizversand.ch\\\/wp-content\\\/uploads\\\/2026\\\/03\\\/Logo_Rund_Final-1.png\",\"width\":404,\"height\":404,\"caption\":\"Schweizversand.ch\"},\"image\":{\"@id\":\"https:\\\/\\\/schweizversand.ch\\\/fr\\\/#\\\/schema\\\/logo\\\/image\\\/\"},\"sameAs\":[\"https:\\\/\\\/www.facebook.com\\\/Schweizversand\",\"https:\\\/\\\/www.instagram.com\\\/schweizversand.ch\\\/\"]}]}<\/script>\n<!-- \/ Yoast SEO plugin. -->","yoast_head_json":{"title":"Goliath Paint-Sation 5 Farben im Topf | Jetzt kaufen | Schweizversand.ch","description":"Goliath Paint-Sation 5 Farben im Topf g\u00fcnstig kaufen bei Schweizversand.ch. Schnelle Lieferung in der Schweiz. Gratisversand ab CHF 50.","robots":{"index":"index","follow":"follow","max-snippet":"max-snippet:-1","max-image-preview":"max-image-preview:large","max-video-preview":"max-video-preview:-1"},"canonical":"https:\/\/schweizversand.ch\/fr\/produkt\/goliath-paint-sation-5-farben-im-topf\/","og_locale":"fr_FR","og_type":"article","og_title":"Goliath Paint-Sation 5 Farben im Topf | Jetzt kaufen | Schweizversand.ch","og_description":"Goliath Paint-Sation 5 Farben im Topf g\u00fcnstig kaufen bei Schweizversand.ch. Schnelle Lieferung in der Schweiz. Gratisversand ab CHF 50.","og_url":"https:\/\/schweizversand.ch\/fr\/produkt\/goliath-paint-sation-5-farben-im-topf\/","og_site_name":"Schweizer Shop f\u00fcr Sport, Spiel und Freizeit","article_publisher":"https:\/\/www.facebook.com\/Schweizversand","article_modified_time":"2026-04-19T00:02:57+00:00","og_image":[{"width":1024,"height":968,"url":"https:\/\/schweizversand.ch\/wp-content\/uploads\/2026\/02\/5471858665.jpg","type":"image\/jpeg"}],"twitter_card":"summary_large_image","twitter_misc":{"Dur\u00e9e de lecture estim\u00e9e":"1 minute"},"schema":{"@context":"https:\/\/schema.org","@graph":[{"@type":"WebPage","@id":"https:\/\/schweizversand.ch\/fr\/produkt\/goliath-paint-sation-5-farben-im-topf\/","url":"https:\/\/schweizversand.ch\/fr\/produkt\/goliath-paint-sation-5-farben-im-topf\/","name":"Goliath Paint-Sation 5 Farben im Topf | Jetzt kaufen | Schweizversand.ch","isPartOf":{"@id":"https:\/\/schweizversand.ch\/fr\/#website"},"primaryImageOfPage":{"@id":"https:\/\/schweizversand.ch\/fr\/produkt\/goliath-paint-sation-5-farben-im-topf\/#primaryimage"},"image":{"@id":"https:\/\/schweizversand.ch\/fr\/produkt\/goliath-paint-sation-5-farben-im-topf\/#primaryimage"},"thumbnailUrl":"https:\/\/schweizversand.ch\/wp-content\/uploads\/2026\/02\/5471858665.jpg","datePublished":"2026-03-14T22:20:58+00:00","dateModified":"2026-04-19T00:02:57+00:00","description":"Goliath Paint-Sation 5 Farben im Topf g\u00fcnstig kaufen bei Schweizversand.ch. Schnelle Lieferung in der Schweiz. Gratisversand ab CHF 50.","breadcrumb":{"@id":"https:\/\/schweizversand.ch\/fr\/produkt\/goliath-paint-sation-5-farben-im-topf\/#breadcrumb"},"inLanguage":"fr-FR","potentialAction":[{"@type":"ReadAction","target":["https:\/\/schweizversand.ch\/fr\/produkt\/goliath-paint-sation-5-farben-im-topf\/"]}]},{"@type":"ImageObject","inLanguage":"fr-FR","@id":"https:\/\/schweizversand.ch\/fr\/produkt\/goliath-paint-sation-5-farben-im-topf\/#primaryimage","url":"https:\/\/schweizversand.ch\/wp-content\/uploads\/2026\/02\/5471858665.jpg","contentUrl":"https:\/\/schweizversand.ch\/wp-content\/uploads\/2026\/02\/5471858665.jpg","width":1024,"height":968},{"@type":"BreadcrumbList","@id":"https:\/\/schweizversand.ch\/fr\/produkt\/goliath-paint-sation-5-farben-im-topf\/#breadcrumb","itemListElement":[{"@type":"ListItem","position":1,"name":"Startseite","item":"https:\/\/schweizversand.ch\/fr\/home\/"},{"@type":"ListItem","position":2,"name":"Boutique","item":"https:\/\/schweizversand.ch\/fr\/boutique\/"},{"@type":"ListItem","position":3,"name":"Peinture","item":"https:\/\/schweizversand.ch\/fr\/produkt-kategorie\/malen\/"},{"@type":"ListItem","position":4,"name":"Goliath Paint-Station 5 Couleurs en Pot"}]},{"@type":"WebSite","@id":"https:\/\/schweizversand.ch\/fr\/#website","url":"https:\/\/schweizversand.ch\/fr\/","name":"Schweizer Shop f\u00fcr Sport, Spiel und Freizeit","description":"Gratisversand ab 50.- (netto), ab eigenem schweizer Lager, Lieferung innert 48h","publisher":{"@id":"https:\/\/schweizversand.ch\/fr\/#organization"},"alternateName":"Schweizversand.ch","potentialAction":[{"@type":"SearchAction","target":{"@type":"EntryPoint","urlTemplate":"https:\/\/schweizversand.ch\/fr\/?s={search_term_string}"},"query-input":{"@type":"PropertyValueSpecification","valueRequired":true,"valueName":"search_term_string"}}],"inLanguage":"fr-FR"},{"@type":"Organization","@id":"https:\/\/schweizversand.ch\/fr\/#organization","name":"Schweizversand.ch","url":"https:\/\/schweizversand.ch\/fr\/","logo":{"@type":"ImageObject","inLanguage":"fr-FR","@id":"https:\/\/schweizversand.ch\/fr\/#\/schema\/logo\/image\/","url":"https:\/\/schweizversand.ch\/wp-content\/uploads\/2026\/03\/Logo_Rund_Final-1.png","contentUrl":"https:\/\/schweizversand.ch\/wp-content\/uploads\/2026\/03\/Logo_Rund_Final-1.png","width":404,"height":404,"caption":"Schweizversand.ch"},"image":{"@id":"https:\/\/schweizversand.ch\/fr\/#\/schema\/logo\/image\/"},"sameAs":["https:\/\/www.facebook.com\/Schweizversand","https:\/\/www.instagram.com\/schweizversand.ch\/"]}]}},"jetpack_sharing_enabled":true,"_links":{"self":[{"href":"https:\/\/schweizversand.ch\/fr\/wp-json\/wp\/v2\/product\/247981","targetHints":{"allow":["GET"]}}],"collection":[{"href":"https:\/\/schweizversand.ch\/fr\/wp-json\/wp\/v2\/product"}],"about":[{"href":"https:\/\/schweizversand.ch\/fr\/wp-json\/wp\/v2\/types\/product"}],"replies":[{"embeddable":true,"href":"https:\/\/schweizversand.ch\/fr\/wp-json\/wp\/v2\/comments?post=247981"}],"wp:featuredmedia":[{"embeddable":true,"href":"https:\/\/schweizversand.ch\/fr\/wp-json\/wp\/v2\/media\/157041"}],"wp:attachment":[{"href":"https:\/\/schweizversand.ch\/fr\/wp-json\/wp\/v2\/media?parent=247981"}],"wp:term":[{"taxonomy":"product_brand","embeddable":true,"href":"https:\/\/schweizversand.ch\/fr\/wp-json\/wp\/v2\/product_brand?post=247981"},{"taxonomy":"product_cat","embeddable":true,"href":"https:\/\/schweizversand.ch\/fr\/wp-json\/wp\/v2\/product_cat?post=247981"},{"taxonomy":"product_tag","embeddable":true,"href":"https:\/\/schweizversand.ch\/fr\/wp-json\/wp\/v2\/product_tag?post=247981"}],"curies":[{"name":"wp","href":"https:\/\/api.w.org\/{rel}","templated":true}]}}