{"id":247984,"date":"2026-03-14T23:20:58","date_gmt":"2026-03-14T22:20:58","guid":{"rendered":"https:\/\/schweizversand.ch\/produkt\/champ-becher-set-steingut\/"},"modified":"2026-04-21T15:33:18","modified_gmt":"2026-04-21T13:33:18","slug":"champ-becher-set-steingut","status":"publish","type":"product","link":"https:\/\/schweizversand.ch\/fr\/produkt\/champ-becher-set-steingut\/","title":{"rendered":"Ensemble de tasses CHAMP en gr\u00e8s"},"content":{"rendered":"<h1><strong>Ensemble de tasses en gr\u00e8s<\/strong><\/h1>\n<div>D\u00e9couvrez cet \u00e9l\u00e9gant ensemble de tasses en gr\u00e8s qui allie \u00e0 la perfection design et fonctionnalit\u00e9. Cet ensemble de 2 tasses de haute qualit\u00e9 est id\u00e9al pour vos pauses caf\u00e9 et apporte une touche chaleureuse \u00e0 votre int\u00e9rieur. Savourez votre caf\u00e9 ou th\u00e9 pr\u00e9f\u00e9r\u00e9 dans ces tasses au design soign\u00e9.<\/p>\n<p><strong>Design exclusif et qualit\u00e9 des mat\u00e9riaux<\/strong><br \/>Fabriqu\u00e9 en gr\u00e8s robuste, cet ensemble est appr\u00e9ci\u00e9 pour sa durabilit\u00e9 et sa capacit\u00e9 \u00e0 conserver les boissons chaudes longtemps. Les tasses arborent un d\u00e9cor attrayant et sont recouvertes d&rsquo;un \u00e9mail brillant \u00e0 l&rsquo;int\u00e9rieur comme \u00e0 l&rsquo;ext\u00e9rieur. Cet ensemble de tasses en c\u00e9ramique s\u00e9duit par sa qualit\u00e9 et son esth\u00e9tique intemporelle, qui s&rsquo;harmonise avec tous les styles de d\u00e9coration. Parfait pour un usage quotidien\u00a0: d&rsquo;une contenance de 200\u00a0ml, ces tasses sont id\u00e9ales pour un caf\u00e9 classique, un cappuccino ou une tasse de th\u00e9 r\u00e9confortante. La qualit\u00e9 de fabrication vous garantit de profiter longtemps de cet ensemble. Que ce soit pour votre caf\u00e9 du matin ou un th\u00e9 relaxant en soir\u00e9e, ces tasses seront vos fid\u00e8les compagnes. Faciles \u00e0 nettoyer et pratiques\u00a0: l\u2019un des principaux atouts de cet ensemble est sa grande facilit\u00e9 d\u2019utilisation au quotidien. Les tasses sont non seulement esth\u00e9tiques, mais aussi extr\u00eamement faciles \u00e0 nettoyer. Elles passent au lave-vaisselle et au micro-ondes, offrant une polyvalence maximale et un entretien simplifi\u00e9. Cela vous fait gagner du temps et de l&rsquo;\u00e9nergie.<\/p>\n<p><strong>D\u00e9tails du produit et contenu de la livraison<\/strong><br \/>Vous trouverez ici toutes les informations importantes concernant votre nouveau set de tasses en gr\u00e8s\u00a0:<br \/>&#8211; Mat\u00e9riau\u00a0: Gr\u00e8s de haute qualit\u00e9 avec un \u00e9mail brillant<br \/>&#8211; Contenance\u00a0: 200\u00a0ml par tasse<br \/>&#8211; Dimensions (diam\u00e8tre x hauteur)\u00a0: 7,5 x 8\u00a0cm<br \/>&#8211; Caract\u00e9ristiques\u00a0: Compatible lave-vaisselle et micro-ondes<br \/>&#8211; Contenu de la livraison\u00a0: 2\u00a0tasses d\u00e9cor\u00e9es (lot de 2\u00a0tasses)<\/p>\n<p>Offrez-vous ce set de tasses en gr\u00e8s durable et \u00e9l\u00e9gant et sublimez vos pauses caf\u00e9. Commandez d\u00e8s maintenant et savourez bient\u00f4t votre caf\u00e9 dans ces magnifiques tasses.<\/p>\n","protected":false},"excerpt":{"rendered":"<p>Ensemble de tasses en gr\u00e8s D\u00e9couvrez cet \u00e9l\u00e9gant ensemble de tasses en gr\u00e8s qui allie \u00e0 la perfection design et fonctionnalit\u00e9. Cet ensemble de 2 tasses de haute qualit\u00e9 est id\u00e9al pour vos pauses caf\u00e9 et apporte une touche chaleureuse \u00e0 votre int\u00e9rieur. Savourez votre caf\u00e9 ou th\u00e9 pr\u00e9f\u00e9r\u00e9 dans ces tasses au design soign\u00e9. Design exclusif et qualit\u00e9 des mat\u00e9riauxFabriqu\u00e9 en gr\u00e8s robuste, cet ensemble est appr\u00e9ci\u00e9 pour sa durabilit\u00e9 et sa capacit\u00e9 \u00e0&hellip;<\/p>\n","protected":false},"featured_media":157061,"comment_status":"open","ping_status":"closed","template":"","meta":[],"product_brand":[],"product_cat":[38334,38333],"product_tag":[],"class_list":{"0":"post-247984","1":"product","2":"type-product","3":"status-publish","4":"has-post-thumbnail","6":"product_cat-couverts","7":"product_cat-geschirr-besteck","8":"product_shipping_class-global_methods","10":"first","11":"instock","12":"taxable","13":"shipping-taxable","14":"purchasable","15":"product-type-simple"},"yoast_head":"<!-- This site is optimized with the Yoast SEO plugin v27.4 - https:\/\/yoast.com\/product\/yoast-seo-wordpress\/ -->\n<title>CHAMP Becher Set Steingut | Jetzt kaufen | Schweizversand.ch<\/title>\n<meta name=\"description\" content=\"CHAMP Becher Set Steingut g\u00fcnstig kaufen bei Schweizversand.ch. Schnelle Lieferung in der Schweiz. Gratisversand ab CHF 50.\" \/>\n<meta name=\"robots\" content=\"index, follow, max-snippet:-1, max-image-preview:large, max-video-preview:-1\" \/>\n<link rel=\"canonical\" href=\"https:\/\/schweizversand.ch\/fr\/produkt\/champ-becher-set-steingut\/\" \/>\n<meta property=\"og:locale\" content=\"fr_FR\" \/>\n<meta property=\"og:type\" content=\"article\" \/>\n<meta property=\"og:title\" content=\"CHAMP Becher Set Steingut | Jetzt kaufen | Schweizversand.ch\" \/>\n<meta property=\"og:description\" content=\"CHAMP Becher Set Steingut g\u00fcnstig kaufen bei Schweizversand.ch. Schnelle Lieferung in der Schweiz. Gratisversand ab CHF 50.\" \/>\n<meta property=\"og:url\" content=\"https:\/\/schweizversand.ch\/fr\/produkt\/champ-becher-set-steingut\/\" \/>\n<meta property=\"og:site_name\" content=\"Schweizer Shop f\u00fcr Sport, Spiel und Freizeit\" \/>\n<meta property=\"article:publisher\" content=\"https:\/\/www.facebook.com\/Schweizversand\" \/>\n<meta property=\"article:modified_time\" content=\"2026-04-21T13:33:18+00:00\" \/>\n<meta property=\"og:image\" content=\"https:\/\/schweizversand.ch\/wp-content\/uploads\/2026\/02\/5528509747.png\" \/>\n\t<meta property=\"og:image:width\" content=\"1024\" \/>\n\t<meta property=\"og:image:height\" content=\"788\" \/>\n\t<meta property=\"og:image:type\" content=\"image\/png\" \/>\n<meta name=\"twitter:card\" content=\"summary_large_image\" \/>\n<meta name=\"twitter:label1\" content=\"Dur\u00e9e de lecture estim\u00e9e\" \/>\n\t<meta name=\"twitter:data1\" content=\"2 minutes\" \/>\n<script type=\"application\/ld+json\" class=\"yoast-schema-graph\">{\"@context\":\"https:\\\/\\\/schema.org\",\"@graph\":[{\"@type\":\"WebPage\",\"@id\":\"https:\\\/\\\/schweizversand.ch\\\/fr\\\/produkt\\\/champ-becher-set-steingut\\\/\",\"url\":\"https:\\\/\\\/schweizversand.ch\\\/fr\\\/produkt\\\/champ-becher-set-steingut\\\/\",\"name\":\"CHAMP Becher Set Steingut | Jetzt kaufen | Schweizversand.ch\",\"isPartOf\":{\"@id\":\"https:\\\/\\\/schweizversand.ch\\\/fr\\\/#website\"},\"primaryImageOfPage\":{\"@id\":\"https:\\\/\\\/schweizversand.ch\\\/fr\\\/produkt\\\/champ-becher-set-steingut\\\/#primaryimage\"},\"image\":{\"@id\":\"https:\\\/\\\/schweizversand.ch\\\/fr\\\/produkt\\\/champ-becher-set-steingut\\\/#primaryimage\"},\"thumbnailUrl\":\"https:\\\/\\\/schweizversand.ch\\\/wp-content\\\/uploads\\\/2026\\\/02\\\/5528509747.png\",\"datePublished\":\"2026-03-14T22:20:58+00:00\",\"dateModified\":\"2026-04-21T13:33:18+00:00\",\"description\":\"CHAMP Becher Set Steingut g\u00fcnstig kaufen bei Schweizversand.ch. Schnelle Lieferung in der Schweiz. Gratisversand ab CHF 50.\",\"breadcrumb\":{\"@id\":\"https:\\\/\\\/schweizversand.ch\\\/fr\\\/produkt\\\/champ-becher-set-steingut\\\/#breadcrumb\"},\"inLanguage\":\"fr-FR\",\"potentialAction\":[{\"@type\":\"ReadAction\",\"target\":[\"https:\\\/\\\/schweizversand.ch\\\/fr\\\/produkt\\\/champ-becher-set-steingut\\\/\"]}]},{\"@type\":\"ImageObject\",\"inLanguage\":\"fr-FR\",\"@id\":\"https:\\\/\\\/schweizversand.ch\\\/fr\\\/produkt\\\/champ-becher-set-steingut\\\/#primaryimage\",\"url\":\"https:\\\/\\\/schweizversand.ch\\\/wp-content\\\/uploads\\\/2026\\\/02\\\/5528509747.png\",\"contentUrl\":\"https:\\\/\\\/schweizversand.ch\\\/wp-content\\\/uploads\\\/2026\\\/02\\\/5528509747.png\",\"width\":1024,\"height\":788},{\"@type\":\"BreadcrumbList\",\"@id\":\"https:\\\/\\\/schweizversand.ch\\\/fr\\\/produkt\\\/champ-becher-set-steingut\\\/#breadcrumb\",\"itemListElement\":[{\"@type\":\"ListItem\",\"position\":1,\"name\":\"Startseite\",\"item\":\"https:\\\/\\\/schweizversand.ch\\\/fr\\\/home\\\/\"},{\"@type\":\"ListItem\",\"position\":2,\"name\":\"Boutique\",\"item\":\"https:\\\/\\\/schweizversand.ch\\\/fr\\\/boutique\\\/\"},{\"@type\":\"ListItem\",\"position\":3,\"name\":\"M\u00e9nage\",\"item\":\"https:\\\/\\\/schweizversand.ch\\\/fr\\\/produkt-kategorie\\\/menage\\\/\"},{\"@type\":\"ListItem\",\"position\":4,\"name\":\"Cuisine\",\"item\":\"https:\\\/\\\/schweizversand.ch\\\/fr\\\/produkt-kategorie\\\/menage\\\/cuisine\\\/\"},{\"@type\":\"ListItem\",\"position\":5,\"name\":\"Vaisselle\",\"item\":\"https:\\\/\\\/schweizversand.ch\\\/fr\\\/produkt-kategorie\\\/menage\\\/cuisine\\\/geschirr-besteck\\\/\"},{\"@type\":\"ListItem\",\"position\":6,\"name\":\"Couverts\",\"item\":\"https:\\\/\\\/schweizversand.ch\\\/fr\\\/produkt-kategorie\\\/menage\\\/cuisine\\\/geschirr-besteck\\\/couverts\\\/\"},{\"@type\":\"ListItem\",\"position\":7,\"name\":\"Ensemble de tasses CHAMP en gr\u00e8s\"}]},{\"@type\":\"WebSite\",\"@id\":\"https:\\\/\\\/schweizversand.ch\\\/fr\\\/#website\",\"url\":\"https:\\\/\\\/schweizversand.ch\\\/fr\\\/\",\"name\":\"Schweizer Shop f\u00fcr Sport, Spiel und Freizeit\",\"description\":\"Gratisversand ab 50.- (netto), ab eigenem schweizer Lager, Lieferung innert 48h\",\"publisher\":{\"@id\":\"https:\\\/\\\/schweizversand.ch\\\/fr\\\/#organization\"},\"alternateName\":\"Schweizversand.ch\",\"potentialAction\":[{\"@type\":\"SearchAction\",\"target\":{\"@type\":\"EntryPoint\",\"urlTemplate\":\"https:\\\/\\\/schweizversand.ch\\\/fr\\\/?s={search_term_string}\"},\"query-input\":{\"@type\":\"PropertyValueSpecification\",\"valueRequired\":true,\"valueName\":\"search_term_string\"}}],\"inLanguage\":\"fr-FR\"},{\"@type\":\"Organization\",\"@id\":\"https:\\\/\\\/schweizversand.ch\\\/fr\\\/#organization\",\"name\":\"Schweizversand.ch\",\"url\":\"https:\\\/\\\/schweizversand.ch\\\/fr\\\/\",\"logo\":{\"@type\":\"ImageObject\",\"inLanguage\":\"fr-FR\",\"@id\":\"https:\\\/\\\/schweizversand.ch\\\/fr\\\/#\\\/schema\\\/logo\\\/image\\\/\",\"url\":\"https:\\\/\\\/schweizversand.ch\\\/wp-content\\\/uploads\\\/2026\\\/03\\\/Logo_Rund_Final-1.png\",\"contentUrl\":\"https:\\\/\\\/schweizversand.ch\\\/wp-content\\\/uploads\\\/2026\\\/03\\\/Logo_Rund_Final-1.png\",\"width\":404,\"height\":404,\"caption\":\"Schweizversand.ch\"},\"image\":{\"@id\":\"https:\\\/\\\/schweizversand.ch\\\/fr\\\/#\\\/schema\\\/logo\\\/image\\\/\"},\"sameAs\":[\"https:\\\/\\\/www.facebook.com\\\/Schweizversand\",\"https:\\\/\\\/www.instagram.com\\\/schweizversand.ch\\\/\"]}]}<\/script>\n<!-- \/ Yoast SEO plugin. -->","yoast_head_json":{"title":"CHAMP Becher Set Steingut | Jetzt kaufen | Schweizversand.ch","description":"CHAMP Becher Set Steingut g\u00fcnstig kaufen bei Schweizversand.ch. Schnelle Lieferung in der Schweiz. Gratisversand ab CHF 50.","robots":{"index":"index","follow":"follow","max-snippet":"max-snippet:-1","max-image-preview":"max-image-preview:large","max-video-preview":"max-video-preview:-1"},"canonical":"https:\/\/schweizversand.ch\/fr\/produkt\/champ-becher-set-steingut\/","og_locale":"fr_FR","og_type":"article","og_title":"CHAMP Becher Set Steingut | Jetzt kaufen | Schweizversand.ch","og_description":"CHAMP Becher Set Steingut g\u00fcnstig kaufen bei Schweizversand.ch. Schnelle Lieferung in der Schweiz. Gratisversand ab CHF 50.","og_url":"https:\/\/schweizversand.ch\/fr\/produkt\/champ-becher-set-steingut\/","og_site_name":"Schweizer Shop f\u00fcr Sport, Spiel und Freizeit","article_publisher":"https:\/\/www.facebook.com\/Schweizversand","article_modified_time":"2026-04-21T13:33:18+00:00","og_image":[{"width":1024,"height":788,"url":"https:\/\/schweizversand.ch\/wp-content\/uploads\/2026\/02\/5528509747.png","type":"image\/png"}],"twitter_card":"summary_large_image","twitter_misc":{"Dur\u00e9e de lecture estim\u00e9e":"2 minutes"},"schema":{"@context":"https:\/\/schema.org","@graph":[{"@type":"WebPage","@id":"https:\/\/schweizversand.ch\/fr\/produkt\/champ-becher-set-steingut\/","url":"https:\/\/schweizversand.ch\/fr\/produkt\/champ-becher-set-steingut\/","name":"CHAMP Becher Set Steingut | Jetzt kaufen | Schweizversand.ch","isPartOf":{"@id":"https:\/\/schweizversand.ch\/fr\/#website"},"primaryImageOfPage":{"@id":"https:\/\/schweizversand.ch\/fr\/produkt\/champ-becher-set-steingut\/#primaryimage"},"image":{"@id":"https:\/\/schweizversand.ch\/fr\/produkt\/champ-becher-set-steingut\/#primaryimage"},"thumbnailUrl":"https:\/\/schweizversand.ch\/wp-content\/uploads\/2026\/02\/5528509747.png","datePublished":"2026-03-14T22:20:58+00:00","dateModified":"2026-04-21T13:33:18+00:00","description":"CHAMP Becher Set Steingut g\u00fcnstig kaufen bei Schweizversand.ch. Schnelle Lieferung in der Schweiz. Gratisversand ab CHF 50.","breadcrumb":{"@id":"https:\/\/schweizversand.ch\/fr\/produkt\/champ-becher-set-steingut\/#breadcrumb"},"inLanguage":"fr-FR","potentialAction":[{"@type":"ReadAction","target":["https:\/\/schweizversand.ch\/fr\/produkt\/champ-becher-set-steingut\/"]}]},{"@type":"ImageObject","inLanguage":"fr-FR","@id":"https:\/\/schweizversand.ch\/fr\/produkt\/champ-becher-set-steingut\/#primaryimage","url":"https:\/\/schweizversand.ch\/wp-content\/uploads\/2026\/02\/5528509747.png","contentUrl":"https:\/\/schweizversand.ch\/wp-content\/uploads\/2026\/02\/5528509747.png","width":1024,"height":788},{"@type":"BreadcrumbList","@id":"https:\/\/schweizversand.ch\/fr\/produkt\/champ-becher-set-steingut\/#breadcrumb","itemListElement":[{"@type":"ListItem","position":1,"name":"Startseite","item":"https:\/\/schweizversand.ch\/fr\/home\/"},{"@type":"ListItem","position":2,"name":"Boutique","item":"https:\/\/schweizversand.ch\/fr\/boutique\/"},{"@type":"ListItem","position":3,"name":"M\u00e9nage","item":"https:\/\/schweizversand.ch\/fr\/produkt-kategorie\/menage\/"},{"@type":"ListItem","position":4,"name":"Cuisine","item":"https:\/\/schweizversand.ch\/fr\/produkt-kategorie\/menage\/cuisine\/"},{"@type":"ListItem","position":5,"name":"Vaisselle","item":"https:\/\/schweizversand.ch\/fr\/produkt-kategorie\/menage\/cuisine\/geschirr-besteck\/"},{"@type":"ListItem","position":6,"name":"Couverts","item":"https:\/\/schweizversand.ch\/fr\/produkt-kategorie\/menage\/cuisine\/geschirr-besteck\/couverts\/"},{"@type":"ListItem","position":7,"name":"Ensemble de tasses CHAMP en gr\u00e8s"}]},{"@type":"WebSite","@id":"https:\/\/schweizversand.ch\/fr\/#website","url":"https:\/\/schweizversand.ch\/fr\/","name":"Schweizer Shop f\u00fcr Sport, Spiel und Freizeit","description":"Gratisversand ab 50.- (netto), ab eigenem schweizer Lager, Lieferung innert 48h","publisher":{"@id":"https:\/\/schweizversand.ch\/fr\/#organization"},"alternateName":"Schweizversand.ch","potentialAction":[{"@type":"SearchAction","target":{"@type":"EntryPoint","urlTemplate":"https:\/\/schweizversand.ch\/fr\/?s={search_term_string}"},"query-input":{"@type":"PropertyValueSpecification","valueRequired":true,"valueName":"search_term_string"}}],"inLanguage":"fr-FR"},{"@type":"Organization","@id":"https:\/\/schweizversand.ch\/fr\/#organization","name":"Schweizversand.ch","url":"https:\/\/schweizversand.ch\/fr\/","logo":{"@type":"ImageObject","inLanguage":"fr-FR","@id":"https:\/\/schweizversand.ch\/fr\/#\/schema\/logo\/image\/","url":"https:\/\/schweizversand.ch\/wp-content\/uploads\/2026\/03\/Logo_Rund_Final-1.png","contentUrl":"https:\/\/schweizversand.ch\/wp-content\/uploads\/2026\/03\/Logo_Rund_Final-1.png","width":404,"height":404,"caption":"Schweizversand.ch"},"image":{"@id":"https:\/\/schweizversand.ch\/fr\/#\/schema\/logo\/image\/"},"sameAs":["https:\/\/www.facebook.com\/Schweizversand","https:\/\/www.instagram.com\/schweizversand.ch\/"]}]}},"jetpack_sharing_enabled":true,"_links":{"self":[{"href":"https:\/\/schweizversand.ch\/fr\/wp-json\/wp\/v2\/product\/247984","targetHints":{"allow":["GET"]}}],"collection":[{"href":"https:\/\/schweizversand.ch\/fr\/wp-json\/wp\/v2\/product"}],"about":[{"href":"https:\/\/schweizversand.ch\/fr\/wp-json\/wp\/v2\/types\/product"}],"replies":[{"embeddable":true,"href":"https:\/\/schweizversand.ch\/fr\/wp-json\/wp\/v2\/comments?post=247984"}],"wp:featuredmedia":[{"embeddable":true,"href":"https:\/\/schweizversand.ch\/fr\/wp-json\/wp\/v2\/media\/157061"}],"wp:attachment":[{"href":"https:\/\/schweizversand.ch\/fr\/wp-json\/wp\/v2\/media?parent=247984"}],"wp:term":[{"taxonomy":"product_brand","embeddable":true,"href":"https:\/\/schweizversand.ch\/fr\/wp-json\/wp\/v2\/product_brand?post=247984"},{"taxonomy":"product_cat","embeddable":true,"href":"https:\/\/schweizversand.ch\/fr\/wp-json\/wp\/v2\/product_cat?post=247984"},{"taxonomy":"product_tag","embeddable":true,"href":"https:\/\/schweizversand.ch\/fr\/wp-json\/wp\/v2\/product_tag?post=247984"}],"curies":[{"name":"wp","href":"https:\/\/api.w.org\/{rel}","templated":true}]}}