{"id":247995,"date":"2026-03-14T23:21:44","date_gmt":"2026-03-14T22:21:44","guid":{"rendered":"https:\/\/schweizversand.ch\/produkt\/brauncompany-servietten-festlich-schmetterling-im-festlichen-kranz\/"},"modified":"2026-04-19T02:05:22","modified_gmt":"2026-04-19T00:05:22","slug":"brauncompany-servietten-festlich-schmetterling-im-festlichen-kranz","status":"publish","type":"product","link":"https:\/\/schweizversand.ch\/fr\/produkt\/brauncompany-servietten-festlich-schmetterling-im-festlichen-kranz\/","title":{"rendered":"Serviettes de table festives Braun&#038;Company &#8211; Papillon dans une couronne de No\u00ebl"},"content":{"rendered":"<h1><strong>Papillon dans une couronne festive<\/strong><\/h1>\n<div>Apportez une touche d&rsquo;\u00e9l\u00e9gance et de festivit\u00e9 \u00e0 votre table avec les serviettes \u00e0 motifs de haute qualit\u00e9 d&rsquo;AVANTGARDE. Ces serviettes ne sont pas seulement d\u00e9coratives\u00a0: gr\u00e2ce \u00e0 leur triple \u00e9paisseur, elles sont aussi extr\u00eamement fonctionnelles et absorbantes. Elles compl\u00e8tent \u00e0 merveille toute table de f\u00eate.<\/p>\n<\/div>\n<div><strong>D\u00e9coration id\u00e9ale pour toutes les occasions<\/strong><br \/>Mariage, anniversaire ou d\u00eener festif\u00a0: les bonnes serviettes de table ajoutent une touche d&rsquo;\u00e9l\u00e9gance. Les serviettes d\u00e9coratives color\u00e9es d&rsquo;AVANTGARDE, avec leurs motifs festifs et attrayants, ne manqueront pas d&rsquo;attirer les regards et de sublimer l&rsquo;ambiance de votre \u00e9v\u00e9nement. Elles apportent couleur et joie \u00e0 la table et impressionnent vos invit\u00e9s par leur souci du d\u00e9tail. Ces serviettes en papier de 33\u00a0x\u00a033\u00a0cm se distinguent par leur grande robustesse. La structure \u00e0 3 plis de ces serviettes leur conf\u00e8re une grande r\u00e9sistance \u00e0 la d\u00e9chirure et une excellente capacit\u00e9 d&rsquo;absorption, les rendant id\u00e9ales pour les aliments et les boissons. Gr\u00e2ce \u00e0 leur pliage pratique en quatre, elles sont \u00e9galement rapides et faciles \u00e0 disposer sur la table.<\/p>\n<\/div>\n<div><strong>D\u00e9tails et dimensions du produit<\/strong><br \/>&#8211; Dimensions\u00a0: 33 x 33 cm (carr\u00e9es)<br \/>&#8211; Nombre de plis\u00a0: 3 (haute absorption)<br \/>&#8211; Pliage\u00a0: en quatre<br \/>&#8211; Motif\u00a0: Festif (multicolore)<br \/>&#8211; Contenu\u00a0: Paquet de 20<br \/>&#8211; Poids par paquet\u00a0: environ 130 g<\/p>\n<\/div>\n<div><strong>Votre atout pour une table \u00e9l\u00e9gante<\/strong><br \/>Avec ces serviettes, vous investissez dans une table \u00e9l\u00e9gante et facile \u00e0 dresser. Leur format de 33 x 33 cm offre suffisamment d&rsquo;espace pour des pliages cr\u00e9atifs, tandis que leur motif festif cr\u00e9e instantan\u00e9ment une ambiance chaleureuse. Faites de votre prochaine c\u00e9l\u00e9bration un moment inoubliable gr\u00e2ce \u00e0 ces serviettes de table \u00e0 motifs de haute qualit\u00e9. Faites confiance \u00e0 la qualit\u00e9 AVANTGARDE et commandez d\u00e8s maintenant ces serviettes en papier essentielles de 33 x 33 cm pour sublimer votre table.<\/p>\n","protected":false},"excerpt":{"rendered":"<p>Papillon dans une couronne festive Apportez une touche d&rsquo;\u00e9l\u00e9gance et de festivit\u00e9 \u00e0 votre table avec les serviettes \u00e0 motifs de haute qualit\u00e9 d&rsquo;AVANTGARDE. Ces serviettes ne sont pas seulement d\u00e9coratives\u00a0: gr\u00e2ce \u00e0 leur triple \u00e9paisseur, elles sont aussi extr\u00eamement fonctionnelles et absorbantes. Elles compl\u00e8tent \u00e0 merveille toute table de f\u00eate. D\u00e9coration id\u00e9ale pour toutes les occasionsMariage, anniversaire ou d\u00eener festif\u00a0: les bonnes serviettes de table ajoutent une touche d&rsquo;\u00e9l\u00e9gance. Les serviettes d\u00e9coratives color\u00e9es d&rsquo;AVANTGARDE,&hellip;<\/p>\n","protected":false},"featured_media":257414,"comment_status":"open","ping_status":"closed","template":"","meta":[],"product_brand":[],"product_cat":[38172],"product_tag":[],"class_list":{"0":"post-247995","1":"product","2":"type-product","3":"status-publish","4":"has-post-thumbnail","6":"product_cat-servietten","7":"product_shipping_class-global_methods","9":"first","10":"instock","11":"taxable","12":"shipping-taxable","13":"purchasable","14":"product-type-simple"},"yoast_head":"<!-- This site is optimized with the Yoast SEO plugin v27.4 - https:\/\/yoast.com\/product\/yoast-seo-wordpress\/ -->\n<title>Braun&amp;Company Servietten Festlich - Schmetterling im festlichen Kranz<\/title>\n<meta name=\"description\" content=\"Schmetterling im festlichen Kranz Verleihen Sie Ihrer Tafel einen Hauch von Eleganz und Festlichkeit mit den hochwertigen Motivservietten von AVANTGARDE. Diese\" \/>\n<meta name=\"robots\" content=\"index, follow, max-snippet:-1, max-image-preview:large, max-video-preview:-1\" \/>\n<link rel=\"canonical\" href=\"https:\/\/schweizversand.ch\/fr\/produkt\/brauncompany-servietten-festlich-schmetterling-im-festlichen-kranz\/\" \/>\n<meta property=\"og:locale\" content=\"fr_FR\" \/>\n<meta property=\"og:type\" content=\"article\" \/>\n<meta property=\"og:title\" content=\"Braun&amp;Company Servietten Festlich - Schmetterling im festlichen Kranz\" \/>\n<meta property=\"og:description\" content=\"Schmetterling im festlichen Kranz Verleihen Sie Ihrer Tafel einen Hauch von Eleganz und Festlichkeit mit den hochwertigen Motivservietten von AVANTGARDE. Diese\" \/>\n<meta property=\"og:url\" content=\"https:\/\/schweizversand.ch\/fr\/produkt\/brauncompany-servietten-festlich-schmetterling-im-festlichen-kranz\/\" \/>\n<meta property=\"og:site_name\" content=\"Schweizer Shop f\u00fcr Sport, Spiel und Freizeit\" \/>\n<meta property=\"article:publisher\" content=\"https:\/\/www.facebook.com\/Schweizversand\" \/>\n<meta property=\"article:modified_time\" content=\"2026-04-19T00:05:22+00:00\" \/>\n<meta property=\"og:image\" content=\"https:\/\/schweizversand.ch\/wp-content\/uploads\/2026\/02\/5520348933.jpg\" \/>\n\t<meta property=\"og:image:width\" content=\"1024\" \/>\n\t<meta property=\"og:image:height\" content=\"1024\" \/>\n\t<meta property=\"og:image:type\" content=\"image\/jpeg\" \/>\n<meta name=\"twitter:card\" content=\"summary_large_image\" \/>\n<meta name=\"twitter:label1\" content=\"Dur\u00e9e de lecture estim\u00e9e\" \/>\n\t<meta name=\"twitter:data1\" content=\"2 minutes\" \/>\n<script type=\"application\/ld+json\" class=\"yoast-schema-graph\">{\"@context\":\"https:\\\/\\\/schema.org\",\"@graph\":[{\"@type\":\"WebPage\",\"@id\":\"https:\\\/\\\/schweizversand.ch\\\/fr\\\/produkt\\\/brauncompany-servietten-festlich-schmetterling-im-festlichen-kranz\\\/\",\"url\":\"https:\\\/\\\/schweizversand.ch\\\/fr\\\/produkt\\\/brauncompany-servietten-festlich-schmetterling-im-festlichen-kranz\\\/\",\"name\":\"Braun&Company Servietten Festlich - Schmetterling im festlichen Kranz\",\"isPartOf\":{\"@id\":\"https:\\\/\\\/schweizversand.ch\\\/fr\\\/#website\"},\"primaryImageOfPage\":{\"@id\":\"https:\\\/\\\/schweizversand.ch\\\/fr\\\/produkt\\\/brauncompany-servietten-festlich-schmetterling-im-festlichen-kranz\\\/#primaryimage\"},\"image\":{\"@id\":\"https:\\\/\\\/schweizversand.ch\\\/fr\\\/produkt\\\/brauncompany-servietten-festlich-schmetterling-im-festlichen-kranz\\\/#primaryimage\"},\"thumbnailUrl\":\"https:\\\/\\\/schweizversand.ch\\\/wp-content\\\/uploads\\\/2026\\\/02\\\/5520348933.jpg\",\"datePublished\":\"2026-03-14T22:21:44+00:00\",\"dateModified\":\"2026-04-19T00:05:22+00:00\",\"description\":\"Schmetterling im festlichen Kranz Verleihen Sie Ihrer Tafel einen Hauch von Eleganz und Festlichkeit mit den hochwertigen Motivservietten von AVANTGARDE. Diese\",\"breadcrumb\":{\"@id\":\"https:\\\/\\\/schweizversand.ch\\\/fr\\\/produkt\\\/brauncompany-servietten-festlich-schmetterling-im-festlichen-kranz\\\/#breadcrumb\"},\"inLanguage\":\"fr-FR\",\"potentialAction\":[{\"@type\":\"ReadAction\",\"target\":[\"https:\\\/\\\/schweizversand.ch\\\/fr\\\/produkt\\\/brauncompany-servietten-festlich-schmetterling-im-festlichen-kranz\\\/\"]}]},{\"@type\":\"ImageObject\",\"inLanguage\":\"fr-FR\",\"@id\":\"https:\\\/\\\/schweizversand.ch\\\/fr\\\/produkt\\\/brauncompany-servietten-festlich-schmetterling-im-festlichen-kranz\\\/#primaryimage\",\"url\":\"https:\\\/\\\/schweizversand.ch\\\/wp-content\\\/uploads\\\/2026\\\/02\\\/5520348933.jpg\",\"contentUrl\":\"https:\\\/\\\/schweizversand.ch\\\/wp-content\\\/uploads\\\/2026\\\/02\\\/5520348933.jpg\",\"width\":1024,\"height\":1024},{\"@type\":\"BreadcrumbList\",\"@id\":\"https:\\\/\\\/schweizversand.ch\\\/fr\\\/produkt\\\/brauncompany-servietten-festlich-schmetterling-im-festlichen-kranz\\\/#breadcrumb\",\"itemListElement\":[{\"@type\":\"ListItem\",\"position\":1,\"name\":\"Startseite\",\"item\":\"https:\\\/\\\/schweizversand.ch\\\/fr\\\/home\\\/\"},{\"@type\":\"ListItem\",\"position\":2,\"name\":\"Boutique\",\"item\":\"https:\\\/\\\/schweizversand.ch\\\/fr\\\/boutique\\\/\"},{\"@type\":\"ListItem\",\"position\":3,\"name\":\"Accueil\",\"item\":\"https:\\\/\\\/schweizversand.ch\\\/fr\\\/produkt-kategorie\\\/accueil\\\/\"},{\"@type\":\"ListItem\",\"position\":4,\"name\":\"Linge de maison\",\"item\":\"https:\\\/\\\/schweizversand.ch\\\/fr\\\/produkt-kategorie\\\/accueil\\\/textiles-de-maison\\\/\"},{\"@type\":\"ListItem\",\"position\":5,\"name\":\"Serviettes\",\"item\":\"https:\\\/\\\/schweizversand.ch\\\/fr\\\/produkt-kategorie\\\/accueil\\\/textiles-de-maison\\\/servietten\\\/\"},{\"@type\":\"ListItem\",\"position\":6,\"name\":\"Serviettes de table festives Braun&#038;Company &#8211; Papillon dans une couronne de No\u00ebl\"}]},{\"@type\":\"WebSite\",\"@id\":\"https:\\\/\\\/schweizversand.ch\\\/fr\\\/#website\",\"url\":\"https:\\\/\\\/schweizversand.ch\\\/fr\\\/\",\"name\":\"Schweizer Shop f\u00fcr Sport, Spiel und Freizeit\",\"description\":\"Gratisversand ab 50.- (netto), ab eigenem schweizer Lager, Lieferung innert 48h\",\"publisher\":{\"@id\":\"https:\\\/\\\/schweizversand.ch\\\/fr\\\/#organization\"},\"alternateName\":\"Schweizversand.ch\",\"potentialAction\":[{\"@type\":\"SearchAction\",\"target\":{\"@type\":\"EntryPoint\",\"urlTemplate\":\"https:\\\/\\\/schweizversand.ch\\\/fr\\\/?s={search_term_string}\"},\"query-input\":{\"@type\":\"PropertyValueSpecification\",\"valueRequired\":true,\"valueName\":\"search_term_string\"}}],\"inLanguage\":\"fr-FR\"},{\"@type\":\"Organization\",\"@id\":\"https:\\\/\\\/schweizversand.ch\\\/fr\\\/#organization\",\"name\":\"Schweizversand.ch\",\"url\":\"https:\\\/\\\/schweizversand.ch\\\/fr\\\/\",\"logo\":{\"@type\":\"ImageObject\",\"inLanguage\":\"fr-FR\",\"@id\":\"https:\\\/\\\/schweizversand.ch\\\/fr\\\/#\\\/schema\\\/logo\\\/image\\\/\",\"url\":\"https:\\\/\\\/schweizversand.ch\\\/wp-content\\\/uploads\\\/2026\\\/03\\\/Logo_Rund_Final-1.png\",\"contentUrl\":\"https:\\\/\\\/schweizversand.ch\\\/wp-content\\\/uploads\\\/2026\\\/03\\\/Logo_Rund_Final-1.png\",\"width\":404,\"height\":404,\"caption\":\"Schweizversand.ch\"},\"image\":{\"@id\":\"https:\\\/\\\/schweizversand.ch\\\/fr\\\/#\\\/schema\\\/logo\\\/image\\\/\"},\"sameAs\":[\"https:\\\/\\\/www.facebook.com\\\/Schweizversand\",\"https:\\\/\\\/www.instagram.com\\\/schweizversand.ch\\\/\"]}]}<\/script>\n<!-- \/ Yoast SEO plugin. -->","yoast_head_json":{"title":"Braun&Company Servietten Festlich - Schmetterling im festlichen Kranz","description":"Schmetterling im festlichen Kranz Verleihen Sie Ihrer Tafel einen Hauch von Eleganz und Festlichkeit mit den hochwertigen Motivservietten von AVANTGARDE. Diese","robots":{"index":"index","follow":"follow","max-snippet":"max-snippet:-1","max-image-preview":"max-image-preview:large","max-video-preview":"max-video-preview:-1"},"canonical":"https:\/\/schweizversand.ch\/fr\/produkt\/brauncompany-servietten-festlich-schmetterling-im-festlichen-kranz\/","og_locale":"fr_FR","og_type":"article","og_title":"Braun&Company Servietten Festlich - Schmetterling im festlichen Kranz","og_description":"Schmetterling im festlichen Kranz Verleihen Sie Ihrer Tafel einen Hauch von Eleganz und Festlichkeit mit den hochwertigen Motivservietten von AVANTGARDE. Diese","og_url":"https:\/\/schweizversand.ch\/fr\/produkt\/brauncompany-servietten-festlich-schmetterling-im-festlichen-kranz\/","og_site_name":"Schweizer Shop f\u00fcr Sport, Spiel und Freizeit","article_publisher":"https:\/\/www.facebook.com\/Schweizversand","article_modified_time":"2026-04-19T00:05:22+00:00","og_image":[{"width":1024,"height":1024,"url":"https:\/\/schweizversand.ch\/wp-content\/uploads\/2026\/02\/5520348933.jpg","type":"image\/jpeg"}],"twitter_card":"summary_large_image","twitter_misc":{"Dur\u00e9e de lecture estim\u00e9e":"2 minutes"},"schema":{"@context":"https:\/\/schema.org","@graph":[{"@type":"WebPage","@id":"https:\/\/schweizversand.ch\/fr\/produkt\/brauncompany-servietten-festlich-schmetterling-im-festlichen-kranz\/","url":"https:\/\/schweizversand.ch\/fr\/produkt\/brauncompany-servietten-festlich-schmetterling-im-festlichen-kranz\/","name":"Braun&Company Servietten Festlich - Schmetterling im festlichen Kranz","isPartOf":{"@id":"https:\/\/schweizversand.ch\/fr\/#website"},"primaryImageOfPage":{"@id":"https:\/\/schweizversand.ch\/fr\/produkt\/brauncompany-servietten-festlich-schmetterling-im-festlichen-kranz\/#primaryimage"},"image":{"@id":"https:\/\/schweizversand.ch\/fr\/produkt\/brauncompany-servietten-festlich-schmetterling-im-festlichen-kranz\/#primaryimage"},"thumbnailUrl":"https:\/\/schweizversand.ch\/wp-content\/uploads\/2026\/02\/5520348933.jpg","datePublished":"2026-03-14T22:21:44+00:00","dateModified":"2026-04-19T00:05:22+00:00","description":"Schmetterling im festlichen Kranz Verleihen Sie Ihrer Tafel einen Hauch von Eleganz und Festlichkeit mit den hochwertigen Motivservietten von AVANTGARDE. Diese","breadcrumb":{"@id":"https:\/\/schweizversand.ch\/fr\/produkt\/brauncompany-servietten-festlich-schmetterling-im-festlichen-kranz\/#breadcrumb"},"inLanguage":"fr-FR","potentialAction":[{"@type":"ReadAction","target":["https:\/\/schweizversand.ch\/fr\/produkt\/brauncompany-servietten-festlich-schmetterling-im-festlichen-kranz\/"]}]},{"@type":"ImageObject","inLanguage":"fr-FR","@id":"https:\/\/schweizversand.ch\/fr\/produkt\/brauncompany-servietten-festlich-schmetterling-im-festlichen-kranz\/#primaryimage","url":"https:\/\/schweizversand.ch\/wp-content\/uploads\/2026\/02\/5520348933.jpg","contentUrl":"https:\/\/schweizversand.ch\/wp-content\/uploads\/2026\/02\/5520348933.jpg","width":1024,"height":1024},{"@type":"BreadcrumbList","@id":"https:\/\/schweizversand.ch\/fr\/produkt\/brauncompany-servietten-festlich-schmetterling-im-festlichen-kranz\/#breadcrumb","itemListElement":[{"@type":"ListItem","position":1,"name":"Startseite","item":"https:\/\/schweizversand.ch\/fr\/home\/"},{"@type":"ListItem","position":2,"name":"Boutique","item":"https:\/\/schweizversand.ch\/fr\/boutique\/"},{"@type":"ListItem","position":3,"name":"Accueil","item":"https:\/\/schweizversand.ch\/fr\/produkt-kategorie\/accueil\/"},{"@type":"ListItem","position":4,"name":"Linge de maison","item":"https:\/\/schweizversand.ch\/fr\/produkt-kategorie\/accueil\/textiles-de-maison\/"},{"@type":"ListItem","position":5,"name":"Serviettes","item":"https:\/\/schweizversand.ch\/fr\/produkt-kategorie\/accueil\/textiles-de-maison\/servietten\/"},{"@type":"ListItem","position":6,"name":"Serviettes de table festives Braun&#038;Company &#8211; Papillon dans une couronne de No\u00ebl"}]},{"@type":"WebSite","@id":"https:\/\/schweizversand.ch\/fr\/#website","url":"https:\/\/schweizversand.ch\/fr\/","name":"Schweizer Shop f\u00fcr Sport, Spiel und Freizeit","description":"Gratisversand ab 50.- (netto), ab eigenem schweizer Lager, Lieferung innert 48h","publisher":{"@id":"https:\/\/schweizversand.ch\/fr\/#organization"},"alternateName":"Schweizversand.ch","potentialAction":[{"@type":"SearchAction","target":{"@type":"EntryPoint","urlTemplate":"https:\/\/schweizversand.ch\/fr\/?s={search_term_string}"},"query-input":{"@type":"PropertyValueSpecification","valueRequired":true,"valueName":"search_term_string"}}],"inLanguage":"fr-FR"},{"@type":"Organization","@id":"https:\/\/schweizversand.ch\/fr\/#organization","name":"Schweizversand.ch","url":"https:\/\/schweizversand.ch\/fr\/","logo":{"@type":"ImageObject","inLanguage":"fr-FR","@id":"https:\/\/schweizversand.ch\/fr\/#\/schema\/logo\/image\/","url":"https:\/\/schweizversand.ch\/wp-content\/uploads\/2026\/03\/Logo_Rund_Final-1.png","contentUrl":"https:\/\/schweizversand.ch\/wp-content\/uploads\/2026\/03\/Logo_Rund_Final-1.png","width":404,"height":404,"caption":"Schweizversand.ch"},"image":{"@id":"https:\/\/schweizversand.ch\/fr\/#\/schema\/logo\/image\/"},"sameAs":["https:\/\/www.facebook.com\/Schweizversand","https:\/\/www.instagram.com\/schweizversand.ch\/"]}]}},"jetpack_sharing_enabled":true,"_links":{"self":[{"href":"https:\/\/schweizversand.ch\/fr\/wp-json\/wp\/v2\/product\/247995","targetHints":{"allow":["GET"]}}],"collection":[{"href":"https:\/\/schweizversand.ch\/fr\/wp-json\/wp\/v2\/product"}],"about":[{"href":"https:\/\/schweizversand.ch\/fr\/wp-json\/wp\/v2\/types\/product"}],"replies":[{"embeddable":true,"href":"https:\/\/schweizversand.ch\/fr\/wp-json\/wp\/v2\/comments?post=247995"}],"wp:featuredmedia":[{"embeddable":true,"href":"https:\/\/schweizversand.ch\/fr\/wp-json\/wp\/v2\/media\/257414"}],"wp:attachment":[{"href":"https:\/\/schweizversand.ch\/fr\/wp-json\/wp\/v2\/media?parent=247995"}],"wp:term":[{"taxonomy":"product_brand","embeddable":true,"href":"https:\/\/schweizversand.ch\/fr\/wp-json\/wp\/v2\/product_brand?post=247995"},{"taxonomy":"product_cat","embeddable":true,"href":"https:\/\/schweizversand.ch\/fr\/wp-json\/wp\/v2\/product_cat?post=247995"},{"taxonomy":"product_tag","embeddable":true,"href":"https:\/\/schweizversand.ch\/fr\/wp-json\/wp\/v2\/product_tag?post=247995"}],"curies":[{"name":"wp","href":"https:\/\/api.w.org\/{rel}","templated":true}]}}