{"id":248002,"date":"2026-03-14T23:21:45","date_gmt":"2026-03-14T22:21:45","guid":{"rendered":"https:\/\/schweizversand.ch\/produkt\/brauncompany-servietten-weihnachten-sterne\/"},"modified":"2026-04-19T02:05:22","modified_gmt":"2026-04-19T00:05:22","slug":"brauncompany-servietten-weihnachten-sterne","status":"publish","type":"product","link":"https:\/\/schweizversand.ch\/fr\/produkt\/brauncompany-servietten-weihnachten-sterne\/","title":{"rendered":"Serviettes de No\u00ebl Braun&#038;Company \u00ab \u00c9toiles \u00bb"},"content":{"rendered":"<h1><strong>Serviettes de table de No\u00ebl festives \u2013 33 x 33 cm, 20 pi\u00e8ces<\/strong><\/h1>\n<div>Apportez une touche d&rsquo;\u00e9l\u00e9gance \u00e0 votre table de No\u00ebl\u00a0! Ces \u00e9l\u00e9gantes serviettes de table de No\u00ebl sont le compl\u00e9ment id\u00e9al pour vos f\u00eates et cr\u00e9ent une ambiance magique gr\u00e2ce \u00e0 leurs charmants motifs de No\u00ebl.<\/p>\n<\/div>\n<div><strong>Parfaites pour votre d\u00e9coration de table de No\u00ebl<\/strong><br \/>Avec ces serviettes de table de No\u00ebl, ajoutez une touche d&rsquo;\u00e9l\u00e9gance \u00e0 tous vos repas de f\u00eate, qu&rsquo;il s&rsquo;agisse d&rsquo;un grand d\u00eener de No\u00ebl ou d&rsquo;un caf\u00e9 entre amis. Leurs jolis motifs s&rsquo;harmonisent parfaitement avec tous les styles de d\u00e9coration et impressionneront vos convives.<\/p>\n<\/div>\n<div><strong>Qualit\u00e9 et format pratique<\/strong><br \/>Ces serviettes de table jetables de No\u00ebl sont non seulement d\u00e9coratives, mais aussi de grande qualit\u00e9. Particuli\u00e8rement absorbantes et douces, elles vous garantissent un confort optimal. Procurez-vous ces serviettes pratiques et d\u00e9coratives pour vos f\u00eates de No\u00ebl\u00a0!<\/p>\n<\/div>\n<div><strong>D\u00e9tails du produit et contenu de la livraison<\/strong><br \/>&#8211; Dimensions\u00a0: 33\u00a0x\u00a033\u00a0cm (serviettes de No\u00ebl 33\u00a0x\u00a033\u00a0cm d\u00e9pli\u00e9es)<br \/>&#8211; Contenu\u00a0: 20\u00a0serviettes par paquet<br \/>&#8211; Mati\u00e8re\u00a0: Papier de haute qualit\u00e9, absorbant et doux<br \/>&#8211; Motif\u00a0: Motifs de No\u00ebl festifs, parfaits pour les occasions sp\u00e9ciales<\/p>\n<\/div>\n<div>Commandez d\u00e8s maintenant ces \u00e9l\u00e9gantes serviettes pour pr\u00e9parer parfaitement votre f\u00eate de No\u00ebl et cr\u00e9er une table festive.<\/p>\n","protected":false},"excerpt":{"rendered":"<p>Serviettes de table de No\u00ebl festives \u2013 33 x 33 cm, 20 pi\u00e8ces Apportez une touche d&rsquo;\u00e9l\u00e9gance \u00e0 votre table de No\u00ebl\u00a0! Ces \u00e9l\u00e9gantes serviettes de table de No\u00ebl sont le compl\u00e9ment id\u00e9al pour vos f\u00eates et cr\u00e9ent une ambiance magique gr\u00e2ce \u00e0 leurs charmants motifs de No\u00ebl. Parfaites pour votre d\u00e9coration de table de No\u00eblAvec ces serviettes de table de No\u00ebl, ajoutez une touche d&rsquo;\u00e9l\u00e9gance \u00e0 tous vos repas de f\u00eate, qu&rsquo;il s&rsquo;agisse d&rsquo;un&hellip;<\/p>\n","protected":false},"featured_media":257433,"comment_status":"open","ping_status":"closed","template":"","meta":[],"product_brand":[],"product_cat":[38172],"product_tag":[],"class_list":{"0":"post-248002","1":"product","2":"type-product","3":"status-publish","4":"has-post-thumbnail","6":"product_cat-servietten","7":"product_shipping_class-global_methods","9":"first","10":"instock","11":"taxable","12":"shipping-taxable","13":"purchasable","14":"product-type-simple"},"yoast_head":"<!-- This site is optimized with the Yoast SEO plugin v27.4 - https:\/\/yoast.com\/product\/yoast-seo-wordpress\/ -->\n<title>Braun&amp;Company Servietten Weihnachten &quot; Sterne&quot;<\/title>\n<meta name=\"description\" content=\"Festliche Weihnachtspapier-Servietten \u2013 33x33 cm, 20 St\u00fcck Verleihen Sie Ihrem Weihnachtsfest einen ganz besonderen Touch! Diese edlen Weihnachtsservietten sind\" \/>\n<meta name=\"robots\" content=\"index, follow, max-snippet:-1, max-image-preview:large, max-video-preview:-1\" \/>\n<link rel=\"canonical\" href=\"https:\/\/schweizversand.ch\/fr\/produkt\/brauncompany-servietten-weihnachten-sterne\/\" \/>\n<meta property=\"og:locale\" content=\"fr_FR\" \/>\n<meta property=\"og:type\" content=\"article\" \/>\n<meta property=\"og:title\" content=\"Braun&amp;Company Servietten Weihnachten &quot; Sterne&quot;\" \/>\n<meta property=\"og:description\" content=\"Festliche Weihnachtspapier-Servietten \u2013 33x33 cm, 20 St\u00fcck Verleihen Sie Ihrem Weihnachtsfest einen ganz besonderen Touch! Diese edlen Weihnachtsservietten sind\" \/>\n<meta property=\"og:url\" content=\"https:\/\/schweizversand.ch\/fr\/produkt\/brauncompany-servietten-weihnachten-sterne\/\" \/>\n<meta property=\"og:site_name\" content=\"Schweizer Shop f\u00fcr Sport, Spiel und Freizeit\" \/>\n<meta property=\"article:publisher\" content=\"https:\/\/www.facebook.com\/Schweizversand\" \/>\n<meta property=\"article:modified_time\" content=\"2026-04-19T00:05:22+00:00\" \/>\n<meta property=\"og:image\" content=\"https:\/\/schweizversand.ch\/wp-content\/uploads\/2026\/02\/5471785747.jpg\" \/>\n\t<meta property=\"og:image:width\" content=\"1024\" \/>\n\t<meta property=\"og:image:height\" content=\"1024\" \/>\n\t<meta property=\"og:image:type\" content=\"image\/jpeg\" \/>\n<meta name=\"twitter:card\" content=\"summary_large_image\" \/>\n<meta name=\"twitter:label1\" content=\"Dur\u00e9e de lecture estim\u00e9e\" \/>\n\t<meta name=\"twitter:data1\" content=\"1 minute\" \/>\n<script type=\"application\/ld+json\" class=\"yoast-schema-graph\">{\"@context\":\"https:\\\/\\\/schema.org\",\"@graph\":[{\"@type\":\"WebPage\",\"@id\":\"https:\\\/\\\/schweizversand.ch\\\/fr\\\/produkt\\\/brauncompany-servietten-weihnachten-sterne\\\/\",\"url\":\"https:\\\/\\\/schweizversand.ch\\\/fr\\\/produkt\\\/brauncompany-servietten-weihnachten-sterne\\\/\",\"name\":\"Braun&Company Servietten Weihnachten \\\" Sterne\\\"\",\"isPartOf\":{\"@id\":\"https:\\\/\\\/schweizversand.ch\\\/fr\\\/#website\"},\"primaryImageOfPage\":{\"@id\":\"https:\\\/\\\/schweizversand.ch\\\/fr\\\/produkt\\\/brauncompany-servietten-weihnachten-sterne\\\/#primaryimage\"},\"image\":{\"@id\":\"https:\\\/\\\/schweizversand.ch\\\/fr\\\/produkt\\\/brauncompany-servietten-weihnachten-sterne\\\/#primaryimage\"},\"thumbnailUrl\":\"https:\\\/\\\/schweizversand.ch\\\/wp-content\\\/uploads\\\/2026\\\/02\\\/5471785747.jpg\",\"datePublished\":\"2026-03-14T22:21:45+00:00\",\"dateModified\":\"2026-04-19T00:05:22+00:00\",\"description\":\"Festliche Weihnachtspapier-Servietten \u2013 33x33 cm, 20 St\u00fcck Verleihen Sie Ihrem Weihnachtsfest einen ganz besonderen Touch! Diese edlen Weihnachtsservietten sind\",\"breadcrumb\":{\"@id\":\"https:\\\/\\\/schweizversand.ch\\\/fr\\\/produkt\\\/brauncompany-servietten-weihnachten-sterne\\\/#breadcrumb\"},\"inLanguage\":\"fr-FR\",\"potentialAction\":[{\"@type\":\"ReadAction\",\"target\":[\"https:\\\/\\\/schweizversand.ch\\\/fr\\\/produkt\\\/brauncompany-servietten-weihnachten-sterne\\\/\"]}]},{\"@type\":\"ImageObject\",\"inLanguage\":\"fr-FR\",\"@id\":\"https:\\\/\\\/schweizversand.ch\\\/fr\\\/produkt\\\/brauncompany-servietten-weihnachten-sterne\\\/#primaryimage\",\"url\":\"https:\\\/\\\/schweizversand.ch\\\/wp-content\\\/uploads\\\/2026\\\/02\\\/5471785747.jpg\",\"contentUrl\":\"https:\\\/\\\/schweizversand.ch\\\/wp-content\\\/uploads\\\/2026\\\/02\\\/5471785747.jpg\",\"width\":1024,\"height\":1024},{\"@type\":\"BreadcrumbList\",\"@id\":\"https:\\\/\\\/schweizversand.ch\\\/fr\\\/produkt\\\/brauncompany-servietten-weihnachten-sterne\\\/#breadcrumb\",\"itemListElement\":[{\"@type\":\"ListItem\",\"position\":1,\"name\":\"Startseite\",\"item\":\"https:\\\/\\\/schweizversand.ch\\\/fr\\\/home\\\/\"},{\"@type\":\"ListItem\",\"position\":2,\"name\":\"Boutique\",\"item\":\"https:\\\/\\\/schweizversand.ch\\\/fr\\\/boutique\\\/\"},{\"@type\":\"ListItem\",\"position\":3,\"name\":\"Accueil\",\"item\":\"https:\\\/\\\/schweizversand.ch\\\/fr\\\/produkt-kategorie\\\/accueil\\\/\"},{\"@type\":\"ListItem\",\"position\":4,\"name\":\"Linge de maison\",\"item\":\"https:\\\/\\\/schweizversand.ch\\\/fr\\\/produkt-kategorie\\\/accueil\\\/textiles-de-maison\\\/\"},{\"@type\":\"ListItem\",\"position\":5,\"name\":\"Serviettes\",\"item\":\"https:\\\/\\\/schweizversand.ch\\\/fr\\\/produkt-kategorie\\\/accueil\\\/textiles-de-maison\\\/servietten\\\/\"},{\"@type\":\"ListItem\",\"position\":6,\"name\":\"Serviettes de No\u00ebl Braun&#038;Company \u00ab \u00c9toiles \u00bb\"}]},{\"@type\":\"WebSite\",\"@id\":\"https:\\\/\\\/schweizversand.ch\\\/fr\\\/#website\",\"url\":\"https:\\\/\\\/schweizversand.ch\\\/fr\\\/\",\"name\":\"Schweizer Shop f\u00fcr Sport, Spiel und Freizeit\",\"description\":\"Gratisversand ab 50.- (netto), ab eigenem schweizer Lager, Lieferung innert 48h\",\"publisher\":{\"@id\":\"https:\\\/\\\/schweizversand.ch\\\/fr\\\/#organization\"},\"alternateName\":\"Schweizversand.ch\",\"potentialAction\":[{\"@type\":\"SearchAction\",\"target\":{\"@type\":\"EntryPoint\",\"urlTemplate\":\"https:\\\/\\\/schweizversand.ch\\\/fr\\\/?s={search_term_string}\"},\"query-input\":{\"@type\":\"PropertyValueSpecification\",\"valueRequired\":true,\"valueName\":\"search_term_string\"}}],\"inLanguage\":\"fr-FR\"},{\"@type\":\"Organization\",\"@id\":\"https:\\\/\\\/schweizversand.ch\\\/fr\\\/#organization\",\"name\":\"Schweizversand.ch\",\"url\":\"https:\\\/\\\/schweizversand.ch\\\/fr\\\/\",\"logo\":{\"@type\":\"ImageObject\",\"inLanguage\":\"fr-FR\",\"@id\":\"https:\\\/\\\/schweizversand.ch\\\/fr\\\/#\\\/schema\\\/logo\\\/image\\\/\",\"url\":\"https:\\\/\\\/schweizversand.ch\\\/wp-content\\\/uploads\\\/2026\\\/03\\\/Logo_Rund_Final-1.png\",\"contentUrl\":\"https:\\\/\\\/schweizversand.ch\\\/wp-content\\\/uploads\\\/2026\\\/03\\\/Logo_Rund_Final-1.png\",\"width\":404,\"height\":404,\"caption\":\"Schweizversand.ch\"},\"image\":{\"@id\":\"https:\\\/\\\/schweizversand.ch\\\/fr\\\/#\\\/schema\\\/logo\\\/image\\\/\"},\"sameAs\":[\"https:\\\/\\\/www.facebook.com\\\/Schweizversand\",\"https:\\\/\\\/www.instagram.com\\\/schweizversand.ch\\\/\"]}]}<\/script>\n<!-- \/ Yoast SEO plugin. -->","yoast_head_json":{"title":"Braun&Company Servietten Weihnachten \" Sterne\"","description":"Festliche Weihnachtspapier-Servietten \u2013 33x33 cm, 20 St\u00fcck Verleihen Sie Ihrem Weihnachtsfest einen ganz besonderen Touch! Diese edlen Weihnachtsservietten sind","robots":{"index":"index","follow":"follow","max-snippet":"max-snippet:-1","max-image-preview":"max-image-preview:large","max-video-preview":"max-video-preview:-1"},"canonical":"https:\/\/schweizversand.ch\/fr\/produkt\/brauncompany-servietten-weihnachten-sterne\/","og_locale":"fr_FR","og_type":"article","og_title":"Braun&Company Servietten Weihnachten \" Sterne\"","og_description":"Festliche Weihnachtspapier-Servietten \u2013 33x33 cm, 20 St\u00fcck Verleihen Sie Ihrem Weihnachtsfest einen ganz besonderen Touch! Diese edlen Weihnachtsservietten sind","og_url":"https:\/\/schweizversand.ch\/fr\/produkt\/brauncompany-servietten-weihnachten-sterne\/","og_site_name":"Schweizer Shop f\u00fcr Sport, Spiel und Freizeit","article_publisher":"https:\/\/www.facebook.com\/Schweizversand","article_modified_time":"2026-04-19T00:05:22+00:00","og_image":[{"width":1024,"height":1024,"url":"https:\/\/schweizversand.ch\/wp-content\/uploads\/2026\/02\/5471785747.jpg","type":"image\/jpeg"}],"twitter_card":"summary_large_image","twitter_misc":{"Dur\u00e9e de lecture estim\u00e9e":"1 minute"},"schema":{"@context":"https:\/\/schema.org","@graph":[{"@type":"WebPage","@id":"https:\/\/schweizversand.ch\/fr\/produkt\/brauncompany-servietten-weihnachten-sterne\/","url":"https:\/\/schweizversand.ch\/fr\/produkt\/brauncompany-servietten-weihnachten-sterne\/","name":"Braun&Company Servietten Weihnachten \" Sterne\"","isPartOf":{"@id":"https:\/\/schweizversand.ch\/fr\/#website"},"primaryImageOfPage":{"@id":"https:\/\/schweizversand.ch\/fr\/produkt\/brauncompany-servietten-weihnachten-sterne\/#primaryimage"},"image":{"@id":"https:\/\/schweizversand.ch\/fr\/produkt\/brauncompany-servietten-weihnachten-sterne\/#primaryimage"},"thumbnailUrl":"https:\/\/schweizversand.ch\/wp-content\/uploads\/2026\/02\/5471785747.jpg","datePublished":"2026-03-14T22:21:45+00:00","dateModified":"2026-04-19T00:05:22+00:00","description":"Festliche Weihnachtspapier-Servietten \u2013 33x33 cm, 20 St\u00fcck Verleihen Sie Ihrem Weihnachtsfest einen ganz besonderen Touch! Diese edlen Weihnachtsservietten sind","breadcrumb":{"@id":"https:\/\/schweizversand.ch\/fr\/produkt\/brauncompany-servietten-weihnachten-sterne\/#breadcrumb"},"inLanguage":"fr-FR","potentialAction":[{"@type":"ReadAction","target":["https:\/\/schweizversand.ch\/fr\/produkt\/brauncompany-servietten-weihnachten-sterne\/"]}]},{"@type":"ImageObject","inLanguage":"fr-FR","@id":"https:\/\/schweizversand.ch\/fr\/produkt\/brauncompany-servietten-weihnachten-sterne\/#primaryimage","url":"https:\/\/schweizversand.ch\/wp-content\/uploads\/2026\/02\/5471785747.jpg","contentUrl":"https:\/\/schweizversand.ch\/wp-content\/uploads\/2026\/02\/5471785747.jpg","width":1024,"height":1024},{"@type":"BreadcrumbList","@id":"https:\/\/schweizversand.ch\/fr\/produkt\/brauncompany-servietten-weihnachten-sterne\/#breadcrumb","itemListElement":[{"@type":"ListItem","position":1,"name":"Startseite","item":"https:\/\/schweizversand.ch\/fr\/home\/"},{"@type":"ListItem","position":2,"name":"Boutique","item":"https:\/\/schweizversand.ch\/fr\/boutique\/"},{"@type":"ListItem","position":3,"name":"Accueil","item":"https:\/\/schweizversand.ch\/fr\/produkt-kategorie\/accueil\/"},{"@type":"ListItem","position":4,"name":"Linge de maison","item":"https:\/\/schweizversand.ch\/fr\/produkt-kategorie\/accueil\/textiles-de-maison\/"},{"@type":"ListItem","position":5,"name":"Serviettes","item":"https:\/\/schweizversand.ch\/fr\/produkt-kategorie\/accueil\/textiles-de-maison\/servietten\/"},{"@type":"ListItem","position":6,"name":"Serviettes de No\u00ebl Braun&#038;Company \u00ab \u00c9toiles \u00bb"}]},{"@type":"WebSite","@id":"https:\/\/schweizversand.ch\/fr\/#website","url":"https:\/\/schweizversand.ch\/fr\/","name":"Schweizer Shop f\u00fcr Sport, Spiel und Freizeit","description":"Gratisversand ab 50.- (netto), ab eigenem schweizer Lager, Lieferung innert 48h","publisher":{"@id":"https:\/\/schweizversand.ch\/fr\/#organization"},"alternateName":"Schweizversand.ch","potentialAction":[{"@type":"SearchAction","target":{"@type":"EntryPoint","urlTemplate":"https:\/\/schweizversand.ch\/fr\/?s={search_term_string}"},"query-input":{"@type":"PropertyValueSpecification","valueRequired":true,"valueName":"search_term_string"}}],"inLanguage":"fr-FR"},{"@type":"Organization","@id":"https:\/\/schweizversand.ch\/fr\/#organization","name":"Schweizversand.ch","url":"https:\/\/schweizversand.ch\/fr\/","logo":{"@type":"ImageObject","inLanguage":"fr-FR","@id":"https:\/\/schweizversand.ch\/fr\/#\/schema\/logo\/image\/","url":"https:\/\/schweizversand.ch\/wp-content\/uploads\/2026\/03\/Logo_Rund_Final-1.png","contentUrl":"https:\/\/schweizversand.ch\/wp-content\/uploads\/2026\/03\/Logo_Rund_Final-1.png","width":404,"height":404,"caption":"Schweizversand.ch"},"image":{"@id":"https:\/\/schweizversand.ch\/fr\/#\/schema\/logo\/image\/"},"sameAs":["https:\/\/www.facebook.com\/Schweizversand","https:\/\/www.instagram.com\/schweizversand.ch\/"]}]}},"jetpack_sharing_enabled":true,"_links":{"self":[{"href":"https:\/\/schweizversand.ch\/fr\/wp-json\/wp\/v2\/product\/248002","targetHints":{"allow":["GET"]}}],"collection":[{"href":"https:\/\/schweizversand.ch\/fr\/wp-json\/wp\/v2\/product"}],"about":[{"href":"https:\/\/schweizversand.ch\/fr\/wp-json\/wp\/v2\/types\/product"}],"replies":[{"embeddable":true,"href":"https:\/\/schweizversand.ch\/fr\/wp-json\/wp\/v2\/comments?post=248002"}],"wp:featuredmedia":[{"embeddable":true,"href":"https:\/\/schweizversand.ch\/fr\/wp-json\/wp\/v2\/media\/257433"}],"wp:attachment":[{"href":"https:\/\/schweizversand.ch\/fr\/wp-json\/wp\/v2\/media?parent=248002"}],"wp:term":[{"taxonomy":"product_brand","embeddable":true,"href":"https:\/\/schweizversand.ch\/fr\/wp-json\/wp\/v2\/product_brand?post=248002"},{"taxonomy":"product_cat","embeddable":true,"href":"https:\/\/schweizversand.ch\/fr\/wp-json\/wp\/v2\/product_cat?post=248002"},{"taxonomy":"product_tag","embeddable":true,"href":"https:\/\/schweizversand.ch\/fr\/wp-json\/wp\/v2\/product_tag?post=248002"}],"curies":[{"name":"wp","href":"https:\/\/api.w.org\/{rel}","templated":true}]}}