{"id":248006,"date":"2026-03-14T23:21:46","date_gmt":"2026-03-14T22:21:46","guid":{"rendered":"https:\/\/schweizversand.ch\/produkt\/brauncompany-servietten-weihnachten-weihnachtspost\/"},"modified":"2026-04-19T02:05:22","modified_gmt":"2026-04-19T00:05:22","slug":"brauncompany-servietten-weihnachten-weihnachtspost","status":"publish","type":"product","link":"https:\/\/schweizversand.ch\/fr\/produkt\/brauncompany-servietten-weihnachten-weihnachtspost\/","title":{"rendered":"Serviettes de No\u00ebl Braun&#038;Company \u00ab\u00a0Christmas Post\u00a0\u00bb"},"content":{"rendered":"<p>Serviettes de table festives de No\u00ebl \u2013 33 x 33 cm, paquet de 20<\/p>\n<\/p>\n<p>Apportez une touche sp\u00e9ciale \u00e0 vos f\u00eates de fin d&rsquo;ann\u00e9e avec nos \u00e9l\u00e9gantes serviettes de table en papier ! Mesurant 33 x 33 cm et conditionn\u00e9es par 20, elles sont parfaites pour votre table de f\u00eate. Leur joli motif de No\u00ebl cr\u00e9e une ambiance festive et sublime chaque repas.<\/p>\n<\/p>\n<p>\u2022 Dimensions : 33 x 33 cm (d\u00e9pli\u00e9es)<\/p>\n<\/p>\n<p>\u2022 Contenu : 20 serviettes par paquet<\/p>\n<\/p>\n<p>\u2022 Motifs de No\u00ebl : Id\u00e9ales pour les f\u00eates et les r\u00e9ceptions de No\u00ebl<\/p>\n<\/p>\n<p>\u2022 Haute qualit\u00e9 : Absorbantes et douces pour un confort optimal<\/p>\n<\/p>\n<p>Que ce soit pour un d\u00eener de f\u00eate ou un caf\u00e9 entre amis, ces serviettes feront de chaque repas un moment inoubliable. Commandez d\u00e8s maintenant ces serviettes pratiques et d\u00e9coratives pour vos f\u00eates de fin d&rsquo;ann\u00e9e !<\/p>\n","protected":false},"excerpt":{"rendered":"<p>Serviettes de table festives de No\u00ebl \u2013 33 x 33 cm, paquet de 20 Apportez une touche sp\u00e9ciale \u00e0 vos f\u00eates de fin d&rsquo;ann\u00e9e avec nos \u00e9l\u00e9gantes serviettes de table en papier ! Mesurant 33 x 33 cm et conditionn\u00e9es par 20, elles sont parfaites pour votre table de f\u00eate. Leur joli motif de No\u00ebl cr\u00e9e une ambiance festive et sublime chaque repas. \u2022 Dimensions : 33 x 33 cm (d\u00e9pli\u00e9es) \u2022 Contenu : 20&hellip;<\/p>\n","protected":false},"featured_media":257445,"comment_status":"open","ping_status":"closed","template":"","meta":[],"product_brand":[],"product_cat":[38172],"product_tag":[],"class_list":{"0":"post-248006","1":"product","2":"type-product","3":"status-publish","4":"has-post-thumbnail","6":"product_cat-servietten","7":"product_shipping_class-global_methods","9":"first","10":"instock","11":"taxable","12":"shipping-taxable","13":"purchasable","14":"product-type-simple"},"yoast_head":"<!-- This site is optimized with the Yoast SEO plugin v27.4 - https:\/\/yoast.com\/product\/yoast-seo-wordpress\/ -->\n<title>Braun&amp;Company Servietten Weihnachten &quot;Weihnachtspost&quot;<\/title>\n<meta name=\"description\" content=\"Festliche Weihnachtspapier-Servietten \u2013 33x33 cm, 20 St\u00fcck\u00a0 Verleihen Sie Ihrem Weihnachtsfest einen ganz besonderen Touch mit unseren edlen Weihnachtspapier-S\" \/>\n<meta name=\"robots\" content=\"index, follow, max-snippet:-1, max-image-preview:large, max-video-preview:-1\" \/>\n<link rel=\"canonical\" href=\"https:\/\/schweizversand.ch\/fr\/produkt\/brauncompany-servietten-weihnachten-weihnachtspost\/\" \/>\n<meta property=\"og:locale\" content=\"fr_FR\" \/>\n<meta property=\"og:type\" content=\"article\" \/>\n<meta property=\"og:title\" content=\"Braun&amp;Company Servietten Weihnachten &quot;Weihnachtspost&quot;\" \/>\n<meta property=\"og:description\" content=\"Festliche Weihnachtspapier-Servietten \u2013 33x33 cm, 20 St\u00fcck\u00a0 Verleihen Sie Ihrem Weihnachtsfest einen ganz besonderen Touch mit unseren edlen Weihnachtspapier-S\" \/>\n<meta property=\"og:url\" content=\"https:\/\/schweizversand.ch\/fr\/produkt\/brauncompany-servietten-weihnachten-weihnachtspost\/\" \/>\n<meta property=\"og:site_name\" content=\"Schweizer Shop f\u00fcr Sport, Spiel und Freizeit\" \/>\n<meta property=\"article:publisher\" content=\"https:\/\/www.facebook.com\/Schweizversand\" \/>\n<meta property=\"article:modified_time\" content=\"2026-04-19T00:05:22+00:00\" \/>\n<meta property=\"og:image\" content=\"https:\/\/schweizversand.ch\/wp-content\/uploads\/2026\/02\/5471789524.png\" \/>\n\t<meta property=\"og:image:width\" content=\"1016\" \/>\n\t<meta property=\"og:image:height\" content=\"1024\" \/>\n\t<meta property=\"og:image:type\" content=\"image\/png\" \/>\n<meta name=\"twitter:card\" content=\"summary_large_image\" \/>\n<meta name=\"twitter:label1\" content=\"Dur\u00e9e de lecture estim\u00e9e\" \/>\n\t<meta name=\"twitter:data1\" content=\"1 minute\" \/>\n<script type=\"application\/ld+json\" class=\"yoast-schema-graph\">{\"@context\":\"https:\\\/\\\/schema.org\",\"@graph\":[{\"@type\":\"WebPage\",\"@id\":\"https:\\\/\\\/schweizversand.ch\\\/fr\\\/produkt\\\/brauncompany-servietten-weihnachten-weihnachtspost\\\/\",\"url\":\"https:\\\/\\\/schweizversand.ch\\\/fr\\\/produkt\\\/brauncompany-servietten-weihnachten-weihnachtspost\\\/\",\"name\":\"Braun&Company Servietten Weihnachten \\\"Weihnachtspost\\\"\",\"isPartOf\":{\"@id\":\"https:\\\/\\\/schweizversand.ch\\\/fr\\\/#website\"},\"primaryImageOfPage\":{\"@id\":\"https:\\\/\\\/schweizversand.ch\\\/fr\\\/produkt\\\/brauncompany-servietten-weihnachten-weihnachtspost\\\/#primaryimage\"},\"image\":{\"@id\":\"https:\\\/\\\/schweizversand.ch\\\/fr\\\/produkt\\\/brauncompany-servietten-weihnachten-weihnachtspost\\\/#primaryimage\"},\"thumbnailUrl\":\"https:\\\/\\\/schweizversand.ch\\\/wp-content\\\/uploads\\\/2026\\\/02\\\/5471789524.png\",\"datePublished\":\"2026-03-14T22:21:46+00:00\",\"dateModified\":\"2026-04-19T00:05:22+00:00\",\"description\":\"Festliche Weihnachtspapier-Servietten \u2013 33x33 cm, 20 St\u00fcck\u00a0 Verleihen Sie Ihrem Weihnachtsfest einen ganz besonderen Touch mit unseren edlen Weihnachtspapier-S\",\"breadcrumb\":{\"@id\":\"https:\\\/\\\/schweizversand.ch\\\/fr\\\/produkt\\\/brauncompany-servietten-weihnachten-weihnachtspost\\\/#breadcrumb\"},\"inLanguage\":\"fr-FR\",\"potentialAction\":[{\"@type\":\"ReadAction\",\"target\":[\"https:\\\/\\\/schweizversand.ch\\\/fr\\\/produkt\\\/brauncompany-servietten-weihnachten-weihnachtspost\\\/\"]}]},{\"@type\":\"ImageObject\",\"inLanguage\":\"fr-FR\",\"@id\":\"https:\\\/\\\/schweizversand.ch\\\/fr\\\/produkt\\\/brauncompany-servietten-weihnachten-weihnachtspost\\\/#primaryimage\",\"url\":\"https:\\\/\\\/schweizversand.ch\\\/wp-content\\\/uploads\\\/2026\\\/02\\\/5471789524.png\",\"contentUrl\":\"https:\\\/\\\/schweizversand.ch\\\/wp-content\\\/uploads\\\/2026\\\/02\\\/5471789524.png\",\"width\":1016,\"height\":1024},{\"@type\":\"BreadcrumbList\",\"@id\":\"https:\\\/\\\/schweizversand.ch\\\/fr\\\/produkt\\\/brauncompany-servietten-weihnachten-weihnachtspost\\\/#breadcrumb\",\"itemListElement\":[{\"@type\":\"ListItem\",\"position\":1,\"name\":\"Startseite\",\"item\":\"https:\\\/\\\/schweizversand.ch\\\/fr\\\/home\\\/\"},{\"@type\":\"ListItem\",\"position\":2,\"name\":\"Boutique\",\"item\":\"https:\\\/\\\/schweizversand.ch\\\/fr\\\/boutique\\\/\"},{\"@type\":\"ListItem\",\"position\":3,\"name\":\"Accueil\",\"item\":\"https:\\\/\\\/schweizversand.ch\\\/fr\\\/produkt-kategorie\\\/accueil\\\/\"},{\"@type\":\"ListItem\",\"position\":4,\"name\":\"Linge de maison\",\"item\":\"https:\\\/\\\/schweizversand.ch\\\/fr\\\/produkt-kategorie\\\/accueil\\\/textiles-de-maison\\\/\"},{\"@type\":\"ListItem\",\"position\":5,\"name\":\"Serviettes\",\"item\":\"https:\\\/\\\/schweizversand.ch\\\/fr\\\/produkt-kategorie\\\/accueil\\\/textiles-de-maison\\\/servietten\\\/\"},{\"@type\":\"ListItem\",\"position\":6,\"name\":\"Serviettes de No\u00ebl Braun&#038;Company \u00ab\u00a0Christmas Post\u00a0\u00bb\"}]},{\"@type\":\"WebSite\",\"@id\":\"https:\\\/\\\/schweizversand.ch\\\/fr\\\/#website\",\"url\":\"https:\\\/\\\/schweizversand.ch\\\/fr\\\/\",\"name\":\"Schweizer Shop f\u00fcr Sport, Spiel und Freizeit\",\"description\":\"Gratisversand ab 50.- (netto), ab eigenem schweizer Lager, Lieferung innert 48h\",\"publisher\":{\"@id\":\"https:\\\/\\\/schweizversand.ch\\\/fr\\\/#organization\"},\"alternateName\":\"Schweizversand.ch\",\"potentialAction\":[{\"@type\":\"SearchAction\",\"target\":{\"@type\":\"EntryPoint\",\"urlTemplate\":\"https:\\\/\\\/schweizversand.ch\\\/fr\\\/?s={search_term_string}\"},\"query-input\":{\"@type\":\"PropertyValueSpecification\",\"valueRequired\":true,\"valueName\":\"search_term_string\"}}],\"inLanguage\":\"fr-FR\"},{\"@type\":\"Organization\",\"@id\":\"https:\\\/\\\/schweizversand.ch\\\/fr\\\/#organization\",\"name\":\"Schweizversand.ch\",\"url\":\"https:\\\/\\\/schweizversand.ch\\\/fr\\\/\",\"logo\":{\"@type\":\"ImageObject\",\"inLanguage\":\"fr-FR\",\"@id\":\"https:\\\/\\\/schweizversand.ch\\\/fr\\\/#\\\/schema\\\/logo\\\/image\\\/\",\"url\":\"https:\\\/\\\/schweizversand.ch\\\/wp-content\\\/uploads\\\/2026\\\/03\\\/Logo_Rund_Final-1.png\",\"contentUrl\":\"https:\\\/\\\/schweizversand.ch\\\/wp-content\\\/uploads\\\/2026\\\/03\\\/Logo_Rund_Final-1.png\",\"width\":404,\"height\":404,\"caption\":\"Schweizversand.ch\"},\"image\":{\"@id\":\"https:\\\/\\\/schweizversand.ch\\\/fr\\\/#\\\/schema\\\/logo\\\/image\\\/\"},\"sameAs\":[\"https:\\\/\\\/www.facebook.com\\\/Schweizversand\",\"https:\\\/\\\/www.instagram.com\\\/schweizversand.ch\\\/\"]}]}<\/script>\n<!-- \/ Yoast SEO plugin. -->","yoast_head_json":{"title":"Braun&Company Servietten Weihnachten \"Weihnachtspost\"","description":"Festliche Weihnachtspapier-Servietten \u2013 33x33 cm, 20 St\u00fcck\u00a0 Verleihen Sie Ihrem Weihnachtsfest einen ganz besonderen Touch mit unseren edlen Weihnachtspapier-S","robots":{"index":"index","follow":"follow","max-snippet":"max-snippet:-1","max-image-preview":"max-image-preview:large","max-video-preview":"max-video-preview:-1"},"canonical":"https:\/\/schweizversand.ch\/fr\/produkt\/brauncompany-servietten-weihnachten-weihnachtspost\/","og_locale":"fr_FR","og_type":"article","og_title":"Braun&Company Servietten Weihnachten \"Weihnachtspost\"","og_description":"Festliche Weihnachtspapier-Servietten \u2013 33x33 cm, 20 St\u00fcck\u00a0 Verleihen Sie Ihrem Weihnachtsfest einen ganz besonderen Touch mit unseren edlen Weihnachtspapier-S","og_url":"https:\/\/schweizversand.ch\/fr\/produkt\/brauncompany-servietten-weihnachten-weihnachtspost\/","og_site_name":"Schweizer Shop f\u00fcr Sport, Spiel und Freizeit","article_publisher":"https:\/\/www.facebook.com\/Schweizversand","article_modified_time":"2026-04-19T00:05:22+00:00","og_image":[{"url":"https:\/\/schweizversand.ch\/wp-content\/uploads\/2026\/02\/5471789524.png","width":1016,"height":1024,"type":"image\/png"}],"twitter_card":"summary_large_image","twitter_misc":{"Dur\u00e9e de lecture estim\u00e9e":"1 minute"},"schema":{"@context":"https:\/\/schema.org","@graph":[{"@type":"WebPage","@id":"https:\/\/schweizversand.ch\/fr\/produkt\/brauncompany-servietten-weihnachten-weihnachtspost\/","url":"https:\/\/schweizversand.ch\/fr\/produkt\/brauncompany-servietten-weihnachten-weihnachtspost\/","name":"Braun&Company Servietten Weihnachten \"Weihnachtspost\"","isPartOf":{"@id":"https:\/\/schweizversand.ch\/fr\/#website"},"primaryImageOfPage":{"@id":"https:\/\/schweizversand.ch\/fr\/produkt\/brauncompany-servietten-weihnachten-weihnachtspost\/#primaryimage"},"image":{"@id":"https:\/\/schweizversand.ch\/fr\/produkt\/brauncompany-servietten-weihnachten-weihnachtspost\/#primaryimage"},"thumbnailUrl":"https:\/\/schweizversand.ch\/wp-content\/uploads\/2026\/02\/5471789524.png","datePublished":"2026-03-14T22:21:46+00:00","dateModified":"2026-04-19T00:05:22+00:00","description":"Festliche Weihnachtspapier-Servietten \u2013 33x33 cm, 20 St\u00fcck\u00a0 Verleihen Sie Ihrem Weihnachtsfest einen ganz besonderen Touch mit unseren edlen Weihnachtspapier-S","breadcrumb":{"@id":"https:\/\/schweizversand.ch\/fr\/produkt\/brauncompany-servietten-weihnachten-weihnachtspost\/#breadcrumb"},"inLanguage":"fr-FR","potentialAction":[{"@type":"ReadAction","target":["https:\/\/schweizversand.ch\/fr\/produkt\/brauncompany-servietten-weihnachten-weihnachtspost\/"]}]},{"@type":"ImageObject","inLanguage":"fr-FR","@id":"https:\/\/schweizversand.ch\/fr\/produkt\/brauncompany-servietten-weihnachten-weihnachtspost\/#primaryimage","url":"https:\/\/schweizversand.ch\/wp-content\/uploads\/2026\/02\/5471789524.png","contentUrl":"https:\/\/schweizversand.ch\/wp-content\/uploads\/2026\/02\/5471789524.png","width":1016,"height":1024},{"@type":"BreadcrumbList","@id":"https:\/\/schweizversand.ch\/fr\/produkt\/brauncompany-servietten-weihnachten-weihnachtspost\/#breadcrumb","itemListElement":[{"@type":"ListItem","position":1,"name":"Startseite","item":"https:\/\/schweizversand.ch\/fr\/home\/"},{"@type":"ListItem","position":2,"name":"Boutique","item":"https:\/\/schweizversand.ch\/fr\/boutique\/"},{"@type":"ListItem","position":3,"name":"Accueil","item":"https:\/\/schweizversand.ch\/fr\/produkt-kategorie\/accueil\/"},{"@type":"ListItem","position":4,"name":"Linge de maison","item":"https:\/\/schweizversand.ch\/fr\/produkt-kategorie\/accueil\/textiles-de-maison\/"},{"@type":"ListItem","position":5,"name":"Serviettes","item":"https:\/\/schweizversand.ch\/fr\/produkt-kategorie\/accueil\/textiles-de-maison\/servietten\/"},{"@type":"ListItem","position":6,"name":"Serviettes de No\u00ebl Braun&#038;Company \u00ab\u00a0Christmas Post\u00a0\u00bb"}]},{"@type":"WebSite","@id":"https:\/\/schweizversand.ch\/fr\/#website","url":"https:\/\/schweizversand.ch\/fr\/","name":"Schweizer Shop f\u00fcr Sport, Spiel und Freizeit","description":"Gratisversand ab 50.- (netto), ab eigenem schweizer Lager, Lieferung innert 48h","publisher":{"@id":"https:\/\/schweizversand.ch\/fr\/#organization"},"alternateName":"Schweizversand.ch","potentialAction":[{"@type":"SearchAction","target":{"@type":"EntryPoint","urlTemplate":"https:\/\/schweizversand.ch\/fr\/?s={search_term_string}"},"query-input":{"@type":"PropertyValueSpecification","valueRequired":true,"valueName":"search_term_string"}}],"inLanguage":"fr-FR"},{"@type":"Organization","@id":"https:\/\/schweizversand.ch\/fr\/#organization","name":"Schweizversand.ch","url":"https:\/\/schweizversand.ch\/fr\/","logo":{"@type":"ImageObject","inLanguage":"fr-FR","@id":"https:\/\/schweizversand.ch\/fr\/#\/schema\/logo\/image\/","url":"https:\/\/schweizversand.ch\/wp-content\/uploads\/2026\/03\/Logo_Rund_Final-1.png","contentUrl":"https:\/\/schweizversand.ch\/wp-content\/uploads\/2026\/03\/Logo_Rund_Final-1.png","width":404,"height":404,"caption":"Schweizversand.ch"},"image":{"@id":"https:\/\/schweizversand.ch\/fr\/#\/schema\/logo\/image\/"},"sameAs":["https:\/\/www.facebook.com\/Schweizversand","https:\/\/www.instagram.com\/schweizversand.ch\/"]}]}},"jetpack_sharing_enabled":true,"_links":{"self":[{"href":"https:\/\/schweizversand.ch\/fr\/wp-json\/wp\/v2\/product\/248006","targetHints":{"allow":["GET"]}}],"collection":[{"href":"https:\/\/schweizversand.ch\/fr\/wp-json\/wp\/v2\/product"}],"about":[{"href":"https:\/\/schweizversand.ch\/fr\/wp-json\/wp\/v2\/types\/product"}],"replies":[{"embeddable":true,"href":"https:\/\/schweizversand.ch\/fr\/wp-json\/wp\/v2\/comments?post=248006"}],"wp:featuredmedia":[{"embeddable":true,"href":"https:\/\/schweizversand.ch\/fr\/wp-json\/wp\/v2\/media\/257445"}],"wp:attachment":[{"href":"https:\/\/schweizversand.ch\/fr\/wp-json\/wp\/v2\/media?parent=248006"}],"wp:term":[{"taxonomy":"product_brand","embeddable":true,"href":"https:\/\/schweizversand.ch\/fr\/wp-json\/wp\/v2\/product_brand?post=248006"},{"taxonomy":"product_cat","embeddable":true,"href":"https:\/\/schweizversand.ch\/fr\/wp-json\/wp\/v2\/product_cat?post=248006"},{"taxonomy":"product_tag","embeddable":true,"href":"https:\/\/schweizversand.ch\/fr\/wp-json\/wp\/v2\/product_tag?post=248006"}],"curies":[{"name":"wp","href":"https:\/\/api.w.org\/{rel}","templated":true}]}}