{"id":248008,"date":"2026-03-14T23:21:46","date_gmt":"2026-03-14T22:21:46","guid":{"rendered":"https:\/\/schweizversand.ch\/produkt\/sponeta-tischtennisnetz-zu-netzgarnitur-primus-ii-classic\/"},"modified":"2026-04-21T15:35:06","modified_gmt":"2026-04-21T13:35:06","slug":"sponeta-tischtennisnetz-zu-netzgarnitur-primus-ii-classic","status":"publish","type":"product","link":"https:\/\/schweizversand.ch\/fr\/produkt\/sponeta-tischtennisnetz-zu-netzgarnitur-primus-ii-classic\/","title":{"rendered":"Filet de tennis de table Sponeta pour Primus II et ensemble de filets Classic"},"content":{"rendered":"<div>D\u00e9tails<br \/>\u2022 Filet en coton de haute qualit\u00e9, type \u00ab\u00a0Champion du monde\u00a0\u00bb (noir) avec logo ITTF<br \/>\u2022 Avec cordon de tension pour tendre le bord sup\u00e9rieur du filet, SANS cha\u00eenette<br \/>\u2022 Convient aux mod\u00e8les de tables de tennis de table\u00a0: S 6-12\/13 i, S 6-52\/53 i, S 7-12\/13, S 7-22\/23, S 8-36\/37, S 8-36 w\/37 w, S 7-62\/63<\/p>\n<p>Informations du fabricant\u00a0: Ce filet porte le logo ITTF et ne comprend pas de cha\u00eenette. La cha\u00eenette \u00e0 billes est fournie d&rsquo;origine avec la table et peut \u00eatre utilis\u00e9e pour le filet de remplacement ; l&rsquo;utilisation sans la cha\u00eenette \u00e0 billes est \u00e9galement possible.<\/p>\n","protected":false},"excerpt":{"rendered":"<p>D\u00e9tails\u2022 Filet en coton de haute qualit\u00e9, type \u00ab\u00a0Champion du monde\u00a0\u00bb (noir) avec logo ITTF\u2022 Avec cordon de tension pour tendre le bord sup\u00e9rieur du filet, SANS cha\u00eenette\u2022 Convient aux mod\u00e8les de tables de tennis de table\u00a0: S 6-12\/13 i, S 6-52\/53 i, S 7-12\/13, S 7-22\/23, S 8-36\/37, S 8-36 w\/37 w, S 7-62\/63 Informations du fabricant\u00a0: Ce filet porte le logo ITTF et ne comprend pas de cha\u00eenette. La cha\u00eenette \u00e0 billes est&hellip;<\/p>\n","protected":false},"featured_media":257451,"comment_status":"open","ping_status":"closed","template":"","meta":[],"product_brand":[],"product_cat":[38360],"product_tag":[],"class_list":{"0":"post-248008","1":"product","2":"type-product","3":"status-publish","4":"has-post-thumbnail","6":"product_cat-tisch-ersatzteile","7":"product_shipping_class-global_methods","9":"first","10":"instock","11":"taxable","12":"shipping-taxable","13":"purchasable","14":"product-type-simple"},"yoast_head":"<!-- This site is optimized with the Yoast SEO plugin v27.4 - https:\/\/yoast.com\/product\/yoast-seo-wordpress\/ -->\n<title>Sponeta Tischtennisnetz zu Netzgarnitur Primus II &amp; Classic | Jetzt kaufen | Schweizversand.ch<\/title>\n<meta name=\"description\" content=\"Sponeta Tischtennisnetz zu Netzgarnitur Primus II &amp; Classic g\u00fcnstig kaufen bei Schweizversand.ch. Schnelle Lieferung in der Schweiz. Gratisversand ab CHF 50.\" \/>\n<meta name=\"robots\" content=\"index, follow, max-snippet:-1, max-image-preview:large, max-video-preview:-1\" \/>\n<link rel=\"canonical\" href=\"https:\/\/schweizversand.ch\/fr\/produkt\/sponeta-tischtennisnetz-zu-netzgarnitur-primus-ii-classic\/\" \/>\n<meta property=\"og:locale\" content=\"fr_FR\" \/>\n<meta property=\"og:type\" content=\"article\" \/>\n<meta property=\"og:title\" content=\"Sponeta Tischtennisnetz zu Netzgarnitur Primus II &amp; Classic | Jetzt kaufen | Schweizversand.ch\" \/>\n<meta property=\"og:description\" content=\"Sponeta Tischtennisnetz zu Netzgarnitur Primus II &amp; Classic g\u00fcnstig kaufen bei Schweizversand.ch. Schnelle Lieferung in der Schweiz. Gratisversand ab CHF 50.\" \/>\n<meta property=\"og:url\" content=\"https:\/\/schweizversand.ch\/fr\/produkt\/sponeta-tischtennisnetz-zu-netzgarnitur-primus-ii-classic\/\" \/>\n<meta property=\"og:site_name\" content=\"Schweizer Shop f\u00fcr Sport, Spiel und Freizeit\" \/>\n<meta property=\"article:publisher\" content=\"https:\/\/www.facebook.com\/Schweizversand\" \/>\n<meta property=\"article:modified_time\" content=\"2026-04-21T13:35:06+00:00\" \/>\n<meta property=\"og:image\" content=\"https:\/\/schweizversand.ch\/wp-content\/uploads\/2026\/02\/5472039669.jpg\" \/>\n\t<meta property=\"og:image:width\" content=\"1024\" \/>\n\t<meta property=\"og:image:height\" content=\"431\" \/>\n\t<meta property=\"og:image:type\" content=\"image\/jpeg\" \/>\n<meta name=\"twitter:card\" content=\"summary_large_image\" \/>\n<meta name=\"twitter:label1\" content=\"Dur\u00e9e de lecture estim\u00e9e\" \/>\n\t<meta name=\"twitter:data1\" content=\"1 minute\" \/>\n<script type=\"application\/ld+json\" class=\"yoast-schema-graph\">{\"@context\":\"https:\\\/\\\/schema.org\",\"@graph\":[{\"@type\":\"WebPage\",\"@id\":\"https:\\\/\\\/schweizversand.ch\\\/fr\\\/produkt\\\/sponeta-tischtennisnetz-zu-netzgarnitur-primus-ii-classic\\\/\",\"url\":\"https:\\\/\\\/schweizversand.ch\\\/fr\\\/produkt\\\/sponeta-tischtennisnetz-zu-netzgarnitur-primus-ii-classic\\\/\",\"name\":\"Sponeta Tischtennisnetz zu Netzgarnitur Primus II & Classic | Jetzt kaufen | Schweizversand.ch\",\"isPartOf\":{\"@id\":\"https:\\\/\\\/schweizversand.ch\\\/fr\\\/#website\"},\"primaryImageOfPage\":{\"@id\":\"https:\\\/\\\/schweizversand.ch\\\/fr\\\/produkt\\\/sponeta-tischtennisnetz-zu-netzgarnitur-primus-ii-classic\\\/#primaryimage\"},\"image\":{\"@id\":\"https:\\\/\\\/schweizversand.ch\\\/fr\\\/produkt\\\/sponeta-tischtennisnetz-zu-netzgarnitur-primus-ii-classic\\\/#primaryimage\"},\"thumbnailUrl\":\"https:\\\/\\\/schweizversand.ch\\\/wp-content\\\/uploads\\\/2026\\\/02\\\/5472039669.jpg\",\"datePublished\":\"2026-03-14T22:21:46+00:00\",\"dateModified\":\"2026-04-21T13:35:06+00:00\",\"description\":\"Sponeta Tischtennisnetz zu Netzgarnitur Primus II & Classic g\u00fcnstig kaufen bei Schweizversand.ch. Schnelle Lieferung in der Schweiz. Gratisversand ab CHF 50.\",\"breadcrumb\":{\"@id\":\"https:\\\/\\\/schweizversand.ch\\\/fr\\\/produkt\\\/sponeta-tischtennisnetz-zu-netzgarnitur-primus-ii-classic\\\/#breadcrumb\"},\"inLanguage\":\"fr-FR\",\"potentialAction\":[{\"@type\":\"ReadAction\",\"target\":[\"https:\\\/\\\/schweizversand.ch\\\/fr\\\/produkt\\\/sponeta-tischtennisnetz-zu-netzgarnitur-primus-ii-classic\\\/\"]}]},{\"@type\":\"ImageObject\",\"inLanguage\":\"fr-FR\",\"@id\":\"https:\\\/\\\/schweizversand.ch\\\/fr\\\/produkt\\\/sponeta-tischtennisnetz-zu-netzgarnitur-primus-ii-classic\\\/#primaryimage\",\"url\":\"https:\\\/\\\/schweizversand.ch\\\/wp-content\\\/uploads\\\/2026\\\/02\\\/5472039669.jpg\",\"contentUrl\":\"https:\\\/\\\/schweizversand.ch\\\/wp-content\\\/uploads\\\/2026\\\/02\\\/5472039669.jpg\",\"width\":1024,\"height\":431},{\"@type\":\"BreadcrumbList\",\"@id\":\"https:\\\/\\\/schweizversand.ch\\\/fr\\\/produkt\\\/sponeta-tischtennisnetz-zu-netzgarnitur-primus-ii-classic\\\/#breadcrumb\",\"itemListElement\":[{\"@type\":\"ListItem\",\"position\":1,\"name\":\"Startseite\",\"item\":\"https:\\\/\\\/schweizversand.ch\\\/fr\\\/home\\\/\"},{\"@type\":\"ListItem\",\"position\":2,\"name\":\"Boutique\",\"item\":\"https:\\\/\\\/schweizversand.ch\\\/fr\\\/boutique\\\/\"},{\"@type\":\"ListItem\",\"position\":3,\"name\":\"Pi\u00e8ces d\u00e9tach\u00e9es\",\"item\":\"https:\\\/\\\/schweizversand.ch\\\/fr\\\/produkt-kategorie\\\/pieces-detachees\\\/\"},{\"@type\":\"ListItem\",\"position\":4,\"name\":\"Sponeta\",\"item\":\"https:\\\/\\\/schweizversand.ch\\\/fr\\\/produkt-kategorie\\\/pieces-detachees\\\/sponeta\\\/\"},{\"@type\":\"ListItem\",\"position\":5,\"name\":\"Pi\u00e8ces d\u00e9tach\u00e9es pour tables\",\"item\":\"https:\\\/\\\/schweizversand.ch\\\/fr\\\/produkt-kategorie\\\/pieces-detachees\\\/sponeta\\\/tisch-ersatzteile\\\/\"},{\"@type\":\"ListItem\",\"position\":6,\"name\":\"Filet de tennis de table Sponeta pour Primus II et ensemble de filets Classic\"}]},{\"@type\":\"WebSite\",\"@id\":\"https:\\\/\\\/schweizversand.ch\\\/fr\\\/#website\",\"url\":\"https:\\\/\\\/schweizversand.ch\\\/fr\\\/\",\"name\":\"Schweizer Shop f\u00fcr Sport, Spiel und Freizeit\",\"description\":\"Gratisversand ab 50.- (netto), ab eigenem schweizer Lager, Lieferung innert 48h\",\"publisher\":{\"@id\":\"https:\\\/\\\/schweizversand.ch\\\/fr\\\/#organization\"},\"alternateName\":\"Schweizversand.ch\",\"potentialAction\":[{\"@type\":\"SearchAction\",\"target\":{\"@type\":\"EntryPoint\",\"urlTemplate\":\"https:\\\/\\\/schweizversand.ch\\\/fr\\\/?s={search_term_string}\"},\"query-input\":{\"@type\":\"PropertyValueSpecification\",\"valueRequired\":true,\"valueName\":\"search_term_string\"}}],\"inLanguage\":\"fr-FR\"},{\"@type\":\"Organization\",\"@id\":\"https:\\\/\\\/schweizversand.ch\\\/fr\\\/#organization\",\"name\":\"Schweizversand.ch\",\"url\":\"https:\\\/\\\/schweizversand.ch\\\/fr\\\/\",\"logo\":{\"@type\":\"ImageObject\",\"inLanguage\":\"fr-FR\",\"@id\":\"https:\\\/\\\/schweizversand.ch\\\/fr\\\/#\\\/schema\\\/logo\\\/image\\\/\",\"url\":\"https:\\\/\\\/schweizversand.ch\\\/wp-content\\\/uploads\\\/2026\\\/03\\\/Logo_Rund_Final-1.png\",\"contentUrl\":\"https:\\\/\\\/schweizversand.ch\\\/wp-content\\\/uploads\\\/2026\\\/03\\\/Logo_Rund_Final-1.png\",\"width\":404,\"height\":404,\"caption\":\"Schweizversand.ch\"},\"image\":{\"@id\":\"https:\\\/\\\/schweizversand.ch\\\/fr\\\/#\\\/schema\\\/logo\\\/image\\\/\"},\"sameAs\":[\"https:\\\/\\\/www.facebook.com\\\/Schweizversand\",\"https:\\\/\\\/www.instagram.com\\\/schweizversand.ch\\\/\"]}]}<\/script>\n<!-- \/ Yoast SEO plugin. -->","yoast_head_json":{"title":"Sponeta Tischtennisnetz zu Netzgarnitur Primus II & Classic | Jetzt kaufen | Schweizversand.ch","description":"Sponeta Tischtennisnetz zu Netzgarnitur Primus II & Classic g\u00fcnstig kaufen bei Schweizversand.ch. Schnelle Lieferung in der Schweiz. Gratisversand ab CHF 50.","robots":{"index":"index","follow":"follow","max-snippet":"max-snippet:-1","max-image-preview":"max-image-preview:large","max-video-preview":"max-video-preview:-1"},"canonical":"https:\/\/schweizversand.ch\/fr\/produkt\/sponeta-tischtennisnetz-zu-netzgarnitur-primus-ii-classic\/","og_locale":"fr_FR","og_type":"article","og_title":"Sponeta Tischtennisnetz zu Netzgarnitur Primus II & Classic | Jetzt kaufen | Schweizversand.ch","og_description":"Sponeta Tischtennisnetz zu Netzgarnitur Primus II & Classic g\u00fcnstig kaufen bei Schweizversand.ch. Schnelle Lieferung in der Schweiz. Gratisversand ab CHF 50.","og_url":"https:\/\/schweizversand.ch\/fr\/produkt\/sponeta-tischtennisnetz-zu-netzgarnitur-primus-ii-classic\/","og_site_name":"Schweizer Shop f\u00fcr Sport, Spiel und Freizeit","article_publisher":"https:\/\/www.facebook.com\/Schweizversand","article_modified_time":"2026-04-21T13:35:06+00:00","og_image":[{"width":1024,"height":431,"url":"https:\/\/schweizversand.ch\/wp-content\/uploads\/2026\/02\/5472039669.jpg","type":"image\/jpeg"}],"twitter_card":"summary_large_image","twitter_misc":{"Dur\u00e9e de lecture estim\u00e9e":"1 minute"},"schema":{"@context":"https:\/\/schema.org","@graph":[{"@type":"WebPage","@id":"https:\/\/schweizversand.ch\/fr\/produkt\/sponeta-tischtennisnetz-zu-netzgarnitur-primus-ii-classic\/","url":"https:\/\/schweizversand.ch\/fr\/produkt\/sponeta-tischtennisnetz-zu-netzgarnitur-primus-ii-classic\/","name":"Sponeta Tischtennisnetz zu Netzgarnitur Primus II & Classic | Jetzt kaufen | Schweizversand.ch","isPartOf":{"@id":"https:\/\/schweizversand.ch\/fr\/#website"},"primaryImageOfPage":{"@id":"https:\/\/schweizversand.ch\/fr\/produkt\/sponeta-tischtennisnetz-zu-netzgarnitur-primus-ii-classic\/#primaryimage"},"image":{"@id":"https:\/\/schweizversand.ch\/fr\/produkt\/sponeta-tischtennisnetz-zu-netzgarnitur-primus-ii-classic\/#primaryimage"},"thumbnailUrl":"https:\/\/schweizversand.ch\/wp-content\/uploads\/2026\/02\/5472039669.jpg","datePublished":"2026-03-14T22:21:46+00:00","dateModified":"2026-04-21T13:35:06+00:00","description":"Sponeta Tischtennisnetz zu Netzgarnitur Primus II & Classic g\u00fcnstig kaufen bei Schweizversand.ch. Schnelle Lieferung in der Schweiz. Gratisversand ab CHF 50.","breadcrumb":{"@id":"https:\/\/schweizversand.ch\/fr\/produkt\/sponeta-tischtennisnetz-zu-netzgarnitur-primus-ii-classic\/#breadcrumb"},"inLanguage":"fr-FR","potentialAction":[{"@type":"ReadAction","target":["https:\/\/schweizversand.ch\/fr\/produkt\/sponeta-tischtennisnetz-zu-netzgarnitur-primus-ii-classic\/"]}]},{"@type":"ImageObject","inLanguage":"fr-FR","@id":"https:\/\/schweizversand.ch\/fr\/produkt\/sponeta-tischtennisnetz-zu-netzgarnitur-primus-ii-classic\/#primaryimage","url":"https:\/\/schweizversand.ch\/wp-content\/uploads\/2026\/02\/5472039669.jpg","contentUrl":"https:\/\/schweizversand.ch\/wp-content\/uploads\/2026\/02\/5472039669.jpg","width":1024,"height":431},{"@type":"BreadcrumbList","@id":"https:\/\/schweizversand.ch\/fr\/produkt\/sponeta-tischtennisnetz-zu-netzgarnitur-primus-ii-classic\/#breadcrumb","itemListElement":[{"@type":"ListItem","position":1,"name":"Startseite","item":"https:\/\/schweizversand.ch\/fr\/home\/"},{"@type":"ListItem","position":2,"name":"Boutique","item":"https:\/\/schweizversand.ch\/fr\/boutique\/"},{"@type":"ListItem","position":3,"name":"Pi\u00e8ces d\u00e9tach\u00e9es","item":"https:\/\/schweizversand.ch\/fr\/produkt-kategorie\/pieces-detachees\/"},{"@type":"ListItem","position":4,"name":"Sponeta","item":"https:\/\/schweizversand.ch\/fr\/produkt-kategorie\/pieces-detachees\/sponeta\/"},{"@type":"ListItem","position":5,"name":"Pi\u00e8ces d\u00e9tach\u00e9es pour tables","item":"https:\/\/schweizversand.ch\/fr\/produkt-kategorie\/pieces-detachees\/sponeta\/tisch-ersatzteile\/"},{"@type":"ListItem","position":6,"name":"Filet de tennis de table Sponeta pour Primus II et ensemble de filets Classic"}]},{"@type":"WebSite","@id":"https:\/\/schweizversand.ch\/fr\/#website","url":"https:\/\/schweizversand.ch\/fr\/","name":"Schweizer Shop f\u00fcr Sport, Spiel und Freizeit","description":"Gratisversand ab 50.- (netto), ab eigenem schweizer Lager, Lieferung innert 48h","publisher":{"@id":"https:\/\/schweizversand.ch\/fr\/#organization"},"alternateName":"Schweizversand.ch","potentialAction":[{"@type":"SearchAction","target":{"@type":"EntryPoint","urlTemplate":"https:\/\/schweizversand.ch\/fr\/?s={search_term_string}"},"query-input":{"@type":"PropertyValueSpecification","valueRequired":true,"valueName":"search_term_string"}}],"inLanguage":"fr-FR"},{"@type":"Organization","@id":"https:\/\/schweizversand.ch\/fr\/#organization","name":"Schweizversand.ch","url":"https:\/\/schweizversand.ch\/fr\/","logo":{"@type":"ImageObject","inLanguage":"fr-FR","@id":"https:\/\/schweizversand.ch\/fr\/#\/schema\/logo\/image\/","url":"https:\/\/schweizversand.ch\/wp-content\/uploads\/2026\/03\/Logo_Rund_Final-1.png","contentUrl":"https:\/\/schweizversand.ch\/wp-content\/uploads\/2026\/03\/Logo_Rund_Final-1.png","width":404,"height":404,"caption":"Schweizversand.ch"},"image":{"@id":"https:\/\/schweizversand.ch\/fr\/#\/schema\/logo\/image\/"},"sameAs":["https:\/\/www.facebook.com\/Schweizversand","https:\/\/www.instagram.com\/schweizversand.ch\/"]}]}},"jetpack_sharing_enabled":true,"_links":{"self":[{"href":"https:\/\/schweizversand.ch\/fr\/wp-json\/wp\/v2\/product\/248008","targetHints":{"allow":["GET"]}}],"collection":[{"href":"https:\/\/schweizversand.ch\/fr\/wp-json\/wp\/v2\/product"}],"about":[{"href":"https:\/\/schweizversand.ch\/fr\/wp-json\/wp\/v2\/types\/product"}],"replies":[{"embeddable":true,"href":"https:\/\/schweizversand.ch\/fr\/wp-json\/wp\/v2\/comments?post=248008"}],"wp:featuredmedia":[{"embeddable":true,"href":"https:\/\/schweizversand.ch\/fr\/wp-json\/wp\/v2\/media\/257451"}],"wp:attachment":[{"href":"https:\/\/schweizversand.ch\/fr\/wp-json\/wp\/v2\/media?parent=248008"}],"wp:term":[{"taxonomy":"product_brand","embeddable":true,"href":"https:\/\/schweizversand.ch\/fr\/wp-json\/wp\/v2\/product_brand?post=248008"},{"taxonomy":"product_cat","embeddable":true,"href":"https:\/\/schweizversand.ch\/fr\/wp-json\/wp\/v2\/product_cat?post=248008"},{"taxonomy":"product_tag","embeddable":true,"href":"https:\/\/schweizversand.ch\/fr\/wp-json\/wp\/v2\/product_tag?post=248008"}],"curies":[{"name":"wp","href":"https:\/\/api.w.org\/{rel}","templated":true}]}}