{"id":248024,"date":"2026-03-14T23:21:51","date_gmt":"2026-03-14T22:21:51","guid":{"rendered":"https:\/\/schweizversand.ch\/produkt\/lena-dragon-handlettering\/"},"modified":"2026-04-20T02:04:26","modified_gmt":"2026-04-20T00:04:26","slug":"lena-dragon-handlettering","status":"publish","type":"product","link":"https:\/\/schweizversand.ch\/fr\/produkt\/lena-dragon-handlettering\/","title":{"rendered":"Lettrage \u00e0 la main LENA Dragon"},"content":{"rendered":"<p>Plongez dans le monde magique de la calligraphie et des dragons\u00a0!<\/p>\n<p>Avec le kit de calligraphie LENA Dragon, cr\u00e9ez de superbes lettrages et des motifs de dragons originaux. Lettres artistiques, petits mots doux ou dessins impressionnants\u00a0: ce kit contient tout le n\u00e9cessaire pour donner vie \u00e0 votre imagination.<\/p>\n<p>Le kit comprend\u00a0:<\/p>\n<p>\u2022 2 stylos noirs, dont un \u00e0 double pointe<\/p>\n<p>\u2022 1 stylo calligraphique avec encrier et pointe interchangeable<\/p>\n<p>\u2022 1 pochoir pour des lettrages et des motifs impressionnants<\/p>\n<p>\u2022 1 livret de motifs de dragons pour inspirer votre cr\u00e9ativit\u00e9<\/p>\n<p>\u2022 4 feuilles de papier \u00e0 lettres avec cachets de cire pour des lettres vraiment f\u00e9eriques<\/p>\n<p>\u2022 2 planches d&rsquo;autocollants avec de jolis motifs de dragons<\/p>\n<p>\u2022 Instructions illustr\u00e9es avec conseils et techniques<\/p>\n<p>Id\u00e9al pour les enfants \u00e0 partir de 8\u00a0ans, pr\u00e9sent\u00e9 dans une jolie bo\u00eete de rangement avec \u00e9lastique.<\/p>\n<p>\u00ab\u00a0` <br \/>Lib\u00e9rez votre cr\u00e9ativit\u00e9 et donnez vie \u00e0 vos propres mondes de dragons sur papier\u00a0!<\/p>\n","protected":false},"excerpt":{"rendered":"<p>Plongez dans le monde magique de la calligraphie et des dragons\u00a0! Avec le kit de calligraphie LENA Dragon, cr\u00e9ez de superbes lettrages et des motifs de dragons originaux. Lettres artistiques, petits mots doux ou dessins impressionnants\u00a0: ce kit contient tout le n\u00e9cessaire pour donner vie \u00e0 votre imagination. Le kit comprend\u00a0: \u2022 2 stylos noirs, dont un \u00e0 double pointe \u2022 1 stylo calligraphique avec encrier et pointe interchangeable \u2022 1 pochoir pour des lettrages&hellip;<\/p>\n","protected":false},"featured_media":257466,"comment_status":"open","ping_status":"closed","template":"","meta":[],"product_brand":[],"product_cat":[38101],"product_tag":[],"class_list":{"0":"post-248024","1":"product","2":"type-product","3":"status-publish","4":"has-post-thumbnail","6":"product_cat-stifte-schreibgeraete","7":"product_shipping_class-global_methods","9":"first","10":"instock","11":"taxable","12":"shipping-taxable","13":"purchasable","14":"product-type-simple"},"yoast_head":"<!-- This site is optimized with the Yoast SEO plugin v27.4 - https:\/\/yoast.com\/product\/yoast-seo-wordpress\/ -->\n<title>LENA Dragon Handlettering | Jetzt kaufen | Schweizversand.ch<\/title>\n<meta name=\"description\" content=\"LENA Dragon Handlettering g\u00fcnstig kaufen bei Schweizversand.ch. Schnelle Lieferung in der Schweiz. Gratisversand ab CHF 50.\" \/>\n<meta name=\"robots\" content=\"index, follow, max-snippet:-1, max-image-preview:large, max-video-preview:-1\" \/>\n<link rel=\"canonical\" href=\"https:\/\/schweizversand.ch\/fr\/produkt\/lena-dragon-handlettering\/\" \/>\n<meta property=\"og:locale\" content=\"fr_FR\" \/>\n<meta property=\"og:type\" content=\"article\" \/>\n<meta property=\"og:title\" content=\"LENA Dragon Handlettering | Jetzt kaufen | Schweizversand.ch\" \/>\n<meta property=\"og:description\" content=\"LENA Dragon Handlettering g\u00fcnstig kaufen bei Schweizversand.ch. Schnelle Lieferung in der Schweiz. Gratisversand ab CHF 50.\" \/>\n<meta property=\"og:url\" content=\"https:\/\/schweizversand.ch\/fr\/produkt\/lena-dragon-handlettering\/\" \/>\n<meta property=\"og:site_name\" content=\"Schweizer Shop f\u00fcr Sport, Spiel und Freizeit\" \/>\n<meta property=\"article:publisher\" content=\"https:\/\/www.facebook.com\/Schweizversand\" \/>\n<meta property=\"article:modified_time\" content=\"2026-04-20T00:04:26+00:00\" \/>\n<meta property=\"og:image\" content=\"https:\/\/schweizversand.ch\/wp-content\/uploads\/2026\/02\/5471828571.jpg\" \/>\n\t<meta property=\"og:image:width\" content=\"1024\" \/>\n\t<meta property=\"og:image:height\" content=\"1024\" \/>\n\t<meta property=\"og:image:type\" content=\"image\/jpeg\" \/>\n<meta name=\"twitter:card\" content=\"summary_large_image\" \/>\n<meta name=\"twitter:label1\" content=\"Dur\u00e9e de lecture estim\u00e9e\" \/>\n\t<meta name=\"twitter:data1\" content=\"1 minute\" \/>\n<script type=\"application\/ld+json\" class=\"yoast-schema-graph\">{\"@context\":\"https:\\\/\\\/schema.org\",\"@graph\":[{\"@type\":\"WebPage\",\"@id\":\"https:\\\/\\\/schweizversand.ch\\\/fr\\\/produkt\\\/lena-dragon-handlettering\\\/\",\"url\":\"https:\\\/\\\/schweizversand.ch\\\/fr\\\/produkt\\\/lena-dragon-handlettering\\\/\",\"name\":\"LENA Dragon Handlettering | Jetzt kaufen | Schweizversand.ch\",\"isPartOf\":{\"@id\":\"https:\\\/\\\/schweizversand.ch\\\/fr\\\/#website\"},\"primaryImageOfPage\":{\"@id\":\"https:\\\/\\\/schweizversand.ch\\\/fr\\\/produkt\\\/lena-dragon-handlettering\\\/#primaryimage\"},\"image\":{\"@id\":\"https:\\\/\\\/schweizversand.ch\\\/fr\\\/produkt\\\/lena-dragon-handlettering\\\/#primaryimage\"},\"thumbnailUrl\":\"https:\\\/\\\/schweizversand.ch\\\/wp-content\\\/uploads\\\/2026\\\/02\\\/5471828571.jpg\",\"datePublished\":\"2026-03-14T22:21:51+00:00\",\"dateModified\":\"2026-04-20T00:04:26+00:00\",\"description\":\"LENA Dragon Handlettering g\u00fcnstig kaufen bei Schweizversand.ch. Schnelle Lieferung in der Schweiz. Gratisversand ab CHF 50.\",\"breadcrumb\":{\"@id\":\"https:\\\/\\\/schweizversand.ch\\\/fr\\\/produkt\\\/lena-dragon-handlettering\\\/#breadcrumb\"},\"inLanguage\":\"fr-FR\",\"potentialAction\":[{\"@type\":\"ReadAction\",\"target\":[\"https:\\\/\\\/schweizversand.ch\\\/fr\\\/produkt\\\/lena-dragon-handlettering\\\/\"]}]},{\"@type\":\"ImageObject\",\"inLanguage\":\"fr-FR\",\"@id\":\"https:\\\/\\\/schweizversand.ch\\\/fr\\\/produkt\\\/lena-dragon-handlettering\\\/#primaryimage\",\"url\":\"https:\\\/\\\/schweizversand.ch\\\/wp-content\\\/uploads\\\/2026\\\/02\\\/5471828571.jpg\",\"contentUrl\":\"https:\\\/\\\/schweizversand.ch\\\/wp-content\\\/uploads\\\/2026\\\/02\\\/5471828571.jpg\",\"width\":1024,\"height\":1024},{\"@type\":\"BreadcrumbList\",\"@id\":\"https:\\\/\\\/schweizversand.ch\\\/fr\\\/produkt\\\/lena-dragon-handlettering\\\/#breadcrumb\",\"itemListElement\":[{\"@type\":\"ListItem\",\"position\":1,\"name\":\"Startseite\",\"item\":\"https:\\\/\\\/schweizversand.ch\\\/fr\\\/home\\\/\"},{\"@type\":\"ListItem\",\"position\":2,\"name\":\"Boutique\",\"item\":\"https:\\\/\\\/schweizversand.ch\\\/fr\\\/boutique\\\/\"},{\"@type\":\"ListItem\",\"position\":3,\"name\":\"Fournitures de bureau et papeterie\",\"item\":\"https:\\\/\\\/schweizversand.ch\\\/fr\\\/produkt-kategorie\\\/fournitures-de-bureau-et-papeterie\\\/\"},{\"@type\":\"ListItem\",\"position\":4,\"name\":\"Espace de travail\",\"item\":\"https:\\\/\\\/schweizversand.ch\\\/fr\\\/produkt-kategorie\\\/fournitures-de-bureau-et-papeterie\\\/espace-de-travail\\\/\"},{\"@type\":\"ListItem\",\"position\":5,\"name\":\"Stylos et instruments d'\u00e9criture\",\"item\":\"https:\\\/\\\/schweizversand.ch\\\/fr\\\/produkt-kategorie\\\/fournitures-de-bureau-et-papeterie\\\/espace-de-travail\\\/stifte-schreibgeraete\\\/\"},{\"@type\":\"ListItem\",\"position\":6,\"name\":\"Lettrage \u00e0 la main LENA Dragon\"}]},{\"@type\":\"WebSite\",\"@id\":\"https:\\\/\\\/schweizversand.ch\\\/fr\\\/#website\",\"url\":\"https:\\\/\\\/schweizversand.ch\\\/fr\\\/\",\"name\":\"Schweizer Shop f\u00fcr Sport, Spiel und Freizeit\",\"description\":\"Gratisversand ab 50.- (netto), ab eigenem schweizer Lager, Lieferung innert 48h\",\"publisher\":{\"@id\":\"https:\\\/\\\/schweizversand.ch\\\/fr\\\/#organization\"},\"alternateName\":\"Schweizversand.ch\",\"potentialAction\":[{\"@type\":\"SearchAction\",\"target\":{\"@type\":\"EntryPoint\",\"urlTemplate\":\"https:\\\/\\\/schweizversand.ch\\\/fr\\\/?s={search_term_string}\"},\"query-input\":{\"@type\":\"PropertyValueSpecification\",\"valueRequired\":true,\"valueName\":\"search_term_string\"}}],\"inLanguage\":\"fr-FR\"},{\"@type\":\"Organization\",\"@id\":\"https:\\\/\\\/schweizversand.ch\\\/fr\\\/#organization\",\"name\":\"Schweizversand.ch\",\"url\":\"https:\\\/\\\/schweizversand.ch\\\/fr\\\/\",\"logo\":{\"@type\":\"ImageObject\",\"inLanguage\":\"fr-FR\",\"@id\":\"https:\\\/\\\/schweizversand.ch\\\/fr\\\/#\\\/schema\\\/logo\\\/image\\\/\",\"url\":\"https:\\\/\\\/schweizversand.ch\\\/wp-content\\\/uploads\\\/2026\\\/03\\\/Logo_Rund_Final-1.png\",\"contentUrl\":\"https:\\\/\\\/schweizversand.ch\\\/wp-content\\\/uploads\\\/2026\\\/03\\\/Logo_Rund_Final-1.png\",\"width\":404,\"height\":404,\"caption\":\"Schweizversand.ch\"},\"image\":{\"@id\":\"https:\\\/\\\/schweizversand.ch\\\/fr\\\/#\\\/schema\\\/logo\\\/image\\\/\"},\"sameAs\":[\"https:\\\/\\\/www.facebook.com\\\/Schweizversand\",\"https:\\\/\\\/www.instagram.com\\\/schweizversand.ch\\\/\"]}]}<\/script>\n<!-- \/ Yoast SEO plugin. -->","yoast_head_json":{"title":"LENA Dragon Handlettering | Jetzt kaufen | Schweizversand.ch","description":"LENA Dragon Handlettering g\u00fcnstig kaufen bei Schweizversand.ch. Schnelle Lieferung in der Schweiz. Gratisversand ab CHF 50.","robots":{"index":"index","follow":"follow","max-snippet":"max-snippet:-1","max-image-preview":"max-image-preview:large","max-video-preview":"max-video-preview:-1"},"canonical":"https:\/\/schweizversand.ch\/fr\/produkt\/lena-dragon-handlettering\/","og_locale":"fr_FR","og_type":"article","og_title":"LENA Dragon Handlettering | Jetzt kaufen | Schweizversand.ch","og_description":"LENA Dragon Handlettering g\u00fcnstig kaufen bei Schweizversand.ch. Schnelle Lieferung in der Schweiz. Gratisversand ab CHF 50.","og_url":"https:\/\/schweizversand.ch\/fr\/produkt\/lena-dragon-handlettering\/","og_site_name":"Schweizer Shop f\u00fcr Sport, Spiel und Freizeit","article_publisher":"https:\/\/www.facebook.com\/Schweizversand","article_modified_time":"2026-04-20T00:04:26+00:00","og_image":[{"width":1024,"height":1024,"url":"https:\/\/schweizversand.ch\/wp-content\/uploads\/2026\/02\/5471828571.jpg","type":"image\/jpeg"}],"twitter_card":"summary_large_image","twitter_misc":{"Dur\u00e9e de lecture estim\u00e9e":"1 minute"},"schema":{"@context":"https:\/\/schema.org","@graph":[{"@type":"WebPage","@id":"https:\/\/schweizversand.ch\/fr\/produkt\/lena-dragon-handlettering\/","url":"https:\/\/schweizversand.ch\/fr\/produkt\/lena-dragon-handlettering\/","name":"LENA Dragon Handlettering | Jetzt kaufen | Schweizversand.ch","isPartOf":{"@id":"https:\/\/schweizversand.ch\/fr\/#website"},"primaryImageOfPage":{"@id":"https:\/\/schweizversand.ch\/fr\/produkt\/lena-dragon-handlettering\/#primaryimage"},"image":{"@id":"https:\/\/schweizversand.ch\/fr\/produkt\/lena-dragon-handlettering\/#primaryimage"},"thumbnailUrl":"https:\/\/schweizversand.ch\/wp-content\/uploads\/2026\/02\/5471828571.jpg","datePublished":"2026-03-14T22:21:51+00:00","dateModified":"2026-04-20T00:04:26+00:00","description":"LENA Dragon Handlettering g\u00fcnstig kaufen bei Schweizversand.ch. Schnelle Lieferung in der Schweiz. Gratisversand ab CHF 50.","breadcrumb":{"@id":"https:\/\/schweizversand.ch\/fr\/produkt\/lena-dragon-handlettering\/#breadcrumb"},"inLanguage":"fr-FR","potentialAction":[{"@type":"ReadAction","target":["https:\/\/schweizversand.ch\/fr\/produkt\/lena-dragon-handlettering\/"]}]},{"@type":"ImageObject","inLanguage":"fr-FR","@id":"https:\/\/schweizversand.ch\/fr\/produkt\/lena-dragon-handlettering\/#primaryimage","url":"https:\/\/schweizversand.ch\/wp-content\/uploads\/2026\/02\/5471828571.jpg","contentUrl":"https:\/\/schweizversand.ch\/wp-content\/uploads\/2026\/02\/5471828571.jpg","width":1024,"height":1024},{"@type":"BreadcrumbList","@id":"https:\/\/schweizversand.ch\/fr\/produkt\/lena-dragon-handlettering\/#breadcrumb","itemListElement":[{"@type":"ListItem","position":1,"name":"Startseite","item":"https:\/\/schweizversand.ch\/fr\/home\/"},{"@type":"ListItem","position":2,"name":"Boutique","item":"https:\/\/schweizversand.ch\/fr\/boutique\/"},{"@type":"ListItem","position":3,"name":"Fournitures de bureau et papeterie","item":"https:\/\/schweizversand.ch\/fr\/produkt-kategorie\/fournitures-de-bureau-et-papeterie\/"},{"@type":"ListItem","position":4,"name":"Espace de travail","item":"https:\/\/schweizversand.ch\/fr\/produkt-kategorie\/fournitures-de-bureau-et-papeterie\/espace-de-travail\/"},{"@type":"ListItem","position":5,"name":"Stylos et instruments d'\u00e9criture","item":"https:\/\/schweizversand.ch\/fr\/produkt-kategorie\/fournitures-de-bureau-et-papeterie\/espace-de-travail\/stifte-schreibgeraete\/"},{"@type":"ListItem","position":6,"name":"Lettrage \u00e0 la main LENA Dragon"}]},{"@type":"WebSite","@id":"https:\/\/schweizversand.ch\/fr\/#website","url":"https:\/\/schweizversand.ch\/fr\/","name":"Schweizer Shop f\u00fcr Sport, Spiel und Freizeit","description":"Gratisversand ab 50.- (netto), ab eigenem schweizer Lager, Lieferung innert 48h","publisher":{"@id":"https:\/\/schweizversand.ch\/fr\/#organization"},"alternateName":"Schweizversand.ch","potentialAction":[{"@type":"SearchAction","target":{"@type":"EntryPoint","urlTemplate":"https:\/\/schweizversand.ch\/fr\/?s={search_term_string}"},"query-input":{"@type":"PropertyValueSpecification","valueRequired":true,"valueName":"search_term_string"}}],"inLanguage":"fr-FR"},{"@type":"Organization","@id":"https:\/\/schweizversand.ch\/fr\/#organization","name":"Schweizversand.ch","url":"https:\/\/schweizversand.ch\/fr\/","logo":{"@type":"ImageObject","inLanguage":"fr-FR","@id":"https:\/\/schweizversand.ch\/fr\/#\/schema\/logo\/image\/","url":"https:\/\/schweizversand.ch\/wp-content\/uploads\/2026\/03\/Logo_Rund_Final-1.png","contentUrl":"https:\/\/schweizversand.ch\/wp-content\/uploads\/2026\/03\/Logo_Rund_Final-1.png","width":404,"height":404,"caption":"Schweizversand.ch"},"image":{"@id":"https:\/\/schweizversand.ch\/fr\/#\/schema\/logo\/image\/"},"sameAs":["https:\/\/www.facebook.com\/Schweizversand","https:\/\/www.instagram.com\/schweizversand.ch\/"]}]}},"jetpack_sharing_enabled":true,"_links":{"self":[{"href":"https:\/\/schweizversand.ch\/fr\/wp-json\/wp\/v2\/product\/248024","targetHints":{"allow":["GET"]}}],"collection":[{"href":"https:\/\/schweizversand.ch\/fr\/wp-json\/wp\/v2\/product"}],"about":[{"href":"https:\/\/schweizversand.ch\/fr\/wp-json\/wp\/v2\/types\/product"}],"replies":[{"embeddable":true,"href":"https:\/\/schweizversand.ch\/fr\/wp-json\/wp\/v2\/comments?post=248024"}],"wp:featuredmedia":[{"embeddable":true,"href":"https:\/\/schweizversand.ch\/fr\/wp-json\/wp\/v2\/media\/257466"}],"wp:attachment":[{"href":"https:\/\/schweizversand.ch\/fr\/wp-json\/wp\/v2\/media?parent=248024"}],"wp:term":[{"taxonomy":"product_brand","embeddable":true,"href":"https:\/\/schweizversand.ch\/fr\/wp-json\/wp\/v2\/product_brand?post=248024"},{"taxonomy":"product_cat","embeddable":true,"href":"https:\/\/schweizversand.ch\/fr\/wp-json\/wp\/v2\/product_cat?post=248024"},{"taxonomy":"product_tag","embeddable":true,"href":"https:\/\/schweizversand.ch\/fr\/wp-json\/wp\/v2\/product_tag?post=248024"}],"curies":[{"name":"wp","href":"https:\/\/api.w.org\/{rel}","templated":true}]}}