{"id":248027,"date":"2026-03-14T23:21:51","date_gmt":"2026-03-14T22:21:51","guid":{"rendered":"https:\/\/schweizversand.ch\/produkt\/lena-faedelperlen-tasche-inkl-perlen\/"},"modified":"2026-04-19T02:05:24","modified_gmt":"2026-04-19T00:05:24","slug":"lena-faedelperlen-tasche-inkl-perlen","status":"publish","type":"product","link":"https:\/\/schweizversand.ch\/fr\/produkt\/lena-faedelperlen-tasche-inkl-perlen\/","title":{"rendered":"Sac \u00e0 perles LENA comprenant des perles"},"content":{"rendered":"<h1><strong>Sachet de perles avec perles, 4 couleurs assorties<\/strong><\/h1>\n<div>D\u00e9couvrez le monde merveilleux des loisirs cr\u00e9atifs avec notre sachet de perles polyvalent. Ce charmant ensemble offre tout ce dont les petits artistes ont besoin pour cr\u00e9er des bijoux uniques et des cr\u00e9ations imaginatives. Id\u00e9al pour des heures de plaisir et pour d\u00e9velopper la motricit\u00e9 fine.<\/p>\n<\/div>\n<div><strong>Plaisir cr\u00e9atif pour les enfants<\/strong><br \/>Avec cet ensemble de perles complet, les enfants peuvent laisser libre cours \u00e0 leur imagination. Qu&rsquo;il s&rsquo;agisse de cr\u00e9er des bijoux pour leurs amis et leur famille ou de donner vie aux animaux Scoubidou, les possibilit\u00e9s sont infinies. Les perles \u00e0 enfiler sont parfaitement adapt\u00e9es aux petites mains et favorisent la dext\u00e9rit\u00e9 et la concentration.<\/p>\n<\/div>\n<div><strong>Des possibilit\u00e9s de cr\u00e9ation vari\u00e9es<\/strong> L&rsquo;ensemble contient une large s\u00e9lection de perles color\u00e9es pour les loisirs cr\u00e9atifs des enfants, id\u00e9ales pour enfiler des colliers, des bracelets ou d&rsquo;autres bijoux. L&rsquo;assortiment de quatre couleurs offre un large \u00e9ventail de possibilit\u00e9s de cr\u00e9ation, rendant chaque pi\u00e8ce unique. Ce kit de perles est un incontournable pour toutes les activit\u00e9s cr\u00e9atives.<\/p>\n<\/div>\n<div><strong>Pochette \u00e0 perles pratique<\/strong> Toutes les perles sont rang\u00e9es dans une pochette \u00e0 perles tr\u00e8s pratique, qui facilite grandement le rangement. D&rsquo;une taille de 10 cm, cette petite pochette est id\u00e9ale pour les d\u00e9placements ou pour ranger soigneusement les perles. Ainsi, le mat\u00e9riel de loisirs cr\u00e9atifs est toujours \u00e0 port\u00e9e de main et bien organis\u00e9. Un mat\u00e9riel s\u00fbr pour les petites mains. Ce kit de loisirs cr\u00e9atifs pour enfants est sp\u00e9cialement con\u00e7u pour les enfants \u00e0 partir de 3 ans. Les perles sont robustes et sans danger \u00e0 manipuler, vous pouvez donc laisser vos petits exprimer leur cr\u00e9ativit\u00e9 en toute s\u00e9r\u00e9nit\u00e9. Stimulez le d\u00e9veloppement de votre enfant par le jeu avec ce kit de loisirs cr\u00e9atifs de haute qualit\u00e9.<\/p>\n<\/div>\n<div><strong>D\u00e9tails du produit<\/strong><br \/>&#8211; Contenu\u00a0: Perles \u00e0 enfiler de 4 couleurs assorties<br \/>&#8211; Convient pour\u00a0: La cr\u00e9ation de colliers, bracelets et visages pour les animaux Scoubidou<br \/>&#8211; Rangement\u00a0: Pochette \u00e0 perles pratique<br \/>&#8211; Taille de la pochette\u00a0: env. 10\u00a0cm<br \/>&#8211; \u00c2ge recommand\u00e9\u00a0: 3\u00a0ans et plus<br \/>&#8211; Mod\u00e8le non personnalisable.<br \/>&#8211; Prix par pochette<\/p>\n<\/div>\n<div>Offrez \u00e0 votre enfant des moments cr\u00e9atifs inoubliables avec ce kit complet de perles \u00e0 enfiler, tout en stimulant sa cr\u00e9ativit\u00e9 et sa motricit\u00e9 fine.<\/p>\n","protected":false},"excerpt":{"rendered":"<p>Sachet de perles avec perles, 4 couleurs assorties D\u00e9couvrez le monde merveilleux des loisirs cr\u00e9atifs avec notre sachet de perles polyvalent. Ce charmant ensemble offre tout ce dont les petits artistes ont besoin pour cr\u00e9er des bijoux uniques et des cr\u00e9ations imaginatives. Id\u00e9al pour des heures de plaisir et pour d\u00e9velopper la motricit\u00e9 fine. Plaisir cr\u00e9atif pour les enfantsAvec cet ensemble de perles complet, les enfants peuvent laisser libre cours \u00e0 leur imagination. Qu&rsquo;il s&rsquo;agisse&hellip;<\/p>\n","protected":false},"featured_media":165305,"comment_status":"open","ping_status":"closed","template":"","meta":[],"product_brand":[],"product_cat":[38365],"product_tag":[],"class_list":{"0":"post-248027","1":"product","2":"type-product","3":"status-publish","4":"has-post-thumbnail","6":"product_cat-basteln","7":"product_shipping_class-global_methods","9":"first","10":"instock","11":"taxable","12":"shipping-taxable","13":"purchasable","14":"product-type-simple"},"yoast_head":"<!-- This site is optimized with the Yoast SEO plugin v27.4 - https:\/\/yoast.com\/product\/yoast-seo-wordpress\/ -->\n<title>LENA F\u00e4delperlen-Tasche inkl. Perlen | Jetzt kaufen | Schweizversand.ch<\/title>\n<meta name=\"description\" content=\"LENA F\u00e4delperlen-Tasche inkl. Perlen g\u00fcnstig kaufen bei Schweizversand.ch. Schnelle Lieferung in der Schweiz. Gratisversand ab CHF 50.\" \/>\n<meta name=\"robots\" content=\"index, follow, max-snippet:-1, max-image-preview:large, max-video-preview:-1\" \/>\n<link rel=\"canonical\" href=\"https:\/\/schweizversand.ch\/fr\/produkt\/lena-faedelperlen-tasche-inkl-perlen\/\" \/>\n<meta property=\"og:locale\" content=\"fr_FR\" \/>\n<meta property=\"og:type\" content=\"article\" \/>\n<meta property=\"og:title\" content=\"LENA F\u00e4delperlen-Tasche inkl. Perlen | Jetzt kaufen | Schweizversand.ch\" \/>\n<meta property=\"og:description\" content=\"LENA F\u00e4delperlen-Tasche inkl. Perlen g\u00fcnstig kaufen bei Schweizversand.ch. Schnelle Lieferung in der Schweiz. Gratisversand ab CHF 50.\" \/>\n<meta property=\"og:url\" content=\"https:\/\/schweizversand.ch\/fr\/produkt\/lena-faedelperlen-tasche-inkl-perlen\/\" \/>\n<meta property=\"og:site_name\" content=\"Schweizer Shop f\u00fcr Sport, Spiel und Freizeit\" \/>\n<meta property=\"article:publisher\" content=\"https:\/\/www.facebook.com\/Schweizversand\" \/>\n<meta property=\"article:modified_time\" content=\"2026-04-19T00:05:24+00:00\" \/>\n<meta property=\"og:image\" content=\"https:\/\/schweizversand.ch\/wp-content\/uploads\/2026\/02\/5513569949.jpg\" \/>\n\t<meta property=\"og:image:width\" content=\"1024\" \/>\n\t<meta property=\"og:image:height\" content=\"970\" \/>\n\t<meta property=\"og:image:type\" content=\"image\/jpeg\" \/>\n<meta name=\"twitter:card\" content=\"summary_large_image\" \/>\n<meta name=\"twitter:label1\" content=\"Dur\u00e9e de lecture estim\u00e9e\" \/>\n\t<meta name=\"twitter:data1\" content=\"2 minutes\" \/>\n<script type=\"application\/ld+json\" class=\"yoast-schema-graph\">{\"@context\":\"https:\\\/\\\/schema.org\",\"@graph\":[{\"@type\":\"WebPage\",\"@id\":\"https:\\\/\\\/schweizversand.ch\\\/fr\\\/produkt\\\/lena-faedelperlen-tasche-inkl-perlen\\\/\",\"url\":\"https:\\\/\\\/schweizversand.ch\\\/fr\\\/produkt\\\/lena-faedelperlen-tasche-inkl-perlen\\\/\",\"name\":\"LENA F\u00e4delperlen-Tasche inkl. Perlen | Jetzt kaufen | Schweizversand.ch\",\"isPartOf\":{\"@id\":\"https:\\\/\\\/schweizversand.ch\\\/fr\\\/#website\"},\"primaryImageOfPage\":{\"@id\":\"https:\\\/\\\/schweizversand.ch\\\/fr\\\/produkt\\\/lena-faedelperlen-tasche-inkl-perlen\\\/#primaryimage\"},\"image\":{\"@id\":\"https:\\\/\\\/schweizversand.ch\\\/fr\\\/produkt\\\/lena-faedelperlen-tasche-inkl-perlen\\\/#primaryimage\"},\"thumbnailUrl\":\"https:\\\/\\\/schweizversand.ch\\\/wp-content\\\/uploads\\\/2026\\\/02\\\/5513569949.jpg\",\"datePublished\":\"2026-03-14T22:21:51+00:00\",\"dateModified\":\"2026-04-19T00:05:24+00:00\",\"description\":\"LENA F\u00e4delperlen-Tasche inkl. Perlen g\u00fcnstig kaufen bei Schweizversand.ch. Schnelle Lieferung in der Schweiz. Gratisversand ab CHF 50.\",\"breadcrumb\":{\"@id\":\"https:\\\/\\\/schweizversand.ch\\\/fr\\\/produkt\\\/lena-faedelperlen-tasche-inkl-perlen\\\/#breadcrumb\"},\"inLanguage\":\"fr-FR\",\"potentialAction\":[{\"@type\":\"ReadAction\",\"target\":[\"https:\\\/\\\/schweizversand.ch\\\/fr\\\/produkt\\\/lena-faedelperlen-tasche-inkl-perlen\\\/\"]}]},{\"@type\":\"ImageObject\",\"inLanguage\":\"fr-FR\",\"@id\":\"https:\\\/\\\/schweizversand.ch\\\/fr\\\/produkt\\\/lena-faedelperlen-tasche-inkl-perlen\\\/#primaryimage\",\"url\":\"https:\\\/\\\/schweizversand.ch\\\/wp-content\\\/uploads\\\/2026\\\/02\\\/5513569949.jpg\",\"contentUrl\":\"https:\\\/\\\/schweizversand.ch\\\/wp-content\\\/uploads\\\/2026\\\/02\\\/5513569949.jpg\",\"width\":1024,\"height\":970},{\"@type\":\"BreadcrumbList\",\"@id\":\"https:\\\/\\\/schweizversand.ch\\\/fr\\\/produkt\\\/lena-faedelperlen-tasche-inkl-perlen\\\/#breadcrumb\",\"itemListElement\":[{\"@type\":\"ListItem\",\"position\":1,\"name\":\"Startseite\",\"item\":\"https:\\\/\\\/schweizversand.ch\\\/fr\\\/home\\\/\"},{\"@type\":\"ListItem\",\"position\":2,\"name\":\"Boutique\",\"item\":\"https:\\\/\\\/schweizversand.ch\\\/fr\\\/boutique\\\/\"},{\"@type\":\"ListItem\",\"position\":3,\"name\":\"Jouets et jeux\",\"item\":\"https:\\\/\\\/schweizversand.ch\\\/fr\\\/produkt-kategorie\\\/jouets-et-jeux\\\/\"},{\"@type\":\"ListItem\",\"position\":4,\"name\":\"Loisirs cr\u00e9atifs\",\"item\":\"https:\\\/\\\/schweizversand.ch\\\/fr\\\/produkt-kategorie\\\/jouets-et-jeux\\\/loisirs-creatifs\\\/\"},{\"@type\":\"ListItem\",\"position\":5,\"name\":\"Artisanat\",\"item\":\"https:\\\/\\\/schweizversand.ch\\\/fr\\\/produkt-kategorie\\\/basteln\\\/\"},{\"@type\":\"ListItem\",\"position\":6,\"name\":\"Sac \u00e0 perles LENA comprenant des perles\"}]},{\"@type\":\"WebSite\",\"@id\":\"https:\\\/\\\/schweizversand.ch\\\/fr\\\/#website\",\"url\":\"https:\\\/\\\/schweizversand.ch\\\/fr\\\/\",\"name\":\"Schweizer Shop f\u00fcr Sport, Spiel und Freizeit\",\"description\":\"Gratisversand ab 50.- (netto), ab eigenem schweizer Lager, Lieferung innert 48h\",\"publisher\":{\"@id\":\"https:\\\/\\\/schweizversand.ch\\\/fr\\\/#organization\"},\"alternateName\":\"Schweizversand.ch\",\"potentialAction\":[{\"@type\":\"SearchAction\",\"target\":{\"@type\":\"EntryPoint\",\"urlTemplate\":\"https:\\\/\\\/schweizversand.ch\\\/fr\\\/?s={search_term_string}\"},\"query-input\":{\"@type\":\"PropertyValueSpecification\",\"valueRequired\":true,\"valueName\":\"search_term_string\"}}],\"inLanguage\":\"fr-FR\"},{\"@type\":\"Organization\",\"@id\":\"https:\\\/\\\/schweizversand.ch\\\/fr\\\/#organization\",\"name\":\"Schweizversand.ch\",\"url\":\"https:\\\/\\\/schweizversand.ch\\\/fr\\\/\",\"logo\":{\"@type\":\"ImageObject\",\"inLanguage\":\"fr-FR\",\"@id\":\"https:\\\/\\\/schweizversand.ch\\\/fr\\\/#\\\/schema\\\/logo\\\/image\\\/\",\"url\":\"https:\\\/\\\/schweizversand.ch\\\/wp-content\\\/uploads\\\/2026\\\/03\\\/Logo_Rund_Final-1.png\",\"contentUrl\":\"https:\\\/\\\/schweizversand.ch\\\/wp-content\\\/uploads\\\/2026\\\/03\\\/Logo_Rund_Final-1.png\",\"width\":404,\"height\":404,\"caption\":\"Schweizversand.ch\"},\"image\":{\"@id\":\"https:\\\/\\\/schweizversand.ch\\\/fr\\\/#\\\/schema\\\/logo\\\/image\\\/\"},\"sameAs\":[\"https:\\\/\\\/www.facebook.com\\\/Schweizversand\",\"https:\\\/\\\/www.instagram.com\\\/schweizversand.ch\\\/\"]}]}<\/script>\n<!-- \/ Yoast SEO plugin. -->","yoast_head_json":{"title":"LENA F\u00e4delperlen-Tasche inkl. Perlen | Jetzt kaufen | Schweizversand.ch","description":"LENA F\u00e4delperlen-Tasche inkl. Perlen g\u00fcnstig kaufen bei Schweizversand.ch. Schnelle Lieferung in der Schweiz. Gratisversand ab CHF 50.","robots":{"index":"index","follow":"follow","max-snippet":"max-snippet:-1","max-image-preview":"max-image-preview:large","max-video-preview":"max-video-preview:-1"},"canonical":"https:\/\/schweizversand.ch\/fr\/produkt\/lena-faedelperlen-tasche-inkl-perlen\/","og_locale":"fr_FR","og_type":"article","og_title":"LENA F\u00e4delperlen-Tasche inkl. Perlen | Jetzt kaufen | Schweizversand.ch","og_description":"LENA F\u00e4delperlen-Tasche inkl. Perlen g\u00fcnstig kaufen bei Schweizversand.ch. Schnelle Lieferung in der Schweiz. Gratisversand ab CHF 50.","og_url":"https:\/\/schweizversand.ch\/fr\/produkt\/lena-faedelperlen-tasche-inkl-perlen\/","og_site_name":"Schweizer Shop f\u00fcr Sport, Spiel und Freizeit","article_publisher":"https:\/\/www.facebook.com\/Schweizversand","article_modified_time":"2026-04-19T00:05:24+00:00","og_image":[{"width":1024,"height":970,"url":"https:\/\/schweizversand.ch\/wp-content\/uploads\/2026\/02\/5513569949.jpg","type":"image\/jpeg"}],"twitter_card":"summary_large_image","twitter_misc":{"Dur\u00e9e de lecture estim\u00e9e":"2 minutes"},"schema":{"@context":"https:\/\/schema.org","@graph":[{"@type":"WebPage","@id":"https:\/\/schweizversand.ch\/fr\/produkt\/lena-faedelperlen-tasche-inkl-perlen\/","url":"https:\/\/schweizversand.ch\/fr\/produkt\/lena-faedelperlen-tasche-inkl-perlen\/","name":"LENA F\u00e4delperlen-Tasche inkl. Perlen | Jetzt kaufen | Schweizversand.ch","isPartOf":{"@id":"https:\/\/schweizversand.ch\/fr\/#website"},"primaryImageOfPage":{"@id":"https:\/\/schweizversand.ch\/fr\/produkt\/lena-faedelperlen-tasche-inkl-perlen\/#primaryimage"},"image":{"@id":"https:\/\/schweizversand.ch\/fr\/produkt\/lena-faedelperlen-tasche-inkl-perlen\/#primaryimage"},"thumbnailUrl":"https:\/\/schweizversand.ch\/wp-content\/uploads\/2026\/02\/5513569949.jpg","datePublished":"2026-03-14T22:21:51+00:00","dateModified":"2026-04-19T00:05:24+00:00","description":"LENA F\u00e4delperlen-Tasche inkl. Perlen g\u00fcnstig kaufen bei Schweizversand.ch. Schnelle Lieferung in der Schweiz. Gratisversand ab CHF 50.","breadcrumb":{"@id":"https:\/\/schweizversand.ch\/fr\/produkt\/lena-faedelperlen-tasche-inkl-perlen\/#breadcrumb"},"inLanguage":"fr-FR","potentialAction":[{"@type":"ReadAction","target":["https:\/\/schweizversand.ch\/fr\/produkt\/lena-faedelperlen-tasche-inkl-perlen\/"]}]},{"@type":"ImageObject","inLanguage":"fr-FR","@id":"https:\/\/schweizversand.ch\/fr\/produkt\/lena-faedelperlen-tasche-inkl-perlen\/#primaryimage","url":"https:\/\/schweizversand.ch\/wp-content\/uploads\/2026\/02\/5513569949.jpg","contentUrl":"https:\/\/schweizversand.ch\/wp-content\/uploads\/2026\/02\/5513569949.jpg","width":1024,"height":970},{"@type":"BreadcrumbList","@id":"https:\/\/schweizversand.ch\/fr\/produkt\/lena-faedelperlen-tasche-inkl-perlen\/#breadcrumb","itemListElement":[{"@type":"ListItem","position":1,"name":"Startseite","item":"https:\/\/schweizversand.ch\/fr\/home\/"},{"@type":"ListItem","position":2,"name":"Boutique","item":"https:\/\/schweizversand.ch\/fr\/boutique\/"},{"@type":"ListItem","position":3,"name":"Jouets et jeux","item":"https:\/\/schweizversand.ch\/fr\/produkt-kategorie\/jouets-et-jeux\/"},{"@type":"ListItem","position":4,"name":"Loisirs cr\u00e9atifs","item":"https:\/\/schweizversand.ch\/fr\/produkt-kategorie\/jouets-et-jeux\/loisirs-creatifs\/"},{"@type":"ListItem","position":5,"name":"Artisanat","item":"https:\/\/schweizversand.ch\/fr\/produkt-kategorie\/basteln\/"},{"@type":"ListItem","position":6,"name":"Sac \u00e0 perles LENA comprenant des perles"}]},{"@type":"WebSite","@id":"https:\/\/schweizversand.ch\/fr\/#website","url":"https:\/\/schweizversand.ch\/fr\/","name":"Schweizer Shop f\u00fcr Sport, Spiel und Freizeit","description":"Gratisversand ab 50.- (netto), ab eigenem schweizer Lager, Lieferung innert 48h","publisher":{"@id":"https:\/\/schweizversand.ch\/fr\/#organization"},"alternateName":"Schweizversand.ch","potentialAction":[{"@type":"SearchAction","target":{"@type":"EntryPoint","urlTemplate":"https:\/\/schweizversand.ch\/fr\/?s={search_term_string}"},"query-input":{"@type":"PropertyValueSpecification","valueRequired":true,"valueName":"search_term_string"}}],"inLanguage":"fr-FR"},{"@type":"Organization","@id":"https:\/\/schweizversand.ch\/fr\/#organization","name":"Schweizversand.ch","url":"https:\/\/schweizversand.ch\/fr\/","logo":{"@type":"ImageObject","inLanguage":"fr-FR","@id":"https:\/\/schweizversand.ch\/fr\/#\/schema\/logo\/image\/","url":"https:\/\/schweizversand.ch\/wp-content\/uploads\/2026\/03\/Logo_Rund_Final-1.png","contentUrl":"https:\/\/schweizversand.ch\/wp-content\/uploads\/2026\/03\/Logo_Rund_Final-1.png","width":404,"height":404,"caption":"Schweizversand.ch"},"image":{"@id":"https:\/\/schweizversand.ch\/fr\/#\/schema\/logo\/image\/"},"sameAs":["https:\/\/www.facebook.com\/Schweizversand","https:\/\/www.instagram.com\/schweizversand.ch\/"]}]}},"jetpack_sharing_enabled":true,"_links":{"self":[{"href":"https:\/\/schweizversand.ch\/fr\/wp-json\/wp\/v2\/product\/248027","targetHints":{"allow":["GET"]}}],"collection":[{"href":"https:\/\/schweizversand.ch\/fr\/wp-json\/wp\/v2\/product"}],"about":[{"href":"https:\/\/schweizversand.ch\/fr\/wp-json\/wp\/v2\/types\/product"}],"replies":[{"embeddable":true,"href":"https:\/\/schweizversand.ch\/fr\/wp-json\/wp\/v2\/comments?post=248027"}],"wp:featuredmedia":[{"embeddable":true,"href":"https:\/\/schweizversand.ch\/fr\/wp-json\/wp\/v2\/media\/165305"}],"wp:attachment":[{"href":"https:\/\/schweizversand.ch\/fr\/wp-json\/wp\/v2\/media?parent=248027"}],"wp:term":[{"taxonomy":"product_brand","embeddable":true,"href":"https:\/\/schweizversand.ch\/fr\/wp-json\/wp\/v2\/product_brand?post=248027"},{"taxonomy":"product_cat","embeddable":true,"href":"https:\/\/schweizversand.ch\/fr\/wp-json\/wp\/v2\/product_cat?post=248027"},{"taxonomy":"product_tag","embeddable":true,"href":"https:\/\/schweizversand.ch\/fr\/wp-json\/wp\/v2\/product_tag?post=248027"}],"curies":[{"name":"wp","href":"https:\/\/api.w.org\/{rel}","templated":true}]}}