{"id":248031,"date":"2026-03-14T23:21:52","date_gmt":"2026-03-14T22:21:52","guid":{"rendered":"https:\/\/schweizversand.ch\/produkt\/bondi-aquatic-tauchspielzeug-set-bondi-neopren-3teilig\/"},"modified":"2026-04-19T02:05:24","modified_gmt":"2026-04-19T00:05:24","slug":"bondi-aquatic-tauchspielzeug-set-bondi-neopren-3teilig","status":"publish","type":"product","link":"https:\/\/schweizversand.ch\/fr\/produkt\/bondi-aquatic-tauchspielzeug-set-bondi-neopren-3teilig\/","title":{"rendered":"Ensemble de jouets de plong\u00e9e Bondi Aquatic, en n\u00e9opr\u00e8ne Bondi, 3 pi\u00e8ces"},"content":{"rendered":"<h1><strong>Ensemble de jouets de plong\u00e9e premium \u2013 Anneaux et b\u00e2tons de plong\u00e9e<\/strong><\/h1>\n<div>Cet ensemble de jouets de plong\u00e9e pour enfants, color\u00e9 et de haute qualit\u00e9, est id\u00e9al pour une journ\u00e9e \u00e0 la piscine ou \u00e0 la plage. Il garantit des heures d&rsquo;amusement dans l&rsquo;eau et favorise de mani\u00e8re ludique le d\u00e9veloppement des comp\u00e9tences sous-marines de vos petits.<\/p>\n<\/div>\n<div><strong>Apprentissage ludique de la plong\u00e9e pour enfants<\/strong><br \/>Gr\u00e2ce \u00e0 cet ensemble complet de jouets de natation, les enfants am\u00e9liorent leurs techniques de plong\u00e9e en s&rsquo;amusant. Les couleurs vives et la facilit\u00e9 de manipulation permettent de voir et d&rsquo;attraper facilement les objets dans l&rsquo;eau, rendant ainsi l&rsquo;apprentissage de la plong\u00e9e efficace et motivant.<\/p>\n<\/div>\n<div><strong>Mat\u00e9riaux et conception de haute qualit\u00e9<\/strong><br \/>Tous les jouets sous-marins sont fabriqu\u00e9s en n\u00e9opr\u00e8ne durable de haute qualit\u00e9, ce qui garantit une longue dur\u00e9e de vie et un maximum de plaisir. Le mat\u00e9riau est doux, facile \u00e0 prendre en main et parfaitement adapt\u00e9 aux petites mains des enfants.<\/p>\n<\/div>\n<div><strong>Contenu du kit de plong\u00e9e<\/strong><br \/>Ce kit de plong\u00e9e contient une s\u00e9lection vari\u00e9e de jouets pour offrir de nombreuses possibilit\u00e9s\u00a0:<br \/>&#8211; 1 anneau de plong\u00e9e (environ 12\u00a0cm de diam\u00e8tre)<br \/>&#8211; 1 balle avec queue (environ 6\u00a0cm de diam\u00e8tre)<br \/>&#8211; 1 b\u00e2ton de plong\u00e9e (environ 19\u00a0cm de longueur)<\/p>\n<\/div>\n<div><strong>Remarques importantes<\/strong><br \/>Veuillez respecter les consignes de s\u00e9curit\u00e9 suivantes pour vous amuser en toute s\u00e9curit\u00e9 dans l&rsquo;eau\u00a0:<br \/>&#8211; \u00c2ge recommand\u00e9\u00a0: Convient aux enfants de 6\u00a0ans et plus<br \/>&#8211; Attention\u00a0: L&rsquo;utilisation doit se faire sous la surveillance directe d&rsquo;un adulte<br \/>&#8211; Attention\u00a0: Utiliser uniquement en eau peu profonde et sous la surveillance d&rsquo;un adulte<\/p>\n<\/div>\n<div>Offrez ce fantastique kit d&rsquo;anneaux et de b\u00e2tons de plong\u00e9e \u00e0 vos enfants et regardez-les explorer le monde sous-marin avec joie\u00a0! s\u00e9curit\u00e9.<\/p>\n<\/div>\n<div><\/div>\n","protected":false},"excerpt":{"rendered":"<p>Ensemble de jouets de plong\u00e9e premium \u2013 Anneaux et b\u00e2tons de plong\u00e9e Cet ensemble de jouets de plong\u00e9e pour enfants, color\u00e9 et de haute qualit\u00e9, est id\u00e9al pour une journ\u00e9e \u00e0 la piscine ou \u00e0 la plage. Il garantit des heures d&rsquo;amusement dans l&rsquo;eau et favorise de mani\u00e8re ludique le d\u00e9veloppement des comp\u00e9tences sous-marines de vos petits. Apprentissage ludique de la plong\u00e9e pour enfantsGr\u00e2ce \u00e0 cet ensemble complet de jouets de natation, les enfants am\u00e9liorent&hellip;<\/p>\n","protected":false},"featured_media":165315,"comment_status":"open","ping_status":"closed","template":"","meta":[],"product_brand":[],"product_cat":[38366],"product_tag":[],"class_list":{"0":"post-248031","1":"product","2":"type-product","3":"status-publish","4":"has-post-thumbnail","6":"product_cat-wasserspielzeug","7":"product_shipping_class-global_methods","9":"first","10":"instock","11":"taxable","12":"shipping-taxable","13":"purchasable","14":"product-type-simple"},"yoast_head":"<!-- This site is optimized with the Yoast SEO plugin v27.4 - https:\/\/yoast.com\/product\/yoast-seo-wordpress\/ -->\n<title>Bondi Aquatic Tauchspielzeug Set Bondi Neopren 3teilig | Jetzt kaufen | Schweizversand.ch<\/title>\n<meta name=\"description\" content=\"Bondi Aquatic Tauchspielzeug Set Bondi Neopren 3teilig g\u00fcnstig kaufen bei Schweizversand.ch. Schnelle Lieferung in der Schweiz. Gratisversand ab CHF 50.\" \/>\n<meta name=\"robots\" content=\"index, follow, max-snippet:-1, max-image-preview:large, max-video-preview:-1\" \/>\n<link rel=\"canonical\" href=\"https:\/\/schweizversand.ch\/fr\/produkt\/bondi-aquatic-tauchspielzeug-set-bondi-neopren-3teilig\/\" \/>\n<meta property=\"og:locale\" content=\"fr_FR\" \/>\n<meta property=\"og:type\" content=\"article\" \/>\n<meta property=\"og:title\" content=\"Bondi Aquatic Tauchspielzeug Set Bondi Neopren 3teilig | Jetzt kaufen | Schweizversand.ch\" \/>\n<meta property=\"og:description\" content=\"Bondi Aquatic Tauchspielzeug Set Bondi Neopren 3teilig g\u00fcnstig kaufen bei Schweizversand.ch. Schnelle Lieferung in der Schweiz. Gratisversand ab CHF 50.\" \/>\n<meta property=\"og:url\" content=\"https:\/\/schweizversand.ch\/fr\/produkt\/bondi-aquatic-tauchspielzeug-set-bondi-neopren-3teilig\/\" \/>\n<meta property=\"og:site_name\" content=\"Schweizer Shop f\u00fcr Sport, Spiel und Freizeit\" \/>\n<meta property=\"article:publisher\" content=\"https:\/\/www.facebook.com\/Schweizversand\" \/>\n<meta property=\"article:modified_time\" content=\"2026-04-19T00:05:24+00:00\" \/>\n<meta property=\"og:image\" content=\"https:\/\/schweizversand.ch\/wp-content\/uploads\/2026\/02\/5471752218.jpg\" \/>\n\t<meta property=\"og:image:width\" content=\"1024\" \/>\n\t<meta property=\"og:image:height\" content=\"682\" \/>\n\t<meta property=\"og:image:type\" content=\"image\/jpeg\" \/>\n<meta name=\"twitter:card\" content=\"summary_large_image\" \/>\n<meta name=\"twitter:label1\" content=\"Dur\u00e9e de lecture estim\u00e9e\" \/>\n\t<meta name=\"twitter:data1\" content=\"1 minute\" \/>\n<script type=\"application\/ld+json\" class=\"yoast-schema-graph\">{\"@context\":\"https:\\\/\\\/schema.org\",\"@graph\":[{\"@type\":\"WebPage\",\"@id\":\"https:\\\/\\\/schweizversand.ch\\\/fr\\\/produkt\\\/bondi-aquatic-tauchspielzeug-set-bondi-neopren-3teilig\\\/\",\"url\":\"https:\\\/\\\/schweizversand.ch\\\/fr\\\/produkt\\\/bondi-aquatic-tauchspielzeug-set-bondi-neopren-3teilig\\\/\",\"name\":\"Bondi Aquatic Tauchspielzeug Set Bondi Neopren 3teilig | Jetzt kaufen | Schweizversand.ch\",\"isPartOf\":{\"@id\":\"https:\\\/\\\/schweizversand.ch\\\/fr\\\/#website\"},\"primaryImageOfPage\":{\"@id\":\"https:\\\/\\\/schweizversand.ch\\\/fr\\\/produkt\\\/bondi-aquatic-tauchspielzeug-set-bondi-neopren-3teilig\\\/#primaryimage\"},\"image\":{\"@id\":\"https:\\\/\\\/schweizversand.ch\\\/fr\\\/produkt\\\/bondi-aquatic-tauchspielzeug-set-bondi-neopren-3teilig\\\/#primaryimage\"},\"thumbnailUrl\":\"https:\\\/\\\/schweizversand.ch\\\/wp-content\\\/uploads\\\/2026\\\/02\\\/5471752218.jpg\",\"datePublished\":\"2026-03-14T22:21:52+00:00\",\"dateModified\":\"2026-04-19T00:05:24+00:00\",\"description\":\"Bondi Aquatic Tauchspielzeug Set Bondi Neopren 3teilig g\u00fcnstig kaufen bei Schweizversand.ch. Schnelle Lieferung in der Schweiz. Gratisversand ab CHF 50.\",\"breadcrumb\":{\"@id\":\"https:\\\/\\\/schweizversand.ch\\\/fr\\\/produkt\\\/bondi-aquatic-tauchspielzeug-set-bondi-neopren-3teilig\\\/#breadcrumb\"},\"inLanguage\":\"fr-FR\",\"potentialAction\":[{\"@type\":\"ReadAction\",\"target\":[\"https:\\\/\\\/schweizversand.ch\\\/fr\\\/produkt\\\/bondi-aquatic-tauchspielzeug-set-bondi-neopren-3teilig\\\/\"]}]},{\"@type\":\"ImageObject\",\"inLanguage\":\"fr-FR\",\"@id\":\"https:\\\/\\\/schweizversand.ch\\\/fr\\\/produkt\\\/bondi-aquatic-tauchspielzeug-set-bondi-neopren-3teilig\\\/#primaryimage\",\"url\":\"https:\\\/\\\/schweizversand.ch\\\/wp-content\\\/uploads\\\/2026\\\/02\\\/5471752218.jpg\",\"contentUrl\":\"https:\\\/\\\/schweizversand.ch\\\/wp-content\\\/uploads\\\/2026\\\/02\\\/5471752218.jpg\",\"width\":1024,\"height\":682},{\"@type\":\"BreadcrumbList\",\"@id\":\"https:\\\/\\\/schweizversand.ch\\\/fr\\\/produkt\\\/bondi-aquatic-tauchspielzeug-set-bondi-neopren-3teilig\\\/#breadcrumb\",\"itemListElement\":[{\"@type\":\"ListItem\",\"position\":1,\"name\":\"Startseite\",\"item\":\"https:\\\/\\\/schweizversand.ch\\\/fr\\\/home\\\/\"},{\"@type\":\"ListItem\",\"position\":2,\"name\":\"Boutique\",\"item\":\"https:\\\/\\\/schweizversand.ch\\\/fr\\\/boutique\\\/\"},{\"@type\":\"ListItem\",\"position\":3,\"name\":\"Jouets et jeux\",\"item\":\"https:\\\/\\\/schweizversand.ch\\\/fr\\\/produkt-kategorie\\\/jouets-et-jeux\\\/\"},{\"@type\":\"ListItem\",\"position\":4,\"name\":\"Jeux d'ext\u00e9rieur\",\"item\":\"https:\\\/\\\/schweizversand.ch\\\/fr\\\/produkt-kategorie\\\/jouets-et-jeux\\\/jeux-dexterieur\\\/\"},{\"@type\":\"ListItem\",\"position\":5,\"name\":\"Jeux d'eau\",\"item\":\"https:\\\/\\\/schweizversand.ch\\\/fr\\\/produkt-kategorie\\\/jouets-et-jeux\\\/jeux-dexterieur\\\/wasserspielzeug\\\/\"},{\"@type\":\"ListItem\",\"position\":6,\"name\":\"Ensemble de jouets de plong\u00e9e Bondi Aquatic, en n\u00e9opr\u00e8ne Bondi, 3 pi\u00e8ces\"}]},{\"@type\":\"WebSite\",\"@id\":\"https:\\\/\\\/schweizversand.ch\\\/fr\\\/#website\",\"url\":\"https:\\\/\\\/schweizversand.ch\\\/fr\\\/\",\"name\":\"Schweizer Shop f\u00fcr Sport, Spiel und Freizeit\",\"description\":\"Gratisversand ab 50.- (netto), ab eigenem schweizer Lager, Lieferung innert 48h\",\"publisher\":{\"@id\":\"https:\\\/\\\/schweizversand.ch\\\/fr\\\/#organization\"},\"alternateName\":\"Schweizversand.ch\",\"potentialAction\":[{\"@type\":\"SearchAction\",\"target\":{\"@type\":\"EntryPoint\",\"urlTemplate\":\"https:\\\/\\\/schweizversand.ch\\\/fr\\\/?s={search_term_string}\"},\"query-input\":{\"@type\":\"PropertyValueSpecification\",\"valueRequired\":true,\"valueName\":\"search_term_string\"}}],\"inLanguage\":\"fr-FR\"},{\"@type\":\"Organization\",\"@id\":\"https:\\\/\\\/schweizversand.ch\\\/fr\\\/#organization\",\"name\":\"Schweizversand.ch\",\"url\":\"https:\\\/\\\/schweizversand.ch\\\/fr\\\/\",\"logo\":{\"@type\":\"ImageObject\",\"inLanguage\":\"fr-FR\",\"@id\":\"https:\\\/\\\/schweizversand.ch\\\/fr\\\/#\\\/schema\\\/logo\\\/image\\\/\",\"url\":\"https:\\\/\\\/schweizversand.ch\\\/wp-content\\\/uploads\\\/2026\\\/03\\\/Logo_Rund_Final-1.png\",\"contentUrl\":\"https:\\\/\\\/schweizversand.ch\\\/wp-content\\\/uploads\\\/2026\\\/03\\\/Logo_Rund_Final-1.png\",\"width\":404,\"height\":404,\"caption\":\"Schweizversand.ch\"},\"image\":{\"@id\":\"https:\\\/\\\/schweizversand.ch\\\/fr\\\/#\\\/schema\\\/logo\\\/image\\\/\"},\"sameAs\":[\"https:\\\/\\\/www.facebook.com\\\/Schweizversand\",\"https:\\\/\\\/www.instagram.com\\\/schweizversand.ch\\\/\"]}]}<\/script>\n<!-- \/ Yoast SEO plugin. -->","yoast_head_json":{"title":"Bondi Aquatic Tauchspielzeug Set Bondi Neopren 3teilig | Jetzt kaufen | Schweizversand.ch","description":"Bondi Aquatic Tauchspielzeug Set Bondi Neopren 3teilig g\u00fcnstig kaufen bei Schweizversand.ch. Schnelle Lieferung in der Schweiz. Gratisversand ab CHF 50.","robots":{"index":"index","follow":"follow","max-snippet":"max-snippet:-1","max-image-preview":"max-image-preview:large","max-video-preview":"max-video-preview:-1"},"canonical":"https:\/\/schweizversand.ch\/fr\/produkt\/bondi-aquatic-tauchspielzeug-set-bondi-neopren-3teilig\/","og_locale":"fr_FR","og_type":"article","og_title":"Bondi Aquatic Tauchspielzeug Set Bondi Neopren 3teilig | Jetzt kaufen | Schweizversand.ch","og_description":"Bondi Aquatic Tauchspielzeug Set Bondi Neopren 3teilig g\u00fcnstig kaufen bei Schweizversand.ch. Schnelle Lieferung in der Schweiz. Gratisversand ab CHF 50.","og_url":"https:\/\/schweizversand.ch\/fr\/produkt\/bondi-aquatic-tauchspielzeug-set-bondi-neopren-3teilig\/","og_site_name":"Schweizer Shop f\u00fcr Sport, Spiel und Freizeit","article_publisher":"https:\/\/www.facebook.com\/Schweizversand","article_modified_time":"2026-04-19T00:05:24+00:00","og_image":[{"width":1024,"height":682,"url":"https:\/\/schweizversand.ch\/wp-content\/uploads\/2026\/02\/5471752218.jpg","type":"image\/jpeg"}],"twitter_card":"summary_large_image","twitter_misc":{"Dur\u00e9e de lecture estim\u00e9e":"1 minute"},"schema":{"@context":"https:\/\/schema.org","@graph":[{"@type":"WebPage","@id":"https:\/\/schweizversand.ch\/fr\/produkt\/bondi-aquatic-tauchspielzeug-set-bondi-neopren-3teilig\/","url":"https:\/\/schweizversand.ch\/fr\/produkt\/bondi-aquatic-tauchspielzeug-set-bondi-neopren-3teilig\/","name":"Bondi Aquatic Tauchspielzeug Set Bondi Neopren 3teilig | Jetzt kaufen | Schweizversand.ch","isPartOf":{"@id":"https:\/\/schweizversand.ch\/fr\/#website"},"primaryImageOfPage":{"@id":"https:\/\/schweizversand.ch\/fr\/produkt\/bondi-aquatic-tauchspielzeug-set-bondi-neopren-3teilig\/#primaryimage"},"image":{"@id":"https:\/\/schweizversand.ch\/fr\/produkt\/bondi-aquatic-tauchspielzeug-set-bondi-neopren-3teilig\/#primaryimage"},"thumbnailUrl":"https:\/\/schweizversand.ch\/wp-content\/uploads\/2026\/02\/5471752218.jpg","datePublished":"2026-03-14T22:21:52+00:00","dateModified":"2026-04-19T00:05:24+00:00","description":"Bondi Aquatic Tauchspielzeug Set Bondi Neopren 3teilig g\u00fcnstig kaufen bei Schweizversand.ch. Schnelle Lieferung in der Schweiz. Gratisversand ab CHF 50.","breadcrumb":{"@id":"https:\/\/schweizversand.ch\/fr\/produkt\/bondi-aquatic-tauchspielzeug-set-bondi-neopren-3teilig\/#breadcrumb"},"inLanguage":"fr-FR","potentialAction":[{"@type":"ReadAction","target":["https:\/\/schweizversand.ch\/fr\/produkt\/bondi-aquatic-tauchspielzeug-set-bondi-neopren-3teilig\/"]}]},{"@type":"ImageObject","inLanguage":"fr-FR","@id":"https:\/\/schweizversand.ch\/fr\/produkt\/bondi-aquatic-tauchspielzeug-set-bondi-neopren-3teilig\/#primaryimage","url":"https:\/\/schweizversand.ch\/wp-content\/uploads\/2026\/02\/5471752218.jpg","contentUrl":"https:\/\/schweizversand.ch\/wp-content\/uploads\/2026\/02\/5471752218.jpg","width":1024,"height":682},{"@type":"BreadcrumbList","@id":"https:\/\/schweizversand.ch\/fr\/produkt\/bondi-aquatic-tauchspielzeug-set-bondi-neopren-3teilig\/#breadcrumb","itemListElement":[{"@type":"ListItem","position":1,"name":"Startseite","item":"https:\/\/schweizversand.ch\/fr\/home\/"},{"@type":"ListItem","position":2,"name":"Boutique","item":"https:\/\/schweizversand.ch\/fr\/boutique\/"},{"@type":"ListItem","position":3,"name":"Jouets et jeux","item":"https:\/\/schweizversand.ch\/fr\/produkt-kategorie\/jouets-et-jeux\/"},{"@type":"ListItem","position":4,"name":"Jeux d'ext\u00e9rieur","item":"https:\/\/schweizversand.ch\/fr\/produkt-kategorie\/jouets-et-jeux\/jeux-dexterieur\/"},{"@type":"ListItem","position":5,"name":"Jeux d'eau","item":"https:\/\/schweizversand.ch\/fr\/produkt-kategorie\/jouets-et-jeux\/jeux-dexterieur\/wasserspielzeug\/"},{"@type":"ListItem","position":6,"name":"Ensemble de jouets de plong\u00e9e Bondi Aquatic, en n\u00e9opr\u00e8ne Bondi, 3 pi\u00e8ces"}]},{"@type":"WebSite","@id":"https:\/\/schweizversand.ch\/fr\/#website","url":"https:\/\/schweizversand.ch\/fr\/","name":"Schweizer Shop f\u00fcr Sport, Spiel und Freizeit","description":"Gratisversand ab 50.- (netto), ab eigenem schweizer Lager, Lieferung innert 48h","publisher":{"@id":"https:\/\/schweizversand.ch\/fr\/#organization"},"alternateName":"Schweizversand.ch","potentialAction":[{"@type":"SearchAction","target":{"@type":"EntryPoint","urlTemplate":"https:\/\/schweizversand.ch\/fr\/?s={search_term_string}"},"query-input":{"@type":"PropertyValueSpecification","valueRequired":true,"valueName":"search_term_string"}}],"inLanguage":"fr-FR"},{"@type":"Organization","@id":"https:\/\/schweizversand.ch\/fr\/#organization","name":"Schweizversand.ch","url":"https:\/\/schweizversand.ch\/fr\/","logo":{"@type":"ImageObject","inLanguage":"fr-FR","@id":"https:\/\/schweizversand.ch\/fr\/#\/schema\/logo\/image\/","url":"https:\/\/schweizversand.ch\/wp-content\/uploads\/2026\/03\/Logo_Rund_Final-1.png","contentUrl":"https:\/\/schweizversand.ch\/wp-content\/uploads\/2026\/03\/Logo_Rund_Final-1.png","width":404,"height":404,"caption":"Schweizversand.ch"},"image":{"@id":"https:\/\/schweizversand.ch\/fr\/#\/schema\/logo\/image\/"},"sameAs":["https:\/\/www.facebook.com\/Schweizversand","https:\/\/www.instagram.com\/schweizversand.ch\/"]}]}},"jetpack_sharing_enabled":true,"_links":{"self":[{"href":"https:\/\/schweizversand.ch\/fr\/wp-json\/wp\/v2\/product\/248031","targetHints":{"allow":["GET"]}}],"collection":[{"href":"https:\/\/schweizversand.ch\/fr\/wp-json\/wp\/v2\/product"}],"about":[{"href":"https:\/\/schweizversand.ch\/fr\/wp-json\/wp\/v2\/types\/product"}],"replies":[{"embeddable":true,"href":"https:\/\/schweizversand.ch\/fr\/wp-json\/wp\/v2\/comments?post=248031"}],"wp:featuredmedia":[{"embeddable":true,"href":"https:\/\/schweizversand.ch\/fr\/wp-json\/wp\/v2\/media\/165315"}],"wp:attachment":[{"href":"https:\/\/schweizversand.ch\/fr\/wp-json\/wp\/v2\/media?parent=248031"}],"wp:term":[{"taxonomy":"product_brand","embeddable":true,"href":"https:\/\/schweizversand.ch\/fr\/wp-json\/wp\/v2\/product_brand?post=248031"},{"taxonomy":"product_cat","embeddable":true,"href":"https:\/\/schweizversand.ch\/fr\/wp-json\/wp\/v2\/product_cat?post=248031"},{"taxonomy":"product_tag","embeddable":true,"href":"https:\/\/schweizversand.ch\/fr\/wp-json\/wp\/v2\/product_tag?post=248031"}],"curies":[{"name":"wp","href":"https:\/\/api.w.org\/{rel}","templated":true}]}}