{"id":248034,"date":"2026-03-14T23:21:52","date_gmt":"2026-03-14T22:21:52","guid":{"rendered":"https:\/\/schweizversand.ch\/produkt\/hudora-biomechanisches-protektoren-set-groesse-m\/"},"modified":"2026-04-07T15:35:04","modified_gmt":"2026-04-07T13:35:04","slug":"hudora-biomechanisches-protektoren-set-groesse-m","status":"publish","type":"product","link":"https:\/\/schweizversand.ch\/fr\/produkt\/hudora-biomechanisches-protektoren-set-groesse-m\/","title":{"rendered":"Ensemble de protection biom\u00e9canique Hudora (M)"},"content":{"rendered":"<p><strong>Cet article est une pi\u00e8ce d&rsquo;exposition. Le produit lui-m\u00eame est en parfait \u00e9tat et dans son emballage d&rsquo;origine.<\/strong><\/p>\n<p>Coque rigide \u00e0 l&rsquo;ext\u00e9rieur, douce et moelleuse \u00e0 l&rsquo;int\u00e9rieur.<\/p>\n<p>Avec le kit de protections Pro, les enfants d\u00e8s 7 ans et les adolescents peuvent patiner en toute s\u00e9curit\u00e9.<\/p>\n<p>Sur des roues rapides. La coque rigide r\u00e9sistante aux impacts offre<\/p>\n<p>une protection efficace contre les perforations, tandis que le rembourrage souple minimise les risques de blessures aux poignets, aux coudes et aux genoux.<\/p>\n<p>Gr\u00e2ce au syst\u00e8me Easy Fit &#038; Match, ce kit de 6 pi\u00e8ces est facile \u00e0 enfiler et \u00e0 retirer.<\/p>\n<p>Et avec sa doublure COOLMAX\u00ae,<\/p>\n<p>il est toujours confortable \u00e0 porter, m\u00eame par temps chaud.<\/p>\n<p>Caract\u00e9ristiques suppl\u00e9mentaires : \u00e9l\u00e9ments r\u00e9tro-r\u00e9fl\u00e9chissants et sac de rangement pratique.<\/p>\n<p>\u2022 Protections biom\u00e9caniques<\/p>\n<p>\u2022 Ensemble de 6 protections pour poignets, genoux et coudes<\/p>\n<p>\u2022 Coques rigides pr\u00e9form\u00e9es<\/p>\n<p>\u2022 Coupe anatomique RGO\u00ae<\/p>\n<p>\u2022 Coque ext\u00e9rieure r\u00e9sistante aux impacts et confortable gr\u00e2ce \u00e0 son absorption des chocs<\/p>\n<p>\u2022 Rembourrage en mousse<\/p>\n<p>\u2022 Technologie COOLMAX\u00ae<\/p>\n<p>\u2022 Tissu en nylon durable<\/p>\n<p>\u2022 Avec \u00e9l\u00e9ments r\u00e9tro-r\u00e9fl\u00e9chissants<\/p>\n<p>\u2022 Chaussettes incluses<\/p>\n<p>\u2022 Syst\u00e8me Easy Fit &#038; Match pour un enfilage facile<\/p>\n<p>\u2022 Sac de rangement inclus<\/p>\n","protected":false},"excerpt":{"rendered":"<p>Cet article est une pi\u00e8ce d&rsquo;exposition. Le produit lui-m\u00eame est en parfait \u00e9tat et dans son emballage d&rsquo;origine. Coque rigide \u00e0 l&rsquo;ext\u00e9rieur, douce et moelleuse \u00e0 l&rsquo;int\u00e9rieur. Avec le kit de protections Pro, les enfants d\u00e8s 7 ans et les adolescents peuvent patiner en toute s\u00e9curit\u00e9. Sur des roues rapides. La coque rigide r\u00e9sistante aux impacts offre une protection efficace contre les perforations, tandis que le rembourrage souple minimise les risques de blessures aux poignets,&hellip;<\/p>\n","protected":false},"featured_media":257469,"comment_status":"open","ping_status":"closed","template":"","meta":[],"product_brand":[],"product_cat":[39054],"product_tag":[],"class_list":{"0":"post-248034","1":"product","2":"type-product","3":"status-publish","4":"has-post-thumbnail","6":"product_cat-sports-a-roulettes","7":"product_shipping_class-global_methods","9":"first","10":"instock","11":"taxable","12":"shipping-taxable","13":"purchasable","14":"product-type-simple"},"yoast_head":"<!-- This site is optimized with the Yoast SEO plugin v27.3 - https:\/\/yoast.com\/product\/yoast-seo-wordpress\/ -->\n<title>Hudora Biomechanisches Protektoren-Set<\/title>\n<meta name=\"description\" content=\"Aussen harte Schale, innen knautsch-weicher Kern. Mit dem Protektoren-Set Pro skaten Kids ab 7 Jahren und Jugendliche stets gesch\u00fctzt\u00a0 auf speedigen Rollen. D\" \/>\n<meta name=\"robots\" content=\"index, follow, max-snippet:-1, max-image-preview:large, max-video-preview:-1\" \/>\n<link rel=\"canonical\" href=\"https:\/\/schweizversand.ch\/fr\/produkt\/hudora-biomechanisches-protektoren-set-groesse-m\/\" \/>\n<meta property=\"og:locale\" content=\"fr_FR\" \/>\n<meta property=\"og:type\" content=\"article\" \/>\n<meta property=\"og:title\" content=\"Hudora Biomechanisches Protektoren-Set\" \/>\n<meta property=\"og:description\" content=\"Aussen harte Schale, innen knautsch-weicher Kern. Mit dem Protektoren-Set Pro skaten Kids ab 7 Jahren und Jugendliche stets gesch\u00fctzt\u00a0 auf speedigen Rollen. D\" \/>\n<meta property=\"og:url\" content=\"https:\/\/schweizversand.ch\/fr\/produkt\/hudora-biomechanisches-protektoren-set-groesse-m\/\" \/>\n<meta property=\"og:site_name\" content=\"Schweizer Shop f\u00fcr Sport, Spiel und Freizeit\" \/>\n<meta property=\"article:publisher\" content=\"https:\/\/www.facebook.com\/Schweizversand\" \/>\n<meta property=\"article:modified_time\" content=\"2026-04-07T13:35:04+00:00\" \/>\n<meta property=\"og:image\" content=\"https:\/\/schweizversand.ch\/wp-content\/uploads\/2026\/03\/5476733130.jpg\" \/>\n\t<meta property=\"og:image:width\" content=\"810\" \/>\n\t<meta property=\"og:image:height\" content=\"1080\" \/>\n\t<meta property=\"og:image:type\" content=\"image\/jpeg\" \/>\n<meta name=\"twitter:card\" content=\"summary_large_image\" \/>\n<meta name=\"twitter:label1\" content=\"Dur\u00e9e de lecture estim\u00e9e\" \/>\n\t<meta name=\"twitter:data1\" content=\"1 minute\" \/>\n<script type=\"application\/ld+json\" class=\"yoast-schema-graph\">{\"@context\":\"https:\\\/\\\/schema.org\",\"@graph\":[{\"@type\":\"WebPage\",\"@id\":\"https:\\\/\\\/schweizversand.ch\\\/fr\\\/produkt\\\/hudora-biomechanisches-protektoren-set-groesse-m\\\/\",\"url\":\"https:\\\/\\\/schweizversand.ch\\\/fr\\\/produkt\\\/hudora-biomechanisches-protektoren-set-groesse-m\\\/\",\"name\":\"Hudora Biomechanisches Protektoren-Set\",\"isPartOf\":{\"@id\":\"https:\\\/\\\/schweizversand.ch\\\/fr\\\/#website\"},\"primaryImageOfPage\":{\"@id\":\"https:\\\/\\\/schweizversand.ch\\\/fr\\\/produkt\\\/hudora-biomechanisches-protektoren-set-groesse-m\\\/#primaryimage\"},\"image\":{\"@id\":\"https:\\\/\\\/schweizversand.ch\\\/fr\\\/produkt\\\/hudora-biomechanisches-protektoren-set-groesse-m\\\/#primaryimage\"},\"thumbnailUrl\":\"https:\\\/\\\/schweizversand.ch\\\/wp-content\\\/uploads\\\/2026\\\/03\\\/5476733130.jpg\",\"datePublished\":\"2026-03-14T22:21:52+00:00\",\"dateModified\":\"2026-04-07T13:35:04+00:00\",\"description\":\"Aussen harte Schale, innen knautsch-weicher Kern. Mit dem Protektoren-Set Pro skaten Kids ab 7 Jahren und Jugendliche stets gesch\u00fctzt\u00a0 auf speedigen Rollen. D\",\"breadcrumb\":{\"@id\":\"https:\\\/\\\/schweizversand.ch\\\/fr\\\/produkt\\\/hudora-biomechanisches-protektoren-set-groesse-m\\\/#breadcrumb\"},\"inLanguage\":\"fr-FR\",\"potentialAction\":[{\"@type\":\"ReadAction\",\"target\":[\"https:\\\/\\\/schweizversand.ch\\\/fr\\\/produkt\\\/hudora-biomechanisches-protektoren-set-groesse-m\\\/\"]}]},{\"@type\":\"ImageObject\",\"inLanguage\":\"fr-FR\",\"@id\":\"https:\\\/\\\/schweizversand.ch\\\/fr\\\/produkt\\\/hudora-biomechanisches-protektoren-set-groesse-m\\\/#primaryimage\",\"url\":\"https:\\\/\\\/schweizversand.ch\\\/wp-content\\\/uploads\\\/2026\\\/03\\\/5476733130.jpg\",\"contentUrl\":\"https:\\\/\\\/schweizversand.ch\\\/wp-content\\\/uploads\\\/2026\\\/03\\\/5476733130.jpg\",\"width\":810,\"height\":1080},{\"@type\":\"BreadcrumbList\",\"@id\":\"https:\\\/\\\/schweizversand.ch\\\/fr\\\/produkt\\\/hudora-biomechanisches-protektoren-set-groesse-m\\\/#breadcrumb\",\"itemListElement\":[{\"@type\":\"ListItem\",\"position\":1,\"name\":\"Startseite\",\"item\":\"https:\\\/\\\/schweizversand.ch\\\/fr\\\/\"},{\"@type\":\"ListItem\",\"position\":2,\"name\":\"Boutique\",\"item\":\"https:\\\/\\\/schweizversand.ch\\\/fr\\\/boutique\\\/\"},{\"@type\":\"ListItem\",\"position\":3,\"name\":\"Ensemble de protection biom\u00e9canique Hudora (M)\"}]},{\"@type\":\"WebSite\",\"@id\":\"https:\\\/\\\/schweizversand.ch\\\/fr\\\/#website\",\"url\":\"https:\\\/\\\/schweizversand.ch\\\/fr\\\/\",\"name\":\"Schweizer Shop f\u00fcr Sport, Spiel und Freizeit\",\"description\":\"Gratisversand ab 50.- (netto), ab eigenem schweizer Lager, Lieferung innert 48h\",\"publisher\":{\"@id\":\"https:\\\/\\\/schweizversand.ch\\\/fr\\\/#organization\"},\"alternateName\":\"Schweizversand.ch\",\"potentialAction\":[{\"@type\":\"SearchAction\",\"target\":{\"@type\":\"EntryPoint\",\"urlTemplate\":\"https:\\\/\\\/schweizversand.ch\\\/fr\\\/?s={search_term_string}\"},\"query-input\":{\"@type\":\"PropertyValueSpecification\",\"valueRequired\":true,\"valueName\":\"search_term_string\"}}],\"inLanguage\":\"fr-FR\"},{\"@type\":\"Organization\",\"@id\":\"https:\\\/\\\/schweizversand.ch\\\/fr\\\/#organization\",\"name\":\"Schweizversand.ch\",\"url\":\"https:\\\/\\\/schweizversand.ch\\\/fr\\\/\",\"logo\":{\"@type\":\"ImageObject\",\"inLanguage\":\"fr-FR\",\"@id\":\"https:\\\/\\\/schweizversand.ch\\\/fr\\\/#\\\/schema\\\/logo\\\/image\\\/\",\"url\":\"https:\\\/\\\/schweizversand.ch\\\/wp-content\\\/uploads\\\/2026\\\/03\\\/Logo_Rund_Final-1.png\",\"contentUrl\":\"https:\\\/\\\/schweizversand.ch\\\/wp-content\\\/uploads\\\/2026\\\/03\\\/Logo_Rund_Final-1.png\",\"width\":404,\"height\":404,\"caption\":\"Schweizversand.ch\"},\"image\":{\"@id\":\"https:\\\/\\\/schweizversand.ch\\\/fr\\\/#\\\/schema\\\/logo\\\/image\\\/\"},\"sameAs\":[\"https:\\\/\\\/www.facebook.com\\\/Schweizversand\",\"https:\\\/\\\/www.instagram.com\\\/schweizversand.ch\\\/\"]}]}<\/script>\n<!-- \/ Yoast SEO plugin. -->","yoast_head_json":{"title":"Hudora Biomechanisches Protektoren-Set","description":"Aussen harte Schale, innen knautsch-weicher Kern. Mit dem Protektoren-Set Pro skaten Kids ab 7 Jahren und Jugendliche stets gesch\u00fctzt\u00a0 auf speedigen Rollen. D","robots":{"index":"index","follow":"follow","max-snippet":"max-snippet:-1","max-image-preview":"max-image-preview:large","max-video-preview":"max-video-preview:-1"},"canonical":"https:\/\/schweizversand.ch\/fr\/produkt\/hudora-biomechanisches-protektoren-set-groesse-m\/","og_locale":"fr_FR","og_type":"article","og_title":"Hudora Biomechanisches Protektoren-Set","og_description":"Aussen harte Schale, innen knautsch-weicher Kern. Mit dem Protektoren-Set Pro skaten Kids ab 7 Jahren und Jugendliche stets gesch\u00fctzt\u00a0 auf speedigen Rollen. D","og_url":"https:\/\/schweizversand.ch\/fr\/produkt\/hudora-biomechanisches-protektoren-set-groesse-m\/","og_site_name":"Schweizer Shop f\u00fcr Sport, Spiel und Freizeit","article_publisher":"https:\/\/www.facebook.com\/Schweizversand","article_modified_time":"2026-04-07T13:35:04+00:00","og_image":[{"width":810,"height":1080,"url":"https:\/\/schweizversand.ch\/wp-content\/uploads\/2026\/03\/5476733130.jpg","type":"image\/jpeg"}],"twitter_card":"summary_large_image","twitter_misc":{"Dur\u00e9e de lecture estim\u00e9e":"1 minute"},"schema":{"@context":"https:\/\/schema.org","@graph":[{"@type":"WebPage","@id":"https:\/\/schweizversand.ch\/fr\/produkt\/hudora-biomechanisches-protektoren-set-groesse-m\/","url":"https:\/\/schweizversand.ch\/fr\/produkt\/hudora-biomechanisches-protektoren-set-groesse-m\/","name":"Hudora Biomechanisches Protektoren-Set","isPartOf":{"@id":"https:\/\/schweizversand.ch\/fr\/#website"},"primaryImageOfPage":{"@id":"https:\/\/schweizversand.ch\/fr\/produkt\/hudora-biomechanisches-protektoren-set-groesse-m\/#primaryimage"},"image":{"@id":"https:\/\/schweizversand.ch\/fr\/produkt\/hudora-biomechanisches-protektoren-set-groesse-m\/#primaryimage"},"thumbnailUrl":"https:\/\/schweizversand.ch\/wp-content\/uploads\/2026\/03\/5476733130.jpg","datePublished":"2026-03-14T22:21:52+00:00","dateModified":"2026-04-07T13:35:04+00:00","description":"Aussen harte Schale, innen knautsch-weicher Kern. Mit dem Protektoren-Set Pro skaten Kids ab 7 Jahren und Jugendliche stets gesch\u00fctzt\u00a0 auf speedigen Rollen. D","breadcrumb":{"@id":"https:\/\/schweizversand.ch\/fr\/produkt\/hudora-biomechanisches-protektoren-set-groesse-m\/#breadcrumb"},"inLanguage":"fr-FR","potentialAction":[{"@type":"ReadAction","target":["https:\/\/schweizversand.ch\/fr\/produkt\/hudora-biomechanisches-protektoren-set-groesse-m\/"]}]},{"@type":"ImageObject","inLanguage":"fr-FR","@id":"https:\/\/schweizversand.ch\/fr\/produkt\/hudora-biomechanisches-protektoren-set-groesse-m\/#primaryimage","url":"https:\/\/schweizversand.ch\/wp-content\/uploads\/2026\/03\/5476733130.jpg","contentUrl":"https:\/\/schweizversand.ch\/wp-content\/uploads\/2026\/03\/5476733130.jpg","width":810,"height":1080},{"@type":"BreadcrumbList","@id":"https:\/\/schweizversand.ch\/fr\/produkt\/hudora-biomechanisches-protektoren-set-groesse-m\/#breadcrumb","itemListElement":[{"@type":"ListItem","position":1,"name":"Startseite","item":"https:\/\/schweizversand.ch\/fr\/"},{"@type":"ListItem","position":2,"name":"Boutique","item":"https:\/\/schweizversand.ch\/fr\/boutique\/"},{"@type":"ListItem","position":3,"name":"Ensemble de protection biom\u00e9canique Hudora (M)"}]},{"@type":"WebSite","@id":"https:\/\/schweizversand.ch\/fr\/#website","url":"https:\/\/schweizversand.ch\/fr\/","name":"Schweizer Shop f\u00fcr Sport, Spiel und Freizeit","description":"Gratisversand ab 50.- (netto), ab eigenem schweizer Lager, Lieferung innert 48h","publisher":{"@id":"https:\/\/schweizversand.ch\/fr\/#organization"},"alternateName":"Schweizversand.ch","potentialAction":[{"@type":"SearchAction","target":{"@type":"EntryPoint","urlTemplate":"https:\/\/schweizversand.ch\/fr\/?s={search_term_string}"},"query-input":{"@type":"PropertyValueSpecification","valueRequired":true,"valueName":"search_term_string"}}],"inLanguage":"fr-FR"},{"@type":"Organization","@id":"https:\/\/schweizversand.ch\/fr\/#organization","name":"Schweizversand.ch","url":"https:\/\/schweizversand.ch\/fr\/","logo":{"@type":"ImageObject","inLanguage":"fr-FR","@id":"https:\/\/schweizversand.ch\/fr\/#\/schema\/logo\/image\/","url":"https:\/\/schweizversand.ch\/wp-content\/uploads\/2026\/03\/Logo_Rund_Final-1.png","contentUrl":"https:\/\/schweizversand.ch\/wp-content\/uploads\/2026\/03\/Logo_Rund_Final-1.png","width":404,"height":404,"caption":"Schweizversand.ch"},"image":{"@id":"https:\/\/schweizversand.ch\/fr\/#\/schema\/logo\/image\/"},"sameAs":["https:\/\/www.facebook.com\/Schweizversand","https:\/\/www.instagram.com\/schweizversand.ch\/"]}]}},"jetpack_sharing_enabled":true,"_links":{"self":[{"href":"https:\/\/schweizversand.ch\/fr\/wp-json\/wp\/v2\/product\/248034","targetHints":{"allow":["GET"]}}],"collection":[{"href":"https:\/\/schweizversand.ch\/fr\/wp-json\/wp\/v2\/product"}],"about":[{"href":"https:\/\/schweizversand.ch\/fr\/wp-json\/wp\/v2\/types\/product"}],"replies":[{"embeddable":true,"href":"https:\/\/schweizversand.ch\/fr\/wp-json\/wp\/v2\/comments?post=248034"}],"wp:featuredmedia":[{"embeddable":true,"href":"https:\/\/schweizversand.ch\/fr\/wp-json\/wp\/v2\/media\/257469"}],"wp:attachment":[{"href":"https:\/\/schweizversand.ch\/fr\/wp-json\/wp\/v2\/media?parent=248034"}],"wp:term":[{"taxonomy":"product_brand","embeddable":true,"href":"https:\/\/schweizversand.ch\/fr\/wp-json\/wp\/v2\/product_brand?post=248034"},{"taxonomy":"product_cat","embeddable":true,"href":"https:\/\/schweizversand.ch\/fr\/wp-json\/wp\/v2\/product_cat?post=248034"},{"taxonomy":"product_tag","embeddable":true,"href":"https:\/\/schweizversand.ch\/fr\/wp-json\/wp\/v2\/product_tag?post=248034"}],"curies":[{"name":"wp","href":"https:\/\/api.w.org\/{rel}","templated":true}]}}