{"id":248036,"date":"2026-03-14T23:21:53","date_gmt":"2026-03-14T22:21:53","guid":{"rendered":"https:\/\/schweizversand.ch\/produkt\/hudora-biomechanisches-protektoren-set-comfort-2\/"},"modified":"2026-04-21T15:35:07","modified_gmt":"2026-04-21T13:35:07","slug":"hudora-biomechanisches-protektoren-set-comfort-2","status":"publish","type":"product","link":"https:\/\/schweizversand.ch\/fr\/produkt\/hudora-biomechanisches-protektoren-set-comfort-2\/","title":{"rendered":"Ensemble de protections biom\u00e9caniques Hudora Confort"},"content":{"rendered":"<p>&#8211; Ensemble de protections biom\u00e9caniques 6 pi\u00e8ces comprenant des prot\u00e8ge-poignets, des genouill\u00e8res et des coudi\u00e8res<\/p>\n<p>&#8211; Coques rigides pr\u00e9form\u00e9es<\/p>\n<p>&#8211; Coupe anatomique RGO\u00ae<\/p>\n<p>&#8211; Coque ext\u00e9rieure r\u00e9sistante aux impacts et rembourrage en mousse confortable et absorbant les chocs, avec extension coulissante suppl\u00e9mentaire sur la coque<\/p>\n<p>&#8211; Tissu en nylon durable<\/p>\n<p>&#8211; Chaussettes incluses<\/p>\n<p>&#8211; Syst\u00e8me Easy Fit &#038; Match pour un enfilage facile<\/p>\n<p>&#8211; Poche filet int\u00e9gr\u00e9e<\/p>\n<p>S\u00c9CURIT\u00c9 OPTIMALE : D\u00e9marrez la saison de skate en toute s\u00e9curit\u00e9 avec un \u00e9quipement de protection performant.<\/p>\n<p>\u2022 ENSEMBLE COMPLET DE HAUTE QUALIT\u00c9 : Emballage sans souci comprenant un ensemble de 6 pi\u00e8ces (poignets, genoux et coudi\u00e8res) et un sac de rangement.<\/p>\n<p>\u2022 CONFORT OPTIMAL : Coupe anatomique RGO\u00ae<\/p>\n<p>\u2022 S\u00c9CURIT\u00c9 MAXIMALE : Gr\u00e2ce \u00e0 la coque ext\u00e9rieure r\u00e9sistante aux impacts et absorbant les chocs.<\/p>\n<p>\u2022 SYST\u00c8ME ANTID\u00c9RAPANT : Rembourrage en mousse confortable avec renfort antid\u00e9rapant suppl\u00e9mentaire sur la coque.<\/p>\n<p>\u2022 POLYVALENT : Que ce soit pour le skateboard, En roller ou en trottinette, avec les protections HUDORA Comfort, vous et vos enfants \u00eates prot\u00e9g\u00e9s des blessures.<\/p>\n<p>Pour qui\u00a0:<\/p>\n<p>Adolescents, Enfants<\/p>\n<p>Caract\u00e9ristiques\u00a0:<\/p>\n<p>Conception anatomique RGO\u00ae, syst\u00e8me Easy Fit&#038;Match pour un enfilage facile, tissu en nylon r\u00e9sistant, coque ext\u00e9rieure antichoc et rembourrage en mousse confortable absorbant les chocs.<\/p>\n<p>Accessoires\u00a0:<\/p>\n<p>Sac de rangement inclus.<\/p>\n","protected":false},"excerpt":{"rendered":"<p>&#8211; Ensemble de protections biom\u00e9caniques 6 pi\u00e8ces comprenant des prot\u00e8ge-poignets, des genouill\u00e8res et des coudi\u00e8res &#8211; Coques rigides pr\u00e9form\u00e9es &#8211; Coupe anatomique RGO\u00ae &#8211; Coque ext\u00e9rieure r\u00e9sistante aux impacts et rembourrage en mousse confortable et absorbant les chocs, avec extension coulissante suppl\u00e9mentaire sur la coque &#8211; Tissu en nylon durable &#8211; Chaussettes incluses &#8211; Syst\u00e8me Easy Fit &#038; Match pour un enfilage facile &#8211; Poche filet int\u00e9gr\u00e9e S\u00c9CURIT\u00c9 OPTIMALE : D\u00e9marrez la saison de skate&hellip;<\/p>\n","protected":false},"featured_media":262257,"comment_status":"open","ping_status":"closed","template":"","meta":[],"product_brand":[],"product_cat":[38369,38884],"product_tag":[],"class_list":{"0":"post-248036","1":"product","2":"type-product","3":"status-publish","4":"has-post-thumbnail","6":"product_cat-protektoren","7":"product_cat-protections","8":"product_shipping_class-global_methods","10":"first","11":"instock","12":"taxable","13":"shipping-taxable","14":"purchasable","15":"product-type-simple"},"yoast_head":"<!-- This site is optimized with the Yoast SEO plugin v27.4 - https:\/\/yoast.com\/product\/yoast-seo-wordpress\/ -->\n<title>Hudora Biomechanisches Protektoren-Set Comfort<\/title>\n<meta name=\"description\" content=\"- Biomechanische Protektoren 6er-Set aus Handgelenk-, Knie- und Ellbogenschonern\u00a0 - vorgeformte Hartschalen\u00a0 - anatomisch abgestimmte RGO(R)-Passform\u00a0 - sto\u00df\" \/>\n<meta name=\"robots\" content=\"index, follow, max-snippet:-1, max-image-preview:large, max-video-preview:-1\" \/>\n<link rel=\"canonical\" href=\"https:\/\/schweizversand.ch\/fr\/produkt\/hudora-biomechanisches-protektoren-set-comfort-2\/\" \/>\n<meta property=\"og:locale\" content=\"fr_FR\" \/>\n<meta property=\"og:type\" content=\"article\" \/>\n<meta property=\"og:title\" content=\"Hudora Biomechanisches Protektoren-Set Comfort\" \/>\n<meta property=\"og:description\" content=\"- Biomechanische Protektoren 6er-Set aus Handgelenk-, Knie- und Ellbogenschonern\u00a0 - vorgeformte Hartschalen\u00a0 - anatomisch abgestimmte RGO(R)-Passform\u00a0 - sto\u00df\" \/>\n<meta property=\"og:url\" content=\"https:\/\/schweizversand.ch\/fr\/produkt\/hudora-biomechanisches-protektoren-set-comfort-2\/\" \/>\n<meta property=\"og:site_name\" content=\"Schweizer Shop f\u00fcr Sport, Spiel und Freizeit\" \/>\n<meta property=\"article:publisher\" content=\"https:\/\/www.facebook.com\/Schweizversand\" \/>\n<meta property=\"article:modified_time\" content=\"2026-04-21T13:35:07+00:00\" \/>\n<meta property=\"og:image\" content=\"https:\/\/schweizversand.ch\/wp-content\/uploads\/2026\/02\/5471577753.jpg\" \/>\n\t<meta property=\"og:image:width\" content=\"1024\" \/>\n\t<meta property=\"og:image:height\" content=\"1024\" \/>\n\t<meta property=\"og:image:type\" content=\"image\/jpeg\" \/>\n<meta name=\"twitter:card\" content=\"summary_large_image\" \/>\n<meta name=\"twitter:label1\" content=\"Dur\u00e9e de lecture estim\u00e9e\" \/>\n\t<meta name=\"twitter:data1\" content=\"1 minute\" \/>\n<script type=\"application\/ld+json\" class=\"yoast-schema-graph\">{\"@context\":\"https:\\\/\\\/schema.org\",\"@graph\":[{\"@type\":\"WebPage\",\"@id\":\"https:\\\/\\\/schweizversand.ch\\\/fr\\\/produkt\\\/hudora-biomechanisches-protektoren-set-comfort-2\\\/\",\"url\":\"https:\\\/\\\/schweizversand.ch\\\/fr\\\/produkt\\\/hudora-biomechanisches-protektoren-set-comfort-2\\\/\",\"name\":\"Hudora Biomechanisches Protektoren-Set Comfort\",\"isPartOf\":{\"@id\":\"https:\\\/\\\/schweizversand.ch\\\/fr\\\/#website\"},\"primaryImageOfPage\":{\"@id\":\"https:\\\/\\\/schweizversand.ch\\\/fr\\\/produkt\\\/hudora-biomechanisches-protektoren-set-comfort-2\\\/#primaryimage\"},\"image\":{\"@id\":\"https:\\\/\\\/schweizversand.ch\\\/fr\\\/produkt\\\/hudora-biomechanisches-protektoren-set-comfort-2\\\/#primaryimage\"},\"thumbnailUrl\":\"https:\\\/\\\/schweizversand.ch\\\/wp-content\\\/uploads\\\/2026\\\/02\\\/5471577753.jpg\",\"datePublished\":\"2026-03-14T22:21:53+00:00\",\"dateModified\":\"2026-04-21T13:35:07+00:00\",\"description\":\"- Biomechanische Protektoren 6er-Set aus Handgelenk-, Knie- und Ellbogenschonern\u00a0 - vorgeformte Hartschalen\u00a0 - anatomisch abgestimmte RGO(R)-Passform\u00a0 - sto\u00df\",\"breadcrumb\":{\"@id\":\"https:\\\/\\\/schweizversand.ch\\\/fr\\\/produkt\\\/hudora-biomechanisches-protektoren-set-comfort-2\\\/#breadcrumb\"},\"inLanguage\":\"fr-FR\",\"potentialAction\":[{\"@type\":\"ReadAction\",\"target\":[\"https:\\\/\\\/schweizversand.ch\\\/fr\\\/produkt\\\/hudora-biomechanisches-protektoren-set-comfort-2\\\/\"]}]},{\"@type\":\"ImageObject\",\"inLanguage\":\"fr-FR\",\"@id\":\"https:\\\/\\\/schweizversand.ch\\\/fr\\\/produkt\\\/hudora-biomechanisches-protektoren-set-comfort-2\\\/#primaryimage\",\"url\":\"https:\\\/\\\/schweizversand.ch\\\/wp-content\\\/uploads\\\/2026\\\/02\\\/5471577753.jpg\",\"contentUrl\":\"https:\\\/\\\/schweizversand.ch\\\/wp-content\\\/uploads\\\/2026\\\/02\\\/5471577753.jpg\",\"width\":1024,\"height\":1024},{\"@type\":\"BreadcrumbList\",\"@id\":\"https:\\\/\\\/schweizversand.ch\\\/fr\\\/produkt\\\/hudora-biomechanisches-protektoren-set-comfort-2\\\/#breadcrumb\",\"itemListElement\":[{\"@type\":\"ListItem\",\"position\":1,\"name\":\"Startseite\",\"item\":\"https:\\\/\\\/schweizversand.ch\\\/fr\\\/home\\\/\"},{\"@type\":\"ListItem\",\"position\":2,\"name\":\"Boutique\",\"item\":\"https:\\\/\\\/schweizversand.ch\\\/fr\\\/boutique\\\/\"},{\"@type\":\"ListItem\",\"position\":3,\"name\":\"Sports\",\"item\":\"https:\\\/\\\/schweizversand.ch\\\/fr\\\/produkt-kategorie\\\/sports\\\/\"},{\"@type\":\"ListItem\",\"position\":4,\"name\":\"Sports \u00e0 roulettes\",\"item\":\"https:\\\/\\\/schweizversand.ch\\\/fr\\\/produkt-kategorie\\\/sports\\\/rollsport\\\/\"},{\"@type\":\"ListItem\",\"position\":5,\"name\":\"Protections\",\"item\":\"https:\\\/\\\/schweizversand.ch\\\/fr\\\/produkt-kategorie\\\/sports\\\/rollsport\\\/protektoren\\\/\"},{\"@type\":\"ListItem\",\"position\":6,\"name\":\"Ensemble de protections biom\u00e9caniques Hudora Confort\"}]},{\"@type\":\"WebSite\",\"@id\":\"https:\\\/\\\/schweizversand.ch\\\/fr\\\/#website\",\"url\":\"https:\\\/\\\/schweizversand.ch\\\/fr\\\/\",\"name\":\"Schweizer Shop f\u00fcr Sport, Spiel und Freizeit\",\"description\":\"Gratisversand ab 50.- (netto), ab eigenem schweizer Lager, Lieferung innert 48h\",\"publisher\":{\"@id\":\"https:\\\/\\\/schweizversand.ch\\\/fr\\\/#organization\"},\"alternateName\":\"Schweizversand.ch\",\"potentialAction\":[{\"@type\":\"SearchAction\",\"target\":{\"@type\":\"EntryPoint\",\"urlTemplate\":\"https:\\\/\\\/schweizversand.ch\\\/fr\\\/?s={search_term_string}\"},\"query-input\":{\"@type\":\"PropertyValueSpecification\",\"valueRequired\":true,\"valueName\":\"search_term_string\"}}],\"inLanguage\":\"fr-FR\"},{\"@type\":\"Organization\",\"@id\":\"https:\\\/\\\/schweizversand.ch\\\/fr\\\/#organization\",\"name\":\"Schweizversand.ch\",\"url\":\"https:\\\/\\\/schweizversand.ch\\\/fr\\\/\",\"logo\":{\"@type\":\"ImageObject\",\"inLanguage\":\"fr-FR\",\"@id\":\"https:\\\/\\\/schweizversand.ch\\\/fr\\\/#\\\/schema\\\/logo\\\/image\\\/\",\"url\":\"https:\\\/\\\/schweizversand.ch\\\/wp-content\\\/uploads\\\/2026\\\/03\\\/Logo_Rund_Final-1.png\",\"contentUrl\":\"https:\\\/\\\/schweizversand.ch\\\/wp-content\\\/uploads\\\/2026\\\/03\\\/Logo_Rund_Final-1.png\",\"width\":404,\"height\":404,\"caption\":\"Schweizversand.ch\"},\"image\":{\"@id\":\"https:\\\/\\\/schweizversand.ch\\\/fr\\\/#\\\/schema\\\/logo\\\/image\\\/\"},\"sameAs\":[\"https:\\\/\\\/www.facebook.com\\\/Schweizversand\",\"https:\\\/\\\/www.instagram.com\\\/schweizversand.ch\\\/\"]}]}<\/script>\n<!-- \/ Yoast SEO plugin. -->","yoast_head_json":{"title":"Hudora Biomechanisches Protektoren-Set Comfort","description":"- Biomechanische Protektoren 6er-Set aus Handgelenk-, Knie- und Ellbogenschonern\u00a0 - vorgeformte Hartschalen\u00a0 - anatomisch abgestimmte RGO(R)-Passform\u00a0 - sto\u00df","robots":{"index":"index","follow":"follow","max-snippet":"max-snippet:-1","max-image-preview":"max-image-preview:large","max-video-preview":"max-video-preview:-1"},"canonical":"https:\/\/schweizversand.ch\/fr\/produkt\/hudora-biomechanisches-protektoren-set-comfort-2\/","og_locale":"fr_FR","og_type":"article","og_title":"Hudora Biomechanisches Protektoren-Set Comfort","og_description":"- Biomechanische Protektoren 6er-Set aus Handgelenk-, Knie- und Ellbogenschonern\u00a0 - vorgeformte Hartschalen\u00a0 - anatomisch abgestimmte RGO(R)-Passform\u00a0 - sto\u00df","og_url":"https:\/\/schweizversand.ch\/fr\/produkt\/hudora-biomechanisches-protektoren-set-comfort-2\/","og_site_name":"Schweizer Shop f\u00fcr Sport, Spiel und Freizeit","article_publisher":"https:\/\/www.facebook.com\/Schweizversand","article_modified_time":"2026-04-21T13:35:07+00:00","og_image":[{"width":1024,"height":1024,"url":"https:\/\/schweizversand.ch\/wp-content\/uploads\/2026\/02\/5471577753.jpg","type":"image\/jpeg"}],"twitter_card":"summary_large_image","twitter_misc":{"Dur\u00e9e de lecture estim\u00e9e":"1 minute"},"schema":{"@context":"https:\/\/schema.org","@graph":[{"@type":"WebPage","@id":"https:\/\/schweizversand.ch\/fr\/produkt\/hudora-biomechanisches-protektoren-set-comfort-2\/","url":"https:\/\/schweizversand.ch\/fr\/produkt\/hudora-biomechanisches-protektoren-set-comfort-2\/","name":"Hudora Biomechanisches Protektoren-Set Comfort","isPartOf":{"@id":"https:\/\/schweizversand.ch\/fr\/#website"},"primaryImageOfPage":{"@id":"https:\/\/schweizversand.ch\/fr\/produkt\/hudora-biomechanisches-protektoren-set-comfort-2\/#primaryimage"},"image":{"@id":"https:\/\/schweizversand.ch\/fr\/produkt\/hudora-biomechanisches-protektoren-set-comfort-2\/#primaryimage"},"thumbnailUrl":"https:\/\/schweizversand.ch\/wp-content\/uploads\/2026\/02\/5471577753.jpg","datePublished":"2026-03-14T22:21:53+00:00","dateModified":"2026-04-21T13:35:07+00:00","description":"- Biomechanische Protektoren 6er-Set aus Handgelenk-, Knie- und Ellbogenschonern\u00a0 - vorgeformte Hartschalen\u00a0 - anatomisch abgestimmte RGO(R)-Passform\u00a0 - sto\u00df","breadcrumb":{"@id":"https:\/\/schweizversand.ch\/fr\/produkt\/hudora-biomechanisches-protektoren-set-comfort-2\/#breadcrumb"},"inLanguage":"fr-FR","potentialAction":[{"@type":"ReadAction","target":["https:\/\/schweizversand.ch\/fr\/produkt\/hudora-biomechanisches-protektoren-set-comfort-2\/"]}]},{"@type":"ImageObject","inLanguage":"fr-FR","@id":"https:\/\/schweizversand.ch\/fr\/produkt\/hudora-biomechanisches-protektoren-set-comfort-2\/#primaryimage","url":"https:\/\/schweizversand.ch\/wp-content\/uploads\/2026\/02\/5471577753.jpg","contentUrl":"https:\/\/schweizversand.ch\/wp-content\/uploads\/2026\/02\/5471577753.jpg","width":1024,"height":1024},{"@type":"BreadcrumbList","@id":"https:\/\/schweizversand.ch\/fr\/produkt\/hudora-biomechanisches-protektoren-set-comfort-2\/#breadcrumb","itemListElement":[{"@type":"ListItem","position":1,"name":"Startseite","item":"https:\/\/schweizversand.ch\/fr\/home\/"},{"@type":"ListItem","position":2,"name":"Boutique","item":"https:\/\/schweizversand.ch\/fr\/boutique\/"},{"@type":"ListItem","position":3,"name":"Sports","item":"https:\/\/schweizversand.ch\/fr\/produkt-kategorie\/sports\/"},{"@type":"ListItem","position":4,"name":"Sports \u00e0 roulettes","item":"https:\/\/schweizversand.ch\/fr\/produkt-kategorie\/sports\/rollsport\/"},{"@type":"ListItem","position":5,"name":"Protections","item":"https:\/\/schweizversand.ch\/fr\/produkt-kategorie\/sports\/rollsport\/protektoren\/"},{"@type":"ListItem","position":6,"name":"Ensemble de protections biom\u00e9caniques Hudora Confort"}]},{"@type":"WebSite","@id":"https:\/\/schweizversand.ch\/fr\/#website","url":"https:\/\/schweizversand.ch\/fr\/","name":"Schweizer Shop f\u00fcr Sport, Spiel und Freizeit","description":"Gratisversand ab 50.- (netto), ab eigenem schweizer Lager, Lieferung innert 48h","publisher":{"@id":"https:\/\/schweizversand.ch\/fr\/#organization"},"alternateName":"Schweizversand.ch","potentialAction":[{"@type":"SearchAction","target":{"@type":"EntryPoint","urlTemplate":"https:\/\/schweizversand.ch\/fr\/?s={search_term_string}"},"query-input":{"@type":"PropertyValueSpecification","valueRequired":true,"valueName":"search_term_string"}}],"inLanguage":"fr-FR"},{"@type":"Organization","@id":"https:\/\/schweizversand.ch\/fr\/#organization","name":"Schweizversand.ch","url":"https:\/\/schweizversand.ch\/fr\/","logo":{"@type":"ImageObject","inLanguage":"fr-FR","@id":"https:\/\/schweizversand.ch\/fr\/#\/schema\/logo\/image\/","url":"https:\/\/schweizversand.ch\/wp-content\/uploads\/2026\/03\/Logo_Rund_Final-1.png","contentUrl":"https:\/\/schweizversand.ch\/wp-content\/uploads\/2026\/03\/Logo_Rund_Final-1.png","width":404,"height":404,"caption":"Schweizversand.ch"},"image":{"@id":"https:\/\/schweizversand.ch\/fr\/#\/schema\/logo\/image\/"},"sameAs":["https:\/\/www.facebook.com\/Schweizversand","https:\/\/www.instagram.com\/schweizversand.ch\/"]}]}},"jetpack_sharing_enabled":true,"_links":{"self":[{"href":"https:\/\/schweizversand.ch\/fr\/wp-json\/wp\/v2\/product\/248036","targetHints":{"allow":["GET"]}}],"collection":[{"href":"https:\/\/schweizversand.ch\/fr\/wp-json\/wp\/v2\/product"}],"about":[{"href":"https:\/\/schweizversand.ch\/fr\/wp-json\/wp\/v2\/types\/product"}],"replies":[{"embeddable":true,"href":"https:\/\/schweizversand.ch\/fr\/wp-json\/wp\/v2\/comments?post=248036"}],"wp:featuredmedia":[{"embeddable":true,"href":"https:\/\/schweizversand.ch\/fr\/wp-json\/wp\/v2\/media\/262257"}],"wp:attachment":[{"href":"https:\/\/schweizversand.ch\/fr\/wp-json\/wp\/v2\/media?parent=248036"}],"wp:term":[{"taxonomy":"product_brand","embeddable":true,"href":"https:\/\/schweizversand.ch\/fr\/wp-json\/wp\/v2\/product_brand?post=248036"},{"taxonomy":"product_cat","embeddable":true,"href":"https:\/\/schweizversand.ch\/fr\/wp-json\/wp\/v2\/product_cat?post=248036"},{"taxonomy":"product_tag","embeddable":true,"href":"https:\/\/schweizversand.ch\/fr\/wp-json\/wp\/v2\/product_tag?post=248036"}],"curies":[{"name":"wp","href":"https:\/\/api.w.org\/{rel}","templated":true}]}}