{"id":248038,"date":"2026-03-14T23:21:53","date_gmt":"2026-03-14T22:21:53","guid":{"rendered":"https:\/\/schweizversand.ch\/produkt\/hudora-biomechanisches-protektoren-set-comfort-4\/"},"modified":"2026-04-22T15:35:27","modified_gmt":"2026-04-22T13:35:27","slug":"hudora-biomechanisches-protektoren-set-comfort-4","status":"publish","type":"product","link":"https:\/\/schweizversand.ch\/fr\/produkt\/hudora-biomechanisches-protektoren-set-comfort-4\/","title":{"rendered":"Ensemble de protections biom\u00e9caniques Hudora Confort"},"content":{"rendered":"<h1><strong>Ensemble de protections HUDORA Comfort \u2013 6 pi\u00e8ces<\/strong><\/h1>\n<div>D\u00e9marrez la saison de patinage en toute s\u00e9curit\u00e9 et confiance\u00a0! Cet ensemble de 6 pi\u00e8ces de haute qualit\u00e9 offre une protection compl\u00e8te pour tous les sports d&rsquo;action et allie s\u00e9curit\u00e9 maximale et confort exceptionnel.<\/p>\n<\/div>\n<div><strong>Protection compl\u00e8te pour une s\u00e9curit\u00e9 maximale<\/strong><br \/>Cet ensemble de protections<\/strong> comprend des genouill\u00e8res biom\u00e9caniques, des coudi\u00e8res et des prot\u00e8ge-poignets. Les protections \u00e0 coque rigide sont pr\u00e9form\u00e9es et offrent une protection optimale contre les blessures gr\u00e2ce \u00e0 leur coque ext\u00e9rieure r\u00e9sistante aux impacts et \u00e0 leur rembourrage en mousse confortable et absorbant les chocs. C&rsquo;est l&rsquo;\u00e9quipement de protection id\u00e9al pour les enfants et les adolescents pratiquant le patinage. Ergonomie et confort\u00a0: L&rsquo;ensemble est dot\u00e9 d&rsquo;une coupe RGO anatomique, garantissant un maintien s\u00fbr et confortable. Le syst\u00e8me Easy Fit &#038; Match facilite grandement l&rsquo;enfilage. Le rembourrage en mousse est \u00e9galement muni d&rsquo;une extension antid\u00e9rapante sur la coque pour \u00e9viter tout glissement et am\u00e9liorer le confort. D\u00e9tails et caract\u00e9ristiques du produit\u00a0: &#8211; Ensemble de 6 pi\u00e8ces de haute qualit\u00e9\u00a0: genouill\u00e8res, coudi\u00e8res et prot\u00e8ge-poignets &#8211; Coupe anatomique RGO\u00ae &#8211; Coques rigides pr\u00e9form\u00e9es et tissu en nylon durable &#8211; Coque ext\u00e9rieure r\u00e9sistante aux impacts et rembourrage en mousse absorbant les chocs &#8211; Syst\u00e8me Easy Fit &#038; Match pour un enfilage facile &#8211; Comprend des chaussettes et un sac de rangement pratique en filet &#8211; Investissez dans cet ensemble de protections fiable et profitez pleinement de vos sessions de skateboard, de roller ou de trottinette. La s\u00e9curit\u00e9 avant tout\u00a0!<\/p>\n","protected":false},"excerpt":{"rendered":"<p>Ensemble de protections HUDORA Comfort \u2013 6 pi\u00e8ces D\u00e9marrez la saison de patinage en toute s\u00e9curit\u00e9 et confiance\u00a0! Cet ensemble de 6 pi\u00e8ces de haute qualit\u00e9 offre une protection compl\u00e8te pour tous les sports d&rsquo;action et allie s\u00e9curit\u00e9 maximale et confort exceptionnel. Protection compl\u00e8te pour une s\u00e9curit\u00e9 maximaleCet ensemble de protections comprend des genouill\u00e8res biom\u00e9caniques, des coudi\u00e8res et des prot\u00e8ge-poignets. Les protections \u00e0 coque rigide sont pr\u00e9form\u00e9es et offrent une protection optimale contre les blessures&hellip;<\/p>\n","protected":false},"featured_media":262259,"comment_status":"open","ping_status":"closed","template":"","meta":[],"product_brand":[],"product_cat":[38369,38884],"product_tag":[],"class_list":{"0":"post-248038","1":"product","2":"type-product","3":"status-publish","4":"has-post-thumbnail","6":"product_cat-protektoren","7":"product_cat-protections","8":"product_shipping_class-global_methods","10":"first","11":"instock","12":"taxable","13":"shipping-taxable","14":"purchasable","15":"product-type-simple"},"yoast_head":"<!-- This site is optimized with the Yoast SEO plugin v27.4 - https:\/\/yoast.com\/product\/yoast-seo-wordpress\/ -->\n<title>Hudora Biomechanisches Protektoren-Set Comfort<\/title>\n<meta name=\"description\" content=\"HUDORA Protektoren Set Comfort \u2013 6er Set Starten Sie sicher und selbstbewusst in die Skater-Saison! Dieses hochwertige 6er-Set bietet umfassenden Schutz f\u00fcr all\" \/>\n<meta name=\"robots\" content=\"index, follow, max-snippet:-1, max-image-preview:large, max-video-preview:-1\" \/>\n<link rel=\"canonical\" href=\"https:\/\/schweizversand.ch\/fr\/produkt\/hudora-biomechanisches-protektoren-set-comfort-4\/\" \/>\n<meta property=\"og:locale\" content=\"fr_FR\" \/>\n<meta property=\"og:type\" content=\"article\" \/>\n<meta property=\"og:title\" content=\"Hudora Biomechanisches Protektoren-Set Comfort\" \/>\n<meta property=\"og:description\" content=\"HUDORA Protektoren Set Comfort \u2013 6er Set Starten Sie sicher und selbstbewusst in die Skater-Saison! Dieses hochwertige 6er-Set bietet umfassenden Schutz f\u00fcr all\" \/>\n<meta property=\"og:url\" content=\"https:\/\/schweizversand.ch\/fr\/produkt\/hudora-biomechanisches-protektoren-set-comfort-4\/\" \/>\n<meta property=\"og:site_name\" content=\"Schweizer Shop f\u00fcr Sport, Spiel und Freizeit\" \/>\n<meta property=\"article:publisher\" content=\"https:\/\/www.facebook.com\/Schweizversand\" \/>\n<meta property=\"article:modified_time\" content=\"2026-04-22T13:35:27+00:00\" \/>\n<meta property=\"og:image\" content=\"https:\/\/schweizversand.ch\/wp-content\/uploads\/2026\/02\/5471576642.jpg\" \/>\n\t<meta property=\"og:image:width\" content=\"1024\" \/>\n\t<meta property=\"og:image:height\" content=\"403\" \/>\n\t<meta property=\"og:image:type\" content=\"image\/jpeg\" \/>\n<meta name=\"twitter:card\" content=\"summary_large_image\" \/>\n<meta name=\"twitter:label1\" content=\"Dur\u00e9e de lecture estim\u00e9e\" \/>\n\t<meta name=\"twitter:data1\" content=\"1 minute\" \/>\n<script type=\"application\/ld+json\" class=\"yoast-schema-graph\">{\"@context\":\"https:\\\/\\\/schema.org\",\"@graph\":[{\"@type\":\"WebPage\",\"@id\":\"https:\\\/\\\/schweizversand.ch\\\/fr\\\/produkt\\\/hudora-biomechanisches-protektoren-set-comfort-4\\\/\",\"url\":\"https:\\\/\\\/schweizversand.ch\\\/fr\\\/produkt\\\/hudora-biomechanisches-protektoren-set-comfort-4\\\/\",\"name\":\"Hudora Biomechanisches Protektoren-Set Comfort\",\"isPartOf\":{\"@id\":\"https:\\\/\\\/schweizversand.ch\\\/fr\\\/#website\"},\"primaryImageOfPage\":{\"@id\":\"https:\\\/\\\/schweizversand.ch\\\/fr\\\/produkt\\\/hudora-biomechanisches-protektoren-set-comfort-4\\\/#primaryimage\"},\"image\":{\"@id\":\"https:\\\/\\\/schweizversand.ch\\\/fr\\\/produkt\\\/hudora-biomechanisches-protektoren-set-comfort-4\\\/#primaryimage\"},\"thumbnailUrl\":\"https:\\\/\\\/schweizversand.ch\\\/wp-content\\\/uploads\\\/2026\\\/02\\\/5471576642.jpg\",\"datePublished\":\"2026-03-14T22:21:53+00:00\",\"dateModified\":\"2026-04-22T13:35:27+00:00\",\"description\":\"HUDORA Protektoren Set Comfort \u2013 6er Set Starten Sie sicher und selbstbewusst in die Skater-Saison! Dieses hochwertige 6er-Set bietet umfassenden Schutz f\u00fcr all\",\"breadcrumb\":{\"@id\":\"https:\\\/\\\/schweizversand.ch\\\/fr\\\/produkt\\\/hudora-biomechanisches-protektoren-set-comfort-4\\\/#breadcrumb\"},\"inLanguage\":\"fr-FR\",\"potentialAction\":[{\"@type\":\"ReadAction\",\"target\":[\"https:\\\/\\\/schweizversand.ch\\\/fr\\\/produkt\\\/hudora-biomechanisches-protektoren-set-comfort-4\\\/\"]}]},{\"@type\":\"ImageObject\",\"inLanguage\":\"fr-FR\",\"@id\":\"https:\\\/\\\/schweizversand.ch\\\/fr\\\/produkt\\\/hudora-biomechanisches-protektoren-set-comfort-4\\\/#primaryimage\",\"url\":\"https:\\\/\\\/schweizversand.ch\\\/wp-content\\\/uploads\\\/2026\\\/02\\\/5471576642.jpg\",\"contentUrl\":\"https:\\\/\\\/schweizversand.ch\\\/wp-content\\\/uploads\\\/2026\\\/02\\\/5471576642.jpg\",\"width\":1024,\"height\":403},{\"@type\":\"BreadcrumbList\",\"@id\":\"https:\\\/\\\/schweizversand.ch\\\/fr\\\/produkt\\\/hudora-biomechanisches-protektoren-set-comfort-4\\\/#breadcrumb\",\"itemListElement\":[{\"@type\":\"ListItem\",\"position\":1,\"name\":\"Startseite\",\"item\":\"https:\\\/\\\/schweizversand.ch\\\/fr\\\/home\\\/\"},{\"@type\":\"ListItem\",\"position\":2,\"name\":\"Boutique\",\"item\":\"https:\\\/\\\/schweizversand.ch\\\/fr\\\/boutique\\\/\"},{\"@type\":\"ListItem\",\"position\":3,\"name\":\"Sports\",\"item\":\"https:\\\/\\\/schweizversand.ch\\\/fr\\\/produkt-kategorie\\\/sports\\\/\"},{\"@type\":\"ListItem\",\"position\":4,\"name\":\"Sports \u00e0 roulettes\",\"item\":\"https:\\\/\\\/schweizversand.ch\\\/fr\\\/produkt-kategorie\\\/sports\\\/rollsport\\\/\"},{\"@type\":\"ListItem\",\"position\":5,\"name\":\"Protections\",\"item\":\"https:\\\/\\\/schweizversand.ch\\\/fr\\\/produkt-kategorie\\\/sports\\\/rollsport\\\/protektoren\\\/\"},{\"@type\":\"ListItem\",\"position\":6,\"name\":\"Ensemble de protections biom\u00e9caniques Hudora Confort\"}]},{\"@type\":\"WebSite\",\"@id\":\"https:\\\/\\\/schweizversand.ch\\\/fr\\\/#website\",\"url\":\"https:\\\/\\\/schweizversand.ch\\\/fr\\\/\",\"name\":\"Schweizer Shop f\u00fcr Sport, Spiel und Freizeit\",\"description\":\"Gratisversand ab 50.- (netto), ab eigenem schweizer Lager, Lieferung innert 48h\",\"publisher\":{\"@id\":\"https:\\\/\\\/schweizversand.ch\\\/fr\\\/#organization\"},\"alternateName\":\"Schweizversand.ch\",\"potentialAction\":[{\"@type\":\"SearchAction\",\"target\":{\"@type\":\"EntryPoint\",\"urlTemplate\":\"https:\\\/\\\/schweizversand.ch\\\/fr\\\/?s={search_term_string}\"},\"query-input\":{\"@type\":\"PropertyValueSpecification\",\"valueRequired\":true,\"valueName\":\"search_term_string\"}}],\"inLanguage\":\"fr-FR\"},{\"@type\":\"Organization\",\"@id\":\"https:\\\/\\\/schweizversand.ch\\\/fr\\\/#organization\",\"name\":\"Schweizversand.ch\",\"url\":\"https:\\\/\\\/schweizversand.ch\\\/fr\\\/\",\"logo\":{\"@type\":\"ImageObject\",\"inLanguage\":\"fr-FR\",\"@id\":\"https:\\\/\\\/schweizversand.ch\\\/fr\\\/#\\\/schema\\\/logo\\\/image\\\/\",\"url\":\"https:\\\/\\\/schweizversand.ch\\\/wp-content\\\/uploads\\\/2026\\\/03\\\/Logo_Rund_Final-1.png\",\"contentUrl\":\"https:\\\/\\\/schweizversand.ch\\\/wp-content\\\/uploads\\\/2026\\\/03\\\/Logo_Rund_Final-1.png\",\"width\":404,\"height\":404,\"caption\":\"Schweizversand.ch\"},\"image\":{\"@id\":\"https:\\\/\\\/schweizversand.ch\\\/fr\\\/#\\\/schema\\\/logo\\\/image\\\/\"},\"sameAs\":[\"https:\\\/\\\/www.facebook.com\\\/Schweizversand\",\"https:\\\/\\\/www.instagram.com\\\/schweizversand.ch\\\/\"]}]}<\/script>\n<!-- \/ Yoast SEO plugin. -->","yoast_head_json":{"title":"Hudora Biomechanisches Protektoren-Set Comfort","description":"HUDORA Protektoren Set Comfort \u2013 6er Set Starten Sie sicher und selbstbewusst in die Skater-Saison! Dieses hochwertige 6er-Set bietet umfassenden Schutz f\u00fcr all","robots":{"index":"index","follow":"follow","max-snippet":"max-snippet:-1","max-image-preview":"max-image-preview:large","max-video-preview":"max-video-preview:-1"},"canonical":"https:\/\/schweizversand.ch\/fr\/produkt\/hudora-biomechanisches-protektoren-set-comfort-4\/","og_locale":"fr_FR","og_type":"article","og_title":"Hudora Biomechanisches Protektoren-Set Comfort","og_description":"HUDORA Protektoren Set Comfort \u2013 6er Set Starten Sie sicher und selbstbewusst in die Skater-Saison! Dieses hochwertige 6er-Set bietet umfassenden Schutz f\u00fcr all","og_url":"https:\/\/schweizversand.ch\/fr\/produkt\/hudora-biomechanisches-protektoren-set-comfort-4\/","og_site_name":"Schweizer Shop f\u00fcr Sport, Spiel und Freizeit","article_publisher":"https:\/\/www.facebook.com\/Schweizversand","article_modified_time":"2026-04-22T13:35:27+00:00","og_image":[{"width":1024,"height":403,"url":"https:\/\/schweizversand.ch\/wp-content\/uploads\/2026\/02\/5471576642.jpg","type":"image\/jpeg"}],"twitter_card":"summary_large_image","twitter_misc":{"Dur\u00e9e de lecture estim\u00e9e":"1 minute"},"schema":{"@context":"https:\/\/schema.org","@graph":[{"@type":"WebPage","@id":"https:\/\/schweizversand.ch\/fr\/produkt\/hudora-biomechanisches-protektoren-set-comfort-4\/","url":"https:\/\/schweizversand.ch\/fr\/produkt\/hudora-biomechanisches-protektoren-set-comfort-4\/","name":"Hudora Biomechanisches Protektoren-Set Comfort","isPartOf":{"@id":"https:\/\/schweizversand.ch\/fr\/#website"},"primaryImageOfPage":{"@id":"https:\/\/schweizversand.ch\/fr\/produkt\/hudora-biomechanisches-protektoren-set-comfort-4\/#primaryimage"},"image":{"@id":"https:\/\/schweizversand.ch\/fr\/produkt\/hudora-biomechanisches-protektoren-set-comfort-4\/#primaryimage"},"thumbnailUrl":"https:\/\/schweizversand.ch\/wp-content\/uploads\/2026\/02\/5471576642.jpg","datePublished":"2026-03-14T22:21:53+00:00","dateModified":"2026-04-22T13:35:27+00:00","description":"HUDORA Protektoren Set Comfort \u2013 6er Set Starten Sie sicher und selbstbewusst in die Skater-Saison! Dieses hochwertige 6er-Set bietet umfassenden Schutz f\u00fcr all","breadcrumb":{"@id":"https:\/\/schweizversand.ch\/fr\/produkt\/hudora-biomechanisches-protektoren-set-comfort-4\/#breadcrumb"},"inLanguage":"fr-FR","potentialAction":[{"@type":"ReadAction","target":["https:\/\/schweizversand.ch\/fr\/produkt\/hudora-biomechanisches-protektoren-set-comfort-4\/"]}]},{"@type":"ImageObject","inLanguage":"fr-FR","@id":"https:\/\/schweizversand.ch\/fr\/produkt\/hudora-biomechanisches-protektoren-set-comfort-4\/#primaryimage","url":"https:\/\/schweizversand.ch\/wp-content\/uploads\/2026\/02\/5471576642.jpg","contentUrl":"https:\/\/schweizversand.ch\/wp-content\/uploads\/2026\/02\/5471576642.jpg","width":1024,"height":403},{"@type":"BreadcrumbList","@id":"https:\/\/schweizversand.ch\/fr\/produkt\/hudora-biomechanisches-protektoren-set-comfort-4\/#breadcrumb","itemListElement":[{"@type":"ListItem","position":1,"name":"Startseite","item":"https:\/\/schweizversand.ch\/fr\/home\/"},{"@type":"ListItem","position":2,"name":"Boutique","item":"https:\/\/schweizversand.ch\/fr\/boutique\/"},{"@type":"ListItem","position":3,"name":"Sports","item":"https:\/\/schweizversand.ch\/fr\/produkt-kategorie\/sports\/"},{"@type":"ListItem","position":4,"name":"Sports \u00e0 roulettes","item":"https:\/\/schweizversand.ch\/fr\/produkt-kategorie\/sports\/rollsport\/"},{"@type":"ListItem","position":5,"name":"Protections","item":"https:\/\/schweizversand.ch\/fr\/produkt-kategorie\/sports\/rollsport\/protektoren\/"},{"@type":"ListItem","position":6,"name":"Ensemble de protections biom\u00e9caniques Hudora Confort"}]},{"@type":"WebSite","@id":"https:\/\/schweizversand.ch\/fr\/#website","url":"https:\/\/schweizversand.ch\/fr\/","name":"Schweizer Shop f\u00fcr Sport, Spiel und Freizeit","description":"Gratisversand ab 50.- (netto), ab eigenem schweizer Lager, Lieferung innert 48h","publisher":{"@id":"https:\/\/schweizversand.ch\/fr\/#organization"},"alternateName":"Schweizversand.ch","potentialAction":[{"@type":"SearchAction","target":{"@type":"EntryPoint","urlTemplate":"https:\/\/schweizversand.ch\/fr\/?s={search_term_string}"},"query-input":{"@type":"PropertyValueSpecification","valueRequired":true,"valueName":"search_term_string"}}],"inLanguage":"fr-FR"},{"@type":"Organization","@id":"https:\/\/schweizversand.ch\/fr\/#organization","name":"Schweizversand.ch","url":"https:\/\/schweizversand.ch\/fr\/","logo":{"@type":"ImageObject","inLanguage":"fr-FR","@id":"https:\/\/schweizversand.ch\/fr\/#\/schema\/logo\/image\/","url":"https:\/\/schweizversand.ch\/wp-content\/uploads\/2026\/03\/Logo_Rund_Final-1.png","contentUrl":"https:\/\/schweizversand.ch\/wp-content\/uploads\/2026\/03\/Logo_Rund_Final-1.png","width":404,"height":404,"caption":"Schweizversand.ch"},"image":{"@id":"https:\/\/schweizversand.ch\/fr\/#\/schema\/logo\/image\/"},"sameAs":["https:\/\/www.facebook.com\/Schweizversand","https:\/\/www.instagram.com\/schweizversand.ch\/"]}]}},"jetpack_sharing_enabled":true,"_links":{"self":[{"href":"https:\/\/schweizversand.ch\/fr\/wp-json\/wp\/v2\/product\/248038","targetHints":{"allow":["GET"]}}],"collection":[{"href":"https:\/\/schweizversand.ch\/fr\/wp-json\/wp\/v2\/product"}],"about":[{"href":"https:\/\/schweizversand.ch\/fr\/wp-json\/wp\/v2\/types\/product"}],"replies":[{"embeddable":true,"href":"https:\/\/schweizversand.ch\/fr\/wp-json\/wp\/v2\/comments?post=248038"}],"wp:featuredmedia":[{"embeddable":true,"href":"https:\/\/schweizversand.ch\/fr\/wp-json\/wp\/v2\/media\/262259"}],"wp:attachment":[{"href":"https:\/\/schweizversand.ch\/fr\/wp-json\/wp\/v2\/media?parent=248038"}],"wp:term":[{"taxonomy":"product_brand","embeddable":true,"href":"https:\/\/schweizversand.ch\/fr\/wp-json\/wp\/v2\/product_brand?post=248038"},{"taxonomy":"product_cat","embeddable":true,"href":"https:\/\/schweizversand.ch\/fr\/wp-json\/wp\/v2\/product_cat?post=248038"},{"taxonomy":"product_tag","embeddable":true,"href":"https:\/\/schweizversand.ch\/fr\/wp-json\/wp\/v2\/product_tag?post=248038"}],"curies":[{"name":"wp","href":"https:\/\/api.w.org\/{rel}","templated":true}]}}