{"id":248794,"date":"2026-03-14T23:20:59","date_gmt":"2026-03-14T22:20:59","guid":{"rendered":"https:\/\/schweizversand.ch\/produkt\/pro-garden-solarlampe\/"},"modified":"2026-04-20T02:02:50","modified_gmt":"2026-04-20T00:02:50","slug":"pro-garden-solarlampe","status":"publish","type":"product","link":"https:\/\/schweizversand.ch\/fr\/produkt\/pro-garden-solarlampe\/","title":{"rendered":"Lampe solaire de jardin professionnelle"},"content":{"rendered":"<h1><strong>Lampe solaire Pro Garden \u2013 \u00c9clairage d&rsquo;ambiance LED pour jardin \u00e0 \u00e9nergie solaire<\/strong><\/h1>\n<div>La lampe solaire Pro Garden est le choix id\u00e9al pour un \u00e9clairage ext\u00e9rieur d&rsquo;ambiance et durable. Apportez une touche d&rsquo;\u00e9l\u00e9gance \u00e0 vos all\u00e9es, massifs de fleurs ou terrasses gr\u00e2ce \u00e0 cette lampe solaire en acier inoxydable de haute qualit\u00e9, pour un \u00e9clairage d&rsquo;accentuation cibl\u00e9. Cette lampe solaire de jardin innovante allie fonctionnalit\u00e9 et design attrayant.<\/p>\n<\/div>\n<div><strong>\u00c9clairage durable et sans fil<\/strong><br \/>Gr\u00e2ce \u00e0 son panneau solaire amorphe int\u00e9gr\u00e9, la lampe se recharge automatiquement pendant la journ\u00e9e gr\u00e2ce \u00e0 l&rsquo;\u00e9nergie solaire. Cet \u00e9clairage de jardin solaire est ainsi extr\u00eamement \u00e9cologique et vous dispense de tout c\u00e2blage. Profitez d&rsquo;une source de lumi\u00e8re fiable sans vous soucier des co\u00fbts d&rsquo;\u00e9lectricit\u00e9 ni des prises \u00e9lectriques.<\/p>\n<\/div>\n<div><strong>Confort automatique et lumi\u00e8re blanche chaude<\/strong><br \/>La lampe solaire de jardin LED diffuse automatiquement une agr\u00e9able lumi\u00e8re blanche chaude d\u00e8s la tomb\u00e9e de la nuit. Cette fonction automatique offre un confort maximal. La douce lumi\u00e8re cr\u00e9e une ambiance chaleureuse et transforme votre espace ext\u00e9rieur en un havre de bien-\u00eatre. Un interrupteur marche\/arr\u00eat pratique vous permet de contr\u00f4ler son utilisation selon vos besoins.<\/p>\n<\/div>\n<div><strong>Robustesse et durabilit\u00e9 pour une utilisation ext\u00e9rieure<\/strong><br \/>Cette lampe solaire de jardin est sp\u00e9cialement con\u00e7ue pour une utilisation en ext\u00e9rieur. Son bo\u00eetier en acier inoxydable r\u00e9sistant aux intemp\u00e9ries est prot\u00e9g\u00e9 contre les projections d&rsquo;eau et garantit une longue dur\u00e9e de vie, m\u00eame par mauvais temps. Ces lampes solaires d&rsquo;ext\u00e9rieur sont donc le compagnon id\u00e9al et durable pour votre jardin, balcon ou all\u00e9e. Vos avantages en un coup d&rsquo;\u0153il\u00a0: &#8211; \u00c9cologique et sans fil\u00a0: Alimentation 100\u00a0% solaire, aucune source d&rsquo;alimentation externe requise &#8211; Fonctionnement automatique\u00a0: Se recharge pendant la journ\u00e9e et s&rsquo;allume automatiquement le soir &#8211; \u00c9clairage LED blanc chaud\u00a0: Cr\u00e9e une ambiance chaleureuse en ext\u00e9rieur &#8211; R\u00e9sistante aux intemp\u00e9ries et durable\u00a0: Bo\u00eetier en acier inoxydable robuste, id\u00e9al pour une utilisation en ext\u00e9rieur. Utilisation flexible\u00a0: \u00c9quip\u00e9e d&rsquo;un interrupteur marche\/arr\u00eat. Caract\u00e9ristiques techniques\u00a0: Mat\u00e9riau\u00a0: Acier inoxydable de haute qualit\u00e9\u00a0; Couleur de la LED\u00a0: Blanc chaud\u00a0; Panneau solaire\u00a0: Panneau amorphe pour une charge efficace\u00a0; Batterie\u00a0: 1 pile bouton Ni-MH 1,2\u00a0V (40\u00a0mAh)\u00a0; Diam\u00e8tre\u00a0: 8\u00a0cm\u00a0; Hauteur totale\u00a0: 36\u00a0cm\u00a0; D\u00e9tails du tube\u00a0: Longueur 16\u00a0cm, \u00d8 1,6\u00a0cm. La lampe solaire Pro Garden offre une solution \u00e9l\u00e9gante et durable pour ceux qui privil\u00e9gient l\u2019ambiance et le respect de l\u2019environnement. Commandez d\u00e8s aujourd\u2019hui et profitez des avantages d\u2019un \u00e9clairage de jardin solaire moderne.<\/p>\n","protected":false},"excerpt":{"rendered":"<p>Lampe solaire Pro Garden \u2013 \u00c9clairage d&rsquo;ambiance LED pour jardin \u00e0 \u00e9nergie solaire La lampe solaire Pro Garden est le choix id\u00e9al pour un \u00e9clairage ext\u00e9rieur d&rsquo;ambiance et durable. Apportez une touche d&rsquo;\u00e9l\u00e9gance \u00e0 vos all\u00e9es, massifs de fleurs ou terrasses gr\u00e2ce \u00e0 cette lampe solaire en acier inoxydable de haute qualit\u00e9, pour un \u00e9clairage d&rsquo;accentuation cibl\u00e9. Cette lampe solaire de jardin innovante allie fonctionnalit\u00e9 et design attrayant. \u00c9clairage durable et sans filGr\u00e2ce \u00e0 son&hellip;<\/p>\n","protected":false},"featured_media":157080,"comment_status":"open","ping_status":"closed","template":"","meta":[],"product_brand":[],"product_cat":[38159],"product_tag":[],"class_list":{"0":"post-248794","1":"product","2":"type-product","3":"status-publish","4":"has-post-thumbnail","6":"product_cat-gartenbeleuchtung","7":"product_shipping_class-global_methods","9":"first","10":"instock","11":"taxable","12":"shipping-taxable","13":"purchasable","14":"product-type-simple"},"yoast_head":"<!-- This site is optimized with the Yoast SEO plugin v27.4 - https:\/\/yoast.com\/product\/yoast-seo-wordpress\/ -->\n<title>Pro Garden Solarlampe | Jetzt kaufen | Schweizversand.ch<\/title>\n<meta name=\"description\" content=\"Pro Garden Solarlampe g\u00fcnstig kaufen bei Schweizversand.ch. Schnelle Lieferung in der Schweiz. Gratisversand ab CHF 50.\" \/>\n<meta name=\"robots\" content=\"index, follow, max-snippet:-1, max-image-preview:large, max-video-preview:-1\" \/>\n<link rel=\"canonical\" href=\"https:\/\/schweizversand.ch\/fr\/produkt\/pro-garden-solarlampe\/\" \/>\n<meta property=\"og:locale\" content=\"fr_FR\" \/>\n<meta property=\"og:type\" content=\"article\" \/>\n<meta property=\"og:title\" content=\"Pro Garden Solarlampe | Jetzt kaufen | Schweizversand.ch\" \/>\n<meta property=\"og:description\" content=\"Pro Garden Solarlampe g\u00fcnstig kaufen bei Schweizversand.ch. Schnelle Lieferung in der Schweiz. Gratisversand ab CHF 50.\" \/>\n<meta property=\"og:url\" content=\"https:\/\/schweizversand.ch\/fr\/produkt\/pro-garden-solarlampe\/\" \/>\n<meta property=\"og:site_name\" content=\"Schweizer Shop f\u00fcr Sport, Spiel und Freizeit\" \/>\n<meta property=\"article:publisher\" content=\"https:\/\/www.facebook.com\/Schweizversand\" \/>\n<meta property=\"article:modified_time\" content=\"2026-04-20T00:02:50+00:00\" \/>\n<meta property=\"og:image\" content=\"https:\/\/schweizversand.ch\/wp-content\/uploads\/2026\/02\/5471560363.jpg\" \/>\n\t<meta property=\"og:image:width\" content=\"1024\" \/>\n\t<meta property=\"og:image:height\" content=\"840\" \/>\n\t<meta property=\"og:image:type\" content=\"image\/jpeg\" \/>\n<meta name=\"twitter:card\" content=\"summary_large_image\" \/>\n<meta name=\"twitter:label1\" content=\"Dur\u00e9e de lecture estim\u00e9e\" \/>\n\t<meta name=\"twitter:data1\" content=\"2 minutes\" \/>\n<script type=\"application\/ld+json\" class=\"yoast-schema-graph\">{\"@context\":\"https:\\\/\\\/schema.org\",\"@graph\":[{\"@type\":\"WebPage\",\"@id\":\"https:\\\/\\\/schweizversand.ch\\\/fr\\\/produkt\\\/pro-garden-solarlampe\\\/\",\"url\":\"https:\\\/\\\/schweizversand.ch\\\/fr\\\/produkt\\\/pro-garden-solarlampe\\\/\",\"name\":\"Pro Garden Solarlampe | Jetzt kaufen | Schweizversand.ch\",\"isPartOf\":{\"@id\":\"https:\\\/\\\/schweizversand.ch\\\/fr\\\/#website\"},\"primaryImageOfPage\":{\"@id\":\"https:\\\/\\\/schweizversand.ch\\\/fr\\\/produkt\\\/pro-garden-solarlampe\\\/#primaryimage\"},\"image\":{\"@id\":\"https:\\\/\\\/schweizversand.ch\\\/fr\\\/produkt\\\/pro-garden-solarlampe\\\/#primaryimage\"},\"thumbnailUrl\":\"https:\\\/\\\/schweizversand.ch\\\/wp-content\\\/uploads\\\/2026\\\/02\\\/5471560363.jpg\",\"datePublished\":\"2026-03-14T22:20:59+00:00\",\"dateModified\":\"2026-04-20T00:02:50+00:00\",\"description\":\"Pro Garden Solarlampe g\u00fcnstig kaufen bei Schweizversand.ch. Schnelle Lieferung in der Schweiz. Gratisversand ab CHF 50.\",\"breadcrumb\":{\"@id\":\"https:\\\/\\\/schweizversand.ch\\\/fr\\\/produkt\\\/pro-garden-solarlampe\\\/#breadcrumb\"},\"inLanguage\":\"fr-FR\",\"potentialAction\":[{\"@type\":\"ReadAction\",\"target\":[\"https:\\\/\\\/schweizversand.ch\\\/fr\\\/produkt\\\/pro-garden-solarlampe\\\/\"]}]},{\"@type\":\"ImageObject\",\"inLanguage\":\"fr-FR\",\"@id\":\"https:\\\/\\\/schweizversand.ch\\\/fr\\\/produkt\\\/pro-garden-solarlampe\\\/#primaryimage\",\"url\":\"https:\\\/\\\/schweizversand.ch\\\/wp-content\\\/uploads\\\/2026\\\/02\\\/5471560363.jpg\",\"contentUrl\":\"https:\\\/\\\/schweizversand.ch\\\/wp-content\\\/uploads\\\/2026\\\/02\\\/5471560363.jpg\",\"width\":1024,\"height\":840},{\"@type\":\"BreadcrumbList\",\"@id\":\"https:\\\/\\\/schweizversand.ch\\\/fr\\\/produkt\\\/pro-garden-solarlampe\\\/#breadcrumb\",\"itemListElement\":[{\"@type\":\"ListItem\",\"position\":1,\"name\":\"Startseite\",\"item\":\"https:\\\/\\\/schweizversand.ch\\\/fr\\\/home\\\/\"},{\"@type\":\"ListItem\",\"position\":2,\"name\":\"Boutique\",\"item\":\"https:\\\/\\\/schweizversand.ch\\\/fr\\\/boutique\\\/\"},{\"@type\":\"ListItem\",\"position\":3,\"name\":\"Maison et jardin\",\"item\":\"https:\\\/\\\/schweizversand.ch\\\/fr\\\/produkt-kategorie\\\/maison-et-jardin\\\/\"},{\"@type\":\"ListItem\",\"position\":4,\"name\":\"Mobilier de jardin\",\"item\":\"https:\\\/\\\/schweizversand.ch\\\/fr\\\/produkt-kategorie\\\/maison-et-jardin\\\/mobilier-de-jardin\\\/\"},{\"@type\":\"ListItem\",\"position\":5,\"name\":\"\u00c9clairage de jardin\",\"item\":\"https:\\\/\\\/schweizversand.ch\\\/fr\\\/produkt-kategorie\\\/maison-et-jardin\\\/mobilier-de-jardin\\\/gartenbeleuchtung\\\/\"},{\"@type\":\"ListItem\",\"position\":6,\"name\":\"Lampe solaire de jardin professionnelle\"}]},{\"@type\":\"WebSite\",\"@id\":\"https:\\\/\\\/schweizversand.ch\\\/fr\\\/#website\",\"url\":\"https:\\\/\\\/schweizversand.ch\\\/fr\\\/\",\"name\":\"Schweizer Shop f\u00fcr Sport, Spiel und Freizeit\",\"description\":\"Gratisversand ab 50.- (netto), ab eigenem schweizer Lager, Lieferung innert 48h\",\"publisher\":{\"@id\":\"https:\\\/\\\/schweizversand.ch\\\/fr\\\/#organization\"},\"alternateName\":\"Schweizversand.ch\",\"potentialAction\":[{\"@type\":\"SearchAction\",\"target\":{\"@type\":\"EntryPoint\",\"urlTemplate\":\"https:\\\/\\\/schweizversand.ch\\\/fr\\\/?s={search_term_string}\"},\"query-input\":{\"@type\":\"PropertyValueSpecification\",\"valueRequired\":true,\"valueName\":\"search_term_string\"}}],\"inLanguage\":\"fr-FR\"},{\"@type\":\"Organization\",\"@id\":\"https:\\\/\\\/schweizversand.ch\\\/fr\\\/#organization\",\"name\":\"Schweizversand.ch\",\"url\":\"https:\\\/\\\/schweizversand.ch\\\/fr\\\/\",\"logo\":{\"@type\":\"ImageObject\",\"inLanguage\":\"fr-FR\",\"@id\":\"https:\\\/\\\/schweizversand.ch\\\/fr\\\/#\\\/schema\\\/logo\\\/image\\\/\",\"url\":\"https:\\\/\\\/schweizversand.ch\\\/wp-content\\\/uploads\\\/2026\\\/03\\\/Logo_Rund_Final-1.png\",\"contentUrl\":\"https:\\\/\\\/schweizversand.ch\\\/wp-content\\\/uploads\\\/2026\\\/03\\\/Logo_Rund_Final-1.png\",\"width\":404,\"height\":404,\"caption\":\"Schweizversand.ch\"},\"image\":{\"@id\":\"https:\\\/\\\/schweizversand.ch\\\/fr\\\/#\\\/schema\\\/logo\\\/image\\\/\"},\"sameAs\":[\"https:\\\/\\\/www.facebook.com\\\/Schweizversand\",\"https:\\\/\\\/www.instagram.com\\\/schweizversand.ch\\\/\"]}]}<\/script>\n<!-- \/ Yoast SEO plugin. -->","yoast_head_json":{"title":"Pro Garden Solarlampe | Jetzt kaufen | Schweizversand.ch","description":"Pro Garden Solarlampe g\u00fcnstig kaufen bei Schweizversand.ch. Schnelle Lieferung in der Schweiz. Gratisversand ab CHF 50.","robots":{"index":"index","follow":"follow","max-snippet":"max-snippet:-1","max-image-preview":"max-image-preview:large","max-video-preview":"max-video-preview:-1"},"canonical":"https:\/\/schweizversand.ch\/fr\/produkt\/pro-garden-solarlampe\/","og_locale":"fr_FR","og_type":"article","og_title":"Pro Garden Solarlampe | Jetzt kaufen | Schweizversand.ch","og_description":"Pro Garden Solarlampe g\u00fcnstig kaufen bei Schweizversand.ch. Schnelle Lieferung in der Schweiz. Gratisversand ab CHF 50.","og_url":"https:\/\/schweizversand.ch\/fr\/produkt\/pro-garden-solarlampe\/","og_site_name":"Schweizer Shop f\u00fcr Sport, Spiel und Freizeit","article_publisher":"https:\/\/www.facebook.com\/Schweizversand","article_modified_time":"2026-04-20T00:02:50+00:00","og_image":[{"width":1024,"height":840,"url":"https:\/\/schweizversand.ch\/wp-content\/uploads\/2026\/02\/5471560363.jpg","type":"image\/jpeg"}],"twitter_card":"summary_large_image","twitter_misc":{"Dur\u00e9e de lecture estim\u00e9e":"2 minutes"},"schema":{"@context":"https:\/\/schema.org","@graph":[{"@type":"WebPage","@id":"https:\/\/schweizversand.ch\/fr\/produkt\/pro-garden-solarlampe\/","url":"https:\/\/schweizversand.ch\/fr\/produkt\/pro-garden-solarlampe\/","name":"Pro Garden Solarlampe | Jetzt kaufen | Schweizversand.ch","isPartOf":{"@id":"https:\/\/schweizversand.ch\/fr\/#website"},"primaryImageOfPage":{"@id":"https:\/\/schweizversand.ch\/fr\/produkt\/pro-garden-solarlampe\/#primaryimage"},"image":{"@id":"https:\/\/schweizversand.ch\/fr\/produkt\/pro-garden-solarlampe\/#primaryimage"},"thumbnailUrl":"https:\/\/schweizversand.ch\/wp-content\/uploads\/2026\/02\/5471560363.jpg","datePublished":"2026-03-14T22:20:59+00:00","dateModified":"2026-04-20T00:02:50+00:00","description":"Pro Garden Solarlampe g\u00fcnstig kaufen bei Schweizversand.ch. Schnelle Lieferung in der Schweiz. Gratisversand ab CHF 50.","breadcrumb":{"@id":"https:\/\/schweizversand.ch\/fr\/produkt\/pro-garden-solarlampe\/#breadcrumb"},"inLanguage":"fr-FR","potentialAction":[{"@type":"ReadAction","target":["https:\/\/schweizversand.ch\/fr\/produkt\/pro-garden-solarlampe\/"]}]},{"@type":"ImageObject","inLanguage":"fr-FR","@id":"https:\/\/schweizversand.ch\/fr\/produkt\/pro-garden-solarlampe\/#primaryimage","url":"https:\/\/schweizversand.ch\/wp-content\/uploads\/2026\/02\/5471560363.jpg","contentUrl":"https:\/\/schweizversand.ch\/wp-content\/uploads\/2026\/02\/5471560363.jpg","width":1024,"height":840},{"@type":"BreadcrumbList","@id":"https:\/\/schweizversand.ch\/fr\/produkt\/pro-garden-solarlampe\/#breadcrumb","itemListElement":[{"@type":"ListItem","position":1,"name":"Startseite","item":"https:\/\/schweizversand.ch\/fr\/home\/"},{"@type":"ListItem","position":2,"name":"Boutique","item":"https:\/\/schweizversand.ch\/fr\/boutique\/"},{"@type":"ListItem","position":3,"name":"Maison et jardin","item":"https:\/\/schweizversand.ch\/fr\/produkt-kategorie\/maison-et-jardin\/"},{"@type":"ListItem","position":4,"name":"Mobilier de jardin","item":"https:\/\/schweizversand.ch\/fr\/produkt-kategorie\/maison-et-jardin\/mobilier-de-jardin\/"},{"@type":"ListItem","position":5,"name":"\u00c9clairage de jardin","item":"https:\/\/schweizversand.ch\/fr\/produkt-kategorie\/maison-et-jardin\/mobilier-de-jardin\/gartenbeleuchtung\/"},{"@type":"ListItem","position":6,"name":"Lampe solaire de jardin professionnelle"}]},{"@type":"WebSite","@id":"https:\/\/schweizversand.ch\/fr\/#website","url":"https:\/\/schweizversand.ch\/fr\/","name":"Schweizer Shop f\u00fcr Sport, Spiel und Freizeit","description":"Gratisversand ab 50.- (netto), ab eigenem schweizer Lager, Lieferung innert 48h","publisher":{"@id":"https:\/\/schweizversand.ch\/fr\/#organization"},"alternateName":"Schweizversand.ch","potentialAction":[{"@type":"SearchAction","target":{"@type":"EntryPoint","urlTemplate":"https:\/\/schweizversand.ch\/fr\/?s={search_term_string}"},"query-input":{"@type":"PropertyValueSpecification","valueRequired":true,"valueName":"search_term_string"}}],"inLanguage":"fr-FR"},{"@type":"Organization","@id":"https:\/\/schweizversand.ch\/fr\/#organization","name":"Schweizversand.ch","url":"https:\/\/schweizversand.ch\/fr\/","logo":{"@type":"ImageObject","inLanguage":"fr-FR","@id":"https:\/\/schweizversand.ch\/fr\/#\/schema\/logo\/image\/","url":"https:\/\/schweizversand.ch\/wp-content\/uploads\/2026\/03\/Logo_Rund_Final-1.png","contentUrl":"https:\/\/schweizversand.ch\/wp-content\/uploads\/2026\/03\/Logo_Rund_Final-1.png","width":404,"height":404,"caption":"Schweizversand.ch"},"image":{"@id":"https:\/\/schweizversand.ch\/fr\/#\/schema\/logo\/image\/"},"sameAs":["https:\/\/www.facebook.com\/Schweizversand","https:\/\/www.instagram.com\/schweizversand.ch\/"]}]}},"jetpack_sharing_enabled":true,"_links":{"self":[{"href":"https:\/\/schweizversand.ch\/fr\/wp-json\/wp\/v2\/product\/248794","targetHints":{"allow":["GET"]}}],"collection":[{"href":"https:\/\/schweizversand.ch\/fr\/wp-json\/wp\/v2\/product"}],"about":[{"href":"https:\/\/schweizversand.ch\/fr\/wp-json\/wp\/v2\/types\/product"}],"replies":[{"embeddable":true,"href":"https:\/\/schweizversand.ch\/fr\/wp-json\/wp\/v2\/comments?post=248794"}],"wp:featuredmedia":[{"embeddable":true,"href":"https:\/\/schweizversand.ch\/fr\/wp-json\/wp\/v2\/media\/157080"}],"wp:attachment":[{"href":"https:\/\/schweizversand.ch\/fr\/wp-json\/wp\/v2\/media?parent=248794"}],"wp:term":[{"taxonomy":"product_brand","embeddable":true,"href":"https:\/\/schweizversand.ch\/fr\/wp-json\/wp\/v2\/product_brand?post=248794"},{"taxonomy":"product_cat","embeddable":true,"href":"https:\/\/schweizversand.ch\/fr\/wp-json\/wp\/v2\/product_cat?post=248794"},{"taxonomy":"product_tag","embeddable":true,"href":"https:\/\/schweizversand.ch\/fr\/wp-json\/wp\/v2\/product_tag?post=248794"}],"curies":[{"name":"wp","href":"https:\/\/api.w.org\/{rel}","templated":true}]}}