{"id":248889,"date":"2026-03-15T00:07:05","date_gmt":"2026-03-14T23:07:05","guid":{"rendered":"https:\/\/schweizversand.ch\/produkt\/trespass-dlx-gaynor-damen-skijacke\/"},"modified":"2026-04-19T15:35:30","modified_gmt":"2026-04-19T13:35:30","slug":"trespass-dlx-gaynor-damen-skijacke","status":"publish","type":"product","link":"https:\/\/schweizversand.ch\/fr\/produkt\/trespass-dlx-gaynor-damen-skijacke\/","title":{"rendered":"Veste de ski femme Trespass DLX GAYNOR"},"content":{"rendered":"<p>Pr\u00e9parez-vous \u00e0 d\u00e9valer les pistes avec style gr\u00e2ce \u00e0 la veste de ski Trespass Gaynor pour femme\u00a0! Con\u00e7ue sp\u00e9cialement pour les passionn\u00e9es de sports d&rsquo;hiver, cette veste haute performance est la compagne id\u00e9ale de votre prochaine aventure sur les pistes.<\/p>\n<p>Cette veste est dot\u00e9e d&rsquo;une isolation innovante Down Touch qui vous offre une chaleur douillette sur les pistes, tout en respectant l&rsquo;\u00e9thique. Elle offre la m\u00eame isolation que le duvet v\u00e9ritable, vous gardant au chaud m\u00eame par grand froid.<\/p>\n<p>Les empi\u00e8cements soud\u00e9s au niveau de la poitrine assurent une protection optimale contre le vent et le froid en emprisonnant la chaleur et en emp\u00eachant l&rsquo;air froid de p\u00e9n\u00e9trer. Vous restez ainsi au chaud et au sec, m\u00eame dans des conditions difficiles.<\/p>\n<p>La capuche ajustable avec bordure en fausse fourrure amovible vous permet de personnaliser votre style tout en vous prot\u00e9geant des intemp\u00e9ries. Le zip frontal d\u00e9perlant et les poches basses zipp\u00e9es offrent une protection suppl\u00e9mentaire et un espace de rangement pratique pour vos essentiels.<\/p>\n<p>Autres caract\u00e9ristiques pratiques\u00a0:<\/p>\n<p>&#8211; Poche zipp\u00e9e pour forfait de ski sur la manche<\/p>\n<p>&#8211; Jupe pare-neige amovible<\/p>\n<p>&#8211; Cordon de serrage ajustable pour un ajustement personnalis\u00e9<\/p>\n<p>&#8211; Ventilation sous les bras pour une r\u00e9gulation thermique optimale<\/p>\n<p>Cette veste est confectionn\u00e9e dans des mat\u00e9riaux de haute qualit\u00e9\u00a0:<\/p>\n<p>&#8211; Tissu ext\u00e9rieur\u00a0: 100\u00a0% polyester avec membrane PU<\/p>\n<p>&#8211; Doublure\u00a0: 60\u00a0% polyester et 40\u00a0% polyamide<\/p>\n<p>&#8211; Garnissage\u00a0: 100\u00a0% polyester, pour un confort et une chaleur optimaux.<\/p>\n<p>Pour prolonger la dur\u00e9e de vie de votre veste, nous vous recommandons de suivre les instructions du fabricant.<\/p>\n","protected":false},"excerpt":{"rendered":"<p>Pr\u00e9parez-vous \u00e0 d\u00e9valer les pistes avec style gr\u00e2ce \u00e0 la veste de ski Trespass Gaynor pour femme\u00a0! Con\u00e7ue sp\u00e9cialement pour les passionn\u00e9es de sports d&rsquo;hiver, cette veste haute performance est la compagne id\u00e9ale de votre prochaine aventure sur les pistes. Cette veste est dot\u00e9e d&rsquo;une isolation innovante Down Touch qui vous offre une chaleur douillette sur les pistes, tout en respectant l&rsquo;\u00e9thique. Elle offre la m\u00eame isolation que le duvet v\u00e9ritable, vous gardant au chaud&hellip;<\/p>\n","protected":false},"featured_media":161591,"comment_status":"open","ping_status":"closed","template":"","meta":[],"product_brand":[],"product_cat":[38524],"product_tag":[],"class_list":{"0":"post-248889","1":"product","2":"type-product","3":"status-publish","4":"has-post-thumbnail","6":"product_cat-wintersportbekleidung","7":"product_shipping_class-global_methods","9":"first","10":"instock","11":"taxable","12":"shipping-taxable","13":"purchasable","14":"product-type-simple"},"yoast_head":"<!-- This site is optimized with the Yoast SEO plugin v27.4 - https:\/\/yoast.com\/product\/yoast-seo-wordpress\/ -->\n<title>Trespass DLX GAYNOR Damen Skijacke | Jetzt kaufen | Schweizversand.ch<\/title>\n<meta name=\"description\" content=\"Trespass DLX GAYNOR Damen Skijacke g\u00fcnstig kaufen bei Schweizversand.ch. Schnelle Lieferung in der Schweiz. Gratisversand ab CHF 50.\" \/>\n<meta name=\"robots\" content=\"index, follow, max-snippet:-1, max-image-preview:large, max-video-preview:-1\" \/>\n<link rel=\"canonical\" href=\"https:\/\/schweizversand.ch\/fr\/produkt\/trespass-dlx-gaynor-damen-skijacke\/\" \/>\n<meta property=\"og:locale\" content=\"fr_FR\" \/>\n<meta property=\"og:type\" content=\"article\" \/>\n<meta property=\"og:title\" content=\"Trespass DLX GAYNOR Damen Skijacke | Jetzt kaufen | Schweizversand.ch\" \/>\n<meta property=\"og:description\" content=\"Trespass DLX GAYNOR Damen Skijacke g\u00fcnstig kaufen bei Schweizversand.ch. Schnelle Lieferung in der Schweiz. Gratisversand ab CHF 50.\" \/>\n<meta property=\"og:url\" content=\"https:\/\/schweizversand.ch\/fr\/produkt\/trespass-dlx-gaynor-damen-skijacke\/\" \/>\n<meta property=\"og:site_name\" content=\"Schweizer Shop f\u00fcr Sport, Spiel und Freizeit\" \/>\n<meta property=\"article:publisher\" content=\"https:\/\/www.facebook.com\/Schweizversand\" \/>\n<meta property=\"article:modified_time\" content=\"2026-04-19T13:35:30+00:00\" \/>\n<meta property=\"og:image\" content=\"https:\/\/schweizversand.ch\/wp-content\/uploads\/2026\/02\/5471731035.jpg\" \/>\n\t<meta property=\"og:image:width\" content=\"654\" \/>\n\t<meta property=\"og:image:height\" content=\"1024\" \/>\n\t<meta property=\"og:image:type\" content=\"image\/jpeg\" \/>\n<meta name=\"twitter:card\" content=\"summary_large_image\" \/>\n<meta name=\"twitter:label1\" content=\"Dur\u00e9e de lecture estim\u00e9e\" \/>\n\t<meta name=\"twitter:data1\" content=\"1 minute\" \/>\n<script type=\"application\/ld+json\" class=\"yoast-schema-graph\">{\"@context\":\"https:\\\/\\\/schema.org\",\"@graph\":[{\"@type\":\"WebPage\",\"@id\":\"https:\\\/\\\/schweizversand.ch\\\/fr\\\/produkt\\\/trespass-dlx-gaynor-damen-skijacke\\\/\",\"url\":\"https:\\\/\\\/schweizversand.ch\\\/fr\\\/produkt\\\/trespass-dlx-gaynor-damen-skijacke\\\/\",\"name\":\"Trespass DLX GAYNOR Damen Skijacke | Jetzt kaufen | Schweizversand.ch\",\"isPartOf\":{\"@id\":\"https:\\\/\\\/schweizversand.ch\\\/fr\\\/#website\"},\"primaryImageOfPage\":{\"@id\":\"https:\\\/\\\/schweizversand.ch\\\/fr\\\/produkt\\\/trespass-dlx-gaynor-damen-skijacke\\\/#primaryimage\"},\"image\":{\"@id\":\"https:\\\/\\\/schweizversand.ch\\\/fr\\\/produkt\\\/trespass-dlx-gaynor-damen-skijacke\\\/#primaryimage\"},\"thumbnailUrl\":\"https:\\\/\\\/schweizversand.ch\\\/wp-content\\\/uploads\\\/2026\\\/02\\\/5471731035.jpg\",\"datePublished\":\"2026-03-14T23:07:05+00:00\",\"dateModified\":\"2026-04-19T13:35:30+00:00\",\"description\":\"Trespass DLX GAYNOR Damen Skijacke g\u00fcnstig kaufen bei Schweizversand.ch. Schnelle Lieferung in der Schweiz. Gratisversand ab CHF 50.\",\"breadcrumb\":{\"@id\":\"https:\\\/\\\/schweizversand.ch\\\/fr\\\/produkt\\\/trespass-dlx-gaynor-damen-skijacke\\\/#breadcrumb\"},\"inLanguage\":\"fr-FR\",\"potentialAction\":[{\"@type\":\"ReadAction\",\"target\":[\"https:\\\/\\\/schweizversand.ch\\\/fr\\\/produkt\\\/trespass-dlx-gaynor-damen-skijacke\\\/\"]}]},{\"@type\":\"ImageObject\",\"inLanguage\":\"fr-FR\",\"@id\":\"https:\\\/\\\/schweizversand.ch\\\/fr\\\/produkt\\\/trespass-dlx-gaynor-damen-skijacke\\\/#primaryimage\",\"url\":\"https:\\\/\\\/schweizversand.ch\\\/wp-content\\\/uploads\\\/2026\\\/02\\\/5471731035.jpg\",\"contentUrl\":\"https:\\\/\\\/schweizversand.ch\\\/wp-content\\\/uploads\\\/2026\\\/02\\\/5471731035.jpg\",\"width\":654,\"height\":1024},{\"@type\":\"BreadcrumbList\",\"@id\":\"https:\\\/\\\/schweizversand.ch\\\/fr\\\/produkt\\\/trespass-dlx-gaynor-damen-skijacke\\\/#breadcrumb\",\"itemListElement\":[{\"@type\":\"ListItem\",\"position\":1,\"name\":\"Startseite\",\"item\":\"https:\\\/\\\/schweizversand.ch\\\/fr\\\/home\\\/\"},{\"@type\":\"ListItem\",\"position\":2,\"name\":\"Boutique\",\"item\":\"https:\\\/\\\/schweizversand.ch\\\/fr\\\/boutique\\\/\"},{\"@type\":\"ListItem\",\"position\":3,\"name\":\"Sports\",\"item\":\"https:\\\/\\\/schweizversand.ch\\\/fr\\\/produkt-kategorie\\\/sports\\\/\"},{\"@type\":\"ListItem\",\"position\":4,\"name\":\"Sports d'hiver\",\"item\":\"https:\\\/\\\/schweizversand.ch\\\/fr\\\/produkt-kategorie\\\/sports\\\/sports-dhiver\\\/\"},{\"@type\":\"ListItem\",\"position\":5,\"name\":\"V\u00eatements de sports d'hiver\",\"item\":\"https:\\\/\\\/schweizversand.ch\\\/fr\\\/produkt-kategorie\\\/sports\\\/sports-dhiver\\\/wintersportbekleidung\\\/\"},{\"@type\":\"ListItem\",\"position\":6,\"name\":\"Veste de ski femme Trespass DLX GAYNOR\"}]},{\"@type\":\"WebSite\",\"@id\":\"https:\\\/\\\/schweizversand.ch\\\/fr\\\/#website\",\"url\":\"https:\\\/\\\/schweizversand.ch\\\/fr\\\/\",\"name\":\"Schweizer Shop f\u00fcr Sport, Spiel und Freizeit\",\"description\":\"Gratisversand ab 50.- (netto), ab eigenem schweizer Lager, Lieferung innert 48h\",\"publisher\":{\"@id\":\"https:\\\/\\\/schweizversand.ch\\\/fr\\\/#organization\"},\"alternateName\":\"Schweizversand.ch\",\"potentialAction\":[{\"@type\":\"SearchAction\",\"target\":{\"@type\":\"EntryPoint\",\"urlTemplate\":\"https:\\\/\\\/schweizversand.ch\\\/fr\\\/?s={search_term_string}\"},\"query-input\":{\"@type\":\"PropertyValueSpecification\",\"valueRequired\":true,\"valueName\":\"search_term_string\"}}],\"inLanguage\":\"fr-FR\"},{\"@type\":\"Organization\",\"@id\":\"https:\\\/\\\/schweizversand.ch\\\/fr\\\/#organization\",\"name\":\"Schweizversand.ch\",\"url\":\"https:\\\/\\\/schweizversand.ch\\\/fr\\\/\",\"logo\":{\"@type\":\"ImageObject\",\"inLanguage\":\"fr-FR\",\"@id\":\"https:\\\/\\\/schweizversand.ch\\\/fr\\\/#\\\/schema\\\/logo\\\/image\\\/\",\"url\":\"https:\\\/\\\/schweizversand.ch\\\/wp-content\\\/uploads\\\/2026\\\/03\\\/Logo_Rund_Final-1.png\",\"contentUrl\":\"https:\\\/\\\/schweizversand.ch\\\/wp-content\\\/uploads\\\/2026\\\/03\\\/Logo_Rund_Final-1.png\",\"width\":404,\"height\":404,\"caption\":\"Schweizversand.ch\"},\"image\":{\"@id\":\"https:\\\/\\\/schweizversand.ch\\\/fr\\\/#\\\/schema\\\/logo\\\/image\\\/\"},\"sameAs\":[\"https:\\\/\\\/www.facebook.com\\\/Schweizversand\",\"https:\\\/\\\/www.instagram.com\\\/schweizversand.ch\\\/\"]}]}<\/script>\n<!-- \/ Yoast SEO plugin. -->","yoast_head_json":{"title":"Trespass DLX GAYNOR Damen Skijacke | Jetzt kaufen | Schweizversand.ch","description":"Trespass DLX GAYNOR Damen Skijacke g\u00fcnstig kaufen bei Schweizversand.ch. Schnelle Lieferung in der Schweiz. Gratisversand ab CHF 50.","robots":{"index":"index","follow":"follow","max-snippet":"max-snippet:-1","max-image-preview":"max-image-preview:large","max-video-preview":"max-video-preview:-1"},"canonical":"https:\/\/schweizversand.ch\/fr\/produkt\/trespass-dlx-gaynor-damen-skijacke\/","og_locale":"fr_FR","og_type":"article","og_title":"Trespass DLX GAYNOR Damen Skijacke | Jetzt kaufen | Schweizversand.ch","og_description":"Trespass DLX GAYNOR Damen Skijacke g\u00fcnstig kaufen bei Schweizversand.ch. Schnelle Lieferung in der Schweiz. Gratisversand ab CHF 50.","og_url":"https:\/\/schweizversand.ch\/fr\/produkt\/trespass-dlx-gaynor-damen-skijacke\/","og_site_name":"Schweizer Shop f\u00fcr Sport, Spiel und Freizeit","article_publisher":"https:\/\/www.facebook.com\/Schweizversand","article_modified_time":"2026-04-19T13:35:30+00:00","og_image":[{"width":654,"height":1024,"url":"https:\/\/schweizversand.ch\/wp-content\/uploads\/2026\/02\/5471731035.jpg","type":"image\/jpeg"}],"twitter_card":"summary_large_image","twitter_misc":{"Dur\u00e9e de lecture estim\u00e9e":"1 minute"},"schema":{"@context":"https:\/\/schema.org","@graph":[{"@type":"WebPage","@id":"https:\/\/schweizversand.ch\/fr\/produkt\/trespass-dlx-gaynor-damen-skijacke\/","url":"https:\/\/schweizversand.ch\/fr\/produkt\/trespass-dlx-gaynor-damen-skijacke\/","name":"Trespass DLX GAYNOR Damen Skijacke | Jetzt kaufen | Schweizversand.ch","isPartOf":{"@id":"https:\/\/schweizversand.ch\/fr\/#website"},"primaryImageOfPage":{"@id":"https:\/\/schweizversand.ch\/fr\/produkt\/trespass-dlx-gaynor-damen-skijacke\/#primaryimage"},"image":{"@id":"https:\/\/schweizversand.ch\/fr\/produkt\/trespass-dlx-gaynor-damen-skijacke\/#primaryimage"},"thumbnailUrl":"https:\/\/schweizversand.ch\/wp-content\/uploads\/2026\/02\/5471731035.jpg","datePublished":"2026-03-14T23:07:05+00:00","dateModified":"2026-04-19T13:35:30+00:00","description":"Trespass DLX GAYNOR Damen Skijacke g\u00fcnstig kaufen bei Schweizversand.ch. Schnelle Lieferung in der Schweiz. Gratisversand ab CHF 50.","breadcrumb":{"@id":"https:\/\/schweizversand.ch\/fr\/produkt\/trespass-dlx-gaynor-damen-skijacke\/#breadcrumb"},"inLanguage":"fr-FR","potentialAction":[{"@type":"ReadAction","target":["https:\/\/schweizversand.ch\/fr\/produkt\/trespass-dlx-gaynor-damen-skijacke\/"]}]},{"@type":"ImageObject","inLanguage":"fr-FR","@id":"https:\/\/schweizversand.ch\/fr\/produkt\/trespass-dlx-gaynor-damen-skijacke\/#primaryimage","url":"https:\/\/schweizversand.ch\/wp-content\/uploads\/2026\/02\/5471731035.jpg","contentUrl":"https:\/\/schweizversand.ch\/wp-content\/uploads\/2026\/02\/5471731035.jpg","width":654,"height":1024},{"@type":"BreadcrumbList","@id":"https:\/\/schweizversand.ch\/fr\/produkt\/trespass-dlx-gaynor-damen-skijacke\/#breadcrumb","itemListElement":[{"@type":"ListItem","position":1,"name":"Startseite","item":"https:\/\/schweizversand.ch\/fr\/home\/"},{"@type":"ListItem","position":2,"name":"Boutique","item":"https:\/\/schweizversand.ch\/fr\/boutique\/"},{"@type":"ListItem","position":3,"name":"Sports","item":"https:\/\/schweizversand.ch\/fr\/produkt-kategorie\/sports\/"},{"@type":"ListItem","position":4,"name":"Sports d'hiver","item":"https:\/\/schweizversand.ch\/fr\/produkt-kategorie\/sports\/sports-dhiver\/"},{"@type":"ListItem","position":5,"name":"V\u00eatements de sports d'hiver","item":"https:\/\/schweizversand.ch\/fr\/produkt-kategorie\/sports\/sports-dhiver\/wintersportbekleidung\/"},{"@type":"ListItem","position":6,"name":"Veste de ski femme Trespass DLX GAYNOR"}]},{"@type":"WebSite","@id":"https:\/\/schweizversand.ch\/fr\/#website","url":"https:\/\/schweizversand.ch\/fr\/","name":"Schweizer Shop f\u00fcr Sport, Spiel und Freizeit","description":"Gratisversand ab 50.- (netto), ab eigenem schweizer Lager, Lieferung innert 48h","publisher":{"@id":"https:\/\/schweizversand.ch\/fr\/#organization"},"alternateName":"Schweizversand.ch","potentialAction":[{"@type":"SearchAction","target":{"@type":"EntryPoint","urlTemplate":"https:\/\/schweizversand.ch\/fr\/?s={search_term_string}"},"query-input":{"@type":"PropertyValueSpecification","valueRequired":true,"valueName":"search_term_string"}}],"inLanguage":"fr-FR"},{"@type":"Organization","@id":"https:\/\/schweizversand.ch\/fr\/#organization","name":"Schweizversand.ch","url":"https:\/\/schweizversand.ch\/fr\/","logo":{"@type":"ImageObject","inLanguage":"fr-FR","@id":"https:\/\/schweizversand.ch\/fr\/#\/schema\/logo\/image\/","url":"https:\/\/schweizversand.ch\/wp-content\/uploads\/2026\/03\/Logo_Rund_Final-1.png","contentUrl":"https:\/\/schweizversand.ch\/wp-content\/uploads\/2026\/03\/Logo_Rund_Final-1.png","width":404,"height":404,"caption":"Schweizversand.ch"},"image":{"@id":"https:\/\/schweizversand.ch\/fr\/#\/schema\/logo\/image\/"},"sameAs":["https:\/\/www.facebook.com\/Schweizversand","https:\/\/www.instagram.com\/schweizversand.ch\/"]}]}},"jetpack_sharing_enabled":true,"_links":{"self":[{"href":"https:\/\/schweizversand.ch\/fr\/wp-json\/wp\/v2\/product\/248889","targetHints":{"allow":["GET"]}}],"collection":[{"href":"https:\/\/schweizversand.ch\/fr\/wp-json\/wp\/v2\/product"}],"about":[{"href":"https:\/\/schweizversand.ch\/fr\/wp-json\/wp\/v2\/types\/product"}],"replies":[{"embeddable":true,"href":"https:\/\/schweizversand.ch\/fr\/wp-json\/wp\/v2\/comments?post=248889"}],"wp:featuredmedia":[{"embeddable":true,"href":"https:\/\/schweizversand.ch\/fr\/wp-json\/wp\/v2\/media\/161591"}],"wp:attachment":[{"href":"https:\/\/schweizversand.ch\/fr\/wp-json\/wp\/v2\/media?parent=248889"}],"wp:term":[{"taxonomy":"product_brand","embeddable":true,"href":"https:\/\/schweizversand.ch\/fr\/wp-json\/wp\/v2\/product_brand?post=248889"},{"taxonomy":"product_cat","embeddable":true,"href":"https:\/\/schweizversand.ch\/fr\/wp-json\/wp\/v2\/product_cat?post=248889"},{"taxonomy":"product_tag","embeddable":true,"href":"https:\/\/schweizversand.ch\/fr\/wp-json\/wp\/v2\/product_tag?post=248889"}],"curies":[{"name":"wp","href":"https:\/\/api.w.org\/{rel}","templated":true}]}}