{"id":248898,"date":"2026-03-15T00:07:07","date_gmt":"2026-03-14T23:07:07","guid":{"rendered":"https:\/\/schweizversand.ch\/produkt\/trespass-dlx-rayna-damen-outdoorschuhe-3\/"},"modified":"2026-04-20T02:03:56","modified_gmt":"2026-04-20T00:03:56","slug":"trespass-dlx-rayna-damen-outdoorschuhe-3","status":"publish","type":"product","link":"https:\/\/schweizversand.ch\/fr\/produkt\/trespass-dlx-rayna-damen-outdoorschuhe-3\/","title":{"rendered":"Chaussures d&rsquo;ext\u00e9rieur pour femmes Trespass DLX RAYNA"},"content":{"rendered":"<p>Les chaussures de running DLX sont id\u00e9ales pour tous ceux qui recherchent un compagnon fiable et confortable pour leurs activit\u00e9s outdoor. Gr\u00e2ce \u00e0 leur conception imperm\u00e9able et respirante, leur tige protectrice et leur semelle ext\u00e9rieure adh\u00e9rente et r\u00e9sistante, elles offrent la combinaison parfaite de fonctionnalit\u00e9 et de style. Que vous exploriez la ville ou la nature, ces chaussures sont faites pour vous !<\/p>\n<p>D\u00e9couvrez la diff\u00e9rence et offrez-vous le confort et la performance que seules les chaussures DLX peuvent vous offrir.<\/p>\n<p>Caract\u00e9ristiques :<\/p>\n<p>\u2022 Imperm\u00e9ables et respirantes : Gr\u00e2ce \u00e0 la membrane int\u00e9gr\u00e9e, vos pieds restent au sec et bien a\u00e9r\u00e9s, m\u00eame par temps humide.<\/p>\n<p>\u2022 Tige textile protectrice : Durable et r\u00e9sistante, elle prot\u00e8ge des intemp\u00e9ries et offre une stabilit\u00e9 accrue.<\/p>\n<p>\u2022 Col rembourr\u00e9 : Offre un excellent confort et un maintien optimal de la cheville, id\u00e9al pour une utilisation prolong\u00e9e.<\/p>\n<p>\u2022 Semelle int\u00e9rieure moul\u00e9e : Offre un excellent amorti et un soutien optimal pour r\u00e9duire la fatigue des pieds.<\/p>\n<p>\u2022 Semelle ext\u00e9rieure adh\u00e9rente et r\u00e9sistante : La semelle ext\u00e9rieure robuste offre une excellente accroche sur diverses surfaces, de l&rsquo;asphalte aux sentiers naturels.<\/p>\n<p>Composition :<\/p>\n<p>\u2022 Tige : Textile\/PU (Polyur\u00e9thane) \u2013 Alliant durabilit\u00e9 et souplesse pour une protection et un confort optimaux.<\/p>\n<p>\u2022 Doublure : Textile \u2013 Douce et respirante pour un confort optimal.<\/p>\n<p>\u2022 Semelle ext\u00e9rieure : Phylon avec inserts en caoutchouc \u2013 L\u00e9g\u00e8re et amortissante, elle offre une excellente adh\u00e9rence et une grande stabilit\u00e9.<\/p>\n<p>Propri\u00e9t\u00e9s du tissu :<\/p>\n<p>\u2022 Imperm\u00e9able : Protection efficace contre la pluie et l&rsquo;humidit\u00e9, id\u00e9ale par temps incertain.<\/p>\n<p>\u2022 Respirante : Permet une bonne circulation de l&rsquo;air pour r\u00e9duire la transpiration et garantir un confort optimal.<\/p>\n<p>Parfaite pour :<\/p>\n<p>\u2022 Activit\u00e9s de plein air : Id\u00e9ale pour la course \u00e0 pied, la randonn\u00e9e et autres aventures en ext\u00e9rieur.<\/p>\n<p>\u2022 Usage quotidien : Son design \u00e9l\u00e9gant la rend parfaite au quotidien.<\/p>\n<p>\u2022 Sport : Offre le confort et le maintien n\u00e9cessaires aux activit\u00e9s sportives.<\/p>\n","protected":false},"excerpt":{"rendered":"<p>Les chaussures de running DLX sont id\u00e9ales pour tous ceux qui recherchent un compagnon fiable et confortable pour leurs activit\u00e9s outdoor. Gr\u00e2ce \u00e0 leur conception imperm\u00e9able et respirante, leur tige protectrice et leur semelle ext\u00e9rieure adh\u00e9rente et r\u00e9sistante, elles offrent la combinaison parfaite de fonctionnalit\u00e9 et de style. Que vous exploriez la ville ou la nature, ces chaussures sont faites pour vous ! D\u00e9couvrez la diff\u00e9rence et offrez-vous le confort et la performance que seules&hellip;<\/p>\n","protected":false},"featured_media":161647,"comment_status":"open","ping_status":"closed","template":"","meta":[],"product_brand":[],"product_cat":[38104,38108],"product_tag":[],"class_list":{"0":"post-248898","1":"product","2":"type-product","3":"status-publish","4":"has-post-thumbnail","6":"product_cat-damenschuhe","7":"product_cat-chaussures-pour-femmes","8":"product_shipping_class-global_methods","10":"first","11":"instock","12":"taxable","13":"shipping-taxable","14":"purchasable","15":"product-type-simple"},"yoast_head":"<!-- This site is optimized with the Yoast SEO plugin v27.4 - https:\/\/yoast.com\/product\/yoast-seo-wordpress\/ -->\n<title>Trespass DLX RAYNA Damen Outdoorschuhe | Jetzt kaufen | Schweizversand.ch<\/title>\n<meta name=\"description\" content=\"Trespass DLX RAYNA Damen Outdoorschuhe g\u00fcnstig kaufen bei Schweizversand.ch. Schnelle Lieferung in der Schweiz. Gratisversand ab CHF 50.\" \/>\n<meta name=\"robots\" content=\"index, follow, max-snippet:-1, max-image-preview:large, max-video-preview:-1\" \/>\n<link rel=\"canonical\" href=\"https:\/\/schweizversand.ch\/fr\/produkt\/trespass-dlx-rayna-damen-outdoorschuhe-3\/\" \/>\n<meta property=\"og:locale\" content=\"fr_FR\" \/>\n<meta property=\"og:type\" content=\"article\" \/>\n<meta property=\"og:title\" content=\"Trespass DLX RAYNA Damen Outdoorschuhe | Jetzt kaufen | Schweizversand.ch\" \/>\n<meta property=\"og:description\" content=\"Trespass DLX RAYNA Damen Outdoorschuhe g\u00fcnstig kaufen bei Schweizversand.ch. Schnelle Lieferung in der Schweiz. Gratisversand ab CHF 50.\" \/>\n<meta property=\"og:url\" content=\"https:\/\/schweizversand.ch\/fr\/produkt\/trespass-dlx-rayna-damen-outdoorschuhe-3\/\" \/>\n<meta property=\"og:site_name\" content=\"Schweizer Shop f\u00fcr Sport, Spiel und Freizeit\" \/>\n<meta property=\"article:publisher\" content=\"https:\/\/www.facebook.com\/Schweizversand\" \/>\n<meta property=\"article:modified_time\" content=\"2026-04-20T00:03:56+00:00\" \/>\n<meta property=\"og:image\" content=\"https:\/\/schweizversand.ch\/wp-content\/uploads\/2026\/02\/5471757000.jpg\" \/>\n\t<meta property=\"og:image:width\" content=\"1024\" \/>\n\t<meta property=\"og:image:height\" content=\"771\" \/>\n\t<meta property=\"og:image:type\" content=\"image\/jpeg\" \/>\n<meta name=\"twitter:card\" content=\"summary_large_image\" \/>\n<meta name=\"twitter:label1\" content=\"Dur\u00e9e de lecture estim\u00e9e\" \/>\n\t<meta name=\"twitter:data1\" content=\"2 minutes\" \/>\n<script type=\"application\/ld+json\" class=\"yoast-schema-graph\">{\"@context\":\"https:\\\/\\\/schema.org\",\"@graph\":[{\"@type\":\"WebPage\",\"@id\":\"https:\\\/\\\/schweizversand.ch\\\/fr\\\/produkt\\\/trespass-dlx-rayna-damen-outdoorschuhe-3\\\/\",\"url\":\"https:\\\/\\\/schweizversand.ch\\\/fr\\\/produkt\\\/trespass-dlx-rayna-damen-outdoorschuhe-3\\\/\",\"name\":\"Trespass DLX RAYNA Damen Outdoorschuhe | Jetzt kaufen | Schweizversand.ch\",\"isPartOf\":{\"@id\":\"https:\\\/\\\/schweizversand.ch\\\/fr\\\/#website\"},\"primaryImageOfPage\":{\"@id\":\"https:\\\/\\\/schweizversand.ch\\\/fr\\\/produkt\\\/trespass-dlx-rayna-damen-outdoorschuhe-3\\\/#primaryimage\"},\"image\":{\"@id\":\"https:\\\/\\\/schweizversand.ch\\\/fr\\\/produkt\\\/trespass-dlx-rayna-damen-outdoorschuhe-3\\\/#primaryimage\"},\"thumbnailUrl\":\"https:\\\/\\\/schweizversand.ch\\\/wp-content\\\/uploads\\\/2026\\\/02\\\/5471757000.jpg\",\"datePublished\":\"2026-03-14T23:07:07+00:00\",\"dateModified\":\"2026-04-20T00:03:56+00:00\",\"description\":\"Trespass DLX RAYNA Damen Outdoorschuhe g\u00fcnstig kaufen bei Schweizversand.ch. Schnelle Lieferung in der Schweiz. Gratisversand ab CHF 50.\",\"breadcrumb\":{\"@id\":\"https:\\\/\\\/schweizversand.ch\\\/fr\\\/produkt\\\/trespass-dlx-rayna-damen-outdoorschuhe-3\\\/#breadcrumb\"},\"inLanguage\":\"fr-FR\",\"potentialAction\":[{\"@type\":\"ReadAction\",\"target\":[\"https:\\\/\\\/schweizversand.ch\\\/fr\\\/produkt\\\/trespass-dlx-rayna-damen-outdoorschuhe-3\\\/\"]}]},{\"@type\":\"ImageObject\",\"inLanguage\":\"fr-FR\",\"@id\":\"https:\\\/\\\/schweizversand.ch\\\/fr\\\/produkt\\\/trespass-dlx-rayna-damen-outdoorschuhe-3\\\/#primaryimage\",\"url\":\"https:\\\/\\\/schweizversand.ch\\\/wp-content\\\/uploads\\\/2026\\\/02\\\/5471757000.jpg\",\"contentUrl\":\"https:\\\/\\\/schweizversand.ch\\\/wp-content\\\/uploads\\\/2026\\\/02\\\/5471757000.jpg\",\"width\":1024,\"height\":771},{\"@type\":\"BreadcrumbList\",\"@id\":\"https:\\\/\\\/schweizversand.ch\\\/fr\\\/produkt\\\/trespass-dlx-rayna-damen-outdoorschuhe-3\\\/#breadcrumb\",\"itemListElement\":[{\"@type\":\"ListItem\",\"position\":1,\"name\":\"Startseite\",\"item\":\"https:\\\/\\\/schweizversand.ch\\\/fr\\\/home\\\/\"},{\"@type\":\"ListItem\",\"position\":2,\"name\":\"Boutique\",\"item\":\"https:\\\/\\\/schweizversand.ch\\\/fr\\\/boutique\\\/\"},{\"@type\":\"ListItem\",\"position\":3,\"name\":\"Mode\",\"item\":\"https:\\\/\\\/schweizversand.ch\\\/fr\\\/produkt-kategorie\\\/mode-fr\\\/\"},{\"@type\":\"ListItem\",\"position\":4,\"name\":\"Mode f\u00e9minine\",\"item\":\"https:\\\/\\\/schweizversand.ch\\\/fr\\\/produkt-kategorie\\\/mode\\\/mode-feminine\\\/\"},{\"@type\":\"ListItem\",\"position\":5,\"name\":\"Chaussures pour femmes\",\"item\":\"https:\\\/\\\/schweizversand.ch\\\/fr\\\/produkt-kategorie\\\/mode\\\/mode-feminine\\\/chaussures-pour-femmes\\\/\"},{\"@type\":\"ListItem\",\"position\":6,\"name\":\"Chaussures d&rsquo;ext\u00e9rieur pour femmes Trespass DLX RAYNA\"}]},{\"@type\":\"WebSite\",\"@id\":\"https:\\\/\\\/schweizversand.ch\\\/fr\\\/#website\",\"url\":\"https:\\\/\\\/schweizversand.ch\\\/fr\\\/\",\"name\":\"Schweizer Shop f\u00fcr Sport, Spiel und Freizeit\",\"description\":\"Gratisversand ab 50.- (netto), ab eigenem schweizer Lager, Lieferung innert 48h\",\"publisher\":{\"@id\":\"https:\\\/\\\/schweizversand.ch\\\/fr\\\/#organization\"},\"alternateName\":\"Schweizversand.ch\",\"potentialAction\":[{\"@type\":\"SearchAction\",\"target\":{\"@type\":\"EntryPoint\",\"urlTemplate\":\"https:\\\/\\\/schweizversand.ch\\\/fr\\\/?s={search_term_string}\"},\"query-input\":{\"@type\":\"PropertyValueSpecification\",\"valueRequired\":true,\"valueName\":\"search_term_string\"}}],\"inLanguage\":\"fr-FR\"},{\"@type\":\"Organization\",\"@id\":\"https:\\\/\\\/schweizversand.ch\\\/fr\\\/#organization\",\"name\":\"Schweizversand.ch\",\"url\":\"https:\\\/\\\/schweizversand.ch\\\/fr\\\/\",\"logo\":{\"@type\":\"ImageObject\",\"inLanguage\":\"fr-FR\",\"@id\":\"https:\\\/\\\/schweizversand.ch\\\/fr\\\/#\\\/schema\\\/logo\\\/image\\\/\",\"url\":\"https:\\\/\\\/schweizversand.ch\\\/wp-content\\\/uploads\\\/2026\\\/03\\\/Logo_Rund_Final-1.png\",\"contentUrl\":\"https:\\\/\\\/schweizversand.ch\\\/wp-content\\\/uploads\\\/2026\\\/03\\\/Logo_Rund_Final-1.png\",\"width\":404,\"height\":404,\"caption\":\"Schweizversand.ch\"},\"image\":{\"@id\":\"https:\\\/\\\/schweizversand.ch\\\/fr\\\/#\\\/schema\\\/logo\\\/image\\\/\"},\"sameAs\":[\"https:\\\/\\\/www.facebook.com\\\/Schweizversand\",\"https:\\\/\\\/www.instagram.com\\\/schweizversand.ch\\\/\"]}]}<\/script>\n<!-- \/ Yoast SEO plugin. -->","yoast_head_json":{"title":"Trespass DLX RAYNA Damen Outdoorschuhe | Jetzt kaufen | Schweizversand.ch","description":"Trespass DLX RAYNA Damen Outdoorschuhe g\u00fcnstig kaufen bei Schweizversand.ch. Schnelle Lieferung in der Schweiz. Gratisversand ab CHF 50.","robots":{"index":"index","follow":"follow","max-snippet":"max-snippet:-1","max-image-preview":"max-image-preview:large","max-video-preview":"max-video-preview:-1"},"canonical":"https:\/\/schweizversand.ch\/fr\/produkt\/trespass-dlx-rayna-damen-outdoorschuhe-3\/","og_locale":"fr_FR","og_type":"article","og_title":"Trespass DLX RAYNA Damen Outdoorschuhe | Jetzt kaufen | Schweizversand.ch","og_description":"Trespass DLX RAYNA Damen Outdoorschuhe g\u00fcnstig kaufen bei Schweizversand.ch. Schnelle Lieferung in der Schweiz. Gratisversand ab CHF 50.","og_url":"https:\/\/schweizversand.ch\/fr\/produkt\/trespass-dlx-rayna-damen-outdoorschuhe-3\/","og_site_name":"Schweizer Shop f\u00fcr Sport, Spiel und Freizeit","article_publisher":"https:\/\/www.facebook.com\/Schweizversand","article_modified_time":"2026-04-20T00:03:56+00:00","og_image":[{"width":1024,"height":771,"url":"https:\/\/schweizversand.ch\/wp-content\/uploads\/2026\/02\/5471757000.jpg","type":"image\/jpeg"}],"twitter_card":"summary_large_image","twitter_misc":{"Dur\u00e9e de lecture estim\u00e9e":"2 minutes"},"schema":{"@context":"https:\/\/schema.org","@graph":[{"@type":"WebPage","@id":"https:\/\/schweizversand.ch\/fr\/produkt\/trespass-dlx-rayna-damen-outdoorschuhe-3\/","url":"https:\/\/schweizversand.ch\/fr\/produkt\/trespass-dlx-rayna-damen-outdoorschuhe-3\/","name":"Trespass DLX RAYNA Damen Outdoorschuhe | Jetzt kaufen | Schweizversand.ch","isPartOf":{"@id":"https:\/\/schweizversand.ch\/fr\/#website"},"primaryImageOfPage":{"@id":"https:\/\/schweizversand.ch\/fr\/produkt\/trespass-dlx-rayna-damen-outdoorschuhe-3\/#primaryimage"},"image":{"@id":"https:\/\/schweizversand.ch\/fr\/produkt\/trespass-dlx-rayna-damen-outdoorschuhe-3\/#primaryimage"},"thumbnailUrl":"https:\/\/schweizversand.ch\/wp-content\/uploads\/2026\/02\/5471757000.jpg","datePublished":"2026-03-14T23:07:07+00:00","dateModified":"2026-04-20T00:03:56+00:00","description":"Trespass DLX RAYNA Damen Outdoorschuhe g\u00fcnstig kaufen bei Schweizversand.ch. Schnelle Lieferung in der Schweiz. Gratisversand ab CHF 50.","breadcrumb":{"@id":"https:\/\/schweizversand.ch\/fr\/produkt\/trespass-dlx-rayna-damen-outdoorschuhe-3\/#breadcrumb"},"inLanguage":"fr-FR","potentialAction":[{"@type":"ReadAction","target":["https:\/\/schweizversand.ch\/fr\/produkt\/trespass-dlx-rayna-damen-outdoorschuhe-3\/"]}]},{"@type":"ImageObject","inLanguage":"fr-FR","@id":"https:\/\/schweizversand.ch\/fr\/produkt\/trespass-dlx-rayna-damen-outdoorschuhe-3\/#primaryimage","url":"https:\/\/schweizversand.ch\/wp-content\/uploads\/2026\/02\/5471757000.jpg","contentUrl":"https:\/\/schweizversand.ch\/wp-content\/uploads\/2026\/02\/5471757000.jpg","width":1024,"height":771},{"@type":"BreadcrumbList","@id":"https:\/\/schweizversand.ch\/fr\/produkt\/trespass-dlx-rayna-damen-outdoorschuhe-3\/#breadcrumb","itemListElement":[{"@type":"ListItem","position":1,"name":"Startseite","item":"https:\/\/schweizversand.ch\/fr\/home\/"},{"@type":"ListItem","position":2,"name":"Boutique","item":"https:\/\/schweizversand.ch\/fr\/boutique\/"},{"@type":"ListItem","position":3,"name":"Mode","item":"https:\/\/schweizversand.ch\/fr\/produkt-kategorie\/mode-fr\/"},{"@type":"ListItem","position":4,"name":"Mode f\u00e9minine","item":"https:\/\/schweizversand.ch\/fr\/produkt-kategorie\/mode\/mode-feminine\/"},{"@type":"ListItem","position":5,"name":"Chaussures pour femmes","item":"https:\/\/schweizversand.ch\/fr\/produkt-kategorie\/mode\/mode-feminine\/chaussures-pour-femmes\/"},{"@type":"ListItem","position":6,"name":"Chaussures d&rsquo;ext\u00e9rieur pour femmes Trespass DLX RAYNA"}]},{"@type":"WebSite","@id":"https:\/\/schweizversand.ch\/fr\/#website","url":"https:\/\/schweizversand.ch\/fr\/","name":"Schweizer Shop f\u00fcr Sport, Spiel und Freizeit","description":"Gratisversand ab 50.- (netto), ab eigenem schweizer Lager, Lieferung innert 48h","publisher":{"@id":"https:\/\/schweizversand.ch\/fr\/#organization"},"alternateName":"Schweizversand.ch","potentialAction":[{"@type":"SearchAction","target":{"@type":"EntryPoint","urlTemplate":"https:\/\/schweizversand.ch\/fr\/?s={search_term_string}"},"query-input":{"@type":"PropertyValueSpecification","valueRequired":true,"valueName":"search_term_string"}}],"inLanguage":"fr-FR"},{"@type":"Organization","@id":"https:\/\/schweizversand.ch\/fr\/#organization","name":"Schweizversand.ch","url":"https:\/\/schweizversand.ch\/fr\/","logo":{"@type":"ImageObject","inLanguage":"fr-FR","@id":"https:\/\/schweizversand.ch\/fr\/#\/schema\/logo\/image\/","url":"https:\/\/schweizversand.ch\/wp-content\/uploads\/2026\/03\/Logo_Rund_Final-1.png","contentUrl":"https:\/\/schweizversand.ch\/wp-content\/uploads\/2026\/03\/Logo_Rund_Final-1.png","width":404,"height":404,"caption":"Schweizversand.ch"},"image":{"@id":"https:\/\/schweizversand.ch\/fr\/#\/schema\/logo\/image\/"},"sameAs":["https:\/\/www.facebook.com\/Schweizversand","https:\/\/www.instagram.com\/schweizversand.ch\/"]}]}},"jetpack_sharing_enabled":true,"_links":{"self":[{"href":"https:\/\/schweizversand.ch\/fr\/wp-json\/wp\/v2\/product\/248898","targetHints":{"allow":["GET"]}}],"collection":[{"href":"https:\/\/schweizversand.ch\/fr\/wp-json\/wp\/v2\/product"}],"about":[{"href":"https:\/\/schweizversand.ch\/fr\/wp-json\/wp\/v2\/types\/product"}],"replies":[{"embeddable":true,"href":"https:\/\/schweizversand.ch\/fr\/wp-json\/wp\/v2\/comments?post=248898"}],"wp:featuredmedia":[{"embeddable":true,"href":"https:\/\/schweizversand.ch\/fr\/wp-json\/wp\/v2\/media\/161647"}],"wp:attachment":[{"href":"https:\/\/schweizversand.ch\/fr\/wp-json\/wp\/v2\/media?parent=248898"}],"wp:term":[{"taxonomy":"product_brand","embeddable":true,"href":"https:\/\/schweizversand.ch\/fr\/wp-json\/wp\/v2\/product_brand?post=248898"},{"taxonomy":"product_cat","embeddable":true,"href":"https:\/\/schweizversand.ch\/fr\/wp-json\/wp\/v2\/product_cat?post=248898"},{"taxonomy":"product_tag","embeddable":true,"href":"https:\/\/schweizversand.ch\/fr\/wp-json\/wp\/v2\/product_tag?post=248898"}],"curies":[{"name":"wp","href":"https:\/\/api.w.org\/{rel}","templated":true}]}}