{"id":248903,"date":"2026-03-14T23:49:54","date_gmt":"2026-03-14T22:49:54","guid":{"rendered":"https:\/\/schweizversand.ch\/produkt\/hudora-schaukel-vario-aufhaengung-2-stueck\/"},"modified":"2026-04-20T02:04:27","modified_gmt":"2026-04-20T00:04:27","slug":"hudora-schaukel-vario-aufhaengung-2-stueck","status":"publish","type":"product","link":"https:\/\/schweizversand.ch\/fr\/produkt\/hudora-schaukel-vario-aufhaengung-2-stueck\/","title":{"rendered":"Suspension Hudora Swing Vario, 2 pi\u00e8ces"},"content":{"rendered":"<div>Extension pour portique HUDORA Vario \u2013 Agrandissement flexible pour plus de plaisir<br \/>L&rsquo;extension pour portique HUDORA Vario est la solution id\u00e9ale pour agrandir et personnaliser votre portique existant. Que vous ayez besoin d&rsquo;une balan\u00e7oire suppl\u00e9mentaire, d&rsquo;une corde d&rsquo;escalade ou d&rsquo;accessoires de gymnastique, cette extension robuste apporte encore plus de vari\u00e9t\u00e9 \u00e0 votre jardin ou aire de jeux.<br \/>Fabriqu\u00e9e en acier robuste avec rev\u00eatement en poudre, sa structure offre une capacit\u00e9 de charge \u00e9lev\u00e9e et une excellente r\u00e9sistance aux intemp\u00e9ries. Son montage facile et sans per\u00e7age permet une installation rapide et s\u00e9curis\u00e9e. Gr\u00e2ce \u00e0 la pince \u00e0 vis, la position peut \u00eatre fix\u00e9e de mani\u00e8re flexible et s\u00e9curis\u00e9e \u2013 parfait pour modifier les suspensions et les distances entre les si\u00e8ges.<br \/>Avantages du produit en un coup d&rsquo;\u0153il\u00a0:<br \/>\u2022 Extension pour portiques HUDORA Vario \u2013 pour ajouter des balan\u00e7oires ou des \u00e9l\u00e9ments d&rsquo;escalade<br \/>\u2022 Construction robuste\u00a0: Acier avec rev\u00eatement en poudre pour une stabilit\u00e9 et une r\u00e9sistance accrues Durabilit\u00e9<br \/>\u2022 Montage facile\u00a0: aucun per\u00e7age requis, fixation rapide par vis de serrage<br \/>\u2022 R\u00e9glage flexible\u00a0: distance ajustable individuellement en fonction du si\u00e8ge de la balan\u00e7oire<br \/>\u2022 S\u00fbr et stable\u00a0: se fixe solidement pour une s\u00e9curit\u00e9 maximale pendant le jeu<\/p>\n<\/div>\n<div>Avec l\u2019extension de portique HUDORA Vario, agrandissez votre espace de jeux en un clin d\u2019\u0153il et profitez de plus de mouvement, de plaisir et de flexibilit\u00e9 dans votre jardin.<\/p>\n<\/div>\n","protected":false},"excerpt":{"rendered":"<p>Extension pour portique HUDORA Vario \u2013 Agrandissement flexible pour plus de plaisirL&rsquo;extension pour portique HUDORA Vario est la solution id\u00e9ale pour agrandir et personnaliser votre portique existant. Que vous ayez besoin d&rsquo;une balan\u00e7oire suppl\u00e9mentaire, d&rsquo;une corde d&rsquo;escalade ou d&rsquo;accessoires de gymnastique, cette extension robuste apporte encore plus de vari\u00e9t\u00e9 \u00e0 votre jardin ou aire de jeux.Fabriqu\u00e9e en acier robuste avec rev\u00eatement en poudre, sa structure offre une capacit\u00e9 de charge \u00e9lev\u00e9e et une excellente r\u00e9sistance&hellip;<\/p>\n","protected":false},"featured_media":165431,"comment_status":"open","ping_status":"closed","template":"","meta":[],"product_brand":[],"product_cat":[38528],"product_tag":[],"class_list":{"0":"post-248903","1":"product","2":"type-product","3":"status-publish","4":"has-post-thumbnail","6":"product_cat-diverses","7":"product_shipping_class-global_methods","9":"first","10":"instock","11":"taxable","12":"shipping-taxable","13":"purchasable","14":"product-type-simple"},"yoast_head":"<!-- This site is optimized with the Yoast SEO plugin v27.4 - https:\/\/yoast.com\/product\/yoast-seo-wordpress\/ -->\n<title>Hudora Schaukel Vario Aufh\u00e4ngung, 2 St\u00fcck | Jetzt kaufen | Schweizversand.ch<\/title>\n<meta name=\"description\" content=\"Hudora Schaukel Vario Aufh\u00e4ngung, 2 St\u00fcck g\u00fcnstig kaufen bei Schweizversand.ch. Schnelle Lieferung in der Schweiz. Gratisversand ab CHF 50.\" \/>\n<meta name=\"robots\" content=\"index, follow, max-snippet:-1, max-image-preview:large, max-video-preview:-1\" \/>\n<link rel=\"canonical\" href=\"https:\/\/schweizversand.ch\/fr\/produkt\/hudora-schaukel-vario-aufhaengung-2-stueck\/\" \/>\n<meta property=\"og:locale\" content=\"fr_FR\" \/>\n<meta property=\"og:type\" content=\"article\" \/>\n<meta property=\"og:title\" content=\"Hudora Schaukel Vario Aufh\u00e4ngung, 2 St\u00fcck | Jetzt kaufen | Schweizversand.ch\" \/>\n<meta property=\"og:description\" content=\"Hudora Schaukel Vario Aufh\u00e4ngung, 2 St\u00fcck g\u00fcnstig kaufen bei Schweizversand.ch. Schnelle Lieferung in der Schweiz. Gratisversand ab CHF 50.\" \/>\n<meta property=\"og:url\" content=\"https:\/\/schweizversand.ch\/fr\/produkt\/hudora-schaukel-vario-aufhaengung-2-stueck\/\" \/>\n<meta property=\"og:site_name\" content=\"Schweizer Shop f\u00fcr Sport, Spiel und Freizeit\" \/>\n<meta property=\"article:publisher\" content=\"https:\/\/www.facebook.com\/Schweizversand\" \/>\n<meta property=\"article:modified_time\" content=\"2026-04-20T00:04:27+00:00\" \/>\n<meta property=\"og:image\" content=\"https:\/\/schweizversand.ch\/wp-content\/uploads\/2026\/02\/5471593644.jpg\" \/>\n\t<meta property=\"og:image:width\" content=\"1024\" \/>\n\t<meta property=\"og:image:height\" content=\"802\" \/>\n\t<meta property=\"og:image:type\" content=\"image\/jpeg\" \/>\n<meta name=\"twitter:card\" content=\"summary_large_image\" \/>\n<meta name=\"twitter:label1\" content=\"Dur\u00e9e de lecture estim\u00e9e\" \/>\n\t<meta name=\"twitter:data1\" content=\"1 minute\" \/>\n<script type=\"application\/ld+json\" class=\"yoast-schema-graph\">{\"@context\":\"https:\\\/\\\/schema.org\",\"@graph\":[{\"@type\":\"WebPage\",\"@id\":\"https:\\\/\\\/schweizversand.ch\\\/fr\\\/produkt\\\/hudora-schaukel-vario-aufhaengung-2-stueck\\\/\",\"url\":\"https:\\\/\\\/schweizversand.ch\\\/fr\\\/produkt\\\/hudora-schaukel-vario-aufhaengung-2-stueck\\\/\",\"name\":\"Hudora Schaukel Vario Aufh\u00e4ngung, 2 St\u00fcck | Jetzt kaufen | Schweizversand.ch\",\"isPartOf\":{\"@id\":\"https:\\\/\\\/schweizversand.ch\\\/fr\\\/#website\"},\"primaryImageOfPage\":{\"@id\":\"https:\\\/\\\/schweizversand.ch\\\/fr\\\/produkt\\\/hudora-schaukel-vario-aufhaengung-2-stueck\\\/#primaryimage\"},\"image\":{\"@id\":\"https:\\\/\\\/schweizversand.ch\\\/fr\\\/produkt\\\/hudora-schaukel-vario-aufhaengung-2-stueck\\\/#primaryimage\"},\"thumbnailUrl\":\"https:\\\/\\\/schweizversand.ch\\\/wp-content\\\/uploads\\\/2026\\\/02\\\/5471593644.jpg\",\"datePublished\":\"2026-03-14T22:49:54+00:00\",\"dateModified\":\"2026-04-20T00:04:27+00:00\",\"description\":\"Hudora Schaukel Vario Aufh\u00e4ngung, 2 St\u00fcck g\u00fcnstig kaufen bei Schweizversand.ch. Schnelle Lieferung in der Schweiz. Gratisversand ab CHF 50.\",\"breadcrumb\":{\"@id\":\"https:\\\/\\\/schweizversand.ch\\\/fr\\\/produkt\\\/hudora-schaukel-vario-aufhaengung-2-stueck\\\/#breadcrumb\"},\"inLanguage\":\"fr-FR\",\"potentialAction\":[{\"@type\":\"ReadAction\",\"target\":[\"https:\\\/\\\/schweizversand.ch\\\/fr\\\/produkt\\\/hudora-schaukel-vario-aufhaengung-2-stueck\\\/\"]}]},{\"@type\":\"ImageObject\",\"inLanguage\":\"fr-FR\",\"@id\":\"https:\\\/\\\/schweizversand.ch\\\/fr\\\/produkt\\\/hudora-schaukel-vario-aufhaengung-2-stueck\\\/#primaryimage\",\"url\":\"https:\\\/\\\/schweizversand.ch\\\/wp-content\\\/uploads\\\/2026\\\/02\\\/5471593644.jpg\",\"contentUrl\":\"https:\\\/\\\/schweizversand.ch\\\/wp-content\\\/uploads\\\/2026\\\/02\\\/5471593644.jpg\",\"width\":1024,\"height\":802},{\"@type\":\"BreadcrumbList\",\"@id\":\"https:\\\/\\\/schweizversand.ch\\\/fr\\\/produkt\\\/hudora-schaukel-vario-aufhaengung-2-stueck\\\/#breadcrumb\",\"itemListElement\":[{\"@type\":\"ListItem\",\"position\":1,\"name\":\"Startseite\",\"item\":\"https:\\\/\\\/schweizversand.ch\\\/fr\\\/home\\\/\"},{\"@type\":\"ListItem\",\"position\":2,\"name\":\"Boutique\",\"item\":\"https:\\\/\\\/schweizversand.ch\\\/fr\\\/boutique\\\/\"},{\"@type\":\"ListItem\",\"position\":3,\"name\":\"Pi\u00e8ces d\u00e9tach\u00e9es\",\"item\":\"https:\\\/\\\/schweizversand.ch\\\/fr\\\/produkt-kategorie\\\/pieces-detachees\\\/\"},{\"@type\":\"ListItem\",\"position\":4,\"name\":\"Hudora\",\"item\":\"https:\\\/\\\/schweizversand.ch\\\/fr\\\/produkt-kategorie\\\/pieces-detachees\\\/hudora\\\/\"},{\"@type\":\"ListItem\",\"position\":5,\"name\":\"Divers\",\"item\":\"https:\\\/\\\/schweizversand.ch\\\/fr\\\/produkt-kategorie\\\/pieces-detachees\\\/hudora\\\/diverses\\\/\"},{\"@type\":\"ListItem\",\"position\":6,\"name\":\"Suspension Hudora Swing Vario, 2 pi\u00e8ces\"}]},{\"@type\":\"WebSite\",\"@id\":\"https:\\\/\\\/schweizversand.ch\\\/fr\\\/#website\",\"url\":\"https:\\\/\\\/schweizversand.ch\\\/fr\\\/\",\"name\":\"Schweizer Shop f\u00fcr Sport, Spiel und Freizeit\",\"description\":\"Gratisversand ab 50.- (netto), ab eigenem schweizer Lager, Lieferung innert 48h\",\"publisher\":{\"@id\":\"https:\\\/\\\/schweizversand.ch\\\/fr\\\/#organization\"},\"alternateName\":\"Schweizversand.ch\",\"potentialAction\":[{\"@type\":\"SearchAction\",\"target\":{\"@type\":\"EntryPoint\",\"urlTemplate\":\"https:\\\/\\\/schweizversand.ch\\\/fr\\\/?s={search_term_string}\"},\"query-input\":{\"@type\":\"PropertyValueSpecification\",\"valueRequired\":true,\"valueName\":\"search_term_string\"}}],\"inLanguage\":\"fr-FR\"},{\"@type\":\"Organization\",\"@id\":\"https:\\\/\\\/schweizversand.ch\\\/fr\\\/#organization\",\"name\":\"Schweizversand.ch\",\"url\":\"https:\\\/\\\/schweizversand.ch\\\/fr\\\/\",\"logo\":{\"@type\":\"ImageObject\",\"inLanguage\":\"fr-FR\",\"@id\":\"https:\\\/\\\/schweizversand.ch\\\/fr\\\/#\\\/schema\\\/logo\\\/image\\\/\",\"url\":\"https:\\\/\\\/schweizversand.ch\\\/wp-content\\\/uploads\\\/2026\\\/03\\\/Logo_Rund_Final-1.png\",\"contentUrl\":\"https:\\\/\\\/schweizversand.ch\\\/wp-content\\\/uploads\\\/2026\\\/03\\\/Logo_Rund_Final-1.png\",\"width\":404,\"height\":404,\"caption\":\"Schweizversand.ch\"},\"image\":{\"@id\":\"https:\\\/\\\/schweizversand.ch\\\/fr\\\/#\\\/schema\\\/logo\\\/image\\\/\"},\"sameAs\":[\"https:\\\/\\\/www.facebook.com\\\/Schweizversand\",\"https:\\\/\\\/www.instagram.com\\\/schweizversand.ch\\\/\"]}]}<\/script>\n<!-- \/ Yoast SEO plugin. -->","yoast_head_json":{"title":"Hudora Schaukel Vario Aufh\u00e4ngung, 2 St\u00fcck | Jetzt kaufen | Schweizversand.ch","description":"Hudora Schaukel Vario Aufh\u00e4ngung, 2 St\u00fcck g\u00fcnstig kaufen bei Schweizversand.ch. Schnelle Lieferung in der Schweiz. Gratisversand ab CHF 50.","robots":{"index":"index","follow":"follow","max-snippet":"max-snippet:-1","max-image-preview":"max-image-preview:large","max-video-preview":"max-video-preview:-1"},"canonical":"https:\/\/schweizversand.ch\/fr\/produkt\/hudora-schaukel-vario-aufhaengung-2-stueck\/","og_locale":"fr_FR","og_type":"article","og_title":"Hudora Schaukel Vario Aufh\u00e4ngung, 2 St\u00fcck | Jetzt kaufen | Schweizversand.ch","og_description":"Hudora Schaukel Vario Aufh\u00e4ngung, 2 St\u00fcck g\u00fcnstig kaufen bei Schweizversand.ch. Schnelle Lieferung in der Schweiz. Gratisversand ab CHF 50.","og_url":"https:\/\/schweizversand.ch\/fr\/produkt\/hudora-schaukel-vario-aufhaengung-2-stueck\/","og_site_name":"Schweizer Shop f\u00fcr Sport, Spiel und Freizeit","article_publisher":"https:\/\/www.facebook.com\/Schweizversand","article_modified_time":"2026-04-20T00:04:27+00:00","og_image":[{"width":1024,"height":802,"url":"https:\/\/schweizversand.ch\/wp-content\/uploads\/2026\/02\/5471593644.jpg","type":"image\/jpeg"}],"twitter_card":"summary_large_image","twitter_misc":{"Dur\u00e9e de lecture estim\u00e9e":"1 minute"},"schema":{"@context":"https:\/\/schema.org","@graph":[{"@type":"WebPage","@id":"https:\/\/schweizversand.ch\/fr\/produkt\/hudora-schaukel-vario-aufhaengung-2-stueck\/","url":"https:\/\/schweizversand.ch\/fr\/produkt\/hudora-schaukel-vario-aufhaengung-2-stueck\/","name":"Hudora Schaukel Vario Aufh\u00e4ngung, 2 St\u00fcck | Jetzt kaufen | Schweizversand.ch","isPartOf":{"@id":"https:\/\/schweizversand.ch\/fr\/#website"},"primaryImageOfPage":{"@id":"https:\/\/schweizversand.ch\/fr\/produkt\/hudora-schaukel-vario-aufhaengung-2-stueck\/#primaryimage"},"image":{"@id":"https:\/\/schweizversand.ch\/fr\/produkt\/hudora-schaukel-vario-aufhaengung-2-stueck\/#primaryimage"},"thumbnailUrl":"https:\/\/schweizversand.ch\/wp-content\/uploads\/2026\/02\/5471593644.jpg","datePublished":"2026-03-14T22:49:54+00:00","dateModified":"2026-04-20T00:04:27+00:00","description":"Hudora Schaukel Vario Aufh\u00e4ngung, 2 St\u00fcck g\u00fcnstig kaufen bei Schweizversand.ch. Schnelle Lieferung in der Schweiz. Gratisversand ab CHF 50.","breadcrumb":{"@id":"https:\/\/schweizversand.ch\/fr\/produkt\/hudora-schaukel-vario-aufhaengung-2-stueck\/#breadcrumb"},"inLanguage":"fr-FR","potentialAction":[{"@type":"ReadAction","target":["https:\/\/schweizversand.ch\/fr\/produkt\/hudora-schaukel-vario-aufhaengung-2-stueck\/"]}]},{"@type":"ImageObject","inLanguage":"fr-FR","@id":"https:\/\/schweizversand.ch\/fr\/produkt\/hudora-schaukel-vario-aufhaengung-2-stueck\/#primaryimage","url":"https:\/\/schweizversand.ch\/wp-content\/uploads\/2026\/02\/5471593644.jpg","contentUrl":"https:\/\/schweizversand.ch\/wp-content\/uploads\/2026\/02\/5471593644.jpg","width":1024,"height":802},{"@type":"BreadcrumbList","@id":"https:\/\/schweizversand.ch\/fr\/produkt\/hudora-schaukel-vario-aufhaengung-2-stueck\/#breadcrumb","itemListElement":[{"@type":"ListItem","position":1,"name":"Startseite","item":"https:\/\/schweizversand.ch\/fr\/home\/"},{"@type":"ListItem","position":2,"name":"Boutique","item":"https:\/\/schweizversand.ch\/fr\/boutique\/"},{"@type":"ListItem","position":3,"name":"Pi\u00e8ces d\u00e9tach\u00e9es","item":"https:\/\/schweizversand.ch\/fr\/produkt-kategorie\/pieces-detachees\/"},{"@type":"ListItem","position":4,"name":"Hudora","item":"https:\/\/schweizversand.ch\/fr\/produkt-kategorie\/pieces-detachees\/hudora\/"},{"@type":"ListItem","position":5,"name":"Divers","item":"https:\/\/schweizversand.ch\/fr\/produkt-kategorie\/pieces-detachees\/hudora\/diverses\/"},{"@type":"ListItem","position":6,"name":"Suspension Hudora Swing Vario, 2 pi\u00e8ces"}]},{"@type":"WebSite","@id":"https:\/\/schweizversand.ch\/fr\/#website","url":"https:\/\/schweizversand.ch\/fr\/","name":"Schweizer Shop f\u00fcr Sport, Spiel und Freizeit","description":"Gratisversand ab 50.- (netto), ab eigenem schweizer Lager, Lieferung innert 48h","publisher":{"@id":"https:\/\/schweizversand.ch\/fr\/#organization"},"alternateName":"Schweizversand.ch","potentialAction":[{"@type":"SearchAction","target":{"@type":"EntryPoint","urlTemplate":"https:\/\/schweizversand.ch\/fr\/?s={search_term_string}"},"query-input":{"@type":"PropertyValueSpecification","valueRequired":true,"valueName":"search_term_string"}}],"inLanguage":"fr-FR"},{"@type":"Organization","@id":"https:\/\/schweizversand.ch\/fr\/#organization","name":"Schweizversand.ch","url":"https:\/\/schweizversand.ch\/fr\/","logo":{"@type":"ImageObject","inLanguage":"fr-FR","@id":"https:\/\/schweizversand.ch\/fr\/#\/schema\/logo\/image\/","url":"https:\/\/schweizversand.ch\/wp-content\/uploads\/2026\/03\/Logo_Rund_Final-1.png","contentUrl":"https:\/\/schweizversand.ch\/wp-content\/uploads\/2026\/03\/Logo_Rund_Final-1.png","width":404,"height":404,"caption":"Schweizversand.ch"},"image":{"@id":"https:\/\/schweizversand.ch\/fr\/#\/schema\/logo\/image\/"},"sameAs":["https:\/\/www.facebook.com\/Schweizversand","https:\/\/www.instagram.com\/schweizversand.ch\/"]}]}},"jetpack_sharing_enabled":true,"_links":{"self":[{"href":"https:\/\/schweizversand.ch\/fr\/wp-json\/wp\/v2\/product\/248903","targetHints":{"allow":["GET"]}}],"collection":[{"href":"https:\/\/schweizversand.ch\/fr\/wp-json\/wp\/v2\/product"}],"about":[{"href":"https:\/\/schweizversand.ch\/fr\/wp-json\/wp\/v2\/types\/product"}],"replies":[{"embeddable":true,"href":"https:\/\/schweizversand.ch\/fr\/wp-json\/wp\/v2\/comments?post=248903"}],"wp:featuredmedia":[{"embeddable":true,"href":"https:\/\/schweizversand.ch\/fr\/wp-json\/wp\/v2\/media\/165431"}],"wp:attachment":[{"href":"https:\/\/schweizversand.ch\/fr\/wp-json\/wp\/v2\/media?parent=248903"}],"wp:term":[{"taxonomy":"product_brand","embeddable":true,"href":"https:\/\/schweizversand.ch\/fr\/wp-json\/wp\/v2\/product_brand?post=248903"},{"taxonomy":"product_cat","embeddable":true,"href":"https:\/\/schweizversand.ch\/fr\/wp-json\/wp\/v2\/product_cat?post=248903"},{"taxonomy":"product_tag","embeddable":true,"href":"https:\/\/schweizversand.ch\/fr\/wp-json\/wp\/v2\/product_tag?post=248903"}],"curies":[{"name":"wp","href":"https:\/\/api.w.org\/{rel}","templated":true}]}}