{"id":248913,"date":"2026-03-14T23:49:55","date_gmt":"2026-03-14T22:49:55","guid":{"rendered":"https:\/\/schweizversand.ch\/produkt\/hudora-nestschaukel-mit-zelt-pirate-90-sv\/"},"modified":"2026-04-19T15:36:05","modified_gmt":"2026-04-19T13:36:05","slug":"hudora-nestschaukel-mit-zelt-pirate-90-sv","status":"publish","type":"product","link":"https:\/\/schweizversand.ch\/fr\/produkt\/hudora-nestschaukel-mit-zelt-pirate-90-sv\/","title":{"rendered":"Balan\u00e7oire Hudora Nest avec tente Pirate 90 (SV)"},"content":{"rendered":"<h1><strong>Balan\u00e7oire nid HUDORA avec tente pirate 90<\/strong><\/h1>\n<div>Plongez dans un monde d&rsquo;aventure et de s\u00e9curit\u00e9\u00a0! La balan\u00e7oire nid HUDORA avec tente pirate 90 offre \u00e0 vos enfants un refuge id\u00e9al pour se balancer, jouer et r\u00eaver. Cet ensemble complet et attrayant allie le plaisir du mouvement \u00e0 un abri s\u00fbr et imaginatif.<\/p>\n<\/div>\n<div><strong>L&rsquo;exp\u00e9rience de balan\u00e7oire ultime<\/strong><br \/>Se balancer est essentiel pour d\u00e9velopper le sens de l&rsquo;\u00e9quilibre et favorise une image corporelle positive. Gr\u00e2ce \u00e0 cette balan\u00e7oire nid polyvalente, les enfants peuvent bouger en toute s\u00e9curit\u00e9 tout en s&rsquo;immergeant dans leur propre univers imaginaire. Qu&rsquo;il s&rsquo;agisse d&rsquo;un bateau pirate palpitant ou d&rsquo;une grotte douillette, les possibilit\u00e9s sont infinies.<\/p>\n<\/div>\n<div><strong>S\u00e9curit\u00e9 et flexibilit\u00e9<\/strong><br \/>La structure de la balan\u00e7oire nid est bien con\u00e7ue et flexible. Le nid, fabriqu\u00e9 en polypropyl\u00e8ne (PP) de haute qualit\u00e9, mesure 90 cm de diam\u00e8tre et est dot\u00e9 d&rsquo;un syst\u00e8me de suspension s\u00e9curis\u00e9 et int\u00e9gr\u00e9. La tente se fixe rapidement et facilement sur la balan\u00e7oire assortie sans en modifier la structure. Vous avez ainsi le choix entre une balan\u00e7oire nid ouvert ou une balan\u00e7oire pirate ferm\u00e9e avec une cachette. Un design confortable pour les petits aventuriers\u00a0: la tente est \u00e9quip\u00e9e de d\u00e9tails pratiques qui enrichissent le jeu. Elle poss\u00e8de deux entr\u00e9es enroulables avec rideaux, faciles \u00e0 ouvrir et \u00e0 fermer. Les fen\u00eatres lat\u00e9rales sont munies de moustiquaires, prot\u00e9geant ainsi des insectes tout en assurant une bonne ventilation. \u00c0 l&rsquo;int\u00e9rieur, un compartiment de rangement pratique permet de ranger les petits tr\u00e9sors. Cette balan\u00e7oire suspendue pour chambre d&rsquo;enfant, adapt\u00e9e aux chambres d&rsquo;enfants (avec une hauteur sous plafond suffisante), offre un maximum de confort et de s\u00e9curit\u00e9.<\/p>\n<\/div>\n<div><strong>D\u00e9tails du produit et donn\u00e9es techniques<\/strong><br \/>&#8211; Balan\u00e7oire nid avec toile amovible<br \/>&#8211; Nid en polypropyl\u00e8ne de haute qualit\u00e9, \u00d8 90 cm<br \/>&#8211; Toiles de cadre en maille plastique r\u00e9sistante et de haute qualit\u00e9<br \/>&#8211; Syst\u00e8me de suspension s\u00e9curis\u00e9 et autonome<br \/>&#8211; Corde r\u00e9glable en hauteur de 150 \u00e0 200 cm<br \/>&#8211; Anneau de retenue en acier et \u0153illet de r\u00e9glage inclus<br \/>&#8211; Toile de la toile en polyester 210D robuste<br \/>&#8211; Hauteur de la toile env. 108 cm<br \/>&#8211; Double suspension par barre de connexion dans le toit de la tente<br \/>&#8211; Fixation sous la tente par \u00e9lastiques et boucles<br \/>&#8211; Avec entr\u00e9e enroulable des deux c\u00f4t\u00e9s et fen\u00eatres lat\u00e9rales<br \/>&#8211; Charge maximale : 100 kg<\/p>\n<\/div>\n<div><strong>Facile \u00e0 manipuler<\/strong><br \/>Gr\u00e2ce \u00e0 son syst\u00e8me de fixation ing\u00e9nieux par \u00e9lastiques et boucles, le montage et le d\u00e9montage de la tente sont particuli\u00e8rement rapides et faciles. Vous pouvez ainsi transformer la balan\u00e7oire nid HUDORA ouverte en un clin d&rsquo;\u0153il en un refuge douillet. Cr\u00e9ez des moments de jeu inoubliables et commandez cet ensemble de haute qualit\u00e9 pour votre maison ou votre jardin.<\/p>\n<\/div>\n<div>\n<\/div>\n","protected":false},"excerpt":{"rendered":"<p>Balan\u00e7oire nid HUDORA avec tente pirate 90 Plongez dans un monde d&rsquo;aventure et de s\u00e9curit\u00e9\u00a0! La balan\u00e7oire nid HUDORA avec tente pirate 90 offre \u00e0 vos enfants un refuge id\u00e9al pour se balancer, jouer et r\u00eaver. Cet ensemble complet et attrayant allie le plaisir du mouvement \u00e0 un abri s\u00fbr et imaginatif. L&rsquo;exp\u00e9rience de balan\u00e7oire ultimeSe balancer est essentiel pour d\u00e9velopper le sens de l&rsquo;\u00e9quilibre et favorise une image corporelle positive. Gr\u00e2ce \u00e0 cette balan\u00e7oire&hellip;<\/p>\n","protected":false},"featured_media":165474,"comment_status":"open","ping_status":"closed","template":"","meta":[],"product_brand":[],"product_cat":[38526],"product_tag":[],"class_list":{"0":"post-248913","1":"product","2":"type-product","3":"status-publish","4":"has-post-thumbnail","6":"product_cat-gartenspielgeraete","7":"product_shipping_class-global_methods","9":"first","10":"instock","11":"taxable","12":"shipping-taxable","13":"purchasable","14":"product-type-simple"},"yoast_head":"<!-- This site is optimized with the Yoast SEO plugin v27.4 - https:\/\/yoast.com\/product\/yoast-seo-wordpress\/ -->\n<title>Hudora Nestschaukel mit Zelt Pirate 90 (SV) | Jetzt kaufen | Schweizversand.ch<\/title>\n<meta name=\"description\" content=\"Hudora Nestschaukel mit Zelt Pirate 90 (SV) g\u00fcnstig kaufen bei Schweizversand.ch. Schnelle Lieferung in der Schweiz. Gratisversand ab CHF 50.\" \/>\n<meta name=\"robots\" content=\"index, follow, max-snippet:-1, max-image-preview:large, max-video-preview:-1\" \/>\n<link rel=\"canonical\" href=\"https:\/\/schweizversand.ch\/fr\/produkt\/hudora-nestschaukel-mit-zelt-pirate-90-sv\/\" \/>\n<meta property=\"og:locale\" content=\"fr_FR\" \/>\n<meta property=\"og:type\" content=\"article\" \/>\n<meta property=\"og:title\" content=\"Hudora Nestschaukel mit Zelt Pirate 90 (SV) | Jetzt kaufen | Schweizversand.ch\" \/>\n<meta property=\"og:description\" content=\"Hudora Nestschaukel mit Zelt Pirate 90 (SV) g\u00fcnstig kaufen bei Schweizversand.ch. Schnelle Lieferung in der Schweiz. Gratisversand ab CHF 50.\" \/>\n<meta property=\"og:url\" content=\"https:\/\/schweizversand.ch\/fr\/produkt\/hudora-nestschaukel-mit-zelt-pirate-90-sv\/\" \/>\n<meta property=\"og:site_name\" content=\"Schweizer Shop f\u00fcr Sport, Spiel und Freizeit\" \/>\n<meta property=\"article:publisher\" content=\"https:\/\/www.facebook.com\/Schweizversand\" \/>\n<meta property=\"article:modified_time\" content=\"2026-04-19T13:36:05+00:00\" \/>\n<meta property=\"og:image\" content=\"https:\/\/schweizversand.ch\/wp-content\/uploads\/2026\/02\/5471496506.jpg\" \/>\n\t<meta property=\"og:image:width\" content=\"860\" \/>\n\t<meta property=\"og:image:height\" content=\"1024\" \/>\n\t<meta property=\"og:image:type\" content=\"image\/jpeg\" \/>\n<meta name=\"twitter:card\" content=\"summary_large_image\" \/>\n<meta name=\"twitter:label1\" content=\"Dur\u00e9e de lecture estim\u00e9e\" \/>\n\t<meta name=\"twitter:data1\" content=\"2 minutes\" \/>\n<script type=\"application\/ld+json\" class=\"yoast-schema-graph\">{\"@context\":\"https:\\\/\\\/schema.org\",\"@graph\":[{\"@type\":\"WebPage\",\"@id\":\"https:\\\/\\\/schweizversand.ch\\\/fr\\\/produkt\\\/hudora-nestschaukel-mit-zelt-pirate-90-sv\\\/\",\"url\":\"https:\\\/\\\/schweizversand.ch\\\/fr\\\/produkt\\\/hudora-nestschaukel-mit-zelt-pirate-90-sv\\\/\",\"name\":\"Hudora Nestschaukel mit Zelt Pirate 90 (SV) | Jetzt kaufen | Schweizversand.ch\",\"isPartOf\":{\"@id\":\"https:\\\/\\\/schweizversand.ch\\\/fr\\\/#website\"},\"primaryImageOfPage\":{\"@id\":\"https:\\\/\\\/schweizversand.ch\\\/fr\\\/produkt\\\/hudora-nestschaukel-mit-zelt-pirate-90-sv\\\/#primaryimage\"},\"image\":{\"@id\":\"https:\\\/\\\/schweizversand.ch\\\/fr\\\/produkt\\\/hudora-nestschaukel-mit-zelt-pirate-90-sv\\\/#primaryimage\"},\"thumbnailUrl\":\"https:\\\/\\\/schweizversand.ch\\\/wp-content\\\/uploads\\\/2026\\\/02\\\/5471496506.jpg\",\"datePublished\":\"2026-03-14T22:49:55+00:00\",\"dateModified\":\"2026-04-19T13:36:05+00:00\",\"description\":\"Hudora Nestschaukel mit Zelt Pirate 90 (SV) g\u00fcnstig kaufen bei Schweizversand.ch. Schnelle Lieferung in der Schweiz. Gratisversand ab CHF 50.\",\"breadcrumb\":{\"@id\":\"https:\\\/\\\/schweizversand.ch\\\/fr\\\/produkt\\\/hudora-nestschaukel-mit-zelt-pirate-90-sv\\\/#breadcrumb\"},\"inLanguage\":\"fr-FR\",\"potentialAction\":[{\"@type\":\"ReadAction\",\"target\":[\"https:\\\/\\\/schweizversand.ch\\\/fr\\\/produkt\\\/hudora-nestschaukel-mit-zelt-pirate-90-sv\\\/\"]}]},{\"@type\":\"ImageObject\",\"inLanguage\":\"fr-FR\",\"@id\":\"https:\\\/\\\/schweizversand.ch\\\/fr\\\/produkt\\\/hudora-nestschaukel-mit-zelt-pirate-90-sv\\\/#primaryimage\",\"url\":\"https:\\\/\\\/schweizversand.ch\\\/wp-content\\\/uploads\\\/2026\\\/02\\\/5471496506.jpg\",\"contentUrl\":\"https:\\\/\\\/schweizversand.ch\\\/wp-content\\\/uploads\\\/2026\\\/02\\\/5471496506.jpg\",\"width\":860,\"height\":1024},{\"@type\":\"BreadcrumbList\",\"@id\":\"https:\\\/\\\/schweizversand.ch\\\/fr\\\/produkt\\\/hudora-nestschaukel-mit-zelt-pirate-90-sv\\\/#breadcrumb\",\"itemListElement\":[{\"@type\":\"ListItem\",\"position\":1,\"name\":\"Startseite\",\"item\":\"https:\\\/\\\/schweizversand.ch\\\/fr\\\/home\\\/\"},{\"@type\":\"ListItem\",\"position\":2,\"name\":\"Boutique\",\"item\":\"https:\\\/\\\/schweizversand.ch\\\/fr\\\/boutique\\\/\"},{\"@type\":\"ListItem\",\"position\":3,\"name\":\"Jouets et jeux\",\"item\":\"https:\\\/\\\/schweizversand.ch\\\/fr\\\/produkt-kategorie\\\/jouets-et-jeux\\\/\"},{\"@type\":\"ListItem\",\"position\":4,\"name\":\"Jeux d'ext\u00e9rieur\",\"item\":\"https:\\\/\\\/schweizversand.ch\\\/fr\\\/produkt-kategorie\\\/jouets-et-jeux\\\/jeux-dexterieur\\\/\"},{\"@type\":\"ListItem\",\"position\":5,\"name\":\"\u00c9quipement de jeux de jardin\",\"item\":\"https:\\\/\\\/schweizversand.ch\\\/fr\\\/produkt-kategorie\\\/jouets-et-jeux\\\/jeux-dexterieur\\\/gartenspielgeraete\\\/\"},{\"@type\":\"ListItem\",\"position\":6,\"name\":\"Balan\u00e7oire Hudora Nest avec tente Pirate 90 (SV)\"}]},{\"@type\":\"WebSite\",\"@id\":\"https:\\\/\\\/schweizversand.ch\\\/fr\\\/#website\",\"url\":\"https:\\\/\\\/schweizversand.ch\\\/fr\\\/\",\"name\":\"Schweizer Shop f\u00fcr Sport, Spiel und Freizeit\",\"description\":\"Gratisversand ab 50.- (netto), ab eigenem schweizer Lager, Lieferung innert 48h\",\"publisher\":{\"@id\":\"https:\\\/\\\/schweizversand.ch\\\/fr\\\/#organization\"},\"alternateName\":\"Schweizversand.ch\",\"potentialAction\":[{\"@type\":\"SearchAction\",\"target\":{\"@type\":\"EntryPoint\",\"urlTemplate\":\"https:\\\/\\\/schweizversand.ch\\\/fr\\\/?s={search_term_string}\"},\"query-input\":{\"@type\":\"PropertyValueSpecification\",\"valueRequired\":true,\"valueName\":\"search_term_string\"}}],\"inLanguage\":\"fr-FR\"},{\"@type\":\"Organization\",\"@id\":\"https:\\\/\\\/schweizversand.ch\\\/fr\\\/#organization\",\"name\":\"Schweizversand.ch\",\"url\":\"https:\\\/\\\/schweizversand.ch\\\/fr\\\/\",\"logo\":{\"@type\":\"ImageObject\",\"inLanguage\":\"fr-FR\",\"@id\":\"https:\\\/\\\/schweizversand.ch\\\/fr\\\/#\\\/schema\\\/logo\\\/image\\\/\",\"url\":\"https:\\\/\\\/schweizversand.ch\\\/wp-content\\\/uploads\\\/2026\\\/03\\\/Logo_Rund_Final-1.png\",\"contentUrl\":\"https:\\\/\\\/schweizversand.ch\\\/wp-content\\\/uploads\\\/2026\\\/03\\\/Logo_Rund_Final-1.png\",\"width\":404,\"height\":404,\"caption\":\"Schweizversand.ch\"},\"image\":{\"@id\":\"https:\\\/\\\/schweizversand.ch\\\/fr\\\/#\\\/schema\\\/logo\\\/image\\\/\"},\"sameAs\":[\"https:\\\/\\\/www.facebook.com\\\/Schweizversand\",\"https:\\\/\\\/www.instagram.com\\\/schweizversand.ch\\\/\"]}]}<\/script>\n<!-- \/ Yoast SEO plugin. -->","yoast_head_json":{"title":"Hudora Nestschaukel mit Zelt Pirate 90 (SV) | Jetzt kaufen | Schweizversand.ch","description":"Hudora Nestschaukel mit Zelt Pirate 90 (SV) g\u00fcnstig kaufen bei Schweizversand.ch. Schnelle Lieferung in der Schweiz. Gratisversand ab CHF 50.","robots":{"index":"index","follow":"follow","max-snippet":"max-snippet:-1","max-image-preview":"max-image-preview:large","max-video-preview":"max-video-preview:-1"},"canonical":"https:\/\/schweizversand.ch\/fr\/produkt\/hudora-nestschaukel-mit-zelt-pirate-90-sv\/","og_locale":"fr_FR","og_type":"article","og_title":"Hudora Nestschaukel mit Zelt Pirate 90 (SV) | Jetzt kaufen | Schweizversand.ch","og_description":"Hudora Nestschaukel mit Zelt Pirate 90 (SV) g\u00fcnstig kaufen bei Schweizversand.ch. Schnelle Lieferung in der Schweiz. Gratisversand ab CHF 50.","og_url":"https:\/\/schweizversand.ch\/fr\/produkt\/hudora-nestschaukel-mit-zelt-pirate-90-sv\/","og_site_name":"Schweizer Shop f\u00fcr Sport, Spiel und Freizeit","article_publisher":"https:\/\/www.facebook.com\/Schweizversand","article_modified_time":"2026-04-19T13:36:05+00:00","og_image":[{"width":860,"height":1024,"url":"https:\/\/schweizversand.ch\/wp-content\/uploads\/2026\/02\/5471496506.jpg","type":"image\/jpeg"}],"twitter_card":"summary_large_image","twitter_misc":{"Dur\u00e9e de lecture estim\u00e9e":"2 minutes"},"schema":{"@context":"https:\/\/schema.org","@graph":[{"@type":"WebPage","@id":"https:\/\/schweizversand.ch\/fr\/produkt\/hudora-nestschaukel-mit-zelt-pirate-90-sv\/","url":"https:\/\/schweizversand.ch\/fr\/produkt\/hudora-nestschaukel-mit-zelt-pirate-90-sv\/","name":"Hudora Nestschaukel mit Zelt Pirate 90 (SV) | Jetzt kaufen | Schweizversand.ch","isPartOf":{"@id":"https:\/\/schweizversand.ch\/fr\/#website"},"primaryImageOfPage":{"@id":"https:\/\/schweizversand.ch\/fr\/produkt\/hudora-nestschaukel-mit-zelt-pirate-90-sv\/#primaryimage"},"image":{"@id":"https:\/\/schweizversand.ch\/fr\/produkt\/hudora-nestschaukel-mit-zelt-pirate-90-sv\/#primaryimage"},"thumbnailUrl":"https:\/\/schweizversand.ch\/wp-content\/uploads\/2026\/02\/5471496506.jpg","datePublished":"2026-03-14T22:49:55+00:00","dateModified":"2026-04-19T13:36:05+00:00","description":"Hudora Nestschaukel mit Zelt Pirate 90 (SV) g\u00fcnstig kaufen bei Schweizversand.ch. Schnelle Lieferung in der Schweiz. Gratisversand ab CHF 50.","breadcrumb":{"@id":"https:\/\/schweizversand.ch\/fr\/produkt\/hudora-nestschaukel-mit-zelt-pirate-90-sv\/#breadcrumb"},"inLanguage":"fr-FR","potentialAction":[{"@type":"ReadAction","target":["https:\/\/schweizversand.ch\/fr\/produkt\/hudora-nestschaukel-mit-zelt-pirate-90-sv\/"]}]},{"@type":"ImageObject","inLanguage":"fr-FR","@id":"https:\/\/schweizversand.ch\/fr\/produkt\/hudora-nestschaukel-mit-zelt-pirate-90-sv\/#primaryimage","url":"https:\/\/schweizversand.ch\/wp-content\/uploads\/2026\/02\/5471496506.jpg","contentUrl":"https:\/\/schweizversand.ch\/wp-content\/uploads\/2026\/02\/5471496506.jpg","width":860,"height":1024},{"@type":"BreadcrumbList","@id":"https:\/\/schweizversand.ch\/fr\/produkt\/hudora-nestschaukel-mit-zelt-pirate-90-sv\/#breadcrumb","itemListElement":[{"@type":"ListItem","position":1,"name":"Startseite","item":"https:\/\/schweizversand.ch\/fr\/home\/"},{"@type":"ListItem","position":2,"name":"Boutique","item":"https:\/\/schweizversand.ch\/fr\/boutique\/"},{"@type":"ListItem","position":3,"name":"Jouets et jeux","item":"https:\/\/schweizversand.ch\/fr\/produkt-kategorie\/jouets-et-jeux\/"},{"@type":"ListItem","position":4,"name":"Jeux d'ext\u00e9rieur","item":"https:\/\/schweizversand.ch\/fr\/produkt-kategorie\/jouets-et-jeux\/jeux-dexterieur\/"},{"@type":"ListItem","position":5,"name":"\u00c9quipement de jeux de jardin","item":"https:\/\/schweizversand.ch\/fr\/produkt-kategorie\/jouets-et-jeux\/jeux-dexterieur\/gartenspielgeraete\/"},{"@type":"ListItem","position":6,"name":"Balan\u00e7oire Hudora Nest avec tente Pirate 90 (SV)"}]},{"@type":"WebSite","@id":"https:\/\/schweizversand.ch\/fr\/#website","url":"https:\/\/schweizversand.ch\/fr\/","name":"Schweizer Shop f\u00fcr Sport, Spiel und Freizeit","description":"Gratisversand ab 50.- (netto), ab eigenem schweizer Lager, Lieferung innert 48h","publisher":{"@id":"https:\/\/schweizversand.ch\/fr\/#organization"},"alternateName":"Schweizversand.ch","potentialAction":[{"@type":"SearchAction","target":{"@type":"EntryPoint","urlTemplate":"https:\/\/schweizversand.ch\/fr\/?s={search_term_string}"},"query-input":{"@type":"PropertyValueSpecification","valueRequired":true,"valueName":"search_term_string"}}],"inLanguage":"fr-FR"},{"@type":"Organization","@id":"https:\/\/schweizversand.ch\/fr\/#organization","name":"Schweizversand.ch","url":"https:\/\/schweizversand.ch\/fr\/","logo":{"@type":"ImageObject","inLanguage":"fr-FR","@id":"https:\/\/schweizversand.ch\/fr\/#\/schema\/logo\/image\/","url":"https:\/\/schweizversand.ch\/wp-content\/uploads\/2026\/03\/Logo_Rund_Final-1.png","contentUrl":"https:\/\/schweizversand.ch\/wp-content\/uploads\/2026\/03\/Logo_Rund_Final-1.png","width":404,"height":404,"caption":"Schweizversand.ch"},"image":{"@id":"https:\/\/schweizversand.ch\/fr\/#\/schema\/logo\/image\/"},"sameAs":["https:\/\/www.facebook.com\/Schweizversand","https:\/\/www.instagram.com\/schweizversand.ch\/"]}]}},"jetpack_sharing_enabled":true,"_links":{"self":[{"href":"https:\/\/schweizversand.ch\/fr\/wp-json\/wp\/v2\/product\/248913","targetHints":{"allow":["GET"]}}],"collection":[{"href":"https:\/\/schweizversand.ch\/fr\/wp-json\/wp\/v2\/product"}],"about":[{"href":"https:\/\/schweizversand.ch\/fr\/wp-json\/wp\/v2\/types\/product"}],"replies":[{"embeddable":true,"href":"https:\/\/schweizversand.ch\/fr\/wp-json\/wp\/v2\/comments?post=248913"}],"wp:featuredmedia":[{"embeddable":true,"href":"https:\/\/schweizversand.ch\/fr\/wp-json\/wp\/v2\/media\/165474"}],"wp:attachment":[{"href":"https:\/\/schweizversand.ch\/fr\/wp-json\/wp\/v2\/media?parent=248913"}],"wp:term":[{"taxonomy":"product_brand","embeddable":true,"href":"https:\/\/schweizversand.ch\/fr\/wp-json\/wp\/v2\/product_brand?post=248913"},{"taxonomy":"product_cat","embeddable":true,"href":"https:\/\/schweizversand.ch\/fr\/wp-json\/wp\/v2\/product_cat?post=248913"},{"taxonomy":"product_tag","embeddable":true,"href":"https:\/\/schweizversand.ch\/fr\/wp-json\/wp\/v2\/product_tag?post=248913"}],"curies":[{"name":"wp","href":"https:\/\/api.w.org\/{rel}","templated":true}]}}