{"id":248919,"date":"2026-03-14T23:49:56","date_gmt":"2026-03-14T22:49:56","guid":{"rendered":"https:\/\/schweizversand.ch\/produkt\/hudora-rollschuh-skate-wonders-verstellbar\/"},"modified":"2026-04-19T02:05:25","modified_gmt":"2026-04-19T00:05:25","slug":"hudora-rollschuh-skate-wonders-verstellbar","status":"publish","type":"product","link":"https:\/\/schweizversand.ch\/fr\/produkt\/hudora-rollschuh-skate-wonders-verstellbar\/","title":{"rendered":"Patins \u00e0 roulettes Hudora Wonders, r\u00e9glables"},"content":{"rendered":"<p>Pour les d\u00e9butantes\u00a0: Les patins \u00e0 roulettes HUDORA Skate Wonders sont un mod\u00e8le \u00e9l\u00e9gant, id\u00e9al pour les d\u00e9butantes. \u00c9volutifs, ils accompagnent votre enfant dans sa croissance et poss\u00e8dent de nombreuses caract\u00e9ristiques qui raviront les petites filles. Les patins HUDORA Skate Wonders font partie de la gamme Skate Wonders, une collection color\u00e9e qui apporte une touche sportive et dynamique \u00e0 la vie. Les patins \u00e0 roulettes, les patins en ligne et les chaussures \u00e0 roulettes sont actuellement tr\u00e8s populaires, surtout aupr\u00e8s des jeunes filles.<\/p>\n<\/p>\n<p>Les bottes en nylon sont r\u00e9glables sur quatre pointures et reposent sur un ch\u00e2ssis en polypropyl\u00e8ne (PP) r\u00e9sistant aux chocs, avec un truck en aluminium, des roulements \u00e0 billes en carbone ABEC 3 et des roues en polyur\u00e9thane (PU) moul\u00e9. Le diam\u00e8tre des roues est de 60 x 37 mm. Ces patins sont \u00e9galement \u00e9quip\u00e9s d&rsquo;un embout en nylon, d&rsquo;une sangle de serrage et d&rsquo;une boucle \u00e0 poussoir. Les patins \u00e0 roulettes pour enfants sont tr\u00e8s appr\u00e9ci\u00e9s, m\u00eame des plus petits. Les patins HUDORA Skate Wonders sont parfaits pour une initiation color\u00e9e au monde du patinage.<\/p>\n<\/p>\n<p>Ch\u00e2ssis en polypropyl\u00e8ne haute r\u00e9sistance aux chocs avec trucks en aluminium<\/p>\n<\/p>\n<p>R\u00e9glable sur 4 pointures<\/p>\n<\/p>\n<p>Collier en TPE et chausson en nylon<\/p>\n<\/p>\n<p>Pare-orteils en nylon<\/p>\n<\/p>\n<p>Sangle de serrage avec boucle \u00e0 pression<\/p>\n<\/p>\n<p>Roues en polyur\u00e9thane moul\u00e9, haut rebond, roulements \u00e0 billes carbone ABEC 3 82A<\/p>\n<\/p>\n<p>Dimensions des roues\u00a0: \u00d8 60 x 37 mm<\/p>\n<\/p>\n<p>Poids maximal de l\u2019utilisateur\u00a0: 60 kg<\/p>\n<\/p>\n<p>Pointures disponibles\u00a0: 32 \u00e0 35<\/p>\n","protected":false},"excerpt":{"rendered":"<p>Pour les d\u00e9butantes\u00a0: Les patins \u00e0 roulettes HUDORA Skate Wonders sont un mod\u00e8le \u00e9l\u00e9gant, id\u00e9al pour les d\u00e9butantes. \u00c9volutifs, ils accompagnent votre enfant dans sa croissance et poss\u00e8dent de nombreuses caract\u00e9ristiques qui raviront les petites filles. Les patins HUDORA Skate Wonders font partie de la gamme Skate Wonders, une collection color\u00e9e qui apporte une touche sportive et dynamique \u00e0 la vie. Les patins \u00e0 roulettes, les patins en ligne et les chaussures \u00e0 roulettes sont&hellip;<\/p>\n","protected":false},"featured_media":165517,"comment_status":"open","ping_status":"closed","template":"","meta":[],"product_brand":[],"product_cat":[38534,38959],"product_tag":[],"class_list":{"0":"post-248919","1":"product","2":"type-product","3":"status-publish","4":"has-post-thumbnail","6":"product_cat-rollschuhe","7":"product_cat-patins-a-roulettes","8":"product_shipping_class-global_methods","10":"first","11":"instock","12":"taxable","13":"shipping-taxable","14":"purchasable","15":"product-type-simple"},"yoast_head":"<!-- This site is optimized with the Yoast SEO plugin v27.4 - https:\/\/yoast.com\/product\/yoast-seo-wordpress\/ -->\n<title>Hudora Rollschuh Skate Wonders, verstellbar | Jetzt kaufen | Schweizversand.ch<\/title>\n<meta name=\"description\" content=\"Hudora Rollschuh Skate Wonders, verstellbar g\u00fcnstig kaufen bei Schweizversand.ch. Schnelle Lieferung in der Schweiz. Gratisversand ab CHF 50.\" \/>\n<meta name=\"robots\" content=\"index, follow, max-snippet:-1, max-image-preview:large, max-video-preview:-1\" \/>\n<link rel=\"canonical\" href=\"https:\/\/schweizversand.ch\/fr\/produkt\/hudora-rollschuh-skate-wonders-verstellbar\/\" \/>\n<meta property=\"og:locale\" content=\"fr_FR\" \/>\n<meta property=\"og:type\" content=\"article\" \/>\n<meta property=\"og:title\" content=\"Hudora Rollschuh Skate Wonders, verstellbar | Jetzt kaufen | Schweizversand.ch\" \/>\n<meta property=\"og:description\" content=\"Hudora Rollschuh Skate Wonders, verstellbar g\u00fcnstig kaufen bei Schweizversand.ch. Schnelle Lieferung in der Schweiz. Gratisversand ab CHF 50.\" \/>\n<meta property=\"og:url\" content=\"https:\/\/schweizversand.ch\/fr\/produkt\/hudora-rollschuh-skate-wonders-verstellbar\/\" \/>\n<meta property=\"og:site_name\" content=\"Schweizer Shop f\u00fcr Sport, Spiel und Freizeit\" \/>\n<meta property=\"article:publisher\" content=\"https:\/\/www.facebook.com\/Schweizversand\" \/>\n<meta property=\"article:modified_time\" content=\"2026-04-19T00:05:25+00:00\" \/>\n<meta property=\"og:image\" content=\"https:\/\/schweizversand.ch\/wp-content\/uploads\/2026\/02\/5471530058.jpg\" \/>\n\t<meta property=\"og:image:width\" content=\"886\" \/>\n\t<meta property=\"og:image:height\" content=\"1024\" \/>\n\t<meta property=\"og:image:type\" content=\"image\/jpeg\" \/>\n<meta name=\"twitter:card\" content=\"summary_large_image\" \/>\n<meta name=\"twitter:label1\" content=\"Dur\u00e9e de lecture estim\u00e9e\" \/>\n\t<meta name=\"twitter:data1\" content=\"1 minute\" \/>\n<script type=\"application\/ld+json\" class=\"yoast-schema-graph\">{\"@context\":\"https:\\\/\\\/schema.org\",\"@graph\":[{\"@type\":\"WebPage\",\"@id\":\"https:\\\/\\\/schweizversand.ch\\\/fr\\\/produkt\\\/hudora-rollschuh-skate-wonders-verstellbar\\\/\",\"url\":\"https:\\\/\\\/schweizversand.ch\\\/fr\\\/produkt\\\/hudora-rollschuh-skate-wonders-verstellbar\\\/\",\"name\":\"Hudora Rollschuh Skate Wonders, verstellbar | Jetzt kaufen | Schweizversand.ch\",\"isPartOf\":{\"@id\":\"https:\\\/\\\/schweizversand.ch\\\/fr\\\/#website\"},\"primaryImageOfPage\":{\"@id\":\"https:\\\/\\\/schweizversand.ch\\\/fr\\\/produkt\\\/hudora-rollschuh-skate-wonders-verstellbar\\\/#primaryimage\"},\"image\":{\"@id\":\"https:\\\/\\\/schweizversand.ch\\\/fr\\\/produkt\\\/hudora-rollschuh-skate-wonders-verstellbar\\\/#primaryimage\"},\"thumbnailUrl\":\"https:\\\/\\\/schweizversand.ch\\\/wp-content\\\/uploads\\\/2026\\\/02\\\/5471530058.jpg\",\"datePublished\":\"2026-03-14T22:49:56+00:00\",\"dateModified\":\"2026-04-19T00:05:25+00:00\",\"description\":\"Hudora Rollschuh Skate Wonders, verstellbar g\u00fcnstig kaufen bei Schweizversand.ch. Schnelle Lieferung in der Schweiz. Gratisversand ab CHF 50.\",\"breadcrumb\":{\"@id\":\"https:\\\/\\\/schweizversand.ch\\\/fr\\\/produkt\\\/hudora-rollschuh-skate-wonders-verstellbar\\\/#breadcrumb\"},\"inLanguage\":\"fr-FR\",\"potentialAction\":[{\"@type\":\"ReadAction\",\"target\":[\"https:\\\/\\\/schweizversand.ch\\\/fr\\\/produkt\\\/hudora-rollschuh-skate-wonders-verstellbar\\\/\"]}]},{\"@type\":\"ImageObject\",\"inLanguage\":\"fr-FR\",\"@id\":\"https:\\\/\\\/schweizversand.ch\\\/fr\\\/produkt\\\/hudora-rollschuh-skate-wonders-verstellbar\\\/#primaryimage\",\"url\":\"https:\\\/\\\/schweizversand.ch\\\/wp-content\\\/uploads\\\/2026\\\/02\\\/5471530058.jpg\",\"contentUrl\":\"https:\\\/\\\/schweizversand.ch\\\/wp-content\\\/uploads\\\/2026\\\/02\\\/5471530058.jpg\",\"width\":886,\"height\":1024},{\"@type\":\"BreadcrumbList\",\"@id\":\"https:\\\/\\\/schweizversand.ch\\\/fr\\\/produkt\\\/hudora-rollschuh-skate-wonders-verstellbar\\\/#breadcrumb\",\"itemListElement\":[{\"@type\":\"ListItem\",\"position\":1,\"name\":\"Startseite\",\"item\":\"https:\\\/\\\/schweizversand.ch\\\/fr\\\/home\\\/\"},{\"@type\":\"ListItem\",\"position\":2,\"name\":\"Boutique\",\"item\":\"https:\\\/\\\/schweizversand.ch\\\/fr\\\/boutique\\\/\"},{\"@type\":\"ListItem\",\"position\":3,\"name\":\"Sports\",\"item\":\"https:\\\/\\\/schweizversand.ch\\\/fr\\\/produkt-kategorie\\\/sports\\\/\"},{\"@type\":\"ListItem\",\"position\":4,\"name\":\"sports de patinage\",\"item\":\"https:\\\/\\\/schweizversand.ch\\\/fr\\\/produkt-kategorie\\\/sports\\\/sports-de-patinage\\\/\"},{\"@type\":\"ListItem\",\"position\":5,\"name\":\"patins \u00e0 roulettes\",\"item\":\"https:\\\/\\\/schweizversand.ch\\\/fr\\\/produkt-kategorie\\\/sports\\\/sports-de-patinage\\\/patins-a-roulettes\\\/\"},{\"@type\":\"ListItem\",\"position\":6,\"name\":\"Patins \u00e0 roulettes Hudora Wonders, r\u00e9glables\"}]},{\"@type\":\"WebSite\",\"@id\":\"https:\\\/\\\/schweizversand.ch\\\/fr\\\/#website\",\"url\":\"https:\\\/\\\/schweizversand.ch\\\/fr\\\/\",\"name\":\"Schweizer Shop f\u00fcr Sport, Spiel und Freizeit\",\"description\":\"Gratisversand ab 50.- (netto), ab eigenem schweizer Lager, Lieferung innert 48h\",\"publisher\":{\"@id\":\"https:\\\/\\\/schweizversand.ch\\\/fr\\\/#organization\"},\"alternateName\":\"Schweizversand.ch\",\"potentialAction\":[{\"@type\":\"SearchAction\",\"target\":{\"@type\":\"EntryPoint\",\"urlTemplate\":\"https:\\\/\\\/schweizversand.ch\\\/fr\\\/?s={search_term_string}\"},\"query-input\":{\"@type\":\"PropertyValueSpecification\",\"valueRequired\":true,\"valueName\":\"search_term_string\"}}],\"inLanguage\":\"fr-FR\"},{\"@type\":\"Organization\",\"@id\":\"https:\\\/\\\/schweizversand.ch\\\/fr\\\/#organization\",\"name\":\"Schweizversand.ch\",\"url\":\"https:\\\/\\\/schweizversand.ch\\\/fr\\\/\",\"logo\":{\"@type\":\"ImageObject\",\"inLanguage\":\"fr-FR\",\"@id\":\"https:\\\/\\\/schweizversand.ch\\\/fr\\\/#\\\/schema\\\/logo\\\/image\\\/\",\"url\":\"https:\\\/\\\/schweizversand.ch\\\/wp-content\\\/uploads\\\/2026\\\/03\\\/Logo_Rund_Final-1.png\",\"contentUrl\":\"https:\\\/\\\/schweizversand.ch\\\/wp-content\\\/uploads\\\/2026\\\/03\\\/Logo_Rund_Final-1.png\",\"width\":404,\"height\":404,\"caption\":\"Schweizversand.ch\"},\"image\":{\"@id\":\"https:\\\/\\\/schweizversand.ch\\\/fr\\\/#\\\/schema\\\/logo\\\/image\\\/\"},\"sameAs\":[\"https:\\\/\\\/www.facebook.com\\\/Schweizversand\",\"https:\\\/\\\/www.instagram.com\\\/schweizversand.ch\\\/\"]}]}<\/script>\n<!-- \/ Yoast SEO plugin. -->","yoast_head_json":{"title":"Hudora Rollschuh Skate Wonders, verstellbar | Jetzt kaufen | Schweizversand.ch","description":"Hudora Rollschuh Skate Wonders, verstellbar g\u00fcnstig kaufen bei Schweizversand.ch. Schnelle Lieferung in der Schweiz. Gratisversand ab CHF 50.","robots":{"index":"index","follow":"follow","max-snippet":"max-snippet:-1","max-image-preview":"max-image-preview:large","max-video-preview":"max-video-preview:-1"},"canonical":"https:\/\/schweizversand.ch\/fr\/produkt\/hudora-rollschuh-skate-wonders-verstellbar\/","og_locale":"fr_FR","og_type":"article","og_title":"Hudora Rollschuh Skate Wonders, verstellbar | Jetzt kaufen | Schweizversand.ch","og_description":"Hudora Rollschuh Skate Wonders, verstellbar g\u00fcnstig kaufen bei Schweizversand.ch. Schnelle Lieferung in der Schweiz. Gratisversand ab CHF 50.","og_url":"https:\/\/schweizversand.ch\/fr\/produkt\/hudora-rollschuh-skate-wonders-verstellbar\/","og_site_name":"Schweizer Shop f\u00fcr Sport, Spiel und Freizeit","article_publisher":"https:\/\/www.facebook.com\/Schweizversand","article_modified_time":"2026-04-19T00:05:25+00:00","og_image":[{"width":886,"height":1024,"url":"https:\/\/schweizversand.ch\/wp-content\/uploads\/2026\/02\/5471530058.jpg","type":"image\/jpeg"}],"twitter_card":"summary_large_image","twitter_misc":{"Dur\u00e9e de lecture estim\u00e9e":"1 minute"},"schema":{"@context":"https:\/\/schema.org","@graph":[{"@type":"WebPage","@id":"https:\/\/schweizversand.ch\/fr\/produkt\/hudora-rollschuh-skate-wonders-verstellbar\/","url":"https:\/\/schweizversand.ch\/fr\/produkt\/hudora-rollschuh-skate-wonders-verstellbar\/","name":"Hudora Rollschuh Skate Wonders, verstellbar | Jetzt kaufen | Schweizversand.ch","isPartOf":{"@id":"https:\/\/schweizversand.ch\/fr\/#website"},"primaryImageOfPage":{"@id":"https:\/\/schweizversand.ch\/fr\/produkt\/hudora-rollschuh-skate-wonders-verstellbar\/#primaryimage"},"image":{"@id":"https:\/\/schweizversand.ch\/fr\/produkt\/hudora-rollschuh-skate-wonders-verstellbar\/#primaryimage"},"thumbnailUrl":"https:\/\/schweizversand.ch\/wp-content\/uploads\/2026\/02\/5471530058.jpg","datePublished":"2026-03-14T22:49:56+00:00","dateModified":"2026-04-19T00:05:25+00:00","description":"Hudora Rollschuh Skate Wonders, verstellbar g\u00fcnstig kaufen bei Schweizversand.ch. Schnelle Lieferung in der Schweiz. Gratisversand ab CHF 50.","breadcrumb":{"@id":"https:\/\/schweizversand.ch\/fr\/produkt\/hudora-rollschuh-skate-wonders-verstellbar\/#breadcrumb"},"inLanguage":"fr-FR","potentialAction":[{"@type":"ReadAction","target":["https:\/\/schweizversand.ch\/fr\/produkt\/hudora-rollschuh-skate-wonders-verstellbar\/"]}]},{"@type":"ImageObject","inLanguage":"fr-FR","@id":"https:\/\/schweizversand.ch\/fr\/produkt\/hudora-rollschuh-skate-wonders-verstellbar\/#primaryimage","url":"https:\/\/schweizversand.ch\/wp-content\/uploads\/2026\/02\/5471530058.jpg","contentUrl":"https:\/\/schweizversand.ch\/wp-content\/uploads\/2026\/02\/5471530058.jpg","width":886,"height":1024},{"@type":"BreadcrumbList","@id":"https:\/\/schweizversand.ch\/fr\/produkt\/hudora-rollschuh-skate-wonders-verstellbar\/#breadcrumb","itemListElement":[{"@type":"ListItem","position":1,"name":"Startseite","item":"https:\/\/schweizversand.ch\/fr\/home\/"},{"@type":"ListItem","position":2,"name":"Boutique","item":"https:\/\/schweizversand.ch\/fr\/boutique\/"},{"@type":"ListItem","position":3,"name":"Sports","item":"https:\/\/schweizversand.ch\/fr\/produkt-kategorie\/sports\/"},{"@type":"ListItem","position":4,"name":"sports de patinage","item":"https:\/\/schweizversand.ch\/fr\/produkt-kategorie\/sports\/sports-de-patinage\/"},{"@type":"ListItem","position":5,"name":"patins \u00e0 roulettes","item":"https:\/\/schweizversand.ch\/fr\/produkt-kategorie\/sports\/sports-de-patinage\/patins-a-roulettes\/"},{"@type":"ListItem","position":6,"name":"Patins \u00e0 roulettes Hudora Wonders, r\u00e9glables"}]},{"@type":"WebSite","@id":"https:\/\/schweizversand.ch\/fr\/#website","url":"https:\/\/schweizversand.ch\/fr\/","name":"Schweizer Shop f\u00fcr Sport, Spiel und Freizeit","description":"Gratisversand ab 50.- (netto), ab eigenem schweizer Lager, Lieferung innert 48h","publisher":{"@id":"https:\/\/schweizversand.ch\/fr\/#organization"},"alternateName":"Schweizversand.ch","potentialAction":[{"@type":"SearchAction","target":{"@type":"EntryPoint","urlTemplate":"https:\/\/schweizversand.ch\/fr\/?s={search_term_string}"},"query-input":{"@type":"PropertyValueSpecification","valueRequired":true,"valueName":"search_term_string"}}],"inLanguage":"fr-FR"},{"@type":"Organization","@id":"https:\/\/schweizversand.ch\/fr\/#organization","name":"Schweizversand.ch","url":"https:\/\/schweizversand.ch\/fr\/","logo":{"@type":"ImageObject","inLanguage":"fr-FR","@id":"https:\/\/schweizversand.ch\/fr\/#\/schema\/logo\/image\/","url":"https:\/\/schweizversand.ch\/wp-content\/uploads\/2026\/03\/Logo_Rund_Final-1.png","contentUrl":"https:\/\/schweizversand.ch\/wp-content\/uploads\/2026\/03\/Logo_Rund_Final-1.png","width":404,"height":404,"caption":"Schweizversand.ch"},"image":{"@id":"https:\/\/schweizversand.ch\/fr\/#\/schema\/logo\/image\/"},"sameAs":["https:\/\/www.facebook.com\/Schweizversand","https:\/\/www.instagram.com\/schweizversand.ch\/"]}]}},"jetpack_sharing_enabled":true,"_links":{"self":[{"href":"https:\/\/schweizversand.ch\/fr\/wp-json\/wp\/v2\/product\/248919","targetHints":{"allow":["GET"]}}],"collection":[{"href":"https:\/\/schweizversand.ch\/fr\/wp-json\/wp\/v2\/product"}],"about":[{"href":"https:\/\/schweizversand.ch\/fr\/wp-json\/wp\/v2\/types\/product"}],"replies":[{"embeddable":true,"href":"https:\/\/schweizversand.ch\/fr\/wp-json\/wp\/v2\/comments?post=248919"}],"wp:featuredmedia":[{"embeddable":true,"href":"https:\/\/schweizversand.ch\/fr\/wp-json\/wp\/v2\/media\/165517"}],"wp:attachment":[{"href":"https:\/\/schweizversand.ch\/fr\/wp-json\/wp\/v2\/media?parent=248919"}],"wp:term":[{"taxonomy":"product_brand","embeddable":true,"href":"https:\/\/schweizversand.ch\/fr\/wp-json\/wp\/v2\/product_brand?post=248919"},{"taxonomy":"product_cat","embeddable":true,"href":"https:\/\/schweizversand.ch\/fr\/wp-json\/wp\/v2\/product_cat?post=248919"},{"taxonomy":"product_tag","embeddable":true,"href":"https:\/\/schweizversand.ch\/fr\/wp-json\/wp\/v2\/product_tag?post=248919"}],"curies":[{"name":"wp","href":"https:\/\/api.w.org\/{rel}","templated":true}]}}