{"id":248920,"date":"2026-03-14T23:49:56","date_gmt":"2026-03-14T22:49:56","guid":{"rendered":"https:\/\/schweizversand.ch\/produkt\/hudora-flitzkids-2-0\/"},"modified":"2026-04-20T02:04:28","modified_gmt":"2026-04-20T00:04:28","slug":"hudora-flitzkids-2-0","status":"publish","type":"product","link":"https:\/\/schweizversand.ch\/fr\/produkt\/hudora-flitzkids-2-0\/","title":{"rendered":"Hudora Flitzkids 2.0"},"content":{"rendered":"<h1><strong>Trottinette enfant HUDORA Flitzkids 2.0 \u00e0 3 roues<\/strong><\/h1>\n<div>La <strong>HUDORA Flitzkids 2.0<\/strong> est la trottinette \u00e0 trois roues id\u00e9ale pour les enfants qui font leurs premiers pas en trottinette. Son design bien pens\u00e9 allie plaisir et s\u00e9curit\u00e9 maximale, ce qui en fait la trottinette parfaite pour les petits casse-cou.<\/p>\n<\/div>\n<div><strong>S\u00e9curit\u00e9 et stabilit\u00e9 pour les d\u00e9butants<\/strong><br \/>Une initiation en toute s\u00e9curit\u00e9 \u00e0 la trottinette est garantie. La conception avec deux roues \u00e0 l&rsquo;avant et une \u00e0 l&rsquo;arri\u00e8re assure une stabilit\u00e9 maximale. La direction de s\u00e9curit\u00e9 r\u00e9glable permet une conduite personnalis\u00e9e et offre \u00e0 votre enfant un meilleur contr\u00f4le. Le plateau robuste en deux parties est durable et assure la stabilit\u00e9 n\u00e9cessaire. Confort et adaptabilit\u00e9\u00a0: cette trottinette HUDORA grandit avec votre enfant. Le guidon anodis\u00e9 est amovible gr\u00e2ce \u00e0 un syst\u00e8me de verrouillage pratique, facilitant le transport et le rangement. La hauteur du guidon r\u00e9glable de 51 \u00e0 66 cm garantit une position ergonomique optimale sur la trottinette.<\/p>\n<\/div>\n<div><strong>Caract\u00e9ristiques<\/strong><br \/>&#8211; Bande antid\u00e9rapante sur le repose-pieds pour une stabilit\u00e9 accrue<br \/>&#8211; Guidon de s\u00e9curit\u00e9 parfaitement adapt\u00e9 aux petites mains des enfants<br \/>&#8211; Frein \u00e0 friction en deux parties pour un arr\u00eat fiable et s\u00fbr<br \/>&#8211; Roues en PU de haute qualit\u00e9 (120 mm \u00e0 l&rsquo;avant, 80 mm \u00e0 l&rsquo;arri\u00e8re) pour une conduite fluide<\/p>\n<\/div>\n<div><strong>D\u00e9tails techniques<\/strong><br \/>&#8211; Dimensions une fois assembl\u00e9e\u00a0: env. 59 x 28 x 66 cm<br \/>&#8211; Plateau : 29,5 x 11,5 cm<br \/>&#8211; Poids : 2,125 kg<br \/>&#8211; Poids maximal de l&rsquo;utilisateur : 50 kg<br \/>&#8211; Roulements \u00e0 billes : ABEC 5 pour une conduite fluide<\/p>\n<\/div>\n<div><strong>Remarque importante<\/strong><br \/>Veuillez noter que la trottinette <strong>\u00e0 3 roues<\/strong> pour enfants doit \u00eatre utilis\u00e9e uniquement avec un \u00e9quipement de protection appropri\u00e9 et n&rsquo;est pas homologu\u00e9e pour la circulation routi\u00e8re. Procurez-vous d\u00e8s maintenant la trottinette <strong>HUDORA Flitzkids 2.0<\/strong> de haute qualit\u00e9 et embarquez pour une aventure s\u00fbre et joyeuse !<\/p>\n<\/div>\n<div>\n<\/div>\n","protected":false},"excerpt":{"rendered":"<p>Trottinette enfant HUDORA Flitzkids 2.0 \u00e0 3 roues La HUDORA Flitzkids 2.0 est la trottinette \u00e0 trois roues id\u00e9ale pour les enfants qui font leurs premiers pas en trottinette. Son design bien pens\u00e9 allie plaisir et s\u00e9curit\u00e9 maximale, ce qui en fait la trottinette parfaite pour les petits casse-cou. S\u00e9curit\u00e9 et stabilit\u00e9 pour les d\u00e9butantsUne initiation en toute s\u00e9curit\u00e9 \u00e0 la trottinette est garantie. La conception avec deux roues \u00e0 l&rsquo;avant et une \u00e0 l&rsquo;arri\u00e8re&hellip;<\/p>\n","protected":false},"featured_media":165521,"comment_status":"open","ping_status":"closed","template":"","meta":[],"product_brand":[],"product_cat":[38535],"product_tag":[],"class_list":{"0":"post-248920","1":"product","2":"type-product","3":"status-publish","4":"has-post-thumbnail","6":"product_cat-kinderfahrzeuge","7":"product_shipping_class-global_methods","9":"first","10":"instock","11":"taxable","12":"shipping-taxable","13":"purchasable","14":"product-type-simple"},"yoast_head":"<!-- This site is optimized with the Yoast SEO plugin v27.4 - https:\/\/yoast.com\/product\/yoast-seo-wordpress\/ -->\n<title>Hudora Flitzkids 2.0 | Jetzt kaufen | Schweizversand.ch<\/title>\n<meta name=\"description\" content=\"Hudora Flitzkids 2.0 g\u00fcnstig kaufen bei Schweizversand.ch. Schnelle Lieferung in der Schweiz. Gratisversand ab CHF 50.\" \/>\n<meta name=\"robots\" content=\"index, follow, max-snippet:-1, max-image-preview:large, max-video-preview:-1\" \/>\n<link rel=\"canonical\" href=\"https:\/\/schweizversand.ch\/fr\/produkt\/hudora-flitzkids-2-0\/\" \/>\n<meta property=\"og:locale\" content=\"fr_FR\" \/>\n<meta property=\"og:type\" content=\"article\" \/>\n<meta property=\"og:title\" content=\"Hudora Flitzkids 2.0 | Jetzt kaufen | Schweizversand.ch\" \/>\n<meta property=\"og:description\" content=\"Hudora Flitzkids 2.0 g\u00fcnstig kaufen bei Schweizversand.ch. Schnelle Lieferung in der Schweiz. Gratisversand ab CHF 50.\" \/>\n<meta property=\"og:url\" content=\"https:\/\/schweizversand.ch\/fr\/produkt\/hudora-flitzkids-2-0\/\" \/>\n<meta property=\"og:site_name\" content=\"Schweizer Shop f\u00fcr Sport, Spiel und Freizeit\" \/>\n<meta property=\"article:publisher\" content=\"https:\/\/www.facebook.com\/Schweizversand\" \/>\n<meta property=\"article:modified_time\" content=\"2026-04-20T00:04:28+00:00\" \/>\n<meta property=\"og:image\" content=\"https:\/\/schweizversand.ch\/wp-content\/uploads\/2026\/02\/5471492879.png\" \/>\n\t<meta property=\"og:image:width\" content=\"981\" \/>\n\t<meta property=\"og:image:height\" content=\"1024\" \/>\n\t<meta property=\"og:image:type\" content=\"image\/png\" \/>\n<meta name=\"twitter:card\" content=\"summary_large_image\" \/>\n<meta name=\"twitter:label1\" content=\"Dur\u00e9e de lecture estim\u00e9e\" \/>\n\t<meta name=\"twitter:data1\" content=\"1 minute\" \/>\n<script type=\"application\/ld+json\" class=\"yoast-schema-graph\">{\"@context\":\"https:\\\/\\\/schema.org\",\"@graph\":[{\"@type\":\"WebPage\",\"@id\":\"https:\\\/\\\/schweizversand.ch\\\/fr\\\/produkt\\\/hudora-flitzkids-2-0\\\/\",\"url\":\"https:\\\/\\\/schweizversand.ch\\\/fr\\\/produkt\\\/hudora-flitzkids-2-0\\\/\",\"name\":\"Hudora Flitzkids 2.0 | Jetzt kaufen | Schweizversand.ch\",\"isPartOf\":{\"@id\":\"https:\\\/\\\/schweizversand.ch\\\/fr\\\/#website\"},\"primaryImageOfPage\":{\"@id\":\"https:\\\/\\\/schweizversand.ch\\\/fr\\\/produkt\\\/hudora-flitzkids-2-0\\\/#primaryimage\"},\"image\":{\"@id\":\"https:\\\/\\\/schweizversand.ch\\\/fr\\\/produkt\\\/hudora-flitzkids-2-0\\\/#primaryimage\"},\"thumbnailUrl\":\"https:\\\/\\\/schweizversand.ch\\\/wp-content\\\/uploads\\\/2026\\\/02\\\/5471492879.png\",\"datePublished\":\"2026-03-14T22:49:56+00:00\",\"dateModified\":\"2026-04-20T00:04:28+00:00\",\"description\":\"Hudora Flitzkids 2.0 g\u00fcnstig kaufen bei Schweizversand.ch. Schnelle Lieferung in der Schweiz. Gratisversand ab CHF 50.\",\"breadcrumb\":{\"@id\":\"https:\\\/\\\/schweizversand.ch\\\/fr\\\/produkt\\\/hudora-flitzkids-2-0\\\/#breadcrumb\"},\"inLanguage\":\"fr-FR\",\"potentialAction\":[{\"@type\":\"ReadAction\",\"target\":[\"https:\\\/\\\/schweizversand.ch\\\/fr\\\/produkt\\\/hudora-flitzkids-2-0\\\/\"]}]},{\"@type\":\"ImageObject\",\"inLanguage\":\"fr-FR\",\"@id\":\"https:\\\/\\\/schweizversand.ch\\\/fr\\\/produkt\\\/hudora-flitzkids-2-0\\\/#primaryimage\",\"url\":\"https:\\\/\\\/schweizversand.ch\\\/wp-content\\\/uploads\\\/2026\\\/02\\\/5471492879.png\",\"contentUrl\":\"https:\\\/\\\/schweizversand.ch\\\/wp-content\\\/uploads\\\/2026\\\/02\\\/5471492879.png\",\"width\":981,\"height\":1024},{\"@type\":\"BreadcrumbList\",\"@id\":\"https:\\\/\\\/schweizversand.ch\\\/fr\\\/produkt\\\/hudora-flitzkids-2-0\\\/#breadcrumb\",\"itemListElement\":[{\"@type\":\"ListItem\",\"position\":1,\"name\":\"Startseite\",\"item\":\"https:\\\/\\\/schweizversand.ch\\\/fr\\\/home\\\/\"},{\"@type\":\"ListItem\",\"position\":2,\"name\":\"Boutique\",\"item\":\"https:\\\/\\\/schweizversand.ch\\\/fr\\\/boutique\\\/\"},{\"@type\":\"ListItem\",\"position\":3,\"name\":\"Jouets et jeux\",\"item\":\"https:\\\/\\\/schweizversand.ch\\\/fr\\\/produkt-kategorie\\\/jouets-et-jeux\\\/\"},{\"@type\":\"ListItem\",\"position\":4,\"name\":\"Jeux d'ext\u00e9rieur\",\"item\":\"https:\\\/\\\/schweizversand.ch\\\/fr\\\/produkt-kategorie\\\/jouets-et-jeux\\\/jeux-dexterieur\\\/\"},{\"@type\":\"ListItem\",\"position\":5,\"name\":\"V\u00e9hicules pour enfants\",\"item\":\"https:\\\/\\\/schweizversand.ch\\\/fr\\\/produkt-kategorie\\\/jouets-et-jeux\\\/jeux-dexterieur\\\/kinderfahrzeuge\\\/\"},{\"@type\":\"ListItem\",\"position\":6,\"name\":\"Hudora Flitzkids 2.0\"}]},{\"@type\":\"WebSite\",\"@id\":\"https:\\\/\\\/schweizversand.ch\\\/fr\\\/#website\",\"url\":\"https:\\\/\\\/schweizversand.ch\\\/fr\\\/\",\"name\":\"Schweizer Shop f\u00fcr Sport, Spiel und Freizeit\",\"description\":\"Gratisversand ab 50.- (netto), ab eigenem schweizer Lager, Lieferung innert 48h\",\"publisher\":{\"@id\":\"https:\\\/\\\/schweizversand.ch\\\/fr\\\/#organization\"},\"alternateName\":\"Schweizversand.ch\",\"potentialAction\":[{\"@type\":\"SearchAction\",\"target\":{\"@type\":\"EntryPoint\",\"urlTemplate\":\"https:\\\/\\\/schweizversand.ch\\\/fr\\\/?s={search_term_string}\"},\"query-input\":{\"@type\":\"PropertyValueSpecification\",\"valueRequired\":true,\"valueName\":\"search_term_string\"}}],\"inLanguage\":\"fr-FR\"},{\"@type\":\"Organization\",\"@id\":\"https:\\\/\\\/schweizversand.ch\\\/fr\\\/#organization\",\"name\":\"Schweizversand.ch\",\"url\":\"https:\\\/\\\/schweizversand.ch\\\/fr\\\/\",\"logo\":{\"@type\":\"ImageObject\",\"inLanguage\":\"fr-FR\",\"@id\":\"https:\\\/\\\/schweizversand.ch\\\/fr\\\/#\\\/schema\\\/logo\\\/image\\\/\",\"url\":\"https:\\\/\\\/schweizversand.ch\\\/wp-content\\\/uploads\\\/2026\\\/03\\\/Logo_Rund_Final-1.png\",\"contentUrl\":\"https:\\\/\\\/schweizversand.ch\\\/wp-content\\\/uploads\\\/2026\\\/03\\\/Logo_Rund_Final-1.png\",\"width\":404,\"height\":404,\"caption\":\"Schweizversand.ch\"},\"image\":{\"@id\":\"https:\\\/\\\/schweizversand.ch\\\/fr\\\/#\\\/schema\\\/logo\\\/image\\\/\"},\"sameAs\":[\"https:\\\/\\\/www.facebook.com\\\/Schweizversand\",\"https:\\\/\\\/www.instagram.com\\\/schweizversand.ch\\\/\"]}]}<\/script>\n<!-- \/ Yoast SEO plugin. -->","yoast_head_json":{"title":"Hudora Flitzkids 2.0 | Jetzt kaufen | Schweizversand.ch","description":"Hudora Flitzkids 2.0 g\u00fcnstig kaufen bei Schweizversand.ch. Schnelle Lieferung in der Schweiz. Gratisversand ab CHF 50.","robots":{"index":"index","follow":"follow","max-snippet":"max-snippet:-1","max-image-preview":"max-image-preview:large","max-video-preview":"max-video-preview:-1"},"canonical":"https:\/\/schweizversand.ch\/fr\/produkt\/hudora-flitzkids-2-0\/","og_locale":"fr_FR","og_type":"article","og_title":"Hudora Flitzkids 2.0 | Jetzt kaufen | Schweizversand.ch","og_description":"Hudora Flitzkids 2.0 g\u00fcnstig kaufen bei Schweizversand.ch. Schnelle Lieferung in der Schweiz. Gratisversand ab CHF 50.","og_url":"https:\/\/schweizversand.ch\/fr\/produkt\/hudora-flitzkids-2-0\/","og_site_name":"Schweizer Shop f\u00fcr Sport, Spiel und Freizeit","article_publisher":"https:\/\/www.facebook.com\/Schweizversand","article_modified_time":"2026-04-20T00:04:28+00:00","og_image":[{"width":981,"height":1024,"url":"https:\/\/schweizversand.ch\/wp-content\/uploads\/2026\/02\/5471492879.png","type":"image\/png"}],"twitter_card":"summary_large_image","twitter_misc":{"Dur\u00e9e de lecture estim\u00e9e":"1 minute"},"schema":{"@context":"https:\/\/schema.org","@graph":[{"@type":"WebPage","@id":"https:\/\/schweizversand.ch\/fr\/produkt\/hudora-flitzkids-2-0\/","url":"https:\/\/schweizversand.ch\/fr\/produkt\/hudora-flitzkids-2-0\/","name":"Hudora Flitzkids 2.0 | Jetzt kaufen | Schweizversand.ch","isPartOf":{"@id":"https:\/\/schweizversand.ch\/fr\/#website"},"primaryImageOfPage":{"@id":"https:\/\/schweizversand.ch\/fr\/produkt\/hudora-flitzkids-2-0\/#primaryimage"},"image":{"@id":"https:\/\/schweizversand.ch\/fr\/produkt\/hudora-flitzkids-2-0\/#primaryimage"},"thumbnailUrl":"https:\/\/schweizversand.ch\/wp-content\/uploads\/2026\/02\/5471492879.png","datePublished":"2026-03-14T22:49:56+00:00","dateModified":"2026-04-20T00:04:28+00:00","description":"Hudora Flitzkids 2.0 g\u00fcnstig kaufen bei Schweizversand.ch. Schnelle Lieferung in der Schweiz. Gratisversand ab CHF 50.","breadcrumb":{"@id":"https:\/\/schweizversand.ch\/fr\/produkt\/hudora-flitzkids-2-0\/#breadcrumb"},"inLanguage":"fr-FR","potentialAction":[{"@type":"ReadAction","target":["https:\/\/schweizversand.ch\/fr\/produkt\/hudora-flitzkids-2-0\/"]}]},{"@type":"ImageObject","inLanguage":"fr-FR","@id":"https:\/\/schweizversand.ch\/fr\/produkt\/hudora-flitzkids-2-0\/#primaryimage","url":"https:\/\/schweizversand.ch\/wp-content\/uploads\/2026\/02\/5471492879.png","contentUrl":"https:\/\/schweizversand.ch\/wp-content\/uploads\/2026\/02\/5471492879.png","width":981,"height":1024},{"@type":"BreadcrumbList","@id":"https:\/\/schweizversand.ch\/fr\/produkt\/hudora-flitzkids-2-0\/#breadcrumb","itemListElement":[{"@type":"ListItem","position":1,"name":"Startseite","item":"https:\/\/schweizversand.ch\/fr\/home\/"},{"@type":"ListItem","position":2,"name":"Boutique","item":"https:\/\/schweizversand.ch\/fr\/boutique\/"},{"@type":"ListItem","position":3,"name":"Jouets et jeux","item":"https:\/\/schweizversand.ch\/fr\/produkt-kategorie\/jouets-et-jeux\/"},{"@type":"ListItem","position":4,"name":"Jeux d'ext\u00e9rieur","item":"https:\/\/schweizversand.ch\/fr\/produkt-kategorie\/jouets-et-jeux\/jeux-dexterieur\/"},{"@type":"ListItem","position":5,"name":"V\u00e9hicules pour enfants","item":"https:\/\/schweizversand.ch\/fr\/produkt-kategorie\/jouets-et-jeux\/jeux-dexterieur\/kinderfahrzeuge\/"},{"@type":"ListItem","position":6,"name":"Hudora Flitzkids 2.0"}]},{"@type":"WebSite","@id":"https:\/\/schweizversand.ch\/fr\/#website","url":"https:\/\/schweizversand.ch\/fr\/","name":"Schweizer Shop f\u00fcr Sport, Spiel und Freizeit","description":"Gratisversand ab 50.- (netto), ab eigenem schweizer Lager, Lieferung innert 48h","publisher":{"@id":"https:\/\/schweizversand.ch\/fr\/#organization"},"alternateName":"Schweizversand.ch","potentialAction":[{"@type":"SearchAction","target":{"@type":"EntryPoint","urlTemplate":"https:\/\/schweizversand.ch\/fr\/?s={search_term_string}"},"query-input":{"@type":"PropertyValueSpecification","valueRequired":true,"valueName":"search_term_string"}}],"inLanguage":"fr-FR"},{"@type":"Organization","@id":"https:\/\/schweizversand.ch\/fr\/#organization","name":"Schweizversand.ch","url":"https:\/\/schweizversand.ch\/fr\/","logo":{"@type":"ImageObject","inLanguage":"fr-FR","@id":"https:\/\/schweizversand.ch\/fr\/#\/schema\/logo\/image\/","url":"https:\/\/schweizversand.ch\/wp-content\/uploads\/2026\/03\/Logo_Rund_Final-1.png","contentUrl":"https:\/\/schweizversand.ch\/wp-content\/uploads\/2026\/03\/Logo_Rund_Final-1.png","width":404,"height":404,"caption":"Schweizversand.ch"},"image":{"@id":"https:\/\/schweizversand.ch\/fr\/#\/schema\/logo\/image\/"},"sameAs":["https:\/\/www.facebook.com\/Schweizversand","https:\/\/www.instagram.com\/schweizversand.ch\/"]}]}},"jetpack_sharing_enabled":true,"_links":{"self":[{"href":"https:\/\/schweizversand.ch\/fr\/wp-json\/wp\/v2\/product\/248920","targetHints":{"allow":["GET"]}}],"collection":[{"href":"https:\/\/schweizversand.ch\/fr\/wp-json\/wp\/v2\/product"}],"about":[{"href":"https:\/\/schweizversand.ch\/fr\/wp-json\/wp\/v2\/types\/product"}],"replies":[{"embeddable":true,"href":"https:\/\/schweizversand.ch\/fr\/wp-json\/wp\/v2\/comments?post=248920"}],"wp:featuredmedia":[{"embeddable":true,"href":"https:\/\/schweizversand.ch\/fr\/wp-json\/wp\/v2\/media\/165521"}],"wp:attachment":[{"href":"https:\/\/schweizversand.ch\/fr\/wp-json\/wp\/v2\/media?parent=248920"}],"wp:term":[{"taxonomy":"product_brand","embeddable":true,"href":"https:\/\/schweizversand.ch\/fr\/wp-json\/wp\/v2\/product_brand?post=248920"},{"taxonomy":"product_cat","embeddable":true,"href":"https:\/\/schweizversand.ch\/fr\/wp-json\/wp\/v2\/product_cat?post=248920"},{"taxonomy":"product_tag","embeddable":true,"href":"https:\/\/schweizversand.ch\/fr\/wp-json\/wp\/v2\/product_tag?post=248920"}],"curies":[{"name":"wp","href":"https:\/\/api.w.org\/{rel}","templated":true}]}}