{"id":249628,"date":"2026-03-14T23:49:06","date_gmt":"2026-03-14T22:49:06","guid":{"rendered":"https:\/\/schweizversand.ch\/produkt\/pure2improve-knoechelbandage-2\/"},"modified":"2026-04-19T02:03:03","modified_gmt":"2026-04-19T00:03:03","slug":"pure2improve-knoechelbandage-2","status":"publish","type":"product","link":"https:\/\/schweizversand.ch\/fr\/produkt\/pure2improve-knoechelbandage-2\/","title":{"rendered":"Attelle de cheville Pure2improve"},"content":{"rendered":"<h1><strong>Chevill\u00e8re en n\u00e9opr\u00e8ne avec sangles de stabilisation<\/strong><\/h1>\n<div>Vous recherchez une solution fiable pour soutenir et stabiliser votre cheville\u00a0? La <strong>cheville en n\u00e9opr\u00e8ne<\/strong> offre un soutien optimal et une chaleur th\u00e9rapeutique, id\u00e9ale pour le sport, la r\u00e9\u00e9ducation et le quotidien. Prot\u00e9gez votre articulation et favorisez une r\u00e9cup\u00e9ration plus rapide gr\u00e2ce \u00e0 cette <strong>cheville<\/strong> de haute qualit\u00e9.<\/p>\n<\/div>\n<div><strong>Stabilit\u00e9 et protection maximales<\/strong><br \/>Cette chevill\u00e8re est con\u00e7ue pour exercer une pression douce et un soutien stable sur votre cheville. Les sangles int\u00e9gr\u00e9es et r\u00e9glables permettent un soutien cibl\u00e9 suppl\u00e9mentaire qui stabilise l&rsquo;articulation de mani\u00e8re optimale. Cela r\u00e9duit consid\u00e9rablement le risque d&rsquo;entorses et autres blessures, pour une plus grande confiance dans vos mouvements. Vous b\u00e9n\u00e9ficiez d&rsquo;une stabilisation efficace de la cheville sans restreindre votre libert\u00e9 de mouvement. Chaleur th\u00e9rapeutique contre l&rsquo;inflammation\u00a0: le n\u00e9opr\u00e8ne de haute qualit\u00e9 est reconnu pour ses excellentes propri\u00e9t\u00e9s thermiques. Il procure une agr\u00e9able sensation de chaleur qui favorise la circulation sanguine dans la zone affect\u00e9e. Ceci est particuli\u00e8rement b\u00e9n\u00e9fique pour une chevill\u00e8re en cas d&rsquo;inflammation, car la chaleur contribue \u00e0 soulager rapidement la douleur et favorise la gu\u00e9rison. Gardez votre articulation chaude et souple pour r\u00e9duire efficacement l&rsquo;inconfort. Utilisation polyvalente et confort : la chevill\u00e8re en n\u00e9opr\u00e8ne est confortable \u00e0 porter et, gr\u00e2ce \u00e0 sa mati\u00e8re flexible, s&rsquo;adapte parfaitement aux contours de votre pied. Elle est id\u00e9ale pour prot\u00e9ger votre cheville lors d&rsquo;activit\u00e9s sportives intensives et au quotidien. Utilisez-la en pr\u00e9vention pour \u00e9viter les blessures de surmenage, ou comme aide pr\u00e9cieuse pendant la r\u00e9\u00e9ducation apr\u00e8s une blessure.<\/p>\n<\/div>\n<div><strong>Vos \u200b\u200bavantages en un coup d&rsquo;\u0153il<\/strong><br \/>&#8211; Offre une pression douce et un soutien fiable \u00e0 l&rsquo;articulation de la cheville<br \/>&#8211; Sangles suppl\u00e9mentaires pour une stabilisation et un soutien personnalis\u00e9s<br \/>&#8211; La mati\u00e8re n\u00e9opr\u00e8ne favorise la circulation sanguine gr\u00e2ce \u00e0 sa chaleur th\u00e9rapeutique<br \/>&#8211; Id\u00e9ale pour soulager les douleurs inflammatoires<br \/>&#8211; R\u00e9duit le risque d&rsquo;entorses et autres blessures<br \/>&#8211; Convient au sport, au quotidien et \u00e0 la r\u00e9\u00e9ducation<\/p>\n<\/div>\n<div>Investissez dans la sant\u00e9 et la stabilit\u00e9 de votre articulation de la cheville. Commandez d\u00e8s aujourd&rsquo;hui cette <strong>bande de cheville en n\u00e9opr\u00e8ne<\/strong> et constatez la diff\u00e9rence en mati\u00e8re de confort et de s\u00e9curit\u00e9.<\/p>\n<\/div>\n<div>\n<\/div>\n","protected":false},"excerpt":{"rendered":"<p>Chevill\u00e8re en n\u00e9opr\u00e8ne avec sangles de stabilisation Vous recherchez une solution fiable pour soutenir et stabiliser votre cheville\u00a0? La cheville en n\u00e9opr\u00e8ne offre un soutien optimal et une chaleur th\u00e9rapeutique, id\u00e9ale pour le sport, la r\u00e9\u00e9ducation et le quotidien. Prot\u00e9gez votre articulation et favorisez une r\u00e9cup\u00e9ration plus rapide gr\u00e2ce \u00e0 cette cheville de haute qualit\u00e9. Stabilit\u00e9 et protection maximalesCette chevill\u00e8re est con\u00e7ue pour exercer une pression douce et un soutien stable sur votre cheville. Les&hellip;<\/p>\n","protected":false},"featured_media":262476,"comment_status":"open","ping_status":"closed","template":"","meta":[],"product_brand":[],"product_cat":[38620],"product_tag":[],"class_list":{"0":"post-249628","1":"product","2":"type-product","3":"status-publish","4":"has-post-thumbnail","6":"product_cat-stuetzen-bandagen","7":"product_shipping_class-global_methods","9":"first","10":"instock","11":"taxable","12":"shipping-taxable","13":"purchasable","14":"product-type-simple"},"yoast_head":"<!-- This site is optimized with the Yoast SEO plugin v27.4 - https:\/\/yoast.com\/product\/yoast-seo-wordpress\/ -->\n<title>Pure2improve Kn\u00f6chelbandage<\/title>\n<meta name=\"description\" content=\"Neopren-Sprunggelenkbandage mit Stabilisierungsriemen Suchen Sie nach einer zuverl\u00e4ssigen L\u00f6sung zur Unterst\u00fctzung und Stabilisierung Ihres Sprunggelenks? Die N\" \/>\n<meta name=\"robots\" content=\"index, follow, max-snippet:-1, max-image-preview:large, max-video-preview:-1\" \/>\n<link rel=\"canonical\" href=\"https:\/\/schweizversand.ch\/fr\/produkt\/pure2improve-knoechelbandage-2\/\" \/>\n<meta property=\"og:locale\" content=\"fr_FR\" \/>\n<meta property=\"og:type\" content=\"article\" \/>\n<meta property=\"og:title\" content=\"Pure2improve Kn\u00f6chelbandage\" \/>\n<meta property=\"og:description\" content=\"Neopren-Sprunggelenkbandage mit Stabilisierungsriemen Suchen Sie nach einer zuverl\u00e4ssigen L\u00f6sung zur Unterst\u00fctzung und Stabilisierung Ihres Sprunggelenks? Die N\" \/>\n<meta property=\"og:url\" content=\"https:\/\/schweizversand.ch\/fr\/produkt\/pure2improve-knoechelbandage-2\/\" \/>\n<meta property=\"og:site_name\" content=\"Schweizer Shop f\u00fcr Sport, Spiel und Freizeit\" \/>\n<meta property=\"article:publisher\" content=\"https:\/\/www.facebook.com\/Schweizversand\" \/>\n<meta property=\"article:modified_time\" content=\"2026-04-19T00:03:03+00:00\" \/>\n<meta property=\"og:image\" content=\"https:\/\/schweizversand.ch\/wp-content\/uploads\/2026\/02\/5471622221.jpg\" \/>\n\t<meta property=\"og:image:width\" content=\"1024\" \/>\n\t<meta property=\"og:image:height\" content=\"1024\" \/>\n\t<meta property=\"og:image:type\" content=\"image\/jpeg\" \/>\n<meta name=\"twitter:card\" content=\"summary_large_image\" \/>\n<meta name=\"twitter:label1\" content=\"Dur\u00e9e de lecture estim\u00e9e\" \/>\n\t<meta name=\"twitter:data1\" content=\"2 minutes\" \/>\n<script type=\"application\/ld+json\" class=\"yoast-schema-graph\">{\"@context\":\"https:\\\/\\\/schema.org\",\"@graph\":[{\"@type\":\"WebPage\",\"@id\":\"https:\\\/\\\/schweizversand.ch\\\/fr\\\/produkt\\\/pure2improve-knoechelbandage-2\\\/\",\"url\":\"https:\\\/\\\/schweizversand.ch\\\/fr\\\/produkt\\\/pure2improve-knoechelbandage-2\\\/\",\"name\":\"Pure2improve Kn\u00f6chelbandage\",\"isPartOf\":{\"@id\":\"https:\\\/\\\/schweizversand.ch\\\/fr\\\/#website\"},\"primaryImageOfPage\":{\"@id\":\"https:\\\/\\\/schweizversand.ch\\\/fr\\\/produkt\\\/pure2improve-knoechelbandage-2\\\/#primaryimage\"},\"image\":{\"@id\":\"https:\\\/\\\/schweizversand.ch\\\/fr\\\/produkt\\\/pure2improve-knoechelbandage-2\\\/#primaryimage\"},\"thumbnailUrl\":\"https:\\\/\\\/schweizversand.ch\\\/wp-content\\\/uploads\\\/2026\\\/02\\\/5471622221.jpg\",\"datePublished\":\"2026-03-14T22:49:06+00:00\",\"dateModified\":\"2026-04-19T00:03:03+00:00\",\"description\":\"Neopren-Sprunggelenkbandage mit Stabilisierungsriemen Suchen Sie nach einer zuverl\u00e4ssigen L\u00f6sung zur Unterst\u00fctzung und Stabilisierung Ihres Sprunggelenks? Die N\",\"breadcrumb\":{\"@id\":\"https:\\\/\\\/schweizversand.ch\\\/fr\\\/produkt\\\/pure2improve-knoechelbandage-2\\\/#breadcrumb\"},\"inLanguage\":\"fr-FR\",\"potentialAction\":[{\"@type\":\"ReadAction\",\"target\":[\"https:\\\/\\\/schweizversand.ch\\\/fr\\\/produkt\\\/pure2improve-knoechelbandage-2\\\/\"]}]},{\"@type\":\"ImageObject\",\"inLanguage\":\"fr-FR\",\"@id\":\"https:\\\/\\\/schweizversand.ch\\\/fr\\\/produkt\\\/pure2improve-knoechelbandage-2\\\/#primaryimage\",\"url\":\"https:\\\/\\\/schweizversand.ch\\\/wp-content\\\/uploads\\\/2026\\\/02\\\/5471622221.jpg\",\"contentUrl\":\"https:\\\/\\\/schweizversand.ch\\\/wp-content\\\/uploads\\\/2026\\\/02\\\/5471622221.jpg\",\"width\":1024,\"height\":1024},{\"@type\":\"BreadcrumbList\",\"@id\":\"https:\\\/\\\/schweizversand.ch\\\/fr\\\/produkt\\\/pure2improve-knoechelbandage-2\\\/#breadcrumb\",\"itemListElement\":[{\"@type\":\"ListItem\",\"position\":1,\"name\":\"Startseite\",\"item\":\"https:\\\/\\\/schweizversand.ch\\\/fr\\\/home\\\/\"},{\"@type\":\"ListItem\",\"position\":2,\"name\":\"Boutique\",\"item\":\"https:\\\/\\\/schweizversand.ch\\\/fr\\\/boutique\\\/\"},{\"@type\":\"ListItem\",\"position\":3,\"name\":\"Beaut\u00e9 et sant\u00e9\",\"item\":\"https:\\\/\\\/schweizversand.ch\\\/fr\\\/produkt-kategorie\\\/beaute-et-sante\\\/\"},{\"@type\":\"ListItem\",\"position\":4,\"name\":\"Sant\u00e9\",\"item\":\"https:\\\/\\\/schweizversand.ch\\\/fr\\\/produkt-kategorie\\\/beaute-et-sante\\\/sante\\\/\"},{\"@type\":\"ListItem\",\"position\":5,\"name\":\"Supports et bandages\",\"item\":\"https:\\\/\\\/schweizversand.ch\\\/fr\\\/produkt-kategorie\\\/beaute-et-sante\\\/sante\\\/stuetzen-bandagen\\\/\"},{\"@type\":\"ListItem\",\"position\":6,\"name\":\"Attelle de cheville Pure2improve\"}]},{\"@type\":\"WebSite\",\"@id\":\"https:\\\/\\\/schweizversand.ch\\\/fr\\\/#website\",\"url\":\"https:\\\/\\\/schweizversand.ch\\\/fr\\\/\",\"name\":\"Schweizer Shop f\u00fcr Sport, Spiel und Freizeit\",\"description\":\"Gratisversand ab 50.- (netto), ab eigenem schweizer Lager, Lieferung innert 48h\",\"publisher\":{\"@id\":\"https:\\\/\\\/schweizversand.ch\\\/fr\\\/#organization\"},\"alternateName\":\"Schweizversand.ch\",\"potentialAction\":[{\"@type\":\"SearchAction\",\"target\":{\"@type\":\"EntryPoint\",\"urlTemplate\":\"https:\\\/\\\/schweizversand.ch\\\/fr\\\/?s={search_term_string}\"},\"query-input\":{\"@type\":\"PropertyValueSpecification\",\"valueRequired\":true,\"valueName\":\"search_term_string\"}}],\"inLanguage\":\"fr-FR\"},{\"@type\":\"Organization\",\"@id\":\"https:\\\/\\\/schweizversand.ch\\\/fr\\\/#organization\",\"name\":\"Schweizversand.ch\",\"url\":\"https:\\\/\\\/schweizversand.ch\\\/fr\\\/\",\"logo\":{\"@type\":\"ImageObject\",\"inLanguage\":\"fr-FR\",\"@id\":\"https:\\\/\\\/schweizversand.ch\\\/fr\\\/#\\\/schema\\\/logo\\\/image\\\/\",\"url\":\"https:\\\/\\\/schweizversand.ch\\\/wp-content\\\/uploads\\\/2026\\\/03\\\/Logo_Rund_Final-1.png\",\"contentUrl\":\"https:\\\/\\\/schweizversand.ch\\\/wp-content\\\/uploads\\\/2026\\\/03\\\/Logo_Rund_Final-1.png\",\"width\":404,\"height\":404,\"caption\":\"Schweizversand.ch\"},\"image\":{\"@id\":\"https:\\\/\\\/schweizversand.ch\\\/fr\\\/#\\\/schema\\\/logo\\\/image\\\/\"},\"sameAs\":[\"https:\\\/\\\/www.facebook.com\\\/Schweizversand\",\"https:\\\/\\\/www.instagram.com\\\/schweizversand.ch\\\/\"]}]}<\/script>\n<!-- \/ Yoast SEO plugin. -->","yoast_head_json":{"title":"Pure2improve Kn\u00f6chelbandage","description":"Neopren-Sprunggelenkbandage mit Stabilisierungsriemen Suchen Sie nach einer zuverl\u00e4ssigen L\u00f6sung zur Unterst\u00fctzung und Stabilisierung Ihres Sprunggelenks? Die N","robots":{"index":"index","follow":"follow","max-snippet":"max-snippet:-1","max-image-preview":"max-image-preview:large","max-video-preview":"max-video-preview:-1"},"canonical":"https:\/\/schweizversand.ch\/fr\/produkt\/pure2improve-knoechelbandage-2\/","og_locale":"fr_FR","og_type":"article","og_title":"Pure2improve Kn\u00f6chelbandage","og_description":"Neopren-Sprunggelenkbandage mit Stabilisierungsriemen Suchen Sie nach einer zuverl\u00e4ssigen L\u00f6sung zur Unterst\u00fctzung und Stabilisierung Ihres Sprunggelenks? Die N","og_url":"https:\/\/schweizversand.ch\/fr\/produkt\/pure2improve-knoechelbandage-2\/","og_site_name":"Schweizer Shop f\u00fcr Sport, Spiel und Freizeit","article_publisher":"https:\/\/www.facebook.com\/Schweizversand","article_modified_time":"2026-04-19T00:03:03+00:00","og_image":[{"width":1024,"height":1024,"url":"https:\/\/schweizversand.ch\/wp-content\/uploads\/2026\/02\/5471622221.jpg","type":"image\/jpeg"}],"twitter_card":"summary_large_image","twitter_misc":{"Dur\u00e9e de lecture estim\u00e9e":"2 minutes"},"schema":{"@context":"https:\/\/schema.org","@graph":[{"@type":"WebPage","@id":"https:\/\/schweizversand.ch\/fr\/produkt\/pure2improve-knoechelbandage-2\/","url":"https:\/\/schweizversand.ch\/fr\/produkt\/pure2improve-knoechelbandage-2\/","name":"Pure2improve Kn\u00f6chelbandage","isPartOf":{"@id":"https:\/\/schweizversand.ch\/fr\/#website"},"primaryImageOfPage":{"@id":"https:\/\/schweizversand.ch\/fr\/produkt\/pure2improve-knoechelbandage-2\/#primaryimage"},"image":{"@id":"https:\/\/schweizversand.ch\/fr\/produkt\/pure2improve-knoechelbandage-2\/#primaryimage"},"thumbnailUrl":"https:\/\/schweizversand.ch\/wp-content\/uploads\/2026\/02\/5471622221.jpg","datePublished":"2026-03-14T22:49:06+00:00","dateModified":"2026-04-19T00:03:03+00:00","description":"Neopren-Sprunggelenkbandage mit Stabilisierungsriemen Suchen Sie nach einer zuverl\u00e4ssigen L\u00f6sung zur Unterst\u00fctzung und Stabilisierung Ihres Sprunggelenks? Die N","breadcrumb":{"@id":"https:\/\/schweizversand.ch\/fr\/produkt\/pure2improve-knoechelbandage-2\/#breadcrumb"},"inLanguage":"fr-FR","potentialAction":[{"@type":"ReadAction","target":["https:\/\/schweizversand.ch\/fr\/produkt\/pure2improve-knoechelbandage-2\/"]}]},{"@type":"ImageObject","inLanguage":"fr-FR","@id":"https:\/\/schweizversand.ch\/fr\/produkt\/pure2improve-knoechelbandage-2\/#primaryimage","url":"https:\/\/schweizversand.ch\/wp-content\/uploads\/2026\/02\/5471622221.jpg","contentUrl":"https:\/\/schweizversand.ch\/wp-content\/uploads\/2026\/02\/5471622221.jpg","width":1024,"height":1024},{"@type":"BreadcrumbList","@id":"https:\/\/schweizversand.ch\/fr\/produkt\/pure2improve-knoechelbandage-2\/#breadcrumb","itemListElement":[{"@type":"ListItem","position":1,"name":"Startseite","item":"https:\/\/schweizversand.ch\/fr\/home\/"},{"@type":"ListItem","position":2,"name":"Boutique","item":"https:\/\/schweizversand.ch\/fr\/boutique\/"},{"@type":"ListItem","position":3,"name":"Beaut\u00e9 et sant\u00e9","item":"https:\/\/schweizversand.ch\/fr\/produkt-kategorie\/beaute-et-sante\/"},{"@type":"ListItem","position":4,"name":"Sant\u00e9","item":"https:\/\/schweizversand.ch\/fr\/produkt-kategorie\/beaute-et-sante\/sante\/"},{"@type":"ListItem","position":5,"name":"Supports et bandages","item":"https:\/\/schweizversand.ch\/fr\/produkt-kategorie\/beaute-et-sante\/sante\/stuetzen-bandagen\/"},{"@type":"ListItem","position":6,"name":"Attelle de cheville Pure2improve"}]},{"@type":"WebSite","@id":"https:\/\/schweizversand.ch\/fr\/#website","url":"https:\/\/schweizversand.ch\/fr\/","name":"Schweizer Shop f\u00fcr Sport, Spiel und Freizeit","description":"Gratisversand ab 50.- (netto), ab eigenem schweizer Lager, Lieferung innert 48h","publisher":{"@id":"https:\/\/schweizversand.ch\/fr\/#organization"},"alternateName":"Schweizversand.ch","potentialAction":[{"@type":"SearchAction","target":{"@type":"EntryPoint","urlTemplate":"https:\/\/schweizversand.ch\/fr\/?s={search_term_string}"},"query-input":{"@type":"PropertyValueSpecification","valueRequired":true,"valueName":"search_term_string"}}],"inLanguage":"fr-FR"},{"@type":"Organization","@id":"https:\/\/schweizversand.ch\/fr\/#organization","name":"Schweizversand.ch","url":"https:\/\/schweizversand.ch\/fr\/","logo":{"@type":"ImageObject","inLanguage":"fr-FR","@id":"https:\/\/schweizversand.ch\/fr\/#\/schema\/logo\/image\/","url":"https:\/\/schweizversand.ch\/wp-content\/uploads\/2026\/03\/Logo_Rund_Final-1.png","contentUrl":"https:\/\/schweizversand.ch\/wp-content\/uploads\/2026\/03\/Logo_Rund_Final-1.png","width":404,"height":404,"caption":"Schweizversand.ch"},"image":{"@id":"https:\/\/schweizversand.ch\/fr\/#\/schema\/logo\/image\/"},"sameAs":["https:\/\/www.facebook.com\/Schweizversand","https:\/\/www.instagram.com\/schweizversand.ch\/"]}]}},"jetpack_sharing_enabled":true,"_links":{"self":[{"href":"https:\/\/schweizversand.ch\/fr\/wp-json\/wp\/v2\/product\/249628","targetHints":{"allow":["GET"]}}],"collection":[{"href":"https:\/\/schweizversand.ch\/fr\/wp-json\/wp\/v2\/product"}],"about":[{"href":"https:\/\/schweizversand.ch\/fr\/wp-json\/wp\/v2\/types\/product"}],"replies":[{"embeddable":true,"href":"https:\/\/schweizversand.ch\/fr\/wp-json\/wp\/v2\/comments?post=249628"}],"wp:featuredmedia":[{"embeddable":true,"href":"https:\/\/schweizversand.ch\/fr\/wp-json\/wp\/v2\/media\/262476"}],"wp:attachment":[{"href":"https:\/\/schweizversand.ch\/fr\/wp-json\/wp\/v2\/media?parent=249628"}],"wp:term":[{"taxonomy":"product_brand","embeddable":true,"href":"https:\/\/schweizversand.ch\/fr\/wp-json\/wp\/v2\/product_brand?post=249628"},{"taxonomy":"product_cat","embeddable":true,"href":"https:\/\/schweizversand.ch\/fr\/wp-json\/wp\/v2\/product_cat?post=249628"},{"taxonomy":"product_tag","embeddable":true,"href":"https:\/\/schweizversand.ch\/fr\/wp-json\/wp\/v2\/product_tag?post=249628"}],"curies":[{"name":"wp","href":"https:\/\/api.w.org\/{rel}","templated":true}]}}