{"id":249638,"date":"2026-03-14T23:49:11","date_gmt":"2026-03-14T22:49:11","guid":{"rendered":"https:\/\/schweizversand.ch\/produkt\/pure2improve-wasserflasche\/"},"modified":"2026-04-20T02:02:55","modified_gmt":"2026-04-20T00:02:55","slug":"pure2improve-wasserflasche","status":"publish","type":"product","link":"https:\/\/schweizversand.ch\/fr\/produkt\/pure2improve-wasserflasche\/","title":{"rendered":"Bouteille d&rsquo;eau Pure2improve"},"content":{"rendered":"<h1><strong>Gourde Pure2Improve en acier inoxydable avec tuyau pliable<\/strong><\/h1>\n<div>Restez hydrat\u00e9(e) de fa\u00e7on optimale en toutes circonstances gr\u00e2ce \u00e0 la <strong>gourde Pure2Improve en acier inoxydable<\/strong>. Durable et <strong>incassable<\/strong>, cette gourde est le compagnon id\u00e9al des personnes actives, que ce soit pour une s\u00e9ance de <strong>yoga<\/strong> ou lors de vos d\u00e9placements.<\/p>\n<\/div>\n<div><strong>Avantages et design du produit<\/strong><br \/>La <strong>gourde de sport<\/strong> impressionne par sa robustesse gr\u00e2ce \u00e0 son corps en acier inoxydable, qui garantit une stabilit\u00e9 et une durabilit\u00e9 maximales. L&rsquo;alliance de l&rsquo;acier inoxydable et de l&rsquo;EVA lui conf\u00e8re un design moderne et sportif, alliant parfaitement fonctionnalit\u00e9 et style. C&rsquo;est l&rsquo;alternative \u00e9cologique et r\u00e9utilisable aux bouteilles en plastique classiques. Pratique en d\u00e9placement\u00a0: le tuyau pliable inclus permet de boire facilement et rapidement, un atout pr\u00e9cieux lors d&rsquo;entra\u00eenements intensifs ou d&rsquo;activit\u00e9s de plein air. Gr\u00e2ce \u00e0 sa conception incassable, vous n&rsquo;avez pas \u00e0 craindre de l&rsquo;ab\u00eemer, m\u00eame en cas d&rsquo;utilisation intensive. Cette bouteille est facile \u00e0 nettoyer et hygi\u00e9nique. D\u00e9tails du produit Pure2Improve\u00a0: &#8211; Mat\u00e9riaux\u00a0: Acier inoxydable et EVA de haute qualit\u00e9<br \/>&#8211; Particuli\u00e8rement robuste et r\u00e9sistante aux chocs<br \/>&#8211; Comprend un tube d&rsquo;hydratation pliable pour boire confortablement<br \/>&#8211; Id\u00e9ale pour le yoga, le fitness, les voyages et les activit\u00e9s de plein air<br \/>&#8211; R\u00e9utilisable et \u00e9cologique<br \/>&#8211; Design \u00e9l\u00e9gant et sportif<\/p>\n<\/div>\n<div>Optez pour la qualit\u00e9 et la durabilit\u00e9. Commandez votre bouteille d&rsquo;eau en acier inoxydable Pure2Improve d\u00e8s aujourd&rsquo;hui et hydratez-vous comme jamais auparavant.<\/p>\n","protected":false},"excerpt":{"rendered":"<p>Gourde Pure2Improve en acier inoxydable avec tuyau pliable Restez hydrat\u00e9(e) de fa\u00e7on optimale en toutes circonstances gr\u00e2ce \u00e0 la gourde Pure2Improve en acier inoxydable. Durable et incassable, cette gourde est le compagnon id\u00e9al des personnes actives, que ce soit pour une s\u00e9ance de yoga ou lors de vos d\u00e9placements. Avantages et design du produitLa gourde de sport impressionne par sa robustesse gr\u00e2ce \u00e0 son corps en acier inoxydable, qui garantit une stabilit\u00e9 et une durabilit\u00e9&hellip;<\/p>\n","protected":false},"featured_media":157456,"comment_status":"open","ping_status":"closed","template":"","meta":[],"product_brand":[],"product_cat":[38337],"product_tag":[],"class_list":{"0":"post-249638","1":"product","2":"type-product","3":"status-publish","4":"has-post-thumbnail","6":"product_cat-trink-thermosflaschen","7":"product_shipping_class-global_methods","9":"first","10":"instock","11":"taxable","12":"shipping-taxable","13":"purchasable","14":"product-type-simple"},"yoast_head":"<!-- This site is optimized with the Yoast SEO plugin v27.4 - https:\/\/yoast.com\/product\/yoast-seo-wordpress\/ -->\n<title>Pure2improve Wasserflasche | Jetzt kaufen | Schweizversand.ch<\/title>\n<meta name=\"description\" content=\"Pure2improve Wasserflasche g\u00fcnstig kaufen bei Schweizversand.ch. Schnelle Lieferung in der Schweiz. Gratisversand ab CHF 50.\" \/>\n<meta name=\"robots\" content=\"index, follow, max-snippet:-1, max-image-preview:large, max-video-preview:-1\" \/>\n<link rel=\"canonical\" href=\"https:\/\/schweizversand.ch\/fr\/produkt\/pure2improve-wasserflasche\/\" \/>\n<meta property=\"og:locale\" content=\"fr_FR\" \/>\n<meta property=\"og:type\" content=\"article\" \/>\n<meta property=\"og:title\" content=\"Pure2improve Wasserflasche | Jetzt kaufen | Schweizversand.ch\" \/>\n<meta property=\"og:description\" content=\"Pure2improve Wasserflasche g\u00fcnstig kaufen bei Schweizversand.ch. Schnelle Lieferung in der Schweiz. Gratisversand ab CHF 50.\" \/>\n<meta property=\"og:url\" content=\"https:\/\/schweizversand.ch\/fr\/produkt\/pure2improve-wasserflasche\/\" \/>\n<meta property=\"og:site_name\" content=\"Schweizer Shop f\u00fcr Sport, Spiel und Freizeit\" \/>\n<meta property=\"article:publisher\" content=\"https:\/\/www.facebook.com\/Schweizversand\" \/>\n<meta property=\"article:modified_time\" content=\"2026-04-20T00:02:55+00:00\" \/>\n<meta property=\"og:image\" content=\"https:\/\/schweizversand.ch\/wp-content\/uploads\/2026\/02\/5471545550.jpg\" \/>\n\t<meta property=\"og:image:width\" content=\"1024\" \/>\n\t<meta property=\"og:image:height\" content=\"1024\" \/>\n\t<meta property=\"og:image:type\" content=\"image\/jpeg\" \/>\n<meta name=\"twitter:card\" content=\"summary_large_image\" \/>\n<meta name=\"twitter:label1\" content=\"Dur\u00e9e de lecture estim\u00e9e\" \/>\n\t<meta name=\"twitter:data1\" content=\"1 minute\" \/>\n<script type=\"application\/ld+json\" class=\"yoast-schema-graph\">{\"@context\":\"https:\\\/\\\/schema.org\",\"@graph\":[{\"@type\":\"WebPage\",\"@id\":\"https:\\\/\\\/schweizversand.ch\\\/fr\\\/produkt\\\/pure2improve-wasserflasche\\\/\",\"url\":\"https:\\\/\\\/schweizversand.ch\\\/fr\\\/produkt\\\/pure2improve-wasserflasche\\\/\",\"name\":\"Pure2improve Wasserflasche | Jetzt kaufen | Schweizversand.ch\",\"isPartOf\":{\"@id\":\"https:\\\/\\\/schweizversand.ch\\\/fr\\\/#website\"},\"primaryImageOfPage\":{\"@id\":\"https:\\\/\\\/schweizversand.ch\\\/fr\\\/produkt\\\/pure2improve-wasserflasche\\\/#primaryimage\"},\"image\":{\"@id\":\"https:\\\/\\\/schweizversand.ch\\\/fr\\\/produkt\\\/pure2improve-wasserflasche\\\/#primaryimage\"},\"thumbnailUrl\":\"https:\\\/\\\/schweizversand.ch\\\/wp-content\\\/uploads\\\/2026\\\/02\\\/5471545550.jpg\",\"datePublished\":\"2026-03-14T22:49:11+00:00\",\"dateModified\":\"2026-04-20T00:02:55+00:00\",\"description\":\"Pure2improve Wasserflasche g\u00fcnstig kaufen bei Schweizversand.ch. Schnelle Lieferung in der Schweiz. Gratisversand ab CHF 50.\",\"breadcrumb\":{\"@id\":\"https:\\\/\\\/schweizversand.ch\\\/fr\\\/produkt\\\/pure2improve-wasserflasche\\\/#breadcrumb\"},\"inLanguage\":\"fr-FR\",\"potentialAction\":[{\"@type\":\"ReadAction\",\"target\":[\"https:\\\/\\\/schweizversand.ch\\\/fr\\\/produkt\\\/pure2improve-wasserflasche\\\/\"]}]},{\"@type\":\"ImageObject\",\"inLanguage\":\"fr-FR\",\"@id\":\"https:\\\/\\\/schweizversand.ch\\\/fr\\\/produkt\\\/pure2improve-wasserflasche\\\/#primaryimage\",\"url\":\"https:\\\/\\\/schweizversand.ch\\\/wp-content\\\/uploads\\\/2026\\\/02\\\/5471545550.jpg\",\"contentUrl\":\"https:\\\/\\\/schweizversand.ch\\\/wp-content\\\/uploads\\\/2026\\\/02\\\/5471545550.jpg\",\"width\":1024,\"height\":1024},{\"@type\":\"BreadcrumbList\",\"@id\":\"https:\\\/\\\/schweizversand.ch\\\/fr\\\/produkt\\\/pure2improve-wasserflasche\\\/#breadcrumb\",\"itemListElement\":[{\"@type\":\"ListItem\",\"position\":1,\"name\":\"Startseite\",\"item\":\"https:\\\/\\\/schweizversand.ch\\\/fr\\\/home\\\/\"},{\"@type\":\"ListItem\",\"position\":2,\"name\":\"Boutique\",\"item\":\"https:\\\/\\\/schweizversand.ch\\\/fr\\\/boutique\\\/\"},{\"@type\":\"ListItem\",\"position\":3,\"name\":\"Sports\",\"item\":\"https:\\\/\\\/schweizversand.ch\\\/fr\\\/produkt-kategorie\\\/sports\\\/\"},{\"@type\":\"ListItem\",\"position\":4,\"name\":\"Fitness\",\"item\":\"https:\\\/\\\/schweizversand.ch\\\/fr\\\/produkt-kategorie\\\/sports\\\/fitness\\\/\"},{\"@type\":\"ListItem\",\"position\":5,\"name\":\"Bouteilles isothermes et thermos\",\"item\":\"https:\\\/\\\/schweizversand.ch\\\/fr\\\/produkt-kategorie\\\/sports\\\/fitness\\\/trink-thermosflaschen\\\/\"},{\"@type\":\"ListItem\",\"position\":6,\"name\":\"Bouteille d&#8217;eau Pure2improve\"}]},{\"@type\":\"WebSite\",\"@id\":\"https:\\\/\\\/schweizversand.ch\\\/fr\\\/#website\",\"url\":\"https:\\\/\\\/schweizversand.ch\\\/fr\\\/\",\"name\":\"Schweizer Shop f\u00fcr Sport, Spiel und Freizeit\",\"description\":\"Gratisversand ab 50.- (netto), ab eigenem schweizer Lager, Lieferung innert 48h\",\"publisher\":{\"@id\":\"https:\\\/\\\/schweizversand.ch\\\/fr\\\/#organization\"},\"alternateName\":\"Schweizversand.ch\",\"potentialAction\":[{\"@type\":\"SearchAction\",\"target\":{\"@type\":\"EntryPoint\",\"urlTemplate\":\"https:\\\/\\\/schweizversand.ch\\\/fr\\\/?s={search_term_string}\"},\"query-input\":{\"@type\":\"PropertyValueSpecification\",\"valueRequired\":true,\"valueName\":\"search_term_string\"}}],\"inLanguage\":\"fr-FR\"},{\"@type\":\"Organization\",\"@id\":\"https:\\\/\\\/schweizversand.ch\\\/fr\\\/#organization\",\"name\":\"Schweizversand.ch\",\"url\":\"https:\\\/\\\/schweizversand.ch\\\/fr\\\/\",\"logo\":{\"@type\":\"ImageObject\",\"inLanguage\":\"fr-FR\",\"@id\":\"https:\\\/\\\/schweizversand.ch\\\/fr\\\/#\\\/schema\\\/logo\\\/image\\\/\",\"url\":\"https:\\\/\\\/schweizversand.ch\\\/wp-content\\\/uploads\\\/2026\\\/03\\\/Logo_Rund_Final-1.png\",\"contentUrl\":\"https:\\\/\\\/schweizversand.ch\\\/wp-content\\\/uploads\\\/2026\\\/03\\\/Logo_Rund_Final-1.png\",\"width\":404,\"height\":404,\"caption\":\"Schweizversand.ch\"},\"image\":{\"@id\":\"https:\\\/\\\/schweizversand.ch\\\/fr\\\/#\\\/schema\\\/logo\\\/image\\\/\"},\"sameAs\":[\"https:\\\/\\\/www.facebook.com\\\/Schweizversand\",\"https:\\\/\\\/www.instagram.com\\\/schweizversand.ch\\\/\"]}]}<\/script>\n<!-- \/ Yoast SEO plugin. -->","yoast_head_json":{"title":"Pure2improve Wasserflasche | Jetzt kaufen | Schweizversand.ch","description":"Pure2improve Wasserflasche g\u00fcnstig kaufen bei Schweizversand.ch. Schnelle Lieferung in der Schweiz. Gratisversand ab CHF 50.","robots":{"index":"index","follow":"follow","max-snippet":"max-snippet:-1","max-image-preview":"max-image-preview:large","max-video-preview":"max-video-preview:-1"},"canonical":"https:\/\/schweizversand.ch\/fr\/produkt\/pure2improve-wasserflasche\/","og_locale":"fr_FR","og_type":"article","og_title":"Pure2improve Wasserflasche | Jetzt kaufen | Schweizversand.ch","og_description":"Pure2improve Wasserflasche g\u00fcnstig kaufen bei Schweizversand.ch. Schnelle Lieferung in der Schweiz. Gratisversand ab CHF 50.","og_url":"https:\/\/schweizversand.ch\/fr\/produkt\/pure2improve-wasserflasche\/","og_site_name":"Schweizer Shop f\u00fcr Sport, Spiel und Freizeit","article_publisher":"https:\/\/www.facebook.com\/Schweizversand","article_modified_time":"2026-04-20T00:02:55+00:00","og_image":[{"width":1024,"height":1024,"url":"https:\/\/schweizversand.ch\/wp-content\/uploads\/2026\/02\/5471545550.jpg","type":"image\/jpeg"}],"twitter_card":"summary_large_image","twitter_misc":{"Dur\u00e9e de lecture estim\u00e9e":"1 minute"},"schema":{"@context":"https:\/\/schema.org","@graph":[{"@type":"WebPage","@id":"https:\/\/schweizversand.ch\/fr\/produkt\/pure2improve-wasserflasche\/","url":"https:\/\/schweizversand.ch\/fr\/produkt\/pure2improve-wasserflasche\/","name":"Pure2improve Wasserflasche | Jetzt kaufen | Schweizversand.ch","isPartOf":{"@id":"https:\/\/schweizversand.ch\/fr\/#website"},"primaryImageOfPage":{"@id":"https:\/\/schweizversand.ch\/fr\/produkt\/pure2improve-wasserflasche\/#primaryimage"},"image":{"@id":"https:\/\/schweizversand.ch\/fr\/produkt\/pure2improve-wasserflasche\/#primaryimage"},"thumbnailUrl":"https:\/\/schweizversand.ch\/wp-content\/uploads\/2026\/02\/5471545550.jpg","datePublished":"2026-03-14T22:49:11+00:00","dateModified":"2026-04-20T00:02:55+00:00","description":"Pure2improve Wasserflasche g\u00fcnstig kaufen bei Schweizversand.ch. Schnelle Lieferung in der Schweiz. Gratisversand ab CHF 50.","breadcrumb":{"@id":"https:\/\/schweizversand.ch\/fr\/produkt\/pure2improve-wasserflasche\/#breadcrumb"},"inLanguage":"fr-FR","potentialAction":[{"@type":"ReadAction","target":["https:\/\/schweizversand.ch\/fr\/produkt\/pure2improve-wasserflasche\/"]}]},{"@type":"ImageObject","inLanguage":"fr-FR","@id":"https:\/\/schweizversand.ch\/fr\/produkt\/pure2improve-wasserflasche\/#primaryimage","url":"https:\/\/schweizversand.ch\/wp-content\/uploads\/2026\/02\/5471545550.jpg","contentUrl":"https:\/\/schweizversand.ch\/wp-content\/uploads\/2026\/02\/5471545550.jpg","width":1024,"height":1024},{"@type":"BreadcrumbList","@id":"https:\/\/schweizversand.ch\/fr\/produkt\/pure2improve-wasserflasche\/#breadcrumb","itemListElement":[{"@type":"ListItem","position":1,"name":"Startseite","item":"https:\/\/schweizversand.ch\/fr\/home\/"},{"@type":"ListItem","position":2,"name":"Boutique","item":"https:\/\/schweizversand.ch\/fr\/boutique\/"},{"@type":"ListItem","position":3,"name":"Sports","item":"https:\/\/schweizversand.ch\/fr\/produkt-kategorie\/sports\/"},{"@type":"ListItem","position":4,"name":"Fitness","item":"https:\/\/schweizversand.ch\/fr\/produkt-kategorie\/sports\/fitness\/"},{"@type":"ListItem","position":5,"name":"Bouteilles isothermes et thermos","item":"https:\/\/schweizversand.ch\/fr\/produkt-kategorie\/sports\/fitness\/trink-thermosflaschen\/"},{"@type":"ListItem","position":6,"name":"Bouteille d&#8217;eau Pure2improve"}]},{"@type":"WebSite","@id":"https:\/\/schweizversand.ch\/fr\/#website","url":"https:\/\/schweizversand.ch\/fr\/","name":"Schweizer Shop f\u00fcr Sport, Spiel und Freizeit","description":"Gratisversand ab 50.- (netto), ab eigenem schweizer Lager, Lieferung innert 48h","publisher":{"@id":"https:\/\/schweizversand.ch\/fr\/#organization"},"alternateName":"Schweizversand.ch","potentialAction":[{"@type":"SearchAction","target":{"@type":"EntryPoint","urlTemplate":"https:\/\/schweizversand.ch\/fr\/?s={search_term_string}"},"query-input":{"@type":"PropertyValueSpecification","valueRequired":true,"valueName":"search_term_string"}}],"inLanguage":"fr-FR"},{"@type":"Organization","@id":"https:\/\/schweizversand.ch\/fr\/#organization","name":"Schweizversand.ch","url":"https:\/\/schweizversand.ch\/fr\/","logo":{"@type":"ImageObject","inLanguage":"fr-FR","@id":"https:\/\/schweizversand.ch\/fr\/#\/schema\/logo\/image\/","url":"https:\/\/schweizversand.ch\/wp-content\/uploads\/2026\/03\/Logo_Rund_Final-1.png","contentUrl":"https:\/\/schweizversand.ch\/wp-content\/uploads\/2026\/03\/Logo_Rund_Final-1.png","width":404,"height":404,"caption":"Schweizversand.ch"},"image":{"@id":"https:\/\/schweizversand.ch\/fr\/#\/schema\/logo\/image\/"},"sameAs":["https:\/\/www.facebook.com\/Schweizversand","https:\/\/www.instagram.com\/schweizversand.ch\/"]}]}},"jetpack_sharing_enabled":true,"_links":{"self":[{"href":"https:\/\/schweizversand.ch\/fr\/wp-json\/wp\/v2\/product\/249638","targetHints":{"allow":["GET"]}}],"collection":[{"href":"https:\/\/schweizversand.ch\/fr\/wp-json\/wp\/v2\/product"}],"about":[{"href":"https:\/\/schweizversand.ch\/fr\/wp-json\/wp\/v2\/types\/product"}],"replies":[{"embeddable":true,"href":"https:\/\/schweizversand.ch\/fr\/wp-json\/wp\/v2\/comments?post=249638"}],"wp:featuredmedia":[{"embeddable":true,"href":"https:\/\/schweizversand.ch\/fr\/wp-json\/wp\/v2\/media\/157456"}],"wp:attachment":[{"href":"https:\/\/schweizversand.ch\/fr\/wp-json\/wp\/v2\/media?parent=249638"}],"wp:term":[{"taxonomy":"product_brand","embeddable":true,"href":"https:\/\/schweizversand.ch\/fr\/wp-json\/wp\/v2\/product_brand?post=249638"},{"taxonomy":"product_cat","embeddable":true,"href":"https:\/\/schweizversand.ch\/fr\/wp-json\/wp\/v2\/product_cat?post=249638"},{"taxonomy":"product_tag","embeddable":true,"href":"https:\/\/schweizversand.ch\/fr\/wp-json\/wp\/v2\/product_tag?post=249638"}],"curies":[{"name":"wp","href":"https:\/\/api.w.org\/{rel}","templated":true}]}}