{"id":249659,"date":"2026-03-15T00:28:41","date_gmt":"2026-03-14T23:28:41","guid":{"rendered":"https:\/\/schweizversand.ch\/produkt\/hasbro-hasbro-hydro-pods-clash-splash-duell\/"},"modified":"2026-04-20T02:04:10","modified_gmt":"2026-04-20T00:04:10","slug":"hasbro-hasbro-hydro-pods-clash-splash-duell","status":"publish","type":"product","link":"https:\/\/schweizversand.ch\/fr\/produkt\/hasbro-hasbro-hydro-pods-clash-splash-duell\/","title":{"rendered":"Hasbro Hasbro Hydro Pods Clash &#038; Splash Duel"},"content":{"rendered":"<h1><strong>Hasbro Hydro Pods Clash &#038; Splash Duel \u2013 Jouet \u00e0 collectionner pour des batailles aquatiques explosives<\/strong><\/h1>\n<div>Plongez dans l&rsquo;univers passionnant des <strong>Hydro Pods<\/strong>, le jouet \u00e0 collectionner innovant qui allie combats palpitants et plaisir aquatique rafra\u00eechissant. Ce coffret contient tout le n\u00e9cessaire pour des <strong>Duels \u00c9claboussants<\/strong> instantan\u00e9s et garantit des heures de divertissement aux enfants d\u00e8s 6 ans.<\/p>\n<\/div>\n<div><strong>Le jouet ultime pour les batailles aquatiques<\/strong><br \/>Les Hydro Pods<\/strong> d&rsquo;Hasbro r\u00e9volutionnent la collection et le jeu. Le concept est simple et captivant\u00a0: remplissez l&rsquo;Hydro Pod d&rsquo;eau, combattez et envoyez votre adversaire plonger dans l&rsquo;eau avec un splash spectaculaire\u00a0! Ce concept unique garantit des duels toujours plus passionnants qui exigent adresse et pr\u00e9cision.<\/p>\n<\/div>\n<div><strong>D\u00e9couvrez des personnages exclusifs<\/strong><br \/>Ce coffret sp\u00e9cial renferme une surprise\u00a0! Plongez simplement les Hydro Pods dans l&rsquo;eau pour r\u00e9v\u00e9ler les deux personnages exclusifs\u00a0: l&rsquo;axolotl pirate rose (Max la Hache) et la loutre verte (Oswald la Loutre). Ces deux figurines uniques sont incluses uniquement dans ce <strong>Coffret Hydro Pods<\/strong> et ajoutent instantan\u00e9ment de redoutables duellistes \u00e0 votre collection. <\/p>\n<\/div>\n<div><strong>Comment fonctionne Splash Duel<\/strong><br \/>Ce jeu de bataille aquatique est intuitif et rapide \u00e0 installer. Placez les Hydro Pods dans les bols d&rsquo;eau inclus. Le but est de lancer les disques annulaires avec les lanceurs afin d&rsquo;atteindre la cible de votre adversaire. D\u00e8s que la cible est touch\u00e9e, le pod se vide dans un plouf satisfaisant. Gr\u00e2ce aux bacs \u00e0 eau, qui peuvent contenir l&rsquo;eau de plus de 12 Hydro Pods, l&rsquo;environnement reste propre et les enfants peuvent s&rsquo;amuser en toute tranquillit\u00e9. <\/p>\n<\/div>\n<div><strong>Un ensemble complet pour un plaisir imm\u00e9diat<\/strong><br \/>Ce jouet de collection pour enfants est pr\u00eat \u00e0 l&#8217;emploi d\u00e8s l&rsquo;ouverture de la bo\u00eete et offre une exp\u00e9rience de combat compl\u00e8te. Il comprend tous les \u00e9l\u00e9ments n\u00e9cessaires pour commencer le duel imm\u00e9diatement\u00a0:<\/p>\n<\/div>\n<div><strong>Contenu de l&rsquo;ensemble Hydro Pods<\/strong><br \/>&#8211; 2 Hydro Pods (environ 10\u00a0cm chacun)<br \/>&#8211; 2 Tide Catchers (bols d&rsquo;eau)<br \/>&#8211; 2 cibles<br \/>&#8211; 2 lanceurs<br \/>&#8211; 6 disques anneaux<\/p>\n<\/div>\n<div><strong>Votre avantage\u00a0: du plaisir \u00e0 l&rsquo;infini et un objet de collection<\/strong><br \/>Les Hydro Pods ne sont pas seulement un jouet plein d&rsquo;action, mais aussi un objet de collection tr\u00e8s recherch\u00e9. La possibilit\u00e9 de remplir les pods permet une \u00ab\u00a0Revanche aquatique\u00a0\u00bb imm\u00e9diate. Agrandissez votre collection avec d&rsquo;autres personnages et vivez de nouveaux duels passionnants. Ce jeu favorise la coordination \u0153il-main et garantit des heures de divertissement.<\/p>\n<\/div>\n<div>Procurez-vous d\u00e8s maintenant le jeu <strong>Hasbro Hydro Pods Clash &#038; Splash Duel<\/strong> et lancez-vous dans une nouvelle bataille d&rsquo;eau palpitante\u00a0!<\/strong><\/p>\n","protected":false},"excerpt":{"rendered":"<p>Hasbro Hydro Pods Clash &#038; Splash Duel \u2013 Jouet \u00e0 collectionner pour des batailles aquatiques explosives Plongez dans l&rsquo;univers passionnant des Hydro Pods, le jouet \u00e0 collectionner innovant qui allie combats palpitants et plaisir aquatique rafra\u00eechissant. Ce coffret contient tout le n\u00e9cessaire pour des Duels \u00c9claboussants instantan\u00e9s et garantit des heures de divertissement aux enfants d\u00e8s 6 ans. Le jouet ultime pour les batailles aquatiquesLes Hydro Pods d&rsquo;Hasbro r\u00e9volutionnent la collection et le jeu. Le&hellip;<\/p>\n","protected":false},"featured_media":257360,"comment_status":"open","ping_status":"closed","template":"","meta":[],"product_brand":[],"product_cat":[38097],"product_tag":[],"class_list":{"0":"post-249659","1":"product","2":"type-product","3":"status-publish","4":"has-post-thumbnail","6":"product_cat-spielzeugfigur-roboter","7":"product_shipping_class-global_methods","9":"first","10":"instock","11":"taxable","12":"shipping-taxable","13":"purchasable","14":"product-type-simple"},"yoast_head":"<!-- This site is optimized with the Yoast SEO plugin v27.4 - https:\/\/yoast.com\/product\/yoast-seo-wordpress\/ -->\n<title>Hasbro Hasbro Hydro Pods Clash &amp; Splash Duell<\/title>\n<meta name=\"description\" content=\"Hasbro Hydro Pods Clash &amp; Splash Duell \u2013 Sammelspielzeug f\u00fcr actionreiche Wasser Battles Tauchen Sie ein in die aufregende Welt der Hydro Pods \u2013 dem innovativen\" \/>\n<meta name=\"robots\" content=\"index, follow, max-snippet:-1, max-image-preview:large, max-video-preview:-1\" \/>\n<link rel=\"canonical\" href=\"https:\/\/schweizversand.ch\/fr\/produkt\/hasbro-hasbro-hydro-pods-clash-splash-duell\/\" \/>\n<meta property=\"og:locale\" content=\"fr_FR\" \/>\n<meta property=\"og:type\" content=\"article\" \/>\n<meta property=\"og:title\" content=\"Hasbro Hasbro Hydro Pods Clash &amp; Splash Duell\" \/>\n<meta property=\"og:description\" content=\"Hasbro Hydro Pods Clash &amp; Splash Duell \u2013 Sammelspielzeug f\u00fcr actionreiche Wasser Battles Tauchen Sie ein in die aufregende Welt der Hydro Pods \u2013 dem innovativen\" \/>\n<meta property=\"og:url\" content=\"https:\/\/schweizversand.ch\/fr\/produkt\/hasbro-hasbro-hydro-pods-clash-splash-duell\/\" \/>\n<meta property=\"og:site_name\" content=\"Schweizer Shop f\u00fcr Sport, Spiel und Freizeit\" \/>\n<meta property=\"article:publisher\" content=\"https:\/\/www.facebook.com\/Schweizversand\" \/>\n<meta property=\"article:modified_time\" content=\"2026-04-20T00:04:10+00:00\" \/>\n<meta property=\"og:image\" content=\"https:\/\/schweizversand.ch\/wp-content\/uploads\/2026\/02\/5476696038.jpg\" \/>\n\t<meta property=\"og:image:width\" content=\"1024\" \/>\n\t<meta property=\"og:image:height\" content=\"1024\" \/>\n\t<meta property=\"og:image:type\" content=\"image\/jpeg\" \/>\n<meta name=\"twitter:card\" content=\"summary_large_image\" \/>\n<meta name=\"twitter:label1\" content=\"Dur\u00e9e de lecture estim\u00e9e\" \/>\n\t<meta name=\"twitter:data1\" content=\"2 minutes\" \/>\n<script type=\"application\/ld+json\" class=\"yoast-schema-graph\">{\"@context\":\"https:\\\/\\\/schema.org\",\"@graph\":[{\"@type\":\"WebPage\",\"@id\":\"https:\\\/\\\/schweizversand.ch\\\/fr\\\/produkt\\\/hasbro-hasbro-hydro-pods-clash-splash-duell\\\/\",\"url\":\"https:\\\/\\\/schweizversand.ch\\\/fr\\\/produkt\\\/hasbro-hasbro-hydro-pods-clash-splash-duell\\\/\",\"name\":\"Hasbro Hasbro Hydro Pods Clash & Splash Duell\",\"isPartOf\":{\"@id\":\"https:\\\/\\\/schweizversand.ch\\\/fr\\\/#website\"},\"primaryImageOfPage\":{\"@id\":\"https:\\\/\\\/schweizversand.ch\\\/fr\\\/produkt\\\/hasbro-hasbro-hydro-pods-clash-splash-duell\\\/#primaryimage\"},\"image\":{\"@id\":\"https:\\\/\\\/schweizversand.ch\\\/fr\\\/produkt\\\/hasbro-hasbro-hydro-pods-clash-splash-duell\\\/#primaryimage\"},\"thumbnailUrl\":\"https:\\\/\\\/schweizversand.ch\\\/wp-content\\\/uploads\\\/2026\\\/02\\\/5476696038.jpg\",\"datePublished\":\"2026-03-14T23:28:41+00:00\",\"dateModified\":\"2026-04-20T00:04:10+00:00\",\"description\":\"Hasbro Hydro Pods Clash & Splash Duell \u2013 Sammelspielzeug f\u00fcr actionreiche Wasser Battles Tauchen Sie ein in die aufregende Welt der Hydro Pods \u2013 dem innovativen\",\"breadcrumb\":{\"@id\":\"https:\\\/\\\/schweizversand.ch\\\/fr\\\/produkt\\\/hasbro-hasbro-hydro-pods-clash-splash-duell\\\/#breadcrumb\"},\"inLanguage\":\"fr-FR\",\"potentialAction\":[{\"@type\":\"ReadAction\",\"target\":[\"https:\\\/\\\/schweizversand.ch\\\/fr\\\/produkt\\\/hasbro-hasbro-hydro-pods-clash-splash-duell\\\/\"]}]},{\"@type\":\"ImageObject\",\"inLanguage\":\"fr-FR\",\"@id\":\"https:\\\/\\\/schweizversand.ch\\\/fr\\\/produkt\\\/hasbro-hasbro-hydro-pods-clash-splash-duell\\\/#primaryimage\",\"url\":\"https:\\\/\\\/schweizversand.ch\\\/wp-content\\\/uploads\\\/2026\\\/02\\\/5476696038.jpg\",\"contentUrl\":\"https:\\\/\\\/schweizversand.ch\\\/wp-content\\\/uploads\\\/2026\\\/02\\\/5476696038.jpg\",\"width\":1024,\"height\":1024},{\"@type\":\"BreadcrumbList\",\"@id\":\"https:\\\/\\\/schweizversand.ch\\\/fr\\\/produkt\\\/hasbro-hasbro-hydro-pods-clash-splash-duell\\\/#breadcrumb\",\"itemListElement\":[{\"@type\":\"ListItem\",\"position\":1,\"name\":\"Startseite\",\"item\":\"https:\\\/\\\/schweizversand.ch\\\/fr\\\/home\\\/\"},{\"@type\":\"ListItem\",\"position\":2,\"name\":\"Boutique\",\"item\":\"https:\\\/\\\/schweizversand.ch\\\/fr\\\/boutique\\\/\"},{\"@type\":\"ListItem\",\"position\":3,\"name\":\"Jouets et jeux\",\"item\":\"https:\\\/\\\/schweizversand.ch\\\/fr\\\/produkt-kategorie\\\/jouets-et-jeux\\\/\"},{\"@type\":\"ListItem\",\"position\":4,\"name\":\"Figurines et poup\u00e9es\",\"item\":\"https:\\\/\\\/schweizversand.ch\\\/fr\\\/produkt-kategorie\\\/jouets-et-jeux\\\/figurines-et-poupees\\\/\"},{\"@type\":\"ListItem\",\"position\":5,\"name\":\"Figurines et robots\",\"item\":\"https:\\\/\\\/schweizversand.ch\\\/fr\\\/produkt-kategorie\\\/jouets-et-jeux\\\/figurines-et-poupees\\\/spielzeugfigur-roboter\\\/\"},{\"@type\":\"ListItem\",\"position\":6,\"name\":\"Hasbro Hasbro Hydro Pods Clash &#038; Splash Duel\"}]},{\"@type\":\"WebSite\",\"@id\":\"https:\\\/\\\/schweizversand.ch\\\/fr\\\/#website\",\"url\":\"https:\\\/\\\/schweizversand.ch\\\/fr\\\/\",\"name\":\"Schweizer Shop f\u00fcr Sport, Spiel und Freizeit\",\"description\":\"Gratisversand ab 50.- (netto), ab eigenem schweizer Lager, Lieferung innert 48h\",\"publisher\":{\"@id\":\"https:\\\/\\\/schweizversand.ch\\\/fr\\\/#organization\"},\"alternateName\":\"Schweizversand.ch\",\"potentialAction\":[{\"@type\":\"SearchAction\",\"target\":{\"@type\":\"EntryPoint\",\"urlTemplate\":\"https:\\\/\\\/schweizversand.ch\\\/fr\\\/?s={search_term_string}\"},\"query-input\":{\"@type\":\"PropertyValueSpecification\",\"valueRequired\":true,\"valueName\":\"search_term_string\"}}],\"inLanguage\":\"fr-FR\"},{\"@type\":\"Organization\",\"@id\":\"https:\\\/\\\/schweizversand.ch\\\/fr\\\/#organization\",\"name\":\"Schweizversand.ch\",\"url\":\"https:\\\/\\\/schweizversand.ch\\\/fr\\\/\",\"logo\":{\"@type\":\"ImageObject\",\"inLanguage\":\"fr-FR\",\"@id\":\"https:\\\/\\\/schweizversand.ch\\\/fr\\\/#\\\/schema\\\/logo\\\/image\\\/\",\"url\":\"https:\\\/\\\/schweizversand.ch\\\/wp-content\\\/uploads\\\/2026\\\/03\\\/Logo_Rund_Final-1.png\",\"contentUrl\":\"https:\\\/\\\/schweizversand.ch\\\/wp-content\\\/uploads\\\/2026\\\/03\\\/Logo_Rund_Final-1.png\",\"width\":404,\"height\":404,\"caption\":\"Schweizversand.ch\"},\"image\":{\"@id\":\"https:\\\/\\\/schweizversand.ch\\\/fr\\\/#\\\/schema\\\/logo\\\/image\\\/\"},\"sameAs\":[\"https:\\\/\\\/www.facebook.com\\\/Schweizversand\",\"https:\\\/\\\/www.instagram.com\\\/schweizversand.ch\\\/\"]}]}<\/script>\n<!-- \/ Yoast SEO plugin. -->","yoast_head_json":{"title":"Hasbro Hasbro Hydro Pods Clash & Splash Duell","description":"Hasbro Hydro Pods Clash & Splash Duell \u2013 Sammelspielzeug f\u00fcr actionreiche Wasser Battles Tauchen Sie ein in die aufregende Welt der Hydro Pods \u2013 dem innovativen","robots":{"index":"index","follow":"follow","max-snippet":"max-snippet:-1","max-image-preview":"max-image-preview:large","max-video-preview":"max-video-preview:-1"},"canonical":"https:\/\/schweizversand.ch\/fr\/produkt\/hasbro-hasbro-hydro-pods-clash-splash-duell\/","og_locale":"fr_FR","og_type":"article","og_title":"Hasbro Hasbro Hydro Pods Clash & Splash Duell","og_description":"Hasbro Hydro Pods Clash & Splash Duell \u2013 Sammelspielzeug f\u00fcr actionreiche Wasser Battles Tauchen Sie ein in die aufregende Welt der Hydro Pods \u2013 dem innovativen","og_url":"https:\/\/schweizversand.ch\/fr\/produkt\/hasbro-hasbro-hydro-pods-clash-splash-duell\/","og_site_name":"Schweizer Shop f\u00fcr Sport, Spiel und Freizeit","article_publisher":"https:\/\/www.facebook.com\/Schweizversand","article_modified_time":"2026-04-20T00:04:10+00:00","og_image":[{"width":1024,"height":1024,"url":"https:\/\/schweizversand.ch\/wp-content\/uploads\/2026\/02\/5476696038.jpg","type":"image\/jpeg"}],"twitter_card":"summary_large_image","twitter_misc":{"Dur\u00e9e de lecture estim\u00e9e":"2 minutes"},"schema":{"@context":"https:\/\/schema.org","@graph":[{"@type":"WebPage","@id":"https:\/\/schweizversand.ch\/fr\/produkt\/hasbro-hasbro-hydro-pods-clash-splash-duell\/","url":"https:\/\/schweizversand.ch\/fr\/produkt\/hasbro-hasbro-hydro-pods-clash-splash-duell\/","name":"Hasbro Hasbro Hydro Pods Clash & Splash Duell","isPartOf":{"@id":"https:\/\/schweizversand.ch\/fr\/#website"},"primaryImageOfPage":{"@id":"https:\/\/schweizversand.ch\/fr\/produkt\/hasbro-hasbro-hydro-pods-clash-splash-duell\/#primaryimage"},"image":{"@id":"https:\/\/schweizversand.ch\/fr\/produkt\/hasbro-hasbro-hydro-pods-clash-splash-duell\/#primaryimage"},"thumbnailUrl":"https:\/\/schweizversand.ch\/wp-content\/uploads\/2026\/02\/5476696038.jpg","datePublished":"2026-03-14T23:28:41+00:00","dateModified":"2026-04-20T00:04:10+00:00","description":"Hasbro Hydro Pods Clash & Splash Duell \u2013 Sammelspielzeug f\u00fcr actionreiche Wasser Battles Tauchen Sie ein in die aufregende Welt der Hydro Pods \u2013 dem innovativen","breadcrumb":{"@id":"https:\/\/schweizversand.ch\/fr\/produkt\/hasbro-hasbro-hydro-pods-clash-splash-duell\/#breadcrumb"},"inLanguage":"fr-FR","potentialAction":[{"@type":"ReadAction","target":["https:\/\/schweizversand.ch\/fr\/produkt\/hasbro-hasbro-hydro-pods-clash-splash-duell\/"]}]},{"@type":"ImageObject","inLanguage":"fr-FR","@id":"https:\/\/schweizversand.ch\/fr\/produkt\/hasbro-hasbro-hydro-pods-clash-splash-duell\/#primaryimage","url":"https:\/\/schweizversand.ch\/wp-content\/uploads\/2026\/02\/5476696038.jpg","contentUrl":"https:\/\/schweizversand.ch\/wp-content\/uploads\/2026\/02\/5476696038.jpg","width":1024,"height":1024},{"@type":"BreadcrumbList","@id":"https:\/\/schweizversand.ch\/fr\/produkt\/hasbro-hasbro-hydro-pods-clash-splash-duell\/#breadcrumb","itemListElement":[{"@type":"ListItem","position":1,"name":"Startseite","item":"https:\/\/schweizversand.ch\/fr\/home\/"},{"@type":"ListItem","position":2,"name":"Boutique","item":"https:\/\/schweizversand.ch\/fr\/boutique\/"},{"@type":"ListItem","position":3,"name":"Jouets et jeux","item":"https:\/\/schweizversand.ch\/fr\/produkt-kategorie\/jouets-et-jeux\/"},{"@type":"ListItem","position":4,"name":"Figurines et poup\u00e9es","item":"https:\/\/schweizversand.ch\/fr\/produkt-kategorie\/jouets-et-jeux\/figurines-et-poupees\/"},{"@type":"ListItem","position":5,"name":"Figurines et robots","item":"https:\/\/schweizversand.ch\/fr\/produkt-kategorie\/jouets-et-jeux\/figurines-et-poupees\/spielzeugfigur-roboter\/"},{"@type":"ListItem","position":6,"name":"Hasbro Hasbro Hydro Pods Clash &#038; Splash Duel"}]},{"@type":"WebSite","@id":"https:\/\/schweizversand.ch\/fr\/#website","url":"https:\/\/schweizversand.ch\/fr\/","name":"Schweizer Shop f\u00fcr Sport, Spiel und Freizeit","description":"Gratisversand ab 50.- (netto), ab eigenem schweizer Lager, Lieferung innert 48h","publisher":{"@id":"https:\/\/schweizversand.ch\/fr\/#organization"},"alternateName":"Schweizversand.ch","potentialAction":[{"@type":"SearchAction","target":{"@type":"EntryPoint","urlTemplate":"https:\/\/schweizversand.ch\/fr\/?s={search_term_string}"},"query-input":{"@type":"PropertyValueSpecification","valueRequired":true,"valueName":"search_term_string"}}],"inLanguage":"fr-FR"},{"@type":"Organization","@id":"https:\/\/schweizversand.ch\/fr\/#organization","name":"Schweizversand.ch","url":"https:\/\/schweizversand.ch\/fr\/","logo":{"@type":"ImageObject","inLanguage":"fr-FR","@id":"https:\/\/schweizversand.ch\/fr\/#\/schema\/logo\/image\/","url":"https:\/\/schweizversand.ch\/wp-content\/uploads\/2026\/03\/Logo_Rund_Final-1.png","contentUrl":"https:\/\/schweizversand.ch\/wp-content\/uploads\/2026\/03\/Logo_Rund_Final-1.png","width":404,"height":404,"caption":"Schweizversand.ch"},"image":{"@id":"https:\/\/schweizversand.ch\/fr\/#\/schema\/logo\/image\/"},"sameAs":["https:\/\/www.facebook.com\/Schweizversand","https:\/\/www.instagram.com\/schweizversand.ch\/"]}]}},"jetpack_sharing_enabled":true,"_links":{"self":[{"href":"https:\/\/schweizversand.ch\/fr\/wp-json\/wp\/v2\/product\/249659","targetHints":{"allow":["GET"]}}],"collection":[{"href":"https:\/\/schweizversand.ch\/fr\/wp-json\/wp\/v2\/product"}],"about":[{"href":"https:\/\/schweizversand.ch\/fr\/wp-json\/wp\/v2\/types\/product"}],"replies":[{"embeddable":true,"href":"https:\/\/schweizversand.ch\/fr\/wp-json\/wp\/v2\/comments?post=249659"}],"wp:featuredmedia":[{"embeddable":true,"href":"https:\/\/schweizversand.ch\/fr\/wp-json\/wp\/v2\/media\/257360"}],"wp:attachment":[{"href":"https:\/\/schweizversand.ch\/fr\/wp-json\/wp\/v2\/media?parent=249659"}],"wp:term":[{"taxonomy":"product_brand","embeddable":true,"href":"https:\/\/schweizversand.ch\/fr\/wp-json\/wp\/v2\/product_brand?post=249659"},{"taxonomy":"product_cat","embeddable":true,"href":"https:\/\/schweizversand.ch\/fr\/wp-json\/wp\/v2\/product_cat?post=249659"},{"taxonomy":"product_tag","embeddable":true,"href":"https:\/\/schweizversand.ch\/fr\/wp-json\/wp\/v2\/product_tag?post=249659"}],"curies":[{"name":"wp","href":"https:\/\/api.w.org\/{rel}","templated":true}]}}