{"id":249660,"date":"2026-03-15T00:28:41","date_gmt":"2026-03-14T23:28:41","guid":{"rendered":"https:\/\/schweizversand.ch\/produkt\/hasbro-hydro-pods-dunk-sunk-arena\/"},"modified":"2026-04-19T02:05:11","modified_gmt":"2026-04-19T00:05:11","slug":"hasbro-hydro-pods-dunk-sunk-arena","status":"publish","type":"product","link":"https:\/\/schweizversand.ch\/fr\/produkt\/hasbro-hydro-pods-dunk-sunk-arena\/","title":{"rendered":"Hasbro Hydro Pods Dunk &#038; Sunk Arena"},"content":{"rendered":"<p>2 MODES DE JEU POUR UN MAXIMUM DE PLAISIR<\/p>\n<p>Vivez l&rsquo;affrontement ultime dans l&rsquo;Ar\u00e8ne Hydro Pods Dunk &#038; Sunk\u00a0! Choisissez entre le Mode Bataille pour des duels palpitants avec un ami ou entra\u00eenez-vous dans le Mode Piscine pour am\u00e9liorer votre pr\u00e9cision.<\/p>\n<p>NETTOYAGE FACILE \u2013 AUCUNE \u00c9CLABOUSSURE D&rsquo;EAU<\/p>\n<p>L&rsquo;ar\u00e8ne et la piscine sont con\u00e7ues pour contenir l&rsquo;eau en toute s\u00e9curit\u00e9, gardant tout propre m\u00eame lorsque les adversaires sont immerg\u00e9s \u00e0 r\u00e9p\u00e9tition. (Remarque\u00a0: Retirez les cibles et videz les capsules apr\u00e8s avoir jou\u00e9.)<\/p>\n<p>D\u00c9COUVREZ 2 CR\u00c9ATURES MARINES PIRATES EXCLUSIVES<\/p>\n<p>Plongez le bol dans l&rsquo;eau et fixez la cible\u00a0: deux figurines sp\u00e9ciales appara\u00eetront\u00a0: Octavia Octopus (pieuvre violette) et Cecelia Seaside (\u00e9toile de mer jaune), disponibles exclusivement dans ce set\u00a0!<\/p>\n<p>D\u00ceNER 2 : CR\u00c9ATURES MARINES PIRATES EXCLUSIVES<\/p>\n<p>Plongez le bol dans l&rsquo;eau et fixez la cible : deux figurines sp\u00e9ciales appara\u00eetront, Octavia Octopus (pieuvre violette) et Cecelia Seaside (\u00e9toile de mer jaune), disponibles exclusivement dans ce coffret ! <br \/>ENSEMBLE COMPLET DE COMBAT ET DE COLLECTION<\/p>\n<p> Un jouet \u00e0 collectionner et un jeu plein d&rsquo;action, tout en un ! Le coffret comprend :<\/p>\n<p>\u2022 1 ar\u00e8ne (environ 35 cm de large) avec bassin de plong\u00e9e<br \/>\n<br \/>\u2022 2 figurines Hydro Pod (environ 10 cm de haut chacune)<\/p>\n<p>\u2022 2 cibles<\/p>\n<p>\u2022 2 lance-roquettes<\/p>\n<p>\u2022 10 disques de lancer<\/p>\n<p>\u2022 2 circuits interchangeables<\/p>\n<p>MODE COMBAT PALPITANT<\/p>\n<p> Des combats palpitants \u00e0 2 joueurs ! Placez les capsules et les disques dans les lanceurs, visez votre cible le long des rails et tirez\u00a0! Touchez la cible de votre adversaire pour le vaincre et le couler\u00a0!<\/p>\n","protected":false},"excerpt":{"rendered":"<p>2 MODES DE JEU POUR UN MAXIMUM DE PLAISIR Vivez l&rsquo;affrontement ultime dans l&rsquo;Ar\u00e8ne Hydro Pods Dunk &#038; Sunk\u00a0! Choisissez entre le Mode Bataille pour des duels palpitants avec un ami ou entra\u00eenez-vous dans le Mode Piscine pour am\u00e9liorer votre pr\u00e9cision. NETTOYAGE FACILE \u2013 AUCUNE \u00c9CLABOUSSURE D&rsquo;EAU L&rsquo;ar\u00e8ne et la piscine sont con\u00e7ues pour contenir l&rsquo;eau en toute s\u00e9curit\u00e9, gardant tout propre m\u00eame lorsque les adversaires sont immerg\u00e9s \u00e0 r\u00e9p\u00e9tition. (Remarque\u00a0: Retirez les cibles et&hellip;<\/p>\n","protected":false},"featured_media":257363,"comment_status":"open","ping_status":"closed","template":"","meta":[],"product_brand":[],"product_cat":[38366],"product_tag":[],"class_list":{"0":"post-249660","1":"product","2":"type-product","3":"status-publish","4":"has-post-thumbnail","6":"product_cat-wasserspielzeug","7":"product_shipping_class-global_methods","9":"first","10":"instock","11":"taxable","12":"shipping-taxable","13":"purchasable","14":"product-type-simple"},"yoast_head":"<!-- This site is optimized with the Yoast SEO plugin v27.4 - https:\/\/yoast.com\/product\/yoast-seo-wordpress\/ -->\n<title>Hasbro Hydro Pods Dunk &amp; Sunk Arena<\/title>\n<meta name=\"description\" content=\"2 SPIELMODI F\u00dcR MAXIMALEN SPASS Erlebe den ultimativen Showdown in der Hydro Pods Dunk &amp; Sunk Arena! W\u00e4hle zwischen dem Kampfmodus f\u00fcr spannende Duelle mit ein\" \/>\n<meta name=\"robots\" content=\"index, follow, max-snippet:-1, max-image-preview:large, max-video-preview:-1\" \/>\n<link rel=\"canonical\" href=\"https:\/\/schweizversand.ch\/fr\/produkt\/hasbro-hydro-pods-dunk-sunk-arena\/\" \/>\n<meta property=\"og:locale\" content=\"fr_FR\" \/>\n<meta property=\"og:type\" content=\"article\" \/>\n<meta property=\"og:title\" content=\"Hasbro Hydro Pods Dunk &amp; Sunk Arena\" \/>\n<meta property=\"og:description\" content=\"2 SPIELMODI F\u00dcR MAXIMALEN SPASS Erlebe den ultimativen Showdown in der Hydro Pods Dunk &amp; Sunk Arena! W\u00e4hle zwischen dem Kampfmodus f\u00fcr spannende Duelle mit ein\" \/>\n<meta property=\"og:url\" content=\"https:\/\/schweizversand.ch\/fr\/produkt\/hasbro-hydro-pods-dunk-sunk-arena\/\" \/>\n<meta property=\"og:site_name\" content=\"Schweizer Shop f\u00fcr Sport, Spiel und Freizeit\" \/>\n<meta property=\"article:publisher\" content=\"https:\/\/www.facebook.com\/Schweizversand\" \/>\n<meta property=\"article:modified_time\" content=\"2026-04-19T00:05:11+00:00\" \/>\n<meta property=\"og:image\" content=\"https:\/\/schweizversand.ch\/wp-content\/uploads\/2026\/02\/5471870113.jpg\" \/>\n\t<meta property=\"og:image:width\" content=\"1024\" \/>\n\t<meta property=\"og:image:height\" content=\"1024\" \/>\n\t<meta property=\"og:image:type\" content=\"image\/jpeg\" \/>\n<meta name=\"twitter:card\" content=\"summary_large_image\" \/>\n<meta name=\"twitter:label1\" content=\"Dur\u00e9e de lecture estim\u00e9e\" \/>\n\t<meta name=\"twitter:data1\" content=\"1 minute\" \/>\n<script type=\"application\/ld+json\" class=\"yoast-schema-graph\">{\"@context\":\"https:\\\/\\\/schema.org\",\"@graph\":[{\"@type\":\"WebPage\",\"@id\":\"https:\\\/\\\/schweizversand.ch\\\/fr\\\/produkt\\\/hasbro-hydro-pods-dunk-sunk-arena\\\/\",\"url\":\"https:\\\/\\\/schweizversand.ch\\\/fr\\\/produkt\\\/hasbro-hydro-pods-dunk-sunk-arena\\\/\",\"name\":\"Hasbro Hydro Pods Dunk & Sunk Arena\",\"isPartOf\":{\"@id\":\"https:\\\/\\\/schweizversand.ch\\\/fr\\\/#website\"},\"primaryImageOfPage\":{\"@id\":\"https:\\\/\\\/schweizversand.ch\\\/fr\\\/produkt\\\/hasbro-hydro-pods-dunk-sunk-arena\\\/#primaryimage\"},\"image\":{\"@id\":\"https:\\\/\\\/schweizversand.ch\\\/fr\\\/produkt\\\/hasbro-hydro-pods-dunk-sunk-arena\\\/#primaryimage\"},\"thumbnailUrl\":\"https:\\\/\\\/schweizversand.ch\\\/wp-content\\\/uploads\\\/2026\\\/02\\\/5471870113.jpg\",\"datePublished\":\"2026-03-14T23:28:41+00:00\",\"dateModified\":\"2026-04-19T00:05:11+00:00\",\"description\":\"2 SPIELMODI F\u00dcR MAXIMALEN SPASS Erlebe den ultimativen Showdown in der Hydro Pods Dunk & Sunk Arena! W\u00e4hle zwischen dem Kampfmodus f\u00fcr spannende Duelle mit ein\",\"breadcrumb\":{\"@id\":\"https:\\\/\\\/schweizversand.ch\\\/fr\\\/produkt\\\/hasbro-hydro-pods-dunk-sunk-arena\\\/#breadcrumb\"},\"inLanguage\":\"fr-FR\",\"potentialAction\":[{\"@type\":\"ReadAction\",\"target\":[\"https:\\\/\\\/schweizversand.ch\\\/fr\\\/produkt\\\/hasbro-hydro-pods-dunk-sunk-arena\\\/\"]}]},{\"@type\":\"ImageObject\",\"inLanguage\":\"fr-FR\",\"@id\":\"https:\\\/\\\/schweizversand.ch\\\/fr\\\/produkt\\\/hasbro-hydro-pods-dunk-sunk-arena\\\/#primaryimage\",\"url\":\"https:\\\/\\\/schweizversand.ch\\\/wp-content\\\/uploads\\\/2026\\\/02\\\/5471870113.jpg\",\"contentUrl\":\"https:\\\/\\\/schweizversand.ch\\\/wp-content\\\/uploads\\\/2026\\\/02\\\/5471870113.jpg\",\"width\":1024,\"height\":1024},{\"@type\":\"BreadcrumbList\",\"@id\":\"https:\\\/\\\/schweizversand.ch\\\/fr\\\/produkt\\\/hasbro-hydro-pods-dunk-sunk-arena\\\/#breadcrumb\",\"itemListElement\":[{\"@type\":\"ListItem\",\"position\":1,\"name\":\"Startseite\",\"item\":\"https:\\\/\\\/schweizversand.ch\\\/fr\\\/home\\\/\"},{\"@type\":\"ListItem\",\"position\":2,\"name\":\"Boutique\",\"item\":\"https:\\\/\\\/schweizversand.ch\\\/fr\\\/boutique\\\/\"},{\"@type\":\"ListItem\",\"position\":3,\"name\":\"Jouets et jeux\",\"item\":\"https:\\\/\\\/schweizversand.ch\\\/fr\\\/produkt-kategorie\\\/jouets-et-jeux\\\/\"},{\"@type\":\"ListItem\",\"position\":4,\"name\":\"Jeux d'ext\u00e9rieur\",\"item\":\"https:\\\/\\\/schweizversand.ch\\\/fr\\\/produkt-kategorie\\\/jouets-et-jeux\\\/jeux-dexterieur\\\/\"},{\"@type\":\"ListItem\",\"position\":5,\"name\":\"Jeux d'eau\",\"item\":\"https:\\\/\\\/schweizversand.ch\\\/fr\\\/produkt-kategorie\\\/jouets-et-jeux\\\/jeux-dexterieur\\\/wasserspielzeug\\\/\"},{\"@type\":\"ListItem\",\"position\":6,\"name\":\"Hasbro Hydro Pods Dunk &#038; Sunk Arena\"}]},{\"@type\":\"WebSite\",\"@id\":\"https:\\\/\\\/schweizversand.ch\\\/fr\\\/#website\",\"url\":\"https:\\\/\\\/schweizversand.ch\\\/fr\\\/\",\"name\":\"Schweizer Shop f\u00fcr Sport, Spiel und Freizeit\",\"description\":\"Gratisversand ab 50.- (netto), ab eigenem schweizer Lager, Lieferung innert 48h\",\"publisher\":{\"@id\":\"https:\\\/\\\/schweizversand.ch\\\/fr\\\/#organization\"},\"alternateName\":\"Schweizversand.ch\",\"potentialAction\":[{\"@type\":\"SearchAction\",\"target\":{\"@type\":\"EntryPoint\",\"urlTemplate\":\"https:\\\/\\\/schweizversand.ch\\\/fr\\\/?s={search_term_string}\"},\"query-input\":{\"@type\":\"PropertyValueSpecification\",\"valueRequired\":true,\"valueName\":\"search_term_string\"}}],\"inLanguage\":\"fr-FR\"},{\"@type\":\"Organization\",\"@id\":\"https:\\\/\\\/schweizversand.ch\\\/fr\\\/#organization\",\"name\":\"Schweizversand.ch\",\"url\":\"https:\\\/\\\/schweizversand.ch\\\/fr\\\/\",\"logo\":{\"@type\":\"ImageObject\",\"inLanguage\":\"fr-FR\",\"@id\":\"https:\\\/\\\/schweizversand.ch\\\/fr\\\/#\\\/schema\\\/logo\\\/image\\\/\",\"url\":\"https:\\\/\\\/schweizversand.ch\\\/wp-content\\\/uploads\\\/2026\\\/03\\\/Logo_Rund_Final-1.png\",\"contentUrl\":\"https:\\\/\\\/schweizversand.ch\\\/wp-content\\\/uploads\\\/2026\\\/03\\\/Logo_Rund_Final-1.png\",\"width\":404,\"height\":404,\"caption\":\"Schweizversand.ch\"},\"image\":{\"@id\":\"https:\\\/\\\/schweizversand.ch\\\/fr\\\/#\\\/schema\\\/logo\\\/image\\\/\"},\"sameAs\":[\"https:\\\/\\\/www.facebook.com\\\/Schweizversand\",\"https:\\\/\\\/www.instagram.com\\\/schweizversand.ch\\\/\"]}]}<\/script>\n<!-- \/ Yoast SEO plugin. -->","yoast_head_json":{"title":"Hasbro Hydro Pods Dunk & Sunk Arena","description":"2 SPIELMODI F\u00dcR MAXIMALEN SPASS Erlebe den ultimativen Showdown in der Hydro Pods Dunk & Sunk Arena! W\u00e4hle zwischen dem Kampfmodus f\u00fcr spannende Duelle mit ein","robots":{"index":"index","follow":"follow","max-snippet":"max-snippet:-1","max-image-preview":"max-image-preview:large","max-video-preview":"max-video-preview:-1"},"canonical":"https:\/\/schweizversand.ch\/fr\/produkt\/hasbro-hydro-pods-dunk-sunk-arena\/","og_locale":"fr_FR","og_type":"article","og_title":"Hasbro Hydro Pods Dunk & Sunk Arena","og_description":"2 SPIELMODI F\u00dcR MAXIMALEN SPASS Erlebe den ultimativen Showdown in der Hydro Pods Dunk & Sunk Arena! W\u00e4hle zwischen dem Kampfmodus f\u00fcr spannende Duelle mit ein","og_url":"https:\/\/schweizversand.ch\/fr\/produkt\/hasbro-hydro-pods-dunk-sunk-arena\/","og_site_name":"Schweizer Shop f\u00fcr Sport, Spiel und Freizeit","article_publisher":"https:\/\/www.facebook.com\/Schweizversand","article_modified_time":"2026-04-19T00:05:11+00:00","og_image":[{"width":1024,"height":1024,"url":"https:\/\/schweizversand.ch\/wp-content\/uploads\/2026\/02\/5471870113.jpg","type":"image\/jpeg"}],"twitter_card":"summary_large_image","twitter_misc":{"Dur\u00e9e de lecture estim\u00e9e":"1 minute"},"schema":{"@context":"https:\/\/schema.org","@graph":[{"@type":"WebPage","@id":"https:\/\/schweizversand.ch\/fr\/produkt\/hasbro-hydro-pods-dunk-sunk-arena\/","url":"https:\/\/schweizversand.ch\/fr\/produkt\/hasbro-hydro-pods-dunk-sunk-arena\/","name":"Hasbro Hydro Pods Dunk & Sunk Arena","isPartOf":{"@id":"https:\/\/schweizversand.ch\/fr\/#website"},"primaryImageOfPage":{"@id":"https:\/\/schweizversand.ch\/fr\/produkt\/hasbro-hydro-pods-dunk-sunk-arena\/#primaryimage"},"image":{"@id":"https:\/\/schweizversand.ch\/fr\/produkt\/hasbro-hydro-pods-dunk-sunk-arena\/#primaryimage"},"thumbnailUrl":"https:\/\/schweizversand.ch\/wp-content\/uploads\/2026\/02\/5471870113.jpg","datePublished":"2026-03-14T23:28:41+00:00","dateModified":"2026-04-19T00:05:11+00:00","description":"2 SPIELMODI F\u00dcR MAXIMALEN SPASS Erlebe den ultimativen Showdown in der Hydro Pods Dunk & Sunk Arena! W\u00e4hle zwischen dem Kampfmodus f\u00fcr spannende Duelle mit ein","breadcrumb":{"@id":"https:\/\/schweizversand.ch\/fr\/produkt\/hasbro-hydro-pods-dunk-sunk-arena\/#breadcrumb"},"inLanguage":"fr-FR","potentialAction":[{"@type":"ReadAction","target":["https:\/\/schweizversand.ch\/fr\/produkt\/hasbro-hydro-pods-dunk-sunk-arena\/"]}]},{"@type":"ImageObject","inLanguage":"fr-FR","@id":"https:\/\/schweizversand.ch\/fr\/produkt\/hasbro-hydro-pods-dunk-sunk-arena\/#primaryimage","url":"https:\/\/schweizversand.ch\/wp-content\/uploads\/2026\/02\/5471870113.jpg","contentUrl":"https:\/\/schweizversand.ch\/wp-content\/uploads\/2026\/02\/5471870113.jpg","width":1024,"height":1024},{"@type":"BreadcrumbList","@id":"https:\/\/schweizversand.ch\/fr\/produkt\/hasbro-hydro-pods-dunk-sunk-arena\/#breadcrumb","itemListElement":[{"@type":"ListItem","position":1,"name":"Startseite","item":"https:\/\/schweizversand.ch\/fr\/home\/"},{"@type":"ListItem","position":2,"name":"Boutique","item":"https:\/\/schweizversand.ch\/fr\/boutique\/"},{"@type":"ListItem","position":3,"name":"Jouets et jeux","item":"https:\/\/schweizversand.ch\/fr\/produkt-kategorie\/jouets-et-jeux\/"},{"@type":"ListItem","position":4,"name":"Jeux d'ext\u00e9rieur","item":"https:\/\/schweizversand.ch\/fr\/produkt-kategorie\/jouets-et-jeux\/jeux-dexterieur\/"},{"@type":"ListItem","position":5,"name":"Jeux d'eau","item":"https:\/\/schweizversand.ch\/fr\/produkt-kategorie\/jouets-et-jeux\/jeux-dexterieur\/wasserspielzeug\/"},{"@type":"ListItem","position":6,"name":"Hasbro Hydro Pods Dunk &#038; Sunk Arena"}]},{"@type":"WebSite","@id":"https:\/\/schweizversand.ch\/fr\/#website","url":"https:\/\/schweizversand.ch\/fr\/","name":"Schweizer Shop f\u00fcr Sport, Spiel und Freizeit","description":"Gratisversand ab 50.- (netto), ab eigenem schweizer Lager, Lieferung innert 48h","publisher":{"@id":"https:\/\/schweizversand.ch\/fr\/#organization"},"alternateName":"Schweizversand.ch","potentialAction":[{"@type":"SearchAction","target":{"@type":"EntryPoint","urlTemplate":"https:\/\/schweizversand.ch\/fr\/?s={search_term_string}"},"query-input":{"@type":"PropertyValueSpecification","valueRequired":true,"valueName":"search_term_string"}}],"inLanguage":"fr-FR"},{"@type":"Organization","@id":"https:\/\/schweizversand.ch\/fr\/#organization","name":"Schweizversand.ch","url":"https:\/\/schweizversand.ch\/fr\/","logo":{"@type":"ImageObject","inLanguage":"fr-FR","@id":"https:\/\/schweizversand.ch\/fr\/#\/schema\/logo\/image\/","url":"https:\/\/schweizversand.ch\/wp-content\/uploads\/2026\/03\/Logo_Rund_Final-1.png","contentUrl":"https:\/\/schweizversand.ch\/wp-content\/uploads\/2026\/03\/Logo_Rund_Final-1.png","width":404,"height":404,"caption":"Schweizversand.ch"},"image":{"@id":"https:\/\/schweizversand.ch\/fr\/#\/schema\/logo\/image\/"},"sameAs":["https:\/\/www.facebook.com\/Schweizversand","https:\/\/www.instagram.com\/schweizversand.ch\/"]}]}},"jetpack_sharing_enabled":true,"_links":{"self":[{"href":"https:\/\/schweizversand.ch\/fr\/wp-json\/wp\/v2\/product\/249660","targetHints":{"allow":["GET"]}}],"collection":[{"href":"https:\/\/schweizversand.ch\/fr\/wp-json\/wp\/v2\/product"}],"about":[{"href":"https:\/\/schweizversand.ch\/fr\/wp-json\/wp\/v2\/types\/product"}],"replies":[{"embeddable":true,"href":"https:\/\/schweizversand.ch\/fr\/wp-json\/wp\/v2\/comments?post=249660"}],"wp:featuredmedia":[{"embeddable":true,"href":"https:\/\/schweizversand.ch\/fr\/wp-json\/wp\/v2\/media\/257363"}],"wp:attachment":[{"href":"https:\/\/schweizversand.ch\/fr\/wp-json\/wp\/v2\/media?parent=249660"}],"wp:term":[{"taxonomy":"product_brand","embeddable":true,"href":"https:\/\/schweizversand.ch\/fr\/wp-json\/wp\/v2\/product_brand?post=249660"},{"taxonomy":"product_cat","embeddable":true,"href":"https:\/\/schweizversand.ch\/fr\/wp-json\/wp\/v2\/product_cat?post=249660"},{"taxonomy":"product_tag","embeddable":true,"href":"https:\/\/schweizversand.ch\/fr\/wp-json\/wp\/v2\/product_tag?post=249660"}],"curies":[{"name":"wp","href":"https:\/\/api.w.org\/{rel}","templated":true}]}}