{"id":249661,"date":"2026-03-15T00:28:41","date_gmt":"2026-03-14T23:28:41","guid":{"rendered":"https:\/\/schweizversand.ch\/produkt\/hasbro-hydro-aqua-armor-set-x-wing\/"},"modified":"2026-04-20T02:04:11","modified_gmt":"2026-04-20T00:04:11","slug":"hasbro-hydro-aqua-armor-set-x-wing","status":"publish","type":"product","link":"https:\/\/schweizversand.ch\/fr\/produkt\/hasbro-hydro-aqua-armor-set-x-wing\/","title":{"rendered":"Ensemble d&rsquo;armure Hydro Aqua Hasbro \u00ab X-Wing \u00bb"},"content":{"rendered":"<h1><strong>Ensemble Marvel Aqua Armor \u2013 Hydro Pods, jouet de collection<\/strong><\/h1>\n<div>Plongez dans l&rsquo;univers passionnant des <strong>Marvel Hydro Pods<\/strong>\u00a0! Cet ensemble de figurines innovant allie le plaisir de la collection \u00e0 des batailles aquatiques palpitantes, offrant une exp\u00e9rience de jeu unique aux enfants de 6\u00a0ans et plus. Pr\u00e9parez-vous \u00e0 des duels intenses o\u00f9 seul le meilleur tireur l&#8217;emporte.<\/p>\n<\/div>\n<div><strong>Le jouet de collection ultime pour les enfants<\/strong><br \/>Les Hydro Pods sont bien plus que de simples jouets aquatiques <strong>Marvel<\/strong>. Ce sont des <strong>jouets de collection pour enfants<\/strong> dot\u00e9s d&rsquo;un effet surprise qui permet des batailles aquatiques in\u00e9dites et infinies. Remplissez la capsule d&rsquo;eau, ins\u00e9rez la cible et regardez votre personnage Marvel se r\u00e9v\u00e9ler comme par magie. Qui se cache \u00e0 l&rsquo;int\u00e9rieur de votre capsule\u00a0?<\/p>\n<\/div>\n<div><strong>Comment fonctionne la bataille aquatique\u00a0?<\/strong><br \/>Le c\u0153ur du jeu r\u00e9side dans la r\u00e9v\u00e9lation dynamique et le duel passionnant. Une fois la capsule remplie et la figurine r\u00e9v\u00e9l\u00e9e, placez-la dans la robuste <strong>armure aquatique Marvel<\/strong>. Ins\u00e9rez un disque dans le lanceur inclus et visez pr\u00e9cis\u00e9ment la cible. Un bon tir enverra la cible s&rsquo;envoler, l&rsquo;eau s&rsquo;\u00e9coulera de la capsule et le personnage vaincu coulera au sol\u00a0: une fin spectaculaire pour chaque combat\u00a0!<\/p>\n<\/div>\n<div><strong>Votre avantage\u00a0: Pr\u00eat \u00e0 jouer imm\u00e9diatement\u00a0!<\/strong><br \/>Ce coffret <strong>armure aquatique Marvel<\/strong> contient tous les \u00e9l\u00e9ments n\u00e9cessaires pour plonger directement dans l&rsquo;univers des jeux <strong>Marvel<\/strong> pour enfants. C&rsquo;est le coffret id\u00e9al pour tous les petits fans de Marvel qui souhaitent commencer leur collection.<\/p>\n<\/div>\n<div><strong>Contenu du coffret<\/strong><br \/>&#8211; 1 figurine Hydro Pods (environ 10 cm de haut)<br \/>&#8211; 1 armure aquatique<br \/>&#8211; 1 lanceur<br \/>&#8211; 1 cible<br \/>&#8211; 3 disques<\/p>\n<\/div>\n<div><strong>Agrandissez votre collection<\/strong><br \/>D\u00e9couvrez les autres coffrets Hydro Pods, vendus s\u00e9par\u00e9ment. Collectionnez d&rsquo;autres <strong>Marvel Hydro Pods<\/strong>, des coffrets plus grands et des packs myst\u00e8res avec des personnages rares pour compl\u00e9ter votre collection et \u00e9changer avec vos amis. D\u00e9couvrez toute la gamme Marvel Aqua Armor et vivez des heures d&rsquo;action. Offrez \u00e0 vos enfants ce jouet aquatique Marvel passionnant et laissez-les se glisser dans la peau de leurs h\u00e9ros pr\u00e9f\u00e9r\u00e9s. Ce coffret garantit des heures de divertissement et de combats palpitants\u00a0!<\/p>\n","protected":false},"excerpt":{"rendered":"<p>Ensemble Marvel Aqua Armor \u2013 Hydro Pods, jouet de collection Plongez dans l&rsquo;univers passionnant des Marvel Hydro Pods\u00a0! Cet ensemble de figurines innovant allie le plaisir de la collection \u00e0 des batailles aquatiques palpitantes, offrant une exp\u00e9rience de jeu unique aux enfants de 6\u00a0ans et plus. Pr\u00e9parez-vous \u00e0 des duels intenses o\u00f9 seul le meilleur tireur l&#8217;emporte. Le jouet de collection ultime pour les enfantsLes Hydro Pods sont bien plus que de simples jouets aquatiques&hellip;<\/p>\n","protected":false},"featured_media":163558,"comment_status":"open","ping_status":"closed","template":"","meta":[],"product_brand":[],"product_cat":[38097],"product_tag":[],"class_list":{"0":"post-249661","1":"product","2":"type-product","3":"status-publish","4":"has-post-thumbnail","6":"product_cat-spielzeugfigur-roboter","7":"product_shipping_class-global_methods","9":"first","10":"instock","11":"taxable","12":"shipping-taxable","13":"purchasable","14":"product-type-simple"},"yoast_head":"<!-- This site is optimized with the Yoast SEO plugin v27.4 - https:\/\/yoast.com\/product\/yoast-seo-wordpress\/ -->\n<title>Hasbro Hydro Aqua Armor Set &quot;X-Wing&quot; | Jetzt kaufen | Schweizversand.ch<\/title>\n<meta name=\"description\" content=\"Hasbro Hydro Aqua Armor Set &quot;X-Wing&quot; g\u00fcnstig kaufen bei Schweizversand.ch. Schnelle Lieferung in der Schweiz. Gratisversand ab CHF 50.\" \/>\n<meta name=\"robots\" content=\"index, follow, max-snippet:-1, max-image-preview:large, max-video-preview:-1\" \/>\n<link rel=\"canonical\" href=\"https:\/\/schweizversand.ch\/fr\/produkt\/hasbro-hydro-aqua-armor-set-x-wing\/\" \/>\n<meta property=\"og:locale\" content=\"fr_FR\" \/>\n<meta property=\"og:type\" content=\"article\" \/>\n<meta property=\"og:title\" content=\"Hasbro Hydro Aqua Armor Set &quot;X-Wing&quot; | Jetzt kaufen | Schweizversand.ch\" \/>\n<meta property=\"og:description\" content=\"Hasbro Hydro Aqua Armor Set &quot;X-Wing&quot; g\u00fcnstig kaufen bei Schweizversand.ch. Schnelle Lieferung in der Schweiz. Gratisversand ab CHF 50.\" \/>\n<meta property=\"og:url\" content=\"https:\/\/schweizversand.ch\/fr\/produkt\/hasbro-hydro-aqua-armor-set-x-wing\/\" \/>\n<meta property=\"og:site_name\" content=\"Schweizer Shop f\u00fcr Sport, Spiel und Freizeit\" \/>\n<meta property=\"article:publisher\" content=\"https:\/\/www.facebook.com\/Schweizversand\" \/>\n<meta property=\"article:modified_time\" content=\"2026-04-20T00:04:11+00:00\" \/>\n<meta property=\"og:image\" content=\"https:\/\/schweizversand.ch\/wp-content\/uploads\/2026\/02\/5476647287.jpg\" \/>\n\t<meta property=\"og:image:width\" content=\"906\" \/>\n\t<meta property=\"og:image:height\" content=\"1024\" \/>\n\t<meta property=\"og:image:type\" content=\"image\/jpeg\" \/>\n<meta name=\"twitter:card\" content=\"summary_large_image\" \/>\n<meta name=\"twitter:label1\" content=\"Dur\u00e9e de lecture estim\u00e9e\" \/>\n\t<meta name=\"twitter:data1\" content=\"2 minutes\" \/>\n<script type=\"application\/ld+json\" class=\"yoast-schema-graph\">{\"@context\":\"https:\\\/\\\/schema.org\",\"@graph\":[{\"@type\":\"WebPage\",\"@id\":\"https:\\\/\\\/schweizversand.ch\\\/fr\\\/produkt\\\/hasbro-hydro-aqua-armor-set-x-wing\\\/\",\"url\":\"https:\\\/\\\/schweizversand.ch\\\/fr\\\/produkt\\\/hasbro-hydro-aqua-armor-set-x-wing\\\/\",\"name\":\"Hasbro Hydro Aqua Armor Set \\\"X-Wing\\\" | Jetzt kaufen | Schweizversand.ch\",\"isPartOf\":{\"@id\":\"https:\\\/\\\/schweizversand.ch\\\/fr\\\/#website\"},\"primaryImageOfPage\":{\"@id\":\"https:\\\/\\\/schweizversand.ch\\\/fr\\\/produkt\\\/hasbro-hydro-aqua-armor-set-x-wing\\\/#primaryimage\"},\"image\":{\"@id\":\"https:\\\/\\\/schweizversand.ch\\\/fr\\\/produkt\\\/hasbro-hydro-aqua-armor-set-x-wing\\\/#primaryimage\"},\"thumbnailUrl\":\"https:\\\/\\\/schweizversand.ch\\\/wp-content\\\/uploads\\\/2026\\\/02\\\/5476647287.jpg\",\"datePublished\":\"2026-03-14T23:28:41+00:00\",\"dateModified\":\"2026-04-20T00:04:11+00:00\",\"description\":\"Hasbro Hydro Aqua Armor Set \\\"X-Wing\\\" g\u00fcnstig kaufen bei Schweizversand.ch. Schnelle Lieferung in der Schweiz. Gratisversand ab CHF 50.\",\"breadcrumb\":{\"@id\":\"https:\\\/\\\/schweizversand.ch\\\/fr\\\/produkt\\\/hasbro-hydro-aqua-armor-set-x-wing\\\/#breadcrumb\"},\"inLanguage\":\"fr-FR\",\"potentialAction\":[{\"@type\":\"ReadAction\",\"target\":[\"https:\\\/\\\/schweizversand.ch\\\/fr\\\/produkt\\\/hasbro-hydro-aqua-armor-set-x-wing\\\/\"]}]},{\"@type\":\"ImageObject\",\"inLanguage\":\"fr-FR\",\"@id\":\"https:\\\/\\\/schweizversand.ch\\\/fr\\\/produkt\\\/hasbro-hydro-aqua-armor-set-x-wing\\\/#primaryimage\",\"url\":\"https:\\\/\\\/schweizversand.ch\\\/wp-content\\\/uploads\\\/2026\\\/02\\\/5476647287.jpg\",\"contentUrl\":\"https:\\\/\\\/schweizversand.ch\\\/wp-content\\\/uploads\\\/2026\\\/02\\\/5476647287.jpg\",\"width\":906,\"height\":1024},{\"@type\":\"BreadcrumbList\",\"@id\":\"https:\\\/\\\/schweizversand.ch\\\/fr\\\/produkt\\\/hasbro-hydro-aqua-armor-set-x-wing\\\/#breadcrumb\",\"itemListElement\":[{\"@type\":\"ListItem\",\"position\":1,\"name\":\"Startseite\",\"item\":\"https:\\\/\\\/schweizversand.ch\\\/fr\\\/home\\\/\"},{\"@type\":\"ListItem\",\"position\":2,\"name\":\"Boutique\",\"item\":\"https:\\\/\\\/schweizversand.ch\\\/fr\\\/boutique\\\/\"},{\"@type\":\"ListItem\",\"position\":3,\"name\":\"Jouets et jeux\",\"item\":\"https:\\\/\\\/schweizversand.ch\\\/fr\\\/produkt-kategorie\\\/jouets-et-jeux\\\/\"},{\"@type\":\"ListItem\",\"position\":4,\"name\":\"Figurines et poup\u00e9es\",\"item\":\"https:\\\/\\\/schweizversand.ch\\\/fr\\\/produkt-kategorie\\\/jouets-et-jeux\\\/figurines-et-poupees\\\/\"},{\"@type\":\"ListItem\",\"position\":5,\"name\":\"Figurines et robots\",\"item\":\"https:\\\/\\\/schweizversand.ch\\\/fr\\\/produkt-kategorie\\\/jouets-et-jeux\\\/figurines-et-poupees\\\/spielzeugfigur-roboter\\\/\"},{\"@type\":\"ListItem\",\"position\":6,\"name\":\"Ensemble d&#8217;armure Hydro Aqua Hasbro \u00ab X-Wing \u00bb\"}]},{\"@type\":\"WebSite\",\"@id\":\"https:\\\/\\\/schweizversand.ch\\\/fr\\\/#website\",\"url\":\"https:\\\/\\\/schweizversand.ch\\\/fr\\\/\",\"name\":\"Schweizer Shop f\u00fcr Sport, Spiel und Freizeit\",\"description\":\"Gratisversand ab 50.- (netto), ab eigenem schweizer Lager, Lieferung innert 48h\",\"publisher\":{\"@id\":\"https:\\\/\\\/schweizversand.ch\\\/fr\\\/#organization\"},\"alternateName\":\"Schweizversand.ch\",\"potentialAction\":[{\"@type\":\"SearchAction\",\"target\":{\"@type\":\"EntryPoint\",\"urlTemplate\":\"https:\\\/\\\/schweizversand.ch\\\/fr\\\/?s={search_term_string}\"},\"query-input\":{\"@type\":\"PropertyValueSpecification\",\"valueRequired\":true,\"valueName\":\"search_term_string\"}}],\"inLanguage\":\"fr-FR\"},{\"@type\":\"Organization\",\"@id\":\"https:\\\/\\\/schweizversand.ch\\\/fr\\\/#organization\",\"name\":\"Schweizversand.ch\",\"url\":\"https:\\\/\\\/schweizversand.ch\\\/fr\\\/\",\"logo\":{\"@type\":\"ImageObject\",\"inLanguage\":\"fr-FR\",\"@id\":\"https:\\\/\\\/schweizversand.ch\\\/fr\\\/#\\\/schema\\\/logo\\\/image\\\/\",\"url\":\"https:\\\/\\\/schweizversand.ch\\\/wp-content\\\/uploads\\\/2026\\\/03\\\/Logo_Rund_Final-1.png\",\"contentUrl\":\"https:\\\/\\\/schweizversand.ch\\\/wp-content\\\/uploads\\\/2026\\\/03\\\/Logo_Rund_Final-1.png\",\"width\":404,\"height\":404,\"caption\":\"Schweizversand.ch\"},\"image\":{\"@id\":\"https:\\\/\\\/schweizversand.ch\\\/fr\\\/#\\\/schema\\\/logo\\\/image\\\/\"},\"sameAs\":[\"https:\\\/\\\/www.facebook.com\\\/Schweizversand\",\"https:\\\/\\\/www.instagram.com\\\/schweizversand.ch\\\/\"]}]}<\/script>\n<!-- \/ Yoast SEO plugin. -->","yoast_head_json":{"title":"Hasbro Hydro Aqua Armor Set \"X-Wing\" | Jetzt kaufen | Schweizversand.ch","description":"Hasbro Hydro Aqua Armor Set \"X-Wing\" g\u00fcnstig kaufen bei Schweizversand.ch. Schnelle Lieferung in der Schweiz. Gratisversand ab CHF 50.","robots":{"index":"index","follow":"follow","max-snippet":"max-snippet:-1","max-image-preview":"max-image-preview:large","max-video-preview":"max-video-preview:-1"},"canonical":"https:\/\/schweizversand.ch\/fr\/produkt\/hasbro-hydro-aqua-armor-set-x-wing\/","og_locale":"fr_FR","og_type":"article","og_title":"Hasbro Hydro Aqua Armor Set \"X-Wing\" | Jetzt kaufen | Schweizversand.ch","og_description":"Hasbro Hydro Aqua Armor Set \"X-Wing\" g\u00fcnstig kaufen bei Schweizversand.ch. Schnelle Lieferung in der Schweiz. Gratisversand ab CHF 50.","og_url":"https:\/\/schweizversand.ch\/fr\/produkt\/hasbro-hydro-aqua-armor-set-x-wing\/","og_site_name":"Schweizer Shop f\u00fcr Sport, Spiel und Freizeit","article_publisher":"https:\/\/www.facebook.com\/Schweizversand","article_modified_time":"2026-04-20T00:04:11+00:00","og_image":[{"width":906,"height":1024,"url":"https:\/\/schweizversand.ch\/wp-content\/uploads\/2026\/02\/5476647287.jpg","type":"image\/jpeg"}],"twitter_card":"summary_large_image","twitter_misc":{"Dur\u00e9e de lecture estim\u00e9e":"2 minutes"},"schema":{"@context":"https:\/\/schema.org","@graph":[{"@type":"WebPage","@id":"https:\/\/schweizversand.ch\/fr\/produkt\/hasbro-hydro-aqua-armor-set-x-wing\/","url":"https:\/\/schweizversand.ch\/fr\/produkt\/hasbro-hydro-aqua-armor-set-x-wing\/","name":"Hasbro Hydro Aqua Armor Set \"X-Wing\" | Jetzt kaufen | Schweizversand.ch","isPartOf":{"@id":"https:\/\/schweizversand.ch\/fr\/#website"},"primaryImageOfPage":{"@id":"https:\/\/schweizversand.ch\/fr\/produkt\/hasbro-hydro-aqua-armor-set-x-wing\/#primaryimage"},"image":{"@id":"https:\/\/schweizversand.ch\/fr\/produkt\/hasbro-hydro-aqua-armor-set-x-wing\/#primaryimage"},"thumbnailUrl":"https:\/\/schweizversand.ch\/wp-content\/uploads\/2026\/02\/5476647287.jpg","datePublished":"2026-03-14T23:28:41+00:00","dateModified":"2026-04-20T00:04:11+00:00","description":"Hasbro Hydro Aqua Armor Set \"X-Wing\" g\u00fcnstig kaufen bei Schweizversand.ch. Schnelle Lieferung in der Schweiz. Gratisversand ab CHF 50.","breadcrumb":{"@id":"https:\/\/schweizversand.ch\/fr\/produkt\/hasbro-hydro-aqua-armor-set-x-wing\/#breadcrumb"},"inLanguage":"fr-FR","potentialAction":[{"@type":"ReadAction","target":["https:\/\/schweizversand.ch\/fr\/produkt\/hasbro-hydro-aqua-armor-set-x-wing\/"]}]},{"@type":"ImageObject","inLanguage":"fr-FR","@id":"https:\/\/schweizversand.ch\/fr\/produkt\/hasbro-hydro-aqua-armor-set-x-wing\/#primaryimage","url":"https:\/\/schweizversand.ch\/wp-content\/uploads\/2026\/02\/5476647287.jpg","contentUrl":"https:\/\/schweizversand.ch\/wp-content\/uploads\/2026\/02\/5476647287.jpg","width":906,"height":1024},{"@type":"BreadcrumbList","@id":"https:\/\/schweizversand.ch\/fr\/produkt\/hasbro-hydro-aqua-armor-set-x-wing\/#breadcrumb","itemListElement":[{"@type":"ListItem","position":1,"name":"Startseite","item":"https:\/\/schweizversand.ch\/fr\/home\/"},{"@type":"ListItem","position":2,"name":"Boutique","item":"https:\/\/schweizversand.ch\/fr\/boutique\/"},{"@type":"ListItem","position":3,"name":"Jouets et jeux","item":"https:\/\/schweizversand.ch\/fr\/produkt-kategorie\/jouets-et-jeux\/"},{"@type":"ListItem","position":4,"name":"Figurines et poup\u00e9es","item":"https:\/\/schweizversand.ch\/fr\/produkt-kategorie\/jouets-et-jeux\/figurines-et-poupees\/"},{"@type":"ListItem","position":5,"name":"Figurines et robots","item":"https:\/\/schweizversand.ch\/fr\/produkt-kategorie\/jouets-et-jeux\/figurines-et-poupees\/spielzeugfigur-roboter\/"},{"@type":"ListItem","position":6,"name":"Ensemble d&#8217;armure Hydro Aqua Hasbro \u00ab X-Wing \u00bb"}]},{"@type":"WebSite","@id":"https:\/\/schweizversand.ch\/fr\/#website","url":"https:\/\/schweizversand.ch\/fr\/","name":"Schweizer Shop f\u00fcr Sport, Spiel und Freizeit","description":"Gratisversand ab 50.- (netto), ab eigenem schweizer Lager, Lieferung innert 48h","publisher":{"@id":"https:\/\/schweizversand.ch\/fr\/#organization"},"alternateName":"Schweizversand.ch","potentialAction":[{"@type":"SearchAction","target":{"@type":"EntryPoint","urlTemplate":"https:\/\/schweizversand.ch\/fr\/?s={search_term_string}"},"query-input":{"@type":"PropertyValueSpecification","valueRequired":true,"valueName":"search_term_string"}}],"inLanguage":"fr-FR"},{"@type":"Organization","@id":"https:\/\/schweizversand.ch\/fr\/#organization","name":"Schweizversand.ch","url":"https:\/\/schweizversand.ch\/fr\/","logo":{"@type":"ImageObject","inLanguage":"fr-FR","@id":"https:\/\/schweizversand.ch\/fr\/#\/schema\/logo\/image\/","url":"https:\/\/schweizversand.ch\/wp-content\/uploads\/2026\/03\/Logo_Rund_Final-1.png","contentUrl":"https:\/\/schweizversand.ch\/wp-content\/uploads\/2026\/03\/Logo_Rund_Final-1.png","width":404,"height":404,"caption":"Schweizversand.ch"},"image":{"@id":"https:\/\/schweizversand.ch\/fr\/#\/schema\/logo\/image\/"},"sameAs":["https:\/\/www.facebook.com\/Schweizversand","https:\/\/www.instagram.com\/schweizversand.ch\/"]}]}},"jetpack_sharing_enabled":true,"_links":{"self":[{"href":"https:\/\/schweizversand.ch\/fr\/wp-json\/wp\/v2\/product\/249661","targetHints":{"allow":["GET"]}}],"collection":[{"href":"https:\/\/schweizversand.ch\/fr\/wp-json\/wp\/v2\/product"}],"about":[{"href":"https:\/\/schweizversand.ch\/fr\/wp-json\/wp\/v2\/types\/product"}],"replies":[{"embeddable":true,"href":"https:\/\/schweizversand.ch\/fr\/wp-json\/wp\/v2\/comments?post=249661"}],"wp:featuredmedia":[{"embeddable":true,"href":"https:\/\/schweizversand.ch\/fr\/wp-json\/wp\/v2\/media\/163558"}],"wp:attachment":[{"href":"https:\/\/schweizversand.ch\/fr\/wp-json\/wp\/v2\/media?parent=249661"}],"wp:term":[{"taxonomy":"product_brand","embeddable":true,"href":"https:\/\/schweizversand.ch\/fr\/wp-json\/wp\/v2\/product_brand?post=249661"},{"taxonomy":"product_cat","embeddable":true,"href":"https:\/\/schweizversand.ch\/fr\/wp-json\/wp\/v2\/product_cat?post=249661"},{"taxonomy":"product_tag","embeddable":true,"href":"https:\/\/schweizversand.ch\/fr\/wp-json\/wp\/v2\/product_tag?post=249661"}],"curies":[{"name":"wp","href":"https:\/\/api.w.org\/{rel}","templated":true}]}}