{"id":249669,"date":"2026-03-15T00:28:42","date_gmt":"2026-03-14T23:28:42","guid":{"rendered":"https:\/\/schweizversand.ch\/produkt\/hasbro-stunt-squad-marvel-spider-man-vs-green-goblin\/"},"modified":"2026-04-19T02:05:11","modified_gmt":"2026-04-19T00:05:11","slug":"hasbro-stunt-squad-marvel-spider-man-vs-green-goblin","status":"publish","type":"product","link":"https:\/\/schweizversand.ch\/fr\/produkt\/hasbro-stunt-squad-marvel-spider-man-vs-green-goblin\/","title":{"rendered":"Hasbro Stunt Squad Marvel Spider-Man contre le Bouffon Vert"},"content":{"rendered":"<h1><strong>Coffret de jeu Grue Casseuse<\/strong><\/h1>\n<div>Plongez dans l&rsquo;univers tr\u00e9pidant des super-h\u00e9ros avec le coffret de jeu Grue Casseuse <strong>Marvel Stunt Squad<\/strong>. Ce coffret compact offre des heures d&rsquo;amusement et permet aux enfants de 4 ans et plus de cr\u00e9er leurs propres aventures Marvel \u00e9piques.<\/p>\n<\/div>\n<div><strong>Coffret de jeu Super-h\u00e9ros Ultime<\/strong><br \/>Ce coffret de figurines <strong>Marvel<\/strong> est parfait pour tous les fans des personnages embl\u00e9matiques de la bande dessin\u00e9e. Le coffret permet aux enfants de recr\u00e9er le combat classique entre le bien et le mal en lan\u00e7ant leurs figurines de 3,5 cm dans les airs pour atteindre la cible et vaincre les m\u00e9chants. Contenu et caract\u00e9ristiques\u00a0: Le coffret de jeu Marvel Stunt Squad comprend tout le n\u00e9cessaire pour l&rsquo;affrontement ultime. Les enfants peuvent imaginer le combat entre Spider-Man et le Bouffon Vert et reconstruire la base \u00e0 l&rsquo;infini pour cr\u00e9er de nouveaux d\u00e9fis. Toutes les figurines sont compatibles avec les autres coffrets Marvel Stunt Squad, pour encore plus de possibilit\u00e9s de jeu. Contenu et d\u00e9tails du produit\u00a0: &#8211; \u00c2ge recommand\u00e9\u00a0: 4\u00a0ans et plus &#8211; Comprend une figurine de super-h\u00e9ros et une figurine de super-vilain &#8211; Comprend un lanceur et une base servant de cible &#8211; Les deux figurines incluses mesurent 3,5\u00a0cm chacune &#8211; Les figurines sont compatibles avec tous les ensembles de jeu Stunt Squad. Offrez \u00e0 votre enfant l\u2019ensemble de jeu Smash Crane d\u00e8s maintenant et plongez-le dans l\u2019univers passionnant de Marvel\u00a0! Un incontournable pour les petits collectionneurs et les futurs super-h\u00e9ros\u00a0!<\/p>\n","protected":false},"excerpt":{"rendered":"<p>Coffret de jeu Grue Casseuse Plongez dans l&rsquo;univers tr\u00e9pidant des super-h\u00e9ros avec le coffret de jeu Grue Casseuse Marvel Stunt Squad. Ce coffret compact offre des heures d&rsquo;amusement et permet aux enfants de 4 ans et plus de cr\u00e9er leurs propres aventures Marvel \u00e9piques. Coffret de jeu Super-h\u00e9ros UltimeCe coffret de figurines Marvel est parfait pour tous les fans des personnages embl\u00e9matiques de la bande dessin\u00e9e. Le coffret permet aux enfants de recr\u00e9er le combat&hellip;<\/p>\n","protected":false},"featured_media":163588,"comment_status":"open","ping_status":"closed","template":"","meta":[],"product_brand":[],"product_cat":[38098],"product_tag":[],"class_list":{"0":"post-249669","1":"product","2":"type-product","3":"status-publish","4":"has-post-thumbnail","6":"product_cat-figurines-et-poupees","7":"product_shipping_class-global_methods","9":"first","10":"instock","11":"taxable","12":"shipping-taxable","13":"purchasable","14":"product-type-simple"},"yoast_head":"<!-- This site is optimized with the Yoast SEO plugin v27.4 - https:\/\/yoast.com\/product\/yoast-seo-wordpress\/ -->\n<title>Hasbro Stunt squad Marvel Spider-Man vs. Green Goblin | Jetzt kaufen | Schweizversand.ch<\/title>\n<meta name=\"description\" content=\"Hasbro Stunt squad Marvel Spider-Man vs. Green Goblin g\u00fcnstig kaufen bei Schweizversand.ch. Schnelle Lieferung in der Schweiz. Gratisversand ab CHF 50.\" \/>\n<meta name=\"robots\" content=\"index, follow, max-snippet:-1, max-image-preview:large, max-video-preview:-1\" \/>\n<link rel=\"canonical\" href=\"https:\/\/schweizversand.ch\/fr\/produkt\/hasbro-stunt-squad-marvel-spider-man-vs-green-goblin\/\" \/>\n<meta property=\"og:locale\" content=\"fr_FR\" \/>\n<meta property=\"og:type\" content=\"article\" \/>\n<meta property=\"og:title\" content=\"Hasbro Stunt squad Marvel Spider-Man vs. Green Goblin | Jetzt kaufen | Schweizversand.ch\" \/>\n<meta property=\"og:description\" content=\"Hasbro Stunt squad Marvel Spider-Man vs. Green Goblin g\u00fcnstig kaufen bei Schweizversand.ch. Schnelle Lieferung in der Schweiz. Gratisversand ab CHF 50.\" \/>\n<meta property=\"og:url\" content=\"https:\/\/schweizversand.ch\/fr\/produkt\/hasbro-stunt-squad-marvel-spider-man-vs-green-goblin\/\" \/>\n<meta property=\"og:site_name\" content=\"Schweizer Shop f\u00fcr Sport, Spiel und Freizeit\" \/>\n<meta property=\"article:publisher\" content=\"https:\/\/www.facebook.com\/Schweizversand\" \/>\n<meta property=\"article:modified_time\" content=\"2026-04-19T00:05:11+00:00\" \/>\n<meta property=\"og:image\" content=\"https:\/\/schweizversand.ch\/wp-content\/uploads\/2026\/02\/5472110285.jpg\" \/>\n\t<meta property=\"og:image:width\" content=\"1015\" \/>\n\t<meta property=\"og:image:height\" content=\"1024\" \/>\n\t<meta property=\"og:image:type\" content=\"image\/jpeg\" \/>\n<meta name=\"twitter:card\" content=\"summary_large_image\" \/>\n<meta name=\"twitter:label1\" content=\"Dur\u00e9e de lecture estim\u00e9e\" \/>\n\t<meta name=\"twitter:data1\" content=\"1 minute\" \/>\n<script type=\"application\/ld+json\" class=\"yoast-schema-graph\">{\"@context\":\"https:\\\/\\\/schema.org\",\"@graph\":[{\"@type\":\"WebPage\",\"@id\":\"https:\\\/\\\/schweizversand.ch\\\/fr\\\/produkt\\\/hasbro-stunt-squad-marvel-spider-man-vs-green-goblin\\\/\",\"url\":\"https:\\\/\\\/schweizversand.ch\\\/fr\\\/produkt\\\/hasbro-stunt-squad-marvel-spider-man-vs-green-goblin\\\/\",\"name\":\"Hasbro Stunt squad Marvel Spider-Man vs. Green Goblin | Jetzt kaufen | Schweizversand.ch\",\"isPartOf\":{\"@id\":\"https:\\\/\\\/schweizversand.ch\\\/fr\\\/#website\"},\"primaryImageOfPage\":{\"@id\":\"https:\\\/\\\/schweizversand.ch\\\/fr\\\/produkt\\\/hasbro-stunt-squad-marvel-spider-man-vs-green-goblin\\\/#primaryimage\"},\"image\":{\"@id\":\"https:\\\/\\\/schweizversand.ch\\\/fr\\\/produkt\\\/hasbro-stunt-squad-marvel-spider-man-vs-green-goblin\\\/#primaryimage\"},\"thumbnailUrl\":\"https:\\\/\\\/schweizversand.ch\\\/wp-content\\\/uploads\\\/2026\\\/02\\\/5472110285.jpg\",\"datePublished\":\"2026-03-14T23:28:42+00:00\",\"dateModified\":\"2026-04-19T00:05:11+00:00\",\"description\":\"Hasbro Stunt squad Marvel Spider-Man vs. Green Goblin g\u00fcnstig kaufen bei Schweizversand.ch. Schnelle Lieferung in der Schweiz. Gratisversand ab CHF 50.\",\"breadcrumb\":{\"@id\":\"https:\\\/\\\/schweizversand.ch\\\/fr\\\/produkt\\\/hasbro-stunt-squad-marvel-spider-man-vs-green-goblin\\\/#breadcrumb\"},\"inLanguage\":\"fr-FR\",\"potentialAction\":[{\"@type\":\"ReadAction\",\"target\":[\"https:\\\/\\\/schweizversand.ch\\\/fr\\\/produkt\\\/hasbro-stunt-squad-marvel-spider-man-vs-green-goblin\\\/\"]}]},{\"@type\":\"ImageObject\",\"inLanguage\":\"fr-FR\",\"@id\":\"https:\\\/\\\/schweizversand.ch\\\/fr\\\/produkt\\\/hasbro-stunt-squad-marvel-spider-man-vs-green-goblin\\\/#primaryimage\",\"url\":\"https:\\\/\\\/schweizversand.ch\\\/wp-content\\\/uploads\\\/2026\\\/02\\\/5472110285.jpg\",\"contentUrl\":\"https:\\\/\\\/schweizversand.ch\\\/wp-content\\\/uploads\\\/2026\\\/02\\\/5472110285.jpg\",\"width\":1015,\"height\":1024},{\"@type\":\"BreadcrumbList\",\"@id\":\"https:\\\/\\\/schweizversand.ch\\\/fr\\\/produkt\\\/hasbro-stunt-squad-marvel-spider-man-vs-green-goblin\\\/#breadcrumb\",\"itemListElement\":[{\"@type\":\"ListItem\",\"position\":1,\"name\":\"Startseite\",\"item\":\"https:\\\/\\\/schweizversand.ch\\\/fr\\\/home\\\/\"},{\"@type\":\"ListItem\",\"position\":2,\"name\":\"Boutique\",\"item\":\"https:\\\/\\\/schweizversand.ch\\\/fr\\\/boutique\\\/\"},{\"@type\":\"ListItem\",\"position\":3,\"name\":\"Jouets et jeux\",\"item\":\"https:\\\/\\\/schweizversand.ch\\\/fr\\\/produkt-kategorie\\\/jouets-et-jeux\\\/\"},{\"@type\":\"ListItem\",\"position\":4,\"name\":\"Figurines et poup\u00e9es\",\"item\":\"https:\\\/\\\/schweizversand.ch\\\/fr\\\/produkt-kategorie\\\/jouets-et-jeux\\\/figurines-et-poupees\\\/\"},{\"@type\":\"ListItem\",\"position\":5,\"name\":\"Hasbro Stunt Squad Marvel Spider-Man contre le Bouffon Vert\"}]},{\"@type\":\"WebSite\",\"@id\":\"https:\\\/\\\/schweizversand.ch\\\/fr\\\/#website\",\"url\":\"https:\\\/\\\/schweizversand.ch\\\/fr\\\/\",\"name\":\"Schweizer Shop f\u00fcr Sport, Spiel und Freizeit\",\"description\":\"Gratisversand ab 50.- (netto), ab eigenem schweizer Lager, Lieferung innert 48h\",\"publisher\":{\"@id\":\"https:\\\/\\\/schweizversand.ch\\\/fr\\\/#organization\"},\"alternateName\":\"Schweizversand.ch\",\"potentialAction\":[{\"@type\":\"SearchAction\",\"target\":{\"@type\":\"EntryPoint\",\"urlTemplate\":\"https:\\\/\\\/schweizversand.ch\\\/fr\\\/?s={search_term_string}\"},\"query-input\":{\"@type\":\"PropertyValueSpecification\",\"valueRequired\":true,\"valueName\":\"search_term_string\"}}],\"inLanguage\":\"fr-FR\"},{\"@type\":\"Organization\",\"@id\":\"https:\\\/\\\/schweizversand.ch\\\/fr\\\/#organization\",\"name\":\"Schweizversand.ch\",\"url\":\"https:\\\/\\\/schweizversand.ch\\\/fr\\\/\",\"logo\":{\"@type\":\"ImageObject\",\"inLanguage\":\"fr-FR\",\"@id\":\"https:\\\/\\\/schweizversand.ch\\\/fr\\\/#\\\/schema\\\/logo\\\/image\\\/\",\"url\":\"https:\\\/\\\/schweizversand.ch\\\/wp-content\\\/uploads\\\/2026\\\/03\\\/Logo_Rund_Final-1.png\",\"contentUrl\":\"https:\\\/\\\/schweizversand.ch\\\/wp-content\\\/uploads\\\/2026\\\/03\\\/Logo_Rund_Final-1.png\",\"width\":404,\"height\":404,\"caption\":\"Schweizversand.ch\"},\"image\":{\"@id\":\"https:\\\/\\\/schweizversand.ch\\\/fr\\\/#\\\/schema\\\/logo\\\/image\\\/\"},\"sameAs\":[\"https:\\\/\\\/www.facebook.com\\\/Schweizversand\",\"https:\\\/\\\/www.instagram.com\\\/schweizversand.ch\\\/\"]}]}<\/script>\n<!-- \/ Yoast SEO plugin. -->","yoast_head_json":{"title":"Hasbro Stunt squad Marvel Spider-Man vs. Green Goblin | Jetzt kaufen | Schweizversand.ch","description":"Hasbro Stunt squad Marvel Spider-Man vs. Green Goblin g\u00fcnstig kaufen bei Schweizversand.ch. Schnelle Lieferung in der Schweiz. Gratisversand ab CHF 50.","robots":{"index":"index","follow":"follow","max-snippet":"max-snippet:-1","max-image-preview":"max-image-preview:large","max-video-preview":"max-video-preview:-1"},"canonical":"https:\/\/schweizversand.ch\/fr\/produkt\/hasbro-stunt-squad-marvel-spider-man-vs-green-goblin\/","og_locale":"fr_FR","og_type":"article","og_title":"Hasbro Stunt squad Marvel Spider-Man vs. Green Goblin | Jetzt kaufen | Schweizversand.ch","og_description":"Hasbro Stunt squad Marvel Spider-Man vs. Green Goblin g\u00fcnstig kaufen bei Schweizversand.ch. Schnelle Lieferung in der Schweiz. Gratisversand ab CHF 50.","og_url":"https:\/\/schweizversand.ch\/fr\/produkt\/hasbro-stunt-squad-marvel-spider-man-vs-green-goblin\/","og_site_name":"Schweizer Shop f\u00fcr Sport, Spiel und Freizeit","article_publisher":"https:\/\/www.facebook.com\/Schweizversand","article_modified_time":"2026-04-19T00:05:11+00:00","og_image":[{"width":1015,"height":1024,"url":"https:\/\/schweizversand.ch\/wp-content\/uploads\/2026\/02\/5472110285.jpg","type":"image\/jpeg"}],"twitter_card":"summary_large_image","twitter_misc":{"Dur\u00e9e de lecture estim\u00e9e":"1 minute"},"schema":{"@context":"https:\/\/schema.org","@graph":[{"@type":"WebPage","@id":"https:\/\/schweizversand.ch\/fr\/produkt\/hasbro-stunt-squad-marvel-spider-man-vs-green-goblin\/","url":"https:\/\/schweizversand.ch\/fr\/produkt\/hasbro-stunt-squad-marvel-spider-man-vs-green-goblin\/","name":"Hasbro Stunt squad Marvel Spider-Man vs. Green Goblin | Jetzt kaufen | Schweizversand.ch","isPartOf":{"@id":"https:\/\/schweizversand.ch\/fr\/#website"},"primaryImageOfPage":{"@id":"https:\/\/schweizversand.ch\/fr\/produkt\/hasbro-stunt-squad-marvel-spider-man-vs-green-goblin\/#primaryimage"},"image":{"@id":"https:\/\/schweizversand.ch\/fr\/produkt\/hasbro-stunt-squad-marvel-spider-man-vs-green-goblin\/#primaryimage"},"thumbnailUrl":"https:\/\/schweizversand.ch\/wp-content\/uploads\/2026\/02\/5472110285.jpg","datePublished":"2026-03-14T23:28:42+00:00","dateModified":"2026-04-19T00:05:11+00:00","description":"Hasbro Stunt squad Marvel Spider-Man vs. Green Goblin g\u00fcnstig kaufen bei Schweizversand.ch. Schnelle Lieferung in der Schweiz. Gratisversand ab CHF 50.","breadcrumb":{"@id":"https:\/\/schweizversand.ch\/fr\/produkt\/hasbro-stunt-squad-marvel-spider-man-vs-green-goblin\/#breadcrumb"},"inLanguage":"fr-FR","potentialAction":[{"@type":"ReadAction","target":["https:\/\/schweizversand.ch\/fr\/produkt\/hasbro-stunt-squad-marvel-spider-man-vs-green-goblin\/"]}]},{"@type":"ImageObject","inLanguage":"fr-FR","@id":"https:\/\/schweizversand.ch\/fr\/produkt\/hasbro-stunt-squad-marvel-spider-man-vs-green-goblin\/#primaryimage","url":"https:\/\/schweizversand.ch\/wp-content\/uploads\/2026\/02\/5472110285.jpg","contentUrl":"https:\/\/schweizversand.ch\/wp-content\/uploads\/2026\/02\/5472110285.jpg","width":1015,"height":1024},{"@type":"BreadcrumbList","@id":"https:\/\/schweizversand.ch\/fr\/produkt\/hasbro-stunt-squad-marvel-spider-man-vs-green-goblin\/#breadcrumb","itemListElement":[{"@type":"ListItem","position":1,"name":"Startseite","item":"https:\/\/schweizversand.ch\/fr\/home\/"},{"@type":"ListItem","position":2,"name":"Boutique","item":"https:\/\/schweizversand.ch\/fr\/boutique\/"},{"@type":"ListItem","position":3,"name":"Jouets et jeux","item":"https:\/\/schweizversand.ch\/fr\/produkt-kategorie\/jouets-et-jeux\/"},{"@type":"ListItem","position":4,"name":"Figurines et poup\u00e9es","item":"https:\/\/schweizversand.ch\/fr\/produkt-kategorie\/jouets-et-jeux\/figurines-et-poupees\/"},{"@type":"ListItem","position":5,"name":"Hasbro Stunt Squad Marvel Spider-Man contre le Bouffon Vert"}]},{"@type":"WebSite","@id":"https:\/\/schweizversand.ch\/fr\/#website","url":"https:\/\/schweizversand.ch\/fr\/","name":"Schweizer Shop f\u00fcr Sport, Spiel und Freizeit","description":"Gratisversand ab 50.- (netto), ab eigenem schweizer Lager, Lieferung innert 48h","publisher":{"@id":"https:\/\/schweizversand.ch\/fr\/#organization"},"alternateName":"Schweizversand.ch","potentialAction":[{"@type":"SearchAction","target":{"@type":"EntryPoint","urlTemplate":"https:\/\/schweizversand.ch\/fr\/?s={search_term_string}"},"query-input":{"@type":"PropertyValueSpecification","valueRequired":true,"valueName":"search_term_string"}}],"inLanguage":"fr-FR"},{"@type":"Organization","@id":"https:\/\/schweizversand.ch\/fr\/#organization","name":"Schweizversand.ch","url":"https:\/\/schweizversand.ch\/fr\/","logo":{"@type":"ImageObject","inLanguage":"fr-FR","@id":"https:\/\/schweizversand.ch\/fr\/#\/schema\/logo\/image\/","url":"https:\/\/schweizversand.ch\/wp-content\/uploads\/2026\/03\/Logo_Rund_Final-1.png","contentUrl":"https:\/\/schweizversand.ch\/wp-content\/uploads\/2026\/03\/Logo_Rund_Final-1.png","width":404,"height":404,"caption":"Schweizversand.ch"},"image":{"@id":"https:\/\/schweizversand.ch\/fr\/#\/schema\/logo\/image\/"},"sameAs":["https:\/\/www.facebook.com\/Schweizversand","https:\/\/www.instagram.com\/schweizversand.ch\/"]}]}},"jetpack_sharing_enabled":true,"_links":{"self":[{"href":"https:\/\/schweizversand.ch\/fr\/wp-json\/wp\/v2\/product\/249669","targetHints":{"allow":["GET"]}}],"collection":[{"href":"https:\/\/schweizversand.ch\/fr\/wp-json\/wp\/v2\/product"}],"about":[{"href":"https:\/\/schweizversand.ch\/fr\/wp-json\/wp\/v2\/types\/product"}],"replies":[{"embeddable":true,"href":"https:\/\/schweizversand.ch\/fr\/wp-json\/wp\/v2\/comments?post=249669"}],"wp:featuredmedia":[{"embeddable":true,"href":"https:\/\/schweizversand.ch\/fr\/wp-json\/wp\/v2\/media\/163588"}],"wp:attachment":[{"href":"https:\/\/schweizversand.ch\/fr\/wp-json\/wp\/v2\/media?parent=249669"}],"wp:term":[{"taxonomy":"product_brand","embeddable":true,"href":"https:\/\/schweizversand.ch\/fr\/wp-json\/wp\/v2\/product_brand?post=249669"},{"taxonomy":"product_cat","embeddable":true,"href":"https:\/\/schweizversand.ch\/fr\/wp-json\/wp\/v2\/product_cat?post=249669"},{"taxonomy":"product_tag","embeddable":true,"href":"https:\/\/schweizversand.ch\/fr\/wp-json\/wp\/v2\/product_tag?post=249669"}],"curies":[{"name":"wp","href":"https:\/\/api.w.org\/{rel}","templated":true}]}}