{"id":249670,"date":"2026-03-15T00:28:43","date_gmt":"2026-03-14T23:28:43","guid":{"rendered":"https:\/\/schweizversand.ch\/produkt\/hasbro-cluedo-peril-en-haute-mer\/"},"modified":"2026-04-20T02:04:11","modified_gmt":"2026-04-20T00:04:11","slug":"hasbro-cluedo-peril-en-haute-mer","status":"publish","type":"product","link":"https:\/\/schweizversand.ch\/fr\/produkt\/hasbro-cluedo-peril-en-haute-mer\/","title":{"rendered":"Hasbro Cluedo \u00ab\u00a0P\u00e9ril en haute mer\u00a0\u00bb"},"content":{"rendered":"<p>Menez l&rsquo;enqu\u00eate et r\u00e9solvez le myst\u00e8re en haute mer avec Cluedo, dans un style escape game !<\/p>\n<\/p>\n<p>Dans ce jeu d&rsquo;enqu\u00eate, les joueurs d\u00e9couvrent le suspense et l&rsquo;intrigue du Cluedo, m\u00ealant un jeu d&rsquo;enqu\u00eate classique \u00e0 une exp\u00e9rience d&rsquo;escape game.<\/p>\n<\/p>\n<p>L&rsquo;intrigue de ce jeu de strat\u00e9gie est simple : vous profitez de vacances tout compris \u00e0 bord du Lady Marigold II, le yacht de luxe du capitaine Melville, qui abrite un casino tr\u00e8s pris\u00e9. Un soir, alors qu&rsquo;une temp\u00eate approche, quelqu&rsquo;un aper\u00e7oit le corps du capitaine flottant \u00e0 quelques m\u00e8tres du navire ! Le bateau commence \u00e0 prendre l&rsquo;eau, et 1 \u00e0 6 joueurs doivent coop\u00e9rer et faire appel \u00e0 leurs talents de d\u00e9tective pour s&rsquo;\u00e9chapper du yacht et d\u00e9masquer le coupable afin de r\u00e9soudre l&rsquo;affaire !<\/p>\n<\/p>\n<p>Tout au long de la partie, les apprentis d\u00e9tectives explorent un plateau de jeu dynamique. Les joueurs d\u00e9placent leurs pions sur un plateau qui se construit et \u00e9volue au fil de la partie. Ce jeu de soci\u00e9t\u00e9 coop\u00e9ratif d\u00e9voile progressivement des \u00e9l\u00e9ments du navire et des indices utiles pour r\u00e9soudre l&rsquo;enqu\u00eate.<\/p>\n<\/p>\n<p>Pour gagner \u00e0 \u00ab Cluedo &#8211; Danger en haute mer \u00bb, vous devez d\u00e9couvrir qui a pouss\u00e9 le capitaine par-dessus bord, comment il est mont\u00e9 \u00e0 bord et pourquoi.<\/p>\n<\/p>\n<p>Ce jeu de puzzle unique promet une soir\u00e9e divertissante entre amis ou en famille ! C&rsquo;est le cadeau id\u00e9al pour les adultes et les enfants \u00e0 partir de 10 ans, passionn\u00e9s d&rsquo;enqu\u00eates et de polars !<\/p>\n<\/p>\n<p>Dur\u00e9e approximative d&rsquo;une partie : 90 minutes<\/p>\n<\/p>\n<p>Version fran\u00e7aise<\/p>\n","protected":false},"excerpt":{"rendered":"<p>Menez l&rsquo;enqu\u00eate et r\u00e9solvez le myst\u00e8re en haute mer avec Cluedo, dans un style escape game ! Dans ce jeu d&rsquo;enqu\u00eate, les joueurs d\u00e9couvrent le suspense et l&rsquo;intrigue du Cluedo, m\u00ealant un jeu d&rsquo;enqu\u00eate classique \u00e0 une exp\u00e9rience d&rsquo;escape game. L&rsquo;intrigue de ce jeu de strat\u00e9gie est simple : vous profitez de vacances tout compris \u00e0 bord du Lady Marigold II, le yacht de luxe du capitaine Melville, qui abrite un casino tr\u00e8s pris\u00e9. Un&hellip;<\/p>\n","protected":false},"featured_media":163594,"comment_status":"open","ping_status":"closed","template":"","meta":[],"product_brand":[],"product_cat":[38099],"product_tag":[],"class_list":{"0":"post-249670","1":"product","2":"type-product","3":"status-publish","4":"has-post-thumbnail","6":"product_cat-gesellschaftsspiel","7":"product_shipping_class-global_methods","9":"first","10":"instock","11":"taxable","12":"shipping-taxable","13":"purchasable","14":"product-type-simple"},"yoast_head":"<!-- This site is optimized with the Yoast SEO plugin v27.4 - https:\/\/yoast.com\/product\/yoast-seo-wordpress\/ -->\n<title>Hasbro Cluedo &quot; P\u00e9ril en haute mer&quot; | Jetzt kaufen | Schweizversand.ch<\/title>\n<meta name=\"description\" content=\"Hasbro Cluedo &quot; P\u00e9ril en haute mer&quot; g\u00fcnstig kaufen bei Schweizversand.ch. Schnelle Lieferung in der Schweiz. Gratisversand ab CHF 50.\" \/>\n<meta name=\"robots\" content=\"index, follow, max-snippet:-1, max-image-preview:large, max-video-preview:-1\" \/>\n<link rel=\"canonical\" href=\"https:\/\/schweizversand.ch\/fr\/produkt\/hasbro-cluedo-peril-en-haute-mer\/\" \/>\n<meta property=\"og:locale\" content=\"fr_FR\" \/>\n<meta property=\"og:type\" content=\"article\" \/>\n<meta property=\"og:title\" content=\"Hasbro Cluedo &quot; P\u00e9ril en haute mer&quot; | Jetzt kaufen | Schweizversand.ch\" \/>\n<meta property=\"og:description\" content=\"Hasbro Cluedo &quot; P\u00e9ril en haute mer&quot; g\u00fcnstig kaufen bei Schweizversand.ch. Schnelle Lieferung in der Schweiz. Gratisversand ab CHF 50.\" \/>\n<meta property=\"og:url\" content=\"https:\/\/schweizversand.ch\/fr\/produkt\/hasbro-cluedo-peril-en-haute-mer\/\" \/>\n<meta property=\"og:site_name\" content=\"Schweizer Shop f\u00fcr Sport, Spiel und Freizeit\" \/>\n<meta property=\"article:publisher\" content=\"https:\/\/www.facebook.com\/Schweizversand\" \/>\n<meta property=\"article:modified_time\" content=\"2026-04-20T00:04:11+00:00\" \/>\n<meta property=\"og:image\" content=\"https:\/\/schweizversand.ch\/wp-content\/uploads\/2026\/02\/5471831042.jpg\" \/>\n\t<meta property=\"og:image:width\" content=\"831\" \/>\n\t<meta property=\"og:image:height\" content=\"1024\" \/>\n\t<meta property=\"og:image:type\" content=\"image\/jpeg\" \/>\n<meta name=\"twitter:card\" content=\"summary_large_image\" \/>\n<meta name=\"twitter:label1\" content=\"Dur\u00e9e de lecture estim\u00e9e\" \/>\n\t<meta name=\"twitter:data1\" content=\"1 minute\" \/>\n<script type=\"application\/ld+json\" class=\"yoast-schema-graph\">{\"@context\":\"https:\\\/\\\/schema.org\",\"@graph\":[{\"@type\":\"WebPage\",\"@id\":\"https:\\\/\\\/schweizversand.ch\\\/fr\\\/produkt\\\/hasbro-cluedo-peril-en-haute-mer\\\/\",\"url\":\"https:\\\/\\\/schweizversand.ch\\\/fr\\\/produkt\\\/hasbro-cluedo-peril-en-haute-mer\\\/\",\"name\":\"Hasbro Cluedo \\\" P\u00e9ril en haute mer\\\" | Jetzt kaufen | Schweizversand.ch\",\"isPartOf\":{\"@id\":\"https:\\\/\\\/schweizversand.ch\\\/fr\\\/#website\"},\"primaryImageOfPage\":{\"@id\":\"https:\\\/\\\/schweizversand.ch\\\/fr\\\/produkt\\\/hasbro-cluedo-peril-en-haute-mer\\\/#primaryimage\"},\"image\":{\"@id\":\"https:\\\/\\\/schweizversand.ch\\\/fr\\\/produkt\\\/hasbro-cluedo-peril-en-haute-mer\\\/#primaryimage\"},\"thumbnailUrl\":\"https:\\\/\\\/schweizversand.ch\\\/wp-content\\\/uploads\\\/2026\\\/02\\\/5471831042.jpg\",\"datePublished\":\"2026-03-14T23:28:43+00:00\",\"dateModified\":\"2026-04-20T00:04:11+00:00\",\"description\":\"Hasbro Cluedo \\\" P\u00e9ril en haute mer\\\" g\u00fcnstig kaufen bei Schweizversand.ch. Schnelle Lieferung in der Schweiz. Gratisversand ab CHF 50.\",\"breadcrumb\":{\"@id\":\"https:\\\/\\\/schweizversand.ch\\\/fr\\\/produkt\\\/hasbro-cluedo-peril-en-haute-mer\\\/#breadcrumb\"},\"inLanguage\":\"fr-FR\",\"potentialAction\":[{\"@type\":\"ReadAction\",\"target\":[\"https:\\\/\\\/schweizversand.ch\\\/fr\\\/produkt\\\/hasbro-cluedo-peril-en-haute-mer\\\/\"]}]},{\"@type\":\"ImageObject\",\"inLanguage\":\"fr-FR\",\"@id\":\"https:\\\/\\\/schweizversand.ch\\\/fr\\\/produkt\\\/hasbro-cluedo-peril-en-haute-mer\\\/#primaryimage\",\"url\":\"https:\\\/\\\/schweizversand.ch\\\/wp-content\\\/uploads\\\/2026\\\/02\\\/5471831042.jpg\",\"contentUrl\":\"https:\\\/\\\/schweizversand.ch\\\/wp-content\\\/uploads\\\/2026\\\/02\\\/5471831042.jpg\",\"width\":831,\"height\":1024},{\"@type\":\"BreadcrumbList\",\"@id\":\"https:\\\/\\\/schweizversand.ch\\\/fr\\\/produkt\\\/hasbro-cluedo-peril-en-haute-mer\\\/#breadcrumb\",\"itemListElement\":[{\"@type\":\"ListItem\",\"position\":1,\"name\":\"Startseite\",\"item\":\"https:\\\/\\\/schweizversand.ch\\\/fr\\\/home\\\/\"},{\"@type\":\"ListItem\",\"position\":2,\"name\":\"Boutique\",\"item\":\"https:\\\/\\\/schweizversand.ch\\\/fr\\\/boutique\\\/\"},{\"@type\":\"ListItem\",\"position\":3,\"name\":\"Jouets et jeux\",\"item\":\"https:\\\/\\\/schweizversand.ch\\\/fr\\\/produkt-kategorie\\\/jouets-et-jeux\\\/\"},{\"@type\":\"ListItem\",\"position\":4,\"name\":\"Jeux et puzzles\",\"item\":\"https:\\\/\\\/schweizversand.ch\\\/fr\\\/produkt-kategorie\\\/jouets-et-jeux\\\/jeux-et-puzzles\\\/\"},{\"@type\":\"ListItem\",\"position\":5,\"name\":\"Jeux de soci\u00e9t\u00e9\",\"item\":\"https:\\\/\\\/schweizversand.ch\\\/fr\\\/produkt-kategorie\\\/gesellschaftsspiel\\\/\"},{\"@type\":\"ListItem\",\"position\":6,\"name\":\"Hasbro Cluedo &#8222;P\u00e9ril en haute mer&#8220;\"}]},{\"@type\":\"WebSite\",\"@id\":\"https:\\\/\\\/schweizversand.ch\\\/fr\\\/#website\",\"url\":\"https:\\\/\\\/schweizversand.ch\\\/fr\\\/\",\"name\":\"Schweizer Shop f\u00fcr Sport, Spiel und Freizeit\",\"description\":\"Gratisversand ab 50.- (netto), ab eigenem schweizer Lager, Lieferung innert 48h\",\"publisher\":{\"@id\":\"https:\\\/\\\/schweizversand.ch\\\/fr\\\/#organization\"},\"alternateName\":\"Schweizversand.ch\",\"potentialAction\":[{\"@type\":\"SearchAction\",\"target\":{\"@type\":\"EntryPoint\",\"urlTemplate\":\"https:\\\/\\\/schweizversand.ch\\\/fr\\\/?s={search_term_string}\"},\"query-input\":{\"@type\":\"PropertyValueSpecification\",\"valueRequired\":true,\"valueName\":\"search_term_string\"}}],\"inLanguage\":\"fr-FR\"},{\"@type\":\"Organization\",\"@id\":\"https:\\\/\\\/schweizversand.ch\\\/fr\\\/#organization\",\"name\":\"Schweizversand.ch\",\"url\":\"https:\\\/\\\/schweizversand.ch\\\/fr\\\/\",\"logo\":{\"@type\":\"ImageObject\",\"inLanguage\":\"fr-FR\",\"@id\":\"https:\\\/\\\/schweizversand.ch\\\/fr\\\/#\\\/schema\\\/logo\\\/image\\\/\",\"url\":\"https:\\\/\\\/schweizversand.ch\\\/wp-content\\\/uploads\\\/2026\\\/03\\\/Logo_Rund_Final-1.png\",\"contentUrl\":\"https:\\\/\\\/schweizversand.ch\\\/wp-content\\\/uploads\\\/2026\\\/03\\\/Logo_Rund_Final-1.png\",\"width\":404,\"height\":404,\"caption\":\"Schweizversand.ch\"},\"image\":{\"@id\":\"https:\\\/\\\/schweizversand.ch\\\/fr\\\/#\\\/schema\\\/logo\\\/image\\\/\"},\"sameAs\":[\"https:\\\/\\\/www.facebook.com\\\/Schweizversand\",\"https:\\\/\\\/www.instagram.com\\\/schweizversand.ch\\\/\"]}]}<\/script>\n<!-- \/ Yoast SEO plugin. -->","yoast_head_json":{"title":"Hasbro Cluedo \" P\u00e9ril en haute mer\" | Jetzt kaufen | Schweizversand.ch","description":"Hasbro Cluedo \" P\u00e9ril en haute mer\" g\u00fcnstig kaufen bei Schweizversand.ch. Schnelle Lieferung in der Schweiz. Gratisversand ab CHF 50.","robots":{"index":"index","follow":"follow","max-snippet":"max-snippet:-1","max-image-preview":"max-image-preview:large","max-video-preview":"max-video-preview:-1"},"canonical":"https:\/\/schweizversand.ch\/fr\/produkt\/hasbro-cluedo-peril-en-haute-mer\/","og_locale":"fr_FR","og_type":"article","og_title":"Hasbro Cluedo \" P\u00e9ril en haute mer\" | Jetzt kaufen | Schweizversand.ch","og_description":"Hasbro Cluedo \" P\u00e9ril en haute mer\" g\u00fcnstig kaufen bei Schweizversand.ch. Schnelle Lieferung in der Schweiz. Gratisversand ab CHF 50.","og_url":"https:\/\/schweizversand.ch\/fr\/produkt\/hasbro-cluedo-peril-en-haute-mer\/","og_site_name":"Schweizer Shop f\u00fcr Sport, Spiel und Freizeit","article_publisher":"https:\/\/www.facebook.com\/Schweizversand","article_modified_time":"2026-04-20T00:04:11+00:00","og_image":[{"width":831,"height":1024,"url":"https:\/\/schweizversand.ch\/wp-content\/uploads\/2026\/02\/5471831042.jpg","type":"image\/jpeg"}],"twitter_card":"summary_large_image","twitter_misc":{"Dur\u00e9e de lecture estim\u00e9e":"1 minute"},"schema":{"@context":"https:\/\/schema.org","@graph":[{"@type":"WebPage","@id":"https:\/\/schweizversand.ch\/fr\/produkt\/hasbro-cluedo-peril-en-haute-mer\/","url":"https:\/\/schweizversand.ch\/fr\/produkt\/hasbro-cluedo-peril-en-haute-mer\/","name":"Hasbro Cluedo \" P\u00e9ril en haute mer\" | Jetzt kaufen | Schweizversand.ch","isPartOf":{"@id":"https:\/\/schweizversand.ch\/fr\/#website"},"primaryImageOfPage":{"@id":"https:\/\/schweizversand.ch\/fr\/produkt\/hasbro-cluedo-peril-en-haute-mer\/#primaryimage"},"image":{"@id":"https:\/\/schweizversand.ch\/fr\/produkt\/hasbro-cluedo-peril-en-haute-mer\/#primaryimage"},"thumbnailUrl":"https:\/\/schweizversand.ch\/wp-content\/uploads\/2026\/02\/5471831042.jpg","datePublished":"2026-03-14T23:28:43+00:00","dateModified":"2026-04-20T00:04:11+00:00","description":"Hasbro Cluedo \" P\u00e9ril en haute mer\" g\u00fcnstig kaufen bei Schweizversand.ch. Schnelle Lieferung in der Schweiz. Gratisversand ab CHF 50.","breadcrumb":{"@id":"https:\/\/schweizversand.ch\/fr\/produkt\/hasbro-cluedo-peril-en-haute-mer\/#breadcrumb"},"inLanguage":"fr-FR","potentialAction":[{"@type":"ReadAction","target":["https:\/\/schweizversand.ch\/fr\/produkt\/hasbro-cluedo-peril-en-haute-mer\/"]}]},{"@type":"ImageObject","inLanguage":"fr-FR","@id":"https:\/\/schweizversand.ch\/fr\/produkt\/hasbro-cluedo-peril-en-haute-mer\/#primaryimage","url":"https:\/\/schweizversand.ch\/wp-content\/uploads\/2026\/02\/5471831042.jpg","contentUrl":"https:\/\/schweizversand.ch\/wp-content\/uploads\/2026\/02\/5471831042.jpg","width":831,"height":1024},{"@type":"BreadcrumbList","@id":"https:\/\/schweizversand.ch\/fr\/produkt\/hasbro-cluedo-peril-en-haute-mer\/#breadcrumb","itemListElement":[{"@type":"ListItem","position":1,"name":"Startseite","item":"https:\/\/schweizversand.ch\/fr\/home\/"},{"@type":"ListItem","position":2,"name":"Boutique","item":"https:\/\/schweizversand.ch\/fr\/boutique\/"},{"@type":"ListItem","position":3,"name":"Jouets et jeux","item":"https:\/\/schweizversand.ch\/fr\/produkt-kategorie\/jouets-et-jeux\/"},{"@type":"ListItem","position":4,"name":"Jeux et puzzles","item":"https:\/\/schweizversand.ch\/fr\/produkt-kategorie\/jouets-et-jeux\/jeux-et-puzzles\/"},{"@type":"ListItem","position":5,"name":"Jeux de soci\u00e9t\u00e9","item":"https:\/\/schweizversand.ch\/fr\/produkt-kategorie\/gesellschaftsspiel\/"},{"@type":"ListItem","position":6,"name":"Hasbro Cluedo &#8222;P\u00e9ril en haute mer&#8220;"}]},{"@type":"WebSite","@id":"https:\/\/schweizversand.ch\/fr\/#website","url":"https:\/\/schweizversand.ch\/fr\/","name":"Schweizer Shop f\u00fcr Sport, Spiel und Freizeit","description":"Gratisversand ab 50.- (netto), ab eigenem schweizer Lager, Lieferung innert 48h","publisher":{"@id":"https:\/\/schweizversand.ch\/fr\/#organization"},"alternateName":"Schweizversand.ch","potentialAction":[{"@type":"SearchAction","target":{"@type":"EntryPoint","urlTemplate":"https:\/\/schweizversand.ch\/fr\/?s={search_term_string}"},"query-input":{"@type":"PropertyValueSpecification","valueRequired":true,"valueName":"search_term_string"}}],"inLanguage":"fr-FR"},{"@type":"Organization","@id":"https:\/\/schweizversand.ch\/fr\/#organization","name":"Schweizversand.ch","url":"https:\/\/schweizversand.ch\/fr\/","logo":{"@type":"ImageObject","inLanguage":"fr-FR","@id":"https:\/\/schweizversand.ch\/fr\/#\/schema\/logo\/image\/","url":"https:\/\/schweizversand.ch\/wp-content\/uploads\/2026\/03\/Logo_Rund_Final-1.png","contentUrl":"https:\/\/schweizversand.ch\/wp-content\/uploads\/2026\/03\/Logo_Rund_Final-1.png","width":404,"height":404,"caption":"Schweizversand.ch"},"image":{"@id":"https:\/\/schweizversand.ch\/fr\/#\/schema\/logo\/image\/"},"sameAs":["https:\/\/www.facebook.com\/Schweizversand","https:\/\/www.instagram.com\/schweizversand.ch\/"]}]}},"jetpack_sharing_enabled":true,"_links":{"self":[{"href":"https:\/\/schweizversand.ch\/fr\/wp-json\/wp\/v2\/product\/249670","targetHints":{"allow":["GET"]}}],"collection":[{"href":"https:\/\/schweizversand.ch\/fr\/wp-json\/wp\/v2\/product"}],"about":[{"href":"https:\/\/schweizversand.ch\/fr\/wp-json\/wp\/v2\/types\/product"}],"replies":[{"embeddable":true,"href":"https:\/\/schweizversand.ch\/fr\/wp-json\/wp\/v2\/comments?post=249670"}],"wp:featuredmedia":[{"embeddable":true,"href":"https:\/\/schweizversand.ch\/fr\/wp-json\/wp\/v2\/media\/163594"}],"wp:attachment":[{"href":"https:\/\/schweizversand.ch\/fr\/wp-json\/wp\/v2\/media?parent=249670"}],"wp:term":[{"taxonomy":"product_brand","embeddable":true,"href":"https:\/\/schweizversand.ch\/fr\/wp-json\/wp\/v2\/product_brand?post=249670"},{"taxonomy":"product_cat","embeddable":true,"href":"https:\/\/schweizversand.ch\/fr\/wp-json\/wp\/v2\/product_cat?post=249670"},{"taxonomy":"product_tag","embeddable":true,"href":"https:\/\/schweizversand.ch\/fr\/wp-json\/wp\/v2\/product_tag?post=249670"}],"curies":[{"name":"wp","href":"https:\/\/api.w.org\/{rel}","templated":true}]}}