{"id":249673,"date":"2026-03-15T00:28:43","date_gmt":"2026-03-14T23:28:43","guid":{"rendered":"https:\/\/schweizversand.ch\/produkt\/meme-music-usb-mikrofon-harry\/"},"modified":"2026-04-19T02:05:11","modified_gmt":"2026-04-19T00:05:11","slug":"meme-music-usb-mikrofon-harry","status":"publish","type":"product","link":"https:\/\/schweizversand.ch\/fr\/produkt\/meme-music-usb-mikrofon-harry\/","title":{"rendered":"Microphone USB MeMe Music \u00ab Harry \u00bb"},"content":{"rendered":"<p>Microphone USB MeMe Profy Harry \u2013 Pour les petites stars aux grandes voix !<\/p>\n<p>Avec le microphone USB MeMe Profy Harry, les enfants peuvent r\u00e9v\u00e9ler leur cr\u00e9ativit\u00e9 et se prendre pour de v\u00e9ritables stars de la pop ! Ce microphone color\u00e9 est id\u00e9al pour chanter leurs chansons pr\u00e9f\u00e9r\u00e9es, enregistrer des podcasts ou organiser des soir\u00e9es karaok\u00e9 endiabl\u00e9es en famille ou entre amis.<\/p>\n<p>Gr\u00e2ce \u00e0 sa connexion USB simple, le microphone se branche rapidement et facilement \u00e0 un ordinateur, un ordinateur portable ou une tablette \u2013 et c&rsquo;est parti !<\/p>\n<p>Le microphone est dot\u00e9 d&rsquo;un support pratique et d&rsquo;un interrupteur marche\/arr\u00eat, permettant aux enfants de contr\u00f4ler leur voix et d&rsquo;ajouter des effets amusants.<\/p>\n<p>Points forts du produit :<\/p>\n<p>\u2022 Microphone USB color\u00e9 pour enfants<\/p>\n<p>\u2022 Connexion facile \u00e0 un PC, un ordinateur portable ou une tablette<\/p>\n<p>\u2022 Support de microphone stable<\/p>\n<p>\u2022 Interrupteur marche\/arr\u00eat pour une utilisation et des effets faciles<\/p>\n<p>\u2022 Id\u00e9al pour le karaok\u00e9, les podcasts et les jeux musicaux<\/p>\n<p>\u2022 Favorise la cr\u00e9ativit\u00e9 et la confiance en soi<\/p>\n","protected":false},"excerpt":{"rendered":"<p>Microphone USB MeMe Profy Harry \u2013 Pour les petites stars aux grandes voix ! Avec le microphone USB MeMe Profy Harry, les enfants peuvent r\u00e9v\u00e9ler leur cr\u00e9ativit\u00e9 et se prendre pour de v\u00e9ritables stars de la pop ! Ce microphone color\u00e9 est id\u00e9al pour chanter leurs chansons pr\u00e9f\u00e9r\u00e9es, enregistrer des podcasts ou organiser des soir\u00e9es karaok\u00e9 endiabl\u00e9es en famille ou entre amis. Gr\u00e2ce \u00e0 sa connexion USB simple, le microphone se branche rapidement et facilement&hellip;<\/p>\n","protected":false},"featured_media":163614,"comment_status":"open","ping_status":"closed","template":"","meta":[],"product_brand":[],"product_cat":[38625],"product_tag":[],"class_list":{"0":"post-249673","1":"product","2":"type-product","3":"status-publish","4":"has-post-thumbnail","6":"product_cat-lautsprecher","7":"product_shipping_class-global_methods","9":"first","10":"instock","11":"taxable","12":"shipping-taxable","13":"purchasable","14":"product-type-simple"},"yoast_head":"<!-- This site is optimized with the Yoast SEO plugin v27.4 - https:\/\/yoast.com\/product\/yoast-seo-wordpress\/ -->\n<title>MeMe Music USB Mikrofon &quot;Harry&quot; | Jetzt kaufen | Schweizversand.ch<\/title>\n<meta name=\"description\" content=\"MeMe Music USB Mikrofon &quot;Harry&quot; g\u00fcnstig kaufen bei Schweizversand.ch. Schnelle Lieferung in der Schweiz. Gratisversand ab CHF 50.\" \/>\n<meta name=\"robots\" content=\"index, follow, max-snippet:-1, max-image-preview:large, max-video-preview:-1\" \/>\n<link rel=\"canonical\" href=\"https:\/\/schweizversand.ch\/fr\/produkt\/meme-music-usb-mikrofon-harry\/\" \/>\n<meta property=\"og:locale\" content=\"fr_FR\" \/>\n<meta property=\"og:type\" content=\"article\" \/>\n<meta property=\"og:title\" content=\"MeMe Music USB Mikrofon &quot;Harry&quot; | Jetzt kaufen | Schweizversand.ch\" \/>\n<meta property=\"og:description\" content=\"MeMe Music USB Mikrofon &quot;Harry&quot; g\u00fcnstig kaufen bei Schweizversand.ch. Schnelle Lieferung in der Schweiz. Gratisversand ab CHF 50.\" \/>\n<meta property=\"og:url\" content=\"https:\/\/schweizversand.ch\/fr\/produkt\/meme-music-usb-mikrofon-harry\/\" \/>\n<meta property=\"og:site_name\" content=\"Schweizer Shop f\u00fcr Sport, Spiel und Freizeit\" \/>\n<meta property=\"article:publisher\" content=\"https:\/\/www.facebook.com\/Schweizversand\" \/>\n<meta property=\"article:modified_time\" content=\"2026-04-19T00:05:11+00:00\" \/>\n<meta property=\"og:image\" content=\"https:\/\/schweizversand.ch\/wp-content\/uploads\/2026\/02\/5471934040.jpg\" \/>\n\t<meta property=\"og:image:width\" content=\"1024\" \/>\n\t<meta property=\"og:image:height\" content=\"990\" \/>\n\t<meta property=\"og:image:type\" content=\"image\/jpeg\" \/>\n<meta name=\"twitter:card\" content=\"summary_large_image\" \/>\n<meta name=\"twitter:label1\" content=\"Dur\u00e9e de lecture estim\u00e9e\" \/>\n\t<meta name=\"twitter:data1\" content=\"1 minute\" \/>\n<script type=\"application\/ld+json\" class=\"yoast-schema-graph\">{\"@context\":\"https:\\\/\\\/schema.org\",\"@graph\":[{\"@type\":\"WebPage\",\"@id\":\"https:\\\/\\\/schweizversand.ch\\\/fr\\\/produkt\\\/meme-music-usb-mikrofon-harry\\\/\",\"url\":\"https:\\\/\\\/schweizversand.ch\\\/fr\\\/produkt\\\/meme-music-usb-mikrofon-harry\\\/\",\"name\":\"MeMe Music USB Mikrofon \\\"Harry\\\" | Jetzt kaufen | Schweizversand.ch\",\"isPartOf\":{\"@id\":\"https:\\\/\\\/schweizversand.ch\\\/fr\\\/#website\"},\"primaryImageOfPage\":{\"@id\":\"https:\\\/\\\/schweizversand.ch\\\/fr\\\/produkt\\\/meme-music-usb-mikrofon-harry\\\/#primaryimage\"},\"image\":{\"@id\":\"https:\\\/\\\/schweizversand.ch\\\/fr\\\/produkt\\\/meme-music-usb-mikrofon-harry\\\/#primaryimage\"},\"thumbnailUrl\":\"https:\\\/\\\/schweizversand.ch\\\/wp-content\\\/uploads\\\/2026\\\/02\\\/5471934040.jpg\",\"datePublished\":\"2026-03-14T23:28:43+00:00\",\"dateModified\":\"2026-04-19T00:05:11+00:00\",\"description\":\"MeMe Music USB Mikrofon \\\"Harry\\\" g\u00fcnstig kaufen bei Schweizversand.ch. Schnelle Lieferung in der Schweiz. Gratisversand ab CHF 50.\",\"breadcrumb\":{\"@id\":\"https:\\\/\\\/schweizversand.ch\\\/fr\\\/produkt\\\/meme-music-usb-mikrofon-harry\\\/#breadcrumb\"},\"inLanguage\":\"fr-FR\",\"potentialAction\":[{\"@type\":\"ReadAction\",\"target\":[\"https:\\\/\\\/schweizversand.ch\\\/fr\\\/produkt\\\/meme-music-usb-mikrofon-harry\\\/\"]}]},{\"@type\":\"ImageObject\",\"inLanguage\":\"fr-FR\",\"@id\":\"https:\\\/\\\/schweizversand.ch\\\/fr\\\/produkt\\\/meme-music-usb-mikrofon-harry\\\/#primaryimage\",\"url\":\"https:\\\/\\\/schweizversand.ch\\\/wp-content\\\/uploads\\\/2026\\\/02\\\/5471934040.jpg\",\"contentUrl\":\"https:\\\/\\\/schweizversand.ch\\\/wp-content\\\/uploads\\\/2026\\\/02\\\/5471934040.jpg\",\"width\":1024,\"height\":990},{\"@type\":\"BreadcrumbList\",\"@id\":\"https:\\\/\\\/schweizversand.ch\\\/fr\\\/produkt\\\/meme-music-usb-mikrofon-harry\\\/#breadcrumb\",\"itemListElement\":[{\"@type\":\"ListItem\",\"position\":1,\"name\":\"Startseite\",\"item\":\"https:\\\/\\\/schweizversand.ch\\\/fr\\\/home\\\/\"},{\"@type\":\"ListItem\",\"position\":2,\"name\":\"Boutique\",\"item\":\"https:\\\/\\\/schweizversand.ch\\\/fr\\\/boutique\\\/\"},{\"@type\":\"ListItem\",\"position\":3,\"name\":\"\u00c9lectronique\",\"item\":\"https:\\\/\\\/schweizversand.ch\\\/fr\\\/produkt-kategorie\\\/electronique\\\/\"},{\"@type\":\"ListItem\",\"position\":4,\"name\":\"Audio\",\"item\":\"https:\\\/\\\/schweizversand.ch\\\/fr\\\/produkt-kategorie\\\/electronique\\\/audio\\\/\"},{\"@type\":\"ListItem\",\"position\":5,\"name\":\"Haut-parleurs\",\"item\":\"https:\\\/\\\/schweizversand.ch\\\/fr\\\/produkt-kategorie\\\/electronique\\\/audio\\\/lautsprecher\\\/\"},{\"@type\":\"ListItem\",\"position\":6,\"name\":\"Microphone USB MeMe Music \u00ab Harry \u00bb\"}]},{\"@type\":\"WebSite\",\"@id\":\"https:\\\/\\\/schweizversand.ch\\\/fr\\\/#website\",\"url\":\"https:\\\/\\\/schweizversand.ch\\\/fr\\\/\",\"name\":\"Schweizer Shop f\u00fcr Sport, Spiel und Freizeit\",\"description\":\"Gratisversand ab 50.- (netto), ab eigenem schweizer Lager, Lieferung innert 48h\",\"publisher\":{\"@id\":\"https:\\\/\\\/schweizversand.ch\\\/fr\\\/#organization\"},\"alternateName\":\"Schweizversand.ch\",\"potentialAction\":[{\"@type\":\"SearchAction\",\"target\":{\"@type\":\"EntryPoint\",\"urlTemplate\":\"https:\\\/\\\/schweizversand.ch\\\/fr\\\/?s={search_term_string}\"},\"query-input\":{\"@type\":\"PropertyValueSpecification\",\"valueRequired\":true,\"valueName\":\"search_term_string\"}}],\"inLanguage\":\"fr-FR\"},{\"@type\":\"Organization\",\"@id\":\"https:\\\/\\\/schweizversand.ch\\\/fr\\\/#organization\",\"name\":\"Schweizversand.ch\",\"url\":\"https:\\\/\\\/schweizversand.ch\\\/fr\\\/\",\"logo\":{\"@type\":\"ImageObject\",\"inLanguage\":\"fr-FR\",\"@id\":\"https:\\\/\\\/schweizversand.ch\\\/fr\\\/#\\\/schema\\\/logo\\\/image\\\/\",\"url\":\"https:\\\/\\\/schweizversand.ch\\\/wp-content\\\/uploads\\\/2026\\\/03\\\/Logo_Rund_Final-1.png\",\"contentUrl\":\"https:\\\/\\\/schweizversand.ch\\\/wp-content\\\/uploads\\\/2026\\\/03\\\/Logo_Rund_Final-1.png\",\"width\":404,\"height\":404,\"caption\":\"Schweizversand.ch\"},\"image\":{\"@id\":\"https:\\\/\\\/schweizversand.ch\\\/fr\\\/#\\\/schema\\\/logo\\\/image\\\/\"},\"sameAs\":[\"https:\\\/\\\/www.facebook.com\\\/Schweizversand\",\"https:\\\/\\\/www.instagram.com\\\/schweizversand.ch\\\/\"]}]}<\/script>\n<!-- \/ Yoast SEO plugin. -->","yoast_head_json":{"title":"MeMe Music USB Mikrofon \"Harry\" | Jetzt kaufen | Schweizversand.ch","description":"MeMe Music USB Mikrofon \"Harry\" g\u00fcnstig kaufen bei Schweizversand.ch. Schnelle Lieferung in der Schweiz. Gratisversand ab CHF 50.","robots":{"index":"index","follow":"follow","max-snippet":"max-snippet:-1","max-image-preview":"max-image-preview:large","max-video-preview":"max-video-preview:-1"},"canonical":"https:\/\/schweizversand.ch\/fr\/produkt\/meme-music-usb-mikrofon-harry\/","og_locale":"fr_FR","og_type":"article","og_title":"MeMe Music USB Mikrofon \"Harry\" | Jetzt kaufen | Schweizversand.ch","og_description":"MeMe Music USB Mikrofon \"Harry\" g\u00fcnstig kaufen bei Schweizversand.ch. Schnelle Lieferung in der Schweiz. Gratisversand ab CHF 50.","og_url":"https:\/\/schweizversand.ch\/fr\/produkt\/meme-music-usb-mikrofon-harry\/","og_site_name":"Schweizer Shop f\u00fcr Sport, Spiel und Freizeit","article_publisher":"https:\/\/www.facebook.com\/Schweizversand","article_modified_time":"2026-04-19T00:05:11+00:00","og_image":[{"width":1024,"height":990,"url":"https:\/\/schweizversand.ch\/wp-content\/uploads\/2026\/02\/5471934040.jpg","type":"image\/jpeg"}],"twitter_card":"summary_large_image","twitter_misc":{"Dur\u00e9e de lecture estim\u00e9e":"1 minute"},"schema":{"@context":"https:\/\/schema.org","@graph":[{"@type":"WebPage","@id":"https:\/\/schweizversand.ch\/fr\/produkt\/meme-music-usb-mikrofon-harry\/","url":"https:\/\/schweizversand.ch\/fr\/produkt\/meme-music-usb-mikrofon-harry\/","name":"MeMe Music USB Mikrofon \"Harry\" | Jetzt kaufen | Schweizversand.ch","isPartOf":{"@id":"https:\/\/schweizversand.ch\/fr\/#website"},"primaryImageOfPage":{"@id":"https:\/\/schweizversand.ch\/fr\/produkt\/meme-music-usb-mikrofon-harry\/#primaryimage"},"image":{"@id":"https:\/\/schweizversand.ch\/fr\/produkt\/meme-music-usb-mikrofon-harry\/#primaryimage"},"thumbnailUrl":"https:\/\/schweizversand.ch\/wp-content\/uploads\/2026\/02\/5471934040.jpg","datePublished":"2026-03-14T23:28:43+00:00","dateModified":"2026-04-19T00:05:11+00:00","description":"MeMe Music USB Mikrofon \"Harry\" g\u00fcnstig kaufen bei Schweizversand.ch. Schnelle Lieferung in der Schweiz. Gratisversand ab CHF 50.","breadcrumb":{"@id":"https:\/\/schweizversand.ch\/fr\/produkt\/meme-music-usb-mikrofon-harry\/#breadcrumb"},"inLanguage":"fr-FR","potentialAction":[{"@type":"ReadAction","target":["https:\/\/schweizversand.ch\/fr\/produkt\/meme-music-usb-mikrofon-harry\/"]}]},{"@type":"ImageObject","inLanguage":"fr-FR","@id":"https:\/\/schweizversand.ch\/fr\/produkt\/meme-music-usb-mikrofon-harry\/#primaryimage","url":"https:\/\/schweizversand.ch\/wp-content\/uploads\/2026\/02\/5471934040.jpg","contentUrl":"https:\/\/schweizversand.ch\/wp-content\/uploads\/2026\/02\/5471934040.jpg","width":1024,"height":990},{"@type":"BreadcrumbList","@id":"https:\/\/schweizversand.ch\/fr\/produkt\/meme-music-usb-mikrofon-harry\/#breadcrumb","itemListElement":[{"@type":"ListItem","position":1,"name":"Startseite","item":"https:\/\/schweizversand.ch\/fr\/home\/"},{"@type":"ListItem","position":2,"name":"Boutique","item":"https:\/\/schweizversand.ch\/fr\/boutique\/"},{"@type":"ListItem","position":3,"name":"\u00c9lectronique","item":"https:\/\/schweizversand.ch\/fr\/produkt-kategorie\/electronique\/"},{"@type":"ListItem","position":4,"name":"Audio","item":"https:\/\/schweizversand.ch\/fr\/produkt-kategorie\/electronique\/audio\/"},{"@type":"ListItem","position":5,"name":"Haut-parleurs","item":"https:\/\/schweizversand.ch\/fr\/produkt-kategorie\/electronique\/audio\/lautsprecher\/"},{"@type":"ListItem","position":6,"name":"Microphone USB MeMe Music \u00ab Harry \u00bb"}]},{"@type":"WebSite","@id":"https:\/\/schweizversand.ch\/fr\/#website","url":"https:\/\/schweizversand.ch\/fr\/","name":"Schweizer Shop f\u00fcr Sport, Spiel und Freizeit","description":"Gratisversand ab 50.- (netto), ab eigenem schweizer Lager, Lieferung innert 48h","publisher":{"@id":"https:\/\/schweizversand.ch\/fr\/#organization"},"alternateName":"Schweizversand.ch","potentialAction":[{"@type":"SearchAction","target":{"@type":"EntryPoint","urlTemplate":"https:\/\/schweizversand.ch\/fr\/?s={search_term_string}"},"query-input":{"@type":"PropertyValueSpecification","valueRequired":true,"valueName":"search_term_string"}}],"inLanguage":"fr-FR"},{"@type":"Organization","@id":"https:\/\/schweizversand.ch\/fr\/#organization","name":"Schweizversand.ch","url":"https:\/\/schweizversand.ch\/fr\/","logo":{"@type":"ImageObject","inLanguage":"fr-FR","@id":"https:\/\/schweizversand.ch\/fr\/#\/schema\/logo\/image\/","url":"https:\/\/schweizversand.ch\/wp-content\/uploads\/2026\/03\/Logo_Rund_Final-1.png","contentUrl":"https:\/\/schweizversand.ch\/wp-content\/uploads\/2026\/03\/Logo_Rund_Final-1.png","width":404,"height":404,"caption":"Schweizversand.ch"},"image":{"@id":"https:\/\/schweizversand.ch\/fr\/#\/schema\/logo\/image\/"},"sameAs":["https:\/\/www.facebook.com\/Schweizversand","https:\/\/www.instagram.com\/schweizversand.ch\/"]}]}},"jetpack_sharing_enabled":true,"_links":{"self":[{"href":"https:\/\/schweizversand.ch\/fr\/wp-json\/wp\/v2\/product\/249673","targetHints":{"allow":["GET"]}}],"collection":[{"href":"https:\/\/schweizversand.ch\/fr\/wp-json\/wp\/v2\/product"}],"about":[{"href":"https:\/\/schweizversand.ch\/fr\/wp-json\/wp\/v2\/types\/product"}],"replies":[{"embeddable":true,"href":"https:\/\/schweizversand.ch\/fr\/wp-json\/wp\/v2\/comments?post=249673"}],"wp:featuredmedia":[{"embeddable":true,"href":"https:\/\/schweizversand.ch\/fr\/wp-json\/wp\/v2\/media\/163614"}],"wp:attachment":[{"href":"https:\/\/schweizversand.ch\/fr\/wp-json\/wp\/v2\/media?parent=249673"}],"wp:term":[{"taxonomy":"product_brand","embeddable":true,"href":"https:\/\/schweizversand.ch\/fr\/wp-json\/wp\/v2\/product_brand?post=249673"},{"taxonomy":"product_cat","embeddable":true,"href":"https:\/\/schweizversand.ch\/fr\/wp-json\/wp\/v2\/product_cat?post=249673"},{"taxonomy":"product_tag","embeddable":true,"href":"https:\/\/schweizversand.ch\/fr\/wp-json\/wp\/v2\/product_tag?post=249673"}],"curies":[{"name":"wp","href":"https:\/\/api.w.org\/{rel}","templated":true}]}}