{"id":249674,"date":"2026-03-15T00:28:43","date_gmt":"2026-03-14T23:28:43","guid":{"rendered":"https:\/\/schweizversand.ch\/produkt\/cat-baufahrzeug-rc\/"},"modified":"2026-04-19T02:05:11","modified_gmt":"2026-04-19T00:05:11","slug":"cat-baufahrzeug-rc","status":"publish","type":"product","link":"https:\/\/schweizversand.ch\/fr\/produkt\/cat-baufahrzeug-rc\/","title":{"rendered":"V\u00e9hicule de chantier CAT radiocommand\u00e9"},"content":{"rendered":"<h1><strong>Bulldozer radiocommand\u00e9 CAT D7E \u2013 Engin de chantier t\u00e9l\u00e9command\u00e9<\/strong><\/h1>\n<div>D\u00e9couvrez la fascination des engins de chantier miniatures\u00a0! Le <strong>bulldozer radiocommand\u00e9 CAT D7E<\/strong> \u00e0 l&rsquo;\u00e9chelle 1:24 apporte la puissance des l\u00e9gendaires engins de chantier Caterpillar directement chez vous ou dans votre bac \u00e0 sable. Ce mod\u00e8le d\u00e9taill\u00e9 est le jouet id\u00e9al pour les constructeurs en herbe et offre des heures de divertissement r\u00e9aliste.<\/p>\n<\/div>\n<div><strong>Performances et maniabilit\u00e9 authentiques<\/strong><br \/>Avec ce <strong>bulldozer radiocommand\u00e9<\/strong>, vous pouvez r\u00e9aliser tous vos travaux de construction avec pr\u00e9cision. Les larges lames du bulldozer (environ 33,5\u00a0cm de long) \u00e9cartent sans effort le sable, la terre et autres obstacles. Gr\u00e2ce \u00e0 la t\u00e9l\u00e9commande ergonomique, vous pouvez diriger la lame dans toutes les directions \u2013 id\u00e9al pour d\u00e9molir et reconstruire un ch\u00e2teau de sable ou r\u00e9aliser des projets de construction complexes. Le v\u00e9hicule de chantier t\u00e9l\u00e9command\u00e9 pour enfants est sous licence Caterpillar, garantissant un niveau de d\u00e9tail exceptionnel.<\/p>\n<\/div>\n<div><strong>Caract\u00e9ristiques techniques<\/strong><br \/> &#8211; \u00c9chelle\u00a0: 1:24<br \/> &#8211; T\u00e9l\u00e9commande ergonomique avec technologie 2,4\u00a0GHz<br \/> &#8211; Fonctions de conduite\u00a0: Marche avant\/Arr\u00eat\/Marche arri\u00e8re, Gauche\/Tout droit\/Droite<br \/> &#8211; Contr\u00f4le pr\u00e9cis du godet (lame)<br \/> &#8211; Effets lumineux et sonores r\u00e9alistes<br \/> &#8211; Fonction de d\u00e9monstration pour des pr\u00e9sentations impressionnantes<br \/> &#8211; Vitesse\u00a0: 1\u00a0km\/h<\/p>\n<\/div>\n<div><strong>Contenu de la livraison et fonctionnement<\/strong><br \/> &#8211; Mod\u00e8le CAT D7E (chargeuse-pelleteuse)<br \/> &#8211; T\u00e9l\u00e9commande (2,4\u00a0GHz)<br \/> &#8211; Batterie rechargeable\u00a0: 7,4\u00a0V 600\u00a0mAh<br \/> &#8211; C\u00e2ble de chargement USB<br \/> &#8211; Temps de charge\u00a0: environ 1\u00a0heure 210 minutes<br \/> &#8211; Dur\u00e9e de jeu\u00a0: environ 40 minutes<\/p>\n<\/div>\n<div>Procurez-vous d\u00e8s maintenant ce mod\u00e8le r\u00e9duit de bulldozer radiocommand\u00e9 de haute qualit\u00e9 et d\u00e9couvrez la pr\u00e9cision et la puissance impressionnante du bulldozer radiocommand\u00e9 CAT D7E. Lancez-vous dans votre prochain projet de construction d\u00e8s aujourd&rsquo;hui\u00a0!<\/p>\n<\/div>\n<div>\n<\/div>\n","protected":false},"excerpt":{"rendered":"<p>Bulldozer radiocommand\u00e9 CAT D7E \u2013 Engin de chantier t\u00e9l\u00e9command\u00e9 D\u00e9couvrez la fascination des engins de chantier miniatures\u00a0! Le bulldozer radiocommand\u00e9 CAT D7E \u00e0 l&rsquo;\u00e9chelle 1:24 apporte la puissance des l\u00e9gendaires engins de chantier Caterpillar directement chez vous ou dans votre bac \u00e0 sable. Ce mod\u00e8le d\u00e9taill\u00e9 est le jouet id\u00e9al pour les constructeurs en herbe et offre des heures de divertissement r\u00e9aliste. Performances et maniabilit\u00e9 authentiquesAvec ce bulldozer radiocommand\u00e9, vous pouvez r\u00e9aliser tous vos travaux&hellip;<\/p>\n","protected":false},"featured_media":163615,"comment_status":"open","ping_status":"closed","template":"","meta":[],"product_brand":[],"product_cat":[38093],"product_tag":[],"class_list":{"0":"post-249674","1":"product","2":"type-product","3":"status-publish","4":"has-post-thumbnail","6":"product_cat-ferngesteuerte-fahrzeuge","7":"product_shipping_class-global_methods","9":"first","10":"instock","11":"taxable","12":"shipping-taxable","13":"purchasable","14":"product-type-simple"},"yoast_head":"<!-- This site is optimized with the Yoast SEO plugin v27.4 - https:\/\/yoast.com\/product\/yoast-seo-wordpress\/ -->\n<title>CAT Baufahrzeug RC | Jetzt kaufen | Schweizversand.ch<\/title>\n<meta name=\"description\" content=\"CAT Baufahrzeug RC g\u00fcnstig kaufen bei Schweizversand.ch. Schnelle Lieferung in der Schweiz. Gratisversand ab CHF 50.\" \/>\n<meta name=\"robots\" content=\"index, follow, max-snippet:-1, max-image-preview:large, max-video-preview:-1\" \/>\n<link rel=\"canonical\" href=\"https:\/\/schweizversand.ch\/fr\/produkt\/cat-baufahrzeug-rc\/\" \/>\n<meta property=\"og:locale\" content=\"fr_FR\" \/>\n<meta property=\"og:type\" content=\"article\" \/>\n<meta property=\"og:title\" content=\"CAT Baufahrzeug RC | Jetzt kaufen | Schweizversand.ch\" \/>\n<meta property=\"og:description\" content=\"CAT Baufahrzeug RC g\u00fcnstig kaufen bei Schweizversand.ch. Schnelle Lieferung in der Schweiz. Gratisversand ab CHF 50.\" \/>\n<meta property=\"og:url\" content=\"https:\/\/schweizversand.ch\/fr\/produkt\/cat-baufahrzeug-rc\/\" \/>\n<meta property=\"og:site_name\" content=\"Schweizer Shop f\u00fcr Sport, Spiel und Freizeit\" \/>\n<meta property=\"article:publisher\" content=\"https:\/\/www.facebook.com\/Schweizversand\" \/>\n<meta property=\"article:modified_time\" content=\"2026-04-19T00:05:11+00:00\" \/>\n<meta property=\"og:image\" content=\"https:\/\/schweizversand.ch\/wp-content\/uploads\/2026\/02\/5472103175.jpg\" \/>\n\t<meta property=\"og:image:width\" content=\"1024\" \/>\n\t<meta property=\"og:image:height\" content=\"673\" \/>\n\t<meta property=\"og:image:type\" content=\"image\/jpeg\" \/>\n<meta name=\"twitter:card\" content=\"summary_large_image\" \/>\n<meta name=\"twitter:label1\" content=\"Dur\u00e9e de lecture estim\u00e9e\" \/>\n\t<meta name=\"twitter:data1\" content=\"2 minutes\" \/>\n<script type=\"application\/ld+json\" class=\"yoast-schema-graph\">{\"@context\":\"https:\\\/\\\/schema.org\",\"@graph\":[{\"@type\":\"WebPage\",\"@id\":\"https:\\\/\\\/schweizversand.ch\\\/fr\\\/produkt\\\/cat-baufahrzeug-rc\\\/\",\"url\":\"https:\\\/\\\/schweizversand.ch\\\/fr\\\/produkt\\\/cat-baufahrzeug-rc\\\/\",\"name\":\"CAT Baufahrzeug RC | Jetzt kaufen | Schweizversand.ch\",\"isPartOf\":{\"@id\":\"https:\\\/\\\/schweizversand.ch\\\/fr\\\/#website\"},\"primaryImageOfPage\":{\"@id\":\"https:\\\/\\\/schweizversand.ch\\\/fr\\\/produkt\\\/cat-baufahrzeug-rc\\\/#primaryimage\"},\"image\":{\"@id\":\"https:\\\/\\\/schweizversand.ch\\\/fr\\\/produkt\\\/cat-baufahrzeug-rc\\\/#primaryimage\"},\"thumbnailUrl\":\"https:\\\/\\\/schweizversand.ch\\\/wp-content\\\/uploads\\\/2026\\\/02\\\/5472103175.jpg\",\"datePublished\":\"2026-03-14T23:28:43+00:00\",\"dateModified\":\"2026-04-19T00:05:11+00:00\",\"description\":\"CAT Baufahrzeug RC g\u00fcnstig kaufen bei Schweizversand.ch. Schnelle Lieferung in der Schweiz. Gratisversand ab CHF 50.\",\"breadcrumb\":{\"@id\":\"https:\\\/\\\/schweizversand.ch\\\/fr\\\/produkt\\\/cat-baufahrzeug-rc\\\/#breadcrumb\"},\"inLanguage\":\"fr-FR\",\"potentialAction\":[{\"@type\":\"ReadAction\",\"target\":[\"https:\\\/\\\/schweizversand.ch\\\/fr\\\/produkt\\\/cat-baufahrzeug-rc\\\/\"]}]},{\"@type\":\"ImageObject\",\"inLanguage\":\"fr-FR\",\"@id\":\"https:\\\/\\\/schweizversand.ch\\\/fr\\\/produkt\\\/cat-baufahrzeug-rc\\\/#primaryimage\",\"url\":\"https:\\\/\\\/schweizversand.ch\\\/wp-content\\\/uploads\\\/2026\\\/02\\\/5472103175.jpg\",\"contentUrl\":\"https:\\\/\\\/schweizversand.ch\\\/wp-content\\\/uploads\\\/2026\\\/02\\\/5472103175.jpg\",\"width\":1024,\"height\":673},{\"@type\":\"BreadcrumbList\",\"@id\":\"https:\\\/\\\/schweizversand.ch\\\/fr\\\/produkt\\\/cat-baufahrzeug-rc\\\/#breadcrumb\",\"itemListElement\":[{\"@type\":\"ListItem\",\"position\":1,\"name\":\"Startseite\",\"item\":\"https:\\\/\\\/schweizversand.ch\\\/fr\\\/home\\\/\"},{\"@type\":\"ListItem\",\"position\":2,\"name\":\"Boutique\",\"item\":\"https:\\\/\\\/schweizversand.ch\\\/fr\\\/boutique\\\/\"},{\"@type\":\"ListItem\",\"position\":3,\"name\":\"Jouets et jeux\",\"item\":\"https:\\\/\\\/schweizversand.ch\\\/fr\\\/produkt-kategorie\\\/jouets-et-jeux\\\/\"},{\"@type\":\"ListItem\",\"position\":4,\"name\":\"V\u00e9hicules miniatures\",\"item\":\"https:\\\/\\\/schweizversand.ch\\\/fr\\\/produkt-kategorie\\\/jouets-et-jeux\\\/vehicules-miniatures\\\/\"},{\"@type\":\"ListItem\",\"position\":5,\"name\":\"V\u00e9hicules t\u00e9l\u00e9command\u00e9s\",\"item\":\"https:\\\/\\\/schweizversand.ch\\\/fr\\\/produkt-kategorie\\\/jouets-et-jeux\\\/vehicules-miniatures\\\/ferngesteuerte-fahrzeuge\\\/\"},{\"@type\":\"ListItem\",\"position\":6,\"name\":\"V\u00e9hicule de chantier CAT radiocommand\u00e9\"}]},{\"@type\":\"WebSite\",\"@id\":\"https:\\\/\\\/schweizversand.ch\\\/fr\\\/#website\",\"url\":\"https:\\\/\\\/schweizversand.ch\\\/fr\\\/\",\"name\":\"Schweizer Shop f\u00fcr Sport, Spiel und Freizeit\",\"description\":\"Gratisversand ab 50.- (netto), ab eigenem schweizer Lager, Lieferung innert 48h\",\"publisher\":{\"@id\":\"https:\\\/\\\/schweizversand.ch\\\/fr\\\/#organization\"},\"alternateName\":\"Schweizversand.ch\",\"potentialAction\":[{\"@type\":\"SearchAction\",\"target\":{\"@type\":\"EntryPoint\",\"urlTemplate\":\"https:\\\/\\\/schweizversand.ch\\\/fr\\\/?s={search_term_string}\"},\"query-input\":{\"@type\":\"PropertyValueSpecification\",\"valueRequired\":true,\"valueName\":\"search_term_string\"}}],\"inLanguage\":\"fr-FR\"},{\"@type\":\"Organization\",\"@id\":\"https:\\\/\\\/schweizversand.ch\\\/fr\\\/#organization\",\"name\":\"Schweizversand.ch\",\"url\":\"https:\\\/\\\/schweizversand.ch\\\/fr\\\/\",\"logo\":{\"@type\":\"ImageObject\",\"inLanguage\":\"fr-FR\",\"@id\":\"https:\\\/\\\/schweizversand.ch\\\/fr\\\/#\\\/schema\\\/logo\\\/image\\\/\",\"url\":\"https:\\\/\\\/schweizversand.ch\\\/wp-content\\\/uploads\\\/2026\\\/03\\\/Logo_Rund_Final-1.png\",\"contentUrl\":\"https:\\\/\\\/schweizversand.ch\\\/wp-content\\\/uploads\\\/2026\\\/03\\\/Logo_Rund_Final-1.png\",\"width\":404,\"height\":404,\"caption\":\"Schweizversand.ch\"},\"image\":{\"@id\":\"https:\\\/\\\/schweizversand.ch\\\/fr\\\/#\\\/schema\\\/logo\\\/image\\\/\"},\"sameAs\":[\"https:\\\/\\\/www.facebook.com\\\/Schweizversand\",\"https:\\\/\\\/www.instagram.com\\\/schweizversand.ch\\\/\"]}]}<\/script>\n<!-- \/ Yoast SEO plugin. -->","yoast_head_json":{"title":"CAT Baufahrzeug RC | Jetzt kaufen | Schweizversand.ch","description":"CAT Baufahrzeug RC g\u00fcnstig kaufen bei Schweizversand.ch. Schnelle Lieferung in der Schweiz. Gratisversand ab CHF 50.","robots":{"index":"index","follow":"follow","max-snippet":"max-snippet:-1","max-image-preview":"max-image-preview:large","max-video-preview":"max-video-preview:-1"},"canonical":"https:\/\/schweizversand.ch\/fr\/produkt\/cat-baufahrzeug-rc\/","og_locale":"fr_FR","og_type":"article","og_title":"CAT Baufahrzeug RC | Jetzt kaufen | Schweizversand.ch","og_description":"CAT Baufahrzeug RC g\u00fcnstig kaufen bei Schweizversand.ch. Schnelle Lieferung in der Schweiz. Gratisversand ab CHF 50.","og_url":"https:\/\/schweizversand.ch\/fr\/produkt\/cat-baufahrzeug-rc\/","og_site_name":"Schweizer Shop f\u00fcr Sport, Spiel und Freizeit","article_publisher":"https:\/\/www.facebook.com\/Schweizversand","article_modified_time":"2026-04-19T00:05:11+00:00","og_image":[{"width":1024,"height":673,"url":"https:\/\/schweizversand.ch\/wp-content\/uploads\/2026\/02\/5472103175.jpg","type":"image\/jpeg"}],"twitter_card":"summary_large_image","twitter_misc":{"Dur\u00e9e de lecture estim\u00e9e":"2 minutes"},"schema":{"@context":"https:\/\/schema.org","@graph":[{"@type":"WebPage","@id":"https:\/\/schweizversand.ch\/fr\/produkt\/cat-baufahrzeug-rc\/","url":"https:\/\/schweizversand.ch\/fr\/produkt\/cat-baufahrzeug-rc\/","name":"CAT Baufahrzeug RC | Jetzt kaufen | Schweizversand.ch","isPartOf":{"@id":"https:\/\/schweizversand.ch\/fr\/#website"},"primaryImageOfPage":{"@id":"https:\/\/schweizversand.ch\/fr\/produkt\/cat-baufahrzeug-rc\/#primaryimage"},"image":{"@id":"https:\/\/schweizversand.ch\/fr\/produkt\/cat-baufahrzeug-rc\/#primaryimage"},"thumbnailUrl":"https:\/\/schweizversand.ch\/wp-content\/uploads\/2026\/02\/5472103175.jpg","datePublished":"2026-03-14T23:28:43+00:00","dateModified":"2026-04-19T00:05:11+00:00","description":"CAT Baufahrzeug RC g\u00fcnstig kaufen bei Schweizversand.ch. Schnelle Lieferung in der Schweiz. Gratisversand ab CHF 50.","breadcrumb":{"@id":"https:\/\/schweizversand.ch\/fr\/produkt\/cat-baufahrzeug-rc\/#breadcrumb"},"inLanguage":"fr-FR","potentialAction":[{"@type":"ReadAction","target":["https:\/\/schweizversand.ch\/fr\/produkt\/cat-baufahrzeug-rc\/"]}]},{"@type":"ImageObject","inLanguage":"fr-FR","@id":"https:\/\/schweizversand.ch\/fr\/produkt\/cat-baufahrzeug-rc\/#primaryimage","url":"https:\/\/schweizversand.ch\/wp-content\/uploads\/2026\/02\/5472103175.jpg","contentUrl":"https:\/\/schweizversand.ch\/wp-content\/uploads\/2026\/02\/5472103175.jpg","width":1024,"height":673},{"@type":"BreadcrumbList","@id":"https:\/\/schweizversand.ch\/fr\/produkt\/cat-baufahrzeug-rc\/#breadcrumb","itemListElement":[{"@type":"ListItem","position":1,"name":"Startseite","item":"https:\/\/schweizversand.ch\/fr\/home\/"},{"@type":"ListItem","position":2,"name":"Boutique","item":"https:\/\/schweizversand.ch\/fr\/boutique\/"},{"@type":"ListItem","position":3,"name":"Jouets et jeux","item":"https:\/\/schweizversand.ch\/fr\/produkt-kategorie\/jouets-et-jeux\/"},{"@type":"ListItem","position":4,"name":"V\u00e9hicules miniatures","item":"https:\/\/schweizversand.ch\/fr\/produkt-kategorie\/jouets-et-jeux\/vehicules-miniatures\/"},{"@type":"ListItem","position":5,"name":"V\u00e9hicules t\u00e9l\u00e9command\u00e9s","item":"https:\/\/schweizversand.ch\/fr\/produkt-kategorie\/jouets-et-jeux\/vehicules-miniatures\/ferngesteuerte-fahrzeuge\/"},{"@type":"ListItem","position":6,"name":"V\u00e9hicule de chantier CAT radiocommand\u00e9"}]},{"@type":"WebSite","@id":"https:\/\/schweizversand.ch\/fr\/#website","url":"https:\/\/schweizversand.ch\/fr\/","name":"Schweizer Shop f\u00fcr Sport, Spiel und Freizeit","description":"Gratisversand ab 50.- (netto), ab eigenem schweizer Lager, Lieferung innert 48h","publisher":{"@id":"https:\/\/schweizversand.ch\/fr\/#organization"},"alternateName":"Schweizversand.ch","potentialAction":[{"@type":"SearchAction","target":{"@type":"EntryPoint","urlTemplate":"https:\/\/schweizversand.ch\/fr\/?s={search_term_string}"},"query-input":{"@type":"PropertyValueSpecification","valueRequired":true,"valueName":"search_term_string"}}],"inLanguage":"fr-FR"},{"@type":"Organization","@id":"https:\/\/schweizversand.ch\/fr\/#organization","name":"Schweizversand.ch","url":"https:\/\/schweizversand.ch\/fr\/","logo":{"@type":"ImageObject","inLanguage":"fr-FR","@id":"https:\/\/schweizversand.ch\/fr\/#\/schema\/logo\/image\/","url":"https:\/\/schweizversand.ch\/wp-content\/uploads\/2026\/03\/Logo_Rund_Final-1.png","contentUrl":"https:\/\/schweizversand.ch\/wp-content\/uploads\/2026\/03\/Logo_Rund_Final-1.png","width":404,"height":404,"caption":"Schweizversand.ch"},"image":{"@id":"https:\/\/schweizversand.ch\/fr\/#\/schema\/logo\/image\/"},"sameAs":["https:\/\/www.facebook.com\/Schweizversand","https:\/\/www.instagram.com\/schweizversand.ch\/"]}]}},"jetpack_sharing_enabled":true,"_links":{"self":[{"href":"https:\/\/schweizversand.ch\/fr\/wp-json\/wp\/v2\/product\/249674","targetHints":{"allow":["GET"]}}],"collection":[{"href":"https:\/\/schweizversand.ch\/fr\/wp-json\/wp\/v2\/product"}],"about":[{"href":"https:\/\/schweizversand.ch\/fr\/wp-json\/wp\/v2\/types\/product"}],"replies":[{"embeddable":true,"href":"https:\/\/schweizversand.ch\/fr\/wp-json\/wp\/v2\/comments?post=249674"}],"wp:featuredmedia":[{"embeddable":true,"href":"https:\/\/schweizversand.ch\/fr\/wp-json\/wp\/v2\/media\/163615"}],"wp:attachment":[{"href":"https:\/\/schweizversand.ch\/fr\/wp-json\/wp\/v2\/media?parent=249674"}],"wp:term":[{"taxonomy":"product_brand","embeddable":true,"href":"https:\/\/schweizversand.ch\/fr\/wp-json\/wp\/v2\/product_brand?post=249674"},{"taxonomy":"product_cat","embeddable":true,"href":"https:\/\/schweizversand.ch\/fr\/wp-json\/wp\/v2\/product_cat?post=249674"},{"taxonomy":"product_tag","embeddable":true,"href":"https:\/\/schweizversand.ch\/fr\/wp-json\/wp\/v2\/product_tag?post=249674"}],"curies":[{"name":"wp","href":"https:\/\/api.w.org\/{rel}","templated":true}]}}