{"id":249677,"date":"2026-03-15T00:28:44","date_gmt":"2026-03-14T23:28:44","guid":{"rendered":"https:\/\/schweizversand.ch\/produkt\/totally-tech-sky-bird-mit-fernbedienung\/"},"modified":"2026-04-19T02:05:11","modified_gmt":"2026-04-19T00:05:11","slug":"totally-tech-sky-bird-mit-fernbedienung","status":"publish","type":"product","link":"https:\/\/schweizversand.ch\/fr\/produkt\/totally-tech-sky-bird-mit-fernbedienung\/","title":{"rendered":"Sky BIRD enti\u00e8rement technologique avec t\u00e9l\u00e9commande"},"content":{"rendered":"<h1><strong>Oiseau volant Sky BIRD enti\u00e8rement technologique avec t\u00e9l\u00e9commande<\/strong><\/h1>\n<div>Vivez la fascination du vol avec l&rsquo;oiseau volant radiocommand\u00e9 Sky BIRD. Ce jouet volant innovant \u00e0 LED imite les mouvements d&rsquo;un v\u00e9ritable oiseau et offre une exp\u00e9rience de vol in\u00e9gal\u00e9e qui vous \u00e9merveillera de jour comme de nuit.<\/p>\n<\/div>\n<div><strong>Exp\u00e9rience de vol authentique<\/strong><br \/>Le Sky BIRD est un ornithopt\u00e8re radiocommand\u00e9 impressionnant qui cr\u00e9e une image de vol r\u00e9aliste gr\u00e2ce \u00e0 ses ailes battantes. Les commandes sont intuitives, faisant de ce mod\u00e8le d&rsquo;oiseau t\u00e9l\u00e9command\u00e9 le jouet id\u00e9al pour les enfants \u00e0 partir de 8 ans et pour tous ceux qui ont gard\u00e9 leur \u00e2me d&rsquo;enfant. Technologie et design\u00a0: Le corps du Sky BIRD est \u00e9quip\u00e9 de lumi\u00e8res LED brillantes qui lui conf\u00e8rent un aspect futuriste et lui permettent de voler au cr\u00e9puscule ou la nuit. Gr\u00e2ce \u00e0 sa t\u00e9l\u00e9commande stable de 2,4 GHz, vous gardez toujours le contr\u00f4le total de votre oiseau volant.<\/p>\n<\/div>\n<div><strong>Caract\u00e9ristiques techniques et contenu de la livraison<\/strong><br \/>&#8211; \u00c2ge recommand\u00e9\u00a0: 8 ans et plus<br \/>&#8211; Dimensions (emballage)\u00a0: 21 x 27 x 4,5 cm<br \/>&#8211; Autonomie\u00a0: 5 \u00e0 8 minutes<br \/>&#8211; Batterie\u00a0: Batterie Li-Po rechargeable 3,7 V 70 mAh<br \/>&#8211; Chargement\u00a0: Directement via l\u2019\u00e9metteur<\/p>\n<\/div>\n<div>Offrez-vous le Sky BIRD et profitez d\u2019heures de vol passionnantes. Ce jouet unique est le cadeau id\u00e9al pour tous les amoureux d\u2019aventure a\u00e9rienne.<\/p>\n","protected":false},"excerpt":{"rendered":"<p>Oiseau volant Sky BIRD enti\u00e8rement technologique avec t\u00e9l\u00e9commande Vivez la fascination du vol avec l&rsquo;oiseau volant radiocommand\u00e9 Sky BIRD. Ce jouet volant innovant \u00e0 LED imite les mouvements d&rsquo;un v\u00e9ritable oiseau et offre une exp\u00e9rience de vol in\u00e9gal\u00e9e qui vous \u00e9merveillera de jour comme de nuit. Exp\u00e9rience de vol authentiqueLe Sky BIRD est un ornithopt\u00e8re radiocommand\u00e9 impressionnant qui cr\u00e9e une image de vol r\u00e9aliste gr\u00e2ce \u00e0 ses ailes battantes. Les commandes sont intuitives, faisant de&hellip;<\/p>\n","protected":false},"featured_media":163646,"comment_status":"open","ping_status":"closed","template":"","meta":[],"product_brand":[],"product_cat":[38093],"product_tag":[],"class_list":{"0":"post-249677","1":"product","2":"type-product","3":"status-publish","4":"has-post-thumbnail","6":"product_cat-ferngesteuerte-fahrzeuge","7":"product_shipping_class-global_methods","9":"first","10":"instock","11":"taxable","12":"shipping-taxable","13":"purchasable","14":"product-type-simple"},"yoast_head":"<!-- This site is optimized with the Yoast SEO plugin v27.4 - https:\/\/yoast.com\/product\/yoast-seo-wordpress\/ -->\n<title>Totally Tech Sky BIRD mit Fernbedienung | Jetzt kaufen | Schweizversand.ch<\/title>\n<meta name=\"description\" content=\"Totally Tech Sky BIRD mit Fernbedienung g\u00fcnstig kaufen bei Schweizversand.ch. Schnelle Lieferung in der Schweiz. Gratisversand ab CHF 50.\" \/>\n<meta name=\"robots\" content=\"index, follow, max-snippet:-1, max-image-preview:large, max-video-preview:-1\" \/>\n<link rel=\"canonical\" href=\"https:\/\/schweizversand.ch\/fr\/produkt\/totally-tech-sky-bird-mit-fernbedienung\/\" \/>\n<meta property=\"og:locale\" content=\"fr_FR\" \/>\n<meta property=\"og:type\" content=\"article\" \/>\n<meta property=\"og:title\" content=\"Totally Tech Sky BIRD mit Fernbedienung | Jetzt kaufen | Schweizversand.ch\" \/>\n<meta property=\"og:description\" content=\"Totally Tech Sky BIRD mit Fernbedienung g\u00fcnstig kaufen bei Schweizversand.ch. Schnelle Lieferung in der Schweiz. Gratisversand ab CHF 50.\" \/>\n<meta property=\"og:url\" content=\"https:\/\/schweizversand.ch\/fr\/produkt\/totally-tech-sky-bird-mit-fernbedienung\/\" \/>\n<meta property=\"og:site_name\" content=\"Schweizer Shop f\u00fcr Sport, Spiel und Freizeit\" \/>\n<meta property=\"article:publisher\" content=\"https:\/\/www.facebook.com\/Schweizversand\" \/>\n<meta property=\"article:modified_time\" content=\"2026-04-19T00:05:11+00:00\" \/>\n<meta property=\"og:image\" content=\"https:\/\/schweizversand.ch\/wp-content\/uploads\/2026\/02\/5472107492.jpg\" \/>\n\t<meta property=\"og:image:width\" content=\"1024\" \/>\n\t<meta property=\"og:image:height\" content=\"768\" \/>\n\t<meta property=\"og:image:type\" content=\"image\/jpeg\" \/>\n<meta name=\"twitter:card\" content=\"summary_large_image\" \/>\n<meta name=\"twitter:label1\" content=\"Dur\u00e9e de lecture estim\u00e9e\" \/>\n\t<meta name=\"twitter:data1\" content=\"1 minute\" \/>\n<script type=\"application\/ld+json\" class=\"yoast-schema-graph\">{\"@context\":\"https:\\\/\\\/schema.org\",\"@graph\":[{\"@type\":\"WebPage\",\"@id\":\"https:\\\/\\\/schweizversand.ch\\\/fr\\\/produkt\\\/totally-tech-sky-bird-mit-fernbedienung\\\/\",\"url\":\"https:\\\/\\\/schweizversand.ch\\\/fr\\\/produkt\\\/totally-tech-sky-bird-mit-fernbedienung\\\/\",\"name\":\"Totally Tech Sky BIRD mit Fernbedienung | Jetzt kaufen | Schweizversand.ch\",\"isPartOf\":{\"@id\":\"https:\\\/\\\/schweizversand.ch\\\/fr\\\/#website\"},\"primaryImageOfPage\":{\"@id\":\"https:\\\/\\\/schweizversand.ch\\\/fr\\\/produkt\\\/totally-tech-sky-bird-mit-fernbedienung\\\/#primaryimage\"},\"image\":{\"@id\":\"https:\\\/\\\/schweizversand.ch\\\/fr\\\/produkt\\\/totally-tech-sky-bird-mit-fernbedienung\\\/#primaryimage\"},\"thumbnailUrl\":\"https:\\\/\\\/schweizversand.ch\\\/wp-content\\\/uploads\\\/2026\\\/02\\\/5472107492.jpg\",\"datePublished\":\"2026-03-14T23:28:44+00:00\",\"dateModified\":\"2026-04-19T00:05:11+00:00\",\"description\":\"Totally Tech Sky BIRD mit Fernbedienung g\u00fcnstig kaufen bei Schweizversand.ch. Schnelle Lieferung in der Schweiz. Gratisversand ab CHF 50.\",\"breadcrumb\":{\"@id\":\"https:\\\/\\\/schweizversand.ch\\\/fr\\\/produkt\\\/totally-tech-sky-bird-mit-fernbedienung\\\/#breadcrumb\"},\"inLanguage\":\"fr-FR\",\"potentialAction\":[{\"@type\":\"ReadAction\",\"target\":[\"https:\\\/\\\/schweizversand.ch\\\/fr\\\/produkt\\\/totally-tech-sky-bird-mit-fernbedienung\\\/\"]}]},{\"@type\":\"ImageObject\",\"inLanguage\":\"fr-FR\",\"@id\":\"https:\\\/\\\/schweizversand.ch\\\/fr\\\/produkt\\\/totally-tech-sky-bird-mit-fernbedienung\\\/#primaryimage\",\"url\":\"https:\\\/\\\/schweizversand.ch\\\/wp-content\\\/uploads\\\/2026\\\/02\\\/5472107492.jpg\",\"contentUrl\":\"https:\\\/\\\/schweizversand.ch\\\/wp-content\\\/uploads\\\/2026\\\/02\\\/5472107492.jpg\",\"width\":1024,\"height\":768},{\"@type\":\"BreadcrumbList\",\"@id\":\"https:\\\/\\\/schweizversand.ch\\\/fr\\\/produkt\\\/totally-tech-sky-bird-mit-fernbedienung\\\/#breadcrumb\",\"itemListElement\":[{\"@type\":\"ListItem\",\"position\":1,\"name\":\"Startseite\",\"item\":\"https:\\\/\\\/schweizversand.ch\\\/fr\\\/home\\\/\"},{\"@type\":\"ListItem\",\"position\":2,\"name\":\"Boutique\",\"item\":\"https:\\\/\\\/schweizversand.ch\\\/fr\\\/boutique\\\/\"},{\"@type\":\"ListItem\",\"position\":3,\"name\":\"Jouets et jeux\",\"item\":\"https:\\\/\\\/schweizversand.ch\\\/fr\\\/produkt-kategorie\\\/jouets-et-jeux\\\/\"},{\"@type\":\"ListItem\",\"position\":4,\"name\":\"V\u00e9hicules miniatures\",\"item\":\"https:\\\/\\\/schweizversand.ch\\\/fr\\\/produkt-kategorie\\\/jouets-et-jeux\\\/vehicules-miniatures\\\/\"},{\"@type\":\"ListItem\",\"position\":5,\"name\":\"V\u00e9hicules t\u00e9l\u00e9command\u00e9s\",\"item\":\"https:\\\/\\\/schweizversand.ch\\\/fr\\\/produkt-kategorie\\\/jouets-et-jeux\\\/vehicules-miniatures\\\/ferngesteuerte-fahrzeuge\\\/\"},{\"@type\":\"ListItem\",\"position\":6,\"name\":\"Sky BIRD enti\u00e8rement technologique avec t\u00e9l\u00e9commande\"}]},{\"@type\":\"WebSite\",\"@id\":\"https:\\\/\\\/schweizversand.ch\\\/fr\\\/#website\",\"url\":\"https:\\\/\\\/schweizversand.ch\\\/fr\\\/\",\"name\":\"Schweizer Shop f\u00fcr Sport, Spiel und Freizeit\",\"description\":\"Gratisversand ab 50.- (netto), ab eigenem schweizer Lager, Lieferung innert 48h\",\"publisher\":{\"@id\":\"https:\\\/\\\/schweizversand.ch\\\/fr\\\/#organization\"},\"alternateName\":\"Schweizversand.ch\",\"potentialAction\":[{\"@type\":\"SearchAction\",\"target\":{\"@type\":\"EntryPoint\",\"urlTemplate\":\"https:\\\/\\\/schweizversand.ch\\\/fr\\\/?s={search_term_string}\"},\"query-input\":{\"@type\":\"PropertyValueSpecification\",\"valueRequired\":true,\"valueName\":\"search_term_string\"}}],\"inLanguage\":\"fr-FR\"},{\"@type\":\"Organization\",\"@id\":\"https:\\\/\\\/schweizversand.ch\\\/fr\\\/#organization\",\"name\":\"Schweizversand.ch\",\"url\":\"https:\\\/\\\/schweizversand.ch\\\/fr\\\/\",\"logo\":{\"@type\":\"ImageObject\",\"inLanguage\":\"fr-FR\",\"@id\":\"https:\\\/\\\/schweizversand.ch\\\/fr\\\/#\\\/schema\\\/logo\\\/image\\\/\",\"url\":\"https:\\\/\\\/schweizversand.ch\\\/wp-content\\\/uploads\\\/2026\\\/03\\\/Logo_Rund_Final-1.png\",\"contentUrl\":\"https:\\\/\\\/schweizversand.ch\\\/wp-content\\\/uploads\\\/2026\\\/03\\\/Logo_Rund_Final-1.png\",\"width\":404,\"height\":404,\"caption\":\"Schweizversand.ch\"},\"image\":{\"@id\":\"https:\\\/\\\/schweizversand.ch\\\/fr\\\/#\\\/schema\\\/logo\\\/image\\\/\"},\"sameAs\":[\"https:\\\/\\\/www.facebook.com\\\/Schweizversand\",\"https:\\\/\\\/www.instagram.com\\\/schweizversand.ch\\\/\"]}]}<\/script>\n<!-- \/ Yoast SEO plugin. -->","yoast_head_json":{"title":"Totally Tech Sky BIRD mit Fernbedienung | Jetzt kaufen | Schweizversand.ch","description":"Totally Tech Sky BIRD mit Fernbedienung g\u00fcnstig kaufen bei Schweizversand.ch. Schnelle Lieferung in der Schweiz. Gratisversand ab CHF 50.","robots":{"index":"index","follow":"follow","max-snippet":"max-snippet:-1","max-image-preview":"max-image-preview:large","max-video-preview":"max-video-preview:-1"},"canonical":"https:\/\/schweizversand.ch\/fr\/produkt\/totally-tech-sky-bird-mit-fernbedienung\/","og_locale":"fr_FR","og_type":"article","og_title":"Totally Tech Sky BIRD mit Fernbedienung | Jetzt kaufen | Schweizversand.ch","og_description":"Totally Tech Sky BIRD mit Fernbedienung g\u00fcnstig kaufen bei Schweizversand.ch. Schnelle Lieferung in der Schweiz. Gratisversand ab CHF 50.","og_url":"https:\/\/schweizversand.ch\/fr\/produkt\/totally-tech-sky-bird-mit-fernbedienung\/","og_site_name":"Schweizer Shop f\u00fcr Sport, Spiel und Freizeit","article_publisher":"https:\/\/www.facebook.com\/Schweizversand","article_modified_time":"2026-04-19T00:05:11+00:00","og_image":[{"width":1024,"height":768,"url":"https:\/\/schweizversand.ch\/wp-content\/uploads\/2026\/02\/5472107492.jpg","type":"image\/jpeg"}],"twitter_card":"summary_large_image","twitter_misc":{"Dur\u00e9e de lecture estim\u00e9e":"1 minute"},"schema":{"@context":"https:\/\/schema.org","@graph":[{"@type":"WebPage","@id":"https:\/\/schweizversand.ch\/fr\/produkt\/totally-tech-sky-bird-mit-fernbedienung\/","url":"https:\/\/schweizversand.ch\/fr\/produkt\/totally-tech-sky-bird-mit-fernbedienung\/","name":"Totally Tech Sky BIRD mit Fernbedienung | Jetzt kaufen | Schweizversand.ch","isPartOf":{"@id":"https:\/\/schweizversand.ch\/fr\/#website"},"primaryImageOfPage":{"@id":"https:\/\/schweizversand.ch\/fr\/produkt\/totally-tech-sky-bird-mit-fernbedienung\/#primaryimage"},"image":{"@id":"https:\/\/schweizversand.ch\/fr\/produkt\/totally-tech-sky-bird-mit-fernbedienung\/#primaryimage"},"thumbnailUrl":"https:\/\/schweizversand.ch\/wp-content\/uploads\/2026\/02\/5472107492.jpg","datePublished":"2026-03-14T23:28:44+00:00","dateModified":"2026-04-19T00:05:11+00:00","description":"Totally Tech Sky BIRD mit Fernbedienung g\u00fcnstig kaufen bei Schweizversand.ch. Schnelle Lieferung in der Schweiz. Gratisversand ab CHF 50.","breadcrumb":{"@id":"https:\/\/schweizversand.ch\/fr\/produkt\/totally-tech-sky-bird-mit-fernbedienung\/#breadcrumb"},"inLanguage":"fr-FR","potentialAction":[{"@type":"ReadAction","target":["https:\/\/schweizversand.ch\/fr\/produkt\/totally-tech-sky-bird-mit-fernbedienung\/"]}]},{"@type":"ImageObject","inLanguage":"fr-FR","@id":"https:\/\/schweizversand.ch\/fr\/produkt\/totally-tech-sky-bird-mit-fernbedienung\/#primaryimage","url":"https:\/\/schweizversand.ch\/wp-content\/uploads\/2026\/02\/5472107492.jpg","contentUrl":"https:\/\/schweizversand.ch\/wp-content\/uploads\/2026\/02\/5472107492.jpg","width":1024,"height":768},{"@type":"BreadcrumbList","@id":"https:\/\/schweizversand.ch\/fr\/produkt\/totally-tech-sky-bird-mit-fernbedienung\/#breadcrumb","itemListElement":[{"@type":"ListItem","position":1,"name":"Startseite","item":"https:\/\/schweizversand.ch\/fr\/home\/"},{"@type":"ListItem","position":2,"name":"Boutique","item":"https:\/\/schweizversand.ch\/fr\/boutique\/"},{"@type":"ListItem","position":3,"name":"Jouets et jeux","item":"https:\/\/schweizversand.ch\/fr\/produkt-kategorie\/jouets-et-jeux\/"},{"@type":"ListItem","position":4,"name":"V\u00e9hicules miniatures","item":"https:\/\/schweizversand.ch\/fr\/produkt-kategorie\/jouets-et-jeux\/vehicules-miniatures\/"},{"@type":"ListItem","position":5,"name":"V\u00e9hicules t\u00e9l\u00e9command\u00e9s","item":"https:\/\/schweizversand.ch\/fr\/produkt-kategorie\/jouets-et-jeux\/vehicules-miniatures\/ferngesteuerte-fahrzeuge\/"},{"@type":"ListItem","position":6,"name":"Sky BIRD enti\u00e8rement technologique avec t\u00e9l\u00e9commande"}]},{"@type":"WebSite","@id":"https:\/\/schweizversand.ch\/fr\/#website","url":"https:\/\/schweizversand.ch\/fr\/","name":"Schweizer Shop f\u00fcr Sport, Spiel und Freizeit","description":"Gratisversand ab 50.- (netto), ab eigenem schweizer Lager, Lieferung innert 48h","publisher":{"@id":"https:\/\/schweizversand.ch\/fr\/#organization"},"alternateName":"Schweizversand.ch","potentialAction":[{"@type":"SearchAction","target":{"@type":"EntryPoint","urlTemplate":"https:\/\/schweizversand.ch\/fr\/?s={search_term_string}"},"query-input":{"@type":"PropertyValueSpecification","valueRequired":true,"valueName":"search_term_string"}}],"inLanguage":"fr-FR"},{"@type":"Organization","@id":"https:\/\/schweizversand.ch\/fr\/#organization","name":"Schweizversand.ch","url":"https:\/\/schweizversand.ch\/fr\/","logo":{"@type":"ImageObject","inLanguage":"fr-FR","@id":"https:\/\/schweizversand.ch\/fr\/#\/schema\/logo\/image\/","url":"https:\/\/schweizversand.ch\/wp-content\/uploads\/2026\/03\/Logo_Rund_Final-1.png","contentUrl":"https:\/\/schweizversand.ch\/wp-content\/uploads\/2026\/03\/Logo_Rund_Final-1.png","width":404,"height":404,"caption":"Schweizversand.ch"},"image":{"@id":"https:\/\/schweizversand.ch\/fr\/#\/schema\/logo\/image\/"},"sameAs":["https:\/\/www.facebook.com\/Schweizversand","https:\/\/www.instagram.com\/schweizversand.ch\/"]}]}},"jetpack_sharing_enabled":true,"_links":{"self":[{"href":"https:\/\/schweizversand.ch\/fr\/wp-json\/wp\/v2\/product\/249677","targetHints":{"allow":["GET"]}}],"collection":[{"href":"https:\/\/schweizversand.ch\/fr\/wp-json\/wp\/v2\/product"}],"about":[{"href":"https:\/\/schweizversand.ch\/fr\/wp-json\/wp\/v2\/types\/product"}],"replies":[{"embeddable":true,"href":"https:\/\/schweizversand.ch\/fr\/wp-json\/wp\/v2\/comments?post=249677"}],"wp:featuredmedia":[{"embeddable":true,"href":"https:\/\/schweizversand.ch\/fr\/wp-json\/wp\/v2\/media\/163646"}],"wp:attachment":[{"href":"https:\/\/schweizversand.ch\/fr\/wp-json\/wp\/v2\/media?parent=249677"}],"wp:term":[{"taxonomy":"product_brand","embeddable":true,"href":"https:\/\/schweizversand.ch\/fr\/wp-json\/wp\/v2\/product_brand?post=249677"},{"taxonomy":"product_cat","embeddable":true,"href":"https:\/\/schweizversand.ch\/fr\/wp-json\/wp\/v2\/product_cat?post=249677"},{"taxonomy":"product_tag","embeddable":true,"href":"https:\/\/schweizversand.ch\/fr\/wp-json\/wp\/v2\/product_tag?post=249677"}],"curies":[{"name":"wp","href":"https:\/\/api.w.org\/{rel}","templated":true}]}}