{"id":249701,"date":"2026-03-15T00:28:50","date_gmt":"2026-03-14T23:28:50","guid":{"rendered":"https:\/\/schweizversand.ch\/produkt\/champ-handtuch-mit-kuehleffekt\/"},"modified":"2026-04-19T15:35:48","modified_gmt":"2026-04-19T13:35:48","slug":"champ-handtuch-mit-kuehleffekt","status":"publish","type":"product","link":"https:\/\/schweizversand.ch\/fr\/produkt\/champ-handtuch-mit-kuehleffekt\/","title":{"rendered":"Serviette rafra\u00eechissante CHAMP"},"content":{"rendered":"<h1><strong>Serviette rafra\u00eechissante \u2013 Votre serviette rafra\u00eechissante pour une sensation de fra\u00eecheur instantan\u00e9e<\/strong><\/h1>\n<div>Restez au frais, m\u00eame lors des journ\u00e9es les plus chaudes de l&rsquo;ann\u00e9e\u00a0! Cette <strong>serviette rafra\u00eechissante innovante<\/strong> est le compagnon id\u00e9al pour tous ceux qui recherchent une sensation de fra\u00eecheur rapide et efficace pendant le sport, les loisirs ou au quotidien. Gr\u00e2ce \u00e0 sa technologie sp\u00e9ciale, elle offre une fra\u00eecheur naturelle et durable par \u00e9vaporation, sans aucun additif chimique.<\/p>\n<\/div>\n<div><strong>Comment \u00e7a marche\u00a0: Rafra\u00eechissement naturel par \u00e9vaporation<\/strong><br \/>Le secret de cette <strong>serviette rafra\u00eechissante<\/strong> r\u00e9side dans sa structure en maille hautement fonctionnelle, tiss\u00e9e sp\u00e9cialement et compos\u00e9e \u00e0 100\u00a0% de polyester. Pour activer l&rsquo;effet rafra\u00eechissant, il suffit d&rsquo;humidifier la serviette, de l&rsquo;essorer vigoureusement une ou deux fois, puis de la secouer. Ce proc\u00e9d\u00e9 maximise le <strong>refroidissement par \u00e9vaporation<\/strong>, ce qui entra\u00eene une baisse de temp\u00e9rature imm\u00e9diate et perceptible. La serviette rafra\u00eechit efficacement tant qu&rsquo;elle est humide et peut \u00eatre r\u00e9activ\u00e9e \u00e0 tout moment. Votre alli\u00e9 indispensable : Que ce soit lors d&rsquo;une s\u00e9ance de sport intense, d&rsquo;une randonn\u00e9e ou simplement pour se d\u00e9tendre au jardin, cette serviette rafra\u00eechissante vous apporte une sensation de fra\u00eecheur o\u00f9 que vous soyez. Ultra-l\u00e9g\u00e8re et compacte, elle se glisse facilement dans un sac de sport ou un sac \u00e0 dos. De plus, sa mati\u00e8re douce et soyeuse au contact de la peau est ultra-absorbante, ce qui en fait un accessoire pratique et confortable. Caract\u00e9ristiques et avantages : &#8211; Procure une sensation de fra\u00eecheur longue dur\u00e9e gr\u00e2ce \u00e0 l&rsquo;\u00e9vaporation naturelle &#8211; Id\u00e9ale pour le sport, les activit\u00e9s de plein air et les chaudes journ\u00e9es d&rsquo;\u00e9t\u00e9 &#8211; Ultra-l\u00e9g\u00e8re, s\u00e9chage rapide et peu encombrante &#8211; Douceur soyeuse et haute capacit\u00e9 d&rsquo;absorption &#8211; Mati\u00e8re : 100 % polyester (r\u00e9sistant et fonctionnel) &#8211; Dimensions : environ 70 x 30 cm (dimensions optimales pour la nuque et le front) Utilisation et entretien faciles : Utiliser cette lingette rafra\u00eechissante est un jeu d&rsquo;enfant : humidifiez-la, essorez-la, secouez-la \u2013 c&rsquo;est pr\u00eat ! Lavable en machine, elle conserve ses propri\u00e9t\u00e9s rafra\u00eechissantes m\u00eame apr\u00e8s de nombreux usages. Investissez dans cette <strong>Serviette Rafra\u00eechissante<\/strong> et d\u00e9couvrez le plaisir de garder la t\u00eate froide, m\u00eame en cas de stress ou de fortes chaleurs.<\/p>\n<\/div>\n<div>Procurez-vous votre <strong>Serviette Rafra\u00eechissante<\/strong> d\u00e8s maintenant et profitez d&rsquo;une fra\u00eecheur instantan\u00e9e et naturelle pour passer un \u00e9t\u00e9 agr\u00e9able.<\/p>\n<\/div>\n<div><\/div>\n","protected":false},"excerpt":{"rendered":"<p>Serviette rafra\u00eechissante \u2013 Votre serviette rafra\u00eechissante pour une sensation de fra\u00eecheur instantan\u00e9e Restez au frais, m\u00eame lors des journ\u00e9es les plus chaudes de l&rsquo;ann\u00e9e\u00a0! Cette serviette rafra\u00eechissante innovante est le compagnon id\u00e9al pour tous ceux qui recherchent une sensation de fra\u00eecheur rapide et efficace pendant le sport, les loisirs ou au quotidien. Gr\u00e2ce \u00e0 sa technologie sp\u00e9ciale, elle offre une fra\u00eecheur naturelle et durable par \u00e9vaporation, sans aucun additif chimique. Comment \u00e7a marche\u00a0: Rafra\u00eechissement naturel&hellip;<\/p>\n","protected":false},"featured_media":163779,"comment_status":"open","ping_status":"closed","template":"","meta":[],"product_brand":[],"product_cat":[38332],"product_tag":[],"class_list":{"0":"post-249701","1":"product","2":"type-product","3":"status-publish","4":"has-post-thumbnail","6":"product_cat-outdoorausruestung","7":"product_shipping_class-global_methods","9":"first","10":"instock","11":"taxable","12":"shipping-taxable","13":"purchasable","14":"product-type-simple"},"yoast_head":"<!-- This site is optimized with the Yoast SEO plugin v27.4 - https:\/\/yoast.com\/product\/yoast-seo-wordpress\/ -->\n<title>CHAMP Handtuch mit K\u00fchleffekt | Jetzt kaufen | Schweizversand.ch<\/title>\n<meta name=\"description\" content=\"CHAMP Handtuch mit K\u00fchleffekt g\u00fcnstig kaufen bei Schweizversand.ch. Schnelle Lieferung in der Schweiz. Gratisversand ab CHF 50.\" \/>\n<meta name=\"robots\" content=\"index, follow, max-snippet:-1, max-image-preview:large, max-video-preview:-1\" \/>\n<link rel=\"canonical\" href=\"https:\/\/schweizversand.ch\/fr\/produkt\/champ-handtuch-mit-kuehleffekt\/\" \/>\n<meta property=\"og:locale\" content=\"fr_FR\" \/>\n<meta property=\"og:type\" content=\"article\" \/>\n<meta property=\"og:title\" content=\"CHAMP Handtuch mit K\u00fchleffekt | Jetzt kaufen | Schweizversand.ch\" \/>\n<meta property=\"og:description\" content=\"CHAMP Handtuch mit K\u00fchleffekt g\u00fcnstig kaufen bei Schweizversand.ch. Schnelle Lieferung in der Schweiz. Gratisversand ab CHF 50.\" \/>\n<meta property=\"og:url\" content=\"https:\/\/schweizversand.ch\/fr\/produkt\/champ-handtuch-mit-kuehleffekt\/\" \/>\n<meta property=\"og:site_name\" content=\"Schweizer Shop f\u00fcr Sport, Spiel und Freizeit\" \/>\n<meta property=\"article:publisher\" content=\"https:\/\/www.facebook.com\/Schweizversand\" \/>\n<meta property=\"article:modified_time\" content=\"2026-04-19T13:35:48+00:00\" \/>\n<meta property=\"og:image\" content=\"https:\/\/schweizversand.ch\/wp-content\/uploads\/2026\/02\/5471891015.jpg\" \/>\n\t<meta property=\"og:image:width\" content=\"683\" \/>\n\t<meta property=\"og:image:height\" content=\"1024\" \/>\n\t<meta property=\"og:image:type\" content=\"image\/jpeg\" \/>\n<meta name=\"twitter:card\" content=\"summary_large_image\" \/>\n<meta name=\"twitter:label1\" content=\"Dur\u00e9e de lecture estim\u00e9e\" \/>\n\t<meta name=\"twitter:data1\" content=\"2 minutes\" \/>\n<script type=\"application\/ld+json\" class=\"yoast-schema-graph\">{\"@context\":\"https:\\\/\\\/schema.org\",\"@graph\":[{\"@type\":\"WebPage\",\"@id\":\"https:\\\/\\\/schweizversand.ch\\\/fr\\\/produkt\\\/champ-handtuch-mit-kuehleffekt\\\/\",\"url\":\"https:\\\/\\\/schweizversand.ch\\\/fr\\\/produkt\\\/champ-handtuch-mit-kuehleffekt\\\/\",\"name\":\"CHAMP Handtuch mit K\u00fchleffekt | Jetzt kaufen | Schweizversand.ch\",\"isPartOf\":{\"@id\":\"https:\\\/\\\/schweizversand.ch\\\/fr\\\/#website\"},\"primaryImageOfPage\":{\"@id\":\"https:\\\/\\\/schweizversand.ch\\\/fr\\\/produkt\\\/champ-handtuch-mit-kuehleffekt\\\/#primaryimage\"},\"image\":{\"@id\":\"https:\\\/\\\/schweizversand.ch\\\/fr\\\/produkt\\\/champ-handtuch-mit-kuehleffekt\\\/#primaryimage\"},\"thumbnailUrl\":\"https:\\\/\\\/schweizversand.ch\\\/wp-content\\\/uploads\\\/2026\\\/02\\\/5471891015.jpg\",\"datePublished\":\"2026-03-14T23:28:50+00:00\",\"dateModified\":\"2026-04-19T13:35:48+00:00\",\"description\":\"CHAMP Handtuch mit K\u00fchleffekt g\u00fcnstig kaufen bei Schweizversand.ch. Schnelle Lieferung in der Schweiz. Gratisversand ab CHF 50.\",\"breadcrumb\":{\"@id\":\"https:\\\/\\\/schweizversand.ch\\\/fr\\\/produkt\\\/champ-handtuch-mit-kuehleffekt\\\/#breadcrumb\"},\"inLanguage\":\"fr-FR\",\"potentialAction\":[{\"@type\":\"ReadAction\",\"target\":[\"https:\\\/\\\/schweizversand.ch\\\/fr\\\/produkt\\\/champ-handtuch-mit-kuehleffekt\\\/\"]}]},{\"@type\":\"ImageObject\",\"inLanguage\":\"fr-FR\",\"@id\":\"https:\\\/\\\/schweizversand.ch\\\/fr\\\/produkt\\\/champ-handtuch-mit-kuehleffekt\\\/#primaryimage\",\"url\":\"https:\\\/\\\/schweizversand.ch\\\/wp-content\\\/uploads\\\/2026\\\/02\\\/5471891015.jpg\",\"contentUrl\":\"https:\\\/\\\/schweizversand.ch\\\/wp-content\\\/uploads\\\/2026\\\/02\\\/5471891015.jpg\",\"width\":683,\"height\":1024},{\"@type\":\"BreadcrumbList\",\"@id\":\"https:\\\/\\\/schweizversand.ch\\\/fr\\\/produkt\\\/champ-handtuch-mit-kuehleffekt\\\/#breadcrumb\",\"itemListElement\":[{\"@type\":\"ListItem\",\"position\":1,\"name\":\"Startseite\",\"item\":\"https:\\\/\\\/schweizversand.ch\\\/fr\\\/home\\\/\"},{\"@type\":\"ListItem\",\"position\":2,\"name\":\"Boutique\",\"item\":\"https:\\\/\\\/schweizversand.ch\\\/fr\\\/boutique\\\/\"},{\"@type\":\"ListItem\",\"position\":3,\"name\":\"Sports\",\"item\":\"https:\\\/\\\/schweizversand.ch\\\/fr\\\/produkt-kategorie\\\/sports\\\/\"},{\"@type\":\"ListItem\",\"position\":4,\"name\":\"Plein air\",\"item\":\"https:\\\/\\\/schweizversand.ch\\\/fr\\\/produkt-kategorie\\\/sports\\\/plein-air\\\/\"},{\"@type\":\"ListItem\",\"position\":5,\"name\":\"\u00c9quipement de plein air\",\"item\":\"https:\\\/\\\/schweizversand.ch\\\/fr\\\/produkt-kategorie\\\/sports\\\/plein-air\\\/outdoorausruestung\\\/\"},{\"@type\":\"ListItem\",\"position\":6,\"name\":\"Serviette rafra\u00eechissante CHAMP\"}]},{\"@type\":\"WebSite\",\"@id\":\"https:\\\/\\\/schweizversand.ch\\\/fr\\\/#website\",\"url\":\"https:\\\/\\\/schweizversand.ch\\\/fr\\\/\",\"name\":\"Schweizer Shop f\u00fcr Sport, Spiel und Freizeit\",\"description\":\"Gratisversand ab 50.- (netto), ab eigenem schweizer Lager, Lieferung innert 48h\",\"publisher\":{\"@id\":\"https:\\\/\\\/schweizversand.ch\\\/fr\\\/#organization\"},\"alternateName\":\"Schweizversand.ch\",\"potentialAction\":[{\"@type\":\"SearchAction\",\"target\":{\"@type\":\"EntryPoint\",\"urlTemplate\":\"https:\\\/\\\/schweizversand.ch\\\/fr\\\/?s={search_term_string}\"},\"query-input\":{\"@type\":\"PropertyValueSpecification\",\"valueRequired\":true,\"valueName\":\"search_term_string\"}}],\"inLanguage\":\"fr-FR\"},{\"@type\":\"Organization\",\"@id\":\"https:\\\/\\\/schweizversand.ch\\\/fr\\\/#organization\",\"name\":\"Schweizversand.ch\",\"url\":\"https:\\\/\\\/schweizversand.ch\\\/fr\\\/\",\"logo\":{\"@type\":\"ImageObject\",\"inLanguage\":\"fr-FR\",\"@id\":\"https:\\\/\\\/schweizversand.ch\\\/fr\\\/#\\\/schema\\\/logo\\\/image\\\/\",\"url\":\"https:\\\/\\\/schweizversand.ch\\\/wp-content\\\/uploads\\\/2026\\\/03\\\/Logo_Rund_Final-1.png\",\"contentUrl\":\"https:\\\/\\\/schweizversand.ch\\\/wp-content\\\/uploads\\\/2026\\\/03\\\/Logo_Rund_Final-1.png\",\"width\":404,\"height\":404,\"caption\":\"Schweizversand.ch\"},\"image\":{\"@id\":\"https:\\\/\\\/schweizversand.ch\\\/fr\\\/#\\\/schema\\\/logo\\\/image\\\/\"},\"sameAs\":[\"https:\\\/\\\/www.facebook.com\\\/Schweizversand\",\"https:\\\/\\\/www.instagram.com\\\/schweizversand.ch\\\/\"]}]}<\/script>\n<!-- \/ Yoast SEO plugin. -->","yoast_head_json":{"title":"CHAMP Handtuch mit K\u00fchleffekt | Jetzt kaufen | Schweizversand.ch","description":"CHAMP Handtuch mit K\u00fchleffekt g\u00fcnstig kaufen bei Schweizversand.ch. Schnelle Lieferung in der Schweiz. Gratisversand ab CHF 50.","robots":{"index":"index","follow":"follow","max-snippet":"max-snippet:-1","max-image-preview":"max-image-preview:large","max-video-preview":"max-video-preview:-1"},"canonical":"https:\/\/schweizversand.ch\/fr\/produkt\/champ-handtuch-mit-kuehleffekt\/","og_locale":"fr_FR","og_type":"article","og_title":"CHAMP Handtuch mit K\u00fchleffekt | Jetzt kaufen | Schweizversand.ch","og_description":"CHAMP Handtuch mit K\u00fchleffekt g\u00fcnstig kaufen bei Schweizversand.ch. Schnelle Lieferung in der Schweiz. Gratisversand ab CHF 50.","og_url":"https:\/\/schweizversand.ch\/fr\/produkt\/champ-handtuch-mit-kuehleffekt\/","og_site_name":"Schweizer Shop f\u00fcr Sport, Spiel und Freizeit","article_publisher":"https:\/\/www.facebook.com\/Schweizversand","article_modified_time":"2026-04-19T13:35:48+00:00","og_image":[{"width":683,"height":1024,"url":"https:\/\/schweizversand.ch\/wp-content\/uploads\/2026\/02\/5471891015.jpg","type":"image\/jpeg"}],"twitter_card":"summary_large_image","twitter_misc":{"Dur\u00e9e de lecture estim\u00e9e":"2 minutes"},"schema":{"@context":"https:\/\/schema.org","@graph":[{"@type":"WebPage","@id":"https:\/\/schweizversand.ch\/fr\/produkt\/champ-handtuch-mit-kuehleffekt\/","url":"https:\/\/schweizversand.ch\/fr\/produkt\/champ-handtuch-mit-kuehleffekt\/","name":"CHAMP Handtuch mit K\u00fchleffekt | Jetzt kaufen | Schweizversand.ch","isPartOf":{"@id":"https:\/\/schweizversand.ch\/fr\/#website"},"primaryImageOfPage":{"@id":"https:\/\/schweizversand.ch\/fr\/produkt\/champ-handtuch-mit-kuehleffekt\/#primaryimage"},"image":{"@id":"https:\/\/schweizversand.ch\/fr\/produkt\/champ-handtuch-mit-kuehleffekt\/#primaryimage"},"thumbnailUrl":"https:\/\/schweizversand.ch\/wp-content\/uploads\/2026\/02\/5471891015.jpg","datePublished":"2026-03-14T23:28:50+00:00","dateModified":"2026-04-19T13:35:48+00:00","description":"CHAMP Handtuch mit K\u00fchleffekt g\u00fcnstig kaufen bei Schweizversand.ch. Schnelle Lieferung in der Schweiz. Gratisversand ab CHF 50.","breadcrumb":{"@id":"https:\/\/schweizversand.ch\/fr\/produkt\/champ-handtuch-mit-kuehleffekt\/#breadcrumb"},"inLanguage":"fr-FR","potentialAction":[{"@type":"ReadAction","target":["https:\/\/schweizversand.ch\/fr\/produkt\/champ-handtuch-mit-kuehleffekt\/"]}]},{"@type":"ImageObject","inLanguage":"fr-FR","@id":"https:\/\/schweizversand.ch\/fr\/produkt\/champ-handtuch-mit-kuehleffekt\/#primaryimage","url":"https:\/\/schweizversand.ch\/wp-content\/uploads\/2026\/02\/5471891015.jpg","contentUrl":"https:\/\/schweizversand.ch\/wp-content\/uploads\/2026\/02\/5471891015.jpg","width":683,"height":1024},{"@type":"BreadcrumbList","@id":"https:\/\/schweizversand.ch\/fr\/produkt\/champ-handtuch-mit-kuehleffekt\/#breadcrumb","itemListElement":[{"@type":"ListItem","position":1,"name":"Startseite","item":"https:\/\/schweizversand.ch\/fr\/home\/"},{"@type":"ListItem","position":2,"name":"Boutique","item":"https:\/\/schweizversand.ch\/fr\/boutique\/"},{"@type":"ListItem","position":3,"name":"Sports","item":"https:\/\/schweizversand.ch\/fr\/produkt-kategorie\/sports\/"},{"@type":"ListItem","position":4,"name":"Plein air","item":"https:\/\/schweizversand.ch\/fr\/produkt-kategorie\/sports\/plein-air\/"},{"@type":"ListItem","position":5,"name":"\u00c9quipement de plein air","item":"https:\/\/schweizversand.ch\/fr\/produkt-kategorie\/sports\/plein-air\/outdoorausruestung\/"},{"@type":"ListItem","position":6,"name":"Serviette rafra\u00eechissante CHAMP"}]},{"@type":"WebSite","@id":"https:\/\/schweizversand.ch\/fr\/#website","url":"https:\/\/schweizversand.ch\/fr\/","name":"Schweizer Shop f\u00fcr Sport, Spiel und Freizeit","description":"Gratisversand ab 50.- (netto), ab eigenem schweizer Lager, Lieferung innert 48h","publisher":{"@id":"https:\/\/schweizversand.ch\/fr\/#organization"},"alternateName":"Schweizversand.ch","potentialAction":[{"@type":"SearchAction","target":{"@type":"EntryPoint","urlTemplate":"https:\/\/schweizversand.ch\/fr\/?s={search_term_string}"},"query-input":{"@type":"PropertyValueSpecification","valueRequired":true,"valueName":"search_term_string"}}],"inLanguage":"fr-FR"},{"@type":"Organization","@id":"https:\/\/schweizversand.ch\/fr\/#organization","name":"Schweizversand.ch","url":"https:\/\/schweizversand.ch\/fr\/","logo":{"@type":"ImageObject","inLanguage":"fr-FR","@id":"https:\/\/schweizversand.ch\/fr\/#\/schema\/logo\/image\/","url":"https:\/\/schweizversand.ch\/wp-content\/uploads\/2026\/03\/Logo_Rund_Final-1.png","contentUrl":"https:\/\/schweizversand.ch\/wp-content\/uploads\/2026\/03\/Logo_Rund_Final-1.png","width":404,"height":404,"caption":"Schweizversand.ch"},"image":{"@id":"https:\/\/schweizversand.ch\/fr\/#\/schema\/logo\/image\/"},"sameAs":["https:\/\/www.facebook.com\/Schweizversand","https:\/\/www.instagram.com\/schweizversand.ch\/"]}]}},"jetpack_sharing_enabled":true,"_links":{"self":[{"href":"https:\/\/schweizversand.ch\/fr\/wp-json\/wp\/v2\/product\/249701","targetHints":{"allow":["GET"]}}],"collection":[{"href":"https:\/\/schweizversand.ch\/fr\/wp-json\/wp\/v2\/product"}],"about":[{"href":"https:\/\/schweizversand.ch\/fr\/wp-json\/wp\/v2\/types\/product"}],"replies":[{"embeddable":true,"href":"https:\/\/schweizversand.ch\/fr\/wp-json\/wp\/v2\/comments?post=249701"}],"wp:featuredmedia":[{"embeddable":true,"href":"https:\/\/schweizversand.ch\/fr\/wp-json\/wp\/v2\/media\/163779"}],"wp:attachment":[{"href":"https:\/\/schweizversand.ch\/fr\/wp-json\/wp\/v2\/media?parent=249701"}],"wp:term":[{"taxonomy":"product_brand","embeddable":true,"href":"https:\/\/schweizversand.ch\/fr\/wp-json\/wp\/v2\/product_brand?post=249701"},{"taxonomy":"product_cat","embeddable":true,"href":"https:\/\/schweizversand.ch\/fr\/wp-json\/wp\/v2\/product_cat?post=249701"},{"taxonomy":"product_tag","embeddable":true,"href":"https:\/\/schweizversand.ch\/fr\/wp-json\/wp\/v2\/product_tag?post=249701"}],"curies":[{"name":"wp","href":"https:\/\/api.w.org\/{rel}","templated":true}]}}