{"id":249706,"date":"2026-03-14T23:49:58","date_gmt":"2026-03-14T22:49:58","guid":{"rendered":"https:\/\/schweizversand.ch\/produkt\/hudora-hornet-basketballstaender-pro-305\/"},"modified":"2026-04-20T02:04:28","modified_gmt":"2026-04-20T00:04:28","slug":"hudora-hornet-basketballstaender-pro-305","status":"publish","type":"product","link":"https:\/\/schweizversand.ch\/fr\/produkt\/hudora-hornet-basketballstaender-pro-305\/","title":{"rendered":"Support de basket-ball Hudora Hornet Pro 305"},"content":{"rendered":"<h1><strong>Panier de basket portable Pro<\/strong><\/h1>\n<div>Passez au niveau sup\u00e9rieur avec ce panier de basket portable professionnel. Ce syst\u00e8me de basket d&rsquo;ext\u00e9rieur robuste offre une flexibilit\u00e9 et une stabilit\u00e9 maximales pour des entra\u00eenements intensifs et des matchs passionnants, que ce soit dans le jardin, la cour ou l&rsquo;all\u00e9e.<\/p>\n<\/div>\n<div><strong>Flexibilit\u00e9 maximale gr\u00e2ce au r\u00e9glage en hauteur<\/strong><br \/>Le panier de basket est r\u00e9glable en hauteur sur six positions, ce qui le rend parfaitement adaptable aux joueurs de tous \u00e2ges et de toutes tailles. La hauteur de jeu se r\u00e8gle facilement entre 230 cm et la hauteur officielle des tournois (305 cm), ce qui rend ce panier id\u00e9al pour toute la famille. Panneau et anneau de basket de haute qualit\u00e9\u00a0: Le panneau de basket en polycarbonate blanc durable (110 x 70 cm) offre un excellent rebond et est extr\u00eamement r\u00e9sistant aux intemp\u00e9ries. Le panier de basket mobile, dot\u00e9 d&rsquo;un anneau en m\u00e9tal thermolaqu\u00e9 (45,7 cm de diam\u00e8tre), est robuste et compl\u00e9t\u00e9 par un filet en polyester blanc ind\u00e9chirable (53 cm de long) con\u00e7u pour un usage intensif. Stabilit\u00e9 et mobilit\u00e9 : \u00e9quip\u00e9 de deux roues int\u00e9gr\u00e9es, ce panier de basket se d\u00e9place tr\u00e8s facilement. Gr\u00e2ce \u00e0 ces roues, vous pouvez le d\u00e9placer rapidement et sans effort. La grande base lestable (environ 93 litres) et les trois sacs de sable suppl\u00e9mentaires, qui servent de contrepoids optimaux, assurent la stabilit\u00e9 n\u00e9cessaire.<\/p>\n<\/div>\n<div><strong>D\u00e9tails du produit et contenu de la livraison<\/strong><br \/>&#8211; Panier de basket mobile avec deux roues de transport<br \/>&#8211; Hauteur r\u00e9glable de 230 \u00e0 305 cm (6 niveaux)<br \/>&#8211; Panneau arri\u00e8re\u00a0: Polycarbonate blanc, 110 x 70 cm<br \/>&#8211; Panier\u00a0: Anneau en m\u00e9tal thermolaqu\u00e9, diam\u00e8tre 45,7 cm<br \/>&#8211; Filet\u00a0: Filet en polyester blanc, longueur 53 cm<br \/>&#8211; Base\u00a0: Sac lestable servant de contrepoids (environ 93 litres)<br \/>&#8211; Comprend 3 sacs de sable lestables<\/p>\n<\/div>\n<div>Investissez dans ce panier de basket portable et profitez d&rsquo;un plaisir sans limites. Commandez d\u00e8s maintenant et entra\u00eenez-vous chez vous\u00a0!<\/p>\n","protected":false},"excerpt":{"rendered":"<p>Panier de basket portable Pro Passez au niveau sup\u00e9rieur avec ce panier de basket portable professionnel. Ce syst\u00e8me de basket d&rsquo;ext\u00e9rieur robuste offre une flexibilit\u00e9 et une stabilit\u00e9 maximales pour des entra\u00eenements intensifs et des matchs passionnants, que ce soit dans le jardin, la cour ou l&rsquo;all\u00e9e. Flexibilit\u00e9 maximale gr\u00e2ce au r\u00e9glage en hauteurLe panier de basket est r\u00e9glable en hauteur sur six positions, ce qui le rend parfaitement adaptable aux joueurs de tous \u00e2ges&hellip;<\/p>\n","protected":false},"featured_media":165639,"comment_status":"open","ping_status":"closed","template":"","meta":[],"product_brand":[],"product_cat":[39214,39217],"product_tag":[],"class_list":{"0":"post-249706","1":"product","2":"type-product","3":"status-publish","4":"has-post-thumbnail","6":"product_cat-basketball","8":"product_shipping_class-global_methods","10":"first","11":"instock","12":"taxable","13":"shipping-taxable","14":"purchasable","15":"product-type-simple"},"yoast_head":"<!-- This site is optimized with the Yoast SEO plugin v27.4 - https:\/\/yoast.com\/product\/yoast-seo-wordpress\/ -->\n<title>Hudora Hornet Basketballst\u00e4nder Pro 305 | Jetzt kaufen | Schweizversand.ch<\/title>\n<meta name=\"description\" content=\"Hudora Hornet Basketballst\u00e4nder Pro 305 g\u00fcnstig kaufen bei Schweizversand.ch. Schnelle Lieferung in der Schweiz. Gratisversand ab CHF 50.\" \/>\n<meta name=\"robots\" content=\"index, follow, max-snippet:-1, max-image-preview:large, max-video-preview:-1\" \/>\n<link rel=\"canonical\" href=\"https:\/\/schweizversand.ch\/fr\/produkt\/hudora-hornet-basketballstaender-pro-305\/\" \/>\n<meta property=\"og:locale\" content=\"fr_FR\" \/>\n<meta property=\"og:type\" content=\"article\" \/>\n<meta property=\"og:title\" content=\"Hudora Hornet Basketballst\u00e4nder Pro 305 | Jetzt kaufen | Schweizversand.ch\" \/>\n<meta property=\"og:description\" content=\"Hudora Hornet Basketballst\u00e4nder Pro 305 g\u00fcnstig kaufen bei Schweizversand.ch. Schnelle Lieferung in der Schweiz. Gratisversand ab CHF 50.\" \/>\n<meta property=\"og:url\" content=\"https:\/\/schweizversand.ch\/fr\/produkt\/hudora-hornet-basketballstaender-pro-305\/\" \/>\n<meta property=\"og:site_name\" content=\"Schweizer Shop f\u00fcr Sport, Spiel und Freizeit\" \/>\n<meta property=\"article:publisher\" content=\"https:\/\/www.facebook.com\/Schweizversand\" \/>\n<meta property=\"article:modified_time\" content=\"2026-04-20T00:04:28+00:00\" \/>\n<meta property=\"og:image\" content=\"https:\/\/schweizversand.ch\/wp-content\/uploads\/2026\/02\/5471527462.jpg\" \/>\n\t<meta property=\"og:image:width\" content=\"567\" \/>\n\t<meta property=\"og:image:height\" content=\"1024\" \/>\n\t<meta property=\"og:image:type\" content=\"image\/jpeg\" \/>\n<meta name=\"twitter:card\" content=\"summary_large_image\" \/>\n<meta name=\"twitter:label1\" content=\"Dur\u00e9e de lecture estim\u00e9e\" \/>\n\t<meta name=\"twitter:data1\" content=\"2 minutes\" \/>\n<script type=\"application\/ld+json\" class=\"yoast-schema-graph\">{\"@context\":\"https:\\\/\\\/schema.org\",\"@graph\":[{\"@type\":\"WebPage\",\"@id\":\"https:\\\/\\\/schweizversand.ch\\\/fr\\\/produkt\\\/hudora-hornet-basketballstaender-pro-305\\\/\",\"url\":\"https:\\\/\\\/schweizversand.ch\\\/fr\\\/produkt\\\/hudora-hornet-basketballstaender-pro-305\\\/\",\"name\":\"Hudora Hornet Basketballst\u00e4nder Pro 305 | Jetzt kaufen | Schweizversand.ch\",\"isPartOf\":{\"@id\":\"https:\\\/\\\/schweizversand.ch\\\/fr\\\/#website\"},\"primaryImageOfPage\":{\"@id\":\"https:\\\/\\\/schweizversand.ch\\\/fr\\\/produkt\\\/hudora-hornet-basketballstaender-pro-305\\\/#primaryimage\"},\"image\":{\"@id\":\"https:\\\/\\\/schweizversand.ch\\\/fr\\\/produkt\\\/hudora-hornet-basketballstaender-pro-305\\\/#primaryimage\"},\"thumbnailUrl\":\"https:\\\/\\\/schweizversand.ch\\\/wp-content\\\/uploads\\\/2026\\\/02\\\/5471527462.jpg\",\"datePublished\":\"2026-03-14T22:49:58+00:00\",\"dateModified\":\"2026-04-20T00:04:28+00:00\",\"description\":\"Hudora Hornet Basketballst\u00e4nder Pro 305 g\u00fcnstig kaufen bei Schweizversand.ch. Schnelle Lieferung in der Schweiz. Gratisversand ab CHF 50.\",\"breadcrumb\":{\"@id\":\"https:\\\/\\\/schweizversand.ch\\\/fr\\\/produkt\\\/hudora-hornet-basketballstaender-pro-305\\\/#breadcrumb\"},\"inLanguage\":\"fr-FR\",\"potentialAction\":[{\"@type\":\"ReadAction\",\"target\":[\"https:\\\/\\\/schweizversand.ch\\\/fr\\\/produkt\\\/hudora-hornet-basketballstaender-pro-305\\\/\"]}]},{\"@type\":\"ImageObject\",\"inLanguage\":\"fr-FR\",\"@id\":\"https:\\\/\\\/schweizversand.ch\\\/fr\\\/produkt\\\/hudora-hornet-basketballstaender-pro-305\\\/#primaryimage\",\"url\":\"https:\\\/\\\/schweizversand.ch\\\/wp-content\\\/uploads\\\/2026\\\/02\\\/5471527462.jpg\",\"contentUrl\":\"https:\\\/\\\/schweizversand.ch\\\/wp-content\\\/uploads\\\/2026\\\/02\\\/5471527462.jpg\",\"width\":567,\"height\":1024},{\"@type\":\"BreadcrumbList\",\"@id\":\"https:\\\/\\\/schweizversand.ch\\\/fr\\\/produkt\\\/hudora-hornet-basketballstaender-pro-305\\\/#breadcrumb\",\"itemListElement\":[{\"@type\":\"ListItem\",\"position\":1,\"name\":\"Startseite\",\"item\":\"https:\\\/\\\/schweizversand.ch\\\/fr\\\/home\\\/\"},{\"@type\":\"ListItem\",\"position\":2,\"name\":\"Boutique\",\"item\":\"https:\\\/\\\/schweizversand.ch\\\/fr\\\/boutique\\\/\"},{\"@type\":\"ListItem\",\"position\":3,\"name\":\"Sports\",\"item\":\"https:\\\/\\\/schweizversand.ch\\\/fr\\\/produkt-kategorie\\\/sports\\\/\"},{\"@type\":\"ListItem\",\"position\":4,\"name\":\"sports de balle et fl\u00e9chettes\",\"item\":\"https:\\\/\\\/schweizversand.ch\\\/fr\\\/produkt-kategorie\\\/sports\\\/sports-de-balle-et-flechettes\\\/\"},{\"@type\":\"ListItem\",\"position\":5,\"name\":\"basketball\",\"item\":\"https:\\\/\\\/schweizversand.ch\\\/fr\\\/produkt-kategorie\\\/basketball\\\/\"},{\"@type\":\"ListItem\",\"position\":6,\"name\":\"Support de basket-ball Hudora Hornet Pro 305\"}]},{\"@type\":\"WebSite\",\"@id\":\"https:\\\/\\\/schweizversand.ch\\\/fr\\\/#website\",\"url\":\"https:\\\/\\\/schweizversand.ch\\\/fr\\\/\",\"name\":\"Schweizer Shop f\u00fcr Sport, Spiel und Freizeit\",\"description\":\"Gratisversand ab 50.- (netto), ab eigenem schweizer Lager, Lieferung innert 48h\",\"publisher\":{\"@id\":\"https:\\\/\\\/schweizversand.ch\\\/fr\\\/#organization\"},\"alternateName\":\"Schweizversand.ch\",\"potentialAction\":[{\"@type\":\"SearchAction\",\"target\":{\"@type\":\"EntryPoint\",\"urlTemplate\":\"https:\\\/\\\/schweizversand.ch\\\/fr\\\/?s={search_term_string}\"},\"query-input\":{\"@type\":\"PropertyValueSpecification\",\"valueRequired\":true,\"valueName\":\"search_term_string\"}}],\"inLanguage\":\"fr-FR\"},{\"@type\":\"Organization\",\"@id\":\"https:\\\/\\\/schweizversand.ch\\\/fr\\\/#organization\",\"name\":\"Schweizversand.ch\",\"url\":\"https:\\\/\\\/schweizversand.ch\\\/fr\\\/\",\"logo\":{\"@type\":\"ImageObject\",\"inLanguage\":\"fr-FR\",\"@id\":\"https:\\\/\\\/schweizversand.ch\\\/fr\\\/#\\\/schema\\\/logo\\\/image\\\/\",\"url\":\"https:\\\/\\\/schweizversand.ch\\\/wp-content\\\/uploads\\\/2026\\\/03\\\/Logo_Rund_Final-1.png\",\"contentUrl\":\"https:\\\/\\\/schweizversand.ch\\\/wp-content\\\/uploads\\\/2026\\\/03\\\/Logo_Rund_Final-1.png\",\"width\":404,\"height\":404,\"caption\":\"Schweizversand.ch\"},\"image\":{\"@id\":\"https:\\\/\\\/schweizversand.ch\\\/fr\\\/#\\\/schema\\\/logo\\\/image\\\/\"},\"sameAs\":[\"https:\\\/\\\/www.facebook.com\\\/Schweizversand\",\"https:\\\/\\\/www.instagram.com\\\/schweizversand.ch\\\/\"]}]}<\/script>\n<!-- \/ Yoast SEO plugin. -->","yoast_head_json":{"title":"Hudora Hornet Basketballst\u00e4nder Pro 305 | Jetzt kaufen | Schweizversand.ch","description":"Hudora Hornet Basketballst\u00e4nder Pro 305 g\u00fcnstig kaufen bei Schweizversand.ch. Schnelle Lieferung in der Schweiz. Gratisversand ab CHF 50.","robots":{"index":"index","follow":"follow","max-snippet":"max-snippet:-1","max-image-preview":"max-image-preview:large","max-video-preview":"max-video-preview:-1"},"canonical":"https:\/\/schweizversand.ch\/fr\/produkt\/hudora-hornet-basketballstaender-pro-305\/","og_locale":"fr_FR","og_type":"article","og_title":"Hudora Hornet Basketballst\u00e4nder Pro 305 | Jetzt kaufen | Schweizversand.ch","og_description":"Hudora Hornet Basketballst\u00e4nder Pro 305 g\u00fcnstig kaufen bei Schweizversand.ch. Schnelle Lieferung in der Schweiz. Gratisversand ab CHF 50.","og_url":"https:\/\/schweizversand.ch\/fr\/produkt\/hudora-hornet-basketballstaender-pro-305\/","og_site_name":"Schweizer Shop f\u00fcr Sport, Spiel und Freizeit","article_publisher":"https:\/\/www.facebook.com\/Schweizversand","article_modified_time":"2026-04-20T00:04:28+00:00","og_image":[{"width":567,"height":1024,"url":"https:\/\/schweizversand.ch\/wp-content\/uploads\/2026\/02\/5471527462.jpg","type":"image\/jpeg"}],"twitter_card":"summary_large_image","twitter_misc":{"Dur\u00e9e de lecture estim\u00e9e":"2 minutes"},"schema":{"@context":"https:\/\/schema.org","@graph":[{"@type":"WebPage","@id":"https:\/\/schweizversand.ch\/fr\/produkt\/hudora-hornet-basketballstaender-pro-305\/","url":"https:\/\/schweizversand.ch\/fr\/produkt\/hudora-hornet-basketballstaender-pro-305\/","name":"Hudora Hornet Basketballst\u00e4nder Pro 305 | Jetzt kaufen | Schweizversand.ch","isPartOf":{"@id":"https:\/\/schweizversand.ch\/fr\/#website"},"primaryImageOfPage":{"@id":"https:\/\/schweizversand.ch\/fr\/produkt\/hudora-hornet-basketballstaender-pro-305\/#primaryimage"},"image":{"@id":"https:\/\/schweizversand.ch\/fr\/produkt\/hudora-hornet-basketballstaender-pro-305\/#primaryimage"},"thumbnailUrl":"https:\/\/schweizversand.ch\/wp-content\/uploads\/2026\/02\/5471527462.jpg","datePublished":"2026-03-14T22:49:58+00:00","dateModified":"2026-04-20T00:04:28+00:00","description":"Hudora Hornet Basketballst\u00e4nder Pro 305 g\u00fcnstig kaufen bei Schweizversand.ch. Schnelle Lieferung in der Schweiz. Gratisversand ab CHF 50.","breadcrumb":{"@id":"https:\/\/schweizversand.ch\/fr\/produkt\/hudora-hornet-basketballstaender-pro-305\/#breadcrumb"},"inLanguage":"fr-FR","potentialAction":[{"@type":"ReadAction","target":["https:\/\/schweizversand.ch\/fr\/produkt\/hudora-hornet-basketballstaender-pro-305\/"]}]},{"@type":"ImageObject","inLanguage":"fr-FR","@id":"https:\/\/schweizversand.ch\/fr\/produkt\/hudora-hornet-basketballstaender-pro-305\/#primaryimage","url":"https:\/\/schweizversand.ch\/wp-content\/uploads\/2026\/02\/5471527462.jpg","contentUrl":"https:\/\/schweizversand.ch\/wp-content\/uploads\/2026\/02\/5471527462.jpg","width":567,"height":1024},{"@type":"BreadcrumbList","@id":"https:\/\/schweizversand.ch\/fr\/produkt\/hudora-hornet-basketballstaender-pro-305\/#breadcrumb","itemListElement":[{"@type":"ListItem","position":1,"name":"Startseite","item":"https:\/\/schweizversand.ch\/fr\/home\/"},{"@type":"ListItem","position":2,"name":"Boutique","item":"https:\/\/schweizversand.ch\/fr\/boutique\/"},{"@type":"ListItem","position":3,"name":"Sports","item":"https:\/\/schweizversand.ch\/fr\/produkt-kategorie\/sports\/"},{"@type":"ListItem","position":4,"name":"sports de balle et fl\u00e9chettes","item":"https:\/\/schweizversand.ch\/fr\/produkt-kategorie\/sports\/sports-de-balle-et-flechettes\/"},{"@type":"ListItem","position":5,"name":"basketball","item":"https:\/\/schweizversand.ch\/fr\/produkt-kategorie\/basketball\/"},{"@type":"ListItem","position":6,"name":"Support de basket-ball Hudora Hornet Pro 305"}]},{"@type":"WebSite","@id":"https:\/\/schweizversand.ch\/fr\/#website","url":"https:\/\/schweizversand.ch\/fr\/","name":"Schweizer Shop f\u00fcr Sport, Spiel und Freizeit","description":"Gratisversand ab 50.- (netto), ab eigenem schweizer Lager, Lieferung innert 48h","publisher":{"@id":"https:\/\/schweizversand.ch\/fr\/#organization"},"alternateName":"Schweizversand.ch","potentialAction":[{"@type":"SearchAction","target":{"@type":"EntryPoint","urlTemplate":"https:\/\/schweizversand.ch\/fr\/?s={search_term_string}"},"query-input":{"@type":"PropertyValueSpecification","valueRequired":true,"valueName":"search_term_string"}}],"inLanguage":"fr-FR"},{"@type":"Organization","@id":"https:\/\/schweizversand.ch\/fr\/#organization","name":"Schweizversand.ch","url":"https:\/\/schweizversand.ch\/fr\/","logo":{"@type":"ImageObject","inLanguage":"fr-FR","@id":"https:\/\/schweizversand.ch\/fr\/#\/schema\/logo\/image\/","url":"https:\/\/schweizversand.ch\/wp-content\/uploads\/2026\/03\/Logo_Rund_Final-1.png","contentUrl":"https:\/\/schweizversand.ch\/wp-content\/uploads\/2026\/03\/Logo_Rund_Final-1.png","width":404,"height":404,"caption":"Schweizversand.ch"},"image":{"@id":"https:\/\/schweizversand.ch\/fr\/#\/schema\/logo\/image\/"},"sameAs":["https:\/\/www.facebook.com\/Schweizversand","https:\/\/www.instagram.com\/schweizversand.ch\/"]}]}},"jetpack_sharing_enabled":true,"_links":{"self":[{"href":"https:\/\/schweizversand.ch\/fr\/wp-json\/wp\/v2\/product\/249706","targetHints":{"allow":["GET"]}}],"collection":[{"href":"https:\/\/schweizversand.ch\/fr\/wp-json\/wp\/v2\/product"}],"about":[{"href":"https:\/\/schweizversand.ch\/fr\/wp-json\/wp\/v2\/types\/product"}],"replies":[{"embeddable":true,"href":"https:\/\/schweizversand.ch\/fr\/wp-json\/wp\/v2\/comments?post=249706"}],"wp:featuredmedia":[{"embeddable":true,"href":"https:\/\/schweizversand.ch\/fr\/wp-json\/wp\/v2\/media\/165639"}],"wp:attachment":[{"href":"https:\/\/schweizversand.ch\/fr\/wp-json\/wp\/v2\/media?parent=249706"}],"wp:term":[{"taxonomy":"product_brand","embeddable":true,"href":"https:\/\/schweizversand.ch\/fr\/wp-json\/wp\/v2\/product_brand?post=249706"},{"taxonomy":"product_cat","embeddable":true,"href":"https:\/\/schweizversand.ch\/fr\/wp-json\/wp\/v2\/product_cat?post=249706"},{"taxonomy":"product_tag","embeddable":true,"href":"https:\/\/schweizversand.ch\/fr\/wp-json\/wp\/v2\/product_tag?post=249706"}],"curies":[{"name":"wp","href":"https:\/\/api.w.org\/{rel}","templated":true}]}}