{"id":249715,"date":"2026-03-14T23:49:59","date_gmt":"2026-03-14T22:49:59","guid":{"rendered":"https:\/\/schweizversand.ch\/produkt\/hudora-1-wetterschutz-fuer-trampoline-400-cm-eol\/"},"modified":"2026-04-21T15:35:10","modified_gmt":"2026-04-21T13:35:10","slug":"hudora-1-wetterschutz-fuer-trampoline-400-cm-eol","status":"publish","type":"product","link":"https:\/\/schweizversand.ch\/fr\/produkt\/hudora-1-wetterschutz-fuer-trampoline-400-cm-eol\/","title":{"rendered":"Protection contre les intemp\u00e9ries Hudora 1 pour trampolines 400 cm (EOL)"},"content":{"rendered":"<p>Les grands trampolines de jardin familiaux sont difficiles \u00e0 d\u00e9monter sous la neige ou la pluie. Pour prolonger leur dur\u00e9e de vie, nous recommandons la b\u00e2che de protection HUDORA. Facile et rapide \u00e0 installer, elle est fabriqu\u00e9e en toile b\u00e2che de haute qualit\u00e9, renforc\u00e9e de nylon, d&rsquo;une \u00e9paisseur de 0,35 mm.<\/p>\n<\/p>\n<p>Cette b\u00e2che est con\u00e7ue pour un cadre de 400 cm de diam\u00e8tre.<\/p>\n<\/p>\n<p>D\u00e9tails\u00a0:<\/p>\n<\/p>\n<p>&#8211; Toile b\u00e2che verte, renforc\u00e9e de nylon, 0,35 mm d&rsquo;\u00e9paisseur<\/p>\n<\/p>\n<p>&#8211; Installation facile<\/p>\n<\/p>\n<p>&#8211; Compatible avec tous les trampolines d&rsquo;un diam\u00e8tre de cadre de 400 cm<\/p>\n<\/p>\n<p>&#8211; Boucles de fixation incluses<\/p>\n","protected":false},"excerpt":{"rendered":"<p>Les grands trampolines de jardin familiaux sont difficiles \u00e0 d\u00e9monter sous la neige ou la pluie. Pour prolonger leur dur\u00e9e de vie, nous recommandons la b\u00e2che de protection HUDORA. Facile et rapide \u00e0 installer, elle est fabriqu\u00e9e en toile b\u00e2che de haute qualit\u00e9, renforc\u00e9e de nylon, d&rsquo;une \u00e9paisseur de 0,35 mm. Cette b\u00e2che est con\u00e7ue pour un cadre de 400 cm de diam\u00e8tre. D\u00e9tails\u00a0: &#8211; Toile b\u00e2che verte, renforc\u00e9e de nylon, 0,35 mm d&rsquo;\u00e9paisseur &#8211;&hellip;<\/p>\n","protected":false},"featured_media":165663,"comment_status":"open","ping_status":"closed","template":"","meta":[],"product_brand":[],"product_cat":[38631],"product_tag":[],"class_list":{"0":"post-249715","1":"product","2":"type-product","3":"status-publish","4":"has-post-thumbnail","6":"product_cat-trampolin","7":"product_shipping_class-global_methods","9":"first","10":"instock","11":"taxable","12":"shipping-taxable","13":"purchasable","14":"product-type-simple"},"yoast_head":"<!-- This site is optimized with the Yoast SEO plugin v27.4 - https:\/\/yoast.com\/product\/yoast-seo-wordpress\/ -->\n<title>Hudora 1 Wetterschutz f\u00fcr Trampoline 400 cm (EOL) | Jetzt kaufen | Schweizversand.ch<\/title>\n<meta name=\"description\" content=\"Hudora 1 Wetterschutz f\u00fcr Trampoline 400 cm (EOL) g\u00fcnstig kaufen bei Schweizversand.ch. Schnelle Lieferung in der Schweiz. Gratisversand ab CHF 50.\" \/>\n<meta name=\"robots\" content=\"index, follow, max-snippet:-1, max-image-preview:large, max-video-preview:-1\" \/>\n<link rel=\"canonical\" href=\"https:\/\/schweizversand.ch\/fr\/produkt\/hudora-1-wetterschutz-fuer-trampoline-400-cm-eol\/\" \/>\n<meta property=\"og:locale\" content=\"fr_FR\" \/>\n<meta property=\"og:type\" content=\"article\" \/>\n<meta property=\"og:title\" content=\"Hudora 1 Wetterschutz f\u00fcr Trampoline 400 cm (EOL) | Jetzt kaufen | Schweizversand.ch\" \/>\n<meta property=\"og:description\" content=\"Hudora 1 Wetterschutz f\u00fcr Trampoline 400 cm (EOL) g\u00fcnstig kaufen bei Schweizversand.ch. Schnelle Lieferung in der Schweiz. Gratisversand ab CHF 50.\" \/>\n<meta property=\"og:url\" content=\"https:\/\/schweizversand.ch\/fr\/produkt\/hudora-1-wetterschutz-fuer-trampoline-400-cm-eol\/\" \/>\n<meta property=\"og:site_name\" content=\"Schweizer Shop f\u00fcr Sport, Spiel und Freizeit\" \/>\n<meta property=\"article:publisher\" content=\"https:\/\/www.facebook.com\/Schweizversand\" \/>\n<meta property=\"article:modified_time\" content=\"2026-04-21T13:35:10+00:00\" \/>\n<meta property=\"og:image\" content=\"https:\/\/schweizversand.ch\/wp-content\/uploads\/2026\/02\/5471480326.jpg\" \/>\n\t<meta property=\"og:image:width\" content=\"1024\" \/>\n\t<meta property=\"og:image:height\" content=\"685\" \/>\n\t<meta property=\"og:image:type\" content=\"image\/jpeg\" \/>\n<meta name=\"twitter:card\" content=\"summary_large_image\" \/>\n<meta name=\"twitter:label1\" content=\"Dur\u00e9e de lecture estim\u00e9e\" \/>\n\t<meta name=\"twitter:data1\" content=\"1 minute\" \/>\n<script type=\"application\/ld+json\" class=\"yoast-schema-graph\">{\"@context\":\"https:\\\/\\\/schema.org\",\"@graph\":[{\"@type\":\"WebPage\",\"@id\":\"https:\\\/\\\/schweizversand.ch\\\/fr\\\/produkt\\\/hudora-1-wetterschutz-fuer-trampoline-400-cm-eol\\\/\",\"url\":\"https:\\\/\\\/schweizversand.ch\\\/fr\\\/produkt\\\/hudora-1-wetterschutz-fuer-trampoline-400-cm-eol\\\/\",\"name\":\"Hudora 1 Wetterschutz f\u00fcr Trampoline 400 cm (EOL) | Jetzt kaufen | Schweizversand.ch\",\"isPartOf\":{\"@id\":\"https:\\\/\\\/schweizversand.ch\\\/fr\\\/#website\"},\"primaryImageOfPage\":{\"@id\":\"https:\\\/\\\/schweizversand.ch\\\/fr\\\/produkt\\\/hudora-1-wetterschutz-fuer-trampoline-400-cm-eol\\\/#primaryimage\"},\"image\":{\"@id\":\"https:\\\/\\\/schweizversand.ch\\\/fr\\\/produkt\\\/hudora-1-wetterschutz-fuer-trampoline-400-cm-eol\\\/#primaryimage\"},\"thumbnailUrl\":\"https:\\\/\\\/schweizversand.ch\\\/wp-content\\\/uploads\\\/2026\\\/02\\\/5471480326.jpg\",\"datePublished\":\"2026-03-14T22:49:59+00:00\",\"dateModified\":\"2026-04-21T13:35:10+00:00\",\"description\":\"Hudora 1 Wetterschutz f\u00fcr Trampoline 400 cm (EOL) g\u00fcnstig kaufen bei Schweizversand.ch. Schnelle Lieferung in der Schweiz. Gratisversand ab CHF 50.\",\"breadcrumb\":{\"@id\":\"https:\\\/\\\/schweizversand.ch\\\/fr\\\/produkt\\\/hudora-1-wetterschutz-fuer-trampoline-400-cm-eol\\\/#breadcrumb\"},\"inLanguage\":\"fr-FR\",\"potentialAction\":[{\"@type\":\"ReadAction\",\"target\":[\"https:\\\/\\\/schweizversand.ch\\\/fr\\\/produkt\\\/hudora-1-wetterschutz-fuer-trampoline-400-cm-eol\\\/\"]}]},{\"@type\":\"ImageObject\",\"inLanguage\":\"fr-FR\",\"@id\":\"https:\\\/\\\/schweizversand.ch\\\/fr\\\/produkt\\\/hudora-1-wetterschutz-fuer-trampoline-400-cm-eol\\\/#primaryimage\",\"url\":\"https:\\\/\\\/schweizversand.ch\\\/wp-content\\\/uploads\\\/2026\\\/02\\\/5471480326.jpg\",\"contentUrl\":\"https:\\\/\\\/schweizversand.ch\\\/wp-content\\\/uploads\\\/2026\\\/02\\\/5471480326.jpg\",\"width\":1024,\"height\":685},{\"@type\":\"BreadcrumbList\",\"@id\":\"https:\\\/\\\/schweizversand.ch\\\/fr\\\/produkt\\\/hudora-1-wetterschutz-fuer-trampoline-400-cm-eol\\\/#breadcrumb\",\"itemListElement\":[{\"@type\":\"ListItem\",\"position\":1,\"name\":\"Startseite\",\"item\":\"https:\\\/\\\/schweizversand.ch\\\/fr\\\/home\\\/\"},{\"@type\":\"ListItem\",\"position\":2,\"name\":\"Boutique\",\"item\":\"https:\\\/\\\/schweizversand.ch\\\/fr\\\/boutique\\\/\"},{\"@type\":\"ListItem\",\"position\":3,\"name\":\"Pi\u00e8ces d\u00e9tach\u00e9es\",\"item\":\"https:\\\/\\\/schweizversand.ch\\\/fr\\\/produkt-kategorie\\\/pieces-detachees\\\/\"},{\"@type\":\"ListItem\",\"position\":4,\"name\":\"Hudora\",\"item\":\"https:\\\/\\\/schweizversand.ch\\\/fr\\\/produkt-kategorie\\\/pieces-detachees\\\/hudora\\\/\"},{\"@type\":\"ListItem\",\"position\":5,\"name\":\"Trampoline\",\"item\":\"https:\\\/\\\/schweizversand.ch\\\/fr\\\/produkt-kategorie\\\/pieces-detachees\\\/hudora\\\/trampolin\\\/\"},{\"@type\":\"ListItem\",\"position\":6,\"name\":\"Protection contre les intemp\u00e9ries Hudora 1 pour trampolines 400 cm (EOL)\"}]},{\"@type\":\"WebSite\",\"@id\":\"https:\\\/\\\/schweizversand.ch\\\/fr\\\/#website\",\"url\":\"https:\\\/\\\/schweizversand.ch\\\/fr\\\/\",\"name\":\"Schweizer Shop f\u00fcr Sport, Spiel und Freizeit\",\"description\":\"Gratisversand ab 50.- (netto), ab eigenem schweizer Lager, Lieferung innert 48h\",\"publisher\":{\"@id\":\"https:\\\/\\\/schweizversand.ch\\\/fr\\\/#organization\"},\"alternateName\":\"Schweizversand.ch\",\"potentialAction\":[{\"@type\":\"SearchAction\",\"target\":{\"@type\":\"EntryPoint\",\"urlTemplate\":\"https:\\\/\\\/schweizversand.ch\\\/fr\\\/?s={search_term_string}\"},\"query-input\":{\"@type\":\"PropertyValueSpecification\",\"valueRequired\":true,\"valueName\":\"search_term_string\"}}],\"inLanguage\":\"fr-FR\"},{\"@type\":\"Organization\",\"@id\":\"https:\\\/\\\/schweizversand.ch\\\/fr\\\/#organization\",\"name\":\"Schweizversand.ch\",\"url\":\"https:\\\/\\\/schweizversand.ch\\\/fr\\\/\",\"logo\":{\"@type\":\"ImageObject\",\"inLanguage\":\"fr-FR\",\"@id\":\"https:\\\/\\\/schweizversand.ch\\\/fr\\\/#\\\/schema\\\/logo\\\/image\\\/\",\"url\":\"https:\\\/\\\/schweizversand.ch\\\/wp-content\\\/uploads\\\/2026\\\/03\\\/Logo_Rund_Final-1.png\",\"contentUrl\":\"https:\\\/\\\/schweizversand.ch\\\/wp-content\\\/uploads\\\/2026\\\/03\\\/Logo_Rund_Final-1.png\",\"width\":404,\"height\":404,\"caption\":\"Schweizversand.ch\"},\"image\":{\"@id\":\"https:\\\/\\\/schweizversand.ch\\\/fr\\\/#\\\/schema\\\/logo\\\/image\\\/\"},\"sameAs\":[\"https:\\\/\\\/www.facebook.com\\\/Schweizversand\",\"https:\\\/\\\/www.instagram.com\\\/schweizversand.ch\\\/\"]}]}<\/script>\n<!-- \/ Yoast SEO plugin. -->","yoast_head_json":{"title":"Hudora 1 Wetterschutz f\u00fcr Trampoline 400 cm (EOL) | Jetzt kaufen | Schweizversand.ch","description":"Hudora 1 Wetterschutz f\u00fcr Trampoline 400 cm (EOL) g\u00fcnstig kaufen bei Schweizversand.ch. Schnelle Lieferung in der Schweiz. Gratisversand ab CHF 50.","robots":{"index":"index","follow":"follow","max-snippet":"max-snippet:-1","max-image-preview":"max-image-preview:large","max-video-preview":"max-video-preview:-1"},"canonical":"https:\/\/schweizversand.ch\/fr\/produkt\/hudora-1-wetterschutz-fuer-trampoline-400-cm-eol\/","og_locale":"fr_FR","og_type":"article","og_title":"Hudora 1 Wetterschutz f\u00fcr Trampoline 400 cm (EOL) | Jetzt kaufen | Schweizversand.ch","og_description":"Hudora 1 Wetterschutz f\u00fcr Trampoline 400 cm (EOL) g\u00fcnstig kaufen bei Schweizversand.ch. Schnelle Lieferung in der Schweiz. Gratisversand ab CHF 50.","og_url":"https:\/\/schweizversand.ch\/fr\/produkt\/hudora-1-wetterschutz-fuer-trampoline-400-cm-eol\/","og_site_name":"Schweizer Shop f\u00fcr Sport, Spiel und Freizeit","article_publisher":"https:\/\/www.facebook.com\/Schweizversand","article_modified_time":"2026-04-21T13:35:10+00:00","og_image":[{"width":1024,"height":685,"url":"https:\/\/schweizversand.ch\/wp-content\/uploads\/2026\/02\/5471480326.jpg","type":"image\/jpeg"}],"twitter_card":"summary_large_image","twitter_misc":{"Dur\u00e9e de lecture estim\u00e9e":"1 minute"},"schema":{"@context":"https:\/\/schema.org","@graph":[{"@type":"WebPage","@id":"https:\/\/schweizversand.ch\/fr\/produkt\/hudora-1-wetterschutz-fuer-trampoline-400-cm-eol\/","url":"https:\/\/schweizversand.ch\/fr\/produkt\/hudora-1-wetterschutz-fuer-trampoline-400-cm-eol\/","name":"Hudora 1 Wetterschutz f\u00fcr Trampoline 400 cm (EOL) | Jetzt kaufen | Schweizversand.ch","isPartOf":{"@id":"https:\/\/schweizversand.ch\/fr\/#website"},"primaryImageOfPage":{"@id":"https:\/\/schweizversand.ch\/fr\/produkt\/hudora-1-wetterschutz-fuer-trampoline-400-cm-eol\/#primaryimage"},"image":{"@id":"https:\/\/schweizversand.ch\/fr\/produkt\/hudora-1-wetterschutz-fuer-trampoline-400-cm-eol\/#primaryimage"},"thumbnailUrl":"https:\/\/schweizversand.ch\/wp-content\/uploads\/2026\/02\/5471480326.jpg","datePublished":"2026-03-14T22:49:59+00:00","dateModified":"2026-04-21T13:35:10+00:00","description":"Hudora 1 Wetterschutz f\u00fcr Trampoline 400 cm (EOL) g\u00fcnstig kaufen bei Schweizversand.ch. Schnelle Lieferung in der Schweiz. Gratisversand ab CHF 50.","breadcrumb":{"@id":"https:\/\/schweizversand.ch\/fr\/produkt\/hudora-1-wetterschutz-fuer-trampoline-400-cm-eol\/#breadcrumb"},"inLanguage":"fr-FR","potentialAction":[{"@type":"ReadAction","target":["https:\/\/schweizversand.ch\/fr\/produkt\/hudora-1-wetterschutz-fuer-trampoline-400-cm-eol\/"]}]},{"@type":"ImageObject","inLanguage":"fr-FR","@id":"https:\/\/schweizversand.ch\/fr\/produkt\/hudora-1-wetterschutz-fuer-trampoline-400-cm-eol\/#primaryimage","url":"https:\/\/schweizversand.ch\/wp-content\/uploads\/2026\/02\/5471480326.jpg","contentUrl":"https:\/\/schweizversand.ch\/wp-content\/uploads\/2026\/02\/5471480326.jpg","width":1024,"height":685},{"@type":"BreadcrumbList","@id":"https:\/\/schweizversand.ch\/fr\/produkt\/hudora-1-wetterschutz-fuer-trampoline-400-cm-eol\/#breadcrumb","itemListElement":[{"@type":"ListItem","position":1,"name":"Startseite","item":"https:\/\/schweizversand.ch\/fr\/home\/"},{"@type":"ListItem","position":2,"name":"Boutique","item":"https:\/\/schweizversand.ch\/fr\/boutique\/"},{"@type":"ListItem","position":3,"name":"Pi\u00e8ces d\u00e9tach\u00e9es","item":"https:\/\/schweizversand.ch\/fr\/produkt-kategorie\/pieces-detachees\/"},{"@type":"ListItem","position":4,"name":"Hudora","item":"https:\/\/schweizversand.ch\/fr\/produkt-kategorie\/pieces-detachees\/hudora\/"},{"@type":"ListItem","position":5,"name":"Trampoline","item":"https:\/\/schweizversand.ch\/fr\/produkt-kategorie\/pieces-detachees\/hudora\/trampolin\/"},{"@type":"ListItem","position":6,"name":"Protection contre les intemp\u00e9ries Hudora 1 pour trampolines 400 cm (EOL)"}]},{"@type":"WebSite","@id":"https:\/\/schweizversand.ch\/fr\/#website","url":"https:\/\/schweizversand.ch\/fr\/","name":"Schweizer Shop f\u00fcr Sport, Spiel und Freizeit","description":"Gratisversand ab 50.- (netto), ab eigenem schweizer Lager, Lieferung innert 48h","publisher":{"@id":"https:\/\/schweizversand.ch\/fr\/#organization"},"alternateName":"Schweizversand.ch","potentialAction":[{"@type":"SearchAction","target":{"@type":"EntryPoint","urlTemplate":"https:\/\/schweizversand.ch\/fr\/?s={search_term_string}"},"query-input":{"@type":"PropertyValueSpecification","valueRequired":true,"valueName":"search_term_string"}}],"inLanguage":"fr-FR"},{"@type":"Organization","@id":"https:\/\/schweizversand.ch\/fr\/#organization","name":"Schweizversand.ch","url":"https:\/\/schweizversand.ch\/fr\/","logo":{"@type":"ImageObject","inLanguage":"fr-FR","@id":"https:\/\/schweizversand.ch\/fr\/#\/schema\/logo\/image\/","url":"https:\/\/schweizversand.ch\/wp-content\/uploads\/2026\/03\/Logo_Rund_Final-1.png","contentUrl":"https:\/\/schweizversand.ch\/wp-content\/uploads\/2026\/03\/Logo_Rund_Final-1.png","width":404,"height":404,"caption":"Schweizversand.ch"},"image":{"@id":"https:\/\/schweizversand.ch\/fr\/#\/schema\/logo\/image\/"},"sameAs":["https:\/\/www.facebook.com\/Schweizversand","https:\/\/www.instagram.com\/schweizversand.ch\/"]}]}},"jetpack_sharing_enabled":true,"_links":{"self":[{"href":"https:\/\/schweizversand.ch\/fr\/wp-json\/wp\/v2\/product\/249715","targetHints":{"allow":["GET"]}}],"collection":[{"href":"https:\/\/schweizversand.ch\/fr\/wp-json\/wp\/v2\/product"}],"about":[{"href":"https:\/\/schweizversand.ch\/fr\/wp-json\/wp\/v2\/types\/product"}],"replies":[{"embeddable":true,"href":"https:\/\/schweizversand.ch\/fr\/wp-json\/wp\/v2\/comments?post=249715"}],"wp:featuredmedia":[{"embeddable":true,"href":"https:\/\/schweizversand.ch\/fr\/wp-json\/wp\/v2\/media\/165663"}],"wp:attachment":[{"href":"https:\/\/schweizversand.ch\/fr\/wp-json\/wp\/v2\/media?parent=249715"}],"wp:term":[{"taxonomy":"product_brand","embeddable":true,"href":"https:\/\/schweizversand.ch\/fr\/wp-json\/wp\/v2\/product_brand?post=249715"},{"taxonomy":"product_cat","embeddable":true,"href":"https:\/\/schweizversand.ch\/fr\/wp-json\/wp\/v2\/product_cat?post=249715"},{"taxonomy":"product_tag","embeddable":true,"href":"https:\/\/schweizversand.ch\/fr\/wp-json\/wp\/v2\/product_tag?post=249715"}],"curies":[{"name":"wp","href":"https:\/\/api.w.org\/{rel}","templated":true}]}}