{"id":249721,"date":"2026-03-14T23:50:01","date_gmt":"2026-03-14T22:50:01","guid":{"rendered":"https:\/\/schweizversand.ch\/produkt\/hudora-rollerskates-my-first-quad\/"},"modified":"2026-04-19T02:05:27","modified_gmt":"2026-04-19T00:05:27","slug":"hudora-rollerskates-my-first-quad","status":"publish","type":"product","link":"https:\/\/schweizversand.ch\/fr\/produkt\/hudora-rollerskates-my-first-quad\/","title":{"rendered":"Patins \u00e0 roulettes Hudora MES PREMIERS QUAD"},"content":{"rendered":"<p>D\u00c9BUTEZ EN TOUTE SIMPLICIT\u00c9 AVEC NOTRE MOD\u00c8LE D&rsquo;ENTR\u00c9E DE VIE<\/p>\n<p>Les patins \u00e0 roulettes My First Quad pour enfants, r\u00e9glables, facilitent l&rsquo;apprentissage du roller et permettent m\u00eame aux plus jeunes de progresser rapidement. Dot\u00e9s de quatre roues silencieuses en PU et d&rsquo;un ch\u00e2ssis robuste en PP, ces patins offrent une s\u00e9curit\u00e9 et une stabilit\u00e9 exceptionnelles. Les roues \u00e0 haut rebond, mont\u00e9es sur roulements \u00e0 billes \u00e9tanches, ont une duret\u00e9 de 82A et sont id\u00e9ales pour le patinage sur trottoir. La direction des My First Quad est con\u00e7ue pour une maniabilit\u00e9 optimale. Les protections de cheville et de talon offrent un bon maintien, et le frein int\u00e9gr\u00e9 sur chaque patin facilite le freinage. Deux boucles \u00e0 pression avec sangles \u00e0 cliquet permettent un enfilage et un retrait rapides et faciles, assurant un ajustement parfait. Les perforations dans la coque et les d\u00e9coupes dans la surchaussure assurent une ventilation optimale, m\u00eame lors des s\u00e9ances de patinage les plus intenses. Les roues arri\u00e8re extra-larges (80 x 20 mm de diam\u00e8tre) et les roues avant plus petites (40 x 18 mm) garantissent une excellente stabilit\u00e9.<\/p>\n<p>CARACT\u00c9RISTIQUES TECHNIQUES<\/p>\n<p>Ch\u00e2ssis en polypropyl\u00e8ne (PP) haute r\u00e9sistance aux chocs, renforc\u00e9 de nylon<\/p>\n<p>\u2022 Pointure ajustable (4 tailles)<\/p>\n<p>\u2022 Col en PP et coque en nylon<\/p>\n<p>\u2022 Embout de s\u00e9curit\u00e9 textile cousu et r\u00e9sistant<\/p>\n<p>\u2022 Boucles \u00e0 pression<\/p>\n<p>\u2022 But\u00e9es en TPR sur chaque chaussure<\/p>\n<p>\u2022 Syst\u00e8me de ventilation<\/p>\n<p>\u2022 Roues en polyur\u00e9thane moul\u00e9, haut rebond, 82A<\/p>\n<p>\u2022 Roulements \u00e0 billes en carbone\u00a0: avant\u00a0: 608ZB, arri\u00e8re\u00a0: ABEC 3<\/p>\n<p>\u2022 Dimensions des roues\u00a0: avant\u00a0: \u00d8 40 x 18 mm, arri\u00e8re\u00a0: \u00d8 80 x 20 mm<\/p>\n<p>\u2022 Poids maximal de l\u2019utilisateur\u00a0: 20 kg<\/p>\n","protected":false},"excerpt":{"rendered":"<p>D\u00c9BUTEZ EN TOUTE SIMPLICIT\u00c9 AVEC NOTRE MOD\u00c8LE D&rsquo;ENTR\u00c9E DE VIE Les patins \u00e0 roulettes My First Quad pour enfants, r\u00e9glables, facilitent l&rsquo;apprentissage du roller et permettent m\u00eame aux plus jeunes de progresser rapidement. Dot\u00e9s de quatre roues silencieuses en PU et d&rsquo;un ch\u00e2ssis robuste en PP, ces patins offrent une s\u00e9curit\u00e9 et une stabilit\u00e9 exceptionnelles. Les roues \u00e0 haut rebond, mont\u00e9es sur roulements \u00e0 billes \u00e9tanches, ont une duret\u00e9 de 82A et sont id\u00e9ales pour&hellip;<\/p>\n","protected":false},"featured_media":165722,"comment_status":"open","ping_status":"closed","template":"","meta":[],"product_brand":[],"product_cat":[38534,38959],"product_tag":[],"class_list":{"0":"post-249721","1":"product","2":"type-product","3":"status-publish","4":"has-post-thumbnail","6":"product_cat-rollschuhe","7":"product_cat-patins-a-roulettes","8":"product_shipping_class-global_methods","10":"first","11":"instock","12":"taxable","13":"shipping-taxable","14":"purchasable","15":"product-type-simple"},"yoast_head":"<!-- This site is optimized with the Yoast SEO plugin v27.4 - https:\/\/yoast.com\/product\/yoast-seo-wordpress\/ -->\n<title>Hudora Rollerskates MY FIRST QUAD | Jetzt kaufen | Schweizversand.ch<\/title>\n<meta name=\"description\" content=\"Hudora Rollerskates MY FIRST QUAD g\u00fcnstig kaufen bei Schweizversand.ch. Schnelle Lieferung in der Schweiz. Gratisversand ab CHF 50.\" \/>\n<meta name=\"robots\" content=\"index, follow, max-snippet:-1, max-image-preview:large, max-video-preview:-1\" \/>\n<link rel=\"canonical\" href=\"https:\/\/schweizversand.ch\/fr\/produkt\/hudora-rollerskates-my-first-quad\/\" \/>\n<meta property=\"og:locale\" content=\"fr_FR\" \/>\n<meta property=\"og:type\" content=\"article\" \/>\n<meta property=\"og:title\" content=\"Hudora Rollerskates MY FIRST QUAD | Jetzt kaufen | Schweizversand.ch\" \/>\n<meta property=\"og:description\" content=\"Hudora Rollerskates MY FIRST QUAD g\u00fcnstig kaufen bei Schweizversand.ch. Schnelle Lieferung in der Schweiz. Gratisversand ab CHF 50.\" \/>\n<meta property=\"og:url\" content=\"https:\/\/schweizversand.ch\/fr\/produkt\/hudora-rollerskates-my-first-quad\/\" \/>\n<meta property=\"og:site_name\" content=\"Schweizer Shop f\u00fcr Sport, Spiel und Freizeit\" \/>\n<meta property=\"article:publisher\" content=\"https:\/\/www.facebook.com\/Schweizversand\" \/>\n<meta property=\"article:modified_time\" content=\"2026-04-19T00:05:27+00:00\" \/>\n<meta property=\"og:image\" content=\"https:\/\/schweizversand.ch\/wp-content\/uploads\/2026\/02\/5520029133.jpg\" \/>\n\t<meta property=\"og:image:width\" content=\"1024\" \/>\n\t<meta property=\"og:image:height\" content=\"1024\" \/>\n\t<meta property=\"og:image:type\" content=\"image\/jpeg\" \/>\n<meta name=\"twitter:card\" content=\"summary_large_image\" \/>\n<meta name=\"twitter:label1\" content=\"Dur\u00e9e de lecture estim\u00e9e\" \/>\n\t<meta name=\"twitter:data1\" content=\"1 minute\" \/>\n<script type=\"application\/ld+json\" class=\"yoast-schema-graph\">{\"@context\":\"https:\\\/\\\/schema.org\",\"@graph\":[{\"@type\":\"WebPage\",\"@id\":\"https:\\\/\\\/schweizversand.ch\\\/fr\\\/produkt\\\/hudora-rollerskates-my-first-quad\\\/\",\"url\":\"https:\\\/\\\/schweizversand.ch\\\/fr\\\/produkt\\\/hudora-rollerskates-my-first-quad\\\/\",\"name\":\"Hudora Rollerskates MY FIRST QUAD | Jetzt kaufen | Schweizversand.ch\",\"isPartOf\":{\"@id\":\"https:\\\/\\\/schweizversand.ch\\\/fr\\\/#website\"},\"primaryImageOfPage\":{\"@id\":\"https:\\\/\\\/schweizversand.ch\\\/fr\\\/produkt\\\/hudora-rollerskates-my-first-quad\\\/#primaryimage\"},\"image\":{\"@id\":\"https:\\\/\\\/schweizversand.ch\\\/fr\\\/produkt\\\/hudora-rollerskates-my-first-quad\\\/#primaryimage\"},\"thumbnailUrl\":\"https:\\\/\\\/schweizversand.ch\\\/wp-content\\\/uploads\\\/2026\\\/02\\\/5520029133.jpg\",\"datePublished\":\"2026-03-14T22:50:01+00:00\",\"dateModified\":\"2026-04-19T00:05:27+00:00\",\"description\":\"Hudora Rollerskates MY FIRST QUAD g\u00fcnstig kaufen bei Schweizversand.ch. Schnelle Lieferung in der Schweiz. Gratisversand ab CHF 50.\",\"breadcrumb\":{\"@id\":\"https:\\\/\\\/schweizversand.ch\\\/fr\\\/produkt\\\/hudora-rollerskates-my-first-quad\\\/#breadcrumb\"},\"inLanguage\":\"fr-FR\",\"potentialAction\":[{\"@type\":\"ReadAction\",\"target\":[\"https:\\\/\\\/schweizversand.ch\\\/fr\\\/produkt\\\/hudora-rollerskates-my-first-quad\\\/\"]}]},{\"@type\":\"ImageObject\",\"inLanguage\":\"fr-FR\",\"@id\":\"https:\\\/\\\/schweizversand.ch\\\/fr\\\/produkt\\\/hudora-rollerskates-my-first-quad\\\/#primaryimage\",\"url\":\"https:\\\/\\\/schweizversand.ch\\\/wp-content\\\/uploads\\\/2026\\\/02\\\/5520029133.jpg\",\"contentUrl\":\"https:\\\/\\\/schweizversand.ch\\\/wp-content\\\/uploads\\\/2026\\\/02\\\/5520029133.jpg\",\"width\":1024,\"height\":1024},{\"@type\":\"BreadcrumbList\",\"@id\":\"https:\\\/\\\/schweizversand.ch\\\/fr\\\/produkt\\\/hudora-rollerskates-my-first-quad\\\/#breadcrumb\",\"itemListElement\":[{\"@type\":\"ListItem\",\"position\":1,\"name\":\"Startseite\",\"item\":\"https:\\\/\\\/schweizversand.ch\\\/fr\\\/home\\\/\"},{\"@type\":\"ListItem\",\"position\":2,\"name\":\"Boutique\",\"item\":\"https:\\\/\\\/schweizversand.ch\\\/fr\\\/boutique\\\/\"},{\"@type\":\"ListItem\",\"position\":3,\"name\":\"Sports\",\"item\":\"https:\\\/\\\/schweizversand.ch\\\/fr\\\/produkt-kategorie\\\/sports\\\/\"},{\"@type\":\"ListItem\",\"position\":4,\"name\":\"sports de patinage\",\"item\":\"https:\\\/\\\/schweizversand.ch\\\/fr\\\/produkt-kategorie\\\/sports\\\/sports-de-patinage\\\/\"},{\"@type\":\"ListItem\",\"position\":5,\"name\":\"patins \u00e0 roulettes\",\"item\":\"https:\\\/\\\/schweizversand.ch\\\/fr\\\/produkt-kategorie\\\/sports\\\/sports-de-patinage\\\/patins-a-roulettes\\\/\"},{\"@type\":\"ListItem\",\"position\":6,\"name\":\"Patins \u00e0 roulettes Hudora MES PREMIERS QUAD\"}]},{\"@type\":\"WebSite\",\"@id\":\"https:\\\/\\\/schweizversand.ch\\\/fr\\\/#website\",\"url\":\"https:\\\/\\\/schweizversand.ch\\\/fr\\\/\",\"name\":\"Schweizer Shop f\u00fcr Sport, Spiel und Freizeit\",\"description\":\"Gratisversand ab 50.- (netto), ab eigenem schweizer Lager, Lieferung innert 48h\",\"publisher\":{\"@id\":\"https:\\\/\\\/schweizversand.ch\\\/fr\\\/#organization\"},\"alternateName\":\"Schweizversand.ch\",\"potentialAction\":[{\"@type\":\"SearchAction\",\"target\":{\"@type\":\"EntryPoint\",\"urlTemplate\":\"https:\\\/\\\/schweizversand.ch\\\/fr\\\/?s={search_term_string}\"},\"query-input\":{\"@type\":\"PropertyValueSpecification\",\"valueRequired\":true,\"valueName\":\"search_term_string\"}}],\"inLanguage\":\"fr-FR\"},{\"@type\":\"Organization\",\"@id\":\"https:\\\/\\\/schweizversand.ch\\\/fr\\\/#organization\",\"name\":\"Schweizversand.ch\",\"url\":\"https:\\\/\\\/schweizversand.ch\\\/fr\\\/\",\"logo\":{\"@type\":\"ImageObject\",\"inLanguage\":\"fr-FR\",\"@id\":\"https:\\\/\\\/schweizversand.ch\\\/fr\\\/#\\\/schema\\\/logo\\\/image\\\/\",\"url\":\"https:\\\/\\\/schweizversand.ch\\\/wp-content\\\/uploads\\\/2026\\\/03\\\/Logo_Rund_Final-1.png\",\"contentUrl\":\"https:\\\/\\\/schweizversand.ch\\\/wp-content\\\/uploads\\\/2026\\\/03\\\/Logo_Rund_Final-1.png\",\"width\":404,\"height\":404,\"caption\":\"Schweizversand.ch\"},\"image\":{\"@id\":\"https:\\\/\\\/schweizversand.ch\\\/fr\\\/#\\\/schema\\\/logo\\\/image\\\/\"},\"sameAs\":[\"https:\\\/\\\/www.facebook.com\\\/Schweizversand\",\"https:\\\/\\\/www.instagram.com\\\/schweizversand.ch\\\/\"]}]}<\/script>\n<!-- \/ Yoast SEO plugin. -->","yoast_head_json":{"title":"Hudora Rollerskates MY FIRST QUAD | Jetzt kaufen | Schweizversand.ch","description":"Hudora Rollerskates MY FIRST QUAD g\u00fcnstig kaufen bei Schweizversand.ch. Schnelle Lieferung in der Schweiz. Gratisversand ab CHF 50.","robots":{"index":"index","follow":"follow","max-snippet":"max-snippet:-1","max-image-preview":"max-image-preview:large","max-video-preview":"max-video-preview:-1"},"canonical":"https:\/\/schweizversand.ch\/fr\/produkt\/hudora-rollerskates-my-first-quad\/","og_locale":"fr_FR","og_type":"article","og_title":"Hudora Rollerskates MY FIRST QUAD | Jetzt kaufen | Schweizversand.ch","og_description":"Hudora Rollerskates MY FIRST QUAD g\u00fcnstig kaufen bei Schweizversand.ch. Schnelle Lieferung in der Schweiz. Gratisversand ab CHF 50.","og_url":"https:\/\/schweizversand.ch\/fr\/produkt\/hudora-rollerskates-my-first-quad\/","og_site_name":"Schweizer Shop f\u00fcr Sport, Spiel und Freizeit","article_publisher":"https:\/\/www.facebook.com\/Schweizversand","article_modified_time":"2026-04-19T00:05:27+00:00","og_image":[{"width":1024,"height":1024,"url":"https:\/\/schweizversand.ch\/wp-content\/uploads\/2026\/02\/5520029133.jpg","type":"image\/jpeg"}],"twitter_card":"summary_large_image","twitter_misc":{"Dur\u00e9e de lecture estim\u00e9e":"1 minute"},"schema":{"@context":"https:\/\/schema.org","@graph":[{"@type":"WebPage","@id":"https:\/\/schweizversand.ch\/fr\/produkt\/hudora-rollerskates-my-first-quad\/","url":"https:\/\/schweizversand.ch\/fr\/produkt\/hudora-rollerskates-my-first-quad\/","name":"Hudora Rollerskates MY FIRST QUAD | Jetzt kaufen | Schweizversand.ch","isPartOf":{"@id":"https:\/\/schweizversand.ch\/fr\/#website"},"primaryImageOfPage":{"@id":"https:\/\/schweizversand.ch\/fr\/produkt\/hudora-rollerskates-my-first-quad\/#primaryimage"},"image":{"@id":"https:\/\/schweizversand.ch\/fr\/produkt\/hudora-rollerskates-my-first-quad\/#primaryimage"},"thumbnailUrl":"https:\/\/schweizversand.ch\/wp-content\/uploads\/2026\/02\/5520029133.jpg","datePublished":"2026-03-14T22:50:01+00:00","dateModified":"2026-04-19T00:05:27+00:00","description":"Hudora Rollerskates MY FIRST QUAD g\u00fcnstig kaufen bei Schweizversand.ch. Schnelle Lieferung in der Schweiz. Gratisversand ab CHF 50.","breadcrumb":{"@id":"https:\/\/schweizversand.ch\/fr\/produkt\/hudora-rollerskates-my-first-quad\/#breadcrumb"},"inLanguage":"fr-FR","potentialAction":[{"@type":"ReadAction","target":["https:\/\/schweizversand.ch\/fr\/produkt\/hudora-rollerskates-my-first-quad\/"]}]},{"@type":"ImageObject","inLanguage":"fr-FR","@id":"https:\/\/schweizversand.ch\/fr\/produkt\/hudora-rollerskates-my-first-quad\/#primaryimage","url":"https:\/\/schweizversand.ch\/wp-content\/uploads\/2026\/02\/5520029133.jpg","contentUrl":"https:\/\/schweizversand.ch\/wp-content\/uploads\/2026\/02\/5520029133.jpg","width":1024,"height":1024},{"@type":"BreadcrumbList","@id":"https:\/\/schweizversand.ch\/fr\/produkt\/hudora-rollerskates-my-first-quad\/#breadcrumb","itemListElement":[{"@type":"ListItem","position":1,"name":"Startseite","item":"https:\/\/schweizversand.ch\/fr\/home\/"},{"@type":"ListItem","position":2,"name":"Boutique","item":"https:\/\/schweizversand.ch\/fr\/boutique\/"},{"@type":"ListItem","position":3,"name":"Sports","item":"https:\/\/schweizversand.ch\/fr\/produkt-kategorie\/sports\/"},{"@type":"ListItem","position":4,"name":"sports de patinage","item":"https:\/\/schweizversand.ch\/fr\/produkt-kategorie\/sports\/sports-de-patinage\/"},{"@type":"ListItem","position":5,"name":"patins \u00e0 roulettes","item":"https:\/\/schweizversand.ch\/fr\/produkt-kategorie\/sports\/sports-de-patinage\/patins-a-roulettes\/"},{"@type":"ListItem","position":6,"name":"Patins \u00e0 roulettes Hudora MES PREMIERS QUAD"}]},{"@type":"WebSite","@id":"https:\/\/schweizversand.ch\/fr\/#website","url":"https:\/\/schweizversand.ch\/fr\/","name":"Schweizer Shop f\u00fcr Sport, Spiel und Freizeit","description":"Gratisversand ab 50.- (netto), ab eigenem schweizer Lager, Lieferung innert 48h","publisher":{"@id":"https:\/\/schweizversand.ch\/fr\/#organization"},"alternateName":"Schweizversand.ch","potentialAction":[{"@type":"SearchAction","target":{"@type":"EntryPoint","urlTemplate":"https:\/\/schweizversand.ch\/fr\/?s={search_term_string}"},"query-input":{"@type":"PropertyValueSpecification","valueRequired":true,"valueName":"search_term_string"}}],"inLanguage":"fr-FR"},{"@type":"Organization","@id":"https:\/\/schweizversand.ch\/fr\/#organization","name":"Schweizversand.ch","url":"https:\/\/schweizversand.ch\/fr\/","logo":{"@type":"ImageObject","inLanguage":"fr-FR","@id":"https:\/\/schweizversand.ch\/fr\/#\/schema\/logo\/image\/","url":"https:\/\/schweizversand.ch\/wp-content\/uploads\/2026\/03\/Logo_Rund_Final-1.png","contentUrl":"https:\/\/schweizversand.ch\/wp-content\/uploads\/2026\/03\/Logo_Rund_Final-1.png","width":404,"height":404,"caption":"Schweizversand.ch"},"image":{"@id":"https:\/\/schweizversand.ch\/fr\/#\/schema\/logo\/image\/"},"sameAs":["https:\/\/www.facebook.com\/Schweizversand","https:\/\/www.instagram.com\/schweizversand.ch\/"]}]}},"jetpack_sharing_enabled":true,"_links":{"self":[{"href":"https:\/\/schweizversand.ch\/fr\/wp-json\/wp\/v2\/product\/249721","targetHints":{"allow":["GET"]}}],"collection":[{"href":"https:\/\/schweizversand.ch\/fr\/wp-json\/wp\/v2\/product"}],"about":[{"href":"https:\/\/schweizversand.ch\/fr\/wp-json\/wp\/v2\/types\/product"}],"replies":[{"embeddable":true,"href":"https:\/\/schweizversand.ch\/fr\/wp-json\/wp\/v2\/comments?post=249721"}],"wp:featuredmedia":[{"embeddable":true,"href":"https:\/\/schweizversand.ch\/fr\/wp-json\/wp\/v2\/media\/165722"}],"wp:attachment":[{"href":"https:\/\/schweizversand.ch\/fr\/wp-json\/wp\/v2\/media?parent=249721"}],"wp:term":[{"taxonomy":"product_brand","embeddable":true,"href":"https:\/\/schweizversand.ch\/fr\/wp-json\/wp\/v2\/product_brand?post=249721"},{"taxonomy":"product_cat","embeddable":true,"href":"https:\/\/schweizversand.ch\/fr\/wp-json\/wp\/v2\/product_cat?post=249721"},{"taxonomy":"product_tag","embeddable":true,"href":"https:\/\/schweizversand.ch\/fr\/wp-json\/wp\/v2\/product_tag?post=249721"}],"curies":[{"name":"wp","href":"https:\/\/api.w.org\/{rel}","templated":true}]}}