{"id":249736,"date":"2026-03-14T23:50:03","date_gmt":"2026-03-14T22:50:03","guid":{"rendered":"https:\/\/schweizversand.ch\/produkt\/hudora-my-first-quad-girl\/"},"modified":"2026-04-19T02:05:27","modified_gmt":"2026-04-19T00:05:27","slug":"hudora-my-first-quad-girl","status":"publish","type":"product","link":"https:\/\/schweizversand.ch\/fr\/produkt\/hudora-my-first-quad-girl\/","title":{"rendered":"Hudora Ma premi\u00e8re fille quadruple"},"content":{"rendered":"<p>Informations produit \u00ab Patins \u00e0 roulettes HUDORA My First Quad pour filles, pointures 30-33 \u00bb<\/p>\n<p>Les patins \u00e0 roulettes My First Quad pour enfants, ajustables, facilitent l&rsquo;apprentissage du roller et permettent m\u00eame aux plus jeunes de progresser rapidement.<\/p>\n<p>Dot\u00e9s de quatre roues silencieuses en PU et d&rsquo;un ch\u00e2ssis robuste en PP, ces patins offrent une s\u00e9curit\u00e9 et une stabilit\u00e9 exceptionnelles. Les roues \u00e0 haut rebond, mont\u00e9es sur roulements \u00e0 billes ferm\u00e9s, ont une duret\u00e9 de 82A et sont id\u00e9ales pour patiner sur les trottoirs. La direction des My First Quad est con\u00e7ue pour une maniabilit\u00e9 optimale. Les protections de cheville et de talon offrent un bon maintien, et le frein int\u00e9gr\u00e9 sur chaque patin permet un freinage facile. Les freins sont situ\u00e9s \u00e0 l&rsquo;arri\u00e8re du patin, permettant ainsi aux plus jeunes d\u00e9butants d&rsquo;apprendre les mouvements essentiels qui seront importants plus tard pour le patinage en ligne. Gr\u00e2ce \u00e0 leurs deux boucles \u00e0 pression et leurs sangles \u00e0 cliquet, ces patins \u00e0 roulettes pour enfants sont rapides et faciles \u00e0 enfiler et s&rsquo;ajustent parfaitement au pied \u2013 si facilement que les enfants peuvent les mettre et les enlever eux-m\u00eames. Les perforations dans la coque et les d\u00e9coupes dans la surchaussure assurent une ventilation optimale, m\u00eame lors des s\u00e9ances de patinage les plus intenses. Le design unique du My First Quad est sp\u00e9cialement adapt\u00e9 aux besoins des patineurs d\u00e9butants. Les grandes roues arri\u00e8re (80 x 20 mm) et les petites roues avant (40 x 18 mm) offrent une base stable et sont tout aussi attrayantes et color\u00e9es que le design du patin, ce qui ravira les enfants. L&rsquo;envie de patiner en plein air est garantie.<\/p>\n<p>Caract\u00e9ristiques<\/p>\n<p>Vendu en lot\u00a0: Non<\/p>\n<p>Pour\u00a0: Enfants<\/p>\n<p>Pointures\u00a0: 30, 31, 32, 33<\/p>\n<p>Pointure ajustable\u00a0: Oui<\/p>\n<p>Couleurs\u00a0: Rose, Blanc<\/p>\n<p>Frein\u00a0: Frein en TPR<\/p>\n<p>Mat\u00e9riau des roues\u00a0: Pneus en PU<\/p>\n<p>Dimensions des roues (mm)\u00a0: 40 x 18, 80 x 20<\/p>\n<p>Roulements \u00e0 billes\u00a0: ABEC 3<\/p>\n<p>Caract\u00e9ristiques\u00a0: Syst\u00e8me de ventilation, embout renforc\u00e9, tige en PP, boucle \u00e0 pression, ch\u00e2ssis r\u00e9sistant aux chocs<\/p>\n<p>Poids maximal de l\u2019utilisateur (kg)\u00a0: 20<\/p>\n","protected":false},"excerpt":{"rendered":"<p>Informations produit \u00ab Patins \u00e0 roulettes HUDORA My First Quad pour filles, pointures 30-33 \u00bb Les patins \u00e0 roulettes My First Quad pour enfants, ajustables, facilitent l&rsquo;apprentissage du roller et permettent m\u00eame aux plus jeunes de progresser rapidement. Dot\u00e9s de quatre roues silencieuses en PU et d&rsquo;un ch\u00e2ssis robuste en PP, ces patins offrent une s\u00e9curit\u00e9 et une stabilit\u00e9 exceptionnelles. Les roues \u00e0 haut rebond, mont\u00e9es sur roulements \u00e0 billes ferm\u00e9s, ont une duret\u00e9 de&hellip;<\/p>\n","protected":false},"featured_media":167511,"comment_status":"open","ping_status":"closed","template":"","meta":[],"product_brand":[],"product_cat":[38534,38959],"product_tag":[],"class_list":{"0":"post-249736","1":"product","2":"type-product","3":"status-publish","4":"has-post-thumbnail","6":"product_cat-rollschuhe","7":"product_cat-patins-a-roulettes","8":"product_shipping_class-global_methods","10":"first","11":"instock","12":"taxable","13":"shipping-taxable","14":"purchasable","15":"product-type-simple"},"yoast_head":"<!-- This site is optimized with the Yoast SEO plugin v27.4 - https:\/\/yoast.com\/product\/yoast-seo-wordpress\/ -->\n<title>Hudora My First Quad Girl | Jetzt kaufen | Schweizversand.ch<\/title>\n<meta name=\"description\" content=\"Hudora My First Quad Girl g\u00fcnstig kaufen bei Schweizversand.ch. Schnelle Lieferung in der Schweiz. Gratisversand ab CHF 50.\" \/>\n<meta name=\"robots\" content=\"index, follow, max-snippet:-1, max-image-preview:large, max-video-preview:-1\" \/>\n<link rel=\"canonical\" href=\"https:\/\/schweizversand.ch\/fr\/produkt\/hudora-my-first-quad-girl\/\" \/>\n<meta property=\"og:locale\" content=\"fr_FR\" \/>\n<meta property=\"og:type\" content=\"article\" \/>\n<meta property=\"og:title\" content=\"Hudora My First Quad Girl | Jetzt kaufen | Schweizversand.ch\" \/>\n<meta property=\"og:description\" content=\"Hudora My First Quad Girl g\u00fcnstig kaufen bei Schweizversand.ch. Schnelle Lieferung in der Schweiz. Gratisversand ab CHF 50.\" \/>\n<meta property=\"og:url\" content=\"https:\/\/schweizversand.ch\/fr\/produkt\/hudora-my-first-quad-girl\/\" \/>\n<meta property=\"og:site_name\" content=\"Schweizer Shop f\u00fcr Sport, Spiel und Freizeit\" \/>\n<meta property=\"article:publisher\" content=\"https:\/\/www.facebook.com\/Schweizversand\" \/>\n<meta property=\"article:modified_time\" content=\"2026-04-19T00:05:27+00:00\" \/>\n<meta property=\"og:image\" content=\"https:\/\/schweizversand.ch\/wp-content\/uploads\/2026\/02\/5471488501.png\" \/>\n\t<meta property=\"og:image:width\" content=\"1024\" \/>\n\t<meta property=\"og:image:height\" content=\"966\" \/>\n\t<meta property=\"og:image:type\" content=\"image\/png\" \/>\n<meta name=\"twitter:card\" content=\"summary_large_image\" \/>\n<meta name=\"twitter:label1\" content=\"Dur\u00e9e de lecture estim\u00e9e\" \/>\n\t<meta name=\"twitter:data1\" content=\"2 minutes\" \/>\n<script type=\"application\/ld+json\" class=\"yoast-schema-graph\">{\"@context\":\"https:\\\/\\\/schema.org\",\"@graph\":[{\"@type\":\"WebPage\",\"@id\":\"https:\\\/\\\/schweizversand.ch\\\/fr\\\/produkt\\\/hudora-my-first-quad-girl\\\/\",\"url\":\"https:\\\/\\\/schweizversand.ch\\\/fr\\\/produkt\\\/hudora-my-first-quad-girl\\\/\",\"name\":\"Hudora My First Quad Girl | Jetzt kaufen | Schweizversand.ch\",\"isPartOf\":{\"@id\":\"https:\\\/\\\/schweizversand.ch\\\/fr\\\/#website\"},\"primaryImageOfPage\":{\"@id\":\"https:\\\/\\\/schweizversand.ch\\\/fr\\\/produkt\\\/hudora-my-first-quad-girl\\\/#primaryimage\"},\"image\":{\"@id\":\"https:\\\/\\\/schweizversand.ch\\\/fr\\\/produkt\\\/hudora-my-first-quad-girl\\\/#primaryimage\"},\"thumbnailUrl\":\"https:\\\/\\\/schweizversand.ch\\\/wp-content\\\/uploads\\\/2026\\\/02\\\/5471488501.png\",\"datePublished\":\"2026-03-14T22:50:03+00:00\",\"dateModified\":\"2026-04-19T00:05:27+00:00\",\"description\":\"Hudora My First Quad Girl g\u00fcnstig kaufen bei Schweizversand.ch. Schnelle Lieferung in der Schweiz. Gratisversand ab CHF 50.\",\"breadcrumb\":{\"@id\":\"https:\\\/\\\/schweizversand.ch\\\/fr\\\/produkt\\\/hudora-my-first-quad-girl\\\/#breadcrumb\"},\"inLanguage\":\"fr-FR\",\"potentialAction\":[{\"@type\":\"ReadAction\",\"target\":[\"https:\\\/\\\/schweizversand.ch\\\/fr\\\/produkt\\\/hudora-my-first-quad-girl\\\/\"]}]},{\"@type\":\"ImageObject\",\"inLanguage\":\"fr-FR\",\"@id\":\"https:\\\/\\\/schweizversand.ch\\\/fr\\\/produkt\\\/hudora-my-first-quad-girl\\\/#primaryimage\",\"url\":\"https:\\\/\\\/schweizversand.ch\\\/wp-content\\\/uploads\\\/2026\\\/02\\\/5471488501.png\",\"contentUrl\":\"https:\\\/\\\/schweizversand.ch\\\/wp-content\\\/uploads\\\/2026\\\/02\\\/5471488501.png\",\"width\":1024,\"height\":966},{\"@type\":\"BreadcrumbList\",\"@id\":\"https:\\\/\\\/schweizversand.ch\\\/fr\\\/produkt\\\/hudora-my-first-quad-girl\\\/#breadcrumb\",\"itemListElement\":[{\"@type\":\"ListItem\",\"position\":1,\"name\":\"Startseite\",\"item\":\"https:\\\/\\\/schweizversand.ch\\\/fr\\\/home\\\/\"},{\"@type\":\"ListItem\",\"position\":2,\"name\":\"Boutique\",\"item\":\"https:\\\/\\\/schweizversand.ch\\\/fr\\\/boutique\\\/\"},{\"@type\":\"ListItem\",\"position\":3,\"name\":\"Sports\",\"item\":\"https:\\\/\\\/schweizversand.ch\\\/fr\\\/produkt-kategorie\\\/sports\\\/\"},{\"@type\":\"ListItem\",\"position\":4,\"name\":\"sports de patinage\",\"item\":\"https:\\\/\\\/schweizversand.ch\\\/fr\\\/produkt-kategorie\\\/sports\\\/sports-de-patinage\\\/\"},{\"@type\":\"ListItem\",\"position\":5,\"name\":\"patins \u00e0 roulettes\",\"item\":\"https:\\\/\\\/schweizversand.ch\\\/fr\\\/produkt-kategorie\\\/sports\\\/sports-de-patinage\\\/patins-a-roulettes\\\/\"},{\"@type\":\"ListItem\",\"position\":6,\"name\":\"Hudora Ma premi\u00e8re fille quadruple\"}]},{\"@type\":\"WebSite\",\"@id\":\"https:\\\/\\\/schweizversand.ch\\\/fr\\\/#website\",\"url\":\"https:\\\/\\\/schweizversand.ch\\\/fr\\\/\",\"name\":\"Schweizer Shop f\u00fcr Sport, Spiel und Freizeit\",\"description\":\"Gratisversand ab 50.- (netto), ab eigenem schweizer Lager, Lieferung innert 48h\",\"publisher\":{\"@id\":\"https:\\\/\\\/schweizversand.ch\\\/fr\\\/#organization\"},\"alternateName\":\"Schweizversand.ch\",\"potentialAction\":[{\"@type\":\"SearchAction\",\"target\":{\"@type\":\"EntryPoint\",\"urlTemplate\":\"https:\\\/\\\/schweizversand.ch\\\/fr\\\/?s={search_term_string}\"},\"query-input\":{\"@type\":\"PropertyValueSpecification\",\"valueRequired\":true,\"valueName\":\"search_term_string\"}}],\"inLanguage\":\"fr-FR\"},{\"@type\":\"Organization\",\"@id\":\"https:\\\/\\\/schweizversand.ch\\\/fr\\\/#organization\",\"name\":\"Schweizversand.ch\",\"url\":\"https:\\\/\\\/schweizversand.ch\\\/fr\\\/\",\"logo\":{\"@type\":\"ImageObject\",\"inLanguage\":\"fr-FR\",\"@id\":\"https:\\\/\\\/schweizversand.ch\\\/fr\\\/#\\\/schema\\\/logo\\\/image\\\/\",\"url\":\"https:\\\/\\\/schweizversand.ch\\\/wp-content\\\/uploads\\\/2026\\\/03\\\/Logo_Rund_Final-1.png\",\"contentUrl\":\"https:\\\/\\\/schweizversand.ch\\\/wp-content\\\/uploads\\\/2026\\\/03\\\/Logo_Rund_Final-1.png\",\"width\":404,\"height\":404,\"caption\":\"Schweizversand.ch\"},\"image\":{\"@id\":\"https:\\\/\\\/schweizversand.ch\\\/fr\\\/#\\\/schema\\\/logo\\\/image\\\/\"},\"sameAs\":[\"https:\\\/\\\/www.facebook.com\\\/Schweizversand\",\"https:\\\/\\\/www.instagram.com\\\/schweizversand.ch\\\/\"]}]}<\/script>\n<!-- \/ Yoast SEO plugin. -->","yoast_head_json":{"title":"Hudora My First Quad Girl | Jetzt kaufen | Schweizversand.ch","description":"Hudora My First Quad Girl g\u00fcnstig kaufen bei Schweizversand.ch. Schnelle Lieferung in der Schweiz. Gratisversand ab CHF 50.","robots":{"index":"index","follow":"follow","max-snippet":"max-snippet:-1","max-image-preview":"max-image-preview:large","max-video-preview":"max-video-preview:-1"},"canonical":"https:\/\/schweizversand.ch\/fr\/produkt\/hudora-my-first-quad-girl\/","og_locale":"fr_FR","og_type":"article","og_title":"Hudora My First Quad Girl | Jetzt kaufen | Schweizversand.ch","og_description":"Hudora My First Quad Girl g\u00fcnstig kaufen bei Schweizversand.ch. Schnelle Lieferung in der Schweiz. Gratisversand ab CHF 50.","og_url":"https:\/\/schweizversand.ch\/fr\/produkt\/hudora-my-first-quad-girl\/","og_site_name":"Schweizer Shop f\u00fcr Sport, Spiel und Freizeit","article_publisher":"https:\/\/www.facebook.com\/Schweizversand","article_modified_time":"2026-04-19T00:05:27+00:00","og_image":[{"width":1024,"height":966,"url":"https:\/\/schweizversand.ch\/wp-content\/uploads\/2026\/02\/5471488501.png","type":"image\/png"}],"twitter_card":"summary_large_image","twitter_misc":{"Dur\u00e9e de lecture estim\u00e9e":"2 minutes"},"schema":{"@context":"https:\/\/schema.org","@graph":[{"@type":"WebPage","@id":"https:\/\/schweizversand.ch\/fr\/produkt\/hudora-my-first-quad-girl\/","url":"https:\/\/schweizversand.ch\/fr\/produkt\/hudora-my-first-quad-girl\/","name":"Hudora My First Quad Girl | Jetzt kaufen | Schweizversand.ch","isPartOf":{"@id":"https:\/\/schweizversand.ch\/fr\/#website"},"primaryImageOfPage":{"@id":"https:\/\/schweizversand.ch\/fr\/produkt\/hudora-my-first-quad-girl\/#primaryimage"},"image":{"@id":"https:\/\/schweizversand.ch\/fr\/produkt\/hudora-my-first-quad-girl\/#primaryimage"},"thumbnailUrl":"https:\/\/schweizversand.ch\/wp-content\/uploads\/2026\/02\/5471488501.png","datePublished":"2026-03-14T22:50:03+00:00","dateModified":"2026-04-19T00:05:27+00:00","description":"Hudora My First Quad Girl g\u00fcnstig kaufen bei Schweizversand.ch. Schnelle Lieferung in der Schweiz. Gratisversand ab CHF 50.","breadcrumb":{"@id":"https:\/\/schweizversand.ch\/fr\/produkt\/hudora-my-first-quad-girl\/#breadcrumb"},"inLanguage":"fr-FR","potentialAction":[{"@type":"ReadAction","target":["https:\/\/schweizversand.ch\/fr\/produkt\/hudora-my-first-quad-girl\/"]}]},{"@type":"ImageObject","inLanguage":"fr-FR","@id":"https:\/\/schweizversand.ch\/fr\/produkt\/hudora-my-first-quad-girl\/#primaryimage","url":"https:\/\/schweizversand.ch\/wp-content\/uploads\/2026\/02\/5471488501.png","contentUrl":"https:\/\/schweizversand.ch\/wp-content\/uploads\/2026\/02\/5471488501.png","width":1024,"height":966},{"@type":"BreadcrumbList","@id":"https:\/\/schweizversand.ch\/fr\/produkt\/hudora-my-first-quad-girl\/#breadcrumb","itemListElement":[{"@type":"ListItem","position":1,"name":"Startseite","item":"https:\/\/schweizversand.ch\/fr\/home\/"},{"@type":"ListItem","position":2,"name":"Boutique","item":"https:\/\/schweizversand.ch\/fr\/boutique\/"},{"@type":"ListItem","position":3,"name":"Sports","item":"https:\/\/schweizversand.ch\/fr\/produkt-kategorie\/sports\/"},{"@type":"ListItem","position":4,"name":"sports de patinage","item":"https:\/\/schweizversand.ch\/fr\/produkt-kategorie\/sports\/sports-de-patinage\/"},{"@type":"ListItem","position":5,"name":"patins \u00e0 roulettes","item":"https:\/\/schweizversand.ch\/fr\/produkt-kategorie\/sports\/sports-de-patinage\/patins-a-roulettes\/"},{"@type":"ListItem","position":6,"name":"Hudora Ma premi\u00e8re fille quadruple"}]},{"@type":"WebSite","@id":"https:\/\/schweizversand.ch\/fr\/#website","url":"https:\/\/schweizversand.ch\/fr\/","name":"Schweizer Shop f\u00fcr Sport, Spiel und Freizeit","description":"Gratisversand ab 50.- (netto), ab eigenem schweizer Lager, Lieferung innert 48h","publisher":{"@id":"https:\/\/schweizversand.ch\/fr\/#organization"},"alternateName":"Schweizversand.ch","potentialAction":[{"@type":"SearchAction","target":{"@type":"EntryPoint","urlTemplate":"https:\/\/schweizversand.ch\/fr\/?s={search_term_string}"},"query-input":{"@type":"PropertyValueSpecification","valueRequired":true,"valueName":"search_term_string"}}],"inLanguage":"fr-FR"},{"@type":"Organization","@id":"https:\/\/schweizversand.ch\/fr\/#organization","name":"Schweizversand.ch","url":"https:\/\/schweizversand.ch\/fr\/","logo":{"@type":"ImageObject","inLanguage":"fr-FR","@id":"https:\/\/schweizversand.ch\/fr\/#\/schema\/logo\/image\/","url":"https:\/\/schweizversand.ch\/wp-content\/uploads\/2026\/03\/Logo_Rund_Final-1.png","contentUrl":"https:\/\/schweizversand.ch\/wp-content\/uploads\/2026\/03\/Logo_Rund_Final-1.png","width":404,"height":404,"caption":"Schweizversand.ch"},"image":{"@id":"https:\/\/schweizversand.ch\/fr\/#\/schema\/logo\/image\/"},"sameAs":["https:\/\/www.facebook.com\/Schweizversand","https:\/\/www.instagram.com\/schweizversand.ch\/"]}]}},"jetpack_sharing_enabled":true,"_links":{"self":[{"href":"https:\/\/schweizversand.ch\/fr\/wp-json\/wp\/v2\/product\/249736","targetHints":{"allow":["GET"]}}],"collection":[{"href":"https:\/\/schweizversand.ch\/fr\/wp-json\/wp\/v2\/product"}],"about":[{"href":"https:\/\/schweizversand.ch\/fr\/wp-json\/wp\/v2\/types\/product"}],"replies":[{"embeddable":true,"href":"https:\/\/schweizversand.ch\/fr\/wp-json\/wp\/v2\/comments?post=249736"}],"wp:featuredmedia":[{"embeddable":true,"href":"https:\/\/schweizversand.ch\/fr\/wp-json\/wp\/v2\/media\/167511"}],"wp:attachment":[{"href":"https:\/\/schweizversand.ch\/fr\/wp-json\/wp\/v2\/media?parent=249736"}],"wp:term":[{"taxonomy":"product_brand","embeddable":true,"href":"https:\/\/schweizversand.ch\/fr\/wp-json\/wp\/v2\/product_brand?post=249736"},{"taxonomy":"product_cat","embeddable":true,"href":"https:\/\/schweizversand.ch\/fr\/wp-json\/wp\/v2\/product_cat?post=249736"},{"taxonomy":"product_tag","embeddable":true,"href":"https:\/\/schweizversand.ch\/fr\/wp-json\/wp\/v2\/product_tag?post=249736"}],"curies":[{"name":"wp","href":"https:\/\/api.w.org\/{rel}","templated":true}]}}