{"id":249741,"date":"2026-03-14T23:50:04","date_gmt":"2026-03-14T22:50:04","guid":{"rendered":"https:\/\/schweizversand.ch\/produkt\/hudora-big-wheel-205-advanced-fcbm\/"},"modified":"2026-04-21T15:35:11","modified_gmt":"2026-04-21T13:35:11","slug":"hudora-big-wheel-205-advanced-fcbm","status":"publish","type":"product","link":"https:\/\/schweizversand.ch\/fr\/produkt\/hudora-big-wheel-205-advanced-fcbm\/","title":{"rendered":"Hudora Big Wheel 205 ADVANCED, FCBM"},"content":{"rendered":"<h1><strong>Trottinette HUDORA FC Bayern BigWheel 205 Advanced \u2013 \u00c9dition Limit\u00e9e<\/strong><\/h1>\n<div>Offrez-vous une v\u00e9ritable pi\u00e8ce de collection\u00a0: la trottinette HUDORA FC Bayern BigWheel 205 Advanced est l\u2019hommage ultime au club le plus titr\u00e9. En tant que trottinette en \u00e9dition limit\u00e9e, ce mod\u00e8le est exclusif et disponible en quantit\u00e9s tr\u00e8s limit\u00e9es.<\/p>\n<\/div>\n<div>Vivez pleinement votre passion pour le football et profitez d\u2019un confort de conduite exceptionnel, associ\u00e9 au design unique du FC Bayern Munich.<\/p>\n<\/div>\n<div><strong>Exclusivit\u00e9 et Design<\/strong><br \/>Cette trottinette HUDORA BigWheel est un incontournable pour tous les supporters. Son allure extravagante, m\u00ealant rouge et noir mat, et ses jantes bicolores sportives, font de cette trottinette FC Bayern Munich un v\u00e9ritable objet de d\u00e9sir. Affichez votre soutien au FC Bayern Munich avec ces produits d\u00e9riv\u00e9s de haute qualit\u00e9.<\/p>\n<\/div>\n<div><strong>Confort et s\u00e9curit\u00e9 \u00e0 bord<\/strong><br \/>Le BigWheel 205 Advanced impressionne par ses roues \u00e0 haut rebond (205 mm de diam\u00e8tre) et ses roulements \u00e0 billes chrom\u00e9s ABEC 7, garantissant une exp\u00e9rience de conduite rapide et confortable. Le guidon extra-large (48 cm) offre un contr\u00f4le parfait, tandis que le frein arri\u00e8re \u00e0 friction avec r\u00e9flecteur rouge assure une s\u00e9curit\u00e9 maximale. D\u00e9tails et dimensions du produit\u00a0: &#8211; Mat\u00e9riau\u00a0: Aluminium de haute qualit\u00e9 &#8211; Guidon\u00a0: Hauteur r\u00e9glable de 81 \u00e0 108\u00a0cm &#8211; Largeur du guidon\u00a0: 48\u00a0cm &#8211; Roues\u00a0: 205\u00a0mm de diam\u00e8tre en polyur\u00e9thane moul\u00e9 &#8211; Roulements\u00a0: ABEC 7, chrom\u00e9s &#8211; Frein\u00a0: Frein arri\u00e8re \u00e0 friction avec r\u00e9flecteur &#8211; Accessoires\u00a0: B\u00e9quille robuste et garde-boue int\u00e9gr\u00e9 &#8211; M\u00e9canisme de pliage\u00a0: M\u00e9canisme de pliage renforc\u00e9 &#8211; Poids maximal de l\u2019utilisateur\u00a0: 100\u00a0kg &#8211; Longueur totale\u00a0: env. Note de montage (88 cm)\u00a0: La roue avant doit \u00eatre assembl\u00e9e par l&rsquo;utilisateur. Cela permet un carton plus compact et plus \u00e9cologique.<\/p>\n<\/div>\n<div>Procurez-vous d\u00e8s maintenant cette trottinette exclusive, dans la limite des stocks disponibles, et vivez une exp\u00e9rience de conduite unique aux couleurs du FC Bayern Munich.<\/p>\n<\/div>\n<div>\n<\/div>\n","protected":false},"excerpt":{"rendered":"<p>Trottinette HUDORA FC Bayern BigWheel 205 Advanced \u2013 \u00c9dition Limit\u00e9e Offrez-vous une v\u00e9ritable pi\u00e8ce de collection\u00a0: la trottinette HUDORA FC Bayern BigWheel 205 Advanced est l\u2019hommage ultime au club le plus titr\u00e9. En tant que trottinette en \u00e9dition limit\u00e9e, ce mod\u00e8le est exclusif et disponible en quantit\u00e9s tr\u00e8s limit\u00e9es. Vivez pleinement votre passion pour le football et profitez d\u2019un confort de conduite exceptionnel, associ\u00e9 au design unique du FC Bayern Munich. Exclusivit\u00e9 et DesignCette trottinette&hellip;<\/p>\n","protected":false},"featured_media":165830,"comment_status":"open","ping_status":"closed","template":"","meta":[],"product_brand":[],"product_cat":[38632],"product_tag":[],"class_list":{"0":"post-249741","1":"product","2":"type-product","3":"status-publish","4":"has-post-thumbnail","6":"product_cat-scooter","7":"product_shipping_class-global_methods","9":"first","10":"instock","11":"taxable","12":"shipping-taxable","13":"purchasable","14":"product-type-simple"},"yoast_head":"<!-- This site is optimized with the Yoast SEO plugin v27.4 - https:\/\/yoast.com\/product\/yoast-seo-wordpress\/ -->\n<title>Hudora Big Wheel 205 ADVANCED, FCBM | Jetzt kaufen | Schweizversand.ch<\/title>\n<meta name=\"description\" content=\"Hudora Big Wheel 205 ADVANCED, FCBM g\u00fcnstig kaufen bei Schweizversand.ch. Schnelle Lieferung in der Schweiz. Gratisversand ab CHF 50.\" \/>\n<meta name=\"robots\" content=\"index, follow, max-snippet:-1, max-image-preview:large, max-video-preview:-1\" \/>\n<link rel=\"canonical\" href=\"https:\/\/schweizversand.ch\/fr\/produkt\/hudora-big-wheel-205-advanced-fcbm\/\" \/>\n<meta property=\"og:locale\" content=\"fr_FR\" \/>\n<meta property=\"og:type\" content=\"article\" \/>\n<meta property=\"og:title\" content=\"Hudora Big Wheel 205 ADVANCED, FCBM | Jetzt kaufen | Schweizversand.ch\" \/>\n<meta property=\"og:description\" content=\"Hudora Big Wheel 205 ADVANCED, FCBM g\u00fcnstig kaufen bei Schweizversand.ch. Schnelle Lieferung in der Schweiz. Gratisversand ab CHF 50.\" \/>\n<meta property=\"og:url\" content=\"https:\/\/schweizversand.ch\/fr\/produkt\/hudora-big-wheel-205-advanced-fcbm\/\" \/>\n<meta property=\"og:site_name\" content=\"Schweizer Shop f\u00fcr Sport, Spiel und Freizeit\" \/>\n<meta property=\"article:publisher\" content=\"https:\/\/www.facebook.com\/Schweizversand\" \/>\n<meta property=\"article:modified_time\" content=\"2026-04-21T13:35:11+00:00\" \/>\n<meta property=\"og:image\" content=\"https:\/\/schweizversand.ch\/wp-content\/uploads\/2026\/02\/5471736665.png\" \/>\n\t<meta property=\"og:image:width\" content=\"881\" \/>\n\t<meta property=\"og:image:height\" content=\"1024\" \/>\n\t<meta property=\"og:image:type\" content=\"image\/png\" \/>\n<meta name=\"twitter:card\" content=\"summary_large_image\" \/>\n<meta name=\"twitter:label1\" content=\"Dur\u00e9e de lecture estim\u00e9e\" \/>\n\t<meta name=\"twitter:data1\" content=\"2 minutes\" \/>\n<script type=\"application\/ld+json\" class=\"yoast-schema-graph\">{\"@context\":\"https:\\\/\\\/schema.org\",\"@graph\":[{\"@type\":\"WebPage\",\"@id\":\"https:\\\/\\\/schweizversand.ch\\\/fr\\\/produkt\\\/hudora-big-wheel-205-advanced-fcbm\\\/\",\"url\":\"https:\\\/\\\/schweizversand.ch\\\/fr\\\/produkt\\\/hudora-big-wheel-205-advanced-fcbm\\\/\",\"name\":\"Hudora Big Wheel 205 ADVANCED, FCBM | Jetzt kaufen | Schweizversand.ch\",\"isPartOf\":{\"@id\":\"https:\\\/\\\/schweizversand.ch\\\/fr\\\/#website\"},\"primaryImageOfPage\":{\"@id\":\"https:\\\/\\\/schweizversand.ch\\\/fr\\\/produkt\\\/hudora-big-wheel-205-advanced-fcbm\\\/#primaryimage\"},\"image\":{\"@id\":\"https:\\\/\\\/schweizversand.ch\\\/fr\\\/produkt\\\/hudora-big-wheel-205-advanced-fcbm\\\/#primaryimage\"},\"thumbnailUrl\":\"https:\\\/\\\/schweizversand.ch\\\/wp-content\\\/uploads\\\/2026\\\/02\\\/5471736665.png\",\"datePublished\":\"2026-03-14T22:50:04+00:00\",\"dateModified\":\"2026-04-21T13:35:11+00:00\",\"description\":\"Hudora Big Wheel 205 ADVANCED, FCBM g\u00fcnstig kaufen bei Schweizversand.ch. Schnelle Lieferung in der Schweiz. Gratisversand ab CHF 50.\",\"breadcrumb\":{\"@id\":\"https:\\\/\\\/schweizversand.ch\\\/fr\\\/produkt\\\/hudora-big-wheel-205-advanced-fcbm\\\/#breadcrumb\"},\"inLanguage\":\"fr-FR\",\"potentialAction\":[{\"@type\":\"ReadAction\",\"target\":[\"https:\\\/\\\/schweizversand.ch\\\/fr\\\/produkt\\\/hudora-big-wheel-205-advanced-fcbm\\\/\"]}]},{\"@type\":\"ImageObject\",\"inLanguage\":\"fr-FR\",\"@id\":\"https:\\\/\\\/schweizversand.ch\\\/fr\\\/produkt\\\/hudora-big-wheel-205-advanced-fcbm\\\/#primaryimage\",\"url\":\"https:\\\/\\\/schweizversand.ch\\\/wp-content\\\/uploads\\\/2026\\\/02\\\/5471736665.png\",\"contentUrl\":\"https:\\\/\\\/schweizversand.ch\\\/wp-content\\\/uploads\\\/2026\\\/02\\\/5471736665.png\",\"width\":881,\"height\":1024},{\"@type\":\"BreadcrumbList\",\"@id\":\"https:\\\/\\\/schweizversand.ch\\\/fr\\\/produkt\\\/hudora-big-wheel-205-advanced-fcbm\\\/#breadcrumb\",\"itemListElement\":[{\"@type\":\"ListItem\",\"position\":1,\"name\":\"Startseite\",\"item\":\"https:\\\/\\\/schweizversand.ch\\\/fr\\\/home\\\/\"},{\"@type\":\"ListItem\",\"position\":2,\"name\":\"Boutique\",\"item\":\"https:\\\/\\\/schweizversand.ch\\\/fr\\\/boutique\\\/\"},{\"@type\":\"ListItem\",\"position\":3,\"name\":\"Sports\",\"item\":\"https:\\\/\\\/schweizversand.ch\\\/fr\\\/produkt-kategorie\\\/sports\\\/\"},{\"@type\":\"ListItem\",\"position\":4,\"name\":\"Sports \u00e0 roulettes\",\"item\":\"https:\\\/\\\/schweizversand.ch\\\/fr\\\/produkt-kategorie\\\/sports\\\/rollsport\\\/\"},{\"@type\":\"ListItem\",\"position\":5,\"name\":\"Trottinette\",\"item\":\"https:\\\/\\\/schweizversand.ch\\\/fr\\\/produkt-kategorie\\\/sports\\\/rollsport\\\/scooter\\\/\"},{\"@type\":\"ListItem\",\"position\":6,\"name\":\"Hudora Big Wheel 205 ADVANCED, FCBM\"}]},{\"@type\":\"WebSite\",\"@id\":\"https:\\\/\\\/schweizversand.ch\\\/fr\\\/#website\",\"url\":\"https:\\\/\\\/schweizversand.ch\\\/fr\\\/\",\"name\":\"Schweizer Shop f\u00fcr Sport, Spiel und Freizeit\",\"description\":\"Gratisversand ab 50.- (netto), ab eigenem schweizer Lager, Lieferung innert 48h\",\"publisher\":{\"@id\":\"https:\\\/\\\/schweizversand.ch\\\/fr\\\/#organization\"},\"alternateName\":\"Schweizversand.ch\",\"potentialAction\":[{\"@type\":\"SearchAction\",\"target\":{\"@type\":\"EntryPoint\",\"urlTemplate\":\"https:\\\/\\\/schweizversand.ch\\\/fr\\\/?s={search_term_string}\"},\"query-input\":{\"@type\":\"PropertyValueSpecification\",\"valueRequired\":true,\"valueName\":\"search_term_string\"}}],\"inLanguage\":\"fr-FR\"},{\"@type\":\"Organization\",\"@id\":\"https:\\\/\\\/schweizversand.ch\\\/fr\\\/#organization\",\"name\":\"Schweizversand.ch\",\"url\":\"https:\\\/\\\/schweizversand.ch\\\/fr\\\/\",\"logo\":{\"@type\":\"ImageObject\",\"inLanguage\":\"fr-FR\",\"@id\":\"https:\\\/\\\/schweizversand.ch\\\/fr\\\/#\\\/schema\\\/logo\\\/image\\\/\",\"url\":\"https:\\\/\\\/schweizversand.ch\\\/wp-content\\\/uploads\\\/2026\\\/03\\\/Logo_Rund_Final-1.png\",\"contentUrl\":\"https:\\\/\\\/schweizversand.ch\\\/wp-content\\\/uploads\\\/2026\\\/03\\\/Logo_Rund_Final-1.png\",\"width\":404,\"height\":404,\"caption\":\"Schweizversand.ch\"},\"image\":{\"@id\":\"https:\\\/\\\/schweizversand.ch\\\/fr\\\/#\\\/schema\\\/logo\\\/image\\\/\"},\"sameAs\":[\"https:\\\/\\\/www.facebook.com\\\/Schweizversand\",\"https:\\\/\\\/www.instagram.com\\\/schweizversand.ch\\\/\"]}]}<\/script>\n<!-- \/ Yoast SEO plugin. -->","yoast_head_json":{"title":"Hudora Big Wheel 205 ADVANCED, FCBM | Jetzt kaufen | Schweizversand.ch","description":"Hudora Big Wheel 205 ADVANCED, FCBM g\u00fcnstig kaufen bei Schweizversand.ch. Schnelle Lieferung in der Schweiz. Gratisversand ab CHF 50.","robots":{"index":"index","follow":"follow","max-snippet":"max-snippet:-1","max-image-preview":"max-image-preview:large","max-video-preview":"max-video-preview:-1"},"canonical":"https:\/\/schweizversand.ch\/fr\/produkt\/hudora-big-wheel-205-advanced-fcbm\/","og_locale":"fr_FR","og_type":"article","og_title":"Hudora Big Wheel 205 ADVANCED, FCBM | Jetzt kaufen | Schweizversand.ch","og_description":"Hudora Big Wheel 205 ADVANCED, FCBM g\u00fcnstig kaufen bei Schweizversand.ch. Schnelle Lieferung in der Schweiz. Gratisversand ab CHF 50.","og_url":"https:\/\/schweizversand.ch\/fr\/produkt\/hudora-big-wheel-205-advanced-fcbm\/","og_site_name":"Schweizer Shop f\u00fcr Sport, Spiel und Freizeit","article_publisher":"https:\/\/www.facebook.com\/Schweizversand","article_modified_time":"2026-04-21T13:35:11+00:00","og_image":[{"width":881,"height":1024,"url":"https:\/\/schweizversand.ch\/wp-content\/uploads\/2026\/02\/5471736665.png","type":"image\/png"}],"twitter_card":"summary_large_image","twitter_misc":{"Dur\u00e9e de lecture estim\u00e9e":"2 minutes"},"schema":{"@context":"https:\/\/schema.org","@graph":[{"@type":"WebPage","@id":"https:\/\/schweizversand.ch\/fr\/produkt\/hudora-big-wheel-205-advanced-fcbm\/","url":"https:\/\/schweizversand.ch\/fr\/produkt\/hudora-big-wheel-205-advanced-fcbm\/","name":"Hudora Big Wheel 205 ADVANCED, FCBM | Jetzt kaufen | Schweizversand.ch","isPartOf":{"@id":"https:\/\/schweizversand.ch\/fr\/#website"},"primaryImageOfPage":{"@id":"https:\/\/schweizversand.ch\/fr\/produkt\/hudora-big-wheel-205-advanced-fcbm\/#primaryimage"},"image":{"@id":"https:\/\/schweizversand.ch\/fr\/produkt\/hudora-big-wheel-205-advanced-fcbm\/#primaryimage"},"thumbnailUrl":"https:\/\/schweizversand.ch\/wp-content\/uploads\/2026\/02\/5471736665.png","datePublished":"2026-03-14T22:50:04+00:00","dateModified":"2026-04-21T13:35:11+00:00","description":"Hudora Big Wheel 205 ADVANCED, FCBM g\u00fcnstig kaufen bei Schweizversand.ch. Schnelle Lieferung in der Schweiz. Gratisversand ab CHF 50.","breadcrumb":{"@id":"https:\/\/schweizversand.ch\/fr\/produkt\/hudora-big-wheel-205-advanced-fcbm\/#breadcrumb"},"inLanguage":"fr-FR","potentialAction":[{"@type":"ReadAction","target":["https:\/\/schweizversand.ch\/fr\/produkt\/hudora-big-wheel-205-advanced-fcbm\/"]}]},{"@type":"ImageObject","inLanguage":"fr-FR","@id":"https:\/\/schweizversand.ch\/fr\/produkt\/hudora-big-wheel-205-advanced-fcbm\/#primaryimage","url":"https:\/\/schweizversand.ch\/wp-content\/uploads\/2026\/02\/5471736665.png","contentUrl":"https:\/\/schweizversand.ch\/wp-content\/uploads\/2026\/02\/5471736665.png","width":881,"height":1024},{"@type":"BreadcrumbList","@id":"https:\/\/schweizversand.ch\/fr\/produkt\/hudora-big-wheel-205-advanced-fcbm\/#breadcrumb","itemListElement":[{"@type":"ListItem","position":1,"name":"Startseite","item":"https:\/\/schweizversand.ch\/fr\/home\/"},{"@type":"ListItem","position":2,"name":"Boutique","item":"https:\/\/schweizversand.ch\/fr\/boutique\/"},{"@type":"ListItem","position":3,"name":"Sports","item":"https:\/\/schweizversand.ch\/fr\/produkt-kategorie\/sports\/"},{"@type":"ListItem","position":4,"name":"Sports \u00e0 roulettes","item":"https:\/\/schweizversand.ch\/fr\/produkt-kategorie\/sports\/rollsport\/"},{"@type":"ListItem","position":5,"name":"Trottinette","item":"https:\/\/schweizversand.ch\/fr\/produkt-kategorie\/sports\/rollsport\/scooter\/"},{"@type":"ListItem","position":6,"name":"Hudora Big Wheel 205 ADVANCED, FCBM"}]},{"@type":"WebSite","@id":"https:\/\/schweizversand.ch\/fr\/#website","url":"https:\/\/schweizversand.ch\/fr\/","name":"Schweizer Shop f\u00fcr Sport, Spiel und Freizeit","description":"Gratisversand ab 50.- (netto), ab eigenem schweizer Lager, Lieferung innert 48h","publisher":{"@id":"https:\/\/schweizversand.ch\/fr\/#organization"},"alternateName":"Schweizversand.ch","potentialAction":[{"@type":"SearchAction","target":{"@type":"EntryPoint","urlTemplate":"https:\/\/schweizversand.ch\/fr\/?s={search_term_string}"},"query-input":{"@type":"PropertyValueSpecification","valueRequired":true,"valueName":"search_term_string"}}],"inLanguage":"fr-FR"},{"@type":"Organization","@id":"https:\/\/schweizversand.ch\/fr\/#organization","name":"Schweizversand.ch","url":"https:\/\/schweizversand.ch\/fr\/","logo":{"@type":"ImageObject","inLanguage":"fr-FR","@id":"https:\/\/schweizversand.ch\/fr\/#\/schema\/logo\/image\/","url":"https:\/\/schweizversand.ch\/wp-content\/uploads\/2026\/03\/Logo_Rund_Final-1.png","contentUrl":"https:\/\/schweizversand.ch\/wp-content\/uploads\/2026\/03\/Logo_Rund_Final-1.png","width":404,"height":404,"caption":"Schweizversand.ch"},"image":{"@id":"https:\/\/schweizversand.ch\/fr\/#\/schema\/logo\/image\/"},"sameAs":["https:\/\/www.facebook.com\/Schweizversand","https:\/\/www.instagram.com\/schweizversand.ch\/"]}]}},"jetpack_sharing_enabled":true,"_links":{"self":[{"href":"https:\/\/schweizversand.ch\/fr\/wp-json\/wp\/v2\/product\/249741","targetHints":{"allow":["GET"]}}],"collection":[{"href":"https:\/\/schweizversand.ch\/fr\/wp-json\/wp\/v2\/product"}],"about":[{"href":"https:\/\/schweizversand.ch\/fr\/wp-json\/wp\/v2\/types\/product"}],"replies":[{"embeddable":true,"href":"https:\/\/schweizversand.ch\/fr\/wp-json\/wp\/v2\/comments?post=249741"}],"wp:featuredmedia":[{"embeddable":true,"href":"https:\/\/schweizversand.ch\/fr\/wp-json\/wp\/v2\/media\/165830"}],"wp:attachment":[{"href":"https:\/\/schweizversand.ch\/fr\/wp-json\/wp\/v2\/media?parent=249741"}],"wp:term":[{"taxonomy":"product_brand","embeddable":true,"href":"https:\/\/schweizversand.ch\/fr\/wp-json\/wp\/v2\/product_brand?post=249741"},{"taxonomy":"product_cat","embeddable":true,"href":"https:\/\/schweizversand.ch\/fr\/wp-json\/wp\/v2\/product_cat?post=249741"},{"taxonomy":"product_tag","embeddable":true,"href":"https:\/\/schweizversand.ch\/fr\/wp-json\/wp\/v2\/product_tag?post=249741"}],"curies":[{"name":"wp","href":"https:\/\/api.w.org\/{rel}","templated":true}]}}