{"id":249748,"date":"2026-03-14T23:50:05","date_gmt":"2026-03-14T22:50:05","guid":{"rendered":"https:\/\/schweizversand.ch\/produkt\/hudora-laufrad-up-6\/"},"modified":"2026-04-20T02:04:30","modified_gmt":"2026-04-20T00:04:30","slug":"hudora-laufrad-up-6","status":"publish","type":"product","link":"https:\/\/schweizversand.ch\/fr\/produkt\/hudora-laufrad-up-6\/","title":{"rendered":"V\u00e9lo d&rsquo;\u00e9quilibre Hudora jusqu&rsquo;\u00e0 6&Prime;"},"content":{"rendered":"<p>Draisienne pour tout-petits d\u00e8s 12 mois \u2013 Le point de d\u00e9part id\u00e9al pour les jeunes explorateurs !<\/p>\n<\/p>\n<p>D\u00e9couvrez la draisienne id\u00e9ale pour les enfants d\u00e8s 12 mois ! Avec une hauteur de selle de 22,5 cm et une taille recommand\u00e9e de 73 \u00e0 80 cm, cette draisienne accompagnera votre enfant en toute s\u00e9curit\u00e9 et avec plaisir dans ses premi\u00e8res aventures.<\/p>\n<\/p>\n<p>Pourquoi cette draisienne ?<\/p>\n<\/p>\n<p>\u2022 S\u00e9curit\u00e9 optimale : La g\u00e9om\u00e9trie anti-basculement (ASG) assure une grande stabilit\u00e9 et emp\u00eache le basculement, tandis que l&#8217;empattement extra-long et les axes larges offrent une s\u00e9curit\u00e9 accrue.<\/p>\n<\/p>\n<p>\u2022 Confort : Les pneus de 15 cm (6 pouces) silencieux et remplis de mousse garantissent une conduite souple sur toutes les surfaces, tandis que la conception ergonomique maximise le plaisir de rouler.<\/p>\n<\/p>\n<p>\u2022 Durabilit\u00e9 : Le cadre en tubes d&rsquo;acier thermolaqu\u00e9s est robuste et durable, pour des ann\u00e9es de plaisir.<\/p>\n<\/p>\n<p>\u2022 Favorise le d\u00e9veloppement : Le guidon \u00e0 volant assure une prise en main facile, comme les grands, et permet une conduite confortable sans contraintes inutiles.<\/p>\n<\/p>\n<p>\u2022 Fonctionnalit\u00e9s suppl\u00e9mentaires : Le limiteur de direction prot\u00e8ge contre les mouvements brusques et garantit une exp\u00e9rience de conduite en toute s\u00e9curit\u00e9.<\/p>\n<\/p>\n<p>Consignes de s\u00e9curit\u00e9 importantes :<\/p>\n<\/p>\n<p>\u2022 Attention ! Utiliser un \u00e9quipement de protection.<\/p>\n<\/p>\n<p>\u2022 Attention ! Ce jouet n&rsquo;a pas de freins.<\/p>\n<\/p>\n<p>\u2022 Attention ! Utiliser uniquement sous la surveillance directe d&rsquo;un adulte.<\/p>\n<\/p>\n<p>\u2022 Attention ! Ne pas utiliser sur la voie publique.<\/p>\n<\/p>\n<p>\u2022 Poids maximal de l&rsquo;utilisateur : 20 kg.<\/p>\n<\/p>\n<p>Offrez \u00e0 votre enfant la libert\u00e9 de se d\u00e9placer en s&rsquo;amusant tout en d\u00e9veloppant son \u00e9quilibre et sa coordination. Id\u00e9al pour les petits explorateurs qui veulent apprendre \u00e0 faire du v\u00e9lo et faire leurs premiers pas dans le monde de la mobilit\u00e9 !<\/p>\n<\/p>\n<p>Achetez maintenant et partez \u00e0 l&rsquo;aventure !<\/p>\n","protected":false},"excerpt":{"rendered":"<p>Draisienne pour tout-petits d\u00e8s 12 mois \u2013 Le point de d\u00e9part id\u00e9al pour les jeunes explorateurs ! D\u00e9couvrez la draisienne id\u00e9ale pour les enfants d\u00e8s 12 mois ! Avec une hauteur de selle de 22,5 cm et une taille recommand\u00e9e de 73 \u00e0 80 cm, cette draisienne accompagnera votre enfant en toute s\u00e9curit\u00e9 et avec plaisir dans ses premi\u00e8res aventures. Pourquoi cette draisienne ? \u2022 S\u00e9curit\u00e9 optimale : La g\u00e9om\u00e9trie anti-basculement (ASG) assure une grande&hellip;<\/p>\n","protected":false},"featured_media":165869,"comment_status":"open","ping_status":"closed","template":"","meta":[],"product_brand":[],"product_cat":[38535],"product_tag":[],"class_list":{"0":"post-249748","1":"product","2":"type-product","3":"status-publish","4":"has-post-thumbnail","6":"product_cat-kinderfahrzeuge","7":"product_shipping_class-global_methods","9":"first","10":"instock","11":"taxable","12":"shipping-taxable","13":"purchasable","14":"product-type-simple"},"yoast_head":"<!-- This site is optimized with the Yoast SEO plugin v27.4 - https:\/\/yoast.com\/product\/yoast-seo-wordpress\/ -->\n<title>Hudora Laufrad Up 6&quot; | Jetzt kaufen | Schweizversand.ch<\/title>\n<meta name=\"description\" content=\"Hudora Laufrad Up 6&quot; g\u00fcnstig kaufen bei Schweizversand.ch. Schnelle Lieferung in der Schweiz. Gratisversand ab CHF 50.\" \/>\n<meta name=\"robots\" content=\"index, follow, max-snippet:-1, max-image-preview:large, max-video-preview:-1\" \/>\n<link rel=\"canonical\" href=\"https:\/\/schweizversand.ch\/fr\/produkt\/hudora-laufrad-up-6\/\" \/>\n<meta property=\"og:locale\" content=\"fr_FR\" \/>\n<meta property=\"og:type\" content=\"article\" \/>\n<meta property=\"og:title\" content=\"Hudora Laufrad Up 6&quot; | Jetzt kaufen | Schweizversand.ch\" \/>\n<meta property=\"og:description\" content=\"Hudora Laufrad Up 6&quot; g\u00fcnstig kaufen bei Schweizversand.ch. Schnelle Lieferung in der Schweiz. Gratisversand ab CHF 50.\" \/>\n<meta property=\"og:url\" content=\"https:\/\/schweizversand.ch\/fr\/produkt\/hudora-laufrad-up-6\/\" \/>\n<meta property=\"og:site_name\" content=\"Schweizer Shop f\u00fcr Sport, Spiel und Freizeit\" \/>\n<meta property=\"article:publisher\" content=\"https:\/\/www.facebook.com\/Schweizversand\" \/>\n<meta property=\"article:modified_time\" content=\"2026-04-20T00:04:30+00:00\" \/>\n<meta property=\"og:image\" content=\"https:\/\/schweizversand.ch\/wp-content\/uploads\/2026\/02\/5471780800.jpg\" \/>\n\t<meta property=\"og:image:width\" content=\"1024\" \/>\n\t<meta property=\"og:image:height\" content=\"1024\" \/>\n\t<meta property=\"og:image:type\" content=\"image\/jpeg\" \/>\n<meta name=\"twitter:card\" content=\"summary_large_image\" \/>\n<meta name=\"twitter:label1\" content=\"Dur\u00e9e de lecture estim\u00e9e\" \/>\n\t<meta name=\"twitter:data1\" content=\"1 minute\" \/>\n<script type=\"application\/ld+json\" class=\"yoast-schema-graph\">{\"@context\":\"https:\\\/\\\/schema.org\",\"@graph\":[{\"@type\":\"WebPage\",\"@id\":\"https:\\\/\\\/schweizversand.ch\\\/fr\\\/produkt\\\/hudora-laufrad-up-6\\\/\",\"url\":\"https:\\\/\\\/schweizversand.ch\\\/fr\\\/produkt\\\/hudora-laufrad-up-6\\\/\",\"name\":\"Hudora Laufrad Up 6\\\" | Jetzt kaufen | Schweizversand.ch\",\"isPartOf\":{\"@id\":\"https:\\\/\\\/schweizversand.ch\\\/fr\\\/#website\"},\"primaryImageOfPage\":{\"@id\":\"https:\\\/\\\/schweizversand.ch\\\/fr\\\/produkt\\\/hudora-laufrad-up-6\\\/#primaryimage\"},\"image\":{\"@id\":\"https:\\\/\\\/schweizversand.ch\\\/fr\\\/produkt\\\/hudora-laufrad-up-6\\\/#primaryimage\"},\"thumbnailUrl\":\"https:\\\/\\\/schweizversand.ch\\\/wp-content\\\/uploads\\\/2026\\\/02\\\/5471780800.jpg\",\"datePublished\":\"2026-03-14T22:50:05+00:00\",\"dateModified\":\"2026-04-20T00:04:30+00:00\",\"description\":\"Hudora Laufrad Up 6\\\" g\u00fcnstig kaufen bei Schweizversand.ch. Schnelle Lieferung in der Schweiz. Gratisversand ab CHF 50.\",\"breadcrumb\":{\"@id\":\"https:\\\/\\\/schweizversand.ch\\\/fr\\\/produkt\\\/hudora-laufrad-up-6\\\/#breadcrumb\"},\"inLanguage\":\"fr-FR\",\"potentialAction\":[{\"@type\":\"ReadAction\",\"target\":[\"https:\\\/\\\/schweizversand.ch\\\/fr\\\/produkt\\\/hudora-laufrad-up-6\\\/\"]}]},{\"@type\":\"ImageObject\",\"inLanguage\":\"fr-FR\",\"@id\":\"https:\\\/\\\/schweizversand.ch\\\/fr\\\/produkt\\\/hudora-laufrad-up-6\\\/#primaryimage\",\"url\":\"https:\\\/\\\/schweizversand.ch\\\/wp-content\\\/uploads\\\/2026\\\/02\\\/5471780800.jpg\",\"contentUrl\":\"https:\\\/\\\/schweizversand.ch\\\/wp-content\\\/uploads\\\/2026\\\/02\\\/5471780800.jpg\",\"width\":1024,\"height\":1024},{\"@type\":\"BreadcrumbList\",\"@id\":\"https:\\\/\\\/schweizversand.ch\\\/fr\\\/produkt\\\/hudora-laufrad-up-6\\\/#breadcrumb\",\"itemListElement\":[{\"@type\":\"ListItem\",\"position\":1,\"name\":\"Startseite\",\"item\":\"https:\\\/\\\/schweizversand.ch\\\/fr\\\/home\\\/\"},{\"@type\":\"ListItem\",\"position\":2,\"name\":\"Boutique\",\"item\":\"https:\\\/\\\/schweizversand.ch\\\/fr\\\/boutique\\\/\"},{\"@type\":\"ListItem\",\"position\":3,\"name\":\"Jouets et jeux\",\"item\":\"https:\\\/\\\/schweizversand.ch\\\/fr\\\/produkt-kategorie\\\/jouets-et-jeux\\\/\"},{\"@type\":\"ListItem\",\"position\":4,\"name\":\"Jeux d'ext\u00e9rieur\",\"item\":\"https:\\\/\\\/schweizversand.ch\\\/fr\\\/produkt-kategorie\\\/jouets-et-jeux\\\/jeux-dexterieur\\\/\"},{\"@type\":\"ListItem\",\"position\":5,\"name\":\"V\u00e9hicules pour enfants\",\"item\":\"https:\\\/\\\/schweizversand.ch\\\/fr\\\/produkt-kategorie\\\/jouets-et-jeux\\\/jeux-dexterieur\\\/kinderfahrzeuge\\\/\"},{\"@type\":\"ListItem\",\"position\":6,\"name\":\"V\u00e9lo d&#8217;\u00e9quilibre Hudora jusqu&#8217;\u00e0 6&#8243;\"}]},{\"@type\":\"WebSite\",\"@id\":\"https:\\\/\\\/schweizversand.ch\\\/fr\\\/#website\",\"url\":\"https:\\\/\\\/schweizversand.ch\\\/fr\\\/\",\"name\":\"Schweizer Shop f\u00fcr Sport, Spiel und Freizeit\",\"description\":\"Gratisversand ab 50.- (netto), ab eigenem schweizer Lager, Lieferung innert 48h\",\"publisher\":{\"@id\":\"https:\\\/\\\/schweizversand.ch\\\/fr\\\/#organization\"},\"alternateName\":\"Schweizversand.ch\",\"potentialAction\":[{\"@type\":\"SearchAction\",\"target\":{\"@type\":\"EntryPoint\",\"urlTemplate\":\"https:\\\/\\\/schweizversand.ch\\\/fr\\\/?s={search_term_string}\"},\"query-input\":{\"@type\":\"PropertyValueSpecification\",\"valueRequired\":true,\"valueName\":\"search_term_string\"}}],\"inLanguage\":\"fr-FR\"},{\"@type\":\"Organization\",\"@id\":\"https:\\\/\\\/schweizversand.ch\\\/fr\\\/#organization\",\"name\":\"Schweizversand.ch\",\"url\":\"https:\\\/\\\/schweizversand.ch\\\/fr\\\/\",\"logo\":{\"@type\":\"ImageObject\",\"inLanguage\":\"fr-FR\",\"@id\":\"https:\\\/\\\/schweizversand.ch\\\/fr\\\/#\\\/schema\\\/logo\\\/image\\\/\",\"url\":\"https:\\\/\\\/schweizversand.ch\\\/wp-content\\\/uploads\\\/2026\\\/03\\\/Logo_Rund_Final-1.png\",\"contentUrl\":\"https:\\\/\\\/schweizversand.ch\\\/wp-content\\\/uploads\\\/2026\\\/03\\\/Logo_Rund_Final-1.png\",\"width\":404,\"height\":404,\"caption\":\"Schweizversand.ch\"},\"image\":{\"@id\":\"https:\\\/\\\/schweizversand.ch\\\/fr\\\/#\\\/schema\\\/logo\\\/image\\\/\"},\"sameAs\":[\"https:\\\/\\\/www.facebook.com\\\/Schweizversand\",\"https:\\\/\\\/www.instagram.com\\\/schweizversand.ch\\\/\"]}]}<\/script>\n<!-- \/ Yoast SEO plugin. -->","yoast_head_json":{"title":"Hudora Laufrad Up 6\" | Jetzt kaufen | Schweizversand.ch","description":"Hudora Laufrad Up 6\" g\u00fcnstig kaufen bei Schweizversand.ch. Schnelle Lieferung in der Schweiz. Gratisversand ab CHF 50.","robots":{"index":"index","follow":"follow","max-snippet":"max-snippet:-1","max-image-preview":"max-image-preview:large","max-video-preview":"max-video-preview:-1"},"canonical":"https:\/\/schweizversand.ch\/fr\/produkt\/hudora-laufrad-up-6\/","og_locale":"fr_FR","og_type":"article","og_title":"Hudora Laufrad Up 6\" | Jetzt kaufen | Schweizversand.ch","og_description":"Hudora Laufrad Up 6\" g\u00fcnstig kaufen bei Schweizversand.ch. Schnelle Lieferung in der Schweiz. Gratisversand ab CHF 50.","og_url":"https:\/\/schweizversand.ch\/fr\/produkt\/hudora-laufrad-up-6\/","og_site_name":"Schweizer Shop f\u00fcr Sport, Spiel und Freizeit","article_publisher":"https:\/\/www.facebook.com\/Schweizversand","article_modified_time":"2026-04-20T00:04:30+00:00","og_image":[{"width":1024,"height":1024,"url":"https:\/\/schweizversand.ch\/wp-content\/uploads\/2026\/02\/5471780800.jpg","type":"image\/jpeg"}],"twitter_card":"summary_large_image","twitter_misc":{"Dur\u00e9e de lecture estim\u00e9e":"1 minute"},"schema":{"@context":"https:\/\/schema.org","@graph":[{"@type":"WebPage","@id":"https:\/\/schweizversand.ch\/fr\/produkt\/hudora-laufrad-up-6\/","url":"https:\/\/schweizversand.ch\/fr\/produkt\/hudora-laufrad-up-6\/","name":"Hudora Laufrad Up 6\" | Jetzt kaufen | Schweizversand.ch","isPartOf":{"@id":"https:\/\/schweizversand.ch\/fr\/#website"},"primaryImageOfPage":{"@id":"https:\/\/schweizversand.ch\/fr\/produkt\/hudora-laufrad-up-6\/#primaryimage"},"image":{"@id":"https:\/\/schweizversand.ch\/fr\/produkt\/hudora-laufrad-up-6\/#primaryimage"},"thumbnailUrl":"https:\/\/schweizversand.ch\/wp-content\/uploads\/2026\/02\/5471780800.jpg","datePublished":"2026-03-14T22:50:05+00:00","dateModified":"2026-04-20T00:04:30+00:00","description":"Hudora Laufrad Up 6\" g\u00fcnstig kaufen bei Schweizversand.ch. Schnelle Lieferung in der Schweiz. Gratisversand ab CHF 50.","breadcrumb":{"@id":"https:\/\/schweizversand.ch\/fr\/produkt\/hudora-laufrad-up-6\/#breadcrumb"},"inLanguage":"fr-FR","potentialAction":[{"@type":"ReadAction","target":["https:\/\/schweizversand.ch\/fr\/produkt\/hudora-laufrad-up-6\/"]}]},{"@type":"ImageObject","inLanguage":"fr-FR","@id":"https:\/\/schweizversand.ch\/fr\/produkt\/hudora-laufrad-up-6\/#primaryimage","url":"https:\/\/schweizversand.ch\/wp-content\/uploads\/2026\/02\/5471780800.jpg","contentUrl":"https:\/\/schweizversand.ch\/wp-content\/uploads\/2026\/02\/5471780800.jpg","width":1024,"height":1024},{"@type":"BreadcrumbList","@id":"https:\/\/schweizversand.ch\/fr\/produkt\/hudora-laufrad-up-6\/#breadcrumb","itemListElement":[{"@type":"ListItem","position":1,"name":"Startseite","item":"https:\/\/schweizversand.ch\/fr\/home\/"},{"@type":"ListItem","position":2,"name":"Boutique","item":"https:\/\/schweizversand.ch\/fr\/boutique\/"},{"@type":"ListItem","position":3,"name":"Jouets et jeux","item":"https:\/\/schweizversand.ch\/fr\/produkt-kategorie\/jouets-et-jeux\/"},{"@type":"ListItem","position":4,"name":"Jeux d'ext\u00e9rieur","item":"https:\/\/schweizversand.ch\/fr\/produkt-kategorie\/jouets-et-jeux\/jeux-dexterieur\/"},{"@type":"ListItem","position":5,"name":"V\u00e9hicules pour enfants","item":"https:\/\/schweizversand.ch\/fr\/produkt-kategorie\/jouets-et-jeux\/jeux-dexterieur\/kinderfahrzeuge\/"},{"@type":"ListItem","position":6,"name":"V\u00e9lo d&#8217;\u00e9quilibre Hudora jusqu&#8217;\u00e0 6&#8243;"}]},{"@type":"WebSite","@id":"https:\/\/schweizversand.ch\/fr\/#website","url":"https:\/\/schweizversand.ch\/fr\/","name":"Schweizer Shop f\u00fcr Sport, Spiel und Freizeit","description":"Gratisversand ab 50.- (netto), ab eigenem schweizer Lager, Lieferung innert 48h","publisher":{"@id":"https:\/\/schweizversand.ch\/fr\/#organization"},"alternateName":"Schweizversand.ch","potentialAction":[{"@type":"SearchAction","target":{"@type":"EntryPoint","urlTemplate":"https:\/\/schweizversand.ch\/fr\/?s={search_term_string}"},"query-input":{"@type":"PropertyValueSpecification","valueRequired":true,"valueName":"search_term_string"}}],"inLanguage":"fr-FR"},{"@type":"Organization","@id":"https:\/\/schweizversand.ch\/fr\/#organization","name":"Schweizversand.ch","url":"https:\/\/schweizversand.ch\/fr\/","logo":{"@type":"ImageObject","inLanguage":"fr-FR","@id":"https:\/\/schweizversand.ch\/fr\/#\/schema\/logo\/image\/","url":"https:\/\/schweizversand.ch\/wp-content\/uploads\/2026\/03\/Logo_Rund_Final-1.png","contentUrl":"https:\/\/schweizversand.ch\/wp-content\/uploads\/2026\/03\/Logo_Rund_Final-1.png","width":404,"height":404,"caption":"Schweizversand.ch"},"image":{"@id":"https:\/\/schweizversand.ch\/fr\/#\/schema\/logo\/image\/"},"sameAs":["https:\/\/www.facebook.com\/Schweizversand","https:\/\/www.instagram.com\/schweizversand.ch\/"]}]}},"jetpack_sharing_enabled":true,"_links":{"self":[{"href":"https:\/\/schweizversand.ch\/fr\/wp-json\/wp\/v2\/product\/249748","targetHints":{"allow":["GET"]}}],"collection":[{"href":"https:\/\/schweizversand.ch\/fr\/wp-json\/wp\/v2\/product"}],"about":[{"href":"https:\/\/schweizversand.ch\/fr\/wp-json\/wp\/v2\/types\/product"}],"replies":[{"embeddable":true,"href":"https:\/\/schweizversand.ch\/fr\/wp-json\/wp\/v2\/comments?post=249748"}],"wp:featuredmedia":[{"embeddable":true,"href":"https:\/\/schweizversand.ch\/fr\/wp-json\/wp\/v2\/media\/165869"}],"wp:attachment":[{"href":"https:\/\/schweizversand.ch\/fr\/wp-json\/wp\/v2\/media?parent=249748"}],"wp:term":[{"taxonomy":"product_brand","embeddable":true,"href":"https:\/\/schweizversand.ch\/fr\/wp-json\/wp\/v2\/product_brand?post=249748"},{"taxonomy":"product_cat","embeddable":true,"href":"https:\/\/schweizversand.ch\/fr\/wp-json\/wp\/v2\/product_cat?post=249748"},{"taxonomy":"product_tag","embeddable":true,"href":"https:\/\/schweizversand.ch\/fr\/wp-json\/wp\/v2\/product_tag?post=249748"}],"curies":[{"name":"wp","href":"https:\/\/api.w.org\/{rel}","templated":true}]}}