{"id":249751,"date":"2026-03-14T23:50:05","date_gmt":"2026-03-14T22:50:05","guid":{"rendered":"https:\/\/schweizversand.ch\/produkt\/hudora-laufrad-cruisy-10\/"},"modified":"2026-04-20T02:04:30","modified_gmt":"2026-04-20T00:04:30","slug":"hudora-laufrad-cruisy-10","status":"publish","type":"product","link":"https:\/\/schweizversand.ch\/fr\/produkt\/hudora-laufrad-cruisy-10\/","title":{"rendered":"V\u00e9lo d&rsquo;\u00e9quilibre Hudora Cruisy 10"},"content":{"rendered":"<h1><strong>Draisienne Cruisy 10 pouces \u2013 Style r\u00e9tro pour les tout-petits<\/strong><\/h1>\n<div>D\u00e9couvrez la draisienne Cruisy 10 pouces, qui allie \u00e0 la perfection design r\u00e9tro, s\u00e9curit\u00e9 maximale et facilit\u00e9 d&rsquo;utilisation. Ce mod\u00e8le a \u00e9t\u00e9 sp\u00e9cialement con\u00e7u pour les premi\u00e8res exp\u00e9riences \u00e0 v\u00e9lo et offre \u00e0 votre enfant, d\u00e8s 18 mois, une initiation ludique au monde de la mobilit\u00e9.<\/p>\n<\/div>\n<div><strong>Design et stabilit\u00e9<\/strong><br \/>La Cruisy s\u00e9duit par son style trottinette tendance et sa <strong>g\u00e9om\u00e9trie anti-vibrations<\/strong>. Un empattement extra-long et un guidon large garantissent une stabilit\u00e9 optimale et une conduite fluide. Sa conception soign\u00e9e permet \u00e0 votre enfant de d\u00e9velopper son \u00e9quilibre en toute s\u00e9curit\u00e9 et avec beaucoup de plaisir.<\/p>\n<\/div>\n<div><strong>Utilisation \u00e9volutive<\/strong><br \/>La flexibilit\u00e9 est essentielle\u00a0: la draisienne <strong>10 pouces<\/strong> est id\u00e9ale pour les enfants de 18 mois \u00e0 4 ans. La hauteur de selle est facilement r\u00e9glable et s&rsquo;adapte parfaitement \u00e0 la taille de l&rsquo;enfant, lui assurant une exp\u00e9rience de conduite en toute s\u00e9curit\u00e9 d\u00e8s ses d\u00e9buts. Le cadre extra-bas permet m\u00eame aux plus jeunes enfants de monter et de partir imm\u00e9diatement. <\/p>\n<\/div>\n<div><strong>Construction s\u00fbre et robuste<\/strong><br \/>Faisant partie de notre derni\u00e8re g\u00e9n\u00e9ration de draisiennes, d\u00e9velopp\u00e9e en collaboration avec des parents, la Cruisy est synonyme de qualit\u00e9 et de durabilit\u00e9. Gr\u00e2ce \u00e0 sa grande roue avant, ce v\u00e9hicule pour enfants de 10 pouces franchit sans effort les petits obstacles. Stable et anti-vibrations, cette draisienne est le compagnon id\u00e9al pour d\u00e9velopper la motricit\u00e9 de votre enfant.<\/p>\n<\/div>\n<div><strong>D\u00e9tails et dimensions du produit<\/strong><br \/>&#8211; \u00c2ge\u00a0: \u00e0 partir de 18\u00a0mois (draisienne \u00e0 partir de 18\u00a0mois)<br \/>&#8211; Taille recommand\u00e9e\u00a0: 78 \u00e0 100\u00a0cm<br \/>&#8211; Max. Poids de l&rsquo;utilisateur\u00a0: 20\u00a0kg<\/p>\n<\/div>\n<div>Offrez \u00e0 votre enfant le v\u00e9lo d&rsquo;\u00e9quilibre <strong>Retro<\/strong> Cruisy d\u00e8s maintenant et faites-lui d\u00e9couvrir l&rsquo;autonomie avec style et en toute s\u00e9curit\u00e9.<\/p>\n<\/div>\n<div>\n<\/div>\n","protected":false},"excerpt":{"rendered":"<p>Draisienne Cruisy 10 pouces \u2013 Style r\u00e9tro pour les tout-petits D\u00e9couvrez la draisienne Cruisy 10 pouces, qui allie \u00e0 la perfection design r\u00e9tro, s\u00e9curit\u00e9 maximale et facilit\u00e9 d&rsquo;utilisation. Ce mod\u00e8le a \u00e9t\u00e9 sp\u00e9cialement con\u00e7u pour les premi\u00e8res exp\u00e9riences \u00e0 v\u00e9lo et offre \u00e0 votre enfant, d\u00e8s 18 mois, une initiation ludique au monde de la mobilit\u00e9. Design et stabilit\u00e9La Cruisy s\u00e9duit par son style trottinette tendance et sa g\u00e9om\u00e9trie anti-vibrations. Un empattement extra-long et un&hellip;<\/p>\n","protected":false},"featured_media":165888,"comment_status":"open","ping_status":"closed","template":"","meta":[],"product_brand":[],"product_cat":[38535],"product_tag":[],"class_list":{"0":"post-249751","1":"product","2":"type-product","3":"status-publish","4":"has-post-thumbnail","6":"product_cat-kinderfahrzeuge","7":"product_shipping_class-global_methods","9":"first","10":"instock","11":"taxable","12":"shipping-taxable","13":"purchasable","14":"product-type-simple"},"yoast_head":"<!-- This site is optimized with the Yoast SEO plugin v27.4 - https:\/\/yoast.com\/product\/yoast-seo-wordpress\/ -->\n<title>Hudora Laufrad Cruisy 10 | Jetzt kaufen | Schweizversand.ch<\/title>\n<meta name=\"description\" content=\"Hudora Laufrad Cruisy 10 g\u00fcnstig kaufen bei Schweizversand.ch. Schnelle Lieferung in der Schweiz. Gratisversand ab CHF 50.\" \/>\n<meta name=\"robots\" content=\"index, follow, max-snippet:-1, max-image-preview:large, max-video-preview:-1\" \/>\n<link rel=\"canonical\" href=\"https:\/\/schweizversand.ch\/fr\/produkt\/hudora-laufrad-cruisy-10\/\" \/>\n<meta property=\"og:locale\" content=\"fr_FR\" \/>\n<meta property=\"og:type\" content=\"article\" \/>\n<meta property=\"og:title\" content=\"Hudora Laufrad Cruisy 10 | Jetzt kaufen | Schweizversand.ch\" \/>\n<meta property=\"og:description\" content=\"Hudora Laufrad Cruisy 10 g\u00fcnstig kaufen bei Schweizversand.ch. Schnelle Lieferung in der Schweiz. Gratisversand ab CHF 50.\" \/>\n<meta property=\"og:url\" content=\"https:\/\/schweizversand.ch\/fr\/produkt\/hudora-laufrad-cruisy-10\/\" \/>\n<meta property=\"og:site_name\" content=\"Schweizer Shop f\u00fcr Sport, Spiel und Freizeit\" \/>\n<meta property=\"article:publisher\" content=\"https:\/\/www.facebook.com\/Schweizversand\" \/>\n<meta property=\"article:modified_time\" content=\"2026-04-20T00:04:30+00:00\" \/>\n<meta property=\"og:image\" content=\"https:\/\/schweizversand.ch\/wp-content\/uploads\/2026\/02\/5471782311.jpg\" \/>\n\t<meta property=\"og:image:width\" content=\"1024\" \/>\n\t<meta property=\"og:image:height\" content=\"1024\" \/>\n\t<meta property=\"og:image:type\" content=\"image\/jpeg\" \/>\n<meta name=\"twitter:card\" content=\"summary_large_image\" \/>\n<meta name=\"twitter:label1\" content=\"Dur\u00e9e de lecture estim\u00e9e\" \/>\n\t<meta name=\"twitter:data1\" content=\"1 minute\" \/>\n<script type=\"application\/ld+json\" class=\"yoast-schema-graph\">{\"@context\":\"https:\\\/\\\/schema.org\",\"@graph\":[{\"@type\":\"WebPage\",\"@id\":\"https:\\\/\\\/schweizversand.ch\\\/fr\\\/produkt\\\/hudora-laufrad-cruisy-10\\\/\",\"url\":\"https:\\\/\\\/schweizversand.ch\\\/fr\\\/produkt\\\/hudora-laufrad-cruisy-10\\\/\",\"name\":\"Hudora Laufrad Cruisy 10 | Jetzt kaufen | Schweizversand.ch\",\"isPartOf\":{\"@id\":\"https:\\\/\\\/schweizversand.ch\\\/fr\\\/#website\"},\"primaryImageOfPage\":{\"@id\":\"https:\\\/\\\/schweizversand.ch\\\/fr\\\/produkt\\\/hudora-laufrad-cruisy-10\\\/#primaryimage\"},\"image\":{\"@id\":\"https:\\\/\\\/schweizversand.ch\\\/fr\\\/produkt\\\/hudora-laufrad-cruisy-10\\\/#primaryimage\"},\"thumbnailUrl\":\"https:\\\/\\\/schweizversand.ch\\\/wp-content\\\/uploads\\\/2026\\\/02\\\/5471782311.jpg\",\"datePublished\":\"2026-03-14T22:50:05+00:00\",\"dateModified\":\"2026-04-20T00:04:30+00:00\",\"description\":\"Hudora Laufrad Cruisy 10 g\u00fcnstig kaufen bei Schweizversand.ch. Schnelle Lieferung in der Schweiz. Gratisversand ab CHF 50.\",\"breadcrumb\":{\"@id\":\"https:\\\/\\\/schweizversand.ch\\\/fr\\\/produkt\\\/hudora-laufrad-cruisy-10\\\/#breadcrumb\"},\"inLanguage\":\"fr-FR\",\"potentialAction\":[{\"@type\":\"ReadAction\",\"target\":[\"https:\\\/\\\/schweizversand.ch\\\/fr\\\/produkt\\\/hudora-laufrad-cruisy-10\\\/\"]}]},{\"@type\":\"ImageObject\",\"inLanguage\":\"fr-FR\",\"@id\":\"https:\\\/\\\/schweizversand.ch\\\/fr\\\/produkt\\\/hudora-laufrad-cruisy-10\\\/#primaryimage\",\"url\":\"https:\\\/\\\/schweizversand.ch\\\/wp-content\\\/uploads\\\/2026\\\/02\\\/5471782311.jpg\",\"contentUrl\":\"https:\\\/\\\/schweizversand.ch\\\/wp-content\\\/uploads\\\/2026\\\/02\\\/5471782311.jpg\",\"width\":1024,\"height\":1024},{\"@type\":\"BreadcrumbList\",\"@id\":\"https:\\\/\\\/schweizversand.ch\\\/fr\\\/produkt\\\/hudora-laufrad-cruisy-10\\\/#breadcrumb\",\"itemListElement\":[{\"@type\":\"ListItem\",\"position\":1,\"name\":\"Startseite\",\"item\":\"https:\\\/\\\/schweizversand.ch\\\/fr\\\/home\\\/\"},{\"@type\":\"ListItem\",\"position\":2,\"name\":\"Boutique\",\"item\":\"https:\\\/\\\/schweizversand.ch\\\/fr\\\/boutique\\\/\"},{\"@type\":\"ListItem\",\"position\":3,\"name\":\"Jouets et jeux\",\"item\":\"https:\\\/\\\/schweizversand.ch\\\/fr\\\/produkt-kategorie\\\/jouets-et-jeux\\\/\"},{\"@type\":\"ListItem\",\"position\":4,\"name\":\"Jeux d'ext\u00e9rieur\",\"item\":\"https:\\\/\\\/schweizversand.ch\\\/fr\\\/produkt-kategorie\\\/jouets-et-jeux\\\/jeux-dexterieur\\\/\"},{\"@type\":\"ListItem\",\"position\":5,\"name\":\"V\u00e9hicules pour enfants\",\"item\":\"https:\\\/\\\/schweizversand.ch\\\/fr\\\/produkt-kategorie\\\/jouets-et-jeux\\\/jeux-dexterieur\\\/kinderfahrzeuge\\\/\"},{\"@type\":\"ListItem\",\"position\":6,\"name\":\"V\u00e9lo d&rsquo;\u00e9quilibre Hudora Cruisy 10\"}]},{\"@type\":\"WebSite\",\"@id\":\"https:\\\/\\\/schweizversand.ch\\\/fr\\\/#website\",\"url\":\"https:\\\/\\\/schweizversand.ch\\\/fr\\\/\",\"name\":\"Schweizer Shop f\u00fcr Sport, Spiel und Freizeit\",\"description\":\"Gratisversand ab 50.- (netto), ab eigenem schweizer Lager, Lieferung innert 48h\",\"publisher\":{\"@id\":\"https:\\\/\\\/schweizversand.ch\\\/fr\\\/#organization\"},\"alternateName\":\"Schweizversand.ch\",\"potentialAction\":[{\"@type\":\"SearchAction\",\"target\":{\"@type\":\"EntryPoint\",\"urlTemplate\":\"https:\\\/\\\/schweizversand.ch\\\/fr\\\/?s={search_term_string}\"},\"query-input\":{\"@type\":\"PropertyValueSpecification\",\"valueRequired\":true,\"valueName\":\"search_term_string\"}}],\"inLanguage\":\"fr-FR\"},{\"@type\":\"Organization\",\"@id\":\"https:\\\/\\\/schweizversand.ch\\\/fr\\\/#organization\",\"name\":\"Schweizversand.ch\",\"url\":\"https:\\\/\\\/schweizversand.ch\\\/fr\\\/\",\"logo\":{\"@type\":\"ImageObject\",\"inLanguage\":\"fr-FR\",\"@id\":\"https:\\\/\\\/schweizversand.ch\\\/fr\\\/#\\\/schema\\\/logo\\\/image\\\/\",\"url\":\"https:\\\/\\\/schweizversand.ch\\\/wp-content\\\/uploads\\\/2026\\\/03\\\/Logo_Rund_Final-1.png\",\"contentUrl\":\"https:\\\/\\\/schweizversand.ch\\\/wp-content\\\/uploads\\\/2026\\\/03\\\/Logo_Rund_Final-1.png\",\"width\":404,\"height\":404,\"caption\":\"Schweizversand.ch\"},\"image\":{\"@id\":\"https:\\\/\\\/schweizversand.ch\\\/fr\\\/#\\\/schema\\\/logo\\\/image\\\/\"},\"sameAs\":[\"https:\\\/\\\/www.facebook.com\\\/Schweizversand\",\"https:\\\/\\\/www.instagram.com\\\/schweizversand.ch\\\/\"]}]}<\/script>\n<!-- \/ Yoast SEO plugin. -->","yoast_head_json":{"title":"Hudora Laufrad Cruisy 10 | Jetzt kaufen | Schweizversand.ch","description":"Hudora Laufrad Cruisy 10 g\u00fcnstig kaufen bei Schweizversand.ch. Schnelle Lieferung in der Schweiz. Gratisversand ab CHF 50.","robots":{"index":"index","follow":"follow","max-snippet":"max-snippet:-1","max-image-preview":"max-image-preview:large","max-video-preview":"max-video-preview:-1"},"canonical":"https:\/\/schweizversand.ch\/fr\/produkt\/hudora-laufrad-cruisy-10\/","og_locale":"fr_FR","og_type":"article","og_title":"Hudora Laufrad Cruisy 10 | Jetzt kaufen | Schweizversand.ch","og_description":"Hudora Laufrad Cruisy 10 g\u00fcnstig kaufen bei Schweizversand.ch. Schnelle Lieferung in der Schweiz. Gratisversand ab CHF 50.","og_url":"https:\/\/schweizversand.ch\/fr\/produkt\/hudora-laufrad-cruisy-10\/","og_site_name":"Schweizer Shop f\u00fcr Sport, Spiel und Freizeit","article_publisher":"https:\/\/www.facebook.com\/Schweizversand","article_modified_time":"2026-04-20T00:04:30+00:00","og_image":[{"width":1024,"height":1024,"url":"https:\/\/schweizversand.ch\/wp-content\/uploads\/2026\/02\/5471782311.jpg","type":"image\/jpeg"}],"twitter_card":"summary_large_image","twitter_misc":{"Dur\u00e9e de lecture estim\u00e9e":"1 minute"},"schema":{"@context":"https:\/\/schema.org","@graph":[{"@type":"WebPage","@id":"https:\/\/schweizversand.ch\/fr\/produkt\/hudora-laufrad-cruisy-10\/","url":"https:\/\/schweizversand.ch\/fr\/produkt\/hudora-laufrad-cruisy-10\/","name":"Hudora Laufrad Cruisy 10 | Jetzt kaufen | Schweizversand.ch","isPartOf":{"@id":"https:\/\/schweizversand.ch\/fr\/#website"},"primaryImageOfPage":{"@id":"https:\/\/schweizversand.ch\/fr\/produkt\/hudora-laufrad-cruisy-10\/#primaryimage"},"image":{"@id":"https:\/\/schweizversand.ch\/fr\/produkt\/hudora-laufrad-cruisy-10\/#primaryimage"},"thumbnailUrl":"https:\/\/schweizversand.ch\/wp-content\/uploads\/2026\/02\/5471782311.jpg","datePublished":"2026-03-14T22:50:05+00:00","dateModified":"2026-04-20T00:04:30+00:00","description":"Hudora Laufrad Cruisy 10 g\u00fcnstig kaufen bei Schweizversand.ch. Schnelle Lieferung in der Schweiz. Gratisversand ab CHF 50.","breadcrumb":{"@id":"https:\/\/schweizversand.ch\/fr\/produkt\/hudora-laufrad-cruisy-10\/#breadcrumb"},"inLanguage":"fr-FR","potentialAction":[{"@type":"ReadAction","target":["https:\/\/schweizversand.ch\/fr\/produkt\/hudora-laufrad-cruisy-10\/"]}]},{"@type":"ImageObject","inLanguage":"fr-FR","@id":"https:\/\/schweizversand.ch\/fr\/produkt\/hudora-laufrad-cruisy-10\/#primaryimage","url":"https:\/\/schweizversand.ch\/wp-content\/uploads\/2026\/02\/5471782311.jpg","contentUrl":"https:\/\/schweizversand.ch\/wp-content\/uploads\/2026\/02\/5471782311.jpg","width":1024,"height":1024},{"@type":"BreadcrumbList","@id":"https:\/\/schweizversand.ch\/fr\/produkt\/hudora-laufrad-cruisy-10\/#breadcrumb","itemListElement":[{"@type":"ListItem","position":1,"name":"Startseite","item":"https:\/\/schweizversand.ch\/fr\/home\/"},{"@type":"ListItem","position":2,"name":"Boutique","item":"https:\/\/schweizversand.ch\/fr\/boutique\/"},{"@type":"ListItem","position":3,"name":"Jouets et jeux","item":"https:\/\/schweizversand.ch\/fr\/produkt-kategorie\/jouets-et-jeux\/"},{"@type":"ListItem","position":4,"name":"Jeux d'ext\u00e9rieur","item":"https:\/\/schweizversand.ch\/fr\/produkt-kategorie\/jouets-et-jeux\/jeux-dexterieur\/"},{"@type":"ListItem","position":5,"name":"V\u00e9hicules pour enfants","item":"https:\/\/schweizversand.ch\/fr\/produkt-kategorie\/jouets-et-jeux\/jeux-dexterieur\/kinderfahrzeuge\/"},{"@type":"ListItem","position":6,"name":"V\u00e9lo d&rsquo;\u00e9quilibre Hudora Cruisy 10"}]},{"@type":"WebSite","@id":"https:\/\/schweizversand.ch\/fr\/#website","url":"https:\/\/schweizversand.ch\/fr\/","name":"Schweizer Shop f\u00fcr Sport, Spiel und Freizeit","description":"Gratisversand ab 50.- (netto), ab eigenem schweizer Lager, Lieferung innert 48h","publisher":{"@id":"https:\/\/schweizversand.ch\/fr\/#organization"},"alternateName":"Schweizversand.ch","potentialAction":[{"@type":"SearchAction","target":{"@type":"EntryPoint","urlTemplate":"https:\/\/schweizversand.ch\/fr\/?s={search_term_string}"},"query-input":{"@type":"PropertyValueSpecification","valueRequired":true,"valueName":"search_term_string"}}],"inLanguage":"fr-FR"},{"@type":"Organization","@id":"https:\/\/schweizversand.ch\/fr\/#organization","name":"Schweizversand.ch","url":"https:\/\/schweizversand.ch\/fr\/","logo":{"@type":"ImageObject","inLanguage":"fr-FR","@id":"https:\/\/schweizversand.ch\/fr\/#\/schema\/logo\/image\/","url":"https:\/\/schweizversand.ch\/wp-content\/uploads\/2026\/03\/Logo_Rund_Final-1.png","contentUrl":"https:\/\/schweizversand.ch\/wp-content\/uploads\/2026\/03\/Logo_Rund_Final-1.png","width":404,"height":404,"caption":"Schweizversand.ch"},"image":{"@id":"https:\/\/schweizversand.ch\/fr\/#\/schema\/logo\/image\/"},"sameAs":["https:\/\/www.facebook.com\/Schweizversand","https:\/\/www.instagram.com\/schweizversand.ch\/"]}]}},"jetpack_sharing_enabled":true,"_links":{"self":[{"href":"https:\/\/schweizversand.ch\/fr\/wp-json\/wp\/v2\/product\/249751","targetHints":{"allow":["GET"]}}],"collection":[{"href":"https:\/\/schweizversand.ch\/fr\/wp-json\/wp\/v2\/product"}],"about":[{"href":"https:\/\/schweizversand.ch\/fr\/wp-json\/wp\/v2\/types\/product"}],"replies":[{"embeddable":true,"href":"https:\/\/schweizversand.ch\/fr\/wp-json\/wp\/v2\/comments?post=249751"}],"wp:featuredmedia":[{"embeddable":true,"href":"https:\/\/schweizversand.ch\/fr\/wp-json\/wp\/v2\/media\/165888"}],"wp:attachment":[{"href":"https:\/\/schweizversand.ch\/fr\/wp-json\/wp\/v2\/media?parent=249751"}],"wp:term":[{"taxonomy":"product_brand","embeddable":true,"href":"https:\/\/schweizversand.ch\/fr\/wp-json\/wp\/v2\/product_brand?post=249751"},{"taxonomy":"product_cat","embeddable":true,"href":"https:\/\/schweizversand.ch\/fr\/wp-json\/wp\/v2\/product_cat?post=249751"},{"taxonomy":"product_tag","embeddable":true,"href":"https:\/\/schweizversand.ch\/fr\/wp-json\/wp\/v2\/product_tag?post=249751"}],"curies":[{"name":"wp","href":"https:\/\/api.w.org\/{rel}","templated":true}]}}