{"id":249754,"date":"2026-03-14T23:50:06","date_gmt":"2026-03-14T22:50:06","guid":{"rendered":"https:\/\/schweizversand.ch\/produkt\/thinkfun-rush-hour-kompakt-ausgabe\/"},"modified":"2026-04-20T02:04:30","modified_gmt":"2026-04-20T00:04:30","slug":"thinkfun-rush-hour-kompakt-ausgabe","status":"publish","type":"product","link":"https:\/\/schweizversand.ch\/fr\/produkt\/thinkfun-rush-hour-kompakt-ausgabe\/","title":{"rendered":"Thinkfun Rush Hour &#8211; \u00c9dition compacte"},"content":{"rendered":"<p>Rush Hour est un grand classique des jeux de logique. D\u00e9sormais disponible en format compact, il est id\u00e9al pour jouer partout.<\/p>\n<\/p>\n<p>Les voitures sont plac\u00e9es sur le plateau de jeu selon le d\u00e9fi choisi. La petite voiture rouge, coinc\u00e9e dans les embouteillages, doit trouver un moyen de s&rsquo;en sortir.<\/p>\n<\/p>\n<p>30 d\u00e9fis r\u00e9partis sur trois niveaux de difficult\u00e9 sont \u00e0 r\u00e9soudre pour d\u00e9gager la route. Qui sera le premier \u00e0 sortir de l&#8217;embouteillage\u00a0?<\/p>\n<\/p>\n<p>Ce jeu se joue seul ou \u00e0 plusieurs et offre une fa\u00e7on simple et amusante de d\u00e9velopper sa r\u00e9flexion strat\u00e9gique.<\/p>\n<\/p>\n<p>\u2022 Pour 1 joueur ou plus<\/p>\n<\/p>\n<p>\u2022 \u00c0 partir de 8 ans<\/p>\n<\/p>\n<p>Contenu\u00a0:<\/p>\n<\/p>\n<p>\u2022 1 plateau de jeu<\/p>\n<\/p>\n<p>\u2022 1 voiture rouge<\/p>\n<\/p>\n<p>\u2022 15 v\u00e9hicules bloquants<\/p>\n<\/p>\n<p>\u2022 1 livret d&rsquo;instructions avec 30 d\u00e9fis<\/p>\n<\/p>\n<p>\u2022 Dimensions de l&#8217;emballage\u00a0: 11 x 18 x 3 cm<\/p>\n","protected":false},"excerpt":{"rendered":"<p>Rush Hour est un grand classique des jeux de logique. D\u00e9sormais disponible en format compact, il est id\u00e9al pour jouer partout. Les voitures sont plac\u00e9es sur le plateau de jeu selon le d\u00e9fi choisi. La petite voiture rouge, coinc\u00e9e dans les embouteillages, doit trouver un moyen de s&rsquo;en sortir. 30 d\u00e9fis r\u00e9partis sur trois niveaux de difficult\u00e9 sont \u00e0 r\u00e9soudre pour d\u00e9gager la route. Qui sera le premier \u00e0 sortir de l&#8217;embouteillage\u00a0? Ce jeu se&hellip;<\/p>\n","protected":false},"featured_media":165912,"comment_status":"open","ping_status":"closed","template":"","meta":[],"product_brand":[],"product_cat":[38099],"product_tag":[],"class_list":{"0":"post-249754","1":"product","2":"type-product","3":"status-publish","4":"has-post-thumbnail","6":"product_cat-gesellschaftsspiel","7":"product_shipping_class-global_methods","9":"first","10":"instock","11":"taxable","12":"shipping-taxable","13":"purchasable","14":"product-type-simple"},"yoast_head":"<!-- This site is optimized with the Yoast SEO plugin v27.4 - https:\/\/yoast.com\/product\/yoast-seo-wordpress\/ -->\n<title>Thinkfun Rush Hour - Kompakt-Ausgabe | Jetzt kaufen | Schweizversand.ch<\/title>\n<meta name=\"description\" content=\"Thinkfun Rush Hour - Kompakt-Ausgabe g\u00fcnstig kaufen bei Schweizversand.ch. Schnelle Lieferung in der Schweiz. Gratisversand ab CHF 50.\" \/>\n<meta name=\"robots\" content=\"index, follow, max-snippet:-1, max-image-preview:large, max-video-preview:-1\" \/>\n<link rel=\"canonical\" href=\"https:\/\/schweizversand.ch\/fr\/produkt\/thinkfun-rush-hour-kompakt-ausgabe\/\" \/>\n<meta property=\"og:locale\" content=\"fr_FR\" \/>\n<meta property=\"og:type\" content=\"article\" \/>\n<meta property=\"og:title\" content=\"Thinkfun Rush Hour - Kompakt-Ausgabe | Jetzt kaufen | Schweizversand.ch\" \/>\n<meta property=\"og:description\" content=\"Thinkfun Rush Hour - Kompakt-Ausgabe g\u00fcnstig kaufen bei Schweizversand.ch. Schnelle Lieferung in der Schweiz. Gratisversand ab CHF 50.\" \/>\n<meta property=\"og:url\" content=\"https:\/\/schweizversand.ch\/fr\/produkt\/thinkfun-rush-hour-kompakt-ausgabe\/\" \/>\n<meta property=\"og:site_name\" content=\"Schweizer Shop f\u00fcr Sport, Spiel und Freizeit\" \/>\n<meta property=\"article:publisher\" content=\"https:\/\/www.facebook.com\/Schweizversand\" \/>\n<meta property=\"article:modified_time\" content=\"2026-04-20T00:04:30+00:00\" \/>\n<meta property=\"og:image\" content=\"https:\/\/schweizversand.ch\/wp-content\/uploads\/2026\/02\/5471830193.jpg\" \/>\n\t<meta property=\"og:image:width\" content=\"623\" \/>\n\t<meta property=\"og:image:height\" content=\"1024\" \/>\n\t<meta property=\"og:image:type\" content=\"image\/jpeg\" \/>\n<meta name=\"twitter:card\" content=\"summary_large_image\" \/>\n<meta name=\"twitter:label1\" content=\"Dur\u00e9e de lecture estim\u00e9e\" \/>\n\t<meta name=\"twitter:data1\" content=\"1 minute\" \/>\n<script type=\"application\/ld+json\" class=\"yoast-schema-graph\">{\"@context\":\"https:\\\/\\\/schema.org\",\"@graph\":[{\"@type\":\"WebPage\",\"@id\":\"https:\\\/\\\/schweizversand.ch\\\/fr\\\/produkt\\\/thinkfun-rush-hour-kompakt-ausgabe\\\/\",\"url\":\"https:\\\/\\\/schweizversand.ch\\\/fr\\\/produkt\\\/thinkfun-rush-hour-kompakt-ausgabe\\\/\",\"name\":\"Thinkfun Rush Hour - Kompakt-Ausgabe | Jetzt kaufen | Schweizversand.ch\",\"isPartOf\":{\"@id\":\"https:\\\/\\\/schweizversand.ch\\\/fr\\\/#website\"},\"primaryImageOfPage\":{\"@id\":\"https:\\\/\\\/schweizversand.ch\\\/fr\\\/produkt\\\/thinkfun-rush-hour-kompakt-ausgabe\\\/#primaryimage\"},\"image\":{\"@id\":\"https:\\\/\\\/schweizversand.ch\\\/fr\\\/produkt\\\/thinkfun-rush-hour-kompakt-ausgabe\\\/#primaryimage\"},\"thumbnailUrl\":\"https:\\\/\\\/schweizversand.ch\\\/wp-content\\\/uploads\\\/2026\\\/02\\\/5471830193.jpg\",\"datePublished\":\"2026-03-14T22:50:06+00:00\",\"dateModified\":\"2026-04-20T00:04:30+00:00\",\"description\":\"Thinkfun Rush Hour - Kompakt-Ausgabe g\u00fcnstig kaufen bei Schweizversand.ch. Schnelle Lieferung in der Schweiz. Gratisversand ab CHF 50.\",\"breadcrumb\":{\"@id\":\"https:\\\/\\\/schweizversand.ch\\\/fr\\\/produkt\\\/thinkfun-rush-hour-kompakt-ausgabe\\\/#breadcrumb\"},\"inLanguage\":\"fr-FR\",\"potentialAction\":[{\"@type\":\"ReadAction\",\"target\":[\"https:\\\/\\\/schweizversand.ch\\\/fr\\\/produkt\\\/thinkfun-rush-hour-kompakt-ausgabe\\\/\"]}]},{\"@type\":\"ImageObject\",\"inLanguage\":\"fr-FR\",\"@id\":\"https:\\\/\\\/schweizversand.ch\\\/fr\\\/produkt\\\/thinkfun-rush-hour-kompakt-ausgabe\\\/#primaryimage\",\"url\":\"https:\\\/\\\/schweizversand.ch\\\/wp-content\\\/uploads\\\/2026\\\/02\\\/5471830193.jpg\",\"contentUrl\":\"https:\\\/\\\/schweizversand.ch\\\/wp-content\\\/uploads\\\/2026\\\/02\\\/5471830193.jpg\",\"width\":623,\"height\":1024},{\"@type\":\"BreadcrumbList\",\"@id\":\"https:\\\/\\\/schweizversand.ch\\\/fr\\\/produkt\\\/thinkfun-rush-hour-kompakt-ausgabe\\\/#breadcrumb\",\"itemListElement\":[{\"@type\":\"ListItem\",\"position\":1,\"name\":\"Startseite\",\"item\":\"https:\\\/\\\/schweizversand.ch\\\/fr\\\/home\\\/\"},{\"@type\":\"ListItem\",\"position\":2,\"name\":\"Boutique\",\"item\":\"https:\\\/\\\/schweizversand.ch\\\/fr\\\/boutique\\\/\"},{\"@type\":\"ListItem\",\"position\":3,\"name\":\"Jouets et jeux\",\"item\":\"https:\\\/\\\/schweizversand.ch\\\/fr\\\/produkt-kategorie\\\/jouets-et-jeux\\\/\"},{\"@type\":\"ListItem\",\"position\":4,\"name\":\"Jeux et puzzles\",\"item\":\"https:\\\/\\\/schweizversand.ch\\\/fr\\\/produkt-kategorie\\\/jouets-et-jeux\\\/jeux-et-puzzles\\\/\"},{\"@type\":\"ListItem\",\"position\":5,\"name\":\"Jeux de soci\u00e9t\u00e9\",\"item\":\"https:\\\/\\\/schweizversand.ch\\\/fr\\\/produkt-kategorie\\\/gesellschaftsspiel\\\/\"},{\"@type\":\"ListItem\",\"position\":6,\"name\":\"Thinkfun Rush Hour &#8211; \u00c9dition compacte\"}]},{\"@type\":\"WebSite\",\"@id\":\"https:\\\/\\\/schweizversand.ch\\\/fr\\\/#website\",\"url\":\"https:\\\/\\\/schweizversand.ch\\\/fr\\\/\",\"name\":\"Schweizer Shop f\u00fcr Sport, Spiel und Freizeit\",\"description\":\"Gratisversand ab 50.- (netto), ab eigenem schweizer Lager, Lieferung innert 48h\",\"publisher\":{\"@id\":\"https:\\\/\\\/schweizversand.ch\\\/fr\\\/#organization\"},\"alternateName\":\"Schweizversand.ch\",\"potentialAction\":[{\"@type\":\"SearchAction\",\"target\":{\"@type\":\"EntryPoint\",\"urlTemplate\":\"https:\\\/\\\/schweizversand.ch\\\/fr\\\/?s={search_term_string}\"},\"query-input\":{\"@type\":\"PropertyValueSpecification\",\"valueRequired\":true,\"valueName\":\"search_term_string\"}}],\"inLanguage\":\"fr-FR\"},{\"@type\":\"Organization\",\"@id\":\"https:\\\/\\\/schweizversand.ch\\\/fr\\\/#organization\",\"name\":\"Schweizversand.ch\",\"url\":\"https:\\\/\\\/schweizversand.ch\\\/fr\\\/\",\"logo\":{\"@type\":\"ImageObject\",\"inLanguage\":\"fr-FR\",\"@id\":\"https:\\\/\\\/schweizversand.ch\\\/fr\\\/#\\\/schema\\\/logo\\\/image\\\/\",\"url\":\"https:\\\/\\\/schweizversand.ch\\\/wp-content\\\/uploads\\\/2026\\\/03\\\/Logo_Rund_Final-1.png\",\"contentUrl\":\"https:\\\/\\\/schweizversand.ch\\\/wp-content\\\/uploads\\\/2026\\\/03\\\/Logo_Rund_Final-1.png\",\"width\":404,\"height\":404,\"caption\":\"Schweizversand.ch\"},\"image\":{\"@id\":\"https:\\\/\\\/schweizversand.ch\\\/fr\\\/#\\\/schema\\\/logo\\\/image\\\/\"},\"sameAs\":[\"https:\\\/\\\/www.facebook.com\\\/Schweizversand\",\"https:\\\/\\\/www.instagram.com\\\/schweizversand.ch\\\/\"]}]}<\/script>\n<!-- \/ Yoast SEO plugin. -->","yoast_head_json":{"title":"Thinkfun Rush Hour - Kompakt-Ausgabe | Jetzt kaufen | Schweizversand.ch","description":"Thinkfun Rush Hour - Kompakt-Ausgabe g\u00fcnstig kaufen bei Schweizversand.ch. Schnelle Lieferung in der Schweiz. Gratisversand ab CHF 50.","robots":{"index":"index","follow":"follow","max-snippet":"max-snippet:-1","max-image-preview":"max-image-preview:large","max-video-preview":"max-video-preview:-1"},"canonical":"https:\/\/schweizversand.ch\/fr\/produkt\/thinkfun-rush-hour-kompakt-ausgabe\/","og_locale":"fr_FR","og_type":"article","og_title":"Thinkfun Rush Hour - Kompakt-Ausgabe | Jetzt kaufen | Schweizversand.ch","og_description":"Thinkfun Rush Hour - Kompakt-Ausgabe g\u00fcnstig kaufen bei Schweizversand.ch. Schnelle Lieferung in der Schweiz. Gratisversand ab CHF 50.","og_url":"https:\/\/schweizversand.ch\/fr\/produkt\/thinkfun-rush-hour-kompakt-ausgabe\/","og_site_name":"Schweizer Shop f\u00fcr Sport, Spiel und Freizeit","article_publisher":"https:\/\/www.facebook.com\/Schweizversand","article_modified_time":"2026-04-20T00:04:30+00:00","og_image":[{"width":623,"height":1024,"url":"https:\/\/schweizversand.ch\/wp-content\/uploads\/2026\/02\/5471830193.jpg","type":"image\/jpeg"}],"twitter_card":"summary_large_image","twitter_misc":{"Dur\u00e9e de lecture estim\u00e9e":"1 minute"},"schema":{"@context":"https:\/\/schema.org","@graph":[{"@type":"WebPage","@id":"https:\/\/schweizversand.ch\/fr\/produkt\/thinkfun-rush-hour-kompakt-ausgabe\/","url":"https:\/\/schweizversand.ch\/fr\/produkt\/thinkfun-rush-hour-kompakt-ausgabe\/","name":"Thinkfun Rush Hour - Kompakt-Ausgabe | Jetzt kaufen | Schweizversand.ch","isPartOf":{"@id":"https:\/\/schweizversand.ch\/fr\/#website"},"primaryImageOfPage":{"@id":"https:\/\/schweizversand.ch\/fr\/produkt\/thinkfun-rush-hour-kompakt-ausgabe\/#primaryimage"},"image":{"@id":"https:\/\/schweizversand.ch\/fr\/produkt\/thinkfun-rush-hour-kompakt-ausgabe\/#primaryimage"},"thumbnailUrl":"https:\/\/schweizversand.ch\/wp-content\/uploads\/2026\/02\/5471830193.jpg","datePublished":"2026-03-14T22:50:06+00:00","dateModified":"2026-04-20T00:04:30+00:00","description":"Thinkfun Rush Hour - Kompakt-Ausgabe g\u00fcnstig kaufen bei Schweizversand.ch. Schnelle Lieferung in der Schweiz. Gratisversand ab CHF 50.","breadcrumb":{"@id":"https:\/\/schweizversand.ch\/fr\/produkt\/thinkfun-rush-hour-kompakt-ausgabe\/#breadcrumb"},"inLanguage":"fr-FR","potentialAction":[{"@type":"ReadAction","target":["https:\/\/schweizversand.ch\/fr\/produkt\/thinkfun-rush-hour-kompakt-ausgabe\/"]}]},{"@type":"ImageObject","inLanguage":"fr-FR","@id":"https:\/\/schweizversand.ch\/fr\/produkt\/thinkfun-rush-hour-kompakt-ausgabe\/#primaryimage","url":"https:\/\/schweizversand.ch\/wp-content\/uploads\/2026\/02\/5471830193.jpg","contentUrl":"https:\/\/schweizversand.ch\/wp-content\/uploads\/2026\/02\/5471830193.jpg","width":623,"height":1024},{"@type":"BreadcrumbList","@id":"https:\/\/schweizversand.ch\/fr\/produkt\/thinkfun-rush-hour-kompakt-ausgabe\/#breadcrumb","itemListElement":[{"@type":"ListItem","position":1,"name":"Startseite","item":"https:\/\/schweizversand.ch\/fr\/home\/"},{"@type":"ListItem","position":2,"name":"Boutique","item":"https:\/\/schweizversand.ch\/fr\/boutique\/"},{"@type":"ListItem","position":3,"name":"Jouets et jeux","item":"https:\/\/schweizversand.ch\/fr\/produkt-kategorie\/jouets-et-jeux\/"},{"@type":"ListItem","position":4,"name":"Jeux et puzzles","item":"https:\/\/schweizversand.ch\/fr\/produkt-kategorie\/jouets-et-jeux\/jeux-et-puzzles\/"},{"@type":"ListItem","position":5,"name":"Jeux de soci\u00e9t\u00e9","item":"https:\/\/schweizversand.ch\/fr\/produkt-kategorie\/gesellschaftsspiel\/"},{"@type":"ListItem","position":6,"name":"Thinkfun Rush Hour &#8211; \u00c9dition compacte"}]},{"@type":"WebSite","@id":"https:\/\/schweizversand.ch\/fr\/#website","url":"https:\/\/schweizversand.ch\/fr\/","name":"Schweizer Shop f\u00fcr Sport, Spiel und Freizeit","description":"Gratisversand ab 50.- (netto), ab eigenem schweizer Lager, Lieferung innert 48h","publisher":{"@id":"https:\/\/schweizversand.ch\/fr\/#organization"},"alternateName":"Schweizversand.ch","potentialAction":[{"@type":"SearchAction","target":{"@type":"EntryPoint","urlTemplate":"https:\/\/schweizversand.ch\/fr\/?s={search_term_string}"},"query-input":{"@type":"PropertyValueSpecification","valueRequired":true,"valueName":"search_term_string"}}],"inLanguage":"fr-FR"},{"@type":"Organization","@id":"https:\/\/schweizversand.ch\/fr\/#organization","name":"Schweizversand.ch","url":"https:\/\/schweizversand.ch\/fr\/","logo":{"@type":"ImageObject","inLanguage":"fr-FR","@id":"https:\/\/schweizversand.ch\/fr\/#\/schema\/logo\/image\/","url":"https:\/\/schweizversand.ch\/wp-content\/uploads\/2026\/03\/Logo_Rund_Final-1.png","contentUrl":"https:\/\/schweizversand.ch\/wp-content\/uploads\/2026\/03\/Logo_Rund_Final-1.png","width":404,"height":404,"caption":"Schweizversand.ch"},"image":{"@id":"https:\/\/schweizversand.ch\/fr\/#\/schema\/logo\/image\/"},"sameAs":["https:\/\/www.facebook.com\/Schweizversand","https:\/\/www.instagram.com\/schweizversand.ch\/"]}]}},"jetpack_sharing_enabled":true,"_links":{"self":[{"href":"https:\/\/schweizversand.ch\/fr\/wp-json\/wp\/v2\/product\/249754","targetHints":{"allow":["GET"]}}],"collection":[{"href":"https:\/\/schweizversand.ch\/fr\/wp-json\/wp\/v2\/product"}],"about":[{"href":"https:\/\/schweizversand.ch\/fr\/wp-json\/wp\/v2\/types\/product"}],"replies":[{"embeddable":true,"href":"https:\/\/schweizversand.ch\/fr\/wp-json\/wp\/v2\/comments?post=249754"}],"wp:featuredmedia":[{"embeddable":true,"href":"https:\/\/schweizversand.ch\/fr\/wp-json\/wp\/v2\/media\/165912"}],"wp:attachment":[{"href":"https:\/\/schweizversand.ch\/fr\/wp-json\/wp\/v2\/media?parent=249754"}],"wp:term":[{"taxonomy":"product_brand","embeddable":true,"href":"https:\/\/schweizversand.ch\/fr\/wp-json\/wp\/v2\/product_brand?post=249754"},{"taxonomy":"product_cat","embeddable":true,"href":"https:\/\/schweizversand.ch\/fr\/wp-json\/wp\/v2\/product_cat?post=249754"},{"taxonomy":"product_tag","embeddable":true,"href":"https:\/\/schweizversand.ch\/fr\/wp-json\/wp\/v2\/product_tag?post=249754"}],"curies":[{"name":"wp","href":"https:\/\/api.w.org\/{rel}","templated":true}]}}