{"id":249759,"date":"2026-03-14T23:50:09","date_gmt":"2026-03-14T22:50:09","guid":{"rendered":"https:\/\/schweizversand.ch\/produkt\/burti-liquid-waschmittel-145-liter\/"},"modified":"2026-04-21T02:04:07","modified_gmt":"2026-04-21T00:04:07","slug":"burti-liquid-waschmittel-145-liter","status":"publish","type":"product","link":"https:\/\/schweizversand.ch\/fr\/produkt\/burti-liquid-waschmittel-145-liter\/","title":{"rendered":"Lessive liquide Burti 1,45 litre"},"content":{"rendered":"<h1><strong>Gel de lessive universel Burti 1,45 L<\/strong><\/h1>\n<div>D\u00e9couvrez le gel de lessive universel Burti, sp\u00e9cialement con\u00e7u pour nettoyer en douceur et efficacement vos textiles d\u00e9licats et faciles d&rsquo;entretien. Ce d\u00e9tergent liquide de 1,45 L offre un soin complet qui prot\u00e8ge les fibres et pr\u00e9serve l&rsquo;\u00e9clat de vos v\u00eatements. Faites confiance \u00e0 la qualit\u00e9 Burti pour un linge d&rsquo;une propret\u00e9 \u00e9clatante et d&rsquo;une douceur incomparable.<\/p>\n<\/div>\n<div><strong>Avantages du produit et protection des fibres<\/strong><br \/>Le gel de lessive Burti est id\u00e9al pour les mati\u00e8res d\u00e9licates comme la laine et la soie. Sa formule sp\u00e9ciale assure un nettoyage en douceur sans ab\u00eemer les fibres fragiles. Vos v\u00eatements conservent leur forme et leur douceur, pour une apparence et une sensation de neuf plus longtemps.<\/p>\n<\/div>\n<div><strong>Pr\u00e9servation des couleurs et douceur pour la peau<\/strong><br \/>Ce gel lessive tout usage prot\u00e8ge activement les couleurs de vos textiles et pr\u00e9vient la d\u00e9coloration, m\u00eame lavage apr\u00e8s lavage. La formule douce de <strong>Burti Liquide Universel<\/strong> est \u00e9galement <strong>douce pour la peau<\/strong> et id\u00e9ale pour les peaux sensibles.<\/p>\n<\/div>\n<div><strong>Efficacit\u00e9 et utilisation<\/strong><br \/>Avec son format de 1450 ml, ce <strong>grand format<\/strong> de lessive offre une grande capacit\u00e9, permettant jusqu&rsquo;\u00e0 26 lavages. La lessive liquide universelle Burti est polyvalente et offre des r\u00e9sultats optimaux\u00a0:<\/p>\n<\/div>\n<div><strong>Caract\u00e9ristiques principales<\/strong><br \/>&#8211; Format\u00a0: 1450\u00a0ml (jusqu\u2019\u00e0 26\u00a0lavages)<br \/>&#8211; Convient aux textiles d\u00e9licats et faciles d\u2019entretien (ex.\u00a0: laine, soie)<br \/>&#8211; Prot\u00e8ge la structure des fibres et pr\u00e9serve la douceur<br \/>&#8211; Protection efficace des couleurs contre la d\u00e9coloration<br \/>&#8211; Convient \u00e0 tous les niveaux de duret\u00e9 de l\u2019eau<br \/>&#8211; Temp\u00e9rature de lavage jusqu\u2019\u00e0 40\u00a0\u00b0C<br \/>&#8211; Formule douce et respectueuse de la peau<\/p>\n<\/div>\n<div>Procurez-vous d\u00e8s maintenant votre lessive liquide universelle Burti pour un soin tout en douceur et en profondeur de votre linge et prolongez la dur\u00e9e de vie de vos textiles pr\u00e9f\u00e9r\u00e9s.<\/p>\n","protected":false},"excerpt":{"rendered":"<p>Gel de lessive universel Burti 1,45 L D\u00e9couvrez le gel de lessive universel Burti, sp\u00e9cialement con\u00e7u pour nettoyer en douceur et efficacement vos textiles d\u00e9licats et faciles d&rsquo;entretien. Ce d\u00e9tergent liquide de 1,45 L offre un soin complet qui prot\u00e8ge les fibres et pr\u00e9serve l&rsquo;\u00e9clat de vos v\u00eatements. Faites confiance \u00e0 la qualit\u00e9 Burti pour un linge d&rsquo;une propret\u00e9 \u00e9clatante et d&rsquo;une douceur incomparable. Avantages du produit et protection des fibresLe gel de lessive Burti&hellip;<\/p>\n","protected":false},"featured_media":166018,"comment_status":"open","ping_status":"closed","template":"","meta":[],"product_brand":[],"product_cat":[38161,38162],"product_tag":[],"class_list":{"0":"post-249759","1":"product","2":"type-product","3":"status-publish","4":"has-post-thumbnail","6":"product_cat-entsorgen-reinigen","7":"product_cat-nettoyage","8":"product_shipping_class-global_methods","10":"first","11":"instock","12":"taxable","13":"shipping-taxable","14":"purchasable","15":"product-type-simple"},"yoast_head":"<!-- This site is optimized with the Yoast SEO plugin v27.4 - https:\/\/yoast.com\/product\/yoast-seo-wordpress\/ -->\n<title>Burti Liquid Waschmittel 1,45 Liter | Jetzt kaufen | Schweizversand.ch<\/title>\n<meta name=\"description\" content=\"Burti Liquid Waschmittel 1,45 Liter g\u00fcnstig kaufen bei Schweizversand.ch. Schnelle Lieferung in der Schweiz. Gratisversand ab CHF 50.\" \/>\n<meta name=\"robots\" content=\"index, follow, max-snippet:-1, max-image-preview:large, max-video-preview:-1\" \/>\n<link rel=\"canonical\" href=\"https:\/\/schweizversand.ch\/fr\/produkt\/burti-liquid-waschmittel-145-liter\/\" \/>\n<meta property=\"og:locale\" content=\"fr_FR\" \/>\n<meta property=\"og:type\" content=\"article\" \/>\n<meta property=\"og:title\" content=\"Burti Liquid Waschmittel 1,45 Liter | Jetzt kaufen | Schweizversand.ch\" \/>\n<meta property=\"og:description\" content=\"Burti Liquid Waschmittel 1,45 Liter g\u00fcnstig kaufen bei Schweizversand.ch. Schnelle Lieferung in der Schweiz. Gratisversand ab CHF 50.\" \/>\n<meta property=\"og:url\" content=\"https:\/\/schweizversand.ch\/fr\/produkt\/burti-liquid-waschmittel-145-liter\/\" \/>\n<meta property=\"og:site_name\" content=\"Schweizer Shop f\u00fcr Sport, Spiel und Freizeit\" \/>\n<meta property=\"article:publisher\" content=\"https:\/\/www.facebook.com\/Schweizversand\" \/>\n<meta property=\"article:modified_time\" content=\"2026-04-21T00:04:07+00:00\" \/>\n<meta property=\"og:image\" content=\"https:\/\/schweizversand.ch\/wp-content\/uploads\/2026\/02\/5472083351.jpg\" \/>\n\t<meta property=\"og:image:width\" content=\"1024\" \/>\n\t<meta property=\"og:image:height\" content=\"1024\" \/>\n\t<meta property=\"og:image:type\" content=\"image\/jpeg\" \/>\n<meta name=\"twitter:card\" content=\"summary_large_image\" \/>\n<meta name=\"twitter:label1\" content=\"Dur\u00e9e de lecture estim\u00e9e\" \/>\n\t<meta name=\"twitter:data1\" content=\"2 minutes\" \/>\n<script type=\"application\/ld+json\" class=\"yoast-schema-graph\">{\"@context\":\"https:\\\/\\\/schema.org\",\"@graph\":[{\"@type\":\"WebPage\",\"@id\":\"https:\\\/\\\/schweizversand.ch\\\/fr\\\/produkt\\\/burti-liquid-waschmittel-145-liter\\\/\",\"url\":\"https:\\\/\\\/schweizversand.ch\\\/fr\\\/produkt\\\/burti-liquid-waschmittel-145-liter\\\/\",\"name\":\"Burti Liquid Waschmittel 1,45 Liter | Jetzt kaufen | Schweizversand.ch\",\"isPartOf\":{\"@id\":\"https:\\\/\\\/schweizversand.ch\\\/fr\\\/#website\"},\"primaryImageOfPage\":{\"@id\":\"https:\\\/\\\/schweizversand.ch\\\/fr\\\/produkt\\\/burti-liquid-waschmittel-145-liter\\\/#primaryimage\"},\"image\":{\"@id\":\"https:\\\/\\\/schweizversand.ch\\\/fr\\\/produkt\\\/burti-liquid-waschmittel-145-liter\\\/#primaryimage\"},\"thumbnailUrl\":\"https:\\\/\\\/schweizversand.ch\\\/wp-content\\\/uploads\\\/2026\\\/02\\\/5472083351.jpg\",\"datePublished\":\"2026-03-14T22:50:09+00:00\",\"dateModified\":\"2026-04-21T00:04:07+00:00\",\"description\":\"Burti Liquid Waschmittel 1,45 Liter g\u00fcnstig kaufen bei Schweizversand.ch. Schnelle Lieferung in der Schweiz. Gratisversand ab CHF 50.\",\"breadcrumb\":{\"@id\":\"https:\\\/\\\/schweizversand.ch\\\/fr\\\/produkt\\\/burti-liquid-waschmittel-145-liter\\\/#breadcrumb\"},\"inLanguage\":\"fr-FR\",\"potentialAction\":[{\"@type\":\"ReadAction\",\"target\":[\"https:\\\/\\\/schweizversand.ch\\\/fr\\\/produkt\\\/burti-liquid-waschmittel-145-liter\\\/\"]}]},{\"@type\":\"ImageObject\",\"inLanguage\":\"fr-FR\",\"@id\":\"https:\\\/\\\/schweizversand.ch\\\/fr\\\/produkt\\\/burti-liquid-waschmittel-145-liter\\\/#primaryimage\",\"url\":\"https:\\\/\\\/schweizversand.ch\\\/wp-content\\\/uploads\\\/2026\\\/02\\\/5472083351.jpg\",\"contentUrl\":\"https:\\\/\\\/schweizversand.ch\\\/wp-content\\\/uploads\\\/2026\\\/02\\\/5472083351.jpg\",\"width\":1024,\"height\":1024},{\"@type\":\"BreadcrumbList\",\"@id\":\"https:\\\/\\\/schweizversand.ch\\\/fr\\\/produkt\\\/burti-liquid-waschmittel-145-liter\\\/#breadcrumb\",\"itemListElement\":[{\"@type\":\"ListItem\",\"position\":1,\"name\":\"Startseite\",\"item\":\"https:\\\/\\\/schweizversand.ch\\\/fr\\\/home\\\/\"},{\"@type\":\"ListItem\",\"position\":2,\"name\":\"Boutique\",\"item\":\"https:\\\/\\\/schweizversand.ch\\\/fr\\\/boutique\\\/\"},{\"@type\":\"ListItem\",\"position\":3,\"name\":\"M\u00e9nage\",\"item\":\"https:\\\/\\\/schweizversand.ch\\\/fr\\\/produkt-kategorie\\\/menage\\\/\"},{\"@type\":\"ListItem\",\"position\":4,\"name\":\"Cuisine\",\"item\":\"https:\\\/\\\/schweizversand.ch\\\/fr\\\/produkt-kategorie\\\/menage\\\/cuisine\\\/\"},{\"@type\":\"ListItem\",\"position\":5,\"name\":\"\u00c9limination des d\u00e9chets\",\"item\":\"https:\\\/\\\/schweizversand.ch\\\/fr\\\/produkt-kategorie\\\/menage\\\/cuisine\\\/entsorgen-reinigen\\\/\"},{\"@type\":\"ListItem\",\"position\":6,\"name\":\"Nettoyage\",\"item\":\"https:\\\/\\\/schweizversand.ch\\\/fr\\\/produkt-kategorie\\\/menage\\\/cuisine\\\/entsorgen-reinigen\\\/nettoyage\\\/\"},{\"@type\":\"ListItem\",\"position\":7,\"name\":\"Lessive liquide Burti 1,45 litre\"}]},{\"@type\":\"WebSite\",\"@id\":\"https:\\\/\\\/schweizversand.ch\\\/fr\\\/#website\",\"url\":\"https:\\\/\\\/schweizversand.ch\\\/fr\\\/\",\"name\":\"Schweizer Shop f\u00fcr Sport, Spiel und Freizeit\",\"description\":\"Gratisversand ab 50.- (netto), ab eigenem schweizer Lager, Lieferung innert 48h\",\"publisher\":{\"@id\":\"https:\\\/\\\/schweizversand.ch\\\/fr\\\/#organization\"},\"alternateName\":\"Schweizversand.ch\",\"potentialAction\":[{\"@type\":\"SearchAction\",\"target\":{\"@type\":\"EntryPoint\",\"urlTemplate\":\"https:\\\/\\\/schweizversand.ch\\\/fr\\\/?s={search_term_string}\"},\"query-input\":{\"@type\":\"PropertyValueSpecification\",\"valueRequired\":true,\"valueName\":\"search_term_string\"}}],\"inLanguage\":\"fr-FR\"},{\"@type\":\"Organization\",\"@id\":\"https:\\\/\\\/schweizversand.ch\\\/fr\\\/#organization\",\"name\":\"Schweizversand.ch\",\"url\":\"https:\\\/\\\/schweizversand.ch\\\/fr\\\/\",\"logo\":{\"@type\":\"ImageObject\",\"inLanguage\":\"fr-FR\",\"@id\":\"https:\\\/\\\/schweizversand.ch\\\/fr\\\/#\\\/schema\\\/logo\\\/image\\\/\",\"url\":\"https:\\\/\\\/schweizversand.ch\\\/wp-content\\\/uploads\\\/2026\\\/03\\\/Logo_Rund_Final-1.png\",\"contentUrl\":\"https:\\\/\\\/schweizversand.ch\\\/wp-content\\\/uploads\\\/2026\\\/03\\\/Logo_Rund_Final-1.png\",\"width\":404,\"height\":404,\"caption\":\"Schweizversand.ch\"},\"image\":{\"@id\":\"https:\\\/\\\/schweizversand.ch\\\/fr\\\/#\\\/schema\\\/logo\\\/image\\\/\"},\"sameAs\":[\"https:\\\/\\\/www.facebook.com\\\/Schweizversand\",\"https:\\\/\\\/www.instagram.com\\\/schweizversand.ch\\\/\"]}]}<\/script>\n<!-- \/ Yoast SEO plugin. -->","yoast_head_json":{"title":"Burti Liquid Waschmittel 1,45 Liter | Jetzt kaufen | Schweizversand.ch","description":"Burti Liquid Waschmittel 1,45 Liter g\u00fcnstig kaufen bei Schweizversand.ch. Schnelle Lieferung in der Schweiz. Gratisversand ab CHF 50.","robots":{"index":"index","follow":"follow","max-snippet":"max-snippet:-1","max-image-preview":"max-image-preview:large","max-video-preview":"max-video-preview:-1"},"canonical":"https:\/\/schweizversand.ch\/fr\/produkt\/burti-liquid-waschmittel-145-liter\/","og_locale":"fr_FR","og_type":"article","og_title":"Burti Liquid Waschmittel 1,45 Liter | Jetzt kaufen | Schweizversand.ch","og_description":"Burti Liquid Waschmittel 1,45 Liter g\u00fcnstig kaufen bei Schweizversand.ch. Schnelle Lieferung in der Schweiz. Gratisversand ab CHF 50.","og_url":"https:\/\/schweizversand.ch\/fr\/produkt\/burti-liquid-waschmittel-145-liter\/","og_site_name":"Schweizer Shop f\u00fcr Sport, Spiel und Freizeit","article_publisher":"https:\/\/www.facebook.com\/Schweizversand","article_modified_time":"2026-04-21T00:04:07+00:00","og_image":[{"width":1024,"height":1024,"url":"https:\/\/schweizversand.ch\/wp-content\/uploads\/2026\/02\/5472083351.jpg","type":"image\/jpeg"}],"twitter_card":"summary_large_image","twitter_misc":{"Dur\u00e9e de lecture estim\u00e9e":"2 minutes"},"schema":{"@context":"https:\/\/schema.org","@graph":[{"@type":"WebPage","@id":"https:\/\/schweizversand.ch\/fr\/produkt\/burti-liquid-waschmittel-145-liter\/","url":"https:\/\/schweizversand.ch\/fr\/produkt\/burti-liquid-waschmittel-145-liter\/","name":"Burti Liquid Waschmittel 1,45 Liter | Jetzt kaufen | Schweizversand.ch","isPartOf":{"@id":"https:\/\/schweizversand.ch\/fr\/#website"},"primaryImageOfPage":{"@id":"https:\/\/schweizversand.ch\/fr\/produkt\/burti-liquid-waschmittel-145-liter\/#primaryimage"},"image":{"@id":"https:\/\/schweizversand.ch\/fr\/produkt\/burti-liquid-waschmittel-145-liter\/#primaryimage"},"thumbnailUrl":"https:\/\/schweizversand.ch\/wp-content\/uploads\/2026\/02\/5472083351.jpg","datePublished":"2026-03-14T22:50:09+00:00","dateModified":"2026-04-21T00:04:07+00:00","description":"Burti Liquid Waschmittel 1,45 Liter g\u00fcnstig kaufen bei Schweizversand.ch. Schnelle Lieferung in der Schweiz. Gratisversand ab CHF 50.","breadcrumb":{"@id":"https:\/\/schweizversand.ch\/fr\/produkt\/burti-liquid-waschmittel-145-liter\/#breadcrumb"},"inLanguage":"fr-FR","potentialAction":[{"@type":"ReadAction","target":["https:\/\/schweizversand.ch\/fr\/produkt\/burti-liquid-waschmittel-145-liter\/"]}]},{"@type":"ImageObject","inLanguage":"fr-FR","@id":"https:\/\/schweizversand.ch\/fr\/produkt\/burti-liquid-waschmittel-145-liter\/#primaryimage","url":"https:\/\/schweizversand.ch\/wp-content\/uploads\/2026\/02\/5472083351.jpg","contentUrl":"https:\/\/schweizversand.ch\/wp-content\/uploads\/2026\/02\/5472083351.jpg","width":1024,"height":1024},{"@type":"BreadcrumbList","@id":"https:\/\/schweizversand.ch\/fr\/produkt\/burti-liquid-waschmittel-145-liter\/#breadcrumb","itemListElement":[{"@type":"ListItem","position":1,"name":"Startseite","item":"https:\/\/schweizversand.ch\/fr\/home\/"},{"@type":"ListItem","position":2,"name":"Boutique","item":"https:\/\/schweizversand.ch\/fr\/boutique\/"},{"@type":"ListItem","position":3,"name":"M\u00e9nage","item":"https:\/\/schweizversand.ch\/fr\/produkt-kategorie\/menage\/"},{"@type":"ListItem","position":4,"name":"Cuisine","item":"https:\/\/schweizversand.ch\/fr\/produkt-kategorie\/menage\/cuisine\/"},{"@type":"ListItem","position":5,"name":"\u00c9limination des d\u00e9chets","item":"https:\/\/schweizversand.ch\/fr\/produkt-kategorie\/menage\/cuisine\/entsorgen-reinigen\/"},{"@type":"ListItem","position":6,"name":"Nettoyage","item":"https:\/\/schweizversand.ch\/fr\/produkt-kategorie\/menage\/cuisine\/entsorgen-reinigen\/nettoyage\/"},{"@type":"ListItem","position":7,"name":"Lessive liquide Burti 1,45 litre"}]},{"@type":"WebSite","@id":"https:\/\/schweizversand.ch\/fr\/#website","url":"https:\/\/schweizversand.ch\/fr\/","name":"Schweizer Shop f\u00fcr Sport, Spiel und Freizeit","description":"Gratisversand ab 50.- (netto), ab eigenem schweizer Lager, Lieferung innert 48h","publisher":{"@id":"https:\/\/schweizversand.ch\/fr\/#organization"},"alternateName":"Schweizversand.ch","potentialAction":[{"@type":"SearchAction","target":{"@type":"EntryPoint","urlTemplate":"https:\/\/schweizversand.ch\/fr\/?s={search_term_string}"},"query-input":{"@type":"PropertyValueSpecification","valueRequired":true,"valueName":"search_term_string"}}],"inLanguage":"fr-FR"},{"@type":"Organization","@id":"https:\/\/schweizversand.ch\/fr\/#organization","name":"Schweizversand.ch","url":"https:\/\/schweizversand.ch\/fr\/","logo":{"@type":"ImageObject","inLanguage":"fr-FR","@id":"https:\/\/schweizversand.ch\/fr\/#\/schema\/logo\/image\/","url":"https:\/\/schweizversand.ch\/wp-content\/uploads\/2026\/03\/Logo_Rund_Final-1.png","contentUrl":"https:\/\/schweizversand.ch\/wp-content\/uploads\/2026\/03\/Logo_Rund_Final-1.png","width":404,"height":404,"caption":"Schweizversand.ch"},"image":{"@id":"https:\/\/schweizversand.ch\/fr\/#\/schema\/logo\/image\/"},"sameAs":["https:\/\/www.facebook.com\/Schweizversand","https:\/\/www.instagram.com\/schweizversand.ch\/"]}]}},"jetpack_sharing_enabled":true,"_links":{"self":[{"href":"https:\/\/schweizversand.ch\/fr\/wp-json\/wp\/v2\/product\/249759","targetHints":{"allow":["GET"]}}],"collection":[{"href":"https:\/\/schweizversand.ch\/fr\/wp-json\/wp\/v2\/product"}],"about":[{"href":"https:\/\/schweizversand.ch\/fr\/wp-json\/wp\/v2\/types\/product"}],"replies":[{"embeddable":true,"href":"https:\/\/schweizversand.ch\/fr\/wp-json\/wp\/v2\/comments?post=249759"}],"wp:featuredmedia":[{"embeddable":true,"href":"https:\/\/schweizversand.ch\/fr\/wp-json\/wp\/v2\/media\/166018"}],"wp:attachment":[{"href":"https:\/\/schweizversand.ch\/fr\/wp-json\/wp\/v2\/media?parent=249759"}],"wp:term":[{"taxonomy":"product_brand","embeddable":true,"href":"https:\/\/schweizversand.ch\/fr\/wp-json\/wp\/v2\/product_brand?post=249759"},{"taxonomy":"product_cat","embeddable":true,"href":"https:\/\/schweizversand.ch\/fr\/wp-json\/wp\/v2\/product_cat?post=249759"},{"taxonomy":"product_tag","embeddable":true,"href":"https:\/\/schweizversand.ch\/fr\/wp-json\/wp\/v2\/product_tag?post=249759"}],"curies":[{"name":"wp","href":"https:\/\/api.w.org\/{rel}","templated":true}]}}