{"id":249764,"date":"2026-03-14T23:50:16","date_gmt":"2026-03-14T22:50:16","guid":{"rendered":"https:\/\/schweizversand.ch\/produkt\/hudora-ersatznetz-fuer-fussballtor-213-cm-2\/"},"modified":"2026-04-12T02:09:04","modified_gmt":"2026-04-12T00:09:04","slug":"hudora-ersatznetz-fuer-fussballtor-213-cm-2","status":"publish","type":"product","link":"https:\/\/schweizversand.ch\/fr\/produkt\/hudora-ersatznetz-fuer-fussballtor-213-cm-2\/","title":{"rendered":"Filet de remplacement Hudora pour but de football 213 cm"},"content":{"rendered":"<p>Filet \u00e0 nouer pour tous les buts de 213 cm de large\u00a0! Le filet de remplacement HUDORA impressionne par sa facilit\u00e9 d&rsquo;installation,<\/p>\n<\/p>\n<p>pour que le plaisir reprenne rapidement.<\/p>\n<\/p>\n<p>Filet en PE r\u00e9sistant aux intemp\u00e9ries avec fermetures Velcro et 4 cordes de fixation pour une fixation s\u00e9curis\u00e9e au cadre du but.<\/p>\n<\/p>\n<p>&#8211; Filet de remplacement \u00e0 nouer<\/p>\n<\/p>\n<p>&#8211; Pour tous les buts de 213 cm de large<\/p>\n<\/p>\n<p>&#8211; PE r\u00e9sistant aux intemp\u00e9ries<\/p>\n<\/p>\n<p>&#8211; Avec fermetures Velcro<\/p>\n<\/p>\n<p>&#8211; Avec cordes de fixation<\/p>\n","protected":false},"excerpt":{"rendered":"<p>Filet \u00e0 nouer pour tous les buts de 213 cm de large\u00a0! Le filet de remplacement HUDORA impressionne par sa facilit\u00e9 d&rsquo;installation, pour que le plaisir reprenne rapidement. Filet en PE r\u00e9sistant aux intemp\u00e9ries avec fermetures Velcro et 4 cordes de fixation pour une fixation s\u00e9curis\u00e9e au cadre du but. &#8211; Filet de remplacement \u00e0 nouer &#8211; Pour tous les buts de 213 cm de large &#8211; PE r\u00e9sistant aux intemp\u00e9ries &#8211; Avec fermetures Velcro&hellip;<\/p>\n","protected":false},"featured_media":243455,"comment_status":"open","ping_status":"closed","template":"","meta":[],"product_brand":[],"product_cat":[38643,38642],"product_tag":[],"class_list":{"0":"post-249764","1":"product","2":"type-product","3":"status-publish","4":"has-post-thumbnail","6":"product_cat-buts-de-football","7":"product_cat-ballsport","8":"product_shipping_class-global_methods","10":"first","11":"instock","12":"taxable","13":"shipping-taxable","14":"purchasable","15":"product-type-simple"},"yoast_head":"<!-- This site is optimized with the Yoast SEO plugin v27.3 - https:\/\/yoast.com\/product\/yoast-seo-wordpress\/ -->\n<title>Hudora Ersatznetz f\u00fcr Fussballtor 213 cm | Jetzt kaufen | Schweizversand.ch<\/title>\n<meta name=\"description\" content=\"Hudora Ersatznetz f\u00fcr Fussballtor 213 cm g\u00fcnstig kaufen bei Schweizversand.ch. Schnelle Lieferung in der Schweiz. Gratisversand ab CHF 50.\" \/>\n<meta name=\"robots\" content=\"index, follow, max-snippet:-1, max-image-preview:large, max-video-preview:-1\" \/>\n<link rel=\"canonical\" href=\"https:\/\/schweizversand.ch\/fr\/produkt\/hudora-ersatznetz-fuer-fussballtor-213-cm-2\/\" \/>\n<meta property=\"og:locale\" content=\"fr_FR\" \/>\n<meta property=\"og:type\" content=\"article\" \/>\n<meta property=\"og:title\" content=\"Hudora Ersatznetz f\u00fcr Fussballtor 213 cm | Jetzt kaufen | Schweizversand.ch\" \/>\n<meta property=\"og:description\" content=\"Hudora Ersatznetz f\u00fcr Fussballtor 213 cm g\u00fcnstig kaufen bei Schweizversand.ch. Schnelle Lieferung in der Schweiz. Gratisversand ab CHF 50.\" \/>\n<meta property=\"og:url\" content=\"https:\/\/schweizversand.ch\/fr\/produkt\/hudora-ersatznetz-fuer-fussballtor-213-cm-2\/\" \/>\n<meta property=\"og:site_name\" content=\"Schweizer Shop f\u00fcr Sport, Spiel und Freizeit\" \/>\n<meta property=\"article:publisher\" content=\"https:\/\/www.facebook.com\/Schweizversand\" \/>\n<meta property=\"article:modified_time\" content=\"2026-04-12T00:09:04+00:00\" \/>\n<meta property=\"og:image\" content=\"https:\/\/schweizversand.ch\/wp-content\/uploads\/2026\/03\/5473307899-scaled.jpg\" \/>\n\t<meta property=\"og:image:width\" content=\"1920\" \/>\n\t<meta property=\"og:image:height\" content=\"2560\" \/>\n\t<meta property=\"og:image:type\" content=\"image\/jpeg\" \/>\n<meta name=\"twitter:card\" content=\"summary_large_image\" \/>\n<script type=\"application\/ld+json\" class=\"yoast-schema-graph\">{\"@context\":\"https:\\\/\\\/schema.org\",\"@graph\":[{\"@type\":\"WebPage\",\"@id\":\"https:\\\/\\\/schweizversand.ch\\\/fr\\\/produkt\\\/hudora-ersatznetz-fuer-fussballtor-213-cm-2\\\/\",\"url\":\"https:\\\/\\\/schweizversand.ch\\\/fr\\\/produkt\\\/hudora-ersatznetz-fuer-fussballtor-213-cm-2\\\/\",\"name\":\"Hudora Ersatznetz f\u00fcr Fussballtor 213 cm | Jetzt kaufen | Schweizversand.ch\",\"isPartOf\":{\"@id\":\"https:\\\/\\\/schweizversand.ch\\\/fr\\\/#website\"},\"primaryImageOfPage\":{\"@id\":\"https:\\\/\\\/schweizversand.ch\\\/fr\\\/produkt\\\/hudora-ersatznetz-fuer-fussballtor-213-cm-2\\\/#primaryimage\"},\"image\":{\"@id\":\"https:\\\/\\\/schweizversand.ch\\\/fr\\\/produkt\\\/hudora-ersatznetz-fuer-fussballtor-213-cm-2\\\/#primaryimage\"},\"thumbnailUrl\":\"https:\\\/\\\/schweizversand.ch\\\/wp-content\\\/uploads\\\/2026\\\/03\\\/5473307899-scaled.jpg\",\"datePublished\":\"2026-03-14T22:50:16+00:00\",\"dateModified\":\"2026-04-12T00:09:04+00:00\",\"description\":\"Hudora Ersatznetz f\u00fcr Fussballtor 213 cm g\u00fcnstig kaufen bei Schweizversand.ch. Schnelle Lieferung in der Schweiz. Gratisversand ab CHF 50.\",\"breadcrumb\":{\"@id\":\"https:\\\/\\\/schweizversand.ch\\\/fr\\\/produkt\\\/hudora-ersatznetz-fuer-fussballtor-213-cm-2\\\/#breadcrumb\"},\"inLanguage\":\"fr-FR\",\"potentialAction\":[{\"@type\":\"ReadAction\",\"target\":[\"https:\\\/\\\/schweizversand.ch\\\/fr\\\/produkt\\\/hudora-ersatznetz-fuer-fussballtor-213-cm-2\\\/\"]}]},{\"@type\":\"ImageObject\",\"inLanguage\":\"fr-FR\",\"@id\":\"https:\\\/\\\/schweizversand.ch\\\/fr\\\/produkt\\\/hudora-ersatznetz-fuer-fussballtor-213-cm-2\\\/#primaryimage\",\"url\":\"https:\\\/\\\/schweizversand.ch\\\/wp-content\\\/uploads\\\/2026\\\/03\\\/5473307899-scaled.jpg\",\"contentUrl\":\"https:\\\/\\\/schweizversand.ch\\\/wp-content\\\/uploads\\\/2026\\\/03\\\/5473307899-scaled.jpg\",\"width\":1920,\"height\":2560},{\"@type\":\"BreadcrumbList\",\"@id\":\"https:\\\/\\\/schweizversand.ch\\\/fr\\\/produkt\\\/hudora-ersatznetz-fuer-fussballtor-213-cm-2\\\/#breadcrumb\",\"itemListElement\":[{\"@type\":\"ListItem\",\"position\":1,\"name\":\"Startseite\",\"item\":\"https:\\\/\\\/schweizversand.ch\\\/fr\\\/\"},{\"@type\":\"ListItem\",\"position\":2,\"name\":\"Boutique\",\"item\":\"https:\\\/\\\/schweizversand.ch\\\/fr\\\/boutique\\\/\"},{\"@type\":\"ListItem\",\"position\":3,\"name\":\"Filet de remplacement Hudora pour but de football 213 cm\"}]},{\"@type\":\"WebSite\",\"@id\":\"https:\\\/\\\/schweizversand.ch\\\/fr\\\/#website\",\"url\":\"https:\\\/\\\/schweizversand.ch\\\/fr\\\/\",\"name\":\"Schweizer Shop f\u00fcr Sport, Spiel und Freizeit\",\"description\":\"Gratisversand ab 50.- (netto), ab eigenem schweizer Lager, Lieferung innert 48h\",\"publisher\":{\"@id\":\"https:\\\/\\\/schweizversand.ch\\\/fr\\\/#organization\"},\"alternateName\":\"Schweizversand.ch\",\"potentialAction\":[{\"@type\":\"SearchAction\",\"target\":{\"@type\":\"EntryPoint\",\"urlTemplate\":\"https:\\\/\\\/schweizversand.ch\\\/fr\\\/?s={search_term_string}\"},\"query-input\":{\"@type\":\"PropertyValueSpecification\",\"valueRequired\":true,\"valueName\":\"search_term_string\"}}],\"inLanguage\":\"fr-FR\"},{\"@type\":\"Organization\",\"@id\":\"https:\\\/\\\/schweizversand.ch\\\/fr\\\/#organization\",\"name\":\"Schweizversand.ch\",\"url\":\"https:\\\/\\\/schweizversand.ch\\\/fr\\\/\",\"logo\":{\"@type\":\"ImageObject\",\"inLanguage\":\"fr-FR\",\"@id\":\"https:\\\/\\\/schweizversand.ch\\\/fr\\\/#\\\/schema\\\/logo\\\/image\\\/\",\"url\":\"https:\\\/\\\/schweizversand.ch\\\/wp-content\\\/uploads\\\/2026\\\/03\\\/Logo_Rund_Final-1.png\",\"contentUrl\":\"https:\\\/\\\/schweizversand.ch\\\/wp-content\\\/uploads\\\/2026\\\/03\\\/Logo_Rund_Final-1.png\",\"width\":404,\"height\":404,\"caption\":\"Schweizversand.ch\"},\"image\":{\"@id\":\"https:\\\/\\\/schweizversand.ch\\\/fr\\\/#\\\/schema\\\/logo\\\/image\\\/\"},\"sameAs\":[\"https:\\\/\\\/www.facebook.com\\\/Schweizversand\",\"https:\\\/\\\/www.instagram.com\\\/schweizversand.ch\\\/\"]}]}<\/script>\n<!-- \/ Yoast SEO plugin. -->","yoast_head_json":{"title":"Hudora Ersatznetz f\u00fcr Fussballtor 213 cm | Jetzt kaufen | Schweizversand.ch","description":"Hudora Ersatznetz f\u00fcr Fussballtor 213 cm g\u00fcnstig kaufen bei Schweizversand.ch. Schnelle Lieferung in der Schweiz. Gratisversand ab CHF 50.","robots":{"index":"index","follow":"follow","max-snippet":"max-snippet:-1","max-image-preview":"max-image-preview:large","max-video-preview":"max-video-preview:-1"},"canonical":"https:\/\/schweizversand.ch\/fr\/produkt\/hudora-ersatznetz-fuer-fussballtor-213-cm-2\/","og_locale":"fr_FR","og_type":"article","og_title":"Hudora Ersatznetz f\u00fcr Fussballtor 213 cm | Jetzt kaufen | Schweizversand.ch","og_description":"Hudora Ersatznetz f\u00fcr Fussballtor 213 cm g\u00fcnstig kaufen bei Schweizversand.ch. Schnelle Lieferung in der Schweiz. Gratisversand ab CHF 50.","og_url":"https:\/\/schweizversand.ch\/fr\/produkt\/hudora-ersatznetz-fuer-fussballtor-213-cm-2\/","og_site_name":"Schweizer Shop f\u00fcr Sport, Spiel und Freizeit","article_publisher":"https:\/\/www.facebook.com\/Schweizversand","article_modified_time":"2026-04-12T00:09:04+00:00","og_image":[{"width":1920,"height":2560,"url":"https:\/\/schweizversand.ch\/wp-content\/uploads\/2026\/03\/5473307899-scaled.jpg","type":"image\/jpeg"}],"twitter_card":"summary_large_image","schema":{"@context":"https:\/\/schema.org","@graph":[{"@type":"WebPage","@id":"https:\/\/schweizversand.ch\/fr\/produkt\/hudora-ersatznetz-fuer-fussballtor-213-cm-2\/","url":"https:\/\/schweizversand.ch\/fr\/produkt\/hudora-ersatznetz-fuer-fussballtor-213-cm-2\/","name":"Hudora Ersatznetz f\u00fcr Fussballtor 213 cm | Jetzt kaufen | Schweizversand.ch","isPartOf":{"@id":"https:\/\/schweizversand.ch\/fr\/#website"},"primaryImageOfPage":{"@id":"https:\/\/schweizversand.ch\/fr\/produkt\/hudora-ersatznetz-fuer-fussballtor-213-cm-2\/#primaryimage"},"image":{"@id":"https:\/\/schweizversand.ch\/fr\/produkt\/hudora-ersatznetz-fuer-fussballtor-213-cm-2\/#primaryimage"},"thumbnailUrl":"https:\/\/schweizversand.ch\/wp-content\/uploads\/2026\/03\/5473307899-scaled.jpg","datePublished":"2026-03-14T22:50:16+00:00","dateModified":"2026-04-12T00:09:04+00:00","description":"Hudora Ersatznetz f\u00fcr Fussballtor 213 cm g\u00fcnstig kaufen bei Schweizversand.ch. Schnelle Lieferung in der Schweiz. Gratisversand ab CHF 50.","breadcrumb":{"@id":"https:\/\/schweizversand.ch\/fr\/produkt\/hudora-ersatznetz-fuer-fussballtor-213-cm-2\/#breadcrumb"},"inLanguage":"fr-FR","potentialAction":[{"@type":"ReadAction","target":["https:\/\/schweizversand.ch\/fr\/produkt\/hudora-ersatznetz-fuer-fussballtor-213-cm-2\/"]}]},{"@type":"ImageObject","inLanguage":"fr-FR","@id":"https:\/\/schweizversand.ch\/fr\/produkt\/hudora-ersatznetz-fuer-fussballtor-213-cm-2\/#primaryimage","url":"https:\/\/schweizversand.ch\/wp-content\/uploads\/2026\/03\/5473307899-scaled.jpg","contentUrl":"https:\/\/schweizversand.ch\/wp-content\/uploads\/2026\/03\/5473307899-scaled.jpg","width":1920,"height":2560},{"@type":"BreadcrumbList","@id":"https:\/\/schweizversand.ch\/fr\/produkt\/hudora-ersatznetz-fuer-fussballtor-213-cm-2\/#breadcrumb","itemListElement":[{"@type":"ListItem","position":1,"name":"Startseite","item":"https:\/\/schweizversand.ch\/fr\/"},{"@type":"ListItem","position":2,"name":"Boutique","item":"https:\/\/schweizversand.ch\/fr\/boutique\/"},{"@type":"ListItem","position":3,"name":"Filet de remplacement Hudora pour but de football 213 cm"}]},{"@type":"WebSite","@id":"https:\/\/schweizversand.ch\/fr\/#website","url":"https:\/\/schweizversand.ch\/fr\/","name":"Schweizer Shop f\u00fcr Sport, Spiel und Freizeit","description":"Gratisversand ab 50.- (netto), ab eigenem schweizer Lager, Lieferung innert 48h","publisher":{"@id":"https:\/\/schweizversand.ch\/fr\/#organization"},"alternateName":"Schweizversand.ch","potentialAction":[{"@type":"SearchAction","target":{"@type":"EntryPoint","urlTemplate":"https:\/\/schweizversand.ch\/fr\/?s={search_term_string}"},"query-input":{"@type":"PropertyValueSpecification","valueRequired":true,"valueName":"search_term_string"}}],"inLanguage":"fr-FR"},{"@type":"Organization","@id":"https:\/\/schweizversand.ch\/fr\/#organization","name":"Schweizversand.ch","url":"https:\/\/schweizversand.ch\/fr\/","logo":{"@type":"ImageObject","inLanguage":"fr-FR","@id":"https:\/\/schweizversand.ch\/fr\/#\/schema\/logo\/image\/","url":"https:\/\/schweizversand.ch\/wp-content\/uploads\/2026\/03\/Logo_Rund_Final-1.png","contentUrl":"https:\/\/schweizversand.ch\/wp-content\/uploads\/2026\/03\/Logo_Rund_Final-1.png","width":404,"height":404,"caption":"Schweizversand.ch"},"image":{"@id":"https:\/\/schweizversand.ch\/fr\/#\/schema\/logo\/image\/"},"sameAs":["https:\/\/www.facebook.com\/Schweizversand","https:\/\/www.instagram.com\/schweizversand.ch\/"]}]}},"jetpack_sharing_enabled":true,"_links":{"self":[{"href":"https:\/\/schweizversand.ch\/fr\/wp-json\/wp\/v2\/product\/249764","targetHints":{"allow":["GET"]}}],"collection":[{"href":"https:\/\/schweizversand.ch\/fr\/wp-json\/wp\/v2\/product"}],"about":[{"href":"https:\/\/schweizversand.ch\/fr\/wp-json\/wp\/v2\/types\/product"}],"replies":[{"embeddable":true,"href":"https:\/\/schweizversand.ch\/fr\/wp-json\/wp\/v2\/comments?post=249764"}],"wp:featuredmedia":[{"embeddable":true,"href":"https:\/\/schweizversand.ch\/fr\/wp-json\/wp\/v2\/media\/243455"}],"wp:attachment":[{"href":"https:\/\/schweizversand.ch\/fr\/wp-json\/wp\/v2\/media?parent=249764"}],"wp:term":[{"taxonomy":"product_brand","embeddable":true,"href":"https:\/\/schweizversand.ch\/fr\/wp-json\/wp\/v2\/product_brand?post=249764"},{"taxonomy":"product_cat","embeddable":true,"href":"https:\/\/schweizversand.ch\/fr\/wp-json\/wp\/v2\/product_cat?post=249764"},{"taxonomy":"product_tag","embeddable":true,"href":"https:\/\/schweizversand.ch\/fr\/wp-json\/wp\/v2\/product_tag?post=249764"}],"curies":[{"name":"wp","href":"https:\/\/api.w.org\/{rel}","templated":true}]}}