{"id":252244,"date":"2026-03-14T23:49:14","date_gmt":"2026-03-14T22:49:14","guid":{"rendered":"https:\/\/schweizversand.ch\/produkt\/pro-garden-insektenschutz-vorhang-fuer-die-tuer\/"},"modified":"2026-04-20T15:33:39","modified_gmt":"2026-04-20T13:33:39","slug":"pro-garden-insektenschutz-vorhang-fuer-die-tuer","status":"publish","type":"product","link":"https:\/\/schweizversand.ch\/fr\/produkt\/pro-garden-insektenschutz-vorhang-fuer-die-tuer\/","title":{"rendered":"Rideau moustiquaire professionnel pour portes"},"content":{"rendered":"<h1><strong>Moustique de porte Pro Garden \u2013 Magn\u00e9tique et sans per\u00e7age<\/strong><\/h1>\n<div>Fini les insectes ind\u00e9sirables\u00a0! Avec la moustiquaire de porte Pro Garden, vous b\u00e9n\u00e9ficiez d&rsquo;une solution efficace et pratique pour prot\u00e9ger votre maison, votre balcon ou votre caravane des moustiques. Cette moustiquaire sans per\u00e7age allie fonctionnalit\u00e9 maximale et installation ultra-simple.<\/p>\n<\/div>\n<div><strong>Protection parfaite et facilit\u00e9 d&rsquo;utilisation<\/strong><br \/>Cette moustiquaire magn\u00e9tique en deux parties emp\u00eache efficacement les mouches, les moustiques et autres insectes nuisibles d&rsquo;entrer. Gr\u00e2ce \u00e0 sa fermeture automatique, le rideau se referme imm\u00e9diatement apr\u00e8s chaque passage, assurant une protection constante. Id\u00e9ale pour les familles avec enfants et animaux domestiques. Installation sans per\u00e7age\u00a0: Installer cette moustiquaire est un jeu d&rsquo;enfant et ne n\u00e9cessite aucun outil. Ni per\u00e7age, ni vissage. La moustiquaire de porte Pro Garden s&rsquo;installe rapidement et facilement gr\u00e2ce \u00e0 son adh\u00e9sif, offrant ainsi une solution id\u00e9ale et sans r\u00e9sidus pour les appartements en location et les usages temporaires. Caract\u00e9ristiques et dimensions\u00a0: &#8211; Mati\u00e8re\u00a0: Polyester r\u00e9sistant &#8211; Conception\u00a0: Deux panneaux, fermeture magn\u00e9tique automatique &#8211; Dimensions par panneau\u00a0: env. 75\u00a0cm x 220\u00a0cm (largeur totale env. 150\u00a0cm) &#8211; Longueur de la bande adh\u00e9sive\u00a0: env. 600\u00a0cm &#8211; Installation\u00a0: Sans per\u00e7age, id\u00e9ale comme moustiquaire de porte. Procurez-vous d\u00e8s maintenant votre moustiquaire de porte Pro Garden et profitez pleinement de l&rsquo;\u00e9t\u00e9\u00a0: au grand air, sans insectes\u00a0!<\/p>\n","protected":false},"excerpt":{"rendered":"<p>Moustique de porte Pro Garden \u2013 Magn\u00e9tique et sans per\u00e7age Fini les insectes ind\u00e9sirables\u00a0! Avec la moustiquaire de porte Pro Garden, vous b\u00e9n\u00e9ficiez d&rsquo;une solution efficace et pratique pour prot\u00e9ger votre maison, votre balcon ou votre caravane des moustiques. Cette moustiquaire sans per\u00e7age allie fonctionnalit\u00e9 maximale et installation ultra-simple. Protection parfaite et facilit\u00e9 d&rsquo;utilisationCette moustiquaire magn\u00e9tique en deux parties emp\u00eache efficacement les mouches, les moustiques et autres insectes nuisibles d&rsquo;entrer. Gr\u00e2ce \u00e0 sa fermeture automatique,&hellip;<\/p>\n","protected":false},"featured_media":230487,"comment_status":"open","ping_status":"closed","template":"","meta":[],"product_brand":[],"product_cat":[38728],"product_tag":[],"class_list":{"0":"post-252244","1":"product","2":"type-product","3":"status-publish","4":"has-post-thumbnail","6":"product_cat-insektenschutz-2","7":"product_shipping_class-global_methods","9":"first","10":"instock","11":"taxable","12":"shipping-taxable","13":"purchasable","14":"product-type-simple"},"yoast_head":"<!-- This site is optimized with the Yoast SEO plugin v27.4 - https:\/\/yoast.com\/product\/yoast-seo-wordpress\/ -->\n<title>Pro Garden Insektenschutz Vorhang f\u00fcr die T\u00fcr | Jetzt kaufen | Schweizversand.ch<\/title>\n<meta name=\"description\" content=\"Pro Garden Insektenschutz Vorhang f\u00fcr die T\u00fcr g\u00fcnstig kaufen bei Schweizversand.ch. Schnelle Lieferung in der Schweiz. Gratisversand ab CHF 50.\" \/>\n<meta name=\"robots\" content=\"index, follow, max-snippet:-1, max-image-preview:large, max-video-preview:-1\" \/>\n<link rel=\"canonical\" href=\"https:\/\/schweizversand.ch\/fr\/produkt\/pro-garden-insektenschutz-vorhang-fuer-die-tuer\/\" \/>\n<meta property=\"og:locale\" content=\"fr_FR\" \/>\n<meta property=\"og:type\" content=\"article\" \/>\n<meta property=\"og:title\" content=\"Pro Garden Insektenschutz Vorhang f\u00fcr die T\u00fcr | Jetzt kaufen | Schweizversand.ch\" \/>\n<meta property=\"og:description\" content=\"Pro Garden Insektenschutz Vorhang f\u00fcr die T\u00fcr g\u00fcnstig kaufen bei Schweizversand.ch. Schnelle Lieferung in der Schweiz. Gratisversand ab CHF 50.\" \/>\n<meta property=\"og:url\" content=\"https:\/\/schweizversand.ch\/fr\/produkt\/pro-garden-insektenschutz-vorhang-fuer-die-tuer\/\" \/>\n<meta property=\"og:site_name\" content=\"Schweizer Shop f\u00fcr Sport, Spiel und Freizeit\" \/>\n<meta property=\"article:publisher\" content=\"https:\/\/www.facebook.com\/Schweizversand\" \/>\n<meta property=\"article:modified_time\" content=\"2026-04-20T13:33:39+00:00\" \/>\n<meta property=\"og:image\" content=\"https:\/\/schweizversand.ch\/wp-content\/uploads\/2026\/03\/5633133684.jpg\" \/>\n\t<meta property=\"og:image:width\" content=\"1024\" \/>\n\t<meta property=\"og:image:height\" content=\"1024\" \/>\n\t<meta property=\"og:image:type\" content=\"image\/jpeg\" \/>\n<meta name=\"twitter:card\" content=\"summary_large_image\" \/>\n<meta name=\"twitter:label1\" content=\"Dur\u00e9e de lecture estim\u00e9e\" \/>\n\t<meta name=\"twitter:data1\" content=\"1 minute\" \/>\n<script type=\"application\/ld+json\" class=\"yoast-schema-graph\">{\"@context\":\"https:\\\/\\\/schema.org\",\"@graph\":[{\"@type\":\"WebPage\",\"@id\":\"https:\\\/\\\/schweizversand.ch\\\/fr\\\/produkt\\\/pro-garden-insektenschutz-vorhang-fuer-die-tuer\\\/\",\"url\":\"https:\\\/\\\/schweizversand.ch\\\/fr\\\/produkt\\\/pro-garden-insektenschutz-vorhang-fuer-die-tuer\\\/\",\"name\":\"Pro Garden Insektenschutz Vorhang f\u00fcr die T\u00fcr | Jetzt kaufen | Schweizversand.ch\",\"isPartOf\":{\"@id\":\"https:\\\/\\\/schweizversand.ch\\\/fr\\\/#website\"},\"primaryImageOfPage\":{\"@id\":\"https:\\\/\\\/schweizversand.ch\\\/fr\\\/produkt\\\/pro-garden-insektenschutz-vorhang-fuer-die-tuer\\\/#primaryimage\"},\"image\":{\"@id\":\"https:\\\/\\\/schweizversand.ch\\\/fr\\\/produkt\\\/pro-garden-insektenschutz-vorhang-fuer-die-tuer\\\/#primaryimage\"},\"thumbnailUrl\":\"https:\\\/\\\/schweizversand.ch\\\/wp-content\\\/uploads\\\/2026\\\/03\\\/5633133684.jpg\",\"datePublished\":\"2026-03-14T22:49:14+00:00\",\"dateModified\":\"2026-04-20T13:33:39+00:00\",\"description\":\"Pro Garden Insektenschutz Vorhang f\u00fcr die T\u00fcr g\u00fcnstig kaufen bei Schweizversand.ch. Schnelle Lieferung in der Schweiz. Gratisversand ab CHF 50.\",\"breadcrumb\":{\"@id\":\"https:\\\/\\\/schweizversand.ch\\\/fr\\\/produkt\\\/pro-garden-insektenschutz-vorhang-fuer-die-tuer\\\/#breadcrumb\"},\"inLanguage\":\"fr-FR\",\"potentialAction\":[{\"@type\":\"ReadAction\",\"target\":[\"https:\\\/\\\/schweizversand.ch\\\/fr\\\/produkt\\\/pro-garden-insektenschutz-vorhang-fuer-die-tuer\\\/\"]}]},{\"@type\":\"ImageObject\",\"inLanguage\":\"fr-FR\",\"@id\":\"https:\\\/\\\/schweizversand.ch\\\/fr\\\/produkt\\\/pro-garden-insektenschutz-vorhang-fuer-die-tuer\\\/#primaryimage\",\"url\":\"https:\\\/\\\/schweizversand.ch\\\/wp-content\\\/uploads\\\/2026\\\/03\\\/5633133684.jpg\",\"contentUrl\":\"https:\\\/\\\/schweizversand.ch\\\/wp-content\\\/uploads\\\/2026\\\/03\\\/5633133684.jpg\",\"width\":1024,\"height\":1024},{\"@type\":\"BreadcrumbList\",\"@id\":\"https:\\\/\\\/schweizversand.ch\\\/fr\\\/produkt\\\/pro-garden-insektenschutz-vorhang-fuer-die-tuer\\\/#breadcrumb\",\"itemListElement\":[{\"@type\":\"ListItem\",\"position\":1,\"name\":\"Startseite\",\"item\":\"https:\\\/\\\/schweizversand.ch\\\/fr\\\/home\\\/\"},{\"@type\":\"ListItem\",\"position\":2,\"name\":\"Boutique\",\"item\":\"https:\\\/\\\/schweizversand.ch\\\/fr\\\/boutique\\\/\"},{\"@type\":\"ListItem\",\"position\":3,\"name\":\"Maison et jardin\",\"item\":\"https:\\\/\\\/schweizversand.ch\\\/fr\\\/produkt-kategorie\\\/maison-et-jardin\\\/\"},{\"@type\":\"ListItem\",\"position\":4,\"name\":\"Horticulture et technologie\",\"item\":\"https:\\\/\\\/schweizversand.ch\\\/fr\\\/produkt-kategorie\\\/maison-et-jardin\\\/horticulture-et-technologie\\\/\"},{\"@type\":\"ListItem\",\"position\":5,\"name\":\"Protection contre les insectes\",\"item\":\"https:\\\/\\\/schweizversand.ch\\\/fr\\\/produkt-kategorie\\\/insektenschutz-2\\\/\"},{\"@type\":\"ListItem\",\"position\":6,\"name\":\"Rideau moustiquaire professionnel pour portes\"}]},{\"@type\":\"WebSite\",\"@id\":\"https:\\\/\\\/schweizversand.ch\\\/fr\\\/#website\",\"url\":\"https:\\\/\\\/schweizversand.ch\\\/fr\\\/\",\"name\":\"Schweizer Shop f\u00fcr Sport, Spiel und Freizeit\",\"description\":\"Gratisversand ab 50.- (netto), ab eigenem schweizer Lager, Lieferung innert 48h\",\"publisher\":{\"@id\":\"https:\\\/\\\/schweizversand.ch\\\/fr\\\/#organization\"},\"alternateName\":\"Schweizversand.ch\",\"potentialAction\":[{\"@type\":\"SearchAction\",\"target\":{\"@type\":\"EntryPoint\",\"urlTemplate\":\"https:\\\/\\\/schweizversand.ch\\\/fr\\\/?s={search_term_string}\"},\"query-input\":{\"@type\":\"PropertyValueSpecification\",\"valueRequired\":true,\"valueName\":\"search_term_string\"}}],\"inLanguage\":\"fr-FR\"},{\"@type\":\"Organization\",\"@id\":\"https:\\\/\\\/schweizversand.ch\\\/fr\\\/#organization\",\"name\":\"Schweizversand.ch\",\"url\":\"https:\\\/\\\/schweizversand.ch\\\/fr\\\/\",\"logo\":{\"@type\":\"ImageObject\",\"inLanguage\":\"fr-FR\",\"@id\":\"https:\\\/\\\/schweizversand.ch\\\/fr\\\/#\\\/schema\\\/logo\\\/image\\\/\",\"url\":\"https:\\\/\\\/schweizversand.ch\\\/wp-content\\\/uploads\\\/2026\\\/03\\\/Logo_Rund_Final-1.png\",\"contentUrl\":\"https:\\\/\\\/schweizversand.ch\\\/wp-content\\\/uploads\\\/2026\\\/03\\\/Logo_Rund_Final-1.png\",\"width\":404,\"height\":404,\"caption\":\"Schweizversand.ch\"},\"image\":{\"@id\":\"https:\\\/\\\/schweizversand.ch\\\/fr\\\/#\\\/schema\\\/logo\\\/image\\\/\"},\"sameAs\":[\"https:\\\/\\\/www.facebook.com\\\/Schweizversand\",\"https:\\\/\\\/www.instagram.com\\\/schweizversand.ch\\\/\"]}]}<\/script>\n<!-- \/ Yoast SEO plugin. -->","yoast_head_json":{"title":"Pro Garden Insektenschutz Vorhang f\u00fcr die T\u00fcr | Jetzt kaufen | Schweizversand.ch","description":"Pro Garden Insektenschutz Vorhang f\u00fcr die T\u00fcr g\u00fcnstig kaufen bei Schweizversand.ch. Schnelle Lieferung in der Schweiz. Gratisversand ab CHF 50.","robots":{"index":"index","follow":"follow","max-snippet":"max-snippet:-1","max-image-preview":"max-image-preview:large","max-video-preview":"max-video-preview:-1"},"canonical":"https:\/\/schweizversand.ch\/fr\/produkt\/pro-garden-insektenschutz-vorhang-fuer-die-tuer\/","og_locale":"fr_FR","og_type":"article","og_title":"Pro Garden Insektenschutz Vorhang f\u00fcr die T\u00fcr | Jetzt kaufen | Schweizversand.ch","og_description":"Pro Garden Insektenschutz Vorhang f\u00fcr die T\u00fcr g\u00fcnstig kaufen bei Schweizversand.ch. Schnelle Lieferung in der Schweiz. Gratisversand ab CHF 50.","og_url":"https:\/\/schweizversand.ch\/fr\/produkt\/pro-garden-insektenschutz-vorhang-fuer-die-tuer\/","og_site_name":"Schweizer Shop f\u00fcr Sport, Spiel und Freizeit","article_publisher":"https:\/\/www.facebook.com\/Schweizversand","article_modified_time":"2026-04-20T13:33:39+00:00","og_image":[{"width":1024,"height":1024,"url":"https:\/\/schweizversand.ch\/wp-content\/uploads\/2026\/03\/5633133684.jpg","type":"image\/jpeg"}],"twitter_card":"summary_large_image","twitter_misc":{"Dur\u00e9e de lecture estim\u00e9e":"1 minute"},"schema":{"@context":"https:\/\/schema.org","@graph":[{"@type":"WebPage","@id":"https:\/\/schweizversand.ch\/fr\/produkt\/pro-garden-insektenschutz-vorhang-fuer-die-tuer\/","url":"https:\/\/schweizversand.ch\/fr\/produkt\/pro-garden-insektenschutz-vorhang-fuer-die-tuer\/","name":"Pro Garden Insektenschutz Vorhang f\u00fcr die T\u00fcr | Jetzt kaufen | Schweizversand.ch","isPartOf":{"@id":"https:\/\/schweizversand.ch\/fr\/#website"},"primaryImageOfPage":{"@id":"https:\/\/schweizversand.ch\/fr\/produkt\/pro-garden-insektenschutz-vorhang-fuer-die-tuer\/#primaryimage"},"image":{"@id":"https:\/\/schweizversand.ch\/fr\/produkt\/pro-garden-insektenschutz-vorhang-fuer-die-tuer\/#primaryimage"},"thumbnailUrl":"https:\/\/schweizversand.ch\/wp-content\/uploads\/2026\/03\/5633133684.jpg","datePublished":"2026-03-14T22:49:14+00:00","dateModified":"2026-04-20T13:33:39+00:00","description":"Pro Garden Insektenschutz Vorhang f\u00fcr die T\u00fcr g\u00fcnstig kaufen bei Schweizversand.ch. Schnelle Lieferung in der Schweiz. Gratisversand ab CHF 50.","breadcrumb":{"@id":"https:\/\/schweizversand.ch\/fr\/produkt\/pro-garden-insektenschutz-vorhang-fuer-die-tuer\/#breadcrumb"},"inLanguage":"fr-FR","potentialAction":[{"@type":"ReadAction","target":["https:\/\/schweizversand.ch\/fr\/produkt\/pro-garden-insektenschutz-vorhang-fuer-die-tuer\/"]}]},{"@type":"ImageObject","inLanguage":"fr-FR","@id":"https:\/\/schweizversand.ch\/fr\/produkt\/pro-garden-insektenschutz-vorhang-fuer-die-tuer\/#primaryimage","url":"https:\/\/schweizversand.ch\/wp-content\/uploads\/2026\/03\/5633133684.jpg","contentUrl":"https:\/\/schweizversand.ch\/wp-content\/uploads\/2026\/03\/5633133684.jpg","width":1024,"height":1024},{"@type":"BreadcrumbList","@id":"https:\/\/schweizversand.ch\/fr\/produkt\/pro-garden-insektenschutz-vorhang-fuer-die-tuer\/#breadcrumb","itemListElement":[{"@type":"ListItem","position":1,"name":"Startseite","item":"https:\/\/schweizversand.ch\/fr\/home\/"},{"@type":"ListItem","position":2,"name":"Boutique","item":"https:\/\/schweizversand.ch\/fr\/boutique\/"},{"@type":"ListItem","position":3,"name":"Maison et jardin","item":"https:\/\/schweizversand.ch\/fr\/produkt-kategorie\/maison-et-jardin\/"},{"@type":"ListItem","position":4,"name":"Horticulture et technologie","item":"https:\/\/schweizversand.ch\/fr\/produkt-kategorie\/maison-et-jardin\/horticulture-et-technologie\/"},{"@type":"ListItem","position":5,"name":"Protection contre les insectes","item":"https:\/\/schweizversand.ch\/fr\/produkt-kategorie\/insektenschutz-2\/"},{"@type":"ListItem","position":6,"name":"Rideau moustiquaire professionnel pour portes"}]},{"@type":"WebSite","@id":"https:\/\/schweizversand.ch\/fr\/#website","url":"https:\/\/schweizversand.ch\/fr\/","name":"Schweizer Shop f\u00fcr Sport, Spiel und Freizeit","description":"Gratisversand ab 50.- (netto), ab eigenem schweizer Lager, Lieferung innert 48h","publisher":{"@id":"https:\/\/schweizversand.ch\/fr\/#organization"},"alternateName":"Schweizversand.ch","potentialAction":[{"@type":"SearchAction","target":{"@type":"EntryPoint","urlTemplate":"https:\/\/schweizversand.ch\/fr\/?s={search_term_string}"},"query-input":{"@type":"PropertyValueSpecification","valueRequired":true,"valueName":"search_term_string"}}],"inLanguage":"fr-FR"},{"@type":"Organization","@id":"https:\/\/schweizversand.ch\/fr\/#organization","name":"Schweizversand.ch","url":"https:\/\/schweizversand.ch\/fr\/","logo":{"@type":"ImageObject","inLanguage":"fr-FR","@id":"https:\/\/schweizversand.ch\/fr\/#\/schema\/logo\/image\/","url":"https:\/\/schweizversand.ch\/wp-content\/uploads\/2026\/03\/Logo_Rund_Final-1.png","contentUrl":"https:\/\/schweizversand.ch\/wp-content\/uploads\/2026\/03\/Logo_Rund_Final-1.png","width":404,"height":404,"caption":"Schweizversand.ch"},"image":{"@id":"https:\/\/schweizversand.ch\/fr\/#\/schema\/logo\/image\/"},"sameAs":["https:\/\/www.facebook.com\/Schweizversand","https:\/\/www.instagram.com\/schweizversand.ch\/"]}]}},"jetpack_sharing_enabled":true,"_links":{"self":[{"href":"https:\/\/schweizversand.ch\/fr\/wp-json\/wp\/v2\/product\/252244","targetHints":{"allow":["GET"]}}],"collection":[{"href":"https:\/\/schweizversand.ch\/fr\/wp-json\/wp\/v2\/product"}],"about":[{"href":"https:\/\/schweizversand.ch\/fr\/wp-json\/wp\/v2\/types\/product"}],"replies":[{"embeddable":true,"href":"https:\/\/schweizversand.ch\/fr\/wp-json\/wp\/v2\/comments?post=252244"}],"wp:featuredmedia":[{"embeddable":true,"href":"https:\/\/schweizversand.ch\/fr\/wp-json\/wp\/v2\/media\/230487"}],"wp:attachment":[{"href":"https:\/\/schweizversand.ch\/fr\/wp-json\/wp\/v2\/media?parent=252244"}],"wp:term":[{"taxonomy":"product_brand","embeddable":true,"href":"https:\/\/schweizversand.ch\/fr\/wp-json\/wp\/v2\/product_brand?post=252244"},{"taxonomy":"product_cat","embeddable":true,"href":"https:\/\/schweizversand.ch\/fr\/wp-json\/wp\/v2\/product_cat?post=252244"},{"taxonomy":"product_tag","embeddable":true,"href":"https:\/\/schweizversand.ch\/fr\/wp-json\/wp\/v2\/product_tag?post=252244"}],"curies":[{"name":"wp","href":"https:\/\/api.w.org\/{rel}","templated":true}]}}