{"id":252283,"date":"2026-03-15T00:55:10","date_gmt":"2026-03-14T23:55:10","guid":{"rendered":"https:\/\/schweizversand.ch\/produkt\/on-herren-schuh-cloudswift-4-2\/"},"modified":"2026-04-20T02:03:37","modified_gmt":"2026-04-20T00:03:37","slug":"on-herren-schuh-cloudswift-4-2","status":"publish","type":"product","link":"https:\/\/schweizversand.ch\/fr\/produkt\/on-herren-schuh-cloudswift-4-2\/","title":{"rendered":"Chaussure pour homme ON Cloudswift 4"},"content":{"rendered":"<p>On Cloudswift 4 \u2013 La chaussure de running urbaine id\u00e9ale pour votre style de vie citadin<\/p>\n<\/p>\n<p>Performance. Confort. Durabilit\u00e9.<\/p>\n<\/p>\n<p>La Cloudswift 4 de On est bien plus qu&rsquo;une simple chaussure de running\u00a0: c&rsquo;est votre fid\u00e8le alli\u00e9e pour une vie active. Que vous couriez dans les rues de la ville ou que vous passiez la journ\u00e9e debout, cette chaussure vous offre ce dont vous avez besoin\u00a0: \u00e9nergie, confort et style.<\/p>\n<\/p>\n<p>Pourquoi la Cloudswift 4 est le choix id\u00e9al pour les coureurs urbains\u00a0:<\/p>\n<\/p>\n<p>\u2022 Tige respirante\u00a0: Conception monobloc avec embout perfor\u00e9 pour une ventilation optimale, m\u00eame lors des courses les plus intenses.<\/p>\n<\/p>\n<p>\u2022 Semelle interm\u00e9diaire en superfoam Helion\u2122\u00a0: Pour une sensation de dynamisme, de l\u00e9g\u00e8ret\u00e9 et de r\u00e9activit\u00e9 \u00e0 chaque foul\u00e9e.<\/p>\n<\/p>\n<p>\u2022 Technologie CloudTec Phase\u00ae\u00a0: Assure une foul\u00e9e fluide et naturelle et des r\u00e9ceptions en douceur.<\/p>\n<\/p>\n<p>\u2022 Semelle Speedboard\u00ae en nylon m\u00e9lang\u00e9 : convertit l&rsquo;\u00e9nergie de l&rsquo;impact en propulsion vers l&rsquo;avant, pour plus de dynamisme en ville.<\/p>\n<\/p>\n<p>\u2022 Semelle ext\u00e9rieure sans cailloux : une conception ing\u00e9nieuse emp\u00eache les petits cailloux de se coincer.<\/p>\n<\/p>\n<p>Caract\u00e9ristiques techniques en un coup d&rsquo;\u0153il :<\/p>\n<\/p>\n<p>\u2022 Forme incurv\u00e9e pour un d\u00e9roul\u00e9 du pied confortable<\/p>\n<\/p>\n<p>\u2022 Coupe standard, pointure conforme<\/p>\n<\/p>\n<p>\u2022 Poids : seulement 278 g<\/p>\n<\/p>\n<p>\u2022 Drop : 8 mm \u2013 id\u00e9al pour une foul\u00e9e naturelle<\/p>\n<\/p>\n<p>\u00c0 qui s&rsquo;adresse la Cloudswift 4 ?<\/p>\n<\/p>\n<p>Aux coureurs urbains, aux personnes qui se d\u00e9placent en ville, aux marcheurs r\u00e9guliers et \u00e0 tous ceux qui recherchent des chaussures confortables et performantes tout au long de la journ\u00e9e. Que ce soit un sprint matinal pour attraper le bus ou un footing apr\u00e8s le travail dans le parc, cette chaussure est toujours \u00e0 son aise.<\/p>\n","protected":false},"excerpt":{"rendered":"<p>On Cloudswift 4 \u2013 La chaussure de running urbaine id\u00e9ale pour votre style de vie citadin Performance. Confort. Durabilit\u00e9. La Cloudswift 4 de On est bien plus qu&rsquo;une simple chaussure de running\u00a0: c&rsquo;est votre fid\u00e8le alli\u00e9e pour une vie active. Que vous couriez dans les rues de la ville ou que vous passiez la journ\u00e9e debout, cette chaussure vous offre ce dont vous avez besoin\u00a0: \u00e9nergie, confort et style. Pourquoi la Cloudswift 4 est le&hellip;<\/p>\n","protected":false},"featured_media":159909,"comment_status":"open","ping_status":"closed","template":"","meta":[],"product_brand":[],"product_cat":[38522,38523],"product_tag":[],"class_list":{"0":"post-252283","1":"product","2":"type-product","3":"status-publish","4":"has-post-thumbnail","6":"product_cat-herrenschuhe","7":"product_cat-chaussures-pour-hommes","8":"product_shipping_class-global_methods","10":"first","11":"instock","12":"taxable","13":"shipping-taxable","14":"purchasable","15":"product-type-simple"},"yoast_head":"<!-- This site is optimized with the Yoast SEO plugin v27.4 - https:\/\/yoast.com\/product\/yoast-seo-wordpress\/ -->\n<title>ON Herren Schuh Cloudswift 4 | Jetzt kaufen | Schweizversand.ch<\/title>\n<meta name=\"description\" content=\"ON Herren Schuh Cloudswift 4 g\u00fcnstig kaufen bei Schweizversand.ch. Schnelle Lieferung in der Schweiz. Gratisversand ab CHF 50.\" \/>\n<meta name=\"robots\" content=\"index, follow, max-snippet:-1, max-image-preview:large, max-video-preview:-1\" \/>\n<link rel=\"canonical\" href=\"https:\/\/schweizversand.ch\/fr\/produkt\/on-herren-schuh-cloudswift-4-2\/\" \/>\n<meta property=\"og:locale\" content=\"fr_FR\" \/>\n<meta property=\"og:type\" content=\"article\" \/>\n<meta property=\"og:title\" content=\"ON Herren Schuh Cloudswift 4 | Jetzt kaufen | Schweizversand.ch\" \/>\n<meta property=\"og:description\" content=\"ON Herren Schuh Cloudswift 4 g\u00fcnstig kaufen bei Schweizversand.ch. Schnelle Lieferung in der Schweiz. Gratisversand ab CHF 50.\" \/>\n<meta property=\"og:url\" content=\"https:\/\/schweizversand.ch\/fr\/produkt\/on-herren-schuh-cloudswift-4-2\/\" \/>\n<meta property=\"og:site_name\" content=\"Schweizer Shop f\u00fcr Sport, Spiel und Freizeit\" \/>\n<meta property=\"article:publisher\" content=\"https:\/\/www.facebook.com\/Schweizversand\" \/>\n<meta property=\"article:modified_time\" content=\"2026-04-20T00:03:37+00:00\" \/>\n<meta name=\"twitter:card\" content=\"summary_large_image\" \/>\n<meta name=\"twitter:label1\" content=\"Dur\u00e9e de lecture estim\u00e9e\" \/>\n\t<meta name=\"twitter:data1\" content=\"1 minute\" \/>\n<script type=\"application\/ld+json\" class=\"yoast-schema-graph\">{\"@context\":\"https:\\\/\\\/schema.org\",\"@graph\":[{\"@type\":\"WebPage\",\"@id\":\"https:\\\/\\\/schweizversand.ch\\\/fr\\\/produkt\\\/on-herren-schuh-cloudswift-4-2\\\/\",\"url\":\"https:\\\/\\\/schweizversand.ch\\\/fr\\\/produkt\\\/on-herren-schuh-cloudswift-4-2\\\/\",\"name\":\"ON Herren Schuh Cloudswift 4 | Jetzt kaufen | Schweizversand.ch\",\"isPartOf\":{\"@id\":\"https:\\\/\\\/schweizversand.ch\\\/fr\\\/#website\"},\"primaryImageOfPage\":{\"@id\":\"https:\\\/\\\/schweizversand.ch\\\/fr\\\/produkt\\\/on-herren-schuh-cloudswift-4-2\\\/#primaryimage\"},\"image\":{\"@id\":\"https:\\\/\\\/schweizversand.ch\\\/fr\\\/produkt\\\/on-herren-schuh-cloudswift-4-2\\\/#primaryimage\"},\"thumbnailUrl\":\"https:\\\/\\\/schweizversand.ch\\\/wp-content\\\/uploads\\\/2026\\\/02\\\/5471963046.jpg\",\"datePublished\":\"2026-03-14T23:55:10+00:00\",\"dateModified\":\"2026-04-20T00:03:37+00:00\",\"description\":\"ON Herren Schuh Cloudswift 4 g\u00fcnstig kaufen bei Schweizversand.ch. Schnelle Lieferung in der Schweiz. Gratisversand ab CHF 50.\",\"breadcrumb\":{\"@id\":\"https:\\\/\\\/schweizversand.ch\\\/fr\\\/produkt\\\/on-herren-schuh-cloudswift-4-2\\\/#breadcrumb\"},\"inLanguage\":\"fr-FR\",\"potentialAction\":[{\"@type\":\"ReadAction\",\"target\":[\"https:\\\/\\\/schweizversand.ch\\\/fr\\\/produkt\\\/on-herren-schuh-cloudswift-4-2\\\/\"]}]},{\"@type\":\"ImageObject\",\"inLanguage\":\"fr-FR\",\"@id\":\"https:\\\/\\\/schweizversand.ch\\\/fr\\\/produkt\\\/on-herren-schuh-cloudswift-4-2\\\/#primaryimage\",\"url\":\"https:\\\/\\\/schweizversand.ch\\\/wp-content\\\/uploads\\\/2026\\\/02\\\/5471963046.jpg\",\"contentUrl\":\"https:\\\/\\\/schweizversand.ch\\\/wp-content\\\/uploads\\\/2026\\\/02\\\/5471963046.jpg\",\"width\":1024,\"height\":1024},{\"@type\":\"BreadcrumbList\",\"@id\":\"https:\\\/\\\/schweizversand.ch\\\/fr\\\/produkt\\\/on-herren-schuh-cloudswift-4-2\\\/#breadcrumb\",\"itemListElement\":[{\"@type\":\"ListItem\",\"position\":1,\"name\":\"Startseite\",\"item\":\"https:\\\/\\\/schweizversand.ch\\\/fr\\\/home\\\/\"},{\"@type\":\"ListItem\",\"position\":2,\"name\":\"Boutique\",\"item\":\"https:\\\/\\\/schweizversand.ch\\\/fr\\\/boutique\\\/\"},{\"@type\":\"ListItem\",\"position\":3,\"name\":\"Mode\",\"item\":\"https:\\\/\\\/schweizversand.ch\\\/fr\\\/produkt-kategorie\\\/mode-fr\\\/\"},{\"@type\":\"ListItem\",\"position\":4,\"name\":\"Mode masculine\",\"item\":\"https:\\\/\\\/schweizversand.ch\\\/fr\\\/produkt-kategorie\\\/mode\\\/mode-masculine\\\/\"},{\"@type\":\"ListItem\",\"position\":5,\"name\":\"Chaussures pour hommes\",\"item\":\"https:\\\/\\\/schweizversand.ch\\\/fr\\\/produkt-kategorie\\\/mode\\\/mode-masculine\\\/chaussures-pour-hommes\\\/\"},{\"@type\":\"ListItem\",\"position\":6,\"name\":\"Chaussure pour homme ON Cloudswift 4\"}]},{\"@type\":\"WebSite\",\"@id\":\"https:\\\/\\\/schweizversand.ch\\\/fr\\\/#website\",\"url\":\"https:\\\/\\\/schweizversand.ch\\\/fr\\\/\",\"name\":\"Schweizer Shop f\u00fcr Sport, Spiel und Freizeit\",\"description\":\"Gratisversand ab 50.- (netto), ab eigenem schweizer Lager, Lieferung innert 48h\",\"publisher\":{\"@id\":\"https:\\\/\\\/schweizversand.ch\\\/fr\\\/#organization\"},\"alternateName\":\"Schweizversand.ch\",\"potentialAction\":[{\"@type\":\"SearchAction\",\"target\":{\"@type\":\"EntryPoint\",\"urlTemplate\":\"https:\\\/\\\/schweizversand.ch\\\/fr\\\/?s={search_term_string}\"},\"query-input\":{\"@type\":\"PropertyValueSpecification\",\"valueRequired\":true,\"valueName\":\"search_term_string\"}}],\"inLanguage\":\"fr-FR\"},{\"@type\":\"Organization\",\"@id\":\"https:\\\/\\\/schweizversand.ch\\\/fr\\\/#organization\",\"name\":\"Schweizversand.ch\",\"url\":\"https:\\\/\\\/schweizversand.ch\\\/fr\\\/\",\"logo\":{\"@type\":\"ImageObject\",\"inLanguage\":\"fr-FR\",\"@id\":\"https:\\\/\\\/schweizversand.ch\\\/fr\\\/#\\\/schema\\\/logo\\\/image\\\/\",\"url\":\"https:\\\/\\\/schweizversand.ch\\\/wp-content\\\/uploads\\\/2026\\\/03\\\/Logo_Rund_Final-1.png\",\"contentUrl\":\"https:\\\/\\\/schweizversand.ch\\\/wp-content\\\/uploads\\\/2026\\\/03\\\/Logo_Rund_Final-1.png\",\"width\":404,\"height\":404,\"caption\":\"Schweizversand.ch\"},\"image\":{\"@id\":\"https:\\\/\\\/schweizversand.ch\\\/fr\\\/#\\\/schema\\\/logo\\\/image\\\/\"},\"sameAs\":[\"https:\\\/\\\/www.facebook.com\\\/Schweizversand\",\"https:\\\/\\\/www.instagram.com\\\/schweizversand.ch\\\/\"]}]}<\/script>\n<!-- \/ Yoast SEO plugin. -->","yoast_head_json":{"title":"ON Herren Schuh Cloudswift 4 | Jetzt kaufen | Schweizversand.ch","description":"ON Herren Schuh Cloudswift 4 g\u00fcnstig kaufen bei Schweizversand.ch. Schnelle Lieferung in der Schweiz. Gratisversand ab CHF 50.","robots":{"index":"index","follow":"follow","max-snippet":"max-snippet:-1","max-image-preview":"max-image-preview:large","max-video-preview":"max-video-preview:-1"},"canonical":"https:\/\/schweizversand.ch\/fr\/produkt\/on-herren-schuh-cloudswift-4-2\/","og_locale":"fr_FR","og_type":"article","og_title":"ON Herren Schuh Cloudswift 4 | Jetzt kaufen | Schweizversand.ch","og_description":"ON Herren Schuh Cloudswift 4 g\u00fcnstig kaufen bei Schweizversand.ch. Schnelle Lieferung in der Schweiz. Gratisversand ab CHF 50.","og_url":"https:\/\/schweizversand.ch\/fr\/produkt\/on-herren-schuh-cloudswift-4-2\/","og_site_name":"Schweizer Shop f\u00fcr Sport, Spiel und Freizeit","article_publisher":"https:\/\/www.facebook.com\/Schweizversand","article_modified_time":"2026-04-20T00:03:37+00:00","twitter_card":"summary_large_image","twitter_misc":{"Dur\u00e9e de lecture estim\u00e9e":"1 minute"},"schema":{"@context":"https:\/\/schema.org","@graph":[{"@type":"WebPage","@id":"https:\/\/schweizversand.ch\/fr\/produkt\/on-herren-schuh-cloudswift-4-2\/","url":"https:\/\/schweizversand.ch\/fr\/produkt\/on-herren-schuh-cloudswift-4-2\/","name":"ON Herren Schuh Cloudswift 4 | Jetzt kaufen | Schweizversand.ch","isPartOf":{"@id":"https:\/\/schweizversand.ch\/fr\/#website"},"primaryImageOfPage":{"@id":"https:\/\/schweizversand.ch\/fr\/produkt\/on-herren-schuh-cloudswift-4-2\/#primaryimage"},"image":{"@id":"https:\/\/schweizversand.ch\/fr\/produkt\/on-herren-schuh-cloudswift-4-2\/#primaryimage"},"thumbnailUrl":"https:\/\/schweizversand.ch\/wp-content\/uploads\/2026\/02\/5471963046.jpg","datePublished":"2026-03-14T23:55:10+00:00","dateModified":"2026-04-20T00:03:37+00:00","description":"ON Herren Schuh Cloudswift 4 g\u00fcnstig kaufen bei Schweizversand.ch. Schnelle Lieferung in der Schweiz. Gratisversand ab CHF 50.","breadcrumb":{"@id":"https:\/\/schweizversand.ch\/fr\/produkt\/on-herren-schuh-cloudswift-4-2\/#breadcrumb"},"inLanguage":"fr-FR","potentialAction":[{"@type":"ReadAction","target":["https:\/\/schweizversand.ch\/fr\/produkt\/on-herren-schuh-cloudswift-4-2\/"]}]},{"@type":"ImageObject","inLanguage":"fr-FR","@id":"https:\/\/schweizversand.ch\/fr\/produkt\/on-herren-schuh-cloudswift-4-2\/#primaryimage","url":"https:\/\/schweizversand.ch\/wp-content\/uploads\/2026\/02\/5471963046.jpg","contentUrl":"https:\/\/schweizversand.ch\/wp-content\/uploads\/2026\/02\/5471963046.jpg","width":1024,"height":1024},{"@type":"BreadcrumbList","@id":"https:\/\/schweizversand.ch\/fr\/produkt\/on-herren-schuh-cloudswift-4-2\/#breadcrumb","itemListElement":[{"@type":"ListItem","position":1,"name":"Startseite","item":"https:\/\/schweizversand.ch\/fr\/home\/"},{"@type":"ListItem","position":2,"name":"Boutique","item":"https:\/\/schweizversand.ch\/fr\/boutique\/"},{"@type":"ListItem","position":3,"name":"Mode","item":"https:\/\/schweizversand.ch\/fr\/produkt-kategorie\/mode-fr\/"},{"@type":"ListItem","position":4,"name":"Mode masculine","item":"https:\/\/schweizversand.ch\/fr\/produkt-kategorie\/mode\/mode-masculine\/"},{"@type":"ListItem","position":5,"name":"Chaussures pour hommes","item":"https:\/\/schweizversand.ch\/fr\/produkt-kategorie\/mode\/mode-masculine\/chaussures-pour-hommes\/"},{"@type":"ListItem","position":6,"name":"Chaussure pour homme ON Cloudswift 4"}]},{"@type":"WebSite","@id":"https:\/\/schweizversand.ch\/fr\/#website","url":"https:\/\/schweizversand.ch\/fr\/","name":"Schweizer Shop f\u00fcr Sport, Spiel und Freizeit","description":"Gratisversand ab 50.- (netto), ab eigenem schweizer Lager, Lieferung innert 48h","publisher":{"@id":"https:\/\/schweizversand.ch\/fr\/#organization"},"alternateName":"Schweizversand.ch","potentialAction":[{"@type":"SearchAction","target":{"@type":"EntryPoint","urlTemplate":"https:\/\/schweizversand.ch\/fr\/?s={search_term_string}"},"query-input":{"@type":"PropertyValueSpecification","valueRequired":true,"valueName":"search_term_string"}}],"inLanguage":"fr-FR"},{"@type":"Organization","@id":"https:\/\/schweizversand.ch\/fr\/#organization","name":"Schweizversand.ch","url":"https:\/\/schweizversand.ch\/fr\/","logo":{"@type":"ImageObject","inLanguage":"fr-FR","@id":"https:\/\/schweizversand.ch\/fr\/#\/schema\/logo\/image\/","url":"https:\/\/schweizversand.ch\/wp-content\/uploads\/2026\/03\/Logo_Rund_Final-1.png","contentUrl":"https:\/\/schweizversand.ch\/wp-content\/uploads\/2026\/03\/Logo_Rund_Final-1.png","width":404,"height":404,"caption":"Schweizversand.ch"},"image":{"@id":"https:\/\/schweizversand.ch\/fr\/#\/schema\/logo\/image\/"},"sameAs":["https:\/\/www.facebook.com\/Schweizversand","https:\/\/www.instagram.com\/schweizversand.ch\/"]}]}},"jetpack_sharing_enabled":true,"_links":{"self":[{"href":"https:\/\/schweizversand.ch\/fr\/wp-json\/wp\/v2\/product\/252283","targetHints":{"allow":["GET"]}}],"collection":[{"href":"https:\/\/schweizversand.ch\/fr\/wp-json\/wp\/v2\/product"}],"about":[{"href":"https:\/\/schweizversand.ch\/fr\/wp-json\/wp\/v2\/types\/product"}],"replies":[{"embeddable":true,"href":"https:\/\/schweizversand.ch\/fr\/wp-json\/wp\/v2\/comments?post=252283"}],"wp:featuredmedia":[{"embeddable":true,"href":"https:\/\/schweizversand.ch\/fr\/wp-json\/wp\/v2\/media\/159909"}],"wp:attachment":[{"href":"https:\/\/schweizversand.ch\/fr\/wp-json\/wp\/v2\/media?parent=252283"}],"wp:term":[{"taxonomy":"product_brand","embeddable":true,"href":"https:\/\/schweizversand.ch\/fr\/wp-json\/wp\/v2\/product_brand?post=252283"},{"taxonomy":"product_cat","embeddable":true,"href":"https:\/\/schweizversand.ch\/fr\/wp-json\/wp\/v2\/product_cat?post=252283"},{"taxonomy":"product_tag","embeddable":true,"href":"https:\/\/schweizversand.ch\/fr\/wp-json\/wp\/v2\/product_tag?post=252283"}],"curies":[{"name":"wp","href":"https:\/\/api.w.org\/{rel}","templated":true}]}}