{"id":252286,"date":"2026-03-15T00:55:10","date_gmt":"2026-03-14T23:55:10","guid":{"rendered":"https:\/\/schweizversand.ch\/produkt\/on-herren-schuh-cloudsurfer-2\/"},"modified":"2026-04-06T02:04:54","modified_gmt":"2026-04-06T00:04:54","slug":"on-herren-schuh-cloudsurfer-2","status":"publish","type":"product","link":"https:\/\/schweizversand.ch\/fr\/produkt\/on-herren-schuh-cloudsurfer-2\/","title":{"rendered":"Chaussure pour homme ON Cloudsurfer 2"},"content":{"rendered":"<p>On Cloudsurfer 2 \u2013 Courez sans effort au quotidien<\/p>\n<\/p>\n<p>L&rsquo;exp\u00e9rience de course la plus douce jamais con\u00e7ue \u2013 encore plus durable, respirante et \u00e9cologique.<\/p>\n<\/p>\n<p>D\u00e9marrez chaque course en toute simplicit\u00e9 avec On Cloudsurfer 2. L&rsquo;association d&rsquo;un amorti intelligent, de mat\u00e9riaux recycl\u00e9s et d&rsquo;une coupe repens\u00e9e fait de cette chaussure de running le choix id\u00e9al pour votre quotidien, que ce soit sur l&rsquo;asphalte, au parc ou sur le chemin du travail.<\/p>\n<\/p>\n<p>L&rsquo;exp\u00e9rience de course ultime gr\u00e2ce \u00e0 CloudTec\u00ae Phase<\/p>\n<\/p>\n<p>Profitez de transitions fluides du talon aux orteils \u2013 l&rsquo;amorti CloudTec\u00ae Phase perfectionn\u00e9, d\u00e9velopp\u00e9 gr\u00e2ce \u00e0 l&rsquo;analyse par \u00e9l\u00e9ments finis (FEA), s&rsquo;adapte parfaitement \u00e0 vos mouvements et offre une exp\u00e9rience de course incroyablement fluide et r\u00e9active \u2013 le tout sans Speedboard.<\/p>\n<\/p>\n<p>Amorti am\u00e9lior\u00e9 et semelle ext\u00e9rieure durable<\/p>\n<\/p>\n<p>La nouvelle semelle interm\u00e9diaire en super-mousse Helion\u2122 offre encore plus de confort \u00e0 chaque foul\u00e9e. Une semelle ext\u00e9rieure repens\u00e9e avec un profil plus robuste assure une adh\u00e9rence et une durabilit\u00e9 accrues, quel que soit le nombre de kilom\u00e8tres parcourus.<\/p>\n<\/p>\n<p>Respirante et \u00e9cologique<\/p>\n<\/p>\n<p>L&#8217;empeigne en mesh respirant garantit une ventilation optimale \u2013 m\u00eame par temps chaud. Parall\u00e8lement, la Cloudsurfer 2 affirme son engagement en faveur du d\u00e9veloppement durable\u00a0: mat\u00e9riaux recycl\u00e9s, \u0153illets brod\u00e9s et teinture \u00e9cologique contribuent \u00e0 pr\u00e9server les ressources.<\/p>\n<\/p>\n<p>Points forts du produit\u00a0:<\/p>\n<\/p>\n<p>\u2022 Technologie CloudTec\u00ae Phase pour une foul\u00e9e fluide et naturelle<\/p>\n<\/p>\n<p>\u2022 Tige en mesh recycl\u00e9\u00a0: respirante et \u00e9cologique<\/p>\n<\/p>\n<p>\u2022 Languette optimis\u00e9e pour un ajustement encore meilleur<\/p>\n<\/p>\n<p>\u2022 \u0152illets et d\u00e9tails brod\u00e9s en fil recycl\u00e9<\/p>\n<\/p>\n<p>\u2022 Semelle interm\u00e9diaire en mousse Helion\u2122 pour un amorti tout en douceur<\/p>\n<\/p>\n<p>\u2022 Semelle ext\u00e9rieure r\u00e9sistante avec un profil am\u00e9lior\u00e9<\/p>\n","protected":false},"excerpt":{"rendered":"<p>On Cloudsurfer 2 \u2013 Courez sans effort au quotidien L&rsquo;exp\u00e9rience de course la plus douce jamais con\u00e7ue \u2013 encore plus durable, respirante et \u00e9cologique. D\u00e9marrez chaque course en toute simplicit\u00e9 avec On Cloudsurfer 2. L&rsquo;association d&rsquo;un amorti intelligent, de mat\u00e9riaux recycl\u00e9s et d&rsquo;une coupe repens\u00e9e fait de cette chaussure de running le choix id\u00e9al pour votre quotidien, que ce soit sur l&rsquo;asphalte, au parc ou sur le chemin du travail. L&rsquo;exp\u00e9rience de course ultime gr\u00e2ce&hellip;<\/p>\n","protected":false},"featured_media":159933,"comment_status":"open","ping_status":"closed","template":"","meta":[],"product_brand":[],"product_cat":[38522,38523],"product_tag":[],"class_list":{"0":"post-252286","1":"product","2":"type-product","3":"status-publish","4":"has-post-thumbnail","6":"product_cat-herrenschuhe","7":"product_cat-chaussures-pour-hommes","8":"product_shipping_class-global_methods","10":"first","11":"instock","12":"taxable","13":"shipping-taxable","14":"purchasable","15":"product-type-simple"},"yoast_head":"<!-- This site is optimized with the Yoast SEO plugin v27.3 - https:\/\/yoast.com\/product\/yoast-seo-wordpress\/ -->\n<title>ON Herren Schuh Cloudsurfer 2 | Jetzt kaufen | Schweizversand.ch<\/title>\n<meta name=\"description\" content=\"ON Herren Schuh Cloudsurfer 2 g\u00fcnstig kaufen bei Schweizversand.ch. Schnelle Lieferung in der Schweiz. Gratisversand ab CHF 50.\" \/>\n<meta name=\"robots\" content=\"index, follow, max-snippet:-1, max-image-preview:large, max-video-preview:-1\" \/>\n<link rel=\"canonical\" href=\"https:\/\/schweizversand.ch\/fr\/produkt\/on-herren-schuh-cloudsurfer-2\/\" \/>\n<meta property=\"og:locale\" content=\"fr_FR\" \/>\n<meta property=\"og:type\" content=\"article\" \/>\n<meta property=\"og:title\" content=\"ON Herren Schuh Cloudsurfer 2 | Jetzt kaufen | Schweizversand.ch\" \/>\n<meta property=\"og:description\" content=\"ON Herren Schuh Cloudsurfer 2 g\u00fcnstig kaufen bei Schweizversand.ch. Schnelle Lieferung in der Schweiz. Gratisversand ab CHF 50.\" \/>\n<meta property=\"og:url\" content=\"https:\/\/schweizversand.ch\/fr\/produkt\/on-herren-schuh-cloudsurfer-2\/\" \/>\n<meta property=\"og:site_name\" content=\"Schweizer Shop f\u00fcr Sport, Spiel und Freizeit\" \/>\n<meta property=\"article:publisher\" content=\"https:\/\/www.facebook.com\/Schweizversand\" \/>\n<meta property=\"article:modified_time\" content=\"2026-04-06T00:04:54+00:00\" \/>\n<meta property=\"og:image\" content=\"https:\/\/schweizversand.ch\/wp-content\/uploads\/2026\/02\/5471954391.jpg\" \/>\n\t<meta property=\"og:image:width\" content=\"1024\" \/>\n\t<meta property=\"og:image:height\" content=\"443\" \/>\n\t<meta property=\"og:image:type\" content=\"image\/jpeg\" \/>\n<meta name=\"twitter:card\" content=\"summary_large_image\" \/>\n<meta name=\"twitter:label1\" content=\"Dur\u00e9e de lecture estim\u00e9e\" \/>\n\t<meta name=\"twitter:data1\" content=\"1 minute\" \/>\n<script type=\"application\/ld+json\" class=\"yoast-schema-graph\">{\"@context\":\"https:\\\/\\\/schema.org\",\"@graph\":[{\"@type\":\"WebPage\",\"@id\":\"https:\\\/\\\/schweizversand.ch\\\/fr\\\/produkt\\\/on-herren-schuh-cloudsurfer-2\\\/\",\"url\":\"https:\\\/\\\/schweizversand.ch\\\/fr\\\/produkt\\\/on-herren-schuh-cloudsurfer-2\\\/\",\"name\":\"ON Herren Schuh Cloudsurfer 2 | Jetzt kaufen | Schweizversand.ch\",\"isPartOf\":{\"@id\":\"https:\\\/\\\/schweizversand.ch\\\/fr\\\/#website\"},\"primaryImageOfPage\":{\"@id\":\"https:\\\/\\\/schweizversand.ch\\\/fr\\\/produkt\\\/on-herren-schuh-cloudsurfer-2\\\/#primaryimage\"},\"image\":{\"@id\":\"https:\\\/\\\/schweizversand.ch\\\/fr\\\/produkt\\\/on-herren-schuh-cloudsurfer-2\\\/#primaryimage\"},\"thumbnailUrl\":\"https:\\\/\\\/schweizversand.ch\\\/wp-content\\\/uploads\\\/2026\\\/02\\\/5471954391.jpg\",\"datePublished\":\"2026-03-14T23:55:10+00:00\",\"dateModified\":\"2026-04-06T00:04:54+00:00\",\"description\":\"ON Herren Schuh Cloudsurfer 2 g\u00fcnstig kaufen bei Schweizversand.ch. Schnelle Lieferung in der Schweiz. Gratisversand ab CHF 50.\",\"breadcrumb\":{\"@id\":\"https:\\\/\\\/schweizversand.ch\\\/fr\\\/produkt\\\/on-herren-schuh-cloudsurfer-2\\\/#breadcrumb\"},\"inLanguage\":\"fr-FR\",\"potentialAction\":[{\"@type\":\"ReadAction\",\"target\":[\"https:\\\/\\\/schweizversand.ch\\\/fr\\\/produkt\\\/on-herren-schuh-cloudsurfer-2\\\/\"]}]},{\"@type\":\"ImageObject\",\"inLanguage\":\"fr-FR\",\"@id\":\"https:\\\/\\\/schweizversand.ch\\\/fr\\\/produkt\\\/on-herren-schuh-cloudsurfer-2\\\/#primaryimage\",\"url\":\"https:\\\/\\\/schweizversand.ch\\\/wp-content\\\/uploads\\\/2026\\\/02\\\/5471954391.jpg\",\"contentUrl\":\"https:\\\/\\\/schweizversand.ch\\\/wp-content\\\/uploads\\\/2026\\\/02\\\/5471954391.jpg\",\"width\":1024,\"height\":443},{\"@type\":\"BreadcrumbList\",\"@id\":\"https:\\\/\\\/schweizversand.ch\\\/fr\\\/produkt\\\/on-herren-schuh-cloudsurfer-2\\\/#breadcrumb\",\"itemListElement\":[{\"@type\":\"ListItem\",\"position\":1,\"name\":\"Startseite\",\"item\":\"https:\\\/\\\/schweizversand.ch\\\/fr\\\/\"},{\"@type\":\"ListItem\",\"position\":2,\"name\":\"Boutique\",\"item\":\"https:\\\/\\\/schweizversand.ch\\\/fr\\\/boutique\\\/\"},{\"@type\":\"ListItem\",\"position\":3,\"name\":\"Chaussure pour homme ON Cloudsurfer 2\"}]},{\"@type\":\"WebSite\",\"@id\":\"https:\\\/\\\/schweizversand.ch\\\/fr\\\/#website\",\"url\":\"https:\\\/\\\/schweizversand.ch\\\/fr\\\/\",\"name\":\"Schweizer Shop f\u00fcr Sport, Spiel und Freizeit\",\"description\":\"Gratisversand ab 50.- (netto), ab eigenem schweizer Lager, Lieferung innert 48h\",\"publisher\":{\"@id\":\"https:\\\/\\\/schweizversand.ch\\\/fr\\\/#organization\"},\"alternateName\":\"Schweizversand.ch\",\"potentialAction\":[{\"@type\":\"SearchAction\",\"target\":{\"@type\":\"EntryPoint\",\"urlTemplate\":\"https:\\\/\\\/schweizversand.ch\\\/fr\\\/?s={search_term_string}\"},\"query-input\":{\"@type\":\"PropertyValueSpecification\",\"valueRequired\":true,\"valueName\":\"search_term_string\"}}],\"inLanguage\":\"fr-FR\"},{\"@type\":\"Organization\",\"@id\":\"https:\\\/\\\/schweizversand.ch\\\/fr\\\/#organization\",\"name\":\"Schweizversand.ch\",\"url\":\"https:\\\/\\\/schweizversand.ch\\\/fr\\\/\",\"logo\":{\"@type\":\"ImageObject\",\"inLanguage\":\"fr-FR\",\"@id\":\"https:\\\/\\\/schweizversand.ch\\\/fr\\\/#\\\/schema\\\/logo\\\/image\\\/\",\"url\":\"https:\\\/\\\/schweizversand.ch\\\/wp-content\\\/uploads\\\/2026\\\/03\\\/Logo_Rund_Final-1.png\",\"contentUrl\":\"https:\\\/\\\/schweizversand.ch\\\/wp-content\\\/uploads\\\/2026\\\/03\\\/Logo_Rund_Final-1.png\",\"width\":404,\"height\":404,\"caption\":\"Schweizversand.ch\"},\"image\":{\"@id\":\"https:\\\/\\\/schweizversand.ch\\\/fr\\\/#\\\/schema\\\/logo\\\/image\\\/\"},\"sameAs\":[\"https:\\\/\\\/www.facebook.com\\\/Schweizversand\",\"https:\\\/\\\/www.instagram.com\\\/schweizversand.ch\\\/\"]}]}<\/script>\n<!-- \/ Yoast SEO plugin. -->","yoast_head_json":{"title":"ON Herren Schuh Cloudsurfer 2 | Jetzt kaufen | Schweizversand.ch","description":"ON Herren Schuh Cloudsurfer 2 g\u00fcnstig kaufen bei Schweizversand.ch. Schnelle Lieferung in der Schweiz. Gratisversand ab CHF 50.","robots":{"index":"index","follow":"follow","max-snippet":"max-snippet:-1","max-image-preview":"max-image-preview:large","max-video-preview":"max-video-preview:-1"},"canonical":"https:\/\/schweizversand.ch\/fr\/produkt\/on-herren-schuh-cloudsurfer-2\/","og_locale":"fr_FR","og_type":"article","og_title":"ON Herren Schuh Cloudsurfer 2 | Jetzt kaufen | Schweizversand.ch","og_description":"ON Herren Schuh Cloudsurfer 2 g\u00fcnstig kaufen bei Schweizversand.ch. Schnelle Lieferung in der Schweiz. Gratisversand ab CHF 50.","og_url":"https:\/\/schweizversand.ch\/fr\/produkt\/on-herren-schuh-cloudsurfer-2\/","og_site_name":"Schweizer Shop f\u00fcr Sport, Spiel und Freizeit","article_publisher":"https:\/\/www.facebook.com\/Schweizversand","article_modified_time":"2026-04-06T00:04:54+00:00","og_image":[{"width":1024,"height":443,"url":"https:\/\/schweizversand.ch\/wp-content\/uploads\/2026\/02\/5471954391.jpg","type":"image\/jpeg"}],"twitter_card":"summary_large_image","twitter_misc":{"Dur\u00e9e de lecture estim\u00e9e":"1 minute"},"schema":{"@context":"https:\/\/schema.org","@graph":[{"@type":"WebPage","@id":"https:\/\/schweizversand.ch\/fr\/produkt\/on-herren-schuh-cloudsurfer-2\/","url":"https:\/\/schweizversand.ch\/fr\/produkt\/on-herren-schuh-cloudsurfer-2\/","name":"ON Herren Schuh Cloudsurfer 2 | Jetzt kaufen | Schweizversand.ch","isPartOf":{"@id":"https:\/\/schweizversand.ch\/fr\/#website"},"primaryImageOfPage":{"@id":"https:\/\/schweizversand.ch\/fr\/produkt\/on-herren-schuh-cloudsurfer-2\/#primaryimage"},"image":{"@id":"https:\/\/schweizversand.ch\/fr\/produkt\/on-herren-schuh-cloudsurfer-2\/#primaryimage"},"thumbnailUrl":"https:\/\/schweizversand.ch\/wp-content\/uploads\/2026\/02\/5471954391.jpg","datePublished":"2026-03-14T23:55:10+00:00","dateModified":"2026-04-06T00:04:54+00:00","description":"ON Herren Schuh Cloudsurfer 2 g\u00fcnstig kaufen bei Schweizversand.ch. Schnelle Lieferung in der Schweiz. Gratisversand ab CHF 50.","breadcrumb":{"@id":"https:\/\/schweizversand.ch\/fr\/produkt\/on-herren-schuh-cloudsurfer-2\/#breadcrumb"},"inLanguage":"fr-FR","potentialAction":[{"@type":"ReadAction","target":["https:\/\/schweizversand.ch\/fr\/produkt\/on-herren-schuh-cloudsurfer-2\/"]}]},{"@type":"ImageObject","inLanguage":"fr-FR","@id":"https:\/\/schweizversand.ch\/fr\/produkt\/on-herren-schuh-cloudsurfer-2\/#primaryimage","url":"https:\/\/schweizversand.ch\/wp-content\/uploads\/2026\/02\/5471954391.jpg","contentUrl":"https:\/\/schweizversand.ch\/wp-content\/uploads\/2026\/02\/5471954391.jpg","width":1024,"height":443},{"@type":"BreadcrumbList","@id":"https:\/\/schweizversand.ch\/fr\/produkt\/on-herren-schuh-cloudsurfer-2\/#breadcrumb","itemListElement":[{"@type":"ListItem","position":1,"name":"Startseite","item":"https:\/\/schweizversand.ch\/fr\/"},{"@type":"ListItem","position":2,"name":"Boutique","item":"https:\/\/schweizversand.ch\/fr\/boutique\/"},{"@type":"ListItem","position":3,"name":"Chaussure pour homme ON Cloudsurfer 2"}]},{"@type":"WebSite","@id":"https:\/\/schweizversand.ch\/fr\/#website","url":"https:\/\/schweizversand.ch\/fr\/","name":"Schweizer Shop f\u00fcr Sport, Spiel und Freizeit","description":"Gratisversand ab 50.- (netto), ab eigenem schweizer Lager, Lieferung innert 48h","publisher":{"@id":"https:\/\/schweizversand.ch\/fr\/#organization"},"alternateName":"Schweizversand.ch","potentialAction":[{"@type":"SearchAction","target":{"@type":"EntryPoint","urlTemplate":"https:\/\/schweizversand.ch\/fr\/?s={search_term_string}"},"query-input":{"@type":"PropertyValueSpecification","valueRequired":true,"valueName":"search_term_string"}}],"inLanguage":"fr-FR"},{"@type":"Organization","@id":"https:\/\/schweizversand.ch\/fr\/#organization","name":"Schweizversand.ch","url":"https:\/\/schweizversand.ch\/fr\/","logo":{"@type":"ImageObject","inLanguage":"fr-FR","@id":"https:\/\/schweizversand.ch\/fr\/#\/schema\/logo\/image\/","url":"https:\/\/schweizversand.ch\/wp-content\/uploads\/2026\/03\/Logo_Rund_Final-1.png","contentUrl":"https:\/\/schweizversand.ch\/wp-content\/uploads\/2026\/03\/Logo_Rund_Final-1.png","width":404,"height":404,"caption":"Schweizversand.ch"},"image":{"@id":"https:\/\/schweizversand.ch\/fr\/#\/schema\/logo\/image\/"},"sameAs":["https:\/\/www.facebook.com\/Schweizversand","https:\/\/www.instagram.com\/schweizversand.ch\/"]}]}},"jetpack_sharing_enabled":true,"_links":{"self":[{"href":"https:\/\/schweizversand.ch\/fr\/wp-json\/wp\/v2\/product\/252286","targetHints":{"allow":["GET"]}}],"collection":[{"href":"https:\/\/schweizversand.ch\/fr\/wp-json\/wp\/v2\/product"}],"about":[{"href":"https:\/\/schweizversand.ch\/fr\/wp-json\/wp\/v2\/types\/product"}],"replies":[{"embeddable":true,"href":"https:\/\/schweizversand.ch\/fr\/wp-json\/wp\/v2\/comments?post=252286"}],"wp:featuredmedia":[{"embeddable":true,"href":"https:\/\/schweizversand.ch\/fr\/wp-json\/wp\/v2\/media\/159933"}],"wp:attachment":[{"href":"https:\/\/schweizversand.ch\/fr\/wp-json\/wp\/v2\/media?parent=252286"}],"wp:term":[{"taxonomy":"product_brand","embeddable":true,"href":"https:\/\/schweizversand.ch\/fr\/wp-json\/wp\/v2\/product_brand?post=252286"},{"taxonomy":"product_cat","embeddable":true,"href":"https:\/\/schweizversand.ch\/fr\/wp-json\/wp\/v2\/product_cat?post=252286"},{"taxonomy":"product_tag","embeddable":true,"href":"https:\/\/schweizversand.ch\/fr\/wp-json\/wp\/v2\/product_tag?post=252286"}],"curies":[{"name":"wp","href":"https:\/\/api.w.org\/{rel}","templated":true}]}}