{"id":252302,"date":"2026-03-15T00:55:12","date_gmt":"2026-03-14T23:55:12","guid":{"rendered":"https:\/\/schweizversand.ch\/produkt\/on-damen-schuh-cloudultra-2-7\/"},"modified":"2026-04-22T15:34:22","modified_gmt":"2026-04-22T13:34:22","slug":"on-damen-schuh-cloudultra-2-7","status":"publish","type":"product","link":"https:\/\/schweizversand.ch\/fr\/produkt\/on-damen-schuh-cloudultra-2-7\/","title":{"rendered":"Chaussure pour femme ON Cloudultra 2"},"content":{"rendered":"<p>On Cloudultra 2 Femme \u2013 Le trail r\u00e9invent\u00e9<\/p>\n<p>Con\u00e7ue pour les ultra-distances. Adapt\u00e9e \u00e0 tous les terrains.<\/p>\n<p>La Cloudultra 2 PO de On est la chaussure de trail id\u00e9ale pour les coureuses exigeantes qui ne font aucun compromis. Que ce soit pour 50 kilom\u00e8tres ou plus, cette chaussure a \u00e9t\u00e9 sp\u00e9cialement con\u00e7ue pour les longues distances, les ultra-trails et les terrains techniques, alliant un confort maximal \u00e0 un maintien pr\u00e9cis et une adh\u00e9rence fiable.<\/p>\n<p>Points forts de la On Cloudultra 2 PO Femme\u00a0:<\/p>\n<p>Amorti Helion\u2122 Superfoam + CloudTec\u00ae<\/p>\n<p>Performances d\u00e9cupl\u00e9es\u00a0: La mousse Helion\u2122 souple et r\u00e9active offre un excellent amorti, tandis que la technologie CloudTec\u00ae absorbe les impacts horizontaux et verticaux, pour une foul\u00e9e fluide et puissante sur tous les terrains.<\/p>\n<p>Semelle TPU Speedboard\u00ae pour une propulsion explosive<\/p>\n<p>La plaque en plastique int\u00e9gr\u00e9e emmagasine l\u2019\u00e9nergie \u00e0 chaque foul\u00e9e et la restitue \u00e0 chaque impulsion, pour une sensation de course dynamique, m\u00eame apr\u00e8s de nombreux kilom\u00e8tres.<\/p>\n<p>Tige fa\u00e7on chaussette en mesh recycl\u00e9<\/p>\n<p>La mati\u00e8re tricot\u00e9e, compos\u00e9e \u00e0 100 % de polyester recycl\u00e9, assure un enfilage facile, un maintien optimal et une excellente respirabilit\u00e9. Elle emp\u00eache la salet\u00e9 de p\u00e9n\u00e9trer et laisse vos pieds respirer \u2013 id\u00e9al pour les longues courses par temps chaud sur les sentiers.<\/p>\n<p>Semelle ext\u00e9rieure Missiongrip\u2122 avec crampons repens\u00e9s<\/p>\n<p>50 % de contact au sol en plus, une traction multidirectionnelle et un caoutchouc adh\u00e9rent offrent une accroche s\u00fbre sur les sentiers humides, escarp\u00e9s ou meubles \u2013 que vous couriez sur des racines, des rochers ou des \u00e9boulis.<\/p>\n<p>Caract\u00e9ristiques suppl\u00e9mentaires pour un confort optimal\u00a0:<\/p>\n<p>\u2022 Syst\u00e8me FlipRelease\u2122\u00a0: ajustement facile<\/p>\n<p>\u2022 Lacets \u00e9lastiques\u00a0: aucun risque de d\u00e9faire ou de tr\u00e9bucher<\/p>\n<p>\u2022 Col de talon optimis\u00e9\u00a0: pour un meilleur amorti et un maintien s\u00fbr<\/p>\n<p>\u2022 Stabilit\u00e9 du m\u00e9dio-pied\u00a0: soutien cibl\u00e9 lorsque vous en avez le plus besoin<\/p>\n<p>\u2022 Durabilit\u00e9\u00a0: environ 25\u00a0% de la chaussure est compos\u00e9e de mat\u00e9riaux recycl\u00e9s, dont 93\u00a0% de polyester recycl\u00e9<\/p>\n<p>Sp\u00e9cifications techniques en bref\u00a0:<\/p>\n<p>\u2022 Cat\u00e9gorie\u00a0: Trail, ultra-distances<\/p>\n<p>\u2022 Mat\u00e9riaux recycl\u00e9s\u00a0: environ 25\u00a0% au total<\/p>\n<p>\u2022 Amorti\u00a0: semelle interm\u00e9diaire Helion\u2122 souple et r\u00e9active<\/p>\n<p>\u2022 Semelle ext\u00e9rieure\u00a0: Missiongrip\u2122 avec crampons polygonaux<\/p>\n<p>\u2022 Speedboard\u00ae\u00a0: plaque en TPU pour une propulsion dynamique<\/p>\n<p>\u2022 Ajustement\u00a0: pr\u00e9cis chaussette<\/p>\n","protected":false},"excerpt":{"rendered":"<p>On Cloudultra 2 Femme \u2013 Le trail r\u00e9invent\u00e9 Con\u00e7ue pour les ultra-distances. Adapt\u00e9e \u00e0 tous les terrains. La Cloudultra 2 PO de On est la chaussure de trail id\u00e9ale pour les coureuses exigeantes qui ne font aucun compromis. Que ce soit pour 50 kilom\u00e8tres ou plus, cette chaussure a \u00e9t\u00e9 sp\u00e9cialement con\u00e7ue pour les longues distances, les ultra-trails et les terrains techniques, alliant un confort maximal \u00e0 un maintien pr\u00e9cis et une adh\u00e9rence fiable. Points&hellip;<\/p>\n","protected":false},"featured_media":160007,"comment_status":"open","ping_status":"closed","template":"","meta":[],"product_brand":[],"product_cat":[38104,38108],"product_tag":[],"class_list":{"0":"post-252302","1":"product","2":"type-product","3":"status-publish","4":"has-post-thumbnail","6":"product_cat-damenschuhe","7":"product_cat-chaussures-pour-femmes","8":"product_shipping_class-global_methods","10":"first","11":"instock","12":"taxable","13":"shipping-taxable","14":"purchasable","15":"product-type-simple"},"yoast_head":"<!-- This site is optimized with the Yoast SEO plugin v27.4 - https:\/\/yoast.com\/product\/yoast-seo-wordpress\/ -->\n<title>ON Damen Schuh Cloudultra 2 | Jetzt kaufen | Schweizversand.ch<\/title>\n<meta name=\"description\" content=\"ON Damen Schuh Cloudultra 2 g\u00fcnstig kaufen bei Schweizversand.ch. Schnelle Lieferung in der Schweiz. Gratisversand ab CHF 50.\" \/>\n<meta name=\"robots\" content=\"index, follow, max-snippet:-1, max-image-preview:large, max-video-preview:-1\" \/>\n<link rel=\"canonical\" href=\"https:\/\/schweizversand.ch\/fr\/produkt\/on-damen-schuh-cloudultra-2-7\/\" \/>\n<meta property=\"og:locale\" content=\"fr_FR\" \/>\n<meta property=\"og:type\" content=\"article\" \/>\n<meta property=\"og:title\" content=\"ON Damen Schuh Cloudultra 2 | Jetzt kaufen | Schweizversand.ch\" \/>\n<meta property=\"og:description\" content=\"ON Damen Schuh Cloudultra 2 g\u00fcnstig kaufen bei Schweizversand.ch. Schnelle Lieferung in der Schweiz. Gratisversand ab CHF 50.\" \/>\n<meta property=\"og:url\" content=\"https:\/\/schweizversand.ch\/fr\/produkt\/on-damen-schuh-cloudultra-2-7\/\" \/>\n<meta property=\"og:site_name\" content=\"Schweizer Shop f\u00fcr Sport, Spiel und Freizeit\" \/>\n<meta property=\"article:publisher\" content=\"https:\/\/www.facebook.com\/Schweizversand\" \/>\n<meta property=\"article:modified_time\" content=\"2026-04-22T13:34:22+00:00\" \/>\n<meta property=\"og:image\" content=\"https:\/\/schweizversand.ch\/wp-content\/uploads\/2026\/02\/5471967260.jpg\" \/>\n\t<meta property=\"og:image:width\" content=\"1024\" \/>\n\t<meta property=\"og:image:height\" content=\"1024\" \/>\n\t<meta property=\"og:image:type\" content=\"image\/jpeg\" \/>\n<meta name=\"twitter:card\" content=\"summary_large_image\" \/>\n<meta name=\"twitter:label1\" content=\"Dur\u00e9e de lecture estim\u00e9e\" \/>\n\t<meta name=\"twitter:data1\" content=\"2 minutes\" \/>\n<script type=\"application\/ld+json\" class=\"yoast-schema-graph\">{\"@context\":\"https:\\\/\\\/schema.org\",\"@graph\":[{\"@type\":\"WebPage\",\"@id\":\"https:\\\/\\\/schweizversand.ch\\\/fr\\\/produkt\\\/on-damen-schuh-cloudultra-2-7\\\/\",\"url\":\"https:\\\/\\\/schweizversand.ch\\\/fr\\\/produkt\\\/on-damen-schuh-cloudultra-2-7\\\/\",\"name\":\"ON Damen Schuh Cloudultra 2 | Jetzt kaufen | Schweizversand.ch\",\"isPartOf\":{\"@id\":\"https:\\\/\\\/schweizversand.ch\\\/fr\\\/#website\"},\"primaryImageOfPage\":{\"@id\":\"https:\\\/\\\/schweizversand.ch\\\/fr\\\/produkt\\\/on-damen-schuh-cloudultra-2-7\\\/#primaryimage\"},\"image\":{\"@id\":\"https:\\\/\\\/schweizversand.ch\\\/fr\\\/produkt\\\/on-damen-schuh-cloudultra-2-7\\\/#primaryimage\"},\"thumbnailUrl\":\"https:\\\/\\\/schweizversand.ch\\\/wp-content\\\/uploads\\\/2026\\\/02\\\/5471967260.jpg\",\"datePublished\":\"2026-03-14T23:55:12+00:00\",\"dateModified\":\"2026-04-22T13:34:22+00:00\",\"description\":\"ON Damen Schuh Cloudultra 2 g\u00fcnstig kaufen bei Schweizversand.ch. Schnelle Lieferung in der Schweiz. Gratisversand ab CHF 50.\",\"breadcrumb\":{\"@id\":\"https:\\\/\\\/schweizversand.ch\\\/fr\\\/produkt\\\/on-damen-schuh-cloudultra-2-7\\\/#breadcrumb\"},\"inLanguage\":\"fr-FR\",\"potentialAction\":[{\"@type\":\"ReadAction\",\"target\":[\"https:\\\/\\\/schweizversand.ch\\\/fr\\\/produkt\\\/on-damen-schuh-cloudultra-2-7\\\/\"]}]},{\"@type\":\"ImageObject\",\"inLanguage\":\"fr-FR\",\"@id\":\"https:\\\/\\\/schweizversand.ch\\\/fr\\\/produkt\\\/on-damen-schuh-cloudultra-2-7\\\/#primaryimage\",\"url\":\"https:\\\/\\\/schweizversand.ch\\\/wp-content\\\/uploads\\\/2026\\\/02\\\/5471967260.jpg\",\"contentUrl\":\"https:\\\/\\\/schweizversand.ch\\\/wp-content\\\/uploads\\\/2026\\\/02\\\/5471967260.jpg\",\"width\":1024,\"height\":1024},{\"@type\":\"BreadcrumbList\",\"@id\":\"https:\\\/\\\/schweizversand.ch\\\/fr\\\/produkt\\\/on-damen-schuh-cloudultra-2-7\\\/#breadcrumb\",\"itemListElement\":[{\"@type\":\"ListItem\",\"position\":1,\"name\":\"Startseite\",\"item\":\"https:\\\/\\\/schweizversand.ch\\\/fr\\\/home\\\/\"},{\"@type\":\"ListItem\",\"position\":2,\"name\":\"Boutique\",\"item\":\"https:\\\/\\\/schweizversand.ch\\\/fr\\\/boutique\\\/\"},{\"@type\":\"ListItem\",\"position\":3,\"name\":\"Mode\",\"item\":\"https:\\\/\\\/schweizversand.ch\\\/fr\\\/produkt-kategorie\\\/mode-fr\\\/\"},{\"@type\":\"ListItem\",\"position\":4,\"name\":\"Mode f\u00e9minine\",\"item\":\"https:\\\/\\\/schweizversand.ch\\\/fr\\\/produkt-kategorie\\\/mode\\\/mode-feminine\\\/\"},{\"@type\":\"ListItem\",\"position\":5,\"name\":\"Chaussures pour femmes\",\"item\":\"https:\\\/\\\/schweizversand.ch\\\/fr\\\/produkt-kategorie\\\/mode\\\/mode-feminine\\\/chaussures-pour-femmes\\\/\"},{\"@type\":\"ListItem\",\"position\":6,\"name\":\"Chaussure pour femme ON Cloudultra 2\"}]},{\"@type\":\"WebSite\",\"@id\":\"https:\\\/\\\/schweizversand.ch\\\/fr\\\/#website\",\"url\":\"https:\\\/\\\/schweizversand.ch\\\/fr\\\/\",\"name\":\"Schweizer Shop f\u00fcr Sport, Spiel und Freizeit\",\"description\":\"Gratisversand ab 50.- (netto), ab eigenem schweizer Lager, Lieferung innert 48h\",\"publisher\":{\"@id\":\"https:\\\/\\\/schweizversand.ch\\\/fr\\\/#organization\"},\"alternateName\":\"Schweizversand.ch\",\"potentialAction\":[{\"@type\":\"SearchAction\",\"target\":{\"@type\":\"EntryPoint\",\"urlTemplate\":\"https:\\\/\\\/schweizversand.ch\\\/fr\\\/?s={search_term_string}\"},\"query-input\":{\"@type\":\"PropertyValueSpecification\",\"valueRequired\":true,\"valueName\":\"search_term_string\"}}],\"inLanguage\":\"fr-FR\"},{\"@type\":\"Organization\",\"@id\":\"https:\\\/\\\/schweizversand.ch\\\/fr\\\/#organization\",\"name\":\"Schweizversand.ch\",\"url\":\"https:\\\/\\\/schweizversand.ch\\\/fr\\\/\",\"logo\":{\"@type\":\"ImageObject\",\"inLanguage\":\"fr-FR\",\"@id\":\"https:\\\/\\\/schweizversand.ch\\\/fr\\\/#\\\/schema\\\/logo\\\/image\\\/\",\"url\":\"https:\\\/\\\/schweizversand.ch\\\/wp-content\\\/uploads\\\/2026\\\/03\\\/Logo_Rund_Final-1.png\",\"contentUrl\":\"https:\\\/\\\/schweizversand.ch\\\/wp-content\\\/uploads\\\/2026\\\/03\\\/Logo_Rund_Final-1.png\",\"width\":404,\"height\":404,\"caption\":\"Schweizversand.ch\"},\"image\":{\"@id\":\"https:\\\/\\\/schweizversand.ch\\\/fr\\\/#\\\/schema\\\/logo\\\/image\\\/\"},\"sameAs\":[\"https:\\\/\\\/www.facebook.com\\\/Schweizversand\",\"https:\\\/\\\/www.instagram.com\\\/schweizversand.ch\\\/\"]}]}<\/script>\n<!-- \/ Yoast SEO plugin. -->","yoast_head_json":{"title":"ON Damen Schuh Cloudultra 2 | Jetzt kaufen | Schweizversand.ch","description":"ON Damen Schuh Cloudultra 2 g\u00fcnstig kaufen bei Schweizversand.ch. Schnelle Lieferung in der Schweiz. Gratisversand ab CHF 50.","robots":{"index":"index","follow":"follow","max-snippet":"max-snippet:-1","max-image-preview":"max-image-preview:large","max-video-preview":"max-video-preview:-1"},"canonical":"https:\/\/schweizversand.ch\/fr\/produkt\/on-damen-schuh-cloudultra-2-7\/","og_locale":"fr_FR","og_type":"article","og_title":"ON Damen Schuh Cloudultra 2 | Jetzt kaufen | Schweizversand.ch","og_description":"ON Damen Schuh Cloudultra 2 g\u00fcnstig kaufen bei Schweizversand.ch. Schnelle Lieferung in der Schweiz. Gratisversand ab CHF 50.","og_url":"https:\/\/schweizversand.ch\/fr\/produkt\/on-damen-schuh-cloudultra-2-7\/","og_site_name":"Schweizer Shop f\u00fcr Sport, Spiel und Freizeit","article_publisher":"https:\/\/www.facebook.com\/Schweizversand","article_modified_time":"2026-04-22T13:34:22+00:00","og_image":[{"width":1024,"height":1024,"url":"https:\/\/schweizversand.ch\/wp-content\/uploads\/2026\/02\/5471967260.jpg","type":"image\/jpeg"}],"twitter_card":"summary_large_image","twitter_misc":{"Dur\u00e9e de lecture estim\u00e9e":"2 minutes"},"schema":{"@context":"https:\/\/schema.org","@graph":[{"@type":"WebPage","@id":"https:\/\/schweizversand.ch\/fr\/produkt\/on-damen-schuh-cloudultra-2-7\/","url":"https:\/\/schweizversand.ch\/fr\/produkt\/on-damen-schuh-cloudultra-2-7\/","name":"ON Damen Schuh Cloudultra 2 | Jetzt kaufen | Schweizversand.ch","isPartOf":{"@id":"https:\/\/schweizversand.ch\/fr\/#website"},"primaryImageOfPage":{"@id":"https:\/\/schweizversand.ch\/fr\/produkt\/on-damen-schuh-cloudultra-2-7\/#primaryimage"},"image":{"@id":"https:\/\/schweizversand.ch\/fr\/produkt\/on-damen-schuh-cloudultra-2-7\/#primaryimage"},"thumbnailUrl":"https:\/\/schweizversand.ch\/wp-content\/uploads\/2026\/02\/5471967260.jpg","datePublished":"2026-03-14T23:55:12+00:00","dateModified":"2026-04-22T13:34:22+00:00","description":"ON Damen Schuh Cloudultra 2 g\u00fcnstig kaufen bei Schweizversand.ch. Schnelle Lieferung in der Schweiz. Gratisversand ab CHF 50.","breadcrumb":{"@id":"https:\/\/schweizversand.ch\/fr\/produkt\/on-damen-schuh-cloudultra-2-7\/#breadcrumb"},"inLanguage":"fr-FR","potentialAction":[{"@type":"ReadAction","target":["https:\/\/schweizversand.ch\/fr\/produkt\/on-damen-schuh-cloudultra-2-7\/"]}]},{"@type":"ImageObject","inLanguage":"fr-FR","@id":"https:\/\/schweizversand.ch\/fr\/produkt\/on-damen-schuh-cloudultra-2-7\/#primaryimage","url":"https:\/\/schweizversand.ch\/wp-content\/uploads\/2026\/02\/5471967260.jpg","contentUrl":"https:\/\/schweizversand.ch\/wp-content\/uploads\/2026\/02\/5471967260.jpg","width":1024,"height":1024},{"@type":"BreadcrumbList","@id":"https:\/\/schweizversand.ch\/fr\/produkt\/on-damen-schuh-cloudultra-2-7\/#breadcrumb","itemListElement":[{"@type":"ListItem","position":1,"name":"Startseite","item":"https:\/\/schweizversand.ch\/fr\/home\/"},{"@type":"ListItem","position":2,"name":"Boutique","item":"https:\/\/schweizversand.ch\/fr\/boutique\/"},{"@type":"ListItem","position":3,"name":"Mode","item":"https:\/\/schweizversand.ch\/fr\/produkt-kategorie\/mode-fr\/"},{"@type":"ListItem","position":4,"name":"Mode f\u00e9minine","item":"https:\/\/schweizversand.ch\/fr\/produkt-kategorie\/mode\/mode-feminine\/"},{"@type":"ListItem","position":5,"name":"Chaussures pour femmes","item":"https:\/\/schweizversand.ch\/fr\/produkt-kategorie\/mode\/mode-feminine\/chaussures-pour-femmes\/"},{"@type":"ListItem","position":6,"name":"Chaussure pour femme ON Cloudultra 2"}]},{"@type":"WebSite","@id":"https:\/\/schweizversand.ch\/fr\/#website","url":"https:\/\/schweizversand.ch\/fr\/","name":"Schweizer Shop f\u00fcr Sport, Spiel und Freizeit","description":"Gratisversand ab 50.- (netto), ab eigenem schweizer Lager, Lieferung innert 48h","publisher":{"@id":"https:\/\/schweizversand.ch\/fr\/#organization"},"alternateName":"Schweizversand.ch","potentialAction":[{"@type":"SearchAction","target":{"@type":"EntryPoint","urlTemplate":"https:\/\/schweizversand.ch\/fr\/?s={search_term_string}"},"query-input":{"@type":"PropertyValueSpecification","valueRequired":true,"valueName":"search_term_string"}}],"inLanguage":"fr-FR"},{"@type":"Organization","@id":"https:\/\/schweizversand.ch\/fr\/#organization","name":"Schweizversand.ch","url":"https:\/\/schweizversand.ch\/fr\/","logo":{"@type":"ImageObject","inLanguage":"fr-FR","@id":"https:\/\/schweizversand.ch\/fr\/#\/schema\/logo\/image\/","url":"https:\/\/schweizversand.ch\/wp-content\/uploads\/2026\/03\/Logo_Rund_Final-1.png","contentUrl":"https:\/\/schweizversand.ch\/wp-content\/uploads\/2026\/03\/Logo_Rund_Final-1.png","width":404,"height":404,"caption":"Schweizversand.ch"},"image":{"@id":"https:\/\/schweizversand.ch\/fr\/#\/schema\/logo\/image\/"},"sameAs":["https:\/\/www.facebook.com\/Schweizversand","https:\/\/www.instagram.com\/schweizversand.ch\/"]}]}},"jetpack_sharing_enabled":true,"_links":{"self":[{"href":"https:\/\/schweizversand.ch\/fr\/wp-json\/wp\/v2\/product\/252302","targetHints":{"allow":["GET"]}}],"collection":[{"href":"https:\/\/schweizversand.ch\/fr\/wp-json\/wp\/v2\/product"}],"about":[{"href":"https:\/\/schweizversand.ch\/fr\/wp-json\/wp\/v2\/types\/product"}],"replies":[{"embeddable":true,"href":"https:\/\/schweizversand.ch\/fr\/wp-json\/wp\/v2\/comments?post=252302"}],"wp:featuredmedia":[{"embeddable":true,"href":"https:\/\/schweizversand.ch\/fr\/wp-json\/wp\/v2\/media\/160007"}],"wp:attachment":[{"href":"https:\/\/schweizversand.ch\/fr\/wp-json\/wp\/v2\/media?parent=252302"}],"wp:term":[{"taxonomy":"product_brand","embeddable":true,"href":"https:\/\/schweizversand.ch\/fr\/wp-json\/wp\/v2\/product_brand?post=252302"},{"taxonomy":"product_cat","embeddable":true,"href":"https:\/\/schweizversand.ch\/fr\/wp-json\/wp\/v2\/product_cat?post=252302"},{"taxonomy":"product_tag","embeddable":true,"href":"https:\/\/schweizversand.ch\/fr\/wp-json\/wp\/v2\/product_tag?post=252302"}],"curies":[{"name":"wp","href":"https:\/\/api.w.org\/{rel}","templated":true}]}}