{"id":252305,"date":"2026-03-15T00:55:15","date_gmt":"2026-03-14T23:55:15","guid":{"rendered":"https:\/\/schweizversand.ch\/produkt\/on-damen-schuh-cloudsurfer-waterproof-9\/"},"modified":"2026-04-22T15:34:23","modified_gmt":"2026-04-22T13:34:23","slug":"on-damen-schuh-cloudsurfer-waterproof-9","status":"publish","type":"product","link":"https:\/\/schweizversand.ch\/fr\/produkt\/on-damen-schuh-cloudsurfer-waterproof-9\/","title":{"rendered":"Chaussure imperm\u00e9able ON Cloudsurfer pour femmes"},"content":{"rendered":"<p>On Cloudsurfer Waterproof Femme \u2013 Chaussures de trail imperm\u00e9ables pour toutes vos aventures<\/p>\n<\/p>\n<p>Plus d&rsquo;amorti. Plus d&rsquo;adh\u00e9rence. Plus de libert\u00e9 sur les sentiers.<\/p>\n<\/p>\n<p>Les chaussures de trail imperm\u00e9ables On Cloudsurfer pour femme \u2013 Noir | Eclipse sont le choix id\u00e9al pour celles et ceux qui recherchent des chaussures fiables m\u00eame sous la pluie et sur terrain humide. Con\u00e7ues pour les terrains mod\u00e9r\u00e9s, ces chaussures allient technologies innovantes et confort maximal pour une foul\u00e9e naturelle et fluide, quelles que soient les conditions m\u00e9t\u00e9orologiques.<\/p>\n<\/p>\n<p>Id\u00e9ales pour le trail par tous les temps<\/p>\n<\/p>\n<p>La membrane imperm\u00e9able prot\u00e8ge efficacement vos pieds de l&rsquo;humidit\u00e9, que ce soit sous une pluie battante, sur des chemins forestiers boueux ou dans les flaques d&rsquo;eau. Vous restez ainsi au sec, concentr\u00e9e et pr\u00eate \u00e0 encha\u00eener les foul\u00e9es.<\/p>\n<\/p>\n<p>CloudTec Phase\u00ae \u2013 Pour des foul\u00e9es souples et performantes<\/p>\n<\/p>\n<p>Gr\u00e2ce \u00e0 la semelle interm\u00e9diaire CloudTec Phase\u00ae, d\u00e9velopp\u00e9e \u00e0 l&rsquo;aide d&rsquo;une analyse par \u00e9l\u00e9ments finis de pointe, vous b\u00e9n\u00e9ficierez d&rsquo;un transfert de poids exceptionnellement fluide et d&rsquo;une foul\u00e9e plus naturelle \u00e0 chaque course.<\/p>\n<\/p>\n<p>Adh\u00e9rence antid\u00e9rapante gr\u00e2ce \u00e0 Missiongrip\u2122<\/p>\n<\/p>\n<p>La semelle ext\u00e9rieure robuste en caoutchouc Missiongrip\u2122 offre une adh\u00e9rence optimale sur les sentiers secs et humides. Son profil polyvalent assure une traction maximale, m\u00eame sur les surfaces glissantes.<\/p>\n<\/p>\n<p>Confort et respect de l&rsquo;environnement r\u00e9unis<\/p>\n<\/p>\n<p>Profitez d&rsquo;un confort maximal gr\u00e2ce \u00e0 la mousse Helion\u2122 absorbant les chocs, au talon rembourr\u00e9 et \u00e0 la tige en mesh respirant. De plus, la chaussure contient moins de TPU, ce qui la rend plus \u00e9cologique.<\/p>\n<\/p>\n<p>Pourquoi vous allez adorer les chaussures de trail imperm\u00e9ables On Cloudsurfer Trail pour femmes\u00a0:<\/p>\n<\/p>\n<p>\u2022 Chaussures de trail imperm\u00e9ables pour femmes \u2013 id\u00e9ales par tous les temps<\/p>\n<\/p>\n<p>\u2022 Sensation de course fluide gr\u00e2ce \u00e0 la technologie CloudTec Phase\u00ae<\/p>\n<\/p>\n<p>\u2022 Adh\u00e9rence antid\u00e9rapante gr\u00e2ce \u00e0 la semelle ext\u00e9rieure Missiongrip\u2122<\/p>\n<\/p>\n<p>\u2022 L\u00e9g\u00e8res, stables et respectueuses de l&rsquo;environnement<\/p>\n<\/p>\n<p>\u2022 Aucun caillou coinc\u00e9 \u2013 la semelle ext\u00e9rieure intelligente emp\u00eache les petits cailloux de se loger dans la chaussure<\/p>\n","protected":false},"excerpt":{"rendered":"<p>On Cloudsurfer Waterproof Femme \u2013 Chaussures de trail imperm\u00e9ables pour toutes vos aventures Plus d&rsquo;amorti. Plus d&rsquo;adh\u00e9rence. Plus de libert\u00e9 sur les sentiers. Les chaussures de trail imperm\u00e9ables On Cloudsurfer pour femme \u2013 Noir | Eclipse sont le choix id\u00e9al pour celles et ceux qui recherchent des chaussures fiables m\u00eame sous la pluie et sur terrain humide. Con\u00e7ues pour les terrains mod\u00e9r\u00e9s, ces chaussures allient technologies innovantes et confort maximal pour une foul\u00e9e naturelle et&hellip;<\/p>\n","protected":false},"featured_media":160133,"comment_status":"open","ping_status":"closed","template":"","meta":[],"product_brand":[],"product_cat":[38104,38108],"product_tag":[],"class_list":{"0":"post-252305","1":"product","2":"type-product","3":"status-publish","4":"has-post-thumbnail","6":"product_cat-damenschuhe","7":"product_cat-chaussures-pour-femmes","8":"product_shipping_class-global_methods","10":"first","11":"instock","12":"taxable","13":"shipping-taxable","14":"purchasable","15":"product-type-simple"},"yoast_head":"<!-- This site is optimized with the Yoast SEO plugin v27.4 - https:\/\/yoast.com\/product\/yoast-seo-wordpress\/ -->\n<title>ON Damen Schuh Cloudsurfer Waterproof | Jetzt kaufen | Schweizversand.ch<\/title>\n<meta name=\"description\" content=\"ON Damen Schuh Cloudsurfer Waterproof g\u00fcnstig kaufen bei Schweizversand.ch. Schnelle Lieferung in der Schweiz. Gratisversand ab CHF 50.\" \/>\n<meta name=\"robots\" content=\"index, follow, max-snippet:-1, max-image-preview:large, max-video-preview:-1\" \/>\n<link rel=\"canonical\" href=\"https:\/\/schweizversand.ch\/fr\/produkt\/on-damen-schuh-cloudsurfer-waterproof-9\/\" \/>\n<meta property=\"og:locale\" content=\"fr_FR\" \/>\n<meta property=\"og:type\" content=\"article\" \/>\n<meta property=\"og:title\" content=\"ON Damen Schuh Cloudsurfer Waterproof | Jetzt kaufen | Schweizversand.ch\" \/>\n<meta property=\"og:description\" content=\"ON Damen Schuh Cloudsurfer Waterproof g\u00fcnstig kaufen bei Schweizversand.ch. Schnelle Lieferung in der Schweiz. Gratisversand ab CHF 50.\" \/>\n<meta property=\"og:url\" content=\"https:\/\/schweizversand.ch\/fr\/produkt\/on-damen-schuh-cloudsurfer-waterproof-9\/\" \/>\n<meta property=\"og:site_name\" content=\"Schweizer Shop f\u00fcr Sport, Spiel und Freizeit\" \/>\n<meta property=\"article:publisher\" content=\"https:\/\/www.facebook.com\/Schweizversand\" \/>\n<meta property=\"article:modified_time\" content=\"2026-04-22T13:34:23+00:00\" \/>\n<meta property=\"og:image\" content=\"https:\/\/schweizversand.ch\/wp-content\/uploads\/2026\/02\/5471953043.jpg\" \/>\n\t<meta property=\"og:image:width\" content=\"1024\" \/>\n\t<meta property=\"og:image:height\" content=\"1024\" \/>\n\t<meta property=\"og:image:type\" content=\"image\/jpeg\" \/>\n<meta name=\"twitter:card\" content=\"summary_large_image\" \/>\n<meta name=\"twitter:label1\" content=\"Dur\u00e9e de lecture estim\u00e9e\" \/>\n\t<meta name=\"twitter:data1\" content=\"2 minutes\" \/>\n<script type=\"application\/ld+json\" class=\"yoast-schema-graph\">{\"@context\":\"https:\\\/\\\/schema.org\",\"@graph\":[{\"@type\":\"WebPage\",\"@id\":\"https:\\\/\\\/schweizversand.ch\\\/fr\\\/produkt\\\/on-damen-schuh-cloudsurfer-waterproof-9\\\/\",\"url\":\"https:\\\/\\\/schweizversand.ch\\\/fr\\\/produkt\\\/on-damen-schuh-cloudsurfer-waterproof-9\\\/\",\"name\":\"ON Damen Schuh Cloudsurfer Waterproof | Jetzt kaufen | Schweizversand.ch\",\"isPartOf\":{\"@id\":\"https:\\\/\\\/schweizversand.ch\\\/fr\\\/#website\"},\"primaryImageOfPage\":{\"@id\":\"https:\\\/\\\/schweizversand.ch\\\/fr\\\/produkt\\\/on-damen-schuh-cloudsurfer-waterproof-9\\\/#primaryimage\"},\"image\":{\"@id\":\"https:\\\/\\\/schweizversand.ch\\\/fr\\\/produkt\\\/on-damen-schuh-cloudsurfer-waterproof-9\\\/#primaryimage\"},\"thumbnailUrl\":\"https:\\\/\\\/schweizversand.ch\\\/wp-content\\\/uploads\\\/2026\\\/02\\\/5471953043.jpg\",\"datePublished\":\"2026-03-14T23:55:15+00:00\",\"dateModified\":\"2026-04-22T13:34:23+00:00\",\"description\":\"ON Damen Schuh Cloudsurfer Waterproof g\u00fcnstig kaufen bei Schweizversand.ch. Schnelle Lieferung in der Schweiz. Gratisversand ab CHF 50.\",\"breadcrumb\":{\"@id\":\"https:\\\/\\\/schweizversand.ch\\\/fr\\\/produkt\\\/on-damen-schuh-cloudsurfer-waterproof-9\\\/#breadcrumb\"},\"inLanguage\":\"fr-FR\",\"potentialAction\":[{\"@type\":\"ReadAction\",\"target\":[\"https:\\\/\\\/schweizversand.ch\\\/fr\\\/produkt\\\/on-damen-schuh-cloudsurfer-waterproof-9\\\/\"]}]},{\"@type\":\"ImageObject\",\"inLanguage\":\"fr-FR\",\"@id\":\"https:\\\/\\\/schweizversand.ch\\\/fr\\\/produkt\\\/on-damen-schuh-cloudsurfer-waterproof-9\\\/#primaryimage\",\"url\":\"https:\\\/\\\/schweizversand.ch\\\/wp-content\\\/uploads\\\/2026\\\/02\\\/5471953043.jpg\",\"contentUrl\":\"https:\\\/\\\/schweizversand.ch\\\/wp-content\\\/uploads\\\/2026\\\/02\\\/5471953043.jpg\",\"width\":1024,\"height\":1024},{\"@type\":\"BreadcrumbList\",\"@id\":\"https:\\\/\\\/schweizversand.ch\\\/fr\\\/produkt\\\/on-damen-schuh-cloudsurfer-waterproof-9\\\/#breadcrumb\",\"itemListElement\":[{\"@type\":\"ListItem\",\"position\":1,\"name\":\"Startseite\",\"item\":\"https:\\\/\\\/schweizversand.ch\\\/fr\\\/home\\\/\"},{\"@type\":\"ListItem\",\"position\":2,\"name\":\"Boutique\",\"item\":\"https:\\\/\\\/schweizversand.ch\\\/fr\\\/boutique\\\/\"},{\"@type\":\"ListItem\",\"position\":3,\"name\":\"Mode\",\"item\":\"https:\\\/\\\/schweizversand.ch\\\/fr\\\/produkt-kategorie\\\/mode-fr\\\/\"},{\"@type\":\"ListItem\",\"position\":4,\"name\":\"Mode f\u00e9minine\",\"item\":\"https:\\\/\\\/schweizversand.ch\\\/fr\\\/produkt-kategorie\\\/mode\\\/mode-feminine\\\/\"},{\"@type\":\"ListItem\",\"position\":5,\"name\":\"Chaussures pour femmes\",\"item\":\"https:\\\/\\\/schweizversand.ch\\\/fr\\\/produkt-kategorie\\\/mode\\\/mode-feminine\\\/chaussures-pour-femmes\\\/\"},{\"@type\":\"ListItem\",\"position\":6,\"name\":\"Chaussure imperm\u00e9able ON Cloudsurfer pour femmes\"}]},{\"@type\":\"WebSite\",\"@id\":\"https:\\\/\\\/schweizversand.ch\\\/fr\\\/#website\",\"url\":\"https:\\\/\\\/schweizversand.ch\\\/fr\\\/\",\"name\":\"Schweizer Shop f\u00fcr Sport, Spiel und Freizeit\",\"description\":\"Gratisversand ab 50.- (netto), ab eigenem schweizer Lager, Lieferung innert 48h\",\"publisher\":{\"@id\":\"https:\\\/\\\/schweizversand.ch\\\/fr\\\/#organization\"},\"alternateName\":\"Schweizversand.ch\",\"potentialAction\":[{\"@type\":\"SearchAction\",\"target\":{\"@type\":\"EntryPoint\",\"urlTemplate\":\"https:\\\/\\\/schweizversand.ch\\\/fr\\\/?s={search_term_string}\"},\"query-input\":{\"@type\":\"PropertyValueSpecification\",\"valueRequired\":true,\"valueName\":\"search_term_string\"}}],\"inLanguage\":\"fr-FR\"},{\"@type\":\"Organization\",\"@id\":\"https:\\\/\\\/schweizversand.ch\\\/fr\\\/#organization\",\"name\":\"Schweizversand.ch\",\"url\":\"https:\\\/\\\/schweizversand.ch\\\/fr\\\/\",\"logo\":{\"@type\":\"ImageObject\",\"inLanguage\":\"fr-FR\",\"@id\":\"https:\\\/\\\/schweizversand.ch\\\/fr\\\/#\\\/schema\\\/logo\\\/image\\\/\",\"url\":\"https:\\\/\\\/schweizversand.ch\\\/wp-content\\\/uploads\\\/2026\\\/03\\\/Logo_Rund_Final-1.png\",\"contentUrl\":\"https:\\\/\\\/schweizversand.ch\\\/wp-content\\\/uploads\\\/2026\\\/03\\\/Logo_Rund_Final-1.png\",\"width\":404,\"height\":404,\"caption\":\"Schweizversand.ch\"},\"image\":{\"@id\":\"https:\\\/\\\/schweizversand.ch\\\/fr\\\/#\\\/schema\\\/logo\\\/image\\\/\"},\"sameAs\":[\"https:\\\/\\\/www.facebook.com\\\/Schweizversand\",\"https:\\\/\\\/www.instagram.com\\\/schweizversand.ch\\\/\"]}]}<\/script>\n<!-- \/ Yoast SEO plugin. -->","yoast_head_json":{"title":"ON Damen Schuh Cloudsurfer Waterproof | Jetzt kaufen | Schweizversand.ch","description":"ON Damen Schuh Cloudsurfer Waterproof g\u00fcnstig kaufen bei Schweizversand.ch. Schnelle Lieferung in der Schweiz. Gratisversand ab CHF 50.","robots":{"index":"index","follow":"follow","max-snippet":"max-snippet:-1","max-image-preview":"max-image-preview:large","max-video-preview":"max-video-preview:-1"},"canonical":"https:\/\/schweizversand.ch\/fr\/produkt\/on-damen-schuh-cloudsurfer-waterproof-9\/","og_locale":"fr_FR","og_type":"article","og_title":"ON Damen Schuh Cloudsurfer Waterproof | Jetzt kaufen | Schweizversand.ch","og_description":"ON Damen Schuh Cloudsurfer Waterproof g\u00fcnstig kaufen bei Schweizversand.ch. Schnelle Lieferung in der Schweiz. Gratisversand ab CHF 50.","og_url":"https:\/\/schweizversand.ch\/fr\/produkt\/on-damen-schuh-cloudsurfer-waterproof-9\/","og_site_name":"Schweizer Shop f\u00fcr Sport, Spiel und Freizeit","article_publisher":"https:\/\/www.facebook.com\/Schweizversand","article_modified_time":"2026-04-22T13:34:23+00:00","og_image":[{"width":1024,"height":1024,"url":"https:\/\/schweizversand.ch\/wp-content\/uploads\/2026\/02\/5471953043.jpg","type":"image\/jpeg"}],"twitter_card":"summary_large_image","twitter_misc":{"Dur\u00e9e de lecture estim\u00e9e":"2 minutes"},"schema":{"@context":"https:\/\/schema.org","@graph":[{"@type":"WebPage","@id":"https:\/\/schweizversand.ch\/fr\/produkt\/on-damen-schuh-cloudsurfer-waterproof-9\/","url":"https:\/\/schweizversand.ch\/fr\/produkt\/on-damen-schuh-cloudsurfer-waterproof-9\/","name":"ON Damen Schuh Cloudsurfer Waterproof | Jetzt kaufen | Schweizversand.ch","isPartOf":{"@id":"https:\/\/schweizversand.ch\/fr\/#website"},"primaryImageOfPage":{"@id":"https:\/\/schweizversand.ch\/fr\/produkt\/on-damen-schuh-cloudsurfer-waterproof-9\/#primaryimage"},"image":{"@id":"https:\/\/schweizversand.ch\/fr\/produkt\/on-damen-schuh-cloudsurfer-waterproof-9\/#primaryimage"},"thumbnailUrl":"https:\/\/schweizversand.ch\/wp-content\/uploads\/2026\/02\/5471953043.jpg","datePublished":"2026-03-14T23:55:15+00:00","dateModified":"2026-04-22T13:34:23+00:00","description":"ON Damen Schuh Cloudsurfer Waterproof g\u00fcnstig kaufen bei Schweizversand.ch. Schnelle Lieferung in der Schweiz. Gratisversand ab CHF 50.","breadcrumb":{"@id":"https:\/\/schweizversand.ch\/fr\/produkt\/on-damen-schuh-cloudsurfer-waterproof-9\/#breadcrumb"},"inLanguage":"fr-FR","potentialAction":[{"@type":"ReadAction","target":["https:\/\/schweizversand.ch\/fr\/produkt\/on-damen-schuh-cloudsurfer-waterproof-9\/"]}]},{"@type":"ImageObject","inLanguage":"fr-FR","@id":"https:\/\/schweizversand.ch\/fr\/produkt\/on-damen-schuh-cloudsurfer-waterproof-9\/#primaryimage","url":"https:\/\/schweizversand.ch\/wp-content\/uploads\/2026\/02\/5471953043.jpg","contentUrl":"https:\/\/schweizversand.ch\/wp-content\/uploads\/2026\/02\/5471953043.jpg","width":1024,"height":1024},{"@type":"BreadcrumbList","@id":"https:\/\/schweizversand.ch\/fr\/produkt\/on-damen-schuh-cloudsurfer-waterproof-9\/#breadcrumb","itemListElement":[{"@type":"ListItem","position":1,"name":"Startseite","item":"https:\/\/schweizversand.ch\/fr\/home\/"},{"@type":"ListItem","position":2,"name":"Boutique","item":"https:\/\/schweizversand.ch\/fr\/boutique\/"},{"@type":"ListItem","position":3,"name":"Mode","item":"https:\/\/schweizversand.ch\/fr\/produkt-kategorie\/mode-fr\/"},{"@type":"ListItem","position":4,"name":"Mode f\u00e9minine","item":"https:\/\/schweizversand.ch\/fr\/produkt-kategorie\/mode\/mode-feminine\/"},{"@type":"ListItem","position":5,"name":"Chaussures pour femmes","item":"https:\/\/schweizversand.ch\/fr\/produkt-kategorie\/mode\/mode-feminine\/chaussures-pour-femmes\/"},{"@type":"ListItem","position":6,"name":"Chaussure imperm\u00e9able ON Cloudsurfer pour femmes"}]},{"@type":"WebSite","@id":"https:\/\/schweizversand.ch\/fr\/#website","url":"https:\/\/schweizversand.ch\/fr\/","name":"Schweizer Shop f\u00fcr Sport, Spiel und Freizeit","description":"Gratisversand ab 50.- (netto), ab eigenem schweizer Lager, Lieferung innert 48h","publisher":{"@id":"https:\/\/schweizversand.ch\/fr\/#organization"},"alternateName":"Schweizversand.ch","potentialAction":[{"@type":"SearchAction","target":{"@type":"EntryPoint","urlTemplate":"https:\/\/schweizversand.ch\/fr\/?s={search_term_string}"},"query-input":{"@type":"PropertyValueSpecification","valueRequired":true,"valueName":"search_term_string"}}],"inLanguage":"fr-FR"},{"@type":"Organization","@id":"https:\/\/schweizversand.ch\/fr\/#organization","name":"Schweizversand.ch","url":"https:\/\/schweizversand.ch\/fr\/","logo":{"@type":"ImageObject","inLanguage":"fr-FR","@id":"https:\/\/schweizversand.ch\/fr\/#\/schema\/logo\/image\/","url":"https:\/\/schweizversand.ch\/wp-content\/uploads\/2026\/03\/Logo_Rund_Final-1.png","contentUrl":"https:\/\/schweizversand.ch\/wp-content\/uploads\/2026\/03\/Logo_Rund_Final-1.png","width":404,"height":404,"caption":"Schweizversand.ch"},"image":{"@id":"https:\/\/schweizversand.ch\/fr\/#\/schema\/logo\/image\/"},"sameAs":["https:\/\/www.facebook.com\/Schweizversand","https:\/\/www.instagram.com\/schweizversand.ch\/"]}]}},"jetpack_sharing_enabled":true,"_links":{"self":[{"href":"https:\/\/schweizversand.ch\/fr\/wp-json\/wp\/v2\/product\/252305","targetHints":{"allow":["GET"]}}],"collection":[{"href":"https:\/\/schweizversand.ch\/fr\/wp-json\/wp\/v2\/product"}],"about":[{"href":"https:\/\/schweizversand.ch\/fr\/wp-json\/wp\/v2\/types\/product"}],"replies":[{"embeddable":true,"href":"https:\/\/schweizversand.ch\/fr\/wp-json\/wp\/v2\/comments?post=252305"}],"wp:featuredmedia":[{"embeddable":true,"href":"https:\/\/schweizversand.ch\/fr\/wp-json\/wp\/v2\/media\/160133"}],"wp:attachment":[{"href":"https:\/\/schweizversand.ch\/fr\/wp-json\/wp\/v2\/media?parent=252305"}],"wp:term":[{"taxonomy":"product_brand","embeddable":true,"href":"https:\/\/schweizversand.ch\/fr\/wp-json\/wp\/v2\/product_brand?post=252305"},{"taxonomy":"product_cat","embeddable":true,"href":"https:\/\/schweizversand.ch\/fr\/wp-json\/wp\/v2\/product_cat?post=252305"},{"taxonomy":"product_tag","embeddable":true,"href":"https:\/\/schweizversand.ch\/fr\/wp-json\/wp\/v2\/product_tag?post=252305"}],"curies":[{"name":"wp","href":"https:\/\/api.w.org\/{rel}","templated":true}]}}